{"id":4946,"date":"2022-02-20T18:08:57","date_gmt":"2022-02-20T18:08:57","guid":{"rendered":"https:\/\/medicinasinc.com\/hr\/?post_type=product&#038;p=4946"},"modified":"2022-03-15T05:56:48","modified_gmt":"2022-03-15T05:56:48","slug":"kupi-gorilu-keks-marihuanu","status":"publish","type":"product","link":"https:\/\/medicinasinc.com\/hr\/product\/kupi-gorilu-keks-marihuanu\/","title":{"rendered":"Kupite Marihuanu Gorilla Biscuit"},"content":{"rendered":"<h1><\/h1>\n<p>Online kupnja soja Marihuane Gorilla Biscuit.<\/p>\n<p>Online kupnja soja Marihuane Gorilla Biscuit.<\/p>\n<p>Marihuana iz gorilla keksa je Indica. Dominantni hibrid &#8211; 60% Indica \/ 40% Sativa Sadr\u017eaj THC-a u sativi: 15% \u2013 20%<\/p>\n<p>Uzbu\u0111enost, euforija, glad, opu\u0161tanje i pospanost<br \/> Mo\u017ee pomo\u0107i u lije\u010denju anoreksije, gr\u010deva Okusi , depresije, nesanice i stresa<br \/> Arome kave, limuna i bora<br \/> Zemljani, opor i za\u010dinjeni<\/p>\n<p>Gorilla biscuit by Seeds of Compassion je rezina koja dominira Indijom sa spoja Sensi Star&#8217;s terpentine i Stardawg IX fenotipova. Ova neobi\u010dna i prili\u010dno old-school mje\u0161avina je dobila ime po Methaqualone, \u010desto poznatom kao quaaludes, lijeku s umiruju\u0107im i egzoti\u010dnim u\u010dinkom na tijelo. Njegovi posjedi nastavljaju se na sli\u010dan smiruju\u0107i na\u010din, ostavljaju\u0107i privjeske te\u0161ke i labave. Gorilla Biscuit ima jak terpenski profil, s jakom aromom borovine i zrna kave.<\/p>\n<p>Gorilla Biscuits Sor: Pravi soj, Gorilla OG se postupno razvija i gradi do stanja zanosa koje traje za produ\u017eeni vremenski period. Nakon \u0161to njezine stvari potpuno zauzmu va\u0161e misli i tijelo, va\u0161a razmi\u0161ljanja mo\u017eda ne\u0107e biti tako jasna kao prije nekoliko sati. Najvidljiviji aspekt va\u0161eg iskustva bit \u0107e \u010dvrst dojam brave ljubavnog sjedala, \u0161to \u0107e ote\u017eati zadovoljavanje bilo kakvih podmuklih \u017evakanja. Na\u0161 je prijedlog napredovati izvan vremena s pometanjem, jastu\u010di\u0107em i velikom koli\u010dinom hrane koja se nalazi u dometu ruke. Ova neobi\u010dna i prili\u010dno old-school mje\u0161avina je dobila ime po Methaqualone, \u010desto poznatom kao quaaludes, lijeku s umiruju\u0107im i egzoti\u010dnim u\u010dinkom na tijelo. Njegovi posjedi nastavljaju se na sli\u010dan smiruju\u0107i na\u010din, ostavljaju\u0107i privjeske te\u0161ke i labave. Gorilla biscuit ima robustan terpenski profil, s jakom aromom borovine i kave.<\/p>\n","protected":false},"excerpt":{"rendered":"<p>Kupite Gorilla Biscuit Marihuana Strain online. S vi\u0161e od 15 godina iskustva u sektoru medicinske marihuane, mi smo kanadski lider u narud\u017ebi kanabisa po\u0161tom.<\/p>\n","protected":false},"featured_media":4960,"comment_status":"open","ping_status":"closed","template":"","meta":[],"product_brand":[],"product_cat":[778],"product_tag":[828,830,831,832,833,827,834,829],"class_list":{"0":"post-4946","1":"product","2":"type-product","3":"status-publish","4":"has-post-thumbnail","6":"product_cat-korov-za-prodaju","7":"product_tag-bizkitz-soj","8":"product_tag-ecto-cooler-strain","9":"product_tag-gorila-keksi-droga","10":"product_tag-gorila-keksi-mer","11":"product_tag-groe-hladnjak-procijediti","12":"product_tag-biskvit-procijediti","13":"product_tag-eer-keksi-procijediti","14":"product_tag-california-orange-soj","16":"first","17":"instock","18":"shipping-taxable","19":"purchasable","20":"product-type-variable","21":"has-default-attributes"},"yoast_head":"<!-- This site is optimized with the Yoast SEO plugin v27.3 - https:\/\/yoast.com\/product\/yoast-seo-wordpress\/ -->\n<title>Kupite Marihuanu Gorilla Biscuit - Najbolji najbolji svjetski lijekovi<\/title>\n<meta name=\"description\" content=\"Kupite Gorilla Biscuit Marihuana Strain za prodaju online. Lider u narud\u017ebi kanabisa po\u0161tom u Kanadi s vi\u0161e od 15 godina iskustva u industriji medicinske marihuane.\" \/>\n<meta name=\"robots\" content=\"index, follow, max-snippet:-1, max-image-preview:large, max-video-preview:-1\" \/>\n<link rel=\"canonical\" href=\"https:\/\/medicinasinc.com\/hr\/product\/kupi-gorilu-keks-marihuanu\/\" \/>\n<meta property=\"og:locale\" content=\"hr_HR\" \/>\n<meta property=\"og:type\" content=\"article\" \/>\n<meta property=\"og:title\" content=\"Kupite Marihuanu Gorilla Biscuit - Najbolji najbolji svjetski lijekovi\" \/>\n<meta property=\"og:description\" content=\"Kupite Gorilla Biscuit Marihuana Strain za prodaju online. Lider u narud\u017ebi kanabisa po\u0161tom u Kanadi s vi\u0161e od 15 godina iskustva u industriji medicinske marihuane.\" \/>\n<meta property=\"og:url\" content=\"https:\/\/medicinasinc.com\/hr\/product\/kupi-gorilu-keks-marihuanu\/\" \/>\n<meta property=\"og:site_name\" content=\"Medicinas Inc\" \/>\n<meta property=\"article:modified_time\" content=\"2022-03-15T05:56:48+00:00\" \/>\n<meta property=\"og:image\" content=\"https:\/\/medicinasinc.com\/hr\/wp-content\/uploads\/sites\/3\/2022\/02\/Buy-Gorilla-Biscuit-Marijuana.jpg\" \/>\n\t<meta property=\"og:image:width\" content=\"420\" \/>\n\t<meta property=\"og:image:height\" content=\"630\" \/>\n\t<meta property=\"og:image:type\" content=\"image\/jpeg\" \/>\n<meta name=\"twitter:card\" content=\"summary_large_image\" \/>\n<meta name=\"twitter:label1\" content=\"Procijenjeno vrijeme \u010ditanja\" \/>\n\t<meta name=\"twitter:data1\" content=\"2 minute\" \/>\n<script type=\"application\/ld+json\" class=\"yoast-schema-graph\">{\"@context\":\"https:\\\/\\\/schema.org\",\"@graph\":[{\"@type\":\"WebPage\",\"@id\":\"https:\\\/\\\/medicinasinc.com\\\/hr\\\/product\\\/kupi-gorilu-keks-marihuanu\\\/\",\"url\":\"https:\\\/\\\/medicinasinc.com\\\/hr\\\/product\\\/kupi-gorilu-keks-marihuanu\\\/\",\"name\":\"Kupite Marihuanu Gorilla Biscuit - Najbolji najbolji svjetski lijekovi\",\"isPartOf\":{\"@id\":\"https:\\\/\\\/medicinasinc.com\\\/hr\\\/#website\"},\"primaryImageOfPage\":{\"@id\":\"https:\\\/\\\/medicinasinc.com\\\/hr\\\/product\\\/kupi-gorilu-keks-marihuanu\\\/#primaryimage\"},\"image\":{\"@id\":\"https:\\\/\\\/medicinasinc.com\\\/hr\\\/product\\\/kupi-gorilu-keks-marihuanu\\\/#primaryimage\"},\"thumbnailUrl\":\"https:\\\/\\\/medicinasinc.com\\\/hr\\\/wp-content\\\/uploads\\\/sites\\\/3\\\/2022\\\/02\\\/Buy-Gorilla-Biscuit-Marijuana.jpg\",\"datePublished\":\"2022-02-20T18:08:57+00:00\",\"dateModified\":\"2022-03-15T05:56:48+00:00\",\"description\":\"Kupite Gorilla Biscuit Marihuana Strain za prodaju online. Lider u narud\u017ebi kanabisa po\u0161tom u Kanadi s vi\u0161e od 15 godina iskustva u industriji medicinske marihuane.\",\"breadcrumb\":{\"@id\":\"https:\\\/\\\/medicinasinc.com\\\/hr\\\/product\\\/kupi-gorilu-keks-marihuanu\\\/#breadcrumb\"},\"inLanguage\":\"hr\",\"potentialAction\":[{\"@type\":\"ReadAction\",\"target\":[\"https:\\\/\\\/medicinasinc.com\\\/hr\\\/product\\\/kupi-gorilu-keks-marihuanu\\\/\"]}]},{\"@type\":\"ImageObject\",\"inLanguage\":\"hr\",\"@id\":\"https:\\\/\\\/medicinasinc.com\\\/hr\\\/product\\\/kupi-gorilu-keks-marihuanu\\\/#primaryimage\",\"url\":\"https:\\\/\\\/medicinasinc.com\\\/hr\\\/wp-content\\\/uploads\\\/sites\\\/3\\\/2022\\\/02\\\/Buy-Gorilla-Biscuit-Marijuana.jpg\",\"contentUrl\":\"https:\\\/\\\/medicinasinc.com\\\/hr\\\/wp-content\\\/uploads\\\/sites\\\/3\\\/2022\\\/02\\\/Buy-Gorilla-Biscuit-Marijuana.jpg\",\"width\":420,\"height\":630},{\"@type\":\"BreadcrumbList\",\"@id\":\"https:\\\/\\\/medicinasinc.com\\\/hr\\\/product\\\/kupi-gorilu-keks-marihuanu\\\/#breadcrumb\",\"itemListElement\":[{\"@type\":\"ListItem\",\"position\":1,\"name\":\"Du\u0107an\",\"item\":\"https:\\\/\\\/medicinasinc.com\\\/hr\\\/ducan\\\/\"},{\"@type\":\"ListItem\",\"position\":2,\"name\":\"Kupite Marihuanu Gorilla Biscuit\"}]},{\"@type\":\"WebSite\",\"@id\":\"https:\\\/\\\/medicinasinc.com\\\/hr\\\/#website\",\"url\":\"https:\\\/\\\/medicinasinc.com\\\/hr\\\/\",\"name\":\"Medicinas Inc\",\"description\":\"Health Medical Clinic\",\"potentialAction\":[{\"@type\":\"SearchAction\",\"target\":{\"@type\":\"EntryPoint\",\"urlTemplate\":\"https:\\\/\\\/medicinasinc.com\\\/hr\\\/?s={search_term_string}\"},\"query-input\":{\"@type\":\"PropertyValueSpecification\",\"valueRequired\":true,\"valueName\":\"search_term_string\"}}],\"inLanguage\":\"hr\"}]}<\/script>\n<!-- \/ Yoast SEO plugin. -->","yoast_head_json":{"title":"Kupite Marihuanu Gorilla Biscuit - Najbolji najbolji svjetski lijekovi","description":"Kupite Gorilla Biscuit Marihuana Strain za prodaju online. Lider u narud\u017ebi kanabisa po\u0161tom u Kanadi s vi\u0161e od 15 godina iskustva u industriji medicinske marihuane.","robots":{"index":"index","follow":"follow","max-snippet":"max-snippet:-1","max-image-preview":"max-image-preview:large","max-video-preview":"max-video-preview:-1"},"canonical":"https:\/\/medicinasinc.com\/hr\/product\/kupi-gorilu-keks-marihuanu\/","og_locale":"hr_HR","og_type":"article","og_title":"Kupite Marihuanu Gorilla Biscuit - Najbolji najbolji svjetski lijekovi","og_description":"Kupite Gorilla Biscuit Marihuana Strain za prodaju online. Lider u narud\u017ebi kanabisa po\u0161tom u Kanadi s vi\u0161e od 15 godina iskustva u industriji medicinske marihuane.","og_url":"https:\/\/medicinasinc.com\/hr\/product\/kupi-gorilu-keks-marihuanu\/","og_site_name":"Medicinas Inc","article_modified_time":"2022-03-15T05:56:48+00:00","og_image":[{"width":420,"height":630,"url":"https:\/\/medicinasinc.com\/hr\/wp-content\/uploads\/sites\/3\/2022\/02\/Buy-Gorilla-Biscuit-Marijuana.jpg","type":"image\/jpeg"}],"twitter_card":"summary_large_image","twitter_misc":{"Procijenjeno vrijeme \u010ditanja":"2 minute"},"schema":{"@context":"https:\/\/schema.org","@graph":[{"@type":"WebPage","@id":"https:\/\/medicinasinc.com\/hr\/product\/kupi-gorilu-keks-marihuanu\/","url":"https:\/\/medicinasinc.com\/hr\/product\/kupi-gorilu-keks-marihuanu\/","name":"Kupite Marihuanu Gorilla Biscuit - Najbolji najbolji svjetski lijekovi","isPartOf":{"@id":"https:\/\/medicinasinc.com\/hr\/#website"},"primaryImageOfPage":{"@id":"https:\/\/medicinasinc.com\/hr\/product\/kupi-gorilu-keks-marihuanu\/#primaryimage"},"image":{"@id":"https:\/\/medicinasinc.com\/hr\/product\/kupi-gorilu-keks-marihuanu\/#primaryimage"},"thumbnailUrl":"https:\/\/medicinasinc.com\/hr\/wp-content\/uploads\/sites\/3\/2022\/02\/Buy-Gorilla-Biscuit-Marijuana.jpg","datePublished":"2022-02-20T18:08:57+00:00","dateModified":"2022-03-15T05:56:48+00:00","description":"Kupite Gorilla Biscuit Marihuana Strain za prodaju online. Lider u narud\u017ebi kanabisa po\u0161tom u Kanadi s vi\u0161e od 15 godina iskustva u industriji medicinske marihuane.","breadcrumb":{"@id":"https:\/\/medicinasinc.com\/hr\/product\/kupi-gorilu-keks-marihuanu\/#breadcrumb"},"inLanguage":"hr","potentialAction":[{"@type":"ReadAction","target":["https:\/\/medicinasinc.com\/hr\/product\/kupi-gorilu-keks-marihuanu\/"]}]},{"@type":"ImageObject","inLanguage":"hr","@id":"https:\/\/medicinasinc.com\/hr\/product\/kupi-gorilu-keks-marihuanu\/#primaryimage","url":"https:\/\/medicinasinc.com\/hr\/wp-content\/uploads\/sites\/3\/2022\/02\/Buy-Gorilla-Biscuit-Marijuana.jpg","contentUrl":"https:\/\/medicinasinc.com\/hr\/wp-content\/uploads\/sites\/3\/2022\/02\/Buy-Gorilla-Biscuit-Marijuana.jpg","width":420,"height":630},{"@type":"BreadcrumbList","@id":"https:\/\/medicinasinc.com\/hr\/product\/kupi-gorilu-keks-marihuanu\/#breadcrumb","itemListElement":[{"@type":"ListItem","position":1,"name":"Du\u0107an","item":"https:\/\/medicinasinc.com\/hr\/ducan\/"},{"@type":"ListItem","position":2,"name":"Kupite Marihuanu Gorilla Biscuit"}]},{"@type":"WebSite","@id":"https:\/\/medicinasinc.com\/hr\/#website","url":"https:\/\/medicinasinc.com\/hr\/","name":"Medicinas Inc","description":"Health Medical Clinic","potentialAction":[{"@type":"SearchAction","target":{"@type":"EntryPoint","urlTemplate":"https:\/\/medicinasinc.com\/hr\/?s={search_term_string}"},"query-input":{"@type":"PropertyValueSpecification","valueRequired":true,"valueName":"search_term_string"}}],"inLanguage":"hr"}]}},"_links":{"self":[{"href":"https:\/\/medicinasinc.com\/hr\/wp-json\/wp\/v2\/product\/4946","targetHints":{"allow":["GET"]}}],"collection":[{"href":"https:\/\/medicinasinc.com\/hr\/wp-json\/wp\/v2\/product"}],"about":[{"href":"https:\/\/medicinasinc.com\/hr\/wp-json\/wp\/v2\/types\/product"}],"replies":[{"embeddable":true,"href":"https:\/\/medicinasinc.com\/hr\/wp-json\/wp\/v2\/comments?post=4946"}],"wp:featuredmedia":[{"embeddable":true,"href":"https:\/\/medicinasinc.com\/hr\/wp-json\/wp\/v2\/media\/4960"}],"wp:attachment":[{"href":"https:\/\/medicinasinc.com\/hr\/wp-json\/wp\/v2\/media?parent=4946"}],"wp:term":[{"taxonomy":"product_brand","embeddable":true,"href":"https:\/\/medicinasinc.com\/hr\/wp-json\/wp\/v2\/product_brand?post=4946"},{"taxonomy":"product_cat","embeddable":true,"href":"https:\/\/medicinasinc.com\/hr\/wp-json\/wp\/v2\/product_cat?post=4946"},{"taxonomy":"product_tag","embeddable":true,"href":"https:\/\/medicinasinc.com\/hr\/wp-json\/wp\/v2\/product_tag?post=4946"}],"curies":[{"name":"wp","href":"https:\/\/api.w.org\/{rel}","templated":true}]}}