{"id":4940,"date":"2022-02-20T18:04:10","date_gmt":"2022-02-20T18:04:10","guid":{"rendered":"https:\/\/medicinasinc.com\/hr\/?post_type=product&#038;p=4940"},"modified":"2022-03-15T05:56:59","modified_gmt":"2022-03-15T05:56:59","slug":"kupiti-durban-otrov-marihuanu","status":"publish","type":"product","link":"https:\/\/medicinasinc.com\/hr\/product\/kupiti-durban-otrov-marihuanu\/","title":{"rendered":"Kupite Durbansku otrovnu marihuanu"},"content":{"rendered":"<p>Online kupnja soja Durban Poison Marihuana<\/p>\n<p>Ovaj vrlo mo\u0107an soj zadat \u0107e ozbiljan udarac mozgu. Durban Poison je \u010disti soj sativa koji je omiljeni inbred potomak ju\u017enoafri\u010dke soje sative. U 1970-ima, Ed Rosenthal, ameri\u010dki aktivist za kanabis, identificirao je izvorni soj i uveo ga u Sjedinjene Dr\u017eave. Dugo je bio omiljen me\u0111u stonerima i pacijentima s medicinskom marihuanom u ovom gradu. Durban Poison ima sadr\u017eaj THC-a do 24%, \u0161to ga \u010dini jednim od najja\u010dih dostupnih sojeva. Ovaj soj pru\u017ea mo\u0107nu, ugodnu visoku glavu koja je idealna za kreativne napore i dnevne aktivnosti. Uz suha usta, mogu\u0107a je \u0161tetna pojava paranoja. Durbanski otrov je sna\u017ean lijek za depresiju i anksioznost, kao i za kroni\u010dnu bol i mu\u010dninu. Ovaj soj je dobar za stvaranje koncentrata zbog obilja velikih trihoma na pupoljku. Miris i okus Durban Poison-a su zemljani i slatki, s blagom aromom bora. Pupoljci su okrugli i debeli, prekriveni obilnim trihomima. Ovaj soj je idealan za razdoblja fizi\u010dke aktivnosti, ku\u0107nih poslova i drugih dnevnih aktivnosti.<\/p>\n","protected":false},"excerpt":{"rendered":"<div class=\"woocommerce-product-details__short-description\">\n<p>Durban Poison ima sadr\u017eaj THC-a do 24%, \u0161to ga \u010dini jednim od svjetskih proizvoda; da ove trgovine prodaju neke od ovih jedinstvenih sojeva.<\/p>\n<p>Durban Poison soj je stekao svjetsku privla\u010dnost zbog svoje ugodne arome i energiziraju\u0107ih u\u010dinaka. Posjetite nas.<\/p>\n<p>Durban Poison Marihuana Soj se mo\u017ee kupiti online. Durbanski otrov je afri\u010dka Sativa Landrasa sorta kanabisa. Izvrsno za pacijente koji tra\u017ee sna\u017ean cerebralni napon koji \u0107e pomo\u0107i u borbi protiv stresa i umora.<\/p>\n<\/p><\/div>\n","protected":false},"featured_media":4954,"comment_status":"open","ping_status":"closed","template":"","meta":[],"product_brand":[],"product_cat":[778],"product_tag":[819,820,825,822,821,824,826,823],"class_list":{"0":"post-4940","1":"product","2":"type-product","3":"status-publish","4":"has-post-thumbnail","6":"product_cat-korov-za-prodaju","7":"product_tag-best-durban-poison-seeds","8":"product_tag-durban-poison-autoflower","9":"product_tag-durban-poison-veg-time","10":"product_tag-durban-otrov-rasti","11":"product_tag-durban-otrov-krieva","12":"product_tag-durban-otrov-sjemenke-juna-afrika","13":"product_tag-is-durban-the-same-as-durban-poison","14":"product_tag-durban-otrov-povijest","16":"first","17":"instock","18":"shipping-taxable","19":"purchasable","20":"product-type-variable","21":"has-default-attributes"},"yoast_head":"<!-- This site is optimized with the Yoast SEO plugin v27.3 - https:\/\/yoast.com\/product\/yoast-seo-wordpress\/ -->\n<title>Kupite Durbansku otrovnu marihuanu - najbolji najbolji svjetski lijekovi<\/title>\n<meta name=\"description\" content=\"Kupite soj Durban Poison\u00a0za prodaju putem interneta, stekao je popularnost u cijelom svijetu zbog svog slatkog mirisa i energi\u010dnog, o\u017eivljaju\u0107eg djelovanja. Posjetite nas.\" \/>\n<meta name=\"robots\" content=\"index, follow, max-snippet:-1, max-image-preview:large, max-video-preview:-1\" \/>\n<link rel=\"canonical\" href=\"https:\/\/medicinasinc.com\/hr\/product\/kupiti-durban-otrov-marihuanu\/\" \/>\n<meta property=\"og:locale\" content=\"hr_HR\" \/>\n<meta property=\"og:type\" content=\"article\" \/>\n<meta property=\"og:title\" content=\"Kupite Durbansku otrovnu marihuanu - najbolji najbolji svjetski lijekovi\" \/>\n<meta property=\"og:description\" content=\"Kupite soj Durban Poison\u00a0za prodaju putem interneta, stekao je popularnost u cijelom svijetu zbog svog slatkog mirisa i energi\u010dnog, o\u017eivljaju\u0107eg djelovanja. Posjetite nas.\" \/>\n<meta property=\"og:url\" content=\"https:\/\/medicinasinc.com\/hr\/product\/kupiti-durban-otrov-marihuanu\/\" \/>\n<meta property=\"og:site_name\" content=\"Medicinas Inc\" \/>\n<meta property=\"article:modified_time\" content=\"2022-03-15T05:56:59+00:00\" \/>\n<meta property=\"og:image\" content=\"https:\/\/medicinasinc.com\/hr\/wp-content\/uploads\/sites\/3\/2022\/02\/Buy-Durban-Poison-Marijuana.jpg\" \/>\n\t<meta property=\"og:image:width\" content=\"225\" \/>\n\t<meta property=\"og:image:height\" content=\"225\" \/>\n\t<meta property=\"og:image:type\" content=\"image\/jpeg\" \/>\n<meta name=\"twitter:card\" content=\"summary_large_image\" \/>\n<meta name=\"twitter:label1\" content=\"Procijenjeno vrijeme \u010ditanja\" \/>\n\t<meta name=\"twitter:data1\" content=\"1 minuta\" \/>\n<script type=\"application\/ld+json\" class=\"yoast-schema-graph\">{\"@context\":\"https:\\\/\\\/schema.org\",\"@graph\":[{\"@type\":\"WebPage\",\"@id\":\"https:\\\/\\\/medicinasinc.com\\\/hr\\\/product\\\/kupiti-durban-otrov-marihuanu\\\/\",\"url\":\"https:\\\/\\\/medicinasinc.com\\\/hr\\\/product\\\/kupiti-durban-otrov-marihuanu\\\/\",\"name\":\"Kupite Durbansku otrovnu marihuanu - najbolji najbolji svjetski lijekovi\",\"isPartOf\":{\"@id\":\"https:\\\/\\\/medicinasinc.com\\\/hr\\\/#website\"},\"primaryImageOfPage\":{\"@id\":\"https:\\\/\\\/medicinasinc.com\\\/hr\\\/product\\\/kupiti-durban-otrov-marihuanu\\\/#primaryimage\"},\"image\":{\"@id\":\"https:\\\/\\\/medicinasinc.com\\\/hr\\\/product\\\/kupiti-durban-otrov-marihuanu\\\/#primaryimage\"},\"thumbnailUrl\":\"https:\\\/\\\/medicinasinc.com\\\/hr\\\/wp-content\\\/uploads\\\/sites\\\/3\\\/2022\\\/02\\\/Buy-Durban-Poison-Marijuana.jpg\",\"datePublished\":\"2022-02-20T18:04:10+00:00\",\"dateModified\":\"2022-03-15T05:56:59+00:00\",\"description\":\"Kupite soj Durban Poison\u00a0za prodaju putem interneta, stekao je popularnost u cijelom svijetu zbog svog slatkog mirisa i energi\u010dnog, o\u017eivljaju\u0107eg djelovanja. Posjetite nas.\",\"breadcrumb\":{\"@id\":\"https:\\\/\\\/medicinasinc.com\\\/hr\\\/product\\\/kupiti-durban-otrov-marihuanu\\\/#breadcrumb\"},\"inLanguage\":\"hr\",\"potentialAction\":[{\"@type\":\"ReadAction\",\"target\":[\"https:\\\/\\\/medicinasinc.com\\\/hr\\\/product\\\/kupiti-durban-otrov-marihuanu\\\/\"]}]},{\"@type\":\"ImageObject\",\"inLanguage\":\"hr\",\"@id\":\"https:\\\/\\\/medicinasinc.com\\\/hr\\\/product\\\/kupiti-durban-otrov-marihuanu\\\/#primaryimage\",\"url\":\"https:\\\/\\\/medicinasinc.com\\\/hr\\\/wp-content\\\/uploads\\\/sites\\\/3\\\/2022\\\/02\\\/Buy-Durban-Poison-Marijuana.jpg\",\"contentUrl\":\"https:\\\/\\\/medicinasinc.com\\\/hr\\\/wp-content\\\/uploads\\\/sites\\\/3\\\/2022\\\/02\\\/Buy-Durban-Poison-Marijuana.jpg\",\"width\":225,\"height\":225},{\"@type\":\"BreadcrumbList\",\"@id\":\"https:\\\/\\\/medicinasinc.com\\\/hr\\\/product\\\/kupiti-durban-otrov-marihuanu\\\/#breadcrumb\",\"itemListElement\":[{\"@type\":\"ListItem\",\"position\":1,\"name\":\"Du\u0107an\",\"item\":\"https:\\\/\\\/medicinasinc.com\\\/hr\\\/ducan\\\/\"},{\"@type\":\"ListItem\",\"position\":2,\"name\":\"Kupite Durbansku otrovnu marihuanu\"}]},{\"@type\":\"WebSite\",\"@id\":\"https:\\\/\\\/medicinasinc.com\\\/hr\\\/#website\",\"url\":\"https:\\\/\\\/medicinasinc.com\\\/hr\\\/\",\"name\":\"Medicinas Inc\",\"description\":\"Health Medical Clinic\",\"potentialAction\":[{\"@type\":\"SearchAction\",\"target\":{\"@type\":\"EntryPoint\",\"urlTemplate\":\"https:\\\/\\\/medicinasinc.com\\\/hr\\\/?s={search_term_string}\"},\"query-input\":{\"@type\":\"PropertyValueSpecification\",\"valueRequired\":true,\"valueName\":\"search_term_string\"}}],\"inLanguage\":\"hr\"}]}<\/script>\n<!-- \/ Yoast SEO plugin. -->","yoast_head_json":{"title":"Kupite Durbansku otrovnu marihuanu - najbolji najbolji svjetski lijekovi","description":"Kupite soj Durban Poison\u00a0za prodaju putem interneta, stekao je popularnost u cijelom svijetu zbog svog slatkog mirisa i energi\u010dnog, o\u017eivljaju\u0107eg djelovanja. Posjetite nas.","robots":{"index":"index","follow":"follow","max-snippet":"max-snippet:-1","max-image-preview":"max-image-preview:large","max-video-preview":"max-video-preview:-1"},"canonical":"https:\/\/medicinasinc.com\/hr\/product\/kupiti-durban-otrov-marihuanu\/","og_locale":"hr_HR","og_type":"article","og_title":"Kupite Durbansku otrovnu marihuanu - najbolji najbolji svjetski lijekovi","og_description":"Kupite soj Durban Poison\u00a0za prodaju putem interneta, stekao je popularnost u cijelom svijetu zbog svog slatkog mirisa i energi\u010dnog, o\u017eivljaju\u0107eg djelovanja. Posjetite nas.","og_url":"https:\/\/medicinasinc.com\/hr\/product\/kupiti-durban-otrov-marihuanu\/","og_site_name":"Medicinas Inc","article_modified_time":"2022-03-15T05:56:59+00:00","og_image":[{"width":225,"height":225,"url":"https:\/\/medicinasinc.com\/hr\/wp-content\/uploads\/sites\/3\/2022\/02\/Buy-Durban-Poison-Marijuana.jpg","type":"image\/jpeg"}],"twitter_card":"summary_large_image","twitter_misc":{"Procijenjeno vrijeme \u010ditanja":"1 minuta"},"schema":{"@context":"https:\/\/schema.org","@graph":[{"@type":"WebPage","@id":"https:\/\/medicinasinc.com\/hr\/product\/kupiti-durban-otrov-marihuanu\/","url":"https:\/\/medicinasinc.com\/hr\/product\/kupiti-durban-otrov-marihuanu\/","name":"Kupite Durbansku otrovnu marihuanu - najbolji najbolji svjetski lijekovi","isPartOf":{"@id":"https:\/\/medicinasinc.com\/hr\/#website"},"primaryImageOfPage":{"@id":"https:\/\/medicinasinc.com\/hr\/product\/kupiti-durban-otrov-marihuanu\/#primaryimage"},"image":{"@id":"https:\/\/medicinasinc.com\/hr\/product\/kupiti-durban-otrov-marihuanu\/#primaryimage"},"thumbnailUrl":"https:\/\/medicinasinc.com\/hr\/wp-content\/uploads\/sites\/3\/2022\/02\/Buy-Durban-Poison-Marijuana.jpg","datePublished":"2022-02-20T18:04:10+00:00","dateModified":"2022-03-15T05:56:59+00:00","description":"Kupite soj Durban Poison\u00a0za prodaju putem interneta, stekao je popularnost u cijelom svijetu zbog svog slatkog mirisa i energi\u010dnog, o\u017eivljaju\u0107eg djelovanja. Posjetite nas.","breadcrumb":{"@id":"https:\/\/medicinasinc.com\/hr\/product\/kupiti-durban-otrov-marihuanu\/#breadcrumb"},"inLanguage":"hr","potentialAction":[{"@type":"ReadAction","target":["https:\/\/medicinasinc.com\/hr\/product\/kupiti-durban-otrov-marihuanu\/"]}]},{"@type":"ImageObject","inLanguage":"hr","@id":"https:\/\/medicinasinc.com\/hr\/product\/kupiti-durban-otrov-marihuanu\/#primaryimage","url":"https:\/\/medicinasinc.com\/hr\/wp-content\/uploads\/sites\/3\/2022\/02\/Buy-Durban-Poison-Marijuana.jpg","contentUrl":"https:\/\/medicinasinc.com\/hr\/wp-content\/uploads\/sites\/3\/2022\/02\/Buy-Durban-Poison-Marijuana.jpg","width":225,"height":225},{"@type":"BreadcrumbList","@id":"https:\/\/medicinasinc.com\/hr\/product\/kupiti-durban-otrov-marihuanu\/#breadcrumb","itemListElement":[{"@type":"ListItem","position":1,"name":"Du\u0107an","item":"https:\/\/medicinasinc.com\/hr\/ducan\/"},{"@type":"ListItem","position":2,"name":"Kupite Durbansku otrovnu marihuanu"}]},{"@type":"WebSite","@id":"https:\/\/medicinasinc.com\/hr\/#website","url":"https:\/\/medicinasinc.com\/hr\/","name":"Medicinas Inc","description":"Health Medical Clinic","potentialAction":[{"@type":"SearchAction","target":{"@type":"EntryPoint","urlTemplate":"https:\/\/medicinasinc.com\/hr\/?s={search_term_string}"},"query-input":{"@type":"PropertyValueSpecification","valueRequired":true,"valueName":"search_term_string"}}],"inLanguage":"hr"}]}},"_links":{"self":[{"href":"https:\/\/medicinasinc.com\/hr\/wp-json\/wp\/v2\/product\/4940","targetHints":{"allow":["GET"]}}],"collection":[{"href":"https:\/\/medicinasinc.com\/hr\/wp-json\/wp\/v2\/product"}],"about":[{"href":"https:\/\/medicinasinc.com\/hr\/wp-json\/wp\/v2\/types\/product"}],"replies":[{"embeddable":true,"href":"https:\/\/medicinasinc.com\/hr\/wp-json\/wp\/v2\/comments?post=4940"}],"wp:featuredmedia":[{"embeddable":true,"href":"https:\/\/medicinasinc.com\/hr\/wp-json\/wp\/v2\/media\/4954"}],"wp:attachment":[{"href":"https:\/\/medicinasinc.com\/hr\/wp-json\/wp\/v2\/media?parent=4940"}],"wp:term":[{"taxonomy":"product_brand","embeddable":true,"href":"https:\/\/medicinasinc.com\/hr\/wp-json\/wp\/v2\/product_brand?post=4940"},{"taxonomy":"product_cat","embeddable":true,"href":"https:\/\/medicinasinc.com\/hr\/wp-json\/wp\/v2\/product_cat?post=4940"},{"taxonomy":"product_tag","embeddable":true,"href":"https:\/\/medicinasinc.com\/hr\/wp-json\/wp\/v2\/product_tag?post=4940"}],"curies":[{"name":"wp","href":"https:\/\/api.w.org\/{rel}","templated":true}]}}