{"id":4928,"date":"2022-02-20T17:53:26","date_gmt":"2022-02-20T17:53:26","guid":{"rendered":"https:\/\/medicinasinc.com\/hr\/?post_type=product&#038;p=4928"},"modified":"2022-03-15T05:59:31","modified_gmt":"2022-03-15T05:59:31","slug":"kupi-kolacice-gelato","status":"publish","type":"product","link":"https:\/\/medicinasinc.com\/hr\/product\/kupi-kolacice-gelato\/","title":{"rendered":"Kupite kola\u010di\u0107e Gelato"},"content":{"rendered":"<p>Cookies Gelato je potomak dvaju slavnih soja marihuane. Naslijedila je ludu koli\u010dinu potencije, slatkast okus i nevjerojatnu koli\u010dinu produktivnosti. A Cali Bliss je optimizirao svaki od ovih elemenata. Ovo je sada broj 2 i zna\u010dajno je pobolj\u0161ano. Osim toga, koristi se 25% THC-a umjesto 23% THC-a.<\/p>\n<p>Za po\u010detak, \u017eeljeli bismo pru\u017eiti kontekst za uzgajiva\u010de ovog ljupkog soja kola\u010di\u0107a Gelato. Cali Bliss je relativno nov tim uzgajiva\u010da. Ovo su te\u0161ki napada\u010di i trebalo nam je oko godinu i pol da nabavimo neke od njihovih vrsta. Imali smo sre\u0107u da ih trenutno nabavimo tri. Odani su autenti\u010dnoj kalifornijskoj genetici, ali s obratom. Odre\u0111enim sojevima potrebne su godine da se razviju do to\u010dke u kojoj su ovi momci zadovoljni.<\/p>\n<p>&#8220;Kako konzumirate vi\u0161e kanabisa, va\u0161a se tolerancija pove\u0107ava. Za po\u010detnike nije potrebno puno da se napucaju. Nekoliko udisaja od slaba soja bit \u0107e dovoljna. Me\u0111utim, nakon nekoliko godina iskusnim pu\u0161a\u010dima potrebna je ja\u010da marihuana da bi postigli iste u\u010dinke. Jedan od tih sojeva je Cookies Gelato. Ona isporu\u010duje monstruoznu dozu THC-a koja trenuta\u010dno dovodi um u promijenjeno stanje svijesti i odr\u017eava to satima.&#8221;<\/p>\n<p>Sna\u017eni efekti kola\u010di\u0107a Gelato rezultat su njezinih mo\u0107nih roditeljskih sojeva Girl Scout Cookies i Gelato. Ovaj dinami\u010dni duo, me\u0111utim, poznat je vi\u0161e od svoje grube snage. Kao \u0161to njihova imena impliciraju, oboje imaju slatke i za\u0161e\u0107erene terpenske profile. Cookies Gelato utjelovljuje najbolje karakteristike obje ove legendarne sorte.<\/p>\n<p>Pupovi na ovom tipu su rijetki i na maloj strani (ovo je genetski uvjetovano \u2013 nema na\u010dina zaobi\u0107i). Dodatna paperjast i meko\u0107a. To jest, sam pupoljak ima vi\u0161e zra\u010dnog prostora. To mo\u017ee rezultirati br\u017eim opeklinama i o\u0161trijim osje\u0107ajem ako se ne uzme u obzir. Stoga jednostavno provjerite je li \u010dvrsto nabijen kako biste uklonili zra\u010dni prostor. Kada motate d\u017eoint ili pu\u0161ite zdjelu, \u010dvrsto je zapakirajte. Ovo je priroda soja.<\/p>\n<p>\u0160TO ZNA\u010cI BROJ DVA?<\/p>\n<p>\u2013 Opse\u017eni u\u010dinci (profinjeniji)<\/p>\n<p>\u2013 Pobolj\u0161an okus (profinjeniji profil terp) <\/p>\n<p>\u2013 Pove\u0107an sadr\u017eaj THC-a (nekada je bio 23 posto, sada je 25 posto)<\/p>\n<p>\u2013 Osim toga, bolje stvrdnjavanje i podrezivanje<\/p>\n<p>U\u010cINCI:<\/p>\n<p>Kreativan, radostan i eufori\u010dan<\/p>\n<p>MEDICINSKI:<\/p>\n<p>Anksioznost, stres i kroni\u010dna bol<\/p>\n<p>THC:<\/p>\n<p>25% <\/p>\n<div class=\"product-next-previous\">\n<div class=\"product-prev\"><\/div><\/div>\n","protected":false},"excerpt":{"rendered":"<p>Kupite kola\u010di\u0107e od marihuane Gelato za prodaju putem interneta. Chem Willie je hibrid sa dominantnim Sativa &#8211; 70% Sativa i 30% Indica. Indica THC: 15%<\/p>\n","protected":false},"featured_media":4941,"comment_status":"open","ping_status":"closed","template":"","meta":[],"product_brand":[],"product_cat":[778],"product_tag":[806,807,810,808,809,803,804,805],"class_list":{"0":"post-4928","1":"product","2":"type-product","3":"status-publish","4":"has-post-thumbnail","6":"product_cat-korov-za-prodaju","7":"product_tag-cookies-gelato-grow-diary","8":"product_tag-cookies-gelato-yield","9":"product_tag-gelato-cookies-strain-wikileaf","10":"product_tag-gelato-kolaii-i-krema","11":"product_tag-gelato-kolaii-procijediti-allbud","12":"product_tag-kola-c4-8di-c4-87i-sladoled-42","13":"product_tag-kola-c4-8di-c4-87i-sladoled-41","14":"product_tag-kolaii-gelato-vrijeme-cvjetanja","16":"first","17":"instock","18":"shipping-taxable","19":"purchasable","20":"product-type-variable","21":"has-default-attributes"},"yoast_head":"<!-- This site is optimized with the Yoast SEO plugin v27.3 - https:\/\/yoast.com\/product\/yoast-seo-wordpress\/ -->\n<title>Kupite kola\u010di\u0107e gelato - kola\u010di\u0107i gelato na prodaju - najbolji najbolji svjetski lijekovi<\/title>\n<meta name=\"description\" content=\"Kupite kola\u010di\u0107e Gelato Marihuana za prodaju online. Chem willie je Sativa dominantni hibrid \u2013 70% Sativa \/ 30% Indica THC: 15%\" \/>\n<meta name=\"robots\" content=\"index, follow, max-snippet:-1, max-image-preview:large, max-video-preview:-1\" \/>\n<link rel=\"canonical\" href=\"https:\/\/medicinasinc.com\/hr\/product\/kupi-kolacice-gelato\/\" \/>\n<meta property=\"og:locale\" content=\"hr_HR\" \/>\n<meta property=\"og:type\" content=\"article\" \/>\n<meta property=\"og:title\" content=\"Kupite kola\u010di\u0107e gelato - kola\u010di\u0107i gelato na prodaju - najbolji najbolji svjetski lijekovi\" \/>\n<meta property=\"og:description\" content=\"Kupite kola\u010di\u0107e Gelato Marihuana za prodaju online. Chem willie je Sativa dominantni hibrid \u2013 70% Sativa \/ 30% Indica THC: 15%\" \/>\n<meta property=\"og:url\" content=\"https:\/\/medicinasinc.com\/hr\/product\/kupi-kolacice-gelato\/\" \/>\n<meta property=\"og:site_name\" content=\"Medicinas Inc\" \/>\n<meta property=\"article:modified_time\" content=\"2022-03-15T05:59:31+00:00\" \/>\n<meta property=\"og:image\" content=\"https:\/\/medicinasinc.com\/hr\/wp-content\/uploads\/sites\/3\/2022\/02\/Buy-Cookies-Gelato.jpg\" \/>\n\t<meta property=\"og:image:width\" content=\"420\" \/>\n\t<meta property=\"og:image:height\" content=\"630\" \/>\n\t<meta property=\"og:image:type\" content=\"image\/jpeg\" \/>\n<meta name=\"twitter:card\" content=\"summary_large_image\" \/>\n<meta name=\"twitter:label1\" content=\"Procijenjeno vrijeme \u010ditanja\" \/>\n\t<meta name=\"twitter:data1\" content=\"2 minute\" \/>\n<script type=\"application\/ld+json\" class=\"yoast-schema-graph\">{\"@context\":\"https:\\\/\\\/schema.org\",\"@graph\":[{\"@type\":\"WebPage\",\"@id\":\"https:\\\/\\\/medicinasinc.com\\\/hr\\\/product\\\/kupi-kolacice-gelato\\\/\",\"url\":\"https:\\\/\\\/medicinasinc.com\\\/hr\\\/product\\\/kupi-kolacice-gelato\\\/\",\"name\":\"Kupite kola\u010di\u0107e gelato - kola\u010di\u0107i gelato na prodaju - najbolji najbolji svjetski lijekovi\",\"isPartOf\":{\"@id\":\"https:\\\/\\\/medicinasinc.com\\\/hr\\\/#website\"},\"primaryImageOfPage\":{\"@id\":\"https:\\\/\\\/medicinasinc.com\\\/hr\\\/product\\\/kupi-kolacice-gelato\\\/#primaryimage\"},\"image\":{\"@id\":\"https:\\\/\\\/medicinasinc.com\\\/hr\\\/product\\\/kupi-kolacice-gelato\\\/#primaryimage\"},\"thumbnailUrl\":\"https:\\\/\\\/medicinasinc.com\\\/hr\\\/wp-content\\\/uploads\\\/sites\\\/3\\\/2022\\\/02\\\/Buy-Cookies-Gelato.jpg\",\"datePublished\":\"2022-02-20T17:53:26+00:00\",\"dateModified\":\"2022-03-15T05:59:31+00:00\",\"description\":\"Kupite kola\u010di\u0107e Gelato Marihuana za prodaju online. Chem willie je Sativa dominantni hibrid \u2013 70% Sativa \\\/ 30% Indica THC: 15%\",\"breadcrumb\":{\"@id\":\"https:\\\/\\\/medicinasinc.com\\\/hr\\\/product\\\/kupi-kolacice-gelato\\\/#breadcrumb\"},\"inLanguage\":\"hr\",\"potentialAction\":[{\"@type\":\"ReadAction\",\"target\":[\"https:\\\/\\\/medicinasinc.com\\\/hr\\\/product\\\/kupi-kolacice-gelato\\\/\"]}]},{\"@type\":\"ImageObject\",\"inLanguage\":\"hr\",\"@id\":\"https:\\\/\\\/medicinasinc.com\\\/hr\\\/product\\\/kupi-kolacice-gelato\\\/#primaryimage\",\"url\":\"https:\\\/\\\/medicinasinc.com\\\/hr\\\/wp-content\\\/uploads\\\/sites\\\/3\\\/2022\\\/02\\\/Buy-Cookies-Gelato.jpg\",\"contentUrl\":\"https:\\\/\\\/medicinasinc.com\\\/hr\\\/wp-content\\\/uploads\\\/sites\\\/3\\\/2022\\\/02\\\/Buy-Cookies-Gelato.jpg\",\"width\":420,\"height\":630},{\"@type\":\"BreadcrumbList\",\"@id\":\"https:\\\/\\\/medicinasinc.com\\\/hr\\\/product\\\/kupi-kolacice-gelato\\\/#breadcrumb\",\"itemListElement\":[{\"@type\":\"ListItem\",\"position\":1,\"name\":\"Du\u0107an\",\"item\":\"https:\\\/\\\/medicinasinc.com\\\/hr\\\/ducan\\\/\"},{\"@type\":\"ListItem\",\"position\":2,\"name\":\"Kupite kola\u010di\u0107e Gelato\"}]},{\"@type\":\"WebSite\",\"@id\":\"https:\\\/\\\/medicinasinc.com\\\/hr\\\/#website\",\"url\":\"https:\\\/\\\/medicinasinc.com\\\/hr\\\/\",\"name\":\"Medicinas Inc\",\"description\":\"Health Medical Clinic\",\"potentialAction\":[{\"@type\":\"SearchAction\",\"target\":{\"@type\":\"EntryPoint\",\"urlTemplate\":\"https:\\\/\\\/medicinasinc.com\\\/hr\\\/?s={search_term_string}\"},\"query-input\":{\"@type\":\"PropertyValueSpecification\",\"valueRequired\":true,\"valueName\":\"search_term_string\"}}],\"inLanguage\":\"hr\"}]}<\/script>\n<!-- \/ Yoast SEO plugin. -->","yoast_head_json":{"title":"Kupite kola\u010di\u0107e gelato - kola\u010di\u0107i gelato na prodaju - najbolji najbolji svjetski lijekovi","description":"Kupite kola\u010di\u0107e Gelato Marihuana za prodaju online. Chem willie je Sativa dominantni hibrid \u2013 70% Sativa \/ 30% Indica THC: 15%","robots":{"index":"index","follow":"follow","max-snippet":"max-snippet:-1","max-image-preview":"max-image-preview:large","max-video-preview":"max-video-preview:-1"},"canonical":"https:\/\/medicinasinc.com\/hr\/product\/kupi-kolacice-gelato\/","og_locale":"hr_HR","og_type":"article","og_title":"Kupite kola\u010di\u0107e gelato - kola\u010di\u0107i gelato na prodaju - najbolji najbolji svjetski lijekovi","og_description":"Kupite kola\u010di\u0107e Gelato Marihuana za prodaju online. Chem willie je Sativa dominantni hibrid \u2013 70% Sativa \/ 30% Indica THC: 15%","og_url":"https:\/\/medicinasinc.com\/hr\/product\/kupi-kolacice-gelato\/","og_site_name":"Medicinas Inc","article_modified_time":"2022-03-15T05:59:31+00:00","og_image":[{"width":420,"height":630,"url":"https:\/\/medicinasinc.com\/hr\/wp-content\/uploads\/sites\/3\/2022\/02\/Buy-Cookies-Gelato.jpg","type":"image\/jpeg"}],"twitter_card":"summary_large_image","twitter_misc":{"Procijenjeno vrijeme \u010ditanja":"2 minute"},"schema":{"@context":"https:\/\/schema.org","@graph":[{"@type":"WebPage","@id":"https:\/\/medicinasinc.com\/hr\/product\/kupi-kolacice-gelato\/","url":"https:\/\/medicinasinc.com\/hr\/product\/kupi-kolacice-gelato\/","name":"Kupite kola\u010di\u0107e gelato - kola\u010di\u0107i gelato na prodaju - najbolji najbolji svjetski lijekovi","isPartOf":{"@id":"https:\/\/medicinasinc.com\/hr\/#website"},"primaryImageOfPage":{"@id":"https:\/\/medicinasinc.com\/hr\/product\/kupi-kolacice-gelato\/#primaryimage"},"image":{"@id":"https:\/\/medicinasinc.com\/hr\/product\/kupi-kolacice-gelato\/#primaryimage"},"thumbnailUrl":"https:\/\/medicinasinc.com\/hr\/wp-content\/uploads\/sites\/3\/2022\/02\/Buy-Cookies-Gelato.jpg","datePublished":"2022-02-20T17:53:26+00:00","dateModified":"2022-03-15T05:59:31+00:00","description":"Kupite kola\u010di\u0107e Gelato Marihuana za prodaju online. Chem willie je Sativa dominantni hibrid \u2013 70% Sativa \/ 30% Indica THC: 15%","breadcrumb":{"@id":"https:\/\/medicinasinc.com\/hr\/product\/kupi-kolacice-gelato\/#breadcrumb"},"inLanguage":"hr","potentialAction":[{"@type":"ReadAction","target":["https:\/\/medicinasinc.com\/hr\/product\/kupi-kolacice-gelato\/"]}]},{"@type":"ImageObject","inLanguage":"hr","@id":"https:\/\/medicinasinc.com\/hr\/product\/kupi-kolacice-gelato\/#primaryimage","url":"https:\/\/medicinasinc.com\/hr\/wp-content\/uploads\/sites\/3\/2022\/02\/Buy-Cookies-Gelato.jpg","contentUrl":"https:\/\/medicinasinc.com\/hr\/wp-content\/uploads\/sites\/3\/2022\/02\/Buy-Cookies-Gelato.jpg","width":420,"height":630},{"@type":"BreadcrumbList","@id":"https:\/\/medicinasinc.com\/hr\/product\/kupi-kolacice-gelato\/#breadcrumb","itemListElement":[{"@type":"ListItem","position":1,"name":"Du\u0107an","item":"https:\/\/medicinasinc.com\/hr\/ducan\/"},{"@type":"ListItem","position":2,"name":"Kupite kola\u010di\u0107e Gelato"}]},{"@type":"WebSite","@id":"https:\/\/medicinasinc.com\/hr\/#website","url":"https:\/\/medicinasinc.com\/hr\/","name":"Medicinas Inc","description":"Health Medical Clinic","potentialAction":[{"@type":"SearchAction","target":{"@type":"EntryPoint","urlTemplate":"https:\/\/medicinasinc.com\/hr\/?s={search_term_string}"},"query-input":{"@type":"PropertyValueSpecification","valueRequired":true,"valueName":"search_term_string"}}],"inLanguage":"hr"}]}},"_links":{"self":[{"href":"https:\/\/medicinasinc.com\/hr\/wp-json\/wp\/v2\/product\/4928","targetHints":{"allow":["GET"]}}],"collection":[{"href":"https:\/\/medicinasinc.com\/hr\/wp-json\/wp\/v2\/product"}],"about":[{"href":"https:\/\/medicinasinc.com\/hr\/wp-json\/wp\/v2\/types\/product"}],"replies":[{"embeddable":true,"href":"https:\/\/medicinasinc.com\/hr\/wp-json\/wp\/v2\/comments?post=4928"}],"wp:featuredmedia":[{"embeddable":true,"href":"https:\/\/medicinasinc.com\/hr\/wp-json\/wp\/v2\/media\/4941"}],"wp:attachment":[{"href":"https:\/\/medicinasinc.com\/hr\/wp-json\/wp\/v2\/media?parent=4928"}],"wp:term":[{"taxonomy":"product_brand","embeddable":true,"href":"https:\/\/medicinasinc.com\/hr\/wp-json\/wp\/v2\/product_brand?post=4928"},{"taxonomy":"product_cat","embeddable":true,"href":"https:\/\/medicinasinc.com\/hr\/wp-json\/wp\/v2\/product_cat?post=4928"},{"taxonomy":"product_tag","embeddable":true,"href":"https:\/\/medicinasinc.com\/hr\/wp-json\/wp\/v2\/product_tag?post=4928"}],"curies":[{"name":"wp","href":"https:\/\/api.w.org\/{rel}","templated":true}]}}