{"id":4927,"date":"2022-02-20T17:52:26","date_gmt":"2022-02-20T17:52:26","guid":{"rendered":"https:\/\/medicinasinc.com\/hr\/?post_type=product&#038;p=4927"},"modified":"2022-03-15T05:59:39","modified_gmt":"2022-03-15T05:59:39","slug":"kupiti-hulkberry-marihuanu","status":"publish","type":"product","link":"https:\/\/medicinasinc.com\/hr\/product\/kupiti-hulkberry-marihuanu\/","title":{"rendered":"Kupite HulkBerry marihuanu"},"content":{"rendered":"<p>Online kupnja HulkBerry 27 posto THC Weed-a<\/p>\n<p>HulkBerry je 65 posto dominantna sorta Sative, dobivena iz kri\u017eanja Strawberry Diesel i OG Kush. S ogromnim sadr\u017eajem THC-a od 27%, ovaj se soj toplo preporu\u010duje iskusnim pu\u0161a\u010dima; novakinje se mogu izgubiti u vlastitim umovima. Sativa dominacija dr\u017ei visoko usredoto\u010deno u potpunosti na mozak, ostavljaju\u0107i vam osje\u0107aj bistrine i energije, dok nugovi oblo\u017eeni smolom i vo\u0107ne arome zaokupljaju va\u0161 nos i okusne pupoljke.<\/p>\n<p>Unato\u010d snazi \u200b\u200bnaprezanja, standard je standard. Svjetlosni ciklus 12-12 dat \u0107e vla\u017ene pupoljke za 9-10 tjedana. HulkBerry je SOG ili ScrOG entuzijast.<\/p>\n<div class=\"product-next-previous\">\n<div class=\"product-prev\"><\/div><\/div>\n","protected":false},"excerpt":{"rendered":"<p>Kupite HulkBerry Kush marihuanu na mre\u017ei. HulkBerry Kush je sorta koja dominira sativom. Dominantni hibrid \u2013 70% sativa \/ 30% indica sadr\u017eaj THC indica: 21% \u2013 25%<\/p>\n","protected":false},"featured_media":4939,"comment_status":"open","ping_status":"closed","template":"","meta":[],"product_brand":[],"product_cat":[778],"product_tag":[800,795,796,797,798,799,801,802],"class_list":{"0":"post-4927","1":"product","2":"type-product","3":"status-publish","4":"has-post-thumbnail","6":"product_cat-korov-za-prodaju","7":"product_tag-hulkberry-strain-efekti","8":"product_tag-hulkberry-automatic","9":"product_tag-hulkberry-grow-diary","10":"product_tag-hulkberry-leafly","11":"product_tag-hulkberry-outdoor-grow","12":"product_tag-hulkberry-recenzija","13":"product_tag-hulkberry-soj-blizu-mene","14":"product_tag-hulkberry-strain-review","16":"first","17":"instock","18":"shipping-taxable","19":"purchasable","20":"product-type-variable","21":"has-default-attributes"},"yoast_head":"<!-- This site is optimized with the Yoast SEO plugin v27.3 - https:\/\/yoast.com\/product\/yoast-seo-wordpress\/ -->\n<title>Kupite HulkBerry Kush marihuanu - najbolji najbolji svjetski lijekovi<\/title>\n<meta name=\"description\" content=\"Kupite HulkBerry Kush marihuanu za prodaju putem interneta. HulkBerry Kush je dominantni hibrid od sative \u2013 70% Sativa \/ 30% Indica THC: 21% \u2013 25%\" \/>\n<meta name=\"robots\" content=\"index, follow, max-snippet:-1, max-image-preview:large, max-video-preview:-1\" \/>\n<link rel=\"canonical\" href=\"https:\/\/medicinasinc.com\/hr\/product\/kupiti-hulkberry-marihuanu\/\" \/>\n<meta property=\"og:locale\" content=\"hr_HR\" \/>\n<meta property=\"og:type\" content=\"article\" \/>\n<meta property=\"og:title\" content=\"Kupite HulkBerry Kush marihuanu - najbolji najbolji svjetski lijekovi\" \/>\n<meta property=\"og:description\" content=\"Kupite HulkBerry Kush marihuanu za prodaju putem interneta. HulkBerry Kush je dominantni hibrid od sative \u2013 70% Sativa \/ 30% Indica THC: 21% \u2013 25%\" \/>\n<meta property=\"og:url\" content=\"https:\/\/medicinasinc.com\/hr\/product\/kupiti-hulkberry-marihuanu\/\" \/>\n<meta property=\"og:site_name\" content=\"Medicinas Inc\" \/>\n<meta property=\"article:modified_time\" content=\"2022-03-15T05:59:39+00:00\" \/>\n<meta property=\"og:image\" content=\"https:\/\/medicinasinc.com\/hr\/wp-content\/uploads\/sites\/3\/2022\/02\/Buy-HulkBerry-Marijuana.jpg\" \/>\n\t<meta property=\"og:image:width\" content=\"2560\" \/>\n\t<meta property=\"og:image:height\" content=\"1920\" \/>\n\t<meta property=\"og:image:type\" content=\"image\/jpeg\" \/>\n<meta name=\"twitter:card\" content=\"summary_large_image\" \/>\n<meta name=\"twitter:label1\" content=\"Procijenjeno vrijeme \u010ditanja\" \/>\n\t<meta name=\"twitter:data1\" content=\"1 minuta\" \/>\n<script type=\"application\/ld+json\" class=\"yoast-schema-graph\">{\"@context\":\"https:\\\/\\\/schema.org\",\"@graph\":[{\"@type\":\"WebPage\",\"@id\":\"https:\\\/\\\/medicinasinc.com\\\/hr\\\/product\\\/kupiti-hulkberry-marihuanu\\\/\",\"url\":\"https:\\\/\\\/medicinasinc.com\\\/hr\\\/product\\\/kupiti-hulkberry-marihuanu\\\/\",\"name\":\"Kupite HulkBerry Kush marihuanu - najbolji najbolji svjetski lijekovi\",\"isPartOf\":{\"@id\":\"https:\\\/\\\/medicinasinc.com\\\/hr\\\/#website\"},\"primaryImageOfPage\":{\"@id\":\"https:\\\/\\\/medicinasinc.com\\\/hr\\\/product\\\/kupiti-hulkberry-marihuanu\\\/#primaryimage\"},\"image\":{\"@id\":\"https:\\\/\\\/medicinasinc.com\\\/hr\\\/product\\\/kupiti-hulkberry-marihuanu\\\/#primaryimage\"},\"thumbnailUrl\":\"https:\\\/\\\/medicinasinc.com\\\/hr\\\/wp-content\\\/uploads\\\/sites\\\/3\\\/2022\\\/02\\\/Buy-HulkBerry-Marijuana.jpg\",\"datePublished\":\"2022-02-20T17:52:26+00:00\",\"dateModified\":\"2022-03-15T05:59:39+00:00\",\"description\":\"Kupite HulkBerry Kush marihuanu za prodaju putem interneta. HulkBerry Kush je dominantni hibrid od sative \u2013 70% Sativa \\\/ 30% Indica THC: 21% \u2013 25%\",\"breadcrumb\":{\"@id\":\"https:\\\/\\\/medicinasinc.com\\\/hr\\\/product\\\/kupiti-hulkberry-marihuanu\\\/#breadcrumb\"},\"inLanguage\":\"hr\",\"potentialAction\":[{\"@type\":\"ReadAction\",\"target\":[\"https:\\\/\\\/medicinasinc.com\\\/hr\\\/product\\\/kupiti-hulkberry-marihuanu\\\/\"]}]},{\"@type\":\"ImageObject\",\"inLanguage\":\"hr\",\"@id\":\"https:\\\/\\\/medicinasinc.com\\\/hr\\\/product\\\/kupiti-hulkberry-marihuanu\\\/#primaryimage\",\"url\":\"https:\\\/\\\/medicinasinc.com\\\/hr\\\/wp-content\\\/uploads\\\/sites\\\/3\\\/2022\\\/02\\\/Buy-HulkBerry-Marijuana.jpg\",\"contentUrl\":\"https:\\\/\\\/medicinasinc.com\\\/hr\\\/wp-content\\\/uploads\\\/sites\\\/3\\\/2022\\\/02\\\/Buy-HulkBerry-Marijuana.jpg\",\"width\":2560,\"height\":1920},{\"@type\":\"BreadcrumbList\",\"@id\":\"https:\\\/\\\/medicinasinc.com\\\/hr\\\/product\\\/kupiti-hulkberry-marihuanu\\\/#breadcrumb\",\"itemListElement\":[{\"@type\":\"ListItem\",\"position\":1,\"name\":\"Du\u0107an\",\"item\":\"https:\\\/\\\/medicinasinc.com\\\/hr\\\/ducan\\\/\"},{\"@type\":\"ListItem\",\"position\":2,\"name\":\"Kupite HulkBerry marihuanu\"}]},{\"@type\":\"WebSite\",\"@id\":\"https:\\\/\\\/medicinasinc.com\\\/hr\\\/#website\",\"url\":\"https:\\\/\\\/medicinasinc.com\\\/hr\\\/\",\"name\":\"Medicinas Inc\",\"description\":\"Health Medical Clinic\",\"potentialAction\":[{\"@type\":\"SearchAction\",\"target\":{\"@type\":\"EntryPoint\",\"urlTemplate\":\"https:\\\/\\\/medicinasinc.com\\\/hr\\\/?s={search_term_string}\"},\"query-input\":{\"@type\":\"PropertyValueSpecification\",\"valueRequired\":true,\"valueName\":\"search_term_string\"}}],\"inLanguage\":\"hr\"}]}<\/script>\n<!-- \/ Yoast SEO plugin. -->","yoast_head_json":{"title":"Kupite HulkBerry Kush marihuanu - najbolji najbolji svjetski lijekovi","description":"Kupite HulkBerry Kush marihuanu za prodaju putem interneta. HulkBerry Kush je dominantni hibrid od sative \u2013 70% Sativa \/ 30% Indica THC: 21% \u2013 25%","robots":{"index":"index","follow":"follow","max-snippet":"max-snippet:-1","max-image-preview":"max-image-preview:large","max-video-preview":"max-video-preview:-1"},"canonical":"https:\/\/medicinasinc.com\/hr\/product\/kupiti-hulkberry-marihuanu\/","og_locale":"hr_HR","og_type":"article","og_title":"Kupite HulkBerry Kush marihuanu - najbolji najbolji svjetski lijekovi","og_description":"Kupite HulkBerry Kush marihuanu za prodaju putem interneta. HulkBerry Kush je dominantni hibrid od sative \u2013 70% Sativa \/ 30% Indica THC: 21% \u2013 25%","og_url":"https:\/\/medicinasinc.com\/hr\/product\/kupiti-hulkberry-marihuanu\/","og_site_name":"Medicinas Inc","article_modified_time":"2022-03-15T05:59:39+00:00","og_image":[{"width":2560,"height":1920,"url":"https:\/\/medicinasinc.com\/hr\/wp-content\/uploads\/sites\/3\/2022\/02\/Buy-HulkBerry-Marijuana.jpg","type":"image\/jpeg"}],"twitter_card":"summary_large_image","twitter_misc":{"Procijenjeno vrijeme \u010ditanja":"1 minuta"},"schema":{"@context":"https:\/\/schema.org","@graph":[{"@type":"WebPage","@id":"https:\/\/medicinasinc.com\/hr\/product\/kupiti-hulkberry-marihuanu\/","url":"https:\/\/medicinasinc.com\/hr\/product\/kupiti-hulkberry-marihuanu\/","name":"Kupite HulkBerry Kush marihuanu - najbolji najbolji svjetski lijekovi","isPartOf":{"@id":"https:\/\/medicinasinc.com\/hr\/#website"},"primaryImageOfPage":{"@id":"https:\/\/medicinasinc.com\/hr\/product\/kupiti-hulkberry-marihuanu\/#primaryimage"},"image":{"@id":"https:\/\/medicinasinc.com\/hr\/product\/kupiti-hulkberry-marihuanu\/#primaryimage"},"thumbnailUrl":"https:\/\/medicinasinc.com\/hr\/wp-content\/uploads\/sites\/3\/2022\/02\/Buy-HulkBerry-Marijuana.jpg","datePublished":"2022-02-20T17:52:26+00:00","dateModified":"2022-03-15T05:59:39+00:00","description":"Kupite HulkBerry Kush marihuanu za prodaju putem interneta. HulkBerry Kush je dominantni hibrid od sative \u2013 70% Sativa \/ 30% Indica THC: 21% \u2013 25%","breadcrumb":{"@id":"https:\/\/medicinasinc.com\/hr\/product\/kupiti-hulkberry-marihuanu\/#breadcrumb"},"inLanguage":"hr","potentialAction":[{"@type":"ReadAction","target":["https:\/\/medicinasinc.com\/hr\/product\/kupiti-hulkberry-marihuanu\/"]}]},{"@type":"ImageObject","inLanguage":"hr","@id":"https:\/\/medicinasinc.com\/hr\/product\/kupiti-hulkberry-marihuanu\/#primaryimage","url":"https:\/\/medicinasinc.com\/hr\/wp-content\/uploads\/sites\/3\/2022\/02\/Buy-HulkBerry-Marijuana.jpg","contentUrl":"https:\/\/medicinasinc.com\/hr\/wp-content\/uploads\/sites\/3\/2022\/02\/Buy-HulkBerry-Marijuana.jpg","width":2560,"height":1920},{"@type":"BreadcrumbList","@id":"https:\/\/medicinasinc.com\/hr\/product\/kupiti-hulkberry-marihuanu\/#breadcrumb","itemListElement":[{"@type":"ListItem","position":1,"name":"Du\u0107an","item":"https:\/\/medicinasinc.com\/hr\/ducan\/"},{"@type":"ListItem","position":2,"name":"Kupite HulkBerry marihuanu"}]},{"@type":"WebSite","@id":"https:\/\/medicinasinc.com\/hr\/#website","url":"https:\/\/medicinasinc.com\/hr\/","name":"Medicinas Inc","description":"Health Medical Clinic","potentialAction":[{"@type":"SearchAction","target":{"@type":"EntryPoint","urlTemplate":"https:\/\/medicinasinc.com\/hr\/?s={search_term_string}"},"query-input":{"@type":"PropertyValueSpecification","valueRequired":true,"valueName":"search_term_string"}}],"inLanguage":"hr"}]}},"_links":{"self":[{"href":"https:\/\/medicinasinc.com\/hr\/wp-json\/wp\/v2\/product\/4927","targetHints":{"allow":["GET"]}}],"collection":[{"href":"https:\/\/medicinasinc.com\/hr\/wp-json\/wp\/v2\/product"}],"about":[{"href":"https:\/\/medicinasinc.com\/hr\/wp-json\/wp\/v2\/types\/product"}],"replies":[{"embeddable":true,"href":"https:\/\/medicinasinc.com\/hr\/wp-json\/wp\/v2\/comments?post=4927"}],"wp:featuredmedia":[{"embeddable":true,"href":"https:\/\/medicinasinc.com\/hr\/wp-json\/wp\/v2\/media\/4939"}],"wp:attachment":[{"href":"https:\/\/medicinasinc.com\/hr\/wp-json\/wp\/v2\/media?parent=4927"}],"wp:term":[{"taxonomy":"product_brand","embeddable":true,"href":"https:\/\/medicinasinc.com\/hr\/wp-json\/wp\/v2\/product_brand?post=4927"},{"taxonomy":"product_cat","embeddable":true,"href":"https:\/\/medicinasinc.com\/hr\/wp-json\/wp\/v2\/product_cat?post=4927"},{"taxonomy":"product_tag","embeddable":true,"href":"https:\/\/medicinasinc.com\/hr\/wp-json\/wp\/v2\/product_tag?post=4927"}],"curies":[{"name":"wp","href":"https:\/\/api.w.org\/{rel}","templated":true}]}}