{"id":4908,"date":"2022-02-20T17:37:57","date_gmt":"2022-02-20T17:37:57","guid":{"rendered":"https:\/\/medicinasinc.com\/hr\/?post_type=product&#038;p=4908"},"modified":"2022-03-15T06:00:06","modified_gmt":"2022-03-15T06:00:06","slug":"kupiti-trostruki-g-soj","status":"publish","type":"product","link":"https:\/\/medicinasinc.com\/hr\/product\/kupiti-trostruki-g-soj\/","title":{"rendered":"Kupite Triple G Strain"},"content":{"rendered":"<p>\u0160to se ti\u010de ovog hibridnog soja<\/p>\n<p>Triple G, tako\u0111er poznat kao Ghost OG, proizvodi pupoljke koji su mirisni, tropski, ali pomalo mr\u0161avi, sa svje\u017eim, zemljanim tonovima. Zbog dominacije indica, neki pupoljci mogu pokazivati \u200b\u200bduboke i primamljive ljubi\u010daste nijanse. Kad se dimi ili ispari, okus se naginje prema slatkom, ali okusu limete.<\/p>\n<p>Razine THC-a obi\u010dno se kre\u0107u izme\u0111u niske i sredine dvadesetih godina, a mnogi recenzenti odu\u0161evljeni su potencijalom ove vrste za otupljivanje boli povezanu s razli\u010ditim stanja i simptoma, uklju\u010duju\u0107i nelagodu u kralje\u017enici.<\/p>\n<p>Osim toga, obo\u017eavatelji Triple G-a izjavili su da je to izvrstan napon za smirivanje \u017eivaca, ubla\u017eavanje psihi\u010dkog stresa i dopu\u0161tanje umu da se odmori od napada misli koje dr\u017eite nas budnima no\u0107u.<\/p>\n<p>Ovaj soj u kojem dominira indica mo\u017ee izazvati glad ili sedaciju, stoga imajte pri ruci neke zdrave zalogaje i udobno mjesto za odmor ili spavanje u blizini.<\/p>\n<p>Kupite Blue Blue. Dream Sativa AA s besplatnom dostavom na bilo koju lokaciju u Ceuropi. BudStars je internetska trgovina marihuane broj 1 na svijetu. Primite znatne popuste na svoju po\u010detnu kupnju.<\/p>\n<p>Blue Dream Sativa Soj se mo\u017ee kupiti putem interneta.<\/p>\n<p>Marihuanu mo\u017eete kupiti online sa ili bez medicinske kartice za marihuanu. Marihuana putem po\u0161te.<\/p>\n","protected":false},"excerpt":{"rendered":"<p>Kupite Triple G soj za prodaju je hibrid i kri\u017eanac izme\u0111u dva legendarna soja u zajednici kanabisa: Gorilla Glue i Gelato.<\/p>\n<table>\n<caption>Kanabinoidni laboratorijski podaci<\/caption>\n<thead>\n<tr>\n<th>Kanabinoid<\/th>\n<th>Koli\u010dina<\/th>\n<\/tr>\n<\/thead>\n<tbody>\n<tr>\n<td>THC:<\/td>\n<td>21,69%<\/td>\n<\/tr>\n<tr>\n<td>\u03949-THC:<\/td>\n<td>1,04%<\/td>\n<\/tr>\n<tr>\n<td>THC-A:<\/td>\n<td>23,54% <\/td>\n<\/tr>\n<\/tbody>\n<\/table>\n<p>&nbsp;<\/p>\n<table>\n<caption>Podaci iz laboratorija za terpene<\/caption>\n<thead>\n<tr>\n<th>Terpen<\/th>\n<th>Koli\u010dina<\/th>\n<\/tr>\n<\/thead>\n<tbody>\n<tr>\n<td>Limonen:<\/td>\n<td>0,68%<\/td>\n<\/tr>\n<tr>\n<td>Beta kariofilen:<\/td>\n<td>0,27%<\/td>\n<\/tr>\n<tr>\n<td>Beta mircen:<\/td>\n<td>0,22%<\/td>\n<\/tr>\n<\/tbody>\n<\/table>\n","protected":false},"featured_media":4922,"comment_status":"open","ping_status":"closed","template":"","meta":[],"product_brand":[],"product_cat":[778],"product_tag":[787,789,788,792,793,794,790,791],"class_list":{"0":"post-4908","1":"product","2":"type-product","3":"status-publish","4":"has-post-thumbnail","6":"product_cat-korov-za-prodaju","7":"product_tag-ggg-naprezanje","8":"product_tag-la-patron-soj-lisnati","9":"product_tag-hulkberry-soj","10":"product_tag-triple-g-strain-flowering-time","11":"product_tag-triple-g-strain-leafly","12":"product_tag-triple-g-strain-near-me","13":"product_tag-trostruki-g-dnevnik-rasta","14":"product_tag-triple-g-strain-allbud","16":"first","17":"instock","18":"shipping-taxable","19":"purchasable","20":"product-type-variable","21":"has-default-attributes"},"yoast_head":"<!-- This site is optimized with the Yoast SEO plugin v27.3 - https:\/\/yoast.com\/product\/yoast-seo-wordpress\/ -->\n<title>Kupite Triple G Strain - najbolji najbolji svjetski lijekovi<\/title>\n<meta name=\"description\" content=\"Kupite Triple G soj za prodaju hibrid je i kri\u017eanac izme\u0111u dva mo\u0107na soja koja su postala poznata u zajednici kanabisa: Gorilla Glue i Gelato.\" \/>\n<meta name=\"robots\" content=\"index, follow, max-snippet:-1, max-image-preview:large, max-video-preview:-1\" \/>\n<link rel=\"canonical\" href=\"https:\/\/medicinasinc.com\/hr\/product\/kupiti-trostruki-g-soj\/\" \/>\n<meta property=\"og:locale\" content=\"hr_HR\" \/>\n<meta property=\"og:type\" content=\"article\" \/>\n<meta property=\"og:title\" content=\"Kupite Triple G Strain - najbolji najbolji svjetski lijekovi\" \/>\n<meta property=\"og:description\" content=\"Kupite Triple G soj za prodaju hibrid je i kri\u017eanac izme\u0111u dva mo\u0107na soja koja su postala poznata u zajednici kanabisa: Gorilla Glue i Gelato.\" \/>\n<meta property=\"og:url\" content=\"https:\/\/medicinasinc.com\/hr\/product\/kupiti-trostruki-g-soj\/\" \/>\n<meta property=\"og:site_name\" content=\"Medicinas Inc\" \/>\n<meta property=\"article:modified_time\" content=\"2022-03-15T06:00:06+00:00\" \/>\n<meta property=\"og:image\" content=\"https:\/\/medicinasinc.com\/hr\/wp-content\/uploads\/sites\/3\/2022\/02\/Buy-Triple-G-Strain-1.jpg\" \/>\n\t<meta property=\"og:image:width\" content=\"800\" \/>\n\t<meta property=\"og:image:height\" content=\"800\" \/>\n\t<meta property=\"og:image:type\" content=\"image\/jpeg\" \/>\n<meta name=\"twitter:card\" content=\"summary_large_image\" \/>\n<meta name=\"twitter:label1\" content=\"Procijenjeno vrijeme \u010ditanja\" \/>\n\t<meta name=\"twitter:data1\" content=\"1 minuta\" \/>\n<script type=\"application\/ld+json\" class=\"yoast-schema-graph\">{\"@context\":\"https:\\\/\\\/schema.org\",\"@graph\":[{\"@type\":\"WebPage\",\"@id\":\"https:\\\/\\\/medicinasinc.com\\\/hr\\\/product\\\/kupiti-trostruki-g-soj\\\/\",\"url\":\"https:\\\/\\\/medicinasinc.com\\\/hr\\\/product\\\/kupiti-trostruki-g-soj\\\/\",\"name\":\"Kupite Triple G Strain - najbolji najbolji svjetski lijekovi\",\"isPartOf\":{\"@id\":\"https:\\\/\\\/medicinasinc.com\\\/hr\\\/#website\"},\"primaryImageOfPage\":{\"@id\":\"https:\\\/\\\/medicinasinc.com\\\/hr\\\/product\\\/kupiti-trostruki-g-soj\\\/#primaryimage\"},\"image\":{\"@id\":\"https:\\\/\\\/medicinasinc.com\\\/hr\\\/product\\\/kupiti-trostruki-g-soj\\\/#primaryimage\"},\"thumbnailUrl\":\"https:\\\/\\\/medicinasinc.com\\\/hr\\\/wp-content\\\/uploads\\\/sites\\\/3\\\/2022\\\/02\\\/Buy-Triple-G-Strain-1.jpg\",\"datePublished\":\"2022-02-20T17:37:57+00:00\",\"dateModified\":\"2022-03-15T06:00:06+00:00\",\"description\":\"Kupite Triple G soj za prodaju hibrid je i kri\u017eanac izme\u0111u dva mo\u0107na soja koja su postala poznata u zajednici kanabisa: Gorilla Glue i Gelato.\",\"breadcrumb\":{\"@id\":\"https:\\\/\\\/medicinasinc.com\\\/hr\\\/product\\\/kupiti-trostruki-g-soj\\\/#breadcrumb\"},\"inLanguage\":\"hr\",\"potentialAction\":[{\"@type\":\"ReadAction\",\"target\":[\"https:\\\/\\\/medicinasinc.com\\\/hr\\\/product\\\/kupiti-trostruki-g-soj\\\/\"]}]},{\"@type\":\"ImageObject\",\"inLanguage\":\"hr\",\"@id\":\"https:\\\/\\\/medicinasinc.com\\\/hr\\\/product\\\/kupiti-trostruki-g-soj\\\/#primaryimage\",\"url\":\"https:\\\/\\\/medicinasinc.com\\\/hr\\\/wp-content\\\/uploads\\\/sites\\\/3\\\/2022\\\/02\\\/Buy-Triple-G-Strain-1.jpg\",\"contentUrl\":\"https:\\\/\\\/medicinasinc.com\\\/hr\\\/wp-content\\\/uploads\\\/sites\\\/3\\\/2022\\\/02\\\/Buy-Triple-G-Strain-1.jpg\",\"width\":800,\"height\":800},{\"@type\":\"BreadcrumbList\",\"@id\":\"https:\\\/\\\/medicinasinc.com\\\/hr\\\/product\\\/kupiti-trostruki-g-soj\\\/#breadcrumb\",\"itemListElement\":[{\"@type\":\"ListItem\",\"position\":1,\"name\":\"Du\u0107an\",\"item\":\"https:\\\/\\\/medicinasinc.com\\\/hr\\\/ducan\\\/\"},{\"@type\":\"ListItem\",\"position\":2,\"name\":\"Kupite Triple G Strain\"}]},{\"@type\":\"WebSite\",\"@id\":\"https:\\\/\\\/medicinasinc.com\\\/hr\\\/#website\",\"url\":\"https:\\\/\\\/medicinasinc.com\\\/hr\\\/\",\"name\":\"Medicinas Inc\",\"description\":\"Health Medical Clinic\",\"potentialAction\":[{\"@type\":\"SearchAction\",\"target\":{\"@type\":\"EntryPoint\",\"urlTemplate\":\"https:\\\/\\\/medicinasinc.com\\\/hr\\\/?s={search_term_string}\"},\"query-input\":{\"@type\":\"PropertyValueSpecification\",\"valueRequired\":true,\"valueName\":\"search_term_string\"}}],\"inLanguage\":\"hr\"}]}<\/script>\n<!-- \/ Yoast SEO plugin. -->","yoast_head_json":{"title":"Kupite Triple G Strain - najbolji najbolji svjetski lijekovi","description":"Kupite Triple G soj za prodaju hibrid je i kri\u017eanac izme\u0111u dva mo\u0107na soja koja su postala poznata u zajednici kanabisa: Gorilla Glue i Gelato.","robots":{"index":"index","follow":"follow","max-snippet":"max-snippet:-1","max-image-preview":"max-image-preview:large","max-video-preview":"max-video-preview:-1"},"canonical":"https:\/\/medicinasinc.com\/hr\/product\/kupiti-trostruki-g-soj\/","og_locale":"hr_HR","og_type":"article","og_title":"Kupite Triple G Strain - najbolji najbolji svjetski lijekovi","og_description":"Kupite Triple G soj za prodaju hibrid je i kri\u017eanac izme\u0111u dva mo\u0107na soja koja su postala poznata u zajednici kanabisa: Gorilla Glue i Gelato.","og_url":"https:\/\/medicinasinc.com\/hr\/product\/kupiti-trostruki-g-soj\/","og_site_name":"Medicinas Inc","article_modified_time":"2022-03-15T06:00:06+00:00","og_image":[{"width":800,"height":800,"url":"https:\/\/medicinasinc.com\/hr\/wp-content\/uploads\/sites\/3\/2022\/02\/Buy-Triple-G-Strain-1.jpg","type":"image\/jpeg"}],"twitter_card":"summary_large_image","twitter_misc":{"Procijenjeno vrijeme \u010ditanja":"1 minuta"},"schema":{"@context":"https:\/\/schema.org","@graph":[{"@type":"WebPage","@id":"https:\/\/medicinasinc.com\/hr\/product\/kupiti-trostruki-g-soj\/","url":"https:\/\/medicinasinc.com\/hr\/product\/kupiti-trostruki-g-soj\/","name":"Kupite Triple G Strain - najbolji najbolji svjetski lijekovi","isPartOf":{"@id":"https:\/\/medicinasinc.com\/hr\/#website"},"primaryImageOfPage":{"@id":"https:\/\/medicinasinc.com\/hr\/product\/kupiti-trostruki-g-soj\/#primaryimage"},"image":{"@id":"https:\/\/medicinasinc.com\/hr\/product\/kupiti-trostruki-g-soj\/#primaryimage"},"thumbnailUrl":"https:\/\/medicinasinc.com\/hr\/wp-content\/uploads\/sites\/3\/2022\/02\/Buy-Triple-G-Strain-1.jpg","datePublished":"2022-02-20T17:37:57+00:00","dateModified":"2022-03-15T06:00:06+00:00","description":"Kupite Triple G soj za prodaju hibrid je i kri\u017eanac izme\u0111u dva mo\u0107na soja koja su postala poznata u zajednici kanabisa: Gorilla Glue i Gelato.","breadcrumb":{"@id":"https:\/\/medicinasinc.com\/hr\/product\/kupiti-trostruki-g-soj\/#breadcrumb"},"inLanguage":"hr","potentialAction":[{"@type":"ReadAction","target":["https:\/\/medicinasinc.com\/hr\/product\/kupiti-trostruki-g-soj\/"]}]},{"@type":"ImageObject","inLanguage":"hr","@id":"https:\/\/medicinasinc.com\/hr\/product\/kupiti-trostruki-g-soj\/#primaryimage","url":"https:\/\/medicinasinc.com\/hr\/wp-content\/uploads\/sites\/3\/2022\/02\/Buy-Triple-G-Strain-1.jpg","contentUrl":"https:\/\/medicinasinc.com\/hr\/wp-content\/uploads\/sites\/3\/2022\/02\/Buy-Triple-G-Strain-1.jpg","width":800,"height":800},{"@type":"BreadcrumbList","@id":"https:\/\/medicinasinc.com\/hr\/product\/kupiti-trostruki-g-soj\/#breadcrumb","itemListElement":[{"@type":"ListItem","position":1,"name":"Du\u0107an","item":"https:\/\/medicinasinc.com\/hr\/ducan\/"},{"@type":"ListItem","position":2,"name":"Kupite Triple G Strain"}]},{"@type":"WebSite","@id":"https:\/\/medicinasinc.com\/hr\/#website","url":"https:\/\/medicinasinc.com\/hr\/","name":"Medicinas Inc","description":"Health Medical Clinic","potentialAction":[{"@type":"SearchAction","target":{"@type":"EntryPoint","urlTemplate":"https:\/\/medicinasinc.com\/hr\/?s={search_term_string}"},"query-input":{"@type":"PropertyValueSpecification","valueRequired":true,"valueName":"search_term_string"}}],"inLanguage":"hr"}]}},"_links":{"self":[{"href":"https:\/\/medicinasinc.com\/hr\/wp-json\/wp\/v2\/product\/4908","targetHints":{"allow":["GET"]}}],"collection":[{"href":"https:\/\/medicinasinc.com\/hr\/wp-json\/wp\/v2\/product"}],"about":[{"href":"https:\/\/medicinasinc.com\/hr\/wp-json\/wp\/v2\/types\/product"}],"replies":[{"embeddable":true,"href":"https:\/\/medicinasinc.com\/hr\/wp-json\/wp\/v2\/comments?post=4908"}],"wp:featuredmedia":[{"embeddable":true,"href":"https:\/\/medicinasinc.com\/hr\/wp-json\/wp\/v2\/media\/4922"}],"wp:attachment":[{"href":"https:\/\/medicinasinc.com\/hr\/wp-json\/wp\/v2\/media?parent=4908"}],"wp:term":[{"taxonomy":"product_brand","embeddable":true,"href":"https:\/\/medicinasinc.com\/hr\/wp-json\/wp\/v2\/product_brand?post=4908"},{"taxonomy":"product_cat","embeddable":true,"href":"https:\/\/medicinasinc.com\/hr\/wp-json\/wp\/v2\/product_cat?post=4908"},{"taxonomy":"product_tag","embeddable":true,"href":"https:\/\/medicinasinc.com\/hr\/wp-json\/wp\/v2\/product_tag?post=4908"}],"curies":[{"name":"wp","href":"https:\/\/api.w.org\/{rel}","templated":true}]}}