{"id":4896,"date":"2022-02-20T17:28:28","date_gmt":"2022-02-20T17:28:28","guid":{"rendered":"https:\/\/medicinasinc.com\/hr\/?post_type=product&#038;p=4896"},"modified":"2022-03-15T06:00:14","modified_gmt":"2022-03-15T06:00:14","slug":"kupi-apollo-11-marihuanu","status":"publish","type":"product","link":"https:\/\/medicinasinc.com\/hr\/product\/kupi-apollo-11-marihuanu\/","title":{"rendered":"Kupite Apollo 11 marihuanu"},"content":{"rendered":"<div class=\"woocommerce-tabs wc-tabs-wrapper\">\n<div id=\"tab-description\" class=\"woocommerce-Tabs-panel woocommerce-Tabs-panel--description panel entry-content wc-tab\" role=\"tabpanel\" aria-labelledby=\"tab-title-description\">\n<p>KUPITE SOJA MARIHUANA APOLLO 11<\/p>\n<p>Apollo 11 je vrlo mo\u0107an hibridni soj kanabisa s jakim cerebralnim u\u010dincima zbog kojih se va\u0161a glava mo\u017ee osje\u0107ati kao ako se sprema sletjeti na mjesec. Soj marihuane Apollo 11 ima smiruju\u0107i u\u010dinak i sna\u017ean osje\u0107aj fizi\u010dke opu\u0161tenosti. Pupoljci su izdu\u017eeni, blijedozeleni i izrazito smolasti.<\/p>\n<p>KAKO KORISTITI MARIJUANU APOLLO 11 SOJ?<\/p>\n<p>Apollo 11 je prikladan za pu\u0161enje u d\u017eointu, bongu, luli ili zdjeli. <\/p>\n<p>Kanabinoidi se apsorbiraju u krvotok dok dim ulazi u plu\u0107a. Ovaj popodnevni u\u017eitak daje energiju i kreativan, a mo\u017ee vam pomo\u0107i da isklju\u010dite mentalno brbljanje i usredoto\u010dite se na ono \u0161to je izravno ispred vas.<\/p>\n<p>KOJE SU NUSPOJAVE SOJA MARIHUANA APOLLO 11?<\/p>\n<p> &gt; <\/p>\n<p>Nakon pu\u0161enja Apolla 11 mo\u017eete nai\u0107i na sljede\u0107e pote\u0161ko\u0107e:<br \/> \u2022 Vrtoglavicu \u2022 Gubitak svijesti \u2022 Suha usta \u2022 Suhe o\u010di \u2022 Gubitak apetita<\/p>\n<p>KOJE SU INTERAKCIJE SOJA APOLLO 11 MARIHUANA?<\/p>\n<p>Interakcija bolesti:<br \/> \u2022 Kardiovaskularni problemi<br \/> \u2022 Seksualne pote\u0161ko\u0107e<\/p>\n<p>Interakcije s hranom i lijekovima uklju\u010duju sljede\u0107e: \u2022 Alkohol \u2022 Steroidi<\/p>\n<p>\u0160TO JE LI NAJBOLJE MJESTO ZA KUPOVINU APOLLO 11 SOJA MARIHUANA?<\/p>\n<p>Dobavlja\u010d Cannabis OTC najbolja je internetska ljekarna koja prodaje samo originalne, visokokvalitetne proizvode. Apollo 11 Cannabis mo\u017eete kupiti online. Kupite soj Apollo 11 po najboljim cijenama dostupnim ovdje.<\/p>\n<\/p><\/div><\/div>\n","protected":false},"excerpt":{"rendered":"<div class=\"woocommerce-product-details__short-description\">\n<p>Kupite Apollo 11 soj marihuane. Ovaj psihoaktivni cvijet bogat je THC-om i osposobit \u0107e vas za ljubav.<\/p>\n<p>Kupite 1\/2 unce soja marihuane Apollo 11. Apollo 11 je dominantna sorta sativa koja ima duge, svijetlozelene pupoljke koji su prekriveni dugim blijedim dla\u010dicama. Pupoljci su izrazito smolasti, \u0161to rezultira osje\u0107ajem ljepljivosti u ruci. Kanabis na prodaju, gdje nabaviti marihuanu iz misije Apollo 11.<\/p>\n<\/p><\/div>\n","protected":false},"featured_media":4911,"comment_status":"open","ping_status":"closed","template":"","meta":[],"product_brand":[],"product_cat":[778],"product_tag":[],"class_list":{"0":"post-4896","1":"product","2":"type-product","3":"status-publish","4":"has-post-thumbnail","6":"product_cat-korov-za-prodaju","8":"first","9":"instock","10":"shipping-taxable","11":"purchasable","12":"product-type-variable","13":"has-default-attributes"},"yoast_head":"<!-- This site is optimized with the Yoast SEO plugin v27.3 - https:\/\/yoast.com\/product\/yoast-seo-wordpress\/ -->\n<title>Kupite Apollo 11 marihuanu - najbolji najbolji svjetski lijekovi<\/title>\n<meta name=\"description\" content=\"Kupite soj marihuane Apollo 11 za prodaju. Visok sadr\u017eaj THC-a, ovaj psihoaktivni cvijet ostavit \u0107e vas u raspolo\u017eenju za ljubav\" \/>\n<meta name=\"robots\" content=\"index, follow, max-snippet:-1, max-image-preview:large, max-video-preview:-1\" \/>\n<link rel=\"canonical\" href=\"https:\/\/medicinasinc.com\/hr\/product\/kupi-apollo-11-marihuanu\/\" \/>\n<meta property=\"og:locale\" content=\"hr_HR\" \/>\n<meta property=\"og:type\" content=\"article\" \/>\n<meta property=\"og:title\" content=\"Kupite Apollo 11 marihuanu - najbolji najbolji svjetski lijekovi\" \/>\n<meta property=\"og:description\" content=\"Kupite soj marihuane Apollo 11 za prodaju. Visok sadr\u017eaj THC-a, ovaj psihoaktivni cvijet ostavit \u0107e vas u raspolo\u017eenju za ljubav\" \/>\n<meta property=\"og:url\" content=\"https:\/\/medicinasinc.com\/hr\/product\/kupi-apollo-11-marihuanu\/\" \/>\n<meta property=\"og:site_name\" content=\"Medicinas Inc\" \/>\n<meta property=\"article:modified_time\" content=\"2022-03-15T06:00:14+00:00\" \/>\n<meta property=\"og:image\" content=\"https:\/\/medicinasinc.com\/hr\/wp-content\/uploads\/sites\/3\/2022\/02\/Buy-Apollo-11-Marijuana-1.jpg\" \/>\n\t<meta property=\"og:image:width\" content=\"243\" \/>\n\t<meta property=\"og:image:height\" content=\"207\" \/>\n\t<meta property=\"og:image:type\" content=\"image\/jpeg\" \/>\n<meta name=\"twitter:card\" content=\"summary_large_image\" \/>\n<meta name=\"twitter:label1\" content=\"Procijenjeno vrijeme \u010ditanja\" \/>\n\t<meta name=\"twitter:data1\" content=\"1 minuta\" \/>\n<script type=\"application\/ld+json\" class=\"yoast-schema-graph\">{\"@context\":\"https:\\\/\\\/schema.org\",\"@graph\":[{\"@type\":\"WebPage\",\"@id\":\"https:\\\/\\\/medicinasinc.com\\\/hr\\\/product\\\/kupi-apollo-11-marihuanu\\\/\",\"url\":\"https:\\\/\\\/medicinasinc.com\\\/hr\\\/product\\\/kupi-apollo-11-marihuanu\\\/\",\"name\":\"Kupite Apollo 11 marihuanu - najbolji najbolji svjetski lijekovi\",\"isPartOf\":{\"@id\":\"https:\\\/\\\/medicinasinc.com\\\/hr\\\/#website\"},\"primaryImageOfPage\":{\"@id\":\"https:\\\/\\\/medicinasinc.com\\\/hr\\\/product\\\/kupi-apollo-11-marihuanu\\\/#primaryimage\"},\"image\":{\"@id\":\"https:\\\/\\\/medicinasinc.com\\\/hr\\\/product\\\/kupi-apollo-11-marihuanu\\\/#primaryimage\"},\"thumbnailUrl\":\"https:\\\/\\\/medicinasinc.com\\\/hr\\\/wp-content\\\/uploads\\\/sites\\\/3\\\/2022\\\/02\\\/Buy-Apollo-11-Marijuana-1.jpg\",\"datePublished\":\"2022-02-20T17:28:28+00:00\",\"dateModified\":\"2022-03-15T06:00:14+00:00\",\"description\":\"Kupite soj marihuane Apollo 11 za prodaju. Visok sadr\u017eaj THC-a, ovaj psihoaktivni cvijet ostavit \u0107e vas u raspolo\u017eenju za ljubav\",\"breadcrumb\":{\"@id\":\"https:\\\/\\\/medicinasinc.com\\\/hr\\\/product\\\/kupi-apollo-11-marihuanu\\\/#breadcrumb\"},\"inLanguage\":\"hr\",\"potentialAction\":[{\"@type\":\"ReadAction\",\"target\":[\"https:\\\/\\\/medicinasinc.com\\\/hr\\\/product\\\/kupi-apollo-11-marihuanu\\\/\"]}]},{\"@type\":\"ImageObject\",\"inLanguage\":\"hr\",\"@id\":\"https:\\\/\\\/medicinasinc.com\\\/hr\\\/product\\\/kupi-apollo-11-marihuanu\\\/#primaryimage\",\"url\":\"https:\\\/\\\/medicinasinc.com\\\/hr\\\/wp-content\\\/uploads\\\/sites\\\/3\\\/2022\\\/02\\\/Buy-Apollo-11-Marijuana-1.jpg\",\"contentUrl\":\"https:\\\/\\\/medicinasinc.com\\\/hr\\\/wp-content\\\/uploads\\\/sites\\\/3\\\/2022\\\/02\\\/Buy-Apollo-11-Marijuana-1.jpg\",\"width\":243,\"height\":207},{\"@type\":\"BreadcrumbList\",\"@id\":\"https:\\\/\\\/medicinasinc.com\\\/hr\\\/product\\\/kupi-apollo-11-marihuanu\\\/#breadcrumb\",\"itemListElement\":[{\"@type\":\"ListItem\",\"position\":1,\"name\":\"Du\u0107an\",\"item\":\"https:\\\/\\\/medicinasinc.com\\\/hr\\\/ducan\\\/\"},{\"@type\":\"ListItem\",\"position\":2,\"name\":\"Kupite Apollo 11 marihuanu\"}]},{\"@type\":\"WebSite\",\"@id\":\"https:\\\/\\\/medicinasinc.com\\\/hr\\\/#website\",\"url\":\"https:\\\/\\\/medicinasinc.com\\\/hr\\\/\",\"name\":\"Medicinas Inc\",\"description\":\"Health Medical Clinic\",\"potentialAction\":[{\"@type\":\"SearchAction\",\"target\":{\"@type\":\"EntryPoint\",\"urlTemplate\":\"https:\\\/\\\/medicinasinc.com\\\/hr\\\/?s={search_term_string}\"},\"query-input\":{\"@type\":\"PropertyValueSpecification\",\"valueRequired\":true,\"valueName\":\"search_term_string\"}}],\"inLanguage\":\"hr\"}]}<\/script>\n<!-- \/ Yoast SEO plugin. -->","yoast_head_json":{"title":"Kupite Apollo 11 marihuanu - najbolji najbolji svjetski lijekovi","description":"Kupite soj marihuane Apollo 11 za prodaju. Visok sadr\u017eaj THC-a, ovaj psihoaktivni cvijet ostavit \u0107e vas u raspolo\u017eenju za ljubav","robots":{"index":"index","follow":"follow","max-snippet":"max-snippet:-1","max-image-preview":"max-image-preview:large","max-video-preview":"max-video-preview:-1"},"canonical":"https:\/\/medicinasinc.com\/hr\/product\/kupi-apollo-11-marihuanu\/","og_locale":"hr_HR","og_type":"article","og_title":"Kupite Apollo 11 marihuanu - najbolji najbolji svjetski lijekovi","og_description":"Kupite soj marihuane Apollo 11 za prodaju. Visok sadr\u017eaj THC-a, ovaj psihoaktivni cvijet ostavit \u0107e vas u raspolo\u017eenju za ljubav","og_url":"https:\/\/medicinasinc.com\/hr\/product\/kupi-apollo-11-marihuanu\/","og_site_name":"Medicinas Inc","article_modified_time":"2022-03-15T06:00:14+00:00","og_image":[{"width":243,"height":207,"url":"https:\/\/medicinasinc.com\/hr\/wp-content\/uploads\/sites\/3\/2022\/02\/Buy-Apollo-11-Marijuana-1.jpg","type":"image\/jpeg"}],"twitter_card":"summary_large_image","twitter_misc":{"Procijenjeno vrijeme \u010ditanja":"1 minuta"},"schema":{"@context":"https:\/\/schema.org","@graph":[{"@type":"WebPage","@id":"https:\/\/medicinasinc.com\/hr\/product\/kupi-apollo-11-marihuanu\/","url":"https:\/\/medicinasinc.com\/hr\/product\/kupi-apollo-11-marihuanu\/","name":"Kupite Apollo 11 marihuanu - najbolji najbolji svjetski lijekovi","isPartOf":{"@id":"https:\/\/medicinasinc.com\/hr\/#website"},"primaryImageOfPage":{"@id":"https:\/\/medicinasinc.com\/hr\/product\/kupi-apollo-11-marihuanu\/#primaryimage"},"image":{"@id":"https:\/\/medicinasinc.com\/hr\/product\/kupi-apollo-11-marihuanu\/#primaryimage"},"thumbnailUrl":"https:\/\/medicinasinc.com\/hr\/wp-content\/uploads\/sites\/3\/2022\/02\/Buy-Apollo-11-Marijuana-1.jpg","datePublished":"2022-02-20T17:28:28+00:00","dateModified":"2022-03-15T06:00:14+00:00","description":"Kupite soj marihuane Apollo 11 za prodaju. Visok sadr\u017eaj THC-a, ovaj psihoaktivni cvijet ostavit \u0107e vas u raspolo\u017eenju za ljubav","breadcrumb":{"@id":"https:\/\/medicinasinc.com\/hr\/product\/kupi-apollo-11-marihuanu\/#breadcrumb"},"inLanguage":"hr","potentialAction":[{"@type":"ReadAction","target":["https:\/\/medicinasinc.com\/hr\/product\/kupi-apollo-11-marihuanu\/"]}]},{"@type":"ImageObject","inLanguage":"hr","@id":"https:\/\/medicinasinc.com\/hr\/product\/kupi-apollo-11-marihuanu\/#primaryimage","url":"https:\/\/medicinasinc.com\/hr\/wp-content\/uploads\/sites\/3\/2022\/02\/Buy-Apollo-11-Marijuana-1.jpg","contentUrl":"https:\/\/medicinasinc.com\/hr\/wp-content\/uploads\/sites\/3\/2022\/02\/Buy-Apollo-11-Marijuana-1.jpg","width":243,"height":207},{"@type":"BreadcrumbList","@id":"https:\/\/medicinasinc.com\/hr\/product\/kupi-apollo-11-marihuanu\/#breadcrumb","itemListElement":[{"@type":"ListItem","position":1,"name":"Du\u0107an","item":"https:\/\/medicinasinc.com\/hr\/ducan\/"},{"@type":"ListItem","position":2,"name":"Kupite Apollo 11 marihuanu"}]},{"@type":"WebSite","@id":"https:\/\/medicinasinc.com\/hr\/#website","url":"https:\/\/medicinasinc.com\/hr\/","name":"Medicinas Inc","description":"Health Medical Clinic","potentialAction":[{"@type":"SearchAction","target":{"@type":"EntryPoint","urlTemplate":"https:\/\/medicinasinc.com\/hr\/?s={search_term_string}"},"query-input":{"@type":"PropertyValueSpecification","valueRequired":true,"valueName":"search_term_string"}}],"inLanguage":"hr"}]}},"_links":{"self":[{"href":"https:\/\/medicinasinc.com\/hr\/wp-json\/wp\/v2\/product\/4896","targetHints":{"allow":["GET"]}}],"collection":[{"href":"https:\/\/medicinasinc.com\/hr\/wp-json\/wp\/v2\/product"}],"about":[{"href":"https:\/\/medicinasinc.com\/hr\/wp-json\/wp\/v2\/types\/product"}],"replies":[{"embeddable":true,"href":"https:\/\/medicinasinc.com\/hr\/wp-json\/wp\/v2\/comments?post=4896"}],"wp:featuredmedia":[{"embeddable":true,"href":"https:\/\/medicinasinc.com\/hr\/wp-json\/wp\/v2\/media\/4911"}],"wp:attachment":[{"href":"https:\/\/medicinasinc.com\/hr\/wp-json\/wp\/v2\/media?parent=4896"}],"wp:term":[{"taxonomy":"product_brand","embeddable":true,"href":"https:\/\/medicinasinc.com\/hr\/wp-json\/wp\/v2\/product_brand?post=4896"},{"taxonomy":"product_cat","embeddable":true,"href":"https:\/\/medicinasinc.com\/hr\/wp-json\/wp\/v2\/product_cat?post=4896"},{"taxonomy":"product_tag","embeddable":true,"href":"https:\/\/medicinasinc.com\/hr\/wp-json\/wp\/v2\/product_tag?post=4896"}],"curies":[{"name":"wp","href":"https:\/\/api.w.org\/{rel}","templated":true}]}}