{"id":4895,"date":"2022-02-20T17:27:17","date_gmt":"2022-02-20T17:27:17","guid":{"rendered":"https:\/\/medicinasinc.com\/hr\/?post_type=product&#038;p=4895"},"modified":"2022-03-15T06:00:25","modified_gmt":"2022-03-15T06:00:25","slug":"kupi-ak-47-marihuanu","status":"publish","type":"product","link":"https:\/\/medicinasinc.com\/hr\/product\/kupi-ak-47-marihuanu\/","title":{"rendered":"Kupite AK-47 marihuanu"},"content":{"rendered":"<p><strong>Kupite AK-47 Marihuana Sativa Strain online.<\/strong><\/p>\n<p><strong>Online kupnju AK-47 Marihuana Sativa Strain.<\/strong><\/p>\n<p> AK-47 Marihuana je hibrid sa dominantnim Sativa &#8211; 65% Sativa i 35% Indica. Indica<br \/> Sadr\u017eaj THC-a kre\u0107e se izme\u0111u 13% i 20%, sadr\u017eaj CBD-a je 1%, a sadr\u017eaj CBN-a je 1%.<\/p>\n<p>Kreativni, energi\u010dni, eufori\u010dni i sretni okusi mogu ubla\u017eiti bipolarni poreme\u0107aj, kroni\u010dni Bol, depresija, glavobolje, nesanica, gubitak apetita, migrene, PTSP i stres<br \/> Arome tvora, slatko\u0107e i drva<br \/> Opor, skunky, kiselo i ljuto<\/p>\n","protected":false},"excerpt":{"rendered":"<p>Kupite AK-47 Marihuana Sativa Strain za prodaju putem interneta u Ujedinjenom Kraljevstvu i Europi. KUPITE TRAVU ONLINE AUSTRALIJA<\/p>\n<p>&nbsp;<\/p>\n","protected":false},"featured_media":4909,"comment_status":"open","ping_status":"closed","template":"","meta":[],"product_brand":[],"product_cat":[778],"product_tag":[779,780,783,784,782,781,786,785],"class_list":{"0":"post-4895","1":"product","2":"type-product","3":"status-publish","4":"has-post-thumbnail","6":"product_cat-korov-za-prodaju","7":"product_tag-ak-47-runtz-soj","8":"product_tag-ak-47-seeds-feminized-uk","9":"product_tag-ak-47-cijena-soj","10":"product_tag-ak-47-soj-miris","11":"product_tag-ak-47-naprezanje-za-tjeskobu","12":"product_tag-ak-47-strain-efekti","13":"product_tag-ozbiljno-sjeme-ak-47-recenzija","14":"product_tag-trenja-ak-47-sjemenke","16":"first","17":"instock","18":"shipping-taxable","19":"purchasable","20":"product-type-variable","21":"has-default-attributes"},"yoast_head":"<!-- This site is optimized with the Yoast SEO plugin v27.3 - https:\/\/yoast.com\/product\/yoast-seo-wordpress\/ -->\n<title>Kupite AK-47 marihuanu - Best Global Meds<\/title>\n<meta name=\"description\" content=\"Kupite AK-47 Marihuana Sativa Strain za prodaju na mre\u017ei u Velikoj Britaniji, Europi. KUPITE TRAVU ONLINE AUSTRALIJA kupujte marihuanu online Australija, Australija trava na prodaju.\" \/>\n<meta name=\"robots\" content=\"index, follow, max-snippet:-1, max-image-preview:large, max-video-preview:-1\" \/>\n<link rel=\"canonical\" href=\"https:\/\/medicinasinc.com\/hr\/product\/kupi-ak-47-marihuanu\/\" \/>\n<meta property=\"og:locale\" content=\"hr_HR\" \/>\n<meta property=\"og:type\" content=\"article\" \/>\n<meta property=\"og:title\" content=\"Kupite AK-47 marihuanu - Best Global Meds\" \/>\n<meta property=\"og:description\" content=\"Kupite AK-47 Marihuana Sativa Strain za prodaju na mre\u017ei u Velikoj Britaniji, Europi. KUPITE TRAVU ONLINE AUSTRALIJA kupujte marihuanu online Australija, Australija trava na prodaju.\" \/>\n<meta property=\"og:url\" content=\"https:\/\/medicinasinc.com\/hr\/product\/kupi-ak-47-marihuanu\/\" \/>\n<meta property=\"og:site_name\" content=\"Medicinas Inc\" \/>\n<meta property=\"article:modified_time\" content=\"2022-03-15T06:00:25+00:00\" \/>\n<meta property=\"og:image\" content=\"https:\/\/medicinasinc.com\/hr\/wp-content\/uploads\/sites\/3\/2022\/02\/Buy-AK-47-Marijuana.jpeg\" \/>\n\t<meta property=\"og:image:width\" content=\"1242\" \/>\n\t<meta property=\"og:image:height\" content=\"1051\" \/>\n\t<meta property=\"og:image:type\" content=\"image\/jpeg\" \/>\n<meta name=\"twitter:card\" content=\"summary_large_image\" \/>\n<meta name=\"twitter:label1\" content=\"Procijenjeno vrijeme \u010ditanja\" \/>\n\t<meta name=\"twitter:data1\" content=\"1 minuta\" \/>\n<script type=\"application\/ld+json\" class=\"yoast-schema-graph\">{\"@context\":\"https:\\\/\\\/schema.org\",\"@graph\":[{\"@type\":\"WebPage\",\"@id\":\"https:\\\/\\\/medicinasinc.com\\\/hr\\\/product\\\/kupi-ak-47-marihuanu\\\/\",\"url\":\"https:\\\/\\\/medicinasinc.com\\\/hr\\\/product\\\/kupi-ak-47-marihuanu\\\/\",\"name\":\"Kupite AK-47 marihuanu - Best Global Meds\",\"isPartOf\":{\"@id\":\"https:\\\/\\\/medicinasinc.com\\\/hr\\\/#website\"},\"primaryImageOfPage\":{\"@id\":\"https:\\\/\\\/medicinasinc.com\\\/hr\\\/product\\\/kupi-ak-47-marihuanu\\\/#primaryimage\"},\"image\":{\"@id\":\"https:\\\/\\\/medicinasinc.com\\\/hr\\\/product\\\/kupi-ak-47-marihuanu\\\/#primaryimage\"},\"thumbnailUrl\":\"https:\\\/\\\/medicinasinc.com\\\/hr\\\/wp-content\\\/uploads\\\/sites\\\/3\\\/2022\\\/02\\\/Buy-AK-47-Marijuana.jpeg\",\"datePublished\":\"2022-02-20T17:27:17+00:00\",\"dateModified\":\"2022-03-15T06:00:25+00:00\",\"description\":\"Kupite AK-47 Marihuana Sativa Strain za prodaju na mre\u017ei u Velikoj Britaniji, Europi. KUPITE TRAVU ONLINE AUSTRALIJA kupujte marihuanu online Australija, Australija trava na prodaju.\",\"breadcrumb\":{\"@id\":\"https:\\\/\\\/medicinasinc.com\\\/hr\\\/product\\\/kupi-ak-47-marihuanu\\\/#breadcrumb\"},\"inLanguage\":\"hr\",\"potentialAction\":[{\"@type\":\"ReadAction\",\"target\":[\"https:\\\/\\\/medicinasinc.com\\\/hr\\\/product\\\/kupi-ak-47-marihuanu\\\/\"]}]},{\"@type\":\"ImageObject\",\"inLanguage\":\"hr\",\"@id\":\"https:\\\/\\\/medicinasinc.com\\\/hr\\\/product\\\/kupi-ak-47-marihuanu\\\/#primaryimage\",\"url\":\"https:\\\/\\\/medicinasinc.com\\\/hr\\\/wp-content\\\/uploads\\\/sites\\\/3\\\/2022\\\/02\\\/Buy-AK-47-Marijuana.jpeg\",\"contentUrl\":\"https:\\\/\\\/medicinasinc.com\\\/hr\\\/wp-content\\\/uploads\\\/sites\\\/3\\\/2022\\\/02\\\/Buy-AK-47-Marijuana.jpeg\",\"width\":1242,\"height\":1051},{\"@type\":\"BreadcrumbList\",\"@id\":\"https:\\\/\\\/medicinasinc.com\\\/hr\\\/product\\\/kupi-ak-47-marihuanu\\\/#breadcrumb\",\"itemListElement\":[{\"@type\":\"ListItem\",\"position\":1,\"name\":\"Du\u0107an\",\"item\":\"https:\\\/\\\/medicinasinc.com\\\/hr\\\/ducan\\\/\"},{\"@type\":\"ListItem\",\"position\":2,\"name\":\"Kupite AK-47 marihuanu\"}]},{\"@type\":\"WebSite\",\"@id\":\"https:\\\/\\\/medicinasinc.com\\\/hr\\\/#website\",\"url\":\"https:\\\/\\\/medicinasinc.com\\\/hr\\\/\",\"name\":\"Medicinas Inc\",\"description\":\"Health Medical Clinic\",\"potentialAction\":[{\"@type\":\"SearchAction\",\"target\":{\"@type\":\"EntryPoint\",\"urlTemplate\":\"https:\\\/\\\/medicinasinc.com\\\/hr\\\/?s={search_term_string}\"},\"query-input\":{\"@type\":\"PropertyValueSpecification\",\"valueRequired\":true,\"valueName\":\"search_term_string\"}}],\"inLanguage\":\"hr\"}]}<\/script>\n<!-- \/ Yoast SEO plugin. -->","yoast_head_json":{"title":"Kupite AK-47 marihuanu - Best Global Meds","description":"Kupite AK-47 Marihuana Sativa Strain za prodaju na mre\u017ei u Velikoj Britaniji, Europi. KUPITE TRAVU ONLINE AUSTRALIJA kupujte marihuanu online Australija, Australija trava na prodaju.","robots":{"index":"index","follow":"follow","max-snippet":"max-snippet:-1","max-image-preview":"max-image-preview:large","max-video-preview":"max-video-preview:-1"},"canonical":"https:\/\/medicinasinc.com\/hr\/product\/kupi-ak-47-marihuanu\/","og_locale":"hr_HR","og_type":"article","og_title":"Kupite AK-47 marihuanu - Best Global Meds","og_description":"Kupite AK-47 Marihuana Sativa Strain za prodaju na mre\u017ei u Velikoj Britaniji, Europi. KUPITE TRAVU ONLINE AUSTRALIJA kupujte marihuanu online Australija, Australija trava na prodaju.","og_url":"https:\/\/medicinasinc.com\/hr\/product\/kupi-ak-47-marihuanu\/","og_site_name":"Medicinas Inc","article_modified_time":"2022-03-15T06:00:25+00:00","og_image":[{"width":1242,"height":1051,"url":"https:\/\/medicinasinc.com\/hr\/wp-content\/uploads\/sites\/3\/2022\/02\/Buy-AK-47-Marijuana.jpeg","type":"image\/jpeg"}],"twitter_card":"summary_large_image","twitter_misc":{"Procijenjeno vrijeme \u010ditanja":"1 minuta"},"schema":{"@context":"https:\/\/schema.org","@graph":[{"@type":"WebPage","@id":"https:\/\/medicinasinc.com\/hr\/product\/kupi-ak-47-marihuanu\/","url":"https:\/\/medicinasinc.com\/hr\/product\/kupi-ak-47-marihuanu\/","name":"Kupite AK-47 marihuanu - Best Global Meds","isPartOf":{"@id":"https:\/\/medicinasinc.com\/hr\/#website"},"primaryImageOfPage":{"@id":"https:\/\/medicinasinc.com\/hr\/product\/kupi-ak-47-marihuanu\/#primaryimage"},"image":{"@id":"https:\/\/medicinasinc.com\/hr\/product\/kupi-ak-47-marihuanu\/#primaryimage"},"thumbnailUrl":"https:\/\/medicinasinc.com\/hr\/wp-content\/uploads\/sites\/3\/2022\/02\/Buy-AK-47-Marijuana.jpeg","datePublished":"2022-02-20T17:27:17+00:00","dateModified":"2022-03-15T06:00:25+00:00","description":"Kupite AK-47 Marihuana Sativa Strain za prodaju na mre\u017ei u Velikoj Britaniji, Europi. KUPITE TRAVU ONLINE AUSTRALIJA kupujte marihuanu online Australija, Australija trava na prodaju.","breadcrumb":{"@id":"https:\/\/medicinasinc.com\/hr\/product\/kupi-ak-47-marihuanu\/#breadcrumb"},"inLanguage":"hr","potentialAction":[{"@type":"ReadAction","target":["https:\/\/medicinasinc.com\/hr\/product\/kupi-ak-47-marihuanu\/"]}]},{"@type":"ImageObject","inLanguage":"hr","@id":"https:\/\/medicinasinc.com\/hr\/product\/kupi-ak-47-marihuanu\/#primaryimage","url":"https:\/\/medicinasinc.com\/hr\/wp-content\/uploads\/sites\/3\/2022\/02\/Buy-AK-47-Marijuana.jpeg","contentUrl":"https:\/\/medicinasinc.com\/hr\/wp-content\/uploads\/sites\/3\/2022\/02\/Buy-AK-47-Marijuana.jpeg","width":1242,"height":1051},{"@type":"BreadcrumbList","@id":"https:\/\/medicinasinc.com\/hr\/product\/kupi-ak-47-marihuanu\/#breadcrumb","itemListElement":[{"@type":"ListItem","position":1,"name":"Du\u0107an","item":"https:\/\/medicinasinc.com\/hr\/ducan\/"},{"@type":"ListItem","position":2,"name":"Kupite AK-47 marihuanu"}]},{"@type":"WebSite","@id":"https:\/\/medicinasinc.com\/hr\/#website","url":"https:\/\/medicinasinc.com\/hr\/","name":"Medicinas Inc","description":"Health Medical Clinic","potentialAction":[{"@type":"SearchAction","target":{"@type":"EntryPoint","urlTemplate":"https:\/\/medicinasinc.com\/hr\/?s={search_term_string}"},"query-input":{"@type":"PropertyValueSpecification","valueRequired":true,"valueName":"search_term_string"}}],"inLanguage":"hr"}]}},"_links":{"self":[{"href":"https:\/\/medicinasinc.com\/hr\/wp-json\/wp\/v2\/product\/4895","targetHints":{"allow":["GET"]}}],"collection":[{"href":"https:\/\/medicinasinc.com\/hr\/wp-json\/wp\/v2\/product"}],"about":[{"href":"https:\/\/medicinasinc.com\/hr\/wp-json\/wp\/v2\/types\/product"}],"replies":[{"embeddable":true,"href":"https:\/\/medicinasinc.com\/hr\/wp-json\/wp\/v2\/comments?post=4895"}],"wp:featuredmedia":[{"embeddable":true,"href":"https:\/\/medicinasinc.com\/hr\/wp-json\/wp\/v2\/media\/4909"}],"wp:attachment":[{"href":"https:\/\/medicinasinc.com\/hr\/wp-json\/wp\/v2\/media?parent=4895"}],"wp:term":[{"taxonomy":"product_brand","embeddable":true,"href":"https:\/\/medicinasinc.com\/hr\/wp-json\/wp\/v2\/product_brand?post=4895"},{"taxonomy":"product_cat","embeddable":true,"href":"https:\/\/medicinasinc.com\/hr\/wp-json\/wp\/v2\/product_cat?post=4895"},{"taxonomy":"product_tag","embeddable":true,"href":"https:\/\/medicinasinc.com\/hr\/wp-json\/wp\/v2\/product_tag?post=4895"}],"curies":[{"name":"wp","href":"https:\/\/api.w.org\/{rel}","templated":true}]}}