{"id":4884,"date":"2022-02-20T17:19:27","date_gmt":"2022-02-20T17:19:27","guid":{"rendered":"https:\/\/medicinasinc.com\/hr\/?post_type=product&#038;p=4884"},"modified":"2022-08-04T06:30:53","modified_gmt":"2022-08-04T06:30:53","slug":"kupiti-bijela-udovica-razbiti","status":"publish","type":"product","link":"https:\/\/medicinasinc.com\/hr\/product\/kupiti-bijela-udovica-razbiti\/","title":{"rendered":"Kupite White Widow Shatter"},"content":{"rendered":"<p>KUPITE ONLINE U NAJBOLJEM ONLINE TRGOVINI WHITE WIDOW SHATTER<\/p>\n<p>Ako \u017eelite kupiti White Widow Shatter online, kontaktirajte MJ Online Bud Store. Nudimo najbolje cijene za White Widow Shatter. Kao najbolja trgovina na internetskom tr\u017ei\u0161tu Sjedinjenih Ameri\u010dkih Dr\u017eava, Ujedinjenog Kraljevstva, Kanade, Njema\u010dke i Australije, ne zanemarujemo nijedan aspekt ispunjavanja zahtjeva koje su naveli kupci prilikom narud\u017ebe White Widow Shatter online.<\/p>\n<p>Za\u0161to bi pojedinci trebali koristiti White Widow Shatter?<\/p>\n<p>White Widow Shatter legendarni je hibridni soj koji je obo\u017eavan diljem svijeta. Ovaj soj je proizveden isklju\u010divo kri\u017eanjem brazilske Sativa Landrace s ju\u017enoindijskom Indicom. Boja mu je tamno jantarna. Ovaj koncentrat ima iznimno hrskavu teksturu, \u0161to ga \u010dini vrlo jednostavnim za kori\u0161tenje. Kada se pu\u0161i, ovaj soj pru\u017ea tradicionalno iskustvo kanabisa. Sadr\u017ei izme\u0111u 75% i 80% THC-a. Osim toga, dobro je poznat po tome \u0161to je izvrstan jutarnji ili dnevni namaz. Okus ovog soja je tipi\u010dno zemljan, drvenast i cvjetni.<\/p>\n<p>Ovo je dobro poznata soja zbog svojih eufori\u010dnih i cerebralnih u\u010dinaka.<br \/>\nPru\u017ea trenutnu i eufori\u010dnu cerebralnu navalu.<br \/>\nIzaziva sna\u017enu euforiju, \u0161to rezultira pove\u0107anom kreativno\u0161\u0107u.<br \/>\nUbla\u017eava bol i poti\u010de krajnji mir.<br \/>\nIdealan je soj za blagu do umjerenu bol, stres, depresiju i umor.<br \/>\nPromi\u010de aktivnosti kao \u0161to su umjereni rad ili tjelesna aktivnost, dru\u0161tvena interakcija, rekreacija i kreativni napori.<br \/>\nKoja je najbolja internetska trgovina za kupnju White Widow Shatter?<\/p>\n<p>White Widow Shatter se mo\u017ee kupiti od strane tvrtke White Widow Shatter. nitko drugi nego MJ Online Bud Store. Primit \u0107ete svoju online narud\u017ebu za White Widow Shatter u kratkom vremenskom razdoblju. Naru\u010dite White Widow Shatter online jo\u0161 danas i pove\u017eite se s najboljim dobavlja\u010dima i dobavlja\u010dima u na\u0161oj online ambulanti.<\/p>\n","protected":false},"excerpt":{"rendered":"<p>Ako \u017eelite kupiti White Widow Shatter za prodaju putem interneta, kontaktirajte medicinasinc.com Online Store. Imamo White Widow Shatter za prodaju po najboljim cijenama.<\/p>\n<p>&nbsp;<\/p>\n<ul>\n<li>Dostava po cijelom svijetu<\/li>\n<li><strong>Ocjena: AAAAA<\/strong><\/li>\n<li><strong>Kontaktirajte nas<\/strong>\u00a0za ve\u0107e narud\u017ebe<\/li>\n<\/ul>\n","protected":false},"featured_media":4899,"comment_status":"open","ping_status":"closed","template":"","meta":[],"product_brand":[],"product_cat":[777],"product_tag":[],"class_list":{"0":"post-4884","1":"product","2":"type-product","3":"status-publish","4":"has-post-thumbnail","6":"product_cat-kupiti-razbiti","8":"first","9":"instock","10":"shipping-taxable","11":"purchasable","12":"product-type-variable","13":"has-default-attributes"},"yoast_head":"<!-- This site is optimized with the Yoast SEO plugin v27.3 - https:\/\/yoast.com\/product\/yoast-seo-wordpress\/ -->\n<title>Kupite White Widow Shatter - najbolji najbolji globalni lijekovi<\/title>\n<meta name=\"description\" content=\"Ako \u017eelite kupiti White Widow Shatter za prodaju putem interneta, kontaktirajte medicinasinc.com Online Store. Imamo White Widow Shatter za prodaju po najpovoljnijim cijenama.\" \/>\n<meta name=\"robots\" content=\"index, follow, max-snippet:-1, max-image-preview:large, max-video-preview:-1\" \/>\n<link rel=\"canonical\" href=\"https:\/\/medicinasinc.com\/hr\/product\/kupiti-bijela-udovica-razbiti\/\" \/>\n<meta property=\"og:locale\" content=\"hr_HR\" \/>\n<meta property=\"og:type\" content=\"article\" \/>\n<meta property=\"og:title\" content=\"Kupite White Widow Shatter - najbolji najbolji globalni lijekovi\" \/>\n<meta property=\"og:description\" content=\"Ako \u017eelite kupiti White Widow Shatter za prodaju putem interneta, kontaktirajte medicinasinc.com Online Store. Imamo White Widow Shatter za prodaju po najpovoljnijim cijenama.\" \/>\n<meta property=\"og:url\" content=\"https:\/\/medicinasinc.com\/hr\/product\/kupiti-bijela-udovica-razbiti\/\" \/>\n<meta property=\"og:site_name\" content=\"Medicinas Inc\" \/>\n<meta property=\"article:modified_time\" content=\"2022-08-04T06:30:53+00:00\" \/>\n<meta property=\"og:image\" content=\"https:\/\/medicinasinc.com\/hr\/wp-content\/uploads\/sites\/3\/2022\/02\/Buy-White-Widow-Shatter.jpg\" \/>\n\t<meta property=\"og:image:width\" content=\"600\" \/>\n\t<meta property=\"og:image:height\" content=\"600\" \/>\n\t<meta property=\"og:image:type\" content=\"image\/jpeg\" \/>\n<meta name=\"twitter:card\" content=\"summary_large_image\" \/>\n<meta name=\"twitter:label1\" content=\"Procijenjeno vrijeme \u010ditanja\" \/>\n\t<meta name=\"twitter:data1\" content=\"2 minute\" \/>\n<script type=\"application\/ld+json\" class=\"yoast-schema-graph\">{\"@context\":\"https:\\\/\\\/schema.org\",\"@graph\":[{\"@type\":\"WebPage\",\"@id\":\"https:\\\/\\\/medicinasinc.com\\\/hr\\\/product\\\/kupiti-bijela-udovica-razbiti\\\/\",\"url\":\"https:\\\/\\\/medicinasinc.com\\\/hr\\\/product\\\/kupiti-bijela-udovica-razbiti\\\/\",\"name\":\"Kupite White Widow Shatter - najbolji najbolji globalni lijekovi\",\"isPartOf\":{\"@id\":\"https:\\\/\\\/medicinasinc.com\\\/hr\\\/#website\"},\"primaryImageOfPage\":{\"@id\":\"https:\\\/\\\/medicinasinc.com\\\/hr\\\/product\\\/kupiti-bijela-udovica-razbiti\\\/#primaryimage\"},\"image\":{\"@id\":\"https:\\\/\\\/medicinasinc.com\\\/hr\\\/product\\\/kupiti-bijela-udovica-razbiti\\\/#primaryimage\"},\"thumbnailUrl\":\"https:\\\/\\\/medicinasinc.com\\\/hr\\\/wp-content\\\/uploads\\\/sites\\\/3\\\/2022\\\/02\\\/Buy-White-Widow-Shatter.jpg\",\"datePublished\":\"2022-02-20T17:19:27+00:00\",\"dateModified\":\"2022-08-04T06:30:53+00:00\",\"description\":\"Ako \u017eelite kupiti White Widow Shatter za prodaju putem interneta, kontaktirajte medicinasinc.com Online Store. Imamo White Widow Shatter za prodaju po najpovoljnijim cijenama.\",\"breadcrumb\":{\"@id\":\"https:\\\/\\\/medicinasinc.com\\\/hr\\\/product\\\/kupiti-bijela-udovica-razbiti\\\/#breadcrumb\"},\"inLanguage\":\"hr\",\"potentialAction\":[{\"@type\":\"ReadAction\",\"target\":[\"https:\\\/\\\/medicinasinc.com\\\/hr\\\/product\\\/kupiti-bijela-udovica-razbiti\\\/\"]}]},{\"@type\":\"ImageObject\",\"inLanguage\":\"hr\",\"@id\":\"https:\\\/\\\/medicinasinc.com\\\/hr\\\/product\\\/kupiti-bijela-udovica-razbiti\\\/#primaryimage\",\"url\":\"https:\\\/\\\/medicinasinc.com\\\/hr\\\/wp-content\\\/uploads\\\/sites\\\/3\\\/2022\\\/02\\\/Buy-White-Widow-Shatter.jpg\",\"contentUrl\":\"https:\\\/\\\/medicinasinc.com\\\/hr\\\/wp-content\\\/uploads\\\/sites\\\/3\\\/2022\\\/02\\\/Buy-White-Widow-Shatter.jpg\",\"width\":600,\"height\":600},{\"@type\":\"BreadcrumbList\",\"@id\":\"https:\\\/\\\/medicinasinc.com\\\/hr\\\/product\\\/kupiti-bijela-udovica-razbiti\\\/#breadcrumb\",\"itemListElement\":[{\"@type\":\"ListItem\",\"position\":1,\"name\":\"Du\u0107an\",\"item\":\"https:\\\/\\\/medicinasinc.com\\\/hr\\\/ducan\\\/\"},{\"@type\":\"ListItem\",\"position\":2,\"name\":\"Kupite White Widow Shatter\"}]},{\"@type\":\"WebSite\",\"@id\":\"https:\\\/\\\/medicinasinc.com\\\/hr\\\/#website\",\"url\":\"https:\\\/\\\/medicinasinc.com\\\/hr\\\/\",\"name\":\"Medicinas Inc\",\"description\":\"Health Medical Clinic\",\"potentialAction\":[{\"@type\":\"SearchAction\",\"target\":{\"@type\":\"EntryPoint\",\"urlTemplate\":\"https:\\\/\\\/medicinasinc.com\\\/hr\\\/?s={search_term_string}\"},\"query-input\":{\"@type\":\"PropertyValueSpecification\",\"valueRequired\":true,\"valueName\":\"search_term_string\"}}],\"inLanguage\":\"hr\"}]}<\/script>\n<!-- \/ Yoast SEO plugin. -->","yoast_head_json":{"title":"Kupite White Widow Shatter - najbolji najbolji globalni lijekovi","description":"Ako \u017eelite kupiti White Widow Shatter za prodaju putem interneta, kontaktirajte medicinasinc.com Online Store. Imamo White Widow Shatter za prodaju po najpovoljnijim cijenama.","robots":{"index":"index","follow":"follow","max-snippet":"max-snippet:-1","max-image-preview":"max-image-preview:large","max-video-preview":"max-video-preview:-1"},"canonical":"https:\/\/medicinasinc.com\/hr\/product\/kupiti-bijela-udovica-razbiti\/","og_locale":"hr_HR","og_type":"article","og_title":"Kupite White Widow Shatter - najbolji najbolji globalni lijekovi","og_description":"Ako \u017eelite kupiti White Widow Shatter za prodaju putem interneta, kontaktirajte medicinasinc.com Online Store. Imamo White Widow Shatter za prodaju po najpovoljnijim cijenama.","og_url":"https:\/\/medicinasinc.com\/hr\/product\/kupiti-bijela-udovica-razbiti\/","og_site_name":"Medicinas Inc","article_modified_time":"2022-08-04T06:30:53+00:00","og_image":[{"width":600,"height":600,"url":"https:\/\/medicinasinc.com\/hr\/wp-content\/uploads\/sites\/3\/2022\/02\/Buy-White-Widow-Shatter.jpg","type":"image\/jpeg"}],"twitter_card":"summary_large_image","twitter_misc":{"Procijenjeno vrijeme \u010ditanja":"2 minute"},"schema":{"@context":"https:\/\/schema.org","@graph":[{"@type":"WebPage","@id":"https:\/\/medicinasinc.com\/hr\/product\/kupiti-bijela-udovica-razbiti\/","url":"https:\/\/medicinasinc.com\/hr\/product\/kupiti-bijela-udovica-razbiti\/","name":"Kupite White Widow Shatter - najbolji najbolji globalni lijekovi","isPartOf":{"@id":"https:\/\/medicinasinc.com\/hr\/#website"},"primaryImageOfPage":{"@id":"https:\/\/medicinasinc.com\/hr\/product\/kupiti-bijela-udovica-razbiti\/#primaryimage"},"image":{"@id":"https:\/\/medicinasinc.com\/hr\/product\/kupiti-bijela-udovica-razbiti\/#primaryimage"},"thumbnailUrl":"https:\/\/medicinasinc.com\/hr\/wp-content\/uploads\/sites\/3\/2022\/02\/Buy-White-Widow-Shatter.jpg","datePublished":"2022-02-20T17:19:27+00:00","dateModified":"2022-08-04T06:30:53+00:00","description":"Ako \u017eelite kupiti White Widow Shatter za prodaju putem interneta, kontaktirajte medicinasinc.com Online Store. Imamo White Widow Shatter za prodaju po najpovoljnijim cijenama.","breadcrumb":{"@id":"https:\/\/medicinasinc.com\/hr\/product\/kupiti-bijela-udovica-razbiti\/#breadcrumb"},"inLanguage":"hr","potentialAction":[{"@type":"ReadAction","target":["https:\/\/medicinasinc.com\/hr\/product\/kupiti-bijela-udovica-razbiti\/"]}]},{"@type":"ImageObject","inLanguage":"hr","@id":"https:\/\/medicinasinc.com\/hr\/product\/kupiti-bijela-udovica-razbiti\/#primaryimage","url":"https:\/\/medicinasinc.com\/hr\/wp-content\/uploads\/sites\/3\/2022\/02\/Buy-White-Widow-Shatter.jpg","contentUrl":"https:\/\/medicinasinc.com\/hr\/wp-content\/uploads\/sites\/3\/2022\/02\/Buy-White-Widow-Shatter.jpg","width":600,"height":600},{"@type":"BreadcrumbList","@id":"https:\/\/medicinasinc.com\/hr\/product\/kupiti-bijela-udovica-razbiti\/#breadcrumb","itemListElement":[{"@type":"ListItem","position":1,"name":"Du\u0107an","item":"https:\/\/medicinasinc.com\/hr\/ducan\/"},{"@type":"ListItem","position":2,"name":"Kupite White Widow Shatter"}]},{"@type":"WebSite","@id":"https:\/\/medicinasinc.com\/hr\/#website","url":"https:\/\/medicinasinc.com\/hr\/","name":"Medicinas Inc","description":"Health Medical Clinic","potentialAction":[{"@type":"SearchAction","target":{"@type":"EntryPoint","urlTemplate":"https:\/\/medicinasinc.com\/hr\/?s={search_term_string}"},"query-input":{"@type":"PropertyValueSpecification","valueRequired":true,"valueName":"search_term_string"}}],"inLanguage":"hr"}]}},"_links":{"self":[{"href":"https:\/\/medicinasinc.com\/hr\/wp-json\/wp\/v2\/product\/4884","targetHints":{"allow":["GET"]}}],"collection":[{"href":"https:\/\/medicinasinc.com\/hr\/wp-json\/wp\/v2\/product"}],"about":[{"href":"https:\/\/medicinasinc.com\/hr\/wp-json\/wp\/v2\/types\/product"}],"replies":[{"embeddable":true,"href":"https:\/\/medicinasinc.com\/hr\/wp-json\/wp\/v2\/comments?post=4884"}],"wp:featuredmedia":[{"embeddable":true,"href":"https:\/\/medicinasinc.com\/hr\/wp-json\/wp\/v2\/media\/4899"}],"wp:attachment":[{"href":"https:\/\/medicinasinc.com\/hr\/wp-json\/wp\/v2\/media?parent=4884"}],"wp:term":[{"taxonomy":"product_brand","embeddable":true,"href":"https:\/\/medicinasinc.com\/hr\/wp-json\/wp\/v2\/product_brand?post=4884"},{"taxonomy":"product_cat","embeddable":true,"href":"https:\/\/medicinasinc.com\/hr\/wp-json\/wp\/v2\/product_cat?post=4884"},{"taxonomy":"product_tag","embeddable":true,"href":"https:\/\/medicinasinc.com\/hr\/wp-json\/wp\/v2\/product_tag?post=4884"}],"curies":[{"name":"wp","href":"https:\/\/api.w.org\/{rel}","templated":true}]}}