{"id":4883,"date":"2022-02-20T17:18:33","date_gmt":"2022-02-20T17:18:33","guid":{"rendered":"https:\/\/medicinasinc.com\/hr\/?post_type=product&#038;p=4883"},"modified":"2022-03-15T06:00:44","modified_gmt":"2022-03-15T06:00:44","slug":"kupiti-zalazak-sunca-sherbert-shatter","status":"publish","type":"product","link":"https:\/\/medicinasinc.com\/hr\/product\/kupiti-zalazak-sunca-sherbert-shatter\/","title":{"rendered":"Kupite Sunset Sherbert Shatter"},"content":{"rendered":"<p>Kupite Sunset Sherbert Shatter \u2013 Premium Indica Dominant Hybrid \u2013 85% Indica \/ 15% Sativa<\/p>\n<p>Sunset Sherbert, koji se alternativno naziva Sherbet, nasljednik je trona Girl Scout Cookie. Sunset Sherbert naslijedio je genetske karakteristike svog roditelja Girl Scout Cookies, \u0161to je uklju\u010divalo OG Kush, Durban Poison i Cherry Pie u svojoj genetskoj liniji. Ta genetika je potom ukr\u0161tena s Pink Panties, roditeljem indica. Sunset Sherbert kombinira sna\u017ean zujanje cijelog tijela s osna\u017euju\u0107im naletom kreativne energije. Nakon pu\u0161enja, korisnici \u0107e osjetiti trenutni nalet energije \u2013 prvenstveno u umu \u2013 zbog \u010dega \u0107e se osje\u0107ati dru\u0161tveno i eufori\u010dno u roku od nekoliko minuta. Kako u\u010dinci po\u010dnu djelovati, nje\u017ean osje\u0107aj zagrijavanja pro\u0161irit \u0107e se cijelim tijelom, obavijaju\u0107i korisnika potpunim opu\u0161tanjem i bla\u017eenom sre\u0107om. Sunset Sherbert se koristio za lije\u010denje depresije, stresa, tjeskobe i blage do umjerene boli zbog svojih sna\u017enih u\u010dinaka.<\/p>\n<p>&nbsp;<\/p>\n<p>Napominjemo da zbog nepredvi\u0111enih okolnosti, kao \u0161to su nepredvi\u0111ene okolnosti. kao ljetna vru\u0107ina, vlaga, pa \u010dak i vrijeme, uvijek postoji \u0161ansa da \u0107e se komadi\u0107 koji ste naru\u010dili pretvoriti u vosak ili pupoljak prije nego \u0161to stigne do vas.<\/p>\n<p>Na\u017ealost, krhotina koja se pretvara u vo\u0161tani pupoljak nije neuobi\u010dajena kada je izlo\u017eena. zagrijati, ali to ni na koji na\u010din ne umanjuje sigurnost ili mo\u0107 va\u0161eg razbijanja. Doista, ako se to dogodi, terpeni i aromati \u0107e se pobolj\u0161ati, \u010dime \u0107e se pobolj\u0161ati okus.<\/p>\n<p>Ne nudimo povrat novca ili zamjenu ako se va\u0161 komadi\u0107 pretvori u pupoljak ili vosak.<\/p>\n<div class=\"product-next-previous\">\n<div class=\"product-prev\"><\/div><\/div>\n","protected":false},"excerpt":{"rendered":"<p>Kupite Shatter &#8211; Sunset Sherbert dostupan je za online kupnju u Europi i Ujedinjenom Kraljevstvu u \u00a0najboljim svjetskim lijekovima. U Europi mo\u017eete prona\u0107i najkvalitetniji Shatter &#8211; Proizvodi od kanabisa Sunset Sherbert.<\/p>\n<p>&nbsp;<\/p>\n<ul>\n<li>Dostava po cijelom svijetu<\/li>\n<li><strong>Ocjena: AAAAA<\/strong><\/li>\n<li> <strong>Kontaktirajte nas<\/strong>\u00a0za ve\u0107e narud\u017ebe<\/li>\n<\/ul>\n","protected":false},"featured_media":4897,"comment_status":"open","ping_status":"closed","template":"","meta":[],"product_brand":[],"product_cat":[777],"product_tag":[],"class_list":{"0":"post-4883","1":"product","2":"type-product","3":"status-publish","4":"has-post-thumbnail","6":"product_cat-kupiti-razbiti","8":"first","9":"instock","10":"shipping-taxable","11":"purchasable","12":"product-type-variable","13":"has-default-attributes"},"yoast_head":"<!-- This site is optimized with the Yoast SEO plugin v27.3 - https:\/\/yoast.com\/product\/yoast-seo-wordpress\/ -->\n<title>Kupite Sunset Sherbert Shatter - najbolji najbolji globalni lijekovi<\/title>\n<meta name=\"description\" content=\"Kupite Shatter - Sunset Sherbert za prodaju online Europa, UK u The global medicinas. Prona\u0111ite najkvalitetnije Shatter - Sunset Sherbert proizvode od kanabisa u Europi.\" \/>\n<meta name=\"robots\" content=\"index, follow, max-snippet:-1, max-image-preview:large, max-video-preview:-1\" \/>\n<link rel=\"canonical\" href=\"https:\/\/medicinasinc.com\/hr\/product\/kupiti-zalazak-sunca-sherbert-shatter\/\" \/>\n<meta property=\"og:locale\" content=\"hr_HR\" \/>\n<meta property=\"og:type\" content=\"article\" \/>\n<meta property=\"og:title\" content=\"Kupite Sunset Sherbert Shatter - najbolji najbolji globalni lijekovi\" \/>\n<meta property=\"og:description\" content=\"Kupite Shatter - Sunset Sherbert za prodaju online Europa, UK u The global medicinas. Prona\u0111ite najkvalitetnije Shatter - Sunset Sherbert proizvode od kanabisa u Europi.\" \/>\n<meta property=\"og:url\" content=\"https:\/\/medicinasinc.com\/hr\/product\/kupiti-zalazak-sunca-sherbert-shatter\/\" \/>\n<meta property=\"og:site_name\" content=\"Medicinas Inc\" \/>\n<meta property=\"article:modified_time\" content=\"2022-03-15T06:00:44+00:00\" \/>\n<meta property=\"og:image\" content=\"https:\/\/medicinasinc.com\/hr\/wp-content\/uploads\/sites\/3\/2022\/02\/Buy-Sunset-Sherbert-Shatter.jpg\" \/>\n\t<meta property=\"og:image:width\" content=\"600\" \/>\n\t<meta property=\"og:image:height\" content=\"600\" \/>\n\t<meta property=\"og:image:type\" content=\"image\/jpeg\" \/>\n<meta name=\"twitter:card\" content=\"summary_large_image\" \/>\n<meta name=\"twitter:label1\" content=\"Procijenjeno vrijeme \u010ditanja\" \/>\n\t<meta name=\"twitter:data1\" content=\"2 minute\" \/>\n<script type=\"application\/ld+json\" class=\"yoast-schema-graph\">{\"@context\":\"https:\\\/\\\/schema.org\",\"@graph\":[{\"@type\":\"WebPage\",\"@id\":\"https:\\\/\\\/medicinasinc.com\\\/hr\\\/product\\\/kupiti-zalazak-sunca-sherbert-shatter\\\/\",\"url\":\"https:\\\/\\\/medicinasinc.com\\\/hr\\\/product\\\/kupiti-zalazak-sunca-sherbert-shatter\\\/\",\"name\":\"Kupite Sunset Sherbert Shatter - najbolji najbolji globalni lijekovi\",\"isPartOf\":{\"@id\":\"https:\\\/\\\/medicinasinc.com\\\/hr\\\/#website\"},\"primaryImageOfPage\":{\"@id\":\"https:\\\/\\\/medicinasinc.com\\\/hr\\\/product\\\/kupiti-zalazak-sunca-sherbert-shatter\\\/#primaryimage\"},\"image\":{\"@id\":\"https:\\\/\\\/medicinasinc.com\\\/hr\\\/product\\\/kupiti-zalazak-sunca-sherbert-shatter\\\/#primaryimage\"},\"thumbnailUrl\":\"https:\\\/\\\/medicinasinc.com\\\/hr\\\/wp-content\\\/uploads\\\/sites\\\/3\\\/2022\\\/02\\\/Buy-Sunset-Sherbert-Shatter.jpg\",\"datePublished\":\"2022-02-20T17:18:33+00:00\",\"dateModified\":\"2022-03-15T06:00:44+00:00\",\"description\":\"Kupite Shatter - Sunset Sherbert za prodaju online Europa, UK u The global medicinas. Prona\u0111ite najkvalitetnije Shatter - Sunset Sherbert proizvode od kanabisa u Europi.\",\"breadcrumb\":{\"@id\":\"https:\\\/\\\/medicinasinc.com\\\/hr\\\/product\\\/kupiti-zalazak-sunca-sherbert-shatter\\\/#breadcrumb\"},\"inLanguage\":\"hr\",\"potentialAction\":[{\"@type\":\"ReadAction\",\"target\":[\"https:\\\/\\\/medicinasinc.com\\\/hr\\\/product\\\/kupiti-zalazak-sunca-sherbert-shatter\\\/\"]}]},{\"@type\":\"ImageObject\",\"inLanguage\":\"hr\",\"@id\":\"https:\\\/\\\/medicinasinc.com\\\/hr\\\/product\\\/kupiti-zalazak-sunca-sherbert-shatter\\\/#primaryimage\",\"url\":\"https:\\\/\\\/medicinasinc.com\\\/hr\\\/wp-content\\\/uploads\\\/sites\\\/3\\\/2022\\\/02\\\/Buy-Sunset-Sherbert-Shatter.jpg\",\"contentUrl\":\"https:\\\/\\\/medicinasinc.com\\\/hr\\\/wp-content\\\/uploads\\\/sites\\\/3\\\/2022\\\/02\\\/Buy-Sunset-Sherbert-Shatter.jpg\",\"width\":600,\"height\":600},{\"@type\":\"BreadcrumbList\",\"@id\":\"https:\\\/\\\/medicinasinc.com\\\/hr\\\/product\\\/kupiti-zalazak-sunca-sherbert-shatter\\\/#breadcrumb\",\"itemListElement\":[{\"@type\":\"ListItem\",\"position\":1,\"name\":\"Du\u0107an\",\"item\":\"https:\\\/\\\/medicinasinc.com\\\/hr\\\/ducan\\\/\"},{\"@type\":\"ListItem\",\"position\":2,\"name\":\"Kupite Sunset Sherbert Shatter\"}]},{\"@type\":\"WebSite\",\"@id\":\"https:\\\/\\\/medicinasinc.com\\\/hr\\\/#website\",\"url\":\"https:\\\/\\\/medicinasinc.com\\\/hr\\\/\",\"name\":\"Medicinas Inc\",\"description\":\"Health Medical Clinic\",\"potentialAction\":[{\"@type\":\"SearchAction\",\"target\":{\"@type\":\"EntryPoint\",\"urlTemplate\":\"https:\\\/\\\/medicinasinc.com\\\/hr\\\/?s={search_term_string}\"},\"query-input\":{\"@type\":\"PropertyValueSpecification\",\"valueRequired\":true,\"valueName\":\"search_term_string\"}}],\"inLanguage\":\"hr\"}]}<\/script>\n<!-- \/ Yoast SEO plugin. -->","yoast_head_json":{"title":"Kupite Sunset Sherbert Shatter - najbolji najbolji globalni lijekovi","description":"Kupite Shatter - Sunset Sherbert za prodaju online Europa, UK u The global medicinas. Prona\u0111ite najkvalitetnije Shatter - Sunset Sherbert proizvode od kanabisa u Europi.","robots":{"index":"index","follow":"follow","max-snippet":"max-snippet:-1","max-image-preview":"max-image-preview:large","max-video-preview":"max-video-preview:-1"},"canonical":"https:\/\/medicinasinc.com\/hr\/product\/kupiti-zalazak-sunca-sherbert-shatter\/","og_locale":"hr_HR","og_type":"article","og_title":"Kupite Sunset Sherbert Shatter - najbolji najbolji globalni lijekovi","og_description":"Kupite Shatter - Sunset Sherbert za prodaju online Europa, UK u The global medicinas. Prona\u0111ite najkvalitetnije Shatter - Sunset Sherbert proizvode od kanabisa u Europi.","og_url":"https:\/\/medicinasinc.com\/hr\/product\/kupiti-zalazak-sunca-sherbert-shatter\/","og_site_name":"Medicinas Inc","article_modified_time":"2022-03-15T06:00:44+00:00","og_image":[{"width":600,"height":600,"url":"https:\/\/medicinasinc.com\/hr\/wp-content\/uploads\/sites\/3\/2022\/02\/Buy-Sunset-Sherbert-Shatter.jpg","type":"image\/jpeg"}],"twitter_card":"summary_large_image","twitter_misc":{"Procijenjeno vrijeme \u010ditanja":"2 minute"},"schema":{"@context":"https:\/\/schema.org","@graph":[{"@type":"WebPage","@id":"https:\/\/medicinasinc.com\/hr\/product\/kupiti-zalazak-sunca-sherbert-shatter\/","url":"https:\/\/medicinasinc.com\/hr\/product\/kupiti-zalazak-sunca-sherbert-shatter\/","name":"Kupite Sunset Sherbert Shatter - najbolji najbolji globalni lijekovi","isPartOf":{"@id":"https:\/\/medicinasinc.com\/hr\/#website"},"primaryImageOfPage":{"@id":"https:\/\/medicinasinc.com\/hr\/product\/kupiti-zalazak-sunca-sherbert-shatter\/#primaryimage"},"image":{"@id":"https:\/\/medicinasinc.com\/hr\/product\/kupiti-zalazak-sunca-sherbert-shatter\/#primaryimage"},"thumbnailUrl":"https:\/\/medicinasinc.com\/hr\/wp-content\/uploads\/sites\/3\/2022\/02\/Buy-Sunset-Sherbert-Shatter.jpg","datePublished":"2022-02-20T17:18:33+00:00","dateModified":"2022-03-15T06:00:44+00:00","description":"Kupite Shatter - Sunset Sherbert za prodaju online Europa, UK u The global medicinas. Prona\u0111ite najkvalitetnije Shatter - Sunset Sherbert proizvode od kanabisa u Europi.","breadcrumb":{"@id":"https:\/\/medicinasinc.com\/hr\/product\/kupiti-zalazak-sunca-sherbert-shatter\/#breadcrumb"},"inLanguage":"hr","potentialAction":[{"@type":"ReadAction","target":["https:\/\/medicinasinc.com\/hr\/product\/kupiti-zalazak-sunca-sherbert-shatter\/"]}]},{"@type":"ImageObject","inLanguage":"hr","@id":"https:\/\/medicinasinc.com\/hr\/product\/kupiti-zalazak-sunca-sherbert-shatter\/#primaryimage","url":"https:\/\/medicinasinc.com\/hr\/wp-content\/uploads\/sites\/3\/2022\/02\/Buy-Sunset-Sherbert-Shatter.jpg","contentUrl":"https:\/\/medicinasinc.com\/hr\/wp-content\/uploads\/sites\/3\/2022\/02\/Buy-Sunset-Sherbert-Shatter.jpg","width":600,"height":600},{"@type":"BreadcrumbList","@id":"https:\/\/medicinasinc.com\/hr\/product\/kupiti-zalazak-sunca-sherbert-shatter\/#breadcrumb","itemListElement":[{"@type":"ListItem","position":1,"name":"Du\u0107an","item":"https:\/\/medicinasinc.com\/hr\/ducan\/"},{"@type":"ListItem","position":2,"name":"Kupite Sunset Sherbert Shatter"}]},{"@type":"WebSite","@id":"https:\/\/medicinasinc.com\/hr\/#website","url":"https:\/\/medicinasinc.com\/hr\/","name":"Medicinas Inc","description":"Health Medical Clinic","potentialAction":[{"@type":"SearchAction","target":{"@type":"EntryPoint","urlTemplate":"https:\/\/medicinasinc.com\/hr\/?s={search_term_string}"},"query-input":{"@type":"PropertyValueSpecification","valueRequired":true,"valueName":"search_term_string"}}],"inLanguage":"hr"}]}},"_links":{"self":[{"href":"https:\/\/medicinasinc.com\/hr\/wp-json\/wp\/v2\/product\/4883","targetHints":{"allow":["GET"]}}],"collection":[{"href":"https:\/\/medicinasinc.com\/hr\/wp-json\/wp\/v2\/product"}],"about":[{"href":"https:\/\/medicinasinc.com\/hr\/wp-json\/wp\/v2\/types\/product"}],"replies":[{"embeddable":true,"href":"https:\/\/medicinasinc.com\/hr\/wp-json\/wp\/v2\/comments?post=4883"}],"wp:featuredmedia":[{"embeddable":true,"href":"https:\/\/medicinasinc.com\/hr\/wp-json\/wp\/v2\/media\/4897"}],"wp:attachment":[{"href":"https:\/\/medicinasinc.com\/hr\/wp-json\/wp\/v2\/media?parent=4883"}],"wp:term":[{"taxonomy":"product_brand","embeddable":true,"href":"https:\/\/medicinasinc.com\/hr\/wp-json\/wp\/v2\/product_brand?post=4883"},{"taxonomy":"product_cat","embeddable":true,"href":"https:\/\/medicinasinc.com\/hr\/wp-json\/wp\/v2\/product_cat?post=4883"},{"taxonomy":"product_tag","embeddable":true,"href":"https:\/\/medicinasinc.com\/hr\/wp-json\/wp\/v2\/product_tag?post=4883"}],"curies":[{"name":"wp","href":"https:\/\/api.w.org\/{rel}","templated":true}]}}