{"id":4871,"date":"2022-02-20T17:08:15","date_gmt":"2022-02-20T17:08:15","guid":{"rendered":"https:\/\/medicinasinc.com\/hr\/?post_type=product&#038;p=4871"},"modified":"2022-08-04T05:57:07","modified_gmt":"2022-08-04T05:57:07","slug":"kupiti-borovnica-nuken-razbiti-gornju-policu","status":"publish","type":"product","link":"https:\/\/medicinasinc.com\/hr\/product\/kupiti-borovnica-nuken-razbiti-gornju-policu\/","title":{"rendered":"Kupite Blueberry Nuken Shatter \u2013 gornju policu"},"content":{"rendered":"<div class=\"descblock ff\">Nuken pru\u017ea ljekovita svojstva indica bez umora ili sedacije povezanih s indicama. Nuken stvara dugotrajno i iznimno opu\u0161taju\u0107e tijelo, a istovremeno dopu\u0161ta korisniku obavljanje zadataka i interakciju s prijateljima. Kako se u\u010dinci naprezanja poja\u010davaju, korisnici \u0107e do\u017eivjeti lagani osje\u0107aj zagrijavanja koji po\u010dinje u kralje\u017enici i postupno se \u0161iri cijelim tijelom, ubla\u017eavaju\u0107i bilo kakvu bol ili nelagodu u mi\u0161i\u0107ima. Ovi u\u010dinci popra\u0107eni su intenzivnom introspekcijom, \u0161to mo\u017ee uzrokovati da se neki korisnici po\u010detnici osje\u0107aju malo dezorijentirano. Nuken se koristio za lije\u010denje kroni\u010dne boli i upale, kao i blage depresije, tjeskobe i kroni\u010dnog stresa.<\/div>\n<div class=\"product-next-previous\">\n<div class=\"product-prev\"><\/div>\n<\/div>\n","protected":false},"excerpt":{"rendered":"<p>Kupite Blueberry Nuken Shatter UK, Europa online od medicinasinc.com dispanzera online, EZ Weed Online Cannabis Dispensary.<\/p>\n<ul>\n<li>Dostava diljem svijeta<\/li>\n<li><strong>Ocjena: AAAAA<\/strong><\/li>\n<li><strong>Kontaktirajte nas<\/strong>\u00a0za ve\u0107e narud\u017ebe<\/li>\n<li>DPD Post Xpresspost BESPLATNA dostava za narud\u017ebe iznad 200 USD<\/li>\n<\/ul>\n","protected":false},"featured_media":4885,"comment_status":"open","ping_status":"closed","template":"","meta":[],"product_brand":[],"product_cat":[777],"product_tag":[],"class_list":{"0":"post-4871","1":"product","2":"type-product","3":"status-publish","4":"has-post-thumbnail","6":"product_cat-kupiti-razbiti","8":"first","9":"instock","10":"shipping-taxable","11":"purchasable","12":"product-type-variable","13":"has-default-attributes"},"yoast_head":"<!-- This site is optimized with the Yoast SEO plugin v27.3 - https:\/\/yoast.com\/product\/yoast-seo-wordpress\/ -->\n<title>Kupite Blueberry Nuken Shatter \u2013 najbolja polica \u2013 najbolji najbolji svjetski lijekovi<\/title>\n<meta name=\"description\" content=\"Kupite Blueberry Nuken Shatter UK, Europa online od #1 kanadskog dispanzera online, najboljeg globalnog online dispanzera za kanabis.\" \/>\n<meta name=\"robots\" content=\"index, follow, max-snippet:-1, max-image-preview:large, max-video-preview:-1\" \/>\n<link rel=\"canonical\" href=\"https:\/\/medicinasinc.com\/hr\/product\/kupiti-borovnica-nuken-razbiti-gornju-policu\/\" \/>\n<meta property=\"og:locale\" content=\"hr_HR\" \/>\n<meta property=\"og:type\" content=\"article\" \/>\n<meta property=\"og:title\" content=\"Kupite Blueberry Nuken Shatter \u2013 najbolja polica \u2013 najbolji najbolji svjetski lijekovi\" \/>\n<meta property=\"og:description\" content=\"Kupite Blueberry Nuken Shatter UK, Europa online od #1 kanadskog dispanzera online, najboljeg globalnog online dispanzera za kanabis.\" \/>\n<meta property=\"og:url\" content=\"https:\/\/medicinasinc.com\/hr\/product\/kupiti-borovnica-nuken-razbiti-gornju-policu\/\" \/>\n<meta property=\"og:site_name\" content=\"Medicinas Inc\" \/>\n<meta property=\"article:modified_time\" content=\"2022-08-04T05:57:07+00:00\" \/>\n<meta property=\"og:image\" content=\"https:\/\/medicinasinc.com\/hr\/wp-content\/uploads\/sites\/3\/2022\/02\/Buy-Blueberry-Nuken-Shatter.jpg\" \/>\n\t<meta property=\"og:image:width\" content=\"600\" \/>\n\t<meta property=\"og:image:height\" content=\"600\" \/>\n\t<meta property=\"og:image:type\" content=\"image\/jpeg\" \/>\n<meta name=\"twitter:card\" content=\"summary_large_image\" \/>\n<meta name=\"twitter:label1\" content=\"Procijenjeno vrijeme \u010ditanja\" \/>\n\t<meta name=\"twitter:data1\" content=\"1 minuta\" \/>\n<script type=\"application\/ld+json\" class=\"yoast-schema-graph\">{\"@context\":\"https:\\\/\\\/schema.org\",\"@graph\":[{\"@type\":\"WebPage\",\"@id\":\"https:\\\/\\\/medicinasinc.com\\\/hr\\\/product\\\/kupiti-borovnica-nuken-razbiti-gornju-policu\\\/\",\"url\":\"https:\\\/\\\/medicinasinc.com\\\/hr\\\/product\\\/kupiti-borovnica-nuken-razbiti-gornju-policu\\\/\",\"name\":\"Kupite Blueberry Nuken Shatter \u2013 najbolja polica \u2013 najbolji najbolji svjetski lijekovi\",\"isPartOf\":{\"@id\":\"https:\\\/\\\/medicinasinc.com\\\/hr\\\/#website\"},\"primaryImageOfPage\":{\"@id\":\"https:\\\/\\\/medicinasinc.com\\\/hr\\\/product\\\/kupiti-borovnica-nuken-razbiti-gornju-policu\\\/#primaryimage\"},\"image\":{\"@id\":\"https:\\\/\\\/medicinasinc.com\\\/hr\\\/product\\\/kupiti-borovnica-nuken-razbiti-gornju-policu\\\/#primaryimage\"},\"thumbnailUrl\":\"https:\\\/\\\/medicinasinc.com\\\/hr\\\/wp-content\\\/uploads\\\/sites\\\/3\\\/2022\\\/02\\\/Buy-Blueberry-Nuken-Shatter.jpg\",\"datePublished\":\"2022-02-20T17:08:15+00:00\",\"dateModified\":\"2022-08-04T05:57:07+00:00\",\"description\":\"Kupite Blueberry Nuken Shatter UK, Europa online od #1 kanadskog dispanzera online, najboljeg globalnog online dispanzera za kanabis.\",\"breadcrumb\":{\"@id\":\"https:\\\/\\\/medicinasinc.com\\\/hr\\\/product\\\/kupiti-borovnica-nuken-razbiti-gornju-policu\\\/#breadcrumb\"},\"inLanguage\":\"hr\",\"potentialAction\":[{\"@type\":\"ReadAction\",\"target\":[\"https:\\\/\\\/medicinasinc.com\\\/hr\\\/product\\\/kupiti-borovnica-nuken-razbiti-gornju-policu\\\/\"]}]},{\"@type\":\"ImageObject\",\"inLanguage\":\"hr\",\"@id\":\"https:\\\/\\\/medicinasinc.com\\\/hr\\\/product\\\/kupiti-borovnica-nuken-razbiti-gornju-policu\\\/#primaryimage\",\"url\":\"https:\\\/\\\/medicinasinc.com\\\/hr\\\/wp-content\\\/uploads\\\/sites\\\/3\\\/2022\\\/02\\\/Buy-Blueberry-Nuken-Shatter.jpg\",\"contentUrl\":\"https:\\\/\\\/medicinasinc.com\\\/hr\\\/wp-content\\\/uploads\\\/sites\\\/3\\\/2022\\\/02\\\/Buy-Blueberry-Nuken-Shatter.jpg\",\"width\":600,\"height\":600},{\"@type\":\"BreadcrumbList\",\"@id\":\"https:\\\/\\\/medicinasinc.com\\\/hr\\\/product\\\/kupiti-borovnica-nuken-razbiti-gornju-policu\\\/#breadcrumb\",\"itemListElement\":[{\"@type\":\"ListItem\",\"position\":1,\"name\":\"Du\u0107an\",\"item\":\"https:\\\/\\\/medicinasinc.com\\\/hr\\\/ducan\\\/\"},{\"@type\":\"ListItem\",\"position\":2,\"name\":\"Kupite Blueberry Nuken Shatter \u2013 gornju policu\"}]},{\"@type\":\"WebSite\",\"@id\":\"https:\\\/\\\/medicinasinc.com\\\/hr\\\/#website\",\"url\":\"https:\\\/\\\/medicinasinc.com\\\/hr\\\/\",\"name\":\"Medicinas Inc\",\"description\":\"Health Medical Clinic\",\"potentialAction\":[{\"@type\":\"SearchAction\",\"target\":{\"@type\":\"EntryPoint\",\"urlTemplate\":\"https:\\\/\\\/medicinasinc.com\\\/hr\\\/?s={search_term_string}\"},\"query-input\":{\"@type\":\"PropertyValueSpecification\",\"valueRequired\":true,\"valueName\":\"search_term_string\"}}],\"inLanguage\":\"hr\"}]}<\/script>\n<!-- \/ Yoast SEO plugin. -->","yoast_head_json":{"title":"Kupite Blueberry Nuken Shatter \u2013 najbolja polica \u2013 najbolji najbolji svjetski lijekovi","description":"Kupite Blueberry Nuken Shatter UK, Europa online od #1 kanadskog dispanzera online, najboljeg globalnog online dispanzera za kanabis.","robots":{"index":"index","follow":"follow","max-snippet":"max-snippet:-1","max-image-preview":"max-image-preview:large","max-video-preview":"max-video-preview:-1"},"canonical":"https:\/\/medicinasinc.com\/hr\/product\/kupiti-borovnica-nuken-razbiti-gornju-policu\/","og_locale":"hr_HR","og_type":"article","og_title":"Kupite Blueberry Nuken Shatter \u2013 najbolja polica \u2013 najbolji najbolji svjetski lijekovi","og_description":"Kupite Blueberry Nuken Shatter UK, Europa online od #1 kanadskog dispanzera online, najboljeg globalnog online dispanzera za kanabis.","og_url":"https:\/\/medicinasinc.com\/hr\/product\/kupiti-borovnica-nuken-razbiti-gornju-policu\/","og_site_name":"Medicinas Inc","article_modified_time":"2022-08-04T05:57:07+00:00","og_image":[{"width":600,"height":600,"url":"https:\/\/medicinasinc.com\/hr\/wp-content\/uploads\/sites\/3\/2022\/02\/Buy-Blueberry-Nuken-Shatter.jpg","type":"image\/jpeg"}],"twitter_card":"summary_large_image","twitter_misc":{"Procijenjeno vrijeme \u010ditanja":"1 minuta"},"schema":{"@context":"https:\/\/schema.org","@graph":[{"@type":"WebPage","@id":"https:\/\/medicinasinc.com\/hr\/product\/kupiti-borovnica-nuken-razbiti-gornju-policu\/","url":"https:\/\/medicinasinc.com\/hr\/product\/kupiti-borovnica-nuken-razbiti-gornju-policu\/","name":"Kupite Blueberry Nuken Shatter \u2013 najbolja polica \u2013 najbolji najbolji svjetski lijekovi","isPartOf":{"@id":"https:\/\/medicinasinc.com\/hr\/#website"},"primaryImageOfPage":{"@id":"https:\/\/medicinasinc.com\/hr\/product\/kupiti-borovnica-nuken-razbiti-gornju-policu\/#primaryimage"},"image":{"@id":"https:\/\/medicinasinc.com\/hr\/product\/kupiti-borovnica-nuken-razbiti-gornju-policu\/#primaryimage"},"thumbnailUrl":"https:\/\/medicinasinc.com\/hr\/wp-content\/uploads\/sites\/3\/2022\/02\/Buy-Blueberry-Nuken-Shatter.jpg","datePublished":"2022-02-20T17:08:15+00:00","dateModified":"2022-08-04T05:57:07+00:00","description":"Kupite Blueberry Nuken Shatter UK, Europa online od #1 kanadskog dispanzera online, najboljeg globalnog online dispanzera za kanabis.","breadcrumb":{"@id":"https:\/\/medicinasinc.com\/hr\/product\/kupiti-borovnica-nuken-razbiti-gornju-policu\/#breadcrumb"},"inLanguage":"hr","potentialAction":[{"@type":"ReadAction","target":["https:\/\/medicinasinc.com\/hr\/product\/kupiti-borovnica-nuken-razbiti-gornju-policu\/"]}]},{"@type":"ImageObject","inLanguage":"hr","@id":"https:\/\/medicinasinc.com\/hr\/product\/kupiti-borovnica-nuken-razbiti-gornju-policu\/#primaryimage","url":"https:\/\/medicinasinc.com\/hr\/wp-content\/uploads\/sites\/3\/2022\/02\/Buy-Blueberry-Nuken-Shatter.jpg","contentUrl":"https:\/\/medicinasinc.com\/hr\/wp-content\/uploads\/sites\/3\/2022\/02\/Buy-Blueberry-Nuken-Shatter.jpg","width":600,"height":600},{"@type":"BreadcrumbList","@id":"https:\/\/medicinasinc.com\/hr\/product\/kupiti-borovnica-nuken-razbiti-gornju-policu\/#breadcrumb","itemListElement":[{"@type":"ListItem","position":1,"name":"Du\u0107an","item":"https:\/\/medicinasinc.com\/hr\/ducan\/"},{"@type":"ListItem","position":2,"name":"Kupite Blueberry Nuken Shatter \u2013 gornju policu"}]},{"@type":"WebSite","@id":"https:\/\/medicinasinc.com\/hr\/#website","url":"https:\/\/medicinasinc.com\/hr\/","name":"Medicinas Inc","description":"Health Medical Clinic","potentialAction":[{"@type":"SearchAction","target":{"@type":"EntryPoint","urlTemplate":"https:\/\/medicinasinc.com\/hr\/?s={search_term_string}"},"query-input":{"@type":"PropertyValueSpecification","valueRequired":true,"valueName":"search_term_string"}}],"inLanguage":"hr"}]}},"_links":{"self":[{"href":"https:\/\/medicinasinc.com\/hr\/wp-json\/wp\/v2\/product\/4871","targetHints":{"allow":["GET"]}}],"collection":[{"href":"https:\/\/medicinasinc.com\/hr\/wp-json\/wp\/v2\/product"}],"about":[{"href":"https:\/\/medicinasinc.com\/hr\/wp-json\/wp\/v2\/types\/product"}],"replies":[{"embeddable":true,"href":"https:\/\/medicinasinc.com\/hr\/wp-json\/wp\/v2\/comments?post=4871"}],"wp:featuredmedia":[{"embeddable":true,"href":"https:\/\/medicinasinc.com\/hr\/wp-json\/wp\/v2\/media\/4885"}],"wp:attachment":[{"href":"https:\/\/medicinasinc.com\/hr\/wp-json\/wp\/v2\/media?parent=4871"}],"wp:term":[{"taxonomy":"product_brand","embeddable":true,"href":"https:\/\/medicinasinc.com\/hr\/wp-json\/wp\/v2\/product_brand?post=4871"},{"taxonomy":"product_cat","embeddable":true,"href":"https:\/\/medicinasinc.com\/hr\/wp-json\/wp\/v2\/product_cat?post=4871"},{"taxonomy":"product_tag","embeddable":true,"href":"https:\/\/medicinasinc.com\/hr\/wp-json\/wp\/v2\/product_tag?post=4871"}],"curies":[{"name":"wp","href":"https:\/\/api.w.org\/{rel}","templated":true}]}}