{"id":4861,"date":"2022-02-20T17:01:48","date_gmt":"2022-02-20T17:01:48","guid":{"rendered":"https:\/\/medicinasinc.com\/hr\/?post_type=product&#038;p=4861"},"modified":"2022-03-15T06:01:13","modified_gmt":"2022-03-15T06:01:13","slug":"buy-lsd-100mcg-blotters","status":"publish","type":"product","link":"https:\/\/medicinasinc.com\/hr\/product\/buy-lsd-100mcg-blotters\/","title":{"rendered":"Kupite LSD 100mcg BLOTERE"},"content":{"rendered":"<p>LSD 100mcg BLOTTERI mogu se kupiti online.<\/p>\n<p>LSD 100mcg BLOTTERI se mogu kupiti online. Tako\u0111er\u00a0prodajemo LSD tablete. Za dodatne informacije o LSD-u, posjetite ovu stranicu.<\/p>\n<p>Online kupnja LSD-a (Lysergic Acid Diethylamide) sol\/blotter papir<\/p>\n<p>&nbsp;<\/p>\n<p>LSD (Lysergic Acid Diethylamide) Acid Diethylamide), skra\u0107eno LSD ili LSD-25, je polusintetski psihodeli\u010dni lijek iz obitelji ergolina koji je dobro poznat po svojim psiholo\u0161kim u\u010dincima.<br \/> Mo\u017eete kupiti jeftin LSD (Lysergic Acid Diethylamide) upijaju\u0107i papir na internetu (po niskoj cijeni )<br \/> Kemikalije &amp; Puderi za istra\u017eivanje<br \/> Neza\u0161ti\u0107ena robna marka<br \/> Kiselina, soli za kupanje, upijaju\u0107i papir, upijaju\u0107i papir, kemikalije, hitovi, LSD, LSD-25, Lysergic Acid, Lysergic Acid Diethylamid, papir, istra\u017eiva\u010dke kemikalije i papiri za upijanje, lizerginska kiselina, dietilamid lizerginske kiseline, sol, list<\/p>\n","protected":false},"excerpt":{"rendered":"<div class=\"woocommerce-product-details__short-description\">\n<p>LSD 100mcg BLOTTERI mogu se kupiti online. Kupite LSD 100mcg BLOTTERS prah po sni\u017eenoj cijeni | Gdje kupiti LSD 100mcg BLOTTERS prah online. Internetska kupnja dietilamida lizerginske kiseline &#8211; LSD BLOTTERI na prodaju<\/p>\n<p>Online trgovci prodaju LSD (dietilamid lizirgi\u010dne kiseline) sol\/papir za upijanje.<br \/> Cijena proizvoda je sljede\u0107a: po listu (papir za upijanje)<\/p>\n<\/p><\/div>\n","protected":false},"featured_media":4876,"comment_status":"open","ping_status":"closed","template":"","meta":[],"product_brand":[],"product_cat":[703],"product_tag":[745,746,748,772,754,771,773,775,756,774,747,755,751,752,753,758,759,760,762,763,761,766,767,764,768,757,769,770,750,765,749,776],"class_list":{"0":"post-4861","1":"product","2":"type-product","3":"status-publish","4":"has-post-thumbnail","6":"product_cat-kupiti-psihedelicne-droge","7":"product_tag-1p-lsd-kupi-usa","8":"product_tag-1p-lsd-blotter-100-mcg","9":"product_tag-art-sheets-edible","10":"product_tag-lizergina-kiselina-dietilamid-blottery","11":"product_tag-buy-lysergic-acid-diethylamide-blotter-list","12":"product_tag-lizergina-kiselina-dietilamid-blotterazzi","13":"product_tag-lizergina-kiselina-dietilamid-na-prodaju","14":"product_tag-gdje-mogu-kupiti-upijajui-papir","15":"product_tag-how-do-you-use-a-lsd-blotter-tab","16":"product_tag-lizergina-kiselina-dietilamid-ulini-nazivi","17":"product_tag-are-lsd","18":"product_tag-kako-moete-rei-je-li-va-lsd-blotter-stvaran-ili-jedan-od-2c-obitelji","19":"product_tag-kupiti-1-p-lsd","20":"product_tag-buy-lsd-blotter-sheets","21":"product_tag-buy-lsd-blotters-legal-highs-online","22":"product_tag-lsd-blotter-art-for-sale","23":"product_tag-lsd-blotter-cost","24":"product_tag-lsd-blotter-hofmann","25":"product_tag-lsd-blotter-list","26":"product_tag-lsd-blotter-listovi","27":"product_tag-lsd-blotter-paper-acid","28":"product_tag-lsd-blotter-storage","29":"product_tag-lsd-blotter-tab-size","30":"product_tag-lsd-blotter-shop","31":"product_tag-lsd-blotters-doze","32":"product_tag-lsd-andra-sa-c2-b6kte-a-c2-a4ven-efter","33":"product_tag-lsd-kartice-kupi","34":"product_tag-lsd-za-kupnju","35":"product_tag-blotter-kiselina-na-prodaja","36":"product_tag-lsd-blotter-stranica","37":"product_tag-upijati","38":"product_tag-zato-uiniti-lsd-blotter-kartice-imati-dizajn-na-njih","40":"first","41":"instock","42":"shipping-taxable","43":"purchasable","44":"product-type-variable","45":"has-default-attributes"},"yoast_head":"<!-- This site is optimized with the Yoast SEO plugin v27.3 - https:\/\/yoast.com\/product\/yoast-seo-wordpress\/ -->\n<title>Kupite LSD 100mcg BLOTERE - Najbolji najbolji svjetski lijekovi<\/title>\n<meta name=\"description\" content=\"Kupite LSD 100 mcg upija\u010de u Europi u Velikoj Britaniji za prodaju 1-propionil-LSD (aka 1P-LSD upija\u010de) po odli\u010dnoj cijeni. Kliknite na web stranicu da naru\u010dite danas!\" \/>\n<meta name=\"robots\" content=\"index, follow, max-snippet:-1, max-image-preview:large, max-video-preview:-1\" \/>\n<link rel=\"canonical\" href=\"https:\/\/medicinasinc.com\/hr\/product\/buy-lsd-100mcg-blotters\/\" \/>\n<meta property=\"og:locale\" content=\"hr_HR\" \/>\n<meta property=\"og:type\" content=\"article\" \/>\n<meta property=\"og:title\" content=\"Kupite LSD 100mcg BLOTERE - Najbolji najbolji svjetski lijekovi\" \/>\n<meta property=\"og:description\" content=\"Kupite LSD 100 mcg upija\u010de u Europi u Velikoj Britaniji za prodaju 1-propionil-LSD (aka 1P-LSD upija\u010de) po odli\u010dnoj cijeni. Kliknite na web stranicu da naru\u010dite danas!\" \/>\n<meta property=\"og:url\" content=\"https:\/\/medicinasinc.com\/hr\/product\/buy-lsd-100mcg-blotters\/\" \/>\n<meta property=\"og:site_name\" content=\"Medicinas Inc\" \/>\n<meta property=\"article:modified_time\" content=\"2022-03-15T06:01:13+00:00\" \/>\n<meta property=\"og:image\" content=\"https:\/\/medicinasinc.com\/hr\/wp-content\/uploads\/sites\/3\/2022\/02\/Buy-LSD-100mcg-blotters-1.jpg\" \/>\n\t<meta property=\"og:image:width\" content=\"960\" \/>\n\t<meta property=\"og:image:height\" content=\"720\" \/>\n\t<meta property=\"og:image:type\" content=\"image\/jpeg\" \/>\n<meta name=\"twitter:card\" content=\"summary_large_image\" \/>\n<meta name=\"twitter:label1\" content=\"Procijenjeno vrijeme \u010ditanja\" \/>\n\t<meta name=\"twitter:data1\" content=\"1 minuta\" \/>\n<script type=\"application\/ld+json\" class=\"yoast-schema-graph\">{\"@context\":\"https:\\\/\\\/schema.org\",\"@graph\":[{\"@type\":\"WebPage\",\"@id\":\"https:\\\/\\\/medicinasinc.com\\\/hr\\\/product\\\/buy-lsd-100mcg-blotters\\\/\",\"url\":\"https:\\\/\\\/medicinasinc.com\\\/hr\\\/product\\\/buy-lsd-100mcg-blotters\\\/\",\"name\":\"Kupite LSD 100mcg BLOTERE - Najbolji najbolji svjetski lijekovi\",\"isPartOf\":{\"@id\":\"https:\\\/\\\/medicinasinc.com\\\/hr\\\/#website\"},\"primaryImageOfPage\":{\"@id\":\"https:\\\/\\\/medicinasinc.com\\\/hr\\\/product\\\/buy-lsd-100mcg-blotters\\\/#primaryimage\"},\"image\":{\"@id\":\"https:\\\/\\\/medicinasinc.com\\\/hr\\\/product\\\/buy-lsd-100mcg-blotters\\\/#primaryimage\"},\"thumbnailUrl\":\"https:\\\/\\\/medicinasinc.com\\\/hr\\\/wp-content\\\/uploads\\\/sites\\\/3\\\/2022\\\/02\\\/Buy-LSD-100mcg-blotters-1.jpg\",\"datePublished\":\"2022-02-20T17:01:48+00:00\",\"dateModified\":\"2022-03-15T06:01:13+00:00\",\"description\":\"Kupite LSD 100 mcg upija\u010de u Europi u Velikoj Britaniji za prodaju 1-propionil-LSD (aka 1P-LSD upija\u010de) po odli\u010dnoj cijeni. Kliknite na web stranicu da naru\u010dite danas!\",\"breadcrumb\":{\"@id\":\"https:\\\/\\\/medicinasinc.com\\\/hr\\\/product\\\/buy-lsd-100mcg-blotters\\\/#breadcrumb\"},\"inLanguage\":\"hr\",\"potentialAction\":[{\"@type\":\"ReadAction\",\"target\":[\"https:\\\/\\\/medicinasinc.com\\\/hr\\\/product\\\/buy-lsd-100mcg-blotters\\\/\"]}]},{\"@type\":\"ImageObject\",\"inLanguage\":\"hr\",\"@id\":\"https:\\\/\\\/medicinasinc.com\\\/hr\\\/product\\\/buy-lsd-100mcg-blotters\\\/#primaryimage\",\"url\":\"https:\\\/\\\/medicinasinc.com\\\/hr\\\/wp-content\\\/uploads\\\/sites\\\/3\\\/2022\\\/02\\\/Buy-LSD-100mcg-blotters-1.jpg\",\"contentUrl\":\"https:\\\/\\\/medicinasinc.com\\\/hr\\\/wp-content\\\/uploads\\\/sites\\\/3\\\/2022\\\/02\\\/Buy-LSD-100mcg-blotters-1.jpg\",\"width\":960,\"height\":720},{\"@type\":\"BreadcrumbList\",\"@id\":\"https:\\\/\\\/medicinasinc.com\\\/hr\\\/product\\\/buy-lsd-100mcg-blotters\\\/#breadcrumb\",\"itemListElement\":[{\"@type\":\"ListItem\",\"position\":1,\"name\":\"Du\u0107an\",\"item\":\"https:\\\/\\\/medicinasinc.com\\\/hr\\\/ducan\\\/\"},{\"@type\":\"ListItem\",\"position\":2,\"name\":\"Kupite LSD 100mcg BLOTERE\"}]},{\"@type\":\"WebSite\",\"@id\":\"https:\\\/\\\/medicinasinc.com\\\/hr\\\/#website\",\"url\":\"https:\\\/\\\/medicinasinc.com\\\/hr\\\/\",\"name\":\"Medicinas Inc\",\"description\":\"Health Medical Clinic\",\"potentialAction\":[{\"@type\":\"SearchAction\",\"target\":{\"@type\":\"EntryPoint\",\"urlTemplate\":\"https:\\\/\\\/medicinasinc.com\\\/hr\\\/?s={search_term_string}\"},\"query-input\":{\"@type\":\"PropertyValueSpecification\",\"valueRequired\":true,\"valueName\":\"search_term_string\"}}],\"inLanguage\":\"hr\"}]}<\/script>\n<!-- \/ Yoast SEO plugin. -->","yoast_head_json":{"title":"Kupite LSD 100mcg BLOTERE - Najbolji najbolji svjetski lijekovi","description":"Kupite LSD 100 mcg upija\u010de u Europi u Velikoj Britaniji za prodaju 1-propionil-LSD (aka 1P-LSD upija\u010de) po odli\u010dnoj cijeni. Kliknite na web stranicu da naru\u010dite danas!","robots":{"index":"index","follow":"follow","max-snippet":"max-snippet:-1","max-image-preview":"max-image-preview:large","max-video-preview":"max-video-preview:-1"},"canonical":"https:\/\/medicinasinc.com\/hr\/product\/buy-lsd-100mcg-blotters\/","og_locale":"hr_HR","og_type":"article","og_title":"Kupite LSD 100mcg BLOTERE - Najbolji najbolji svjetski lijekovi","og_description":"Kupite LSD 100 mcg upija\u010de u Europi u Velikoj Britaniji za prodaju 1-propionil-LSD (aka 1P-LSD upija\u010de) po odli\u010dnoj cijeni. Kliknite na web stranicu da naru\u010dite danas!","og_url":"https:\/\/medicinasinc.com\/hr\/product\/buy-lsd-100mcg-blotters\/","og_site_name":"Medicinas Inc","article_modified_time":"2022-03-15T06:01:13+00:00","og_image":[{"width":960,"height":720,"url":"https:\/\/medicinasinc.com\/hr\/wp-content\/uploads\/sites\/3\/2022\/02\/Buy-LSD-100mcg-blotters-1.jpg","type":"image\/jpeg"}],"twitter_card":"summary_large_image","twitter_misc":{"Procijenjeno vrijeme \u010ditanja":"1 minuta"},"schema":{"@context":"https:\/\/schema.org","@graph":[{"@type":"WebPage","@id":"https:\/\/medicinasinc.com\/hr\/product\/buy-lsd-100mcg-blotters\/","url":"https:\/\/medicinasinc.com\/hr\/product\/buy-lsd-100mcg-blotters\/","name":"Kupite LSD 100mcg BLOTERE - Najbolji najbolji svjetski lijekovi","isPartOf":{"@id":"https:\/\/medicinasinc.com\/hr\/#website"},"primaryImageOfPage":{"@id":"https:\/\/medicinasinc.com\/hr\/product\/buy-lsd-100mcg-blotters\/#primaryimage"},"image":{"@id":"https:\/\/medicinasinc.com\/hr\/product\/buy-lsd-100mcg-blotters\/#primaryimage"},"thumbnailUrl":"https:\/\/medicinasinc.com\/hr\/wp-content\/uploads\/sites\/3\/2022\/02\/Buy-LSD-100mcg-blotters-1.jpg","datePublished":"2022-02-20T17:01:48+00:00","dateModified":"2022-03-15T06:01:13+00:00","description":"Kupite LSD 100 mcg upija\u010de u Europi u Velikoj Britaniji za prodaju 1-propionil-LSD (aka 1P-LSD upija\u010de) po odli\u010dnoj cijeni. Kliknite na web stranicu da naru\u010dite danas!","breadcrumb":{"@id":"https:\/\/medicinasinc.com\/hr\/product\/buy-lsd-100mcg-blotters\/#breadcrumb"},"inLanguage":"hr","potentialAction":[{"@type":"ReadAction","target":["https:\/\/medicinasinc.com\/hr\/product\/buy-lsd-100mcg-blotters\/"]}]},{"@type":"ImageObject","inLanguage":"hr","@id":"https:\/\/medicinasinc.com\/hr\/product\/buy-lsd-100mcg-blotters\/#primaryimage","url":"https:\/\/medicinasinc.com\/hr\/wp-content\/uploads\/sites\/3\/2022\/02\/Buy-LSD-100mcg-blotters-1.jpg","contentUrl":"https:\/\/medicinasinc.com\/hr\/wp-content\/uploads\/sites\/3\/2022\/02\/Buy-LSD-100mcg-blotters-1.jpg","width":960,"height":720},{"@type":"BreadcrumbList","@id":"https:\/\/medicinasinc.com\/hr\/product\/buy-lsd-100mcg-blotters\/#breadcrumb","itemListElement":[{"@type":"ListItem","position":1,"name":"Du\u0107an","item":"https:\/\/medicinasinc.com\/hr\/ducan\/"},{"@type":"ListItem","position":2,"name":"Kupite LSD 100mcg BLOTERE"}]},{"@type":"WebSite","@id":"https:\/\/medicinasinc.com\/hr\/#website","url":"https:\/\/medicinasinc.com\/hr\/","name":"Medicinas Inc","description":"Health Medical Clinic","potentialAction":[{"@type":"SearchAction","target":{"@type":"EntryPoint","urlTemplate":"https:\/\/medicinasinc.com\/hr\/?s={search_term_string}"},"query-input":{"@type":"PropertyValueSpecification","valueRequired":true,"valueName":"search_term_string"}}],"inLanguage":"hr"}]}},"_links":{"self":[{"href":"https:\/\/medicinasinc.com\/hr\/wp-json\/wp\/v2\/product\/4861","targetHints":{"allow":["GET"]}}],"collection":[{"href":"https:\/\/medicinasinc.com\/hr\/wp-json\/wp\/v2\/product"}],"about":[{"href":"https:\/\/medicinasinc.com\/hr\/wp-json\/wp\/v2\/types\/product"}],"replies":[{"embeddable":true,"href":"https:\/\/medicinasinc.com\/hr\/wp-json\/wp\/v2\/comments?post=4861"}],"wp:featuredmedia":[{"embeddable":true,"href":"https:\/\/medicinasinc.com\/hr\/wp-json\/wp\/v2\/media\/4876"}],"wp:attachment":[{"href":"https:\/\/medicinasinc.com\/hr\/wp-json\/wp\/v2\/media?parent=4861"}],"wp:term":[{"taxonomy":"product_brand","embeddable":true,"href":"https:\/\/medicinasinc.com\/hr\/wp-json\/wp\/v2\/product_brand?post=4861"},{"taxonomy":"product_cat","embeddable":true,"href":"https:\/\/medicinasinc.com\/hr\/wp-json\/wp\/v2\/product_cat?post=4861"},{"taxonomy":"product_tag","embeddable":true,"href":"https:\/\/medicinasinc.com\/hr\/wp-json\/wp\/v2\/product_tag?post=4861"}],"curies":[{"name":"wp","href":"https:\/\/api.w.org\/{rel}","templated":true}]}}