{"id":4859,"date":"2022-02-20T17:00:55","date_gmt":"2022-02-20T17:00:55","guid":{"rendered":"https:\/\/medicinasinc.com\/hr\/?post_type=product&#038;p=4859"},"modified":"2022-03-15T06:01:22","modified_gmt":"2022-03-15T06:01:22","slug":"kupi-kvalitet-al-lad-blotters","status":"publish","type":"product","link":"https:\/\/medicinasinc.com\/hr\/product\/kupi-kvalitet-al-lad-blotters\/","title":{"rendered":"Kupite kvalitetne AL-LAD blotere"},"content":{"rendered":"<p>Kupite jeftine AL-LAD blotere na mre\u017ei. 150mcg AL-LAD blotters.<\/p>\n<p>\u0160to je to\u010dno AL-LAD?<\/p>\n<p>6-alil-6-nor-<\/p>\n<p>AL-LAD, \u010de\u0161\u0107e se naziva kao LSD, je psihodeli\u010dni lijek sa svojstvima sli\u010dnim LSD-u (dietilamid lizerginske kiseline). Sintetiziran je prvi put 1976. godine i od tada je postao popularan lijek na tr\u017ei\u0161tu za &#8216;istra\u017eiva\u010dke kemikalije&#8217; i &#8216;nove psihoaktivne tvari. AL-LAD proizvodi psihoaktivni &#8220;trip&#8221; koji je vrlo sli\u010dan onom kod LSD-a.<\/p>\n<p>AL-LAD je prvi put kori\u0161ten rekreativno u Irskoj i Ujedinjenom Kraljevstvu. To je predstavljeno u knjizi Alexandera Shulgina iz 1997. TIHKAL (Tryptamines I Have Known and Loved). Kao rezultat toga, popularnost lijeka se pro\u0161irila diljem svijeta. Sada ljudi diljem svijeta, uklju\u010duju\u0107i Sjedinjene Dr\u017eave, eksperimentiraju s drogom.<\/p>\n<p>Pravni status AL-LAD-a pomalo je dvosmislen. Nije klasificirana kao kontrolirana tvar prema saveznom zakonu u Sjedinjenim Dr\u017eavama. Me\u0111utim, to je analog LSD-a, \u0161to zna\u010di da prodaja ili posjedovanje s namjerom distribucije mo\u017ee dovesti do kaznenog progona prema Federalnom analognom zakonu.<\/p>\n<p>Putovanja AL-LAD-a nalikuju LSD putovanjima na ve\u0107inu na\u010dina. Lijek se uzima oralno, \u010desto putem upijaju\u0107ih papiri\u0107a. Kao rezultat toga, u\u010dinci se po\u010dinju manifestirati dvadeset minuta do sat vremena nakon konzumacije. Korisnici \u0107e se susresti sa sljede\u0107im:<\/p>\n<p>Stimulacija ili pove\u0107anje energije<br \/> Euforija<br \/> Trnci ili utrnulost ekstremiteta<br \/> Preosjetljivost<br \/> Vizualna dezorijentacija<br \/> Halucinacije p&gt; <\/p>\n<p>Me\u0111u mogu\u0107im \u0161tetnim u\u010dincima upotrebe AL-LAD-a su sljede\u0107e:<br \/>Pote\u0161ko\u0107e s koncentracijom ili razmi\u0161ljanjem<br \/>Pove\u0107an broj otkucaja srca<br \/>Fluktuacije temperature u tijelu<br \/> Mu\u010dnina<br \/> Deluzije<br \/> Petlje negativnih misli<br \/> Stezanje \u017eila (stezanje krvnih \u017eila)<br \/> Napadi<\/p>\n<p>LSD je jedna od najopse\u017enije istra\u017eenih psihodeli\u010dkih supstanci. Unato\u010d oznaci &#8216;istra\u017eiva\u010dki lijek&#8217;, vrlo je malo stvarnih znanstvenih istra\u017eivanja provedeno na AL-LAD-u. To zna\u010di da popis neposrednih posljedica mo\u017eda nije kona\u010dan. Osim toga, postoji malo ili nimalo istra\u017eivanja o dugoro\u010dnim u\u010dincima lijeka.<\/p>\n<p>Produljena zloporaba halucinogena mo\u017ee imati razne negativne posljedice. HPPD je stanje u kojem osoba do\u017eivljava spontane flashbackove vizualnih izobli\u010denja ili halucinacija. Ovaj kroni\u010dni poreme\u0107aj primije\u0107en je kod osoba koje su koristile razne halucinogene tvari, uklju\u010duju\u0107i LSD, gljive i DMT.<\/p>\n","protected":false},"excerpt":{"rendered":"<p>Kupite AL-LAD blotere jeftino za prodaju UK, Europa online. 6-alil-6-nor-LSD je psihodeli\u010dni lizergamid tako\u0111er poznat kao AL LAD (dietilamid lizerginske kiseline). 150 mcg AL-LAD upija\u010da.<\/p>\n<p>Minimalna narud\u017eba je 15 upija\u010da.<\/p>\n","protected":false},"featured_media":4874,"comment_status":"open","ping_status":"closed","template":"","meta":[],"product_brand":[],"product_cat":[703],"product_tag":[],"class_list":{"0":"post-4859","1":"product","2":"type-product","3":"status-publish","4":"has-post-thumbnail","6":"product_cat-kupiti-psihedelicne-droge","8":"first","9":"instock","10":"shipping-taxable","11":"purchasable","12":"product-type-variable","13":"has-default-attributes"},"yoast_head":"<!-- This site is optimized with the Yoast SEO plugin v27.3 - https:\/\/yoast.com\/product\/yoast-seo-wordpress\/ -->\n<title>Kupite kvalitetne AL-LAD upija\u010de - najbolji najbolji svjetski lijekovi<\/title>\n<meta name=\"description\" content=\"Kupite AL-LAD blottere jeftino za prodaju UK, Europa online. 6-alil-6-nor-LSD je psihodeli\u010dni lizergamid tako\u0111er poznat kao AL LAD (dietilamid lizerginske kiseline). 150 mcg AL-LAD bloteri.\" \/>\n<meta name=\"robots\" content=\"index, follow, max-snippet:-1, max-image-preview:large, max-video-preview:-1\" \/>\n<link rel=\"canonical\" href=\"https:\/\/medicinasinc.com\/hr\/product\/kupi-kvalitet-al-lad-blotters\/\" \/>\n<meta property=\"og:locale\" content=\"hr_HR\" \/>\n<meta property=\"og:type\" content=\"article\" \/>\n<meta property=\"og:title\" content=\"Kupite kvalitetne AL-LAD upija\u010de - najbolji najbolji svjetski lijekovi\" \/>\n<meta property=\"og:description\" content=\"Kupite AL-LAD blottere jeftino za prodaju UK, Europa online. 6-alil-6-nor-LSD je psihodeli\u010dni lizergamid tako\u0111er poznat kao AL LAD (dietilamid lizerginske kiseline). 150 mcg AL-LAD bloteri.\" \/>\n<meta property=\"og:url\" content=\"https:\/\/medicinasinc.com\/hr\/product\/kupi-kvalitet-al-lad-blotters\/\" \/>\n<meta property=\"og:site_name\" content=\"Medicinas Inc\" \/>\n<meta property=\"article:modified_time\" content=\"2022-03-15T06:01:22+00:00\" \/>\n<meta property=\"og:image\" content=\"https:\/\/medicinasinc.com\/hr\/wp-content\/uploads\/sites\/3\/2022\/02\/Buy-Quality-AL-LAD-blotters.jpg\" \/>\n\t<meta property=\"og:image:width\" content=\"225\" \/>\n\t<meta property=\"og:image:height\" content=\"225\" \/>\n\t<meta property=\"og:image:type\" content=\"image\/jpeg\" \/>\n<meta name=\"twitter:card\" content=\"summary_large_image\" \/>\n<meta name=\"twitter:label1\" content=\"Procijenjeno vrijeme \u010ditanja\" \/>\n\t<meta name=\"twitter:data1\" content=\"2 minute\" \/>\n<script type=\"application\/ld+json\" class=\"yoast-schema-graph\">{\"@context\":\"https:\\\/\\\/schema.org\",\"@graph\":[{\"@type\":\"WebPage\",\"@id\":\"https:\\\/\\\/medicinasinc.com\\\/hr\\\/product\\\/kupi-kvalitet-al-lad-blotters\\\/\",\"url\":\"https:\\\/\\\/medicinasinc.com\\\/hr\\\/product\\\/kupi-kvalitet-al-lad-blotters\\\/\",\"name\":\"Kupite kvalitetne AL-LAD upija\u010de - najbolji najbolji svjetski lijekovi\",\"isPartOf\":{\"@id\":\"https:\\\/\\\/medicinasinc.com\\\/hr\\\/#website\"},\"primaryImageOfPage\":{\"@id\":\"https:\\\/\\\/medicinasinc.com\\\/hr\\\/product\\\/kupi-kvalitet-al-lad-blotters\\\/#primaryimage\"},\"image\":{\"@id\":\"https:\\\/\\\/medicinasinc.com\\\/hr\\\/product\\\/kupi-kvalitet-al-lad-blotters\\\/#primaryimage\"},\"thumbnailUrl\":\"https:\\\/\\\/medicinasinc.com\\\/hr\\\/wp-content\\\/uploads\\\/sites\\\/3\\\/2022\\\/02\\\/Buy-Quality-AL-LAD-blotters.jpg\",\"datePublished\":\"2022-02-20T17:00:55+00:00\",\"dateModified\":\"2022-03-15T06:01:22+00:00\",\"description\":\"Kupite AL-LAD blottere jeftino za prodaju UK, Europa online. 6-alil-6-nor-LSD je psihodeli\u010dni lizergamid tako\u0111er poznat kao AL LAD (dietilamid lizerginske kiseline). 150 mcg AL-LAD bloteri.\",\"breadcrumb\":{\"@id\":\"https:\\\/\\\/medicinasinc.com\\\/hr\\\/product\\\/kupi-kvalitet-al-lad-blotters\\\/#breadcrumb\"},\"inLanguage\":\"hr\",\"potentialAction\":[{\"@type\":\"ReadAction\",\"target\":[\"https:\\\/\\\/medicinasinc.com\\\/hr\\\/product\\\/kupi-kvalitet-al-lad-blotters\\\/\"]}]},{\"@type\":\"ImageObject\",\"inLanguage\":\"hr\",\"@id\":\"https:\\\/\\\/medicinasinc.com\\\/hr\\\/product\\\/kupi-kvalitet-al-lad-blotters\\\/#primaryimage\",\"url\":\"https:\\\/\\\/medicinasinc.com\\\/hr\\\/wp-content\\\/uploads\\\/sites\\\/3\\\/2022\\\/02\\\/Buy-Quality-AL-LAD-blotters.jpg\",\"contentUrl\":\"https:\\\/\\\/medicinasinc.com\\\/hr\\\/wp-content\\\/uploads\\\/sites\\\/3\\\/2022\\\/02\\\/Buy-Quality-AL-LAD-blotters.jpg\",\"width\":225,\"height\":225},{\"@type\":\"BreadcrumbList\",\"@id\":\"https:\\\/\\\/medicinasinc.com\\\/hr\\\/product\\\/kupi-kvalitet-al-lad-blotters\\\/#breadcrumb\",\"itemListElement\":[{\"@type\":\"ListItem\",\"position\":1,\"name\":\"Du\u0107an\",\"item\":\"https:\\\/\\\/medicinasinc.com\\\/hr\\\/ducan\\\/\"},{\"@type\":\"ListItem\",\"position\":2,\"name\":\"Kupite kvalitetne AL-LAD blotere\"}]},{\"@type\":\"WebSite\",\"@id\":\"https:\\\/\\\/medicinasinc.com\\\/hr\\\/#website\",\"url\":\"https:\\\/\\\/medicinasinc.com\\\/hr\\\/\",\"name\":\"Medicinas Inc\",\"description\":\"Health Medical Clinic\",\"potentialAction\":[{\"@type\":\"SearchAction\",\"target\":{\"@type\":\"EntryPoint\",\"urlTemplate\":\"https:\\\/\\\/medicinasinc.com\\\/hr\\\/?s={search_term_string}\"},\"query-input\":{\"@type\":\"PropertyValueSpecification\",\"valueRequired\":true,\"valueName\":\"search_term_string\"}}],\"inLanguage\":\"hr\"}]}<\/script>\n<!-- \/ Yoast SEO plugin. -->","yoast_head_json":{"title":"Kupite kvalitetne AL-LAD upija\u010de - najbolji najbolji svjetski lijekovi","description":"Kupite AL-LAD blottere jeftino za prodaju UK, Europa online. 6-alil-6-nor-LSD je psihodeli\u010dni lizergamid tako\u0111er poznat kao AL LAD (dietilamid lizerginske kiseline). 150 mcg AL-LAD bloteri.","robots":{"index":"index","follow":"follow","max-snippet":"max-snippet:-1","max-image-preview":"max-image-preview:large","max-video-preview":"max-video-preview:-1"},"canonical":"https:\/\/medicinasinc.com\/hr\/product\/kupi-kvalitet-al-lad-blotters\/","og_locale":"hr_HR","og_type":"article","og_title":"Kupite kvalitetne AL-LAD upija\u010de - najbolji najbolji svjetski lijekovi","og_description":"Kupite AL-LAD blottere jeftino za prodaju UK, Europa online. 6-alil-6-nor-LSD je psihodeli\u010dni lizergamid tako\u0111er poznat kao AL LAD (dietilamid lizerginske kiseline). 150 mcg AL-LAD bloteri.","og_url":"https:\/\/medicinasinc.com\/hr\/product\/kupi-kvalitet-al-lad-blotters\/","og_site_name":"Medicinas Inc","article_modified_time":"2022-03-15T06:01:22+00:00","og_image":[{"width":225,"height":225,"url":"https:\/\/medicinasinc.com\/hr\/wp-content\/uploads\/sites\/3\/2022\/02\/Buy-Quality-AL-LAD-blotters.jpg","type":"image\/jpeg"}],"twitter_card":"summary_large_image","twitter_misc":{"Procijenjeno vrijeme \u010ditanja":"2 minute"},"schema":{"@context":"https:\/\/schema.org","@graph":[{"@type":"WebPage","@id":"https:\/\/medicinasinc.com\/hr\/product\/kupi-kvalitet-al-lad-blotters\/","url":"https:\/\/medicinasinc.com\/hr\/product\/kupi-kvalitet-al-lad-blotters\/","name":"Kupite kvalitetne AL-LAD upija\u010de - najbolji najbolji svjetski lijekovi","isPartOf":{"@id":"https:\/\/medicinasinc.com\/hr\/#website"},"primaryImageOfPage":{"@id":"https:\/\/medicinasinc.com\/hr\/product\/kupi-kvalitet-al-lad-blotters\/#primaryimage"},"image":{"@id":"https:\/\/medicinasinc.com\/hr\/product\/kupi-kvalitet-al-lad-blotters\/#primaryimage"},"thumbnailUrl":"https:\/\/medicinasinc.com\/hr\/wp-content\/uploads\/sites\/3\/2022\/02\/Buy-Quality-AL-LAD-blotters.jpg","datePublished":"2022-02-20T17:00:55+00:00","dateModified":"2022-03-15T06:01:22+00:00","description":"Kupite AL-LAD blottere jeftino za prodaju UK, Europa online. 6-alil-6-nor-LSD je psihodeli\u010dni lizergamid tako\u0111er poznat kao AL LAD (dietilamid lizerginske kiseline). 150 mcg AL-LAD bloteri.","breadcrumb":{"@id":"https:\/\/medicinasinc.com\/hr\/product\/kupi-kvalitet-al-lad-blotters\/#breadcrumb"},"inLanguage":"hr","potentialAction":[{"@type":"ReadAction","target":["https:\/\/medicinasinc.com\/hr\/product\/kupi-kvalitet-al-lad-blotters\/"]}]},{"@type":"ImageObject","inLanguage":"hr","@id":"https:\/\/medicinasinc.com\/hr\/product\/kupi-kvalitet-al-lad-blotters\/#primaryimage","url":"https:\/\/medicinasinc.com\/hr\/wp-content\/uploads\/sites\/3\/2022\/02\/Buy-Quality-AL-LAD-blotters.jpg","contentUrl":"https:\/\/medicinasinc.com\/hr\/wp-content\/uploads\/sites\/3\/2022\/02\/Buy-Quality-AL-LAD-blotters.jpg","width":225,"height":225},{"@type":"BreadcrumbList","@id":"https:\/\/medicinasinc.com\/hr\/product\/kupi-kvalitet-al-lad-blotters\/#breadcrumb","itemListElement":[{"@type":"ListItem","position":1,"name":"Du\u0107an","item":"https:\/\/medicinasinc.com\/hr\/ducan\/"},{"@type":"ListItem","position":2,"name":"Kupite kvalitetne AL-LAD blotere"}]},{"@type":"WebSite","@id":"https:\/\/medicinasinc.com\/hr\/#website","url":"https:\/\/medicinasinc.com\/hr\/","name":"Medicinas Inc","description":"Health Medical Clinic","potentialAction":[{"@type":"SearchAction","target":{"@type":"EntryPoint","urlTemplate":"https:\/\/medicinasinc.com\/hr\/?s={search_term_string}"},"query-input":{"@type":"PropertyValueSpecification","valueRequired":true,"valueName":"search_term_string"}}],"inLanguage":"hr"}]}},"_links":{"self":[{"href":"https:\/\/medicinasinc.com\/hr\/wp-json\/wp\/v2\/product\/4859","targetHints":{"allow":["GET"]}}],"collection":[{"href":"https:\/\/medicinasinc.com\/hr\/wp-json\/wp\/v2\/product"}],"about":[{"href":"https:\/\/medicinasinc.com\/hr\/wp-json\/wp\/v2\/types\/product"}],"replies":[{"embeddable":true,"href":"https:\/\/medicinasinc.com\/hr\/wp-json\/wp\/v2\/comments?post=4859"}],"wp:featuredmedia":[{"embeddable":true,"href":"https:\/\/medicinasinc.com\/hr\/wp-json\/wp\/v2\/media\/4874"}],"wp:attachment":[{"href":"https:\/\/medicinasinc.com\/hr\/wp-json\/wp\/v2\/media?parent=4859"}],"wp:term":[{"taxonomy":"product_brand","embeddable":true,"href":"https:\/\/medicinasinc.com\/hr\/wp-json\/wp\/v2\/product_brand?post=4859"},{"taxonomy":"product_cat","embeddable":true,"href":"https:\/\/medicinasinc.com\/hr\/wp-json\/wp\/v2\/product_cat?post=4859"},{"taxonomy":"product_tag","embeddable":true,"href":"https:\/\/medicinasinc.com\/hr\/wp-json\/wp\/v2\/product_tag?post=4859"}],"curies":[{"name":"wp","href":"https:\/\/api.w.org\/{rel}","templated":true}]}}