{"id":4854,"date":"2022-02-20T16:56:44","date_gmt":"2022-02-20T16:56:44","guid":{"rendered":"https:\/\/medicinasinc.com\/hr\/?post_type=product&#038;p=4854"},"modified":"2022-03-15T06:01:30","modified_gmt":"2022-03-15T06:01:30","slug":"kupi-lsd-tekucinu-200ug-kap","status":"publish","type":"product","link":"https:\/\/medicinasinc.com\/hr\/product\/kupi-lsd-tekucinu-200ug-kap\/","title":{"rendered":"Kupite LSD teku\u0107inu 200ug Drop"},"content":{"rendered":"<p>Kupite teku\u0107i LSD 200ug &amp; ispustite online po sni\u017eenoj cijeni.<\/p>\n<p>\u0160to je teku\u0107i LSD?<\/p>\n<p>LSD, ili dietilamid lizerginske kiseline, je halucinogena tvar dobivena iz kemikalije koja se nalazi u gljivama ra\u017ei. Najpoznatiji je po kori\u0161tenju u kontrakulturi 1960-ih, a kasnija zabrana donijela mu je prete\u017eno negativnu reputaciju.<\/p>\n<p>Albert Hofmann, \u0161vicarski znanstvenik, sintetizirao je LSD 1938. u svom laboratoriju u Z\u00fcrichu. Godine 1943., kada je koli\u010dina u tragovima do\u0161la u dodir s njegovom ko\u017eom, neo\u010dekivano je otkrio njezina halucinogena svojstva.<\/p>\n<p>Kupite LSD LSD je vrlo mo\u0107an halucinogen s ogromnim terapijskim, duhovnim i kulturnim implikacijama.<\/p>\n<p>Kupite teku\u0107i LSD 200ug &amp; ispustite online po sni\u017eenoj cijeni \u2013 Farmakologija<\/p>\n<p>Kada se proguta, LSD djeluje kao aktivator 5-HT (serotoninskih) receptora, a tako\u0111er zna\u010dajno pove\u0107ava razinu serotonina u mozgu inhibiraju\u0107i sustave koji reguliraju serotonin. Kupite teku\u0107i LSD 200ug &amp; ispustite online po sni\u017eenoj cijeni. Cijena 200 ug teku\u0107eg LSD-a LSD LSD preferira podtip 2A od 15 serotoninskih receptora koji se nalaze u mozgu (5-HT2A). 5-HT2A receptor uklju\u010den je u kognitivne procese prefrontalnog korteksa. Ovo je klju\u010dno, budu\u0107i da mnoge prednosti LSD-a proizlaze iz njegove uklju\u010denosti u prefrontalni korteks.<\/p>\n<p>Kako se LSD sintetizira?<\/p>\n<p>Proizvodnja LSD-a zahtijeva dobro radno znanje organske kemije, a potpuno opremljen laboratorij (uklju\u010duju\u0107i mogu\u0107nost sterilizacije opreme i pristup mra\u010dnoj prostoriji) i nekoliko kemikalija koje su trenutno zabranjene za prodaju ili su pod pomnim nadzorom Agencije za borbu protiv droga (DEA). Za razliku od kemikalija koje se koriste za proizvodnju metamfetamina, one se ne nalaze u uobi\u010dajenim ku\u0107anskim predmetima.<\/p>\n<p>Vjeruje se da je prefrontalni korteks uklju\u010den u slo\u017eeno planiranje kognitivnog pona\u0161anja, izra\u017eavanje osobnosti, dono\u0161enje odluka i moderiranje dru\u0161tvenog pona\u0161anja. . Kupite teku\u0107i LSD 200ug &amp; ispustite online po sni\u017eenoj cijeni. Osim toga, klju\u010dan je za ljudsku sposobnost da obra\u0111uje podatke iz svih drugih mo\u017edanih sustava i kao rezultat toga donosi odluke usmjerene na cilj.<\/p>\n<p>Dietilamid lizirgi\u010dne kiseline, koji se \u010de\u0161\u0107e naziva LSD, psihoaktivna je tvar koja je psihoaktivna. mijenja percepciju i izaziva halucinacije.<\/p>\n","protected":false},"excerpt":{"rendered":"<p>LSD teku\u0107ina 200ug kapljica za prodaju u Velikoj Britaniji, Europi po najboljoj tr\u017ei\u0161noj cijeni. Svi na\u0161i proizvodi izra\u0111eni su od potpuno prirodnih sastojaka bez THC-a. Naru\u010dite sada online!<\/p>\n<p>Kupite teku\u0107i lsd 200ug &amp; ispustite online po sni\u017eenoj cijeni. Kupnja LSD-a je jednostavan proces; lako je dostupan online u Sjedinjenim Ameri\u010dkim Dr\u017eavama.<\/p>\n<p>Cijena od 200 ug &#8211; 350<\/p>\n<p>&nbsp;<\/p>\n<p>&nbsp;<\/p>\n","protected":false},"featured_media":4868,"comment_status":"open","ping_status":"closed","template":"","meta":[],"product_brand":[],"product_cat":[703],"product_tag":[],"class_list":{"0":"post-4854","1":"product","2":"type-product","3":"status-publish","4":"has-post-thumbnail","6":"product_cat-kupiti-psihedelicne-droge","8":"first","9":"instock","10":"shipping-taxable","11":"purchasable","12":"product-type-simple"},"yoast_head":"<!-- This site is optimized with the Yoast SEO plugin v27.3 - https:\/\/yoast.com\/product\/yoast-seo-wordpress\/ -->\n<title>Kupite LSD teku\u0107i 200ug Drop - Najbolji najbolji svjetski lijekovi<\/title>\n<meta name=\"description\" content=\"Kupite LSD Liquid 200ug drop u Velikoj Britaniji, Europi za prodaju po najboljoj tr\u017ei\u0161noj cijeni. Svi na\u0161i proizvodi izra\u0111eni su od \u010distih prirodnih sastojaka bez THC-a. Naru\u010dite online odmah!\" \/>\n<meta name=\"robots\" content=\"index, follow, max-snippet:-1, max-image-preview:large, max-video-preview:-1\" \/>\n<link rel=\"canonical\" href=\"https:\/\/medicinasinc.com\/hr\/product\/kupi-lsd-tekucinu-200ug-kap\/\" \/>\n<meta property=\"og:locale\" content=\"hr_HR\" \/>\n<meta property=\"og:type\" content=\"article\" \/>\n<meta property=\"og:title\" content=\"Kupite LSD teku\u0107i 200ug Drop - Najbolji najbolji svjetski lijekovi\" \/>\n<meta property=\"og:description\" content=\"Kupite LSD Liquid 200ug drop u Velikoj Britaniji, Europi za prodaju po najboljoj tr\u017ei\u0161noj cijeni. Svi na\u0161i proizvodi izra\u0111eni su od \u010distih prirodnih sastojaka bez THC-a. Naru\u010dite online odmah!\" \/>\n<meta property=\"og:url\" content=\"https:\/\/medicinasinc.com\/hr\/product\/kupi-lsd-tekucinu-200ug-kap\/\" \/>\n<meta property=\"og:site_name\" content=\"Medicinas Inc\" \/>\n<meta property=\"article:modified_time\" content=\"2022-03-15T06:01:30+00:00\" \/>\n<meta property=\"og:image\" content=\"https:\/\/medicinasinc.com\/hr\/wp-content\/uploads\/sites\/3\/2022\/02\/Buy-LSD-liquid-200ug-Drop.jpg\" \/>\n\t<meta property=\"og:image:width\" content=\"363\" \/>\n\t<meta property=\"og:image:height\" content=\"445\" \/>\n\t<meta property=\"og:image:type\" content=\"image\/jpeg\" \/>\n<meta name=\"twitter:card\" content=\"summary_large_image\" \/>\n<meta name=\"twitter:label1\" content=\"Procijenjeno vrijeme \u010ditanja\" \/>\n\t<meta name=\"twitter:data1\" content=\"2 minute\" \/>\n<script type=\"application\/ld+json\" class=\"yoast-schema-graph\">{\"@context\":\"https:\\\/\\\/schema.org\",\"@graph\":[{\"@type\":\"WebPage\",\"@id\":\"https:\\\/\\\/medicinasinc.com\\\/hr\\\/product\\\/kupi-lsd-tekucinu-200ug-kap\\\/\",\"url\":\"https:\\\/\\\/medicinasinc.com\\\/hr\\\/product\\\/kupi-lsd-tekucinu-200ug-kap\\\/\",\"name\":\"Kupite LSD teku\u0107i 200ug Drop - Najbolji najbolji svjetski lijekovi\",\"isPartOf\":{\"@id\":\"https:\\\/\\\/medicinasinc.com\\\/hr\\\/#website\"},\"primaryImageOfPage\":{\"@id\":\"https:\\\/\\\/medicinasinc.com\\\/hr\\\/product\\\/kupi-lsd-tekucinu-200ug-kap\\\/#primaryimage\"},\"image\":{\"@id\":\"https:\\\/\\\/medicinasinc.com\\\/hr\\\/product\\\/kupi-lsd-tekucinu-200ug-kap\\\/#primaryimage\"},\"thumbnailUrl\":\"https:\\\/\\\/medicinasinc.com\\\/hr\\\/wp-content\\\/uploads\\\/sites\\\/3\\\/2022\\\/02\\\/Buy-LSD-liquid-200ug-Drop.jpg\",\"datePublished\":\"2022-02-20T16:56:44+00:00\",\"dateModified\":\"2022-03-15T06:01:30+00:00\",\"description\":\"Kupite LSD Liquid 200ug drop u Velikoj Britaniji, Europi za prodaju po najboljoj tr\u017ei\u0161noj cijeni. Svi na\u0161i proizvodi izra\u0111eni su od \u010distih prirodnih sastojaka bez THC-a. Naru\u010dite online odmah!\",\"breadcrumb\":{\"@id\":\"https:\\\/\\\/medicinasinc.com\\\/hr\\\/product\\\/kupi-lsd-tekucinu-200ug-kap\\\/#breadcrumb\"},\"inLanguage\":\"hr\",\"potentialAction\":[{\"@type\":\"ReadAction\",\"target\":[\"https:\\\/\\\/medicinasinc.com\\\/hr\\\/product\\\/kupi-lsd-tekucinu-200ug-kap\\\/\"]}]},{\"@type\":\"ImageObject\",\"inLanguage\":\"hr\",\"@id\":\"https:\\\/\\\/medicinasinc.com\\\/hr\\\/product\\\/kupi-lsd-tekucinu-200ug-kap\\\/#primaryimage\",\"url\":\"https:\\\/\\\/medicinasinc.com\\\/hr\\\/wp-content\\\/uploads\\\/sites\\\/3\\\/2022\\\/02\\\/Buy-LSD-liquid-200ug-Drop.jpg\",\"contentUrl\":\"https:\\\/\\\/medicinasinc.com\\\/hr\\\/wp-content\\\/uploads\\\/sites\\\/3\\\/2022\\\/02\\\/Buy-LSD-liquid-200ug-Drop.jpg\",\"width\":363,\"height\":445},{\"@type\":\"BreadcrumbList\",\"@id\":\"https:\\\/\\\/medicinasinc.com\\\/hr\\\/product\\\/kupi-lsd-tekucinu-200ug-kap\\\/#breadcrumb\",\"itemListElement\":[{\"@type\":\"ListItem\",\"position\":1,\"name\":\"Du\u0107an\",\"item\":\"https:\\\/\\\/medicinasinc.com\\\/hr\\\/ducan\\\/\"},{\"@type\":\"ListItem\",\"position\":2,\"name\":\"Kupite LSD teku\u0107inu 200ug Drop\"}]},{\"@type\":\"WebSite\",\"@id\":\"https:\\\/\\\/medicinasinc.com\\\/hr\\\/#website\",\"url\":\"https:\\\/\\\/medicinasinc.com\\\/hr\\\/\",\"name\":\"Medicinas Inc\",\"description\":\"Health Medical Clinic\",\"potentialAction\":[{\"@type\":\"SearchAction\",\"target\":{\"@type\":\"EntryPoint\",\"urlTemplate\":\"https:\\\/\\\/medicinasinc.com\\\/hr\\\/?s={search_term_string}\"},\"query-input\":{\"@type\":\"PropertyValueSpecification\",\"valueRequired\":true,\"valueName\":\"search_term_string\"}}],\"inLanguage\":\"hr\"}]}<\/script>\n<!-- \/ Yoast SEO plugin. -->","yoast_head_json":{"title":"Kupite LSD teku\u0107i 200ug Drop - Najbolji najbolji svjetski lijekovi","description":"Kupite LSD Liquid 200ug drop u Velikoj Britaniji, Europi za prodaju po najboljoj tr\u017ei\u0161noj cijeni. Svi na\u0161i proizvodi izra\u0111eni su od \u010distih prirodnih sastojaka bez THC-a. Naru\u010dite online odmah!","robots":{"index":"index","follow":"follow","max-snippet":"max-snippet:-1","max-image-preview":"max-image-preview:large","max-video-preview":"max-video-preview:-1"},"canonical":"https:\/\/medicinasinc.com\/hr\/product\/kupi-lsd-tekucinu-200ug-kap\/","og_locale":"hr_HR","og_type":"article","og_title":"Kupite LSD teku\u0107i 200ug Drop - Najbolji najbolji svjetski lijekovi","og_description":"Kupite LSD Liquid 200ug drop u Velikoj Britaniji, Europi za prodaju po najboljoj tr\u017ei\u0161noj cijeni. Svi na\u0161i proizvodi izra\u0111eni su od \u010distih prirodnih sastojaka bez THC-a. Naru\u010dite online odmah!","og_url":"https:\/\/medicinasinc.com\/hr\/product\/kupi-lsd-tekucinu-200ug-kap\/","og_site_name":"Medicinas Inc","article_modified_time":"2022-03-15T06:01:30+00:00","og_image":[{"width":363,"height":445,"url":"https:\/\/medicinasinc.com\/hr\/wp-content\/uploads\/sites\/3\/2022\/02\/Buy-LSD-liquid-200ug-Drop.jpg","type":"image\/jpeg"}],"twitter_card":"summary_large_image","twitter_misc":{"Procijenjeno vrijeme \u010ditanja":"2 minute"},"schema":{"@context":"https:\/\/schema.org","@graph":[{"@type":"WebPage","@id":"https:\/\/medicinasinc.com\/hr\/product\/kupi-lsd-tekucinu-200ug-kap\/","url":"https:\/\/medicinasinc.com\/hr\/product\/kupi-lsd-tekucinu-200ug-kap\/","name":"Kupite LSD teku\u0107i 200ug Drop - Najbolji najbolji svjetski lijekovi","isPartOf":{"@id":"https:\/\/medicinasinc.com\/hr\/#website"},"primaryImageOfPage":{"@id":"https:\/\/medicinasinc.com\/hr\/product\/kupi-lsd-tekucinu-200ug-kap\/#primaryimage"},"image":{"@id":"https:\/\/medicinasinc.com\/hr\/product\/kupi-lsd-tekucinu-200ug-kap\/#primaryimage"},"thumbnailUrl":"https:\/\/medicinasinc.com\/hr\/wp-content\/uploads\/sites\/3\/2022\/02\/Buy-LSD-liquid-200ug-Drop.jpg","datePublished":"2022-02-20T16:56:44+00:00","dateModified":"2022-03-15T06:01:30+00:00","description":"Kupite LSD Liquid 200ug drop u Velikoj Britaniji, Europi za prodaju po najboljoj tr\u017ei\u0161noj cijeni. Svi na\u0161i proizvodi izra\u0111eni su od \u010distih prirodnih sastojaka bez THC-a. Naru\u010dite online odmah!","breadcrumb":{"@id":"https:\/\/medicinasinc.com\/hr\/product\/kupi-lsd-tekucinu-200ug-kap\/#breadcrumb"},"inLanguage":"hr","potentialAction":[{"@type":"ReadAction","target":["https:\/\/medicinasinc.com\/hr\/product\/kupi-lsd-tekucinu-200ug-kap\/"]}]},{"@type":"ImageObject","inLanguage":"hr","@id":"https:\/\/medicinasinc.com\/hr\/product\/kupi-lsd-tekucinu-200ug-kap\/#primaryimage","url":"https:\/\/medicinasinc.com\/hr\/wp-content\/uploads\/sites\/3\/2022\/02\/Buy-LSD-liquid-200ug-Drop.jpg","contentUrl":"https:\/\/medicinasinc.com\/hr\/wp-content\/uploads\/sites\/3\/2022\/02\/Buy-LSD-liquid-200ug-Drop.jpg","width":363,"height":445},{"@type":"BreadcrumbList","@id":"https:\/\/medicinasinc.com\/hr\/product\/kupi-lsd-tekucinu-200ug-kap\/#breadcrumb","itemListElement":[{"@type":"ListItem","position":1,"name":"Du\u0107an","item":"https:\/\/medicinasinc.com\/hr\/ducan\/"},{"@type":"ListItem","position":2,"name":"Kupite LSD teku\u0107inu 200ug Drop"}]},{"@type":"WebSite","@id":"https:\/\/medicinasinc.com\/hr\/#website","url":"https:\/\/medicinasinc.com\/hr\/","name":"Medicinas Inc","description":"Health Medical Clinic","potentialAction":[{"@type":"SearchAction","target":{"@type":"EntryPoint","urlTemplate":"https:\/\/medicinasinc.com\/hr\/?s={search_term_string}"},"query-input":{"@type":"PropertyValueSpecification","valueRequired":true,"valueName":"search_term_string"}}],"inLanguage":"hr"}]}},"_links":{"self":[{"href":"https:\/\/medicinasinc.com\/hr\/wp-json\/wp\/v2\/product\/4854","targetHints":{"allow":["GET"]}}],"collection":[{"href":"https:\/\/medicinasinc.com\/hr\/wp-json\/wp\/v2\/product"}],"about":[{"href":"https:\/\/medicinasinc.com\/hr\/wp-json\/wp\/v2\/types\/product"}],"replies":[{"embeddable":true,"href":"https:\/\/medicinasinc.com\/hr\/wp-json\/wp\/v2\/comments?post=4854"}],"wp:featuredmedia":[{"embeddable":true,"href":"https:\/\/medicinasinc.com\/hr\/wp-json\/wp\/v2\/media\/4868"}],"wp:attachment":[{"href":"https:\/\/medicinasinc.com\/hr\/wp-json\/wp\/v2\/media?parent=4854"}],"wp:term":[{"taxonomy":"product_brand","embeddable":true,"href":"https:\/\/medicinasinc.com\/hr\/wp-json\/wp\/v2\/product_brand?post=4854"},{"taxonomy":"product_cat","embeddable":true,"href":"https:\/\/medicinasinc.com\/hr\/wp-json\/wp\/v2\/product_cat?post=4854"},{"taxonomy":"product_tag","embeddable":true,"href":"https:\/\/medicinasinc.com\/hr\/wp-json\/wp\/v2\/product_tag?post=4854"}],"curies":[{"name":"wp","href":"https:\/\/api.w.org\/{rel}","templated":true}]}}