{"id":4849,"date":"2022-02-20T16:51:26","date_gmt":"2022-02-20T16:51:26","guid":{"rendered":"https:\/\/medicinasinc.com\/hr\/?post_type=product&#038;p=4849"},"modified":"2022-03-15T06:01:42","modified_gmt":"2022-03-15T06:01:42","slug":"kupi-ibogain-prah","status":"publish","type":"product","link":"https:\/\/medicinasinc.com\/hr\/product\/kupi-ibogain-prah\/","title":{"rendered":"Kupite ibogain u prahu"},"content":{"rendered":"<p>Ibogain hidroklorid<\/p>\n<p>Ibogain HCL je prirodna psihoaktivna tvar koja se nalazi u biljkama koje pripadaju obitelji Apocynaceae, uklju\u010duju\u0107i Tabernanthe iboga, Voacanga africana i Tabernaemontana undulata.<\/p>\n<p>To je biljka. disocijativni psihodeli\u010dni. Preliminarna istra\u017eivanja pokazuju da mo\u017ee biti korisna u lije\u010denju ovisnosti o drogama. Ibogain je dostupan za kupnju. Ibogain HCL se mo\u017ee kupiti online. Ibogain hidroklorid u prahu. Ibogain se mo\u017ee kupiti putem interneta.<\/p>\n<p>Osim toga, od 2016. dostupni su brojni oblici ibogaina, po\u010dev\u0161i od praha korijena, koji sadr\u017ei izuzetno velike koli\u010dine ibogaina u tragovima i ima vrlo mali u\u010dinak kada se koristi za ubla\u017eavanje opioida simptoma ustezanja, do visoko pro\u010di\u0161\u0107enog, 99,7 posto \u010distog Ibogaina HCL. Ibogain HCL za prodaju online<\/p>\n<p>Ibogain hidroklorid za prodaju<\/p>\n<p>Za po\u010detak koristimo Ibogain HCL \u010disto\u0107e 99,7% farmaceutske kvalitete u centru za lije\u010denje ibogaina Meds Consultinga. Ne koristimo jeftin polusintetski ibogain dobiven iz Voacanga africana, niti koristimo ekstrakte TA (ukupni alkaloid) ili PTA (pro\u010di\u0161\u0107eni ukupni alkaloid). Ibogain se mo\u017ee kupiti online.<\/p>\n<p>Na\u0161e sirovine potje\u010du iz Kameruna (ne iz Gabona), preko zadruge poljoprivrednika koja uzgaja TA iboga za na\u0161u upotrebu od sredine 1990-ih, koriste\u0107i ekolo\u0161ki prihvatljivu, odr\u017eivu poljoprivredu prakse. Ne koristimo materijale s crnog ili sivog tr\u017ei\u0161ta koji su nepoznati u smislu podrijetla ili \u010disto\u0107e. Ibogain HCL se mo\u017ee kupiti online.<\/p>\n<p>Na\u0161 ibogain hidroklorid proizveden je u laboratoriju uskla\u0111enom s cGMP i koji je u skladu sa svim smjernicama USFDA. Meds Consulting koristi naj\u010di\u0161\u0107i Ibogain HCL koji je dostupan kada koristi kemiju prirodnih proizvoda; na\u0161i su materijali certificirani 99,7% \u010disti putem HPLC testa.<\/p>\n<p>Psihoaktivna svojstva ibogaina<\/p>\n<p>Za po\u010detak, psihoaktivna svojstva ibogaina stvaraju pobolj\u0161ano duhovno iskustvo. Pacijent stje\u010de dubok uvid, koji mu daje jasno\u0107u o svojim \u017eivotima i motivira ih da naprave psiholo\u0161ke promjene i \u017eive \u017eivote bez droga. Ibogain je dostupan za kupnju.<\/p>\n<p>Ibogain ima zna\u010dajan potencijal za lije\u010denje ovisnosti o te\u0161kim drogama kao \u0161to su heroin, metadon, kokain, crack i alkohol, prema studijama. Osim toga, postoje dokazi da je koristan u lije\u010denju ovisnosti o duhanu. Ibogain se mo\u017ee kupiti online.<\/p>\n<p>Osim toga, Ibogain pru\u017ea mogu\u0107nosti za psihoterapiju i duhovnog u\u010ditelja. Dodatno, ibogain se mo\u017ee koristiti u psihoterapiji za lije\u010denje u\u010dinaka traume ili kondicioniranja. Ibogain je dostupan za kupnju.<\/p>\n<p>Je li terapija u\u010dinkovita i sigurna?<\/p>\n<p>Pojedinci povremeno tra\u017ee ibogain za prodaju u nadi da \u0107e se podvrgnuti terapiji ibogainom za ovisnost o opijatima. Me\u0111utim, kao i kod svakog lije\u010denja, terapija ibogainom ne jam\u010di uspjeh. Najbolji prah ibogain hidroklorida<\/p>\n<p>Osim toga, ibogain HCL terapija se mo\u017ee koristiti za pomo\u0107 pojedincu u prevladavanju ovisnosti o opijatima. Ibogain je dostupan za kupnju.<\/p>\n<p>Osim toga, ibogain poma\u017ee resetiranju kemijskih razina u mozgu, ali mozak relativno brzo postaje fizi\u010dki ovisan o ibogainu. Stoga, ako pojedinac konzumira preveliku koli\u010dinu ibogaina odjednom, mo\u017ee pretrpjeti smrtonosno predoziranje. Ibogain se mo\u017ee kupiti online.<\/p>\n<p>Nije svi ibogain stvoreni jednaki. Razli\u010diti materijali mogu imati izrazito razli\u010dite u\u010dinke. Na\u0161 ibogain identi\u010dan je onom kori\u0161tenom u svim monografijama objavljenim u do sada recenziranim \u010dasopisima, pokazuju\u0107i navodnu sposobnost ibogaina da ubla\u017ei simptome odvikavanja povezane s poreme\u0107ajima zlouporabe polisupstancija. Ibogain se mo\u017ee kupiti online.<\/p>\n<p>Pru\u017eamo najsigurniji i naju\u010dinkovitiji program detoksikacije ibogaina na svijetu, koriste\u0107i naj\u010di\u0161\u0107i ibogain hidroklorid dostupan na planetu. Ibogain hidroklorid u prahu.<\/p>\n","protected":false},"excerpt":{"rendered":"<div class=\"woocommerce-product-details__short-description\">\n<p>Kupite ibogain u prahu iz Afrike u UK, Europa za prodaju s najbolje web stranice, Ibogain za prodaju online. Nabavite kore korijena Iboga, Ibogain hcl, Iboga TA, Ibogaine kapsule i voacanga i nabavite ibogain.<\/p>\n<p>Ibogain HCL (hidroklorid) izoliran je iz na\u0161eg ekstrakta Iboga TA i ~95-99% je \u010disti Ibogain HCL.<\/p>\n<\/p><\/div>\n","protected":false},"featured_media":4862,"comment_status":"open","ping_status":"closed","template":"","meta":[],"product_brand":[],"product_cat":[703],"product_tag":[725,726,727,728,733,734,736,739,735,741,740,729,731,732,730,742,737,743,738,744],"class_list":{"0":"post-4849","1":"product","2":"type-product","3":"status-publish","4":"has-post-thumbnail","6":"product_cat-kupiti-psihedelicne-droge","7":"product_tag-bois-sacre","8":"product_tag-buy-iboga","9":"product_tag-buy-iboga-root-back","10":"product_tag-buy-iboga-root-bark","11":"product_tag-eboka","12":"product_tag-iboga-na-prodaj","13":"product_tag-iboga-root-back-for-sale","14":"product_tag-iboga-root-bark-for-sale","15":"product_tag-iboga-prah","16":"product_tag-ibogaine-for-sale","17":"product_tag-iboga-korijen-kora-za-prodaja-online","18":"product_tag-kupi-iboga-korijen-kora-ips","19":"product_tag-kupi-ibogain","20":"product_tag-kupi-ibogain-online","21":"product_tag-kupiti-iboga-root-bark-online","22":"product_tag-narui-iboga-online","23":"product_tag-iboga-korijen-kora-ips-na-prodaja","24":"product_tag-isti-iboga-prah-na-prodaj","25":"product_tag-iboga-korijen-kora-na-prodaja","26":"product_tag-tabernanthe-iboga","28":"first","29":"instock","30":"shipping-taxable","31":"purchasable","32":"product-type-variable","33":"has-default-attributes"},"yoast_head":"<!-- This site is optimized with the Yoast SEO plugin v27.3 - https:\/\/yoast.com\/product\/yoast-seo-wordpress\/ -->\n<title>Kupite ibogain u prahu - Iboga za prodaju - Najbolji najbolji svjetski lijekovi<\/title>\n<meta name=\"description\" content=\"Kupite ibogain u prahu iz Afrike u UK, Europa za prodaju s najbolje web stranice, Ibogain za prodaju online. Nabavite kore korijena Iboga, Ibogaine hcl, Iboga TA, Ibogaine kapsule i voacanga i nabavite ibogain.\" \/>\n<meta name=\"robots\" content=\"index, follow, max-snippet:-1, max-image-preview:large, max-video-preview:-1\" \/>\n<link rel=\"canonical\" href=\"https:\/\/medicinasinc.com\/hr\/product\/kupi-ibogain-prah\/\" \/>\n<meta property=\"og:locale\" content=\"hr_HR\" \/>\n<meta property=\"og:type\" content=\"article\" \/>\n<meta property=\"og:title\" content=\"Kupite ibogain u prahu - Iboga za prodaju - Najbolji najbolji svjetski lijekovi\" \/>\n<meta property=\"og:description\" content=\"Kupite ibogain u prahu iz Afrike u UK, Europa za prodaju s najbolje web stranice, Ibogain za prodaju online. Nabavite kore korijena Iboga, Ibogaine hcl, Iboga TA, Ibogaine kapsule i voacanga i nabavite ibogain.\" \/>\n<meta property=\"og:url\" content=\"https:\/\/medicinasinc.com\/hr\/product\/kupi-ibogain-prah\/\" \/>\n<meta property=\"og:site_name\" content=\"Medicinas Inc\" \/>\n<meta property=\"article:modified_time\" content=\"2022-03-15T06:01:42+00:00\" \/>\n<meta property=\"og:image\" content=\"https:\/\/medicinasinc.com\/hr\/wp-content\/uploads\/sites\/3\/2022\/02\/Buy-Ibogaine-Powder.webp\" \/>\n\t<meta property=\"og:image:width\" content=\"400\" \/>\n\t<meta property=\"og:image:height\" content=\"533\" \/>\n\t<meta property=\"og:image:type\" content=\"image\/webp\" \/>\n<meta name=\"twitter:card\" content=\"summary_large_image\" \/>\n<meta name=\"twitter:label1\" content=\"Procijenjeno vrijeme \u010ditanja\" \/>\n\t<meta name=\"twitter:data1\" content=\"3 minute\" \/>\n<script type=\"application\/ld+json\" class=\"yoast-schema-graph\">{\"@context\":\"https:\\\/\\\/schema.org\",\"@graph\":[{\"@type\":\"WebPage\",\"@id\":\"https:\\\/\\\/medicinasinc.com\\\/hr\\\/product\\\/kupi-ibogain-prah\\\/\",\"url\":\"https:\\\/\\\/medicinasinc.com\\\/hr\\\/product\\\/kupi-ibogain-prah\\\/\",\"name\":\"Kupite ibogain u prahu - Iboga za prodaju - Najbolji najbolji svjetski lijekovi\",\"isPartOf\":{\"@id\":\"https:\\\/\\\/medicinasinc.com\\\/hr\\\/#website\"},\"primaryImageOfPage\":{\"@id\":\"https:\\\/\\\/medicinasinc.com\\\/hr\\\/product\\\/kupi-ibogain-prah\\\/#primaryimage\"},\"image\":{\"@id\":\"https:\\\/\\\/medicinasinc.com\\\/hr\\\/product\\\/kupi-ibogain-prah\\\/#primaryimage\"},\"thumbnailUrl\":\"https:\\\/\\\/medicinasinc.com\\\/hr\\\/wp-content\\\/uploads\\\/sites\\\/3\\\/2022\\\/02\\\/Buy-Ibogaine-Powder.webp\",\"datePublished\":\"2022-02-20T16:51:26+00:00\",\"dateModified\":\"2022-03-15T06:01:42+00:00\",\"description\":\"Kupite ibogain u prahu iz Afrike u UK, Europa za prodaju s najbolje web stranice, Ibogain za prodaju online. Nabavite kore korijena Iboga, Ibogaine hcl, Iboga TA, Ibogaine kapsule i voacanga i nabavite ibogain.\",\"breadcrumb\":{\"@id\":\"https:\\\/\\\/medicinasinc.com\\\/hr\\\/product\\\/kupi-ibogain-prah\\\/#breadcrumb\"},\"inLanguage\":\"hr\",\"potentialAction\":[{\"@type\":\"ReadAction\",\"target\":[\"https:\\\/\\\/medicinasinc.com\\\/hr\\\/product\\\/kupi-ibogain-prah\\\/\"]}]},{\"@type\":\"ImageObject\",\"inLanguage\":\"hr\",\"@id\":\"https:\\\/\\\/medicinasinc.com\\\/hr\\\/product\\\/kupi-ibogain-prah\\\/#primaryimage\",\"url\":\"https:\\\/\\\/medicinasinc.com\\\/hr\\\/wp-content\\\/uploads\\\/sites\\\/3\\\/2022\\\/02\\\/Buy-Ibogaine-Powder.webp\",\"contentUrl\":\"https:\\\/\\\/medicinasinc.com\\\/hr\\\/wp-content\\\/uploads\\\/sites\\\/3\\\/2022\\\/02\\\/Buy-Ibogaine-Powder.webp\",\"width\":400,\"height\":533},{\"@type\":\"BreadcrumbList\",\"@id\":\"https:\\\/\\\/medicinasinc.com\\\/hr\\\/product\\\/kupi-ibogain-prah\\\/#breadcrumb\",\"itemListElement\":[{\"@type\":\"ListItem\",\"position\":1,\"name\":\"Du\u0107an\",\"item\":\"https:\\\/\\\/medicinasinc.com\\\/hr\\\/ducan\\\/\"},{\"@type\":\"ListItem\",\"position\":2,\"name\":\"Kupite ibogain u prahu\"}]},{\"@type\":\"WebSite\",\"@id\":\"https:\\\/\\\/medicinasinc.com\\\/hr\\\/#website\",\"url\":\"https:\\\/\\\/medicinasinc.com\\\/hr\\\/\",\"name\":\"Medicinas Inc\",\"description\":\"Health Medical Clinic\",\"potentialAction\":[{\"@type\":\"SearchAction\",\"target\":{\"@type\":\"EntryPoint\",\"urlTemplate\":\"https:\\\/\\\/medicinasinc.com\\\/hr\\\/?s={search_term_string}\"},\"query-input\":{\"@type\":\"PropertyValueSpecification\",\"valueRequired\":true,\"valueName\":\"search_term_string\"}}],\"inLanguage\":\"hr\"}]}<\/script>\n<!-- \/ Yoast SEO plugin. -->","yoast_head_json":{"title":"Kupite ibogain u prahu - Iboga za prodaju - Najbolji najbolji svjetski lijekovi","description":"Kupite ibogain u prahu iz Afrike u UK, Europa za prodaju s najbolje web stranice, Ibogain za prodaju online. Nabavite kore korijena Iboga, Ibogaine hcl, Iboga TA, Ibogaine kapsule i voacanga i nabavite ibogain.","robots":{"index":"index","follow":"follow","max-snippet":"max-snippet:-1","max-image-preview":"max-image-preview:large","max-video-preview":"max-video-preview:-1"},"canonical":"https:\/\/medicinasinc.com\/hr\/product\/kupi-ibogain-prah\/","og_locale":"hr_HR","og_type":"article","og_title":"Kupite ibogain u prahu - Iboga za prodaju - Najbolji najbolji svjetski lijekovi","og_description":"Kupite ibogain u prahu iz Afrike u UK, Europa za prodaju s najbolje web stranice, Ibogain za prodaju online. Nabavite kore korijena Iboga, Ibogaine hcl, Iboga TA, Ibogaine kapsule i voacanga i nabavite ibogain.","og_url":"https:\/\/medicinasinc.com\/hr\/product\/kupi-ibogain-prah\/","og_site_name":"Medicinas Inc","article_modified_time":"2022-03-15T06:01:42+00:00","og_image":[{"width":400,"height":533,"url":"https:\/\/medicinasinc.com\/hr\/wp-content\/uploads\/sites\/3\/2022\/02\/Buy-Ibogaine-Powder.webp","type":"image\/webp"}],"twitter_card":"summary_large_image","twitter_misc":{"Procijenjeno vrijeme \u010ditanja":"3 minute"},"schema":{"@context":"https:\/\/schema.org","@graph":[{"@type":"WebPage","@id":"https:\/\/medicinasinc.com\/hr\/product\/kupi-ibogain-prah\/","url":"https:\/\/medicinasinc.com\/hr\/product\/kupi-ibogain-prah\/","name":"Kupite ibogain u prahu - Iboga za prodaju - Najbolji najbolji svjetski lijekovi","isPartOf":{"@id":"https:\/\/medicinasinc.com\/hr\/#website"},"primaryImageOfPage":{"@id":"https:\/\/medicinasinc.com\/hr\/product\/kupi-ibogain-prah\/#primaryimage"},"image":{"@id":"https:\/\/medicinasinc.com\/hr\/product\/kupi-ibogain-prah\/#primaryimage"},"thumbnailUrl":"https:\/\/medicinasinc.com\/hr\/wp-content\/uploads\/sites\/3\/2022\/02\/Buy-Ibogaine-Powder.webp","datePublished":"2022-02-20T16:51:26+00:00","dateModified":"2022-03-15T06:01:42+00:00","description":"Kupite ibogain u prahu iz Afrike u UK, Europa za prodaju s najbolje web stranice, Ibogain za prodaju online. Nabavite kore korijena Iboga, Ibogaine hcl, Iboga TA, Ibogaine kapsule i voacanga i nabavite ibogain.","breadcrumb":{"@id":"https:\/\/medicinasinc.com\/hr\/product\/kupi-ibogain-prah\/#breadcrumb"},"inLanguage":"hr","potentialAction":[{"@type":"ReadAction","target":["https:\/\/medicinasinc.com\/hr\/product\/kupi-ibogain-prah\/"]}]},{"@type":"ImageObject","inLanguage":"hr","@id":"https:\/\/medicinasinc.com\/hr\/product\/kupi-ibogain-prah\/#primaryimage","url":"https:\/\/medicinasinc.com\/hr\/wp-content\/uploads\/sites\/3\/2022\/02\/Buy-Ibogaine-Powder.webp","contentUrl":"https:\/\/medicinasinc.com\/hr\/wp-content\/uploads\/sites\/3\/2022\/02\/Buy-Ibogaine-Powder.webp","width":400,"height":533},{"@type":"BreadcrumbList","@id":"https:\/\/medicinasinc.com\/hr\/product\/kupi-ibogain-prah\/#breadcrumb","itemListElement":[{"@type":"ListItem","position":1,"name":"Du\u0107an","item":"https:\/\/medicinasinc.com\/hr\/ducan\/"},{"@type":"ListItem","position":2,"name":"Kupite ibogain u prahu"}]},{"@type":"WebSite","@id":"https:\/\/medicinasinc.com\/hr\/#website","url":"https:\/\/medicinasinc.com\/hr\/","name":"Medicinas Inc","description":"Health Medical Clinic","potentialAction":[{"@type":"SearchAction","target":{"@type":"EntryPoint","urlTemplate":"https:\/\/medicinasinc.com\/hr\/?s={search_term_string}"},"query-input":{"@type":"PropertyValueSpecification","valueRequired":true,"valueName":"search_term_string"}}],"inLanguage":"hr"}]}},"_links":{"self":[{"href":"https:\/\/medicinasinc.com\/hr\/wp-json\/wp\/v2\/product\/4849","targetHints":{"allow":["GET"]}}],"collection":[{"href":"https:\/\/medicinasinc.com\/hr\/wp-json\/wp\/v2\/product"}],"about":[{"href":"https:\/\/medicinasinc.com\/hr\/wp-json\/wp\/v2\/types\/product"}],"replies":[{"embeddable":true,"href":"https:\/\/medicinasinc.com\/hr\/wp-json\/wp\/v2\/comments?post=4849"}],"wp:featuredmedia":[{"embeddable":true,"href":"https:\/\/medicinasinc.com\/hr\/wp-json\/wp\/v2\/media\/4862"}],"wp:attachment":[{"href":"https:\/\/medicinasinc.com\/hr\/wp-json\/wp\/v2\/media?parent=4849"}],"wp:term":[{"taxonomy":"product_brand","embeddable":true,"href":"https:\/\/medicinasinc.com\/hr\/wp-json\/wp\/v2\/product_brand?post=4849"},{"taxonomy":"product_cat","embeddable":true,"href":"https:\/\/medicinasinc.com\/hr\/wp-json\/wp\/v2\/product_cat?post=4849"},{"taxonomy":"product_tag","embeddable":true,"href":"https:\/\/medicinasinc.com\/hr\/wp-json\/wp\/v2\/product_tag?post=4849"}],"curies":[{"name":"wp","href":"https:\/\/api.w.org\/{rel}","templated":true}]}}