{"id":4848,"date":"2022-02-20T16:50:30","date_gmt":"2022-02-20T16:50:30","guid":{"rendered":"https:\/\/medicinasinc.com\/hr\/?post_type=product&#038;p=4848"},"modified":"2022-03-15T06:01:50","modified_gmt":"2022-03-15T06:01:50","slug":"kupi-ketamin-prah","status":"publish","type":"product","link":"https:\/\/medicinasinc.com\/hr\/product\/kupi-ketamin-prah\/","title":{"rendered":"Kupite ketamin u prahu"},"content":{"rendered":"<p>Ketamin u prahu mo\u017ee se kupiti online.<\/p>\n<p>Kupite ketamin u prahu za lije\u010denje postoperativne boli<br \/> Postoperativna bol se javlja nakon velike operacije koja uklju\u010duje inciziju i presa\u0111ivanje. Mo\u017ee potrajati dva do pet dana, a za njegovo iskorijenjivanje potrebno je pravilno lije\u010denje. Neadekvatna kontrola mo\u017ee dovesti do nepokretnosti, te\u017eeg povratka funkcije i odgo\u0111enog oporavka. Cilj je ubla\u017eiti nelagodu uz \u0161to manje nuspojava. Unato\u010d godinama napretka u lije\u010denju boli, primarni ostanak u postoperativnoj terapiji ostaju anestetici kao \u0161to je ketamin u prahu za prodaju. Ve\u017eu se na receptore sredi\u0161njeg \u017eiv\u010danog sustava i inhibiraju prijenos signala boli. Ima brz po\u010detak djelovanja i trajanje u\u010dinka od jednog sata. Oni koji su odgovorni za primjenu lijeka trebaju osigurati da ne do\u0111e do smrtonosnih interakcija.<\/p>\n<p>Najbolji globalni lijekovi \u2013 jedan i jedini izvor pristupa\u010dnog ketamina u prahu<br \/> \u0160irok raspon lijekova na recept sada je dostupan bez pomicanja in\u010da od mjesta. U Best Global Meds-u mo\u017eete naru\u010diti ketamin u prahu iz udobnosti svog doma ili ureda. Nastojimo u\u010diniti kupnju putem interneta jednostavnom i sigurnom za na\u0161e klijente. Zato prihva\u0107amo razli\u010dite na\u010dine pla\u0107anja, uklju\u010duju\u0107i kriptovalute, i \u0161titimo podatke o va\u0161oj kreditnoj kartici \u0161ifriranjem kreditne kartice. Osim toga, postupak slanja je bez rizika. Sura\u0111ujemo s renomiranim prijevoznicima kako bismo osigurali va\u0161e lijekove i poslali ih izravno u va\u0161 dom.<\/p>\n<p>Ako imate bilo kakvih pitanja o nama ili na\u0161im proizvodima, kontaktirajte jednog od na\u0161ih rukovoditelja. Rado \u0107emo odgovoriti na sva va\u0161a pitanja!<\/p>\n","protected":false},"excerpt":{"rendered":"<div class=\"woocommerce-product-details__short-description\">\n<p>Kupite ketamin u prahu Dostava u Europsku uniju, pla\u0107anje putem Bitcoina. Ketamin u prahu na popustu &#8211; kupnju istra\u017eiva\u010dkih kemikalija u Europi. Najve\u0107i europski trgovac ketaminom u prahu.<\/p>\n<p>Ketamin u prahu mo\u017ee se kupiti online. Kupite ketamin HCL prah online \u2013 Kupite ketamin u prahu online \u2013 Naru\u010dite ketamin u prahu<\/p>\n<\/p><\/div>\n","protected":false},"featured_media":4860,"comment_status":"open","ping_status":"closed","template":"","meta":[],"product_brand":[],"product_cat":[703],"product_tag":[],"class_list":{"0":"post-4848","1":"product","2":"type-product","3":"status-publish","4":"has-post-thumbnail","6":"product_cat-kupiti-psihedelicne-droge","8":"first","9":"instock","10":"shipping-taxable","11":"purchasable","12":"product-type-variable","13":"has-default-attributes"},"yoast_head":"<!-- This site is optimized with the Yoast SEO plugin v27.3 - https:\/\/yoast.com\/product\/yoast-seo-wordpress\/ -->\n<title>Kupite ketamin u prahu - rasprodaja ketamina u Europi - Najbolji najbolji svjetski lijekovi<\/title>\n<meta name=\"description\" content=\"Kupite ketamin u prahu za prodaju Dostava u EU, pla\u0107anje Bitcoinom. Jeftini dobavlja\u010d ketaminskog praha - kupujte istra\u017eiva\u010dke kemikalije u Europi. Trgovina ketaminskim prahom u Europi.\" \/>\n<meta name=\"robots\" content=\"index, follow, max-snippet:-1, max-image-preview:large, max-video-preview:-1\" \/>\n<link rel=\"canonical\" href=\"https:\/\/medicinasinc.com\/hr\/product\/kupi-ketamin-prah\/\" \/>\n<meta property=\"og:locale\" content=\"hr_HR\" \/>\n<meta property=\"og:type\" content=\"article\" \/>\n<meta property=\"og:title\" content=\"Kupite ketamin u prahu - rasprodaja ketamina u Europi - Najbolji najbolji svjetski lijekovi\" \/>\n<meta property=\"og:description\" content=\"Kupite ketamin u prahu za prodaju Dostava u EU, pla\u0107anje Bitcoinom. Jeftini dobavlja\u010d ketaminskog praha - kupujte istra\u017eiva\u010dke kemikalije u Europi. Trgovina ketaminskim prahom u Europi.\" \/>\n<meta property=\"og:url\" content=\"https:\/\/medicinasinc.com\/hr\/product\/kupi-ketamin-prah\/\" \/>\n<meta property=\"og:site_name\" content=\"Medicinas Inc\" \/>\n<meta property=\"article:modified_time\" content=\"2022-03-15T06:01:50+00:00\" \/>\n<meta property=\"og:image\" content=\"https:\/\/medicinasinc.com\/hr\/wp-content\/uploads\/sites\/3\/2022\/02\/Buy-Ketamine-powder.jpg\" \/>\n\t<meta property=\"og:image:width\" content=\"900\" \/>\n\t<meta property=\"og:image:height\" content=\"675\" \/>\n\t<meta property=\"og:image:type\" content=\"image\/jpeg\" \/>\n<meta name=\"twitter:card\" content=\"summary_large_image\" \/>\n<meta name=\"twitter:label1\" content=\"Procijenjeno vrijeme \u010ditanja\" \/>\n\t<meta name=\"twitter:data1\" content=\"2 minute\" \/>\n<script type=\"application\/ld+json\" class=\"yoast-schema-graph\">{\"@context\":\"https:\\\/\\\/schema.org\",\"@graph\":[{\"@type\":\"WebPage\",\"@id\":\"https:\\\/\\\/medicinasinc.com\\\/hr\\\/product\\\/kupi-ketamin-prah\\\/\",\"url\":\"https:\\\/\\\/medicinasinc.com\\\/hr\\\/product\\\/kupi-ketamin-prah\\\/\",\"name\":\"Kupite ketamin u prahu - rasprodaja ketamina u Europi - Najbolji najbolji svjetski lijekovi\",\"isPartOf\":{\"@id\":\"https:\\\/\\\/medicinasinc.com\\\/hr\\\/#website\"},\"primaryImageOfPage\":{\"@id\":\"https:\\\/\\\/medicinasinc.com\\\/hr\\\/product\\\/kupi-ketamin-prah\\\/#primaryimage\"},\"image\":{\"@id\":\"https:\\\/\\\/medicinasinc.com\\\/hr\\\/product\\\/kupi-ketamin-prah\\\/#primaryimage\"},\"thumbnailUrl\":\"https:\\\/\\\/medicinasinc.com\\\/hr\\\/wp-content\\\/uploads\\\/sites\\\/3\\\/2022\\\/02\\\/Buy-Ketamine-powder.jpg\",\"datePublished\":\"2022-02-20T16:50:30+00:00\",\"dateModified\":\"2022-03-15T06:01:50+00:00\",\"description\":\"Kupite ketamin u prahu za prodaju Dostava u EU, pla\u0107anje Bitcoinom. Jeftini dobavlja\u010d ketaminskog praha - kupujte istra\u017eiva\u010dke kemikalije u Europi. Trgovina ketaminskim prahom u Europi.\",\"breadcrumb\":{\"@id\":\"https:\\\/\\\/medicinasinc.com\\\/hr\\\/product\\\/kupi-ketamin-prah\\\/#breadcrumb\"},\"inLanguage\":\"hr\",\"potentialAction\":[{\"@type\":\"ReadAction\",\"target\":[\"https:\\\/\\\/medicinasinc.com\\\/hr\\\/product\\\/kupi-ketamin-prah\\\/\"]}]},{\"@type\":\"ImageObject\",\"inLanguage\":\"hr\",\"@id\":\"https:\\\/\\\/medicinasinc.com\\\/hr\\\/product\\\/kupi-ketamin-prah\\\/#primaryimage\",\"url\":\"https:\\\/\\\/medicinasinc.com\\\/hr\\\/wp-content\\\/uploads\\\/sites\\\/3\\\/2022\\\/02\\\/Buy-Ketamine-powder.jpg\",\"contentUrl\":\"https:\\\/\\\/medicinasinc.com\\\/hr\\\/wp-content\\\/uploads\\\/sites\\\/3\\\/2022\\\/02\\\/Buy-Ketamine-powder.jpg\",\"width\":900,\"height\":675},{\"@type\":\"BreadcrumbList\",\"@id\":\"https:\\\/\\\/medicinasinc.com\\\/hr\\\/product\\\/kupi-ketamin-prah\\\/#breadcrumb\",\"itemListElement\":[{\"@type\":\"ListItem\",\"position\":1,\"name\":\"Du\u0107an\",\"item\":\"https:\\\/\\\/medicinasinc.com\\\/hr\\\/ducan\\\/\"},{\"@type\":\"ListItem\",\"position\":2,\"name\":\"Kupite ketamin u prahu\"}]},{\"@type\":\"WebSite\",\"@id\":\"https:\\\/\\\/medicinasinc.com\\\/hr\\\/#website\",\"url\":\"https:\\\/\\\/medicinasinc.com\\\/hr\\\/\",\"name\":\"Medicinas Inc\",\"description\":\"Health Medical Clinic\",\"potentialAction\":[{\"@type\":\"SearchAction\",\"target\":{\"@type\":\"EntryPoint\",\"urlTemplate\":\"https:\\\/\\\/medicinasinc.com\\\/hr\\\/?s={search_term_string}\"},\"query-input\":{\"@type\":\"PropertyValueSpecification\",\"valueRequired\":true,\"valueName\":\"search_term_string\"}}],\"inLanguage\":\"hr\"}]}<\/script>\n<!-- \/ Yoast SEO plugin. -->","yoast_head_json":{"title":"Kupite ketamin u prahu - rasprodaja ketamina u Europi - Najbolji najbolji svjetski lijekovi","description":"Kupite ketamin u prahu za prodaju Dostava u EU, pla\u0107anje Bitcoinom. Jeftini dobavlja\u010d ketaminskog praha - kupujte istra\u017eiva\u010dke kemikalije u Europi. Trgovina ketaminskim prahom u Europi.","robots":{"index":"index","follow":"follow","max-snippet":"max-snippet:-1","max-image-preview":"max-image-preview:large","max-video-preview":"max-video-preview:-1"},"canonical":"https:\/\/medicinasinc.com\/hr\/product\/kupi-ketamin-prah\/","og_locale":"hr_HR","og_type":"article","og_title":"Kupite ketamin u prahu - rasprodaja ketamina u Europi - Najbolji najbolji svjetski lijekovi","og_description":"Kupite ketamin u prahu za prodaju Dostava u EU, pla\u0107anje Bitcoinom. Jeftini dobavlja\u010d ketaminskog praha - kupujte istra\u017eiva\u010dke kemikalije u Europi. Trgovina ketaminskim prahom u Europi.","og_url":"https:\/\/medicinasinc.com\/hr\/product\/kupi-ketamin-prah\/","og_site_name":"Medicinas Inc","article_modified_time":"2022-03-15T06:01:50+00:00","og_image":[{"width":900,"height":675,"url":"https:\/\/medicinasinc.com\/hr\/wp-content\/uploads\/sites\/3\/2022\/02\/Buy-Ketamine-powder.jpg","type":"image\/jpeg"}],"twitter_card":"summary_large_image","twitter_misc":{"Procijenjeno vrijeme \u010ditanja":"2 minute"},"schema":{"@context":"https:\/\/schema.org","@graph":[{"@type":"WebPage","@id":"https:\/\/medicinasinc.com\/hr\/product\/kupi-ketamin-prah\/","url":"https:\/\/medicinasinc.com\/hr\/product\/kupi-ketamin-prah\/","name":"Kupite ketamin u prahu - rasprodaja ketamina u Europi - Najbolji najbolji svjetski lijekovi","isPartOf":{"@id":"https:\/\/medicinasinc.com\/hr\/#website"},"primaryImageOfPage":{"@id":"https:\/\/medicinasinc.com\/hr\/product\/kupi-ketamin-prah\/#primaryimage"},"image":{"@id":"https:\/\/medicinasinc.com\/hr\/product\/kupi-ketamin-prah\/#primaryimage"},"thumbnailUrl":"https:\/\/medicinasinc.com\/hr\/wp-content\/uploads\/sites\/3\/2022\/02\/Buy-Ketamine-powder.jpg","datePublished":"2022-02-20T16:50:30+00:00","dateModified":"2022-03-15T06:01:50+00:00","description":"Kupite ketamin u prahu za prodaju Dostava u EU, pla\u0107anje Bitcoinom. Jeftini dobavlja\u010d ketaminskog praha - kupujte istra\u017eiva\u010dke kemikalije u Europi. Trgovina ketaminskim prahom u Europi.","breadcrumb":{"@id":"https:\/\/medicinasinc.com\/hr\/product\/kupi-ketamin-prah\/#breadcrumb"},"inLanguage":"hr","potentialAction":[{"@type":"ReadAction","target":["https:\/\/medicinasinc.com\/hr\/product\/kupi-ketamin-prah\/"]}]},{"@type":"ImageObject","inLanguage":"hr","@id":"https:\/\/medicinasinc.com\/hr\/product\/kupi-ketamin-prah\/#primaryimage","url":"https:\/\/medicinasinc.com\/hr\/wp-content\/uploads\/sites\/3\/2022\/02\/Buy-Ketamine-powder.jpg","contentUrl":"https:\/\/medicinasinc.com\/hr\/wp-content\/uploads\/sites\/3\/2022\/02\/Buy-Ketamine-powder.jpg","width":900,"height":675},{"@type":"BreadcrumbList","@id":"https:\/\/medicinasinc.com\/hr\/product\/kupi-ketamin-prah\/#breadcrumb","itemListElement":[{"@type":"ListItem","position":1,"name":"Du\u0107an","item":"https:\/\/medicinasinc.com\/hr\/ducan\/"},{"@type":"ListItem","position":2,"name":"Kupite ketamin u prahu"}]},{"@type":"WebSite","@id":"https:\/\/medicinasinc.com\/hr\/#website","url":"https:\/\/medicinasinc.com\/hr\/","name":"Medicinas Inc","description":"Health Medical Clinic","potentialAction":[{"@type":"SearchAction","target":{"@type":"EntryPoint","urlTemplate":"https:\/\/medicinasinc.com\/hr\/?s={search_term_string}"},"query-input":{"@type":"PropertyValueSpecification","valueRequired":true,"valueName":"search_term_string"}}],"inLanguage":"hr"}]}},"_links":{"self":[{"href":"https:\/\/medicinasinc.com\/hr\/wp-json\/wp\/v2\/product\/4848","targetHints":{"allow":["GET"]}}],"collection":[{"href":"https:\/\/medicinasinc.com\/hr\/wp-json\/wp\/v2\/product"}],"about":[{"href":"https:\/\/medicinasinc.com\/hr\/wp-json\/wp\/v2\/types\/product"}],"replies":[{"embeddable":true,"href":"https:\/\/medicinasinc.com\/hr\/wp-json\/wp\/v2\/comments?post=4848"}],"wp:featuredmedia":[{"embeddable":true,"href":"https:\/\/medicinasinc.com\/hr\/wp-json\/wp\/v2\/media\/4860"}],"wp:attachment":[{"href":"https:\/\/medicinasinc.com\/hr\/wp-json\/wp\/v2\/media?parent=4848"}],"wp:term":[{"taxonomy":"product_brand","embeddable":true,"href":"https:\/\/medicinasinc.com\/hr\/wp-json\/wp\/v2\/product_brand?post=4848"},{"taxonomy":"product_cat","embeddable":true,"href":"https:\/\/medicinasinc.com\/hr\/wp-json\/wp\/v2\/product_cat?post=4848"},{"taxonomy":"product_tag","embeddable":true,"href":"https:\/\/medicinasinc.com\/hr\/wp-json\/wp\/v2\/product_tag?post=4848"}],"curies":[{"name":"wp","href":"https:\/\/api.w.org\/{rel}","templated":true}]}}