{"id":4830,"date":"2022-02-20T16:34:51","date_gmt":"2022-02-20T16:34:51","guid":{"rendered":"https:\/\/medicinasinc.com\/hr\/?post_type=product&#038;p=4830"},"modified":"2022-03-15T06:04:15","modified_gmt":"2022-03-15T06:04:15","slug":"kupiti-kristal-met","status":"publish","type":"product","link":"https:\/\/medicinasinc.com\/hr\/product\/kupiti-kristal-met\/","title":{"rendered":"Kupite Crystal Meth"},"content":{"rendered":"<p>Gdje kupiti kristalni metamfetamin \u2013 metamfetamin<\/p>\n<p>Spremni kupiti kristalni met, tako\u0111er poznat kao met od dragog kamenja, lijek je stimulans sredi\u0161njeg \u017eiv\u010danog sustava (CNS) koji ima brojne sli\u010dnosti s amfetaminima, drugom u svijetu najpopularnija klasa ilegalnih lijekova, iza maryjanea.<br \/> Kao i amfetamin, poti\u010de pove\u0107anu aktivnost, smanjenje gladi i op\u0107i osje\u0107aj dobrobiti.<\/p>\n<p>Postoji nekoliko priznatih medicinskih primjena za lijekove. Crystal Meth \u2013 Metamfetamin, uklju\u010duju\u0107i lije\u010denje narkolepsije, nedostatak sposobnosti dosljedne koncentracije i za trenutnu upotrebu, kao \u0161to je debljina; me\u0111utim, te su medicinske upotrebe ograni\u010dene.<\/p>\n<p>Crystal Meth, poput kokaina, mo\u017ee se pu\u0161iti. Chemical Inc. prodaje Crystal Meth \u2013 Methamphetamine.<\/p>\n<p>Metamfetamini se koriste za lije\u010denje sljede\u0107ih stanja:<\/p>\n<p>ADHDs Narkolepsija<\/p>\n<p>Primjena u medicini je ograni\u010dena.<\/p>\n<p>Crystal Meth \u2013 Metamfetamin, poput kokaina, mo\u017ee se pu\u0161iti.<\/p>\n<p>Kupite Crystal Meth pomo\u0107u Bitcoina<\/p>\n<p>Crystal Meth \u2013 Metamfetamin se koristi za lije\u010denje sljede\u0107ih stanja:<\/p>\n<p>Pretilost, hiperaktivnost, narkolepsija Kao rezultat toga, poti\u010de poja\u010dano djelovanje, smanjenje gladi i op\u0107i osje\u0107aj blagostanja. Kada se koristi prekomjerno, ima progresivno destruktivno djelovanje na primarni senzorni sustav.<br \/> Ako mislite da ste zatrudnjeli tijekom uzimanja lijeka, odmah se obratite svom stru\u010dnjaku kako biste izbjegli komplikacije.<br \/> Ako patite od sr\u010dani problemi,<\/p>\n<p>Metamfetamini imaju niz negativnih posljedica, uklju\u010duju\u0107i sljede\u0107e:<\/p>\n<p>Pove\u0107an puls<br \/> Povi\u0161enje tjelesne temperature<br \/> Pove\u0107anje brzine kod koji opu\u0161ta<br \/> U\u010denici s pro\u0161irenim zjenicama<br \/> Tremor Emocije poput zanosa<br \/> Poja\u010dana anksioznost<br \/> Razdra\u017eljivost<br \/> Paranoja<br \/> Nasilno i izbjegavaju\u0107e pona\u0161anje<br \/> Hiperaktivnost uklju\u010dena privremena osnova Posavjetujte se sa stru\u010dnjakom u vezi terapijskih mogu\u0107nosti.<\/p>\n<p>Izbjegavanje porcije metamfetamina nije te\u0161ko, ali trebate izbjegavati dvostruko mjerenje.<\/p>\n<p>&nbsp;<\/p>\n<p> &nbsp;<\/p>\n<p>&nbsp;<\/p>\n<p>&nbsp;<\/p>\n<p>&nbsp;<\/p>\n<p>&nbsp;<\/p>\n<p>Dok je metamfetamin namijenjen zadr\u017eati fokus, wh hr zlorabljen, lako mo\u017ee rezultirati ozbiljnim zdravstvenim problemima, pa je tra\u017eenje pomo\u0107i u krizi od kvalificiranih zdravstvenih stru\u010dnjaka najbolji na\u010din djelovanja.<\/p>\n<p>&nbsp;<\/p>\n<p>&nbsp;<\/p>\n<p>&nbsp;<\/p>\n<p>&nbsp;<\/p>\n<p>&nbsp;<\/p>\n<p>&nbsp;<\/p>\n<p>Najbolji svjetski lijekovi. nudi Crystal Meth \u2013 Metamfetamin za prodaju na mre\u017ei.<\/p>\n<p>Osim toga, dr\u017eite metamfetamine na sobnoj temperaturi u podru\u010djima bez svjetlosti i topline. Sli\u010dno, nemojte ispirati ovaj lijek. Va\u0161a djeca i ku\u0107ni ljubimci ne smiju se ni na koji na\u010din izlagati ovom lijeku.<\/p>\n<p>Me\u0111utim, mo\u017eete kupiti Crystal Meth \u2013 Methamphetamine online od najuglednijeg online trgovca \u2013 Chemical Inc.<\/p>\n<p> Kupujte metamfetamine bez recepta, metamfetamini su dostupni za kupnju online po najboljoj mogu\u0107oj cijeni.<br \/> Kupite naju\u010dinkovitije lijekove odmah!<br \/> Online kupnja Crystal Meth<\/p>\n<p>Korisnici meta treba tra\u017eiti odmah lije\u010denje.<\/p>\n<p>Iako se mnogi fizi\u010dki simptomi mogu poni\u0161titi pravilnim lije\u010denjem, uznapredovalo starenje i karijes te\u017ee je poni\u0161titi, a \u0161teta je \u010desto nepovratna.<\/p>\n<p>Osim toga, upotreba metamfetamina. mo\u017ee rezultirati psihozom ili psihoti\u010dnim pona\u0161anjem u kojem korisnici gube dodir sa stvarno\u0161\u0107u i do\u017eivljavaju te\u0161ke zablude, paranoju, halucinacije i opsesivno pona\u0161anje koje ih sprje\u010dava da istinski shvate \u0161tetu koju sebi nanose.<\/p>\n<p>To mo\u017ee rezultirati psihozom ili psihoti\u010dnim pona\u0161anjem. je kriti\u010dna za ovisnika da odmah potra\u017eiti pomo\u0107 jer \u0107e u suprotnom pretrpjeti ove fizi\u010dke i psihi\u010dke posljedice, kao i druge uobi\u010dajene simptome kao \u0161to su uni\u0161teni odnosi, financijska oskudica i kaznene prijave.<\/p>\n<p>Gotovo svaka obitelj je pogo\u0111ena ovisno\u0161\u0107u, koja se ra\u0111a. pusto\u0161 u fizi\u010dkom i mentalnom zdravlju, odnosima i osobnim financijama. majke, o\u010devi, bra\u0107a, sestre, k\u0107eri i sinovi uklju\u010deni su u ovu kategoriju.<\/p>\n<p>Nitko nije imun od zastra\u0161uju\u0107ih dugoro\u010dnih posljedica zlouporabe te\u0161kih droga.<br \/> Ono \u0161to slijedi je otre\u017enjuju\u0107i prikaz PRAVI ljudi.<\/p>\n<p>Prepustili smo se privla\u010dnosti upotrebe droga \u2013 u ovom slu\u010daju metamfetamina \u2013 i njegove su razorne posljedice previ\u0161e o\u010dite.<br \/> Ako se vi ili voljena osoba borite s ovisnost o metamfetaminu, ili ako \u017eelite saznati vi\u0161e, posjetite sljede\u0107e web stranice za pomo\u0107 pri oporavku.<\/p>\n<p>&nbsp;<\/p>\n<p>nuspojave metamfetamina, struktura metamfetamina, koliko dugo metamfetamin traje ostati u va\u0161em sustavu, kako pu\u0161iti metamfetamin, heroin, kokain, metamfetamin, cigarete i alkohol su sve primjeri ________., ru\u017ei\u010dasti metamfetamin, \u0161mrkanje kristalnog metamfetamina, cijene metamfetamina Kakav je okus metamfetamina, koliko dugo ostaje u mokra\u0107i , a kako izgleda metamfetamin? super metamfetamin, nuspojave metamfetamina, struktura metamfetamina, koliko dugo metamfetamin ostaje u va\u0161em sustavu, kako pu\u0161iti metamfetamin, heroin, kokain, metamfetamin, cigarete i alkohol, svi su primjeri ________., ru\u017ei\u010dastog metamfetamina, \u0161mrkanja kristala, metamfetamina cijene Kakav je okus metamfetamina, koliko dugo ostaje u mokra\u0107i i kako metamfetamin izgleda? metamfetamin supr\u00eame<\/p>\n","protected":false},"excerpt":{"rendered":"<p>Kupite kristalni metamfetamin na prodaju Velika Britanija, Europa Azija, Metamfetamin Online Kupujte metamfetamin s nama i mo\u017eemo vam isporu\u010diti s bilo kojeg mjesta u cijelom svijetu.<\/p>\n<p>Kupite tablete s kristalnim metamfetaminom putem interneta \u2013 Kupite metamfetamin 96,8 posto \u010distog kristalnog metamfetamina \u2013 Gdje kupiti kristalni metamfetamin na mre\u017ei \u2013 Kupite metamfetamin 96,8 posto \u010distog leda \u2013 Kupite metamfetamin online<\/p>\n","protected":false},"featured_media":4844,"comment_status":"open","ping_status":"closed","template":"","meta":[],"product_brand":[],"product_cat":[703],"product_tag":[704,705,709,711,712,715,716,717,718,720,713,714,708,710,706,707,719,721,722,723,724],"class_list":{"0":"post-4830","1":"product","2":"type-product","3":"status-publish","4":"has-post-thumbnail","6":"product_cat-kupiti-psihedelicne-droge","7":"product_tag-buy-crystal-meth-in-australia","8":"product_tag-buy-crystal-meth-in-france","9":"product_tag-kristal-met-australija","10":"product_tag-crystal-meth-effects","11":"product_tag-crystal-meth-germany","12":"product_tag-kristal-met-panjolska","13":"product_tag-kristal-met-vedska","14":"product_tag-crystal-meth-vendor-france","15":"product_tag-crystal-meth-vendor-usa","16":"product_tag-how-is-crystal-meth-smoked","17":"product_tag-kristal-met-sl","18":"product_tag-kristal-met-cijev","19":"product_tag-kristalno-sa","20":"product_tag-kristalno-sa-suhim","21":"product_tag-kupiti-kristal-met-u-njemakoj","22":"product_tag-kupiti-kristal-met-u-panjolskoj","23":"product_tag-lame-crystal-met","24":"product_tag-met-kristal","25":"product_tag-pictures-of-crystal-meth","26":"product_tag-mrkanje-kristal-met","27":"product_tag-to-je-kristal-met","29":"first","30":"instock","31":"shipping-taxable","32":"purchasable","33":"product-type-variable"},"yoast_head":"<!-- This site is optimized with the Yoast SEO plugin v27.3 - https:\/\/yoast.com\/product\/yoast-seo-wordpress\/ -->\n<title>Kupite Crystal Meth - Metamfetamin - Najbolji najbolji svjetski lijekovi<\/title>\n<meta name=\"description\" content=\"Kupite kristalni metamfetamin za prodaju Velika Britanija, Europa Azija, Metamfetamin Online kupujte metamfetamin s nama mi vam mo\u017eemo isporu\u010diti bilo gdje u cijelom svijetu.\" \/>\n<meta name=\"robots\" content=\"index, follow, max-snippet:-1, max-image-preview:large, max-video-preview:-1\" \/>\n<link rel=\"canonical\" href=\"https:\/\/medicinasinc.com\/hr\/product\/kupiti-kristal-met\/\" \/>\n<meta property=\"og:locale\" content=\"hr_HR\" \/>\n<meta property=\"og:type\" content=\"article\" \/>\n<meta property=\"og:title\" content=\"Kupite Crystal Meth - Metamfetamin - Najbolji najbolji svjetski lijekovi\" \/>\n<meta property=\"og:description\" content=\"Kupite kristalni metamfetamin za prodaju Velika Britanija, Europa Azija, Metamfetamin Online kupujte metamfetamin s nama mi vam mo\u017eemo isporu\u010diti bilo gdje u cijelom svijetu.\" \/>\n<meta property=\"og:url\" content=\"https:\/\/medicinasinc.com\/hr\/product\/kupiti-kristal-met\/\" \/>\n<meta property=\"og:site_name\" content=\"Medicinas Inc\" \/>\n<meta property=\"article:modified_time\" content=\"2022-03-15T06:04:15+00:00\" \/>\n<meta property=\"og:image\" content=\"https:\/\/medicinasinc.com\/hr\/wp-content\/uploads\/sites\/3\/2022\/02\/Buy-Crystal-Meth-1.jpg\" \/>\n\t<meta property=\"og:image:width\" content=\"1024\" \/>\n\t<meta property=\"og:image:height\" content=\"768\" \/>\n\t<meta property=\"og:image:type\" content=\"image\/jpeg\" \/>\n<meta name=\"twitter:card\" content=\"summary_large_image\" \/>\n<meta name=\"twitter:label1\" content=\"Procijenjeno vrijeme \u010ditanja\" \/>\n\t<meta name=\"twitter:data1\" content=\"4 minute\" \/>\n<script type=\"application\/ld+json\" class=\"yoast-schema-graph\">{\"@context\":\"https:\\\/\\\/schema.org\",\"@graph\":[{\"@type\":\"WebPage\",\"@id\":\"https:\\\/\\\/medicinasinc.com\\\/hr\\\/product\\\/kupiti-kristal-met\\\/\",\"url\":\"https:\\\/\\\/medicinasinc.com\\\/hr\\\/product\\\/kupiti-kristal-met\\\/\",\"name\":\"Kupite Crystal Meth - Metamfetamin - Najbolji najbolji svjetski lijekovi\",\"isPartOf\":{\"@id\":\"https:\\\/\\\/medicinasinc.com\\\/hr\\\/#website\"},\"primaryImageOfPage\":{\"@id\":\"https:\\\/\\\/medicinasinc.com\\\/hr\\\/product\\\/kupiti-kristal-met\\\/#primaryimage\"},\"image\":{\"@id\":\"https:\\\/\\\/medicinasinc.com\\\/hr\\\/product\\\/kupiti-kristal-met\\\/#primaryimage\"},\"thumbnailUrl\":\"https:\\\/\\\/medicinasinc.com\\\/hr\\\/wp-content\\\/uploads\\\/sites\\\/3\\\/2022\\\/02\\\/Buy-Crystal-Meth-1.jpg\",\"datePublished\":\"2022-02-20T16:34:51+00:00\",\"dateModified\":\"2022-03-15T06:04:15+00:00\",\"description\":\"Kupite kristalni metamfetamin za prodaju Velika Britanija, Europa Azija, Metamfetamin Online kupujte metamfetamin s nama mi vam mo\u017eemo isporu\u010diti bilo gdje u cijelom svijetu.\",\"breadcrumb\":{\"@id\":\"https:\\\/\\\/medicinasinc.com\\\/hr\\\/product\\\/kupiti-kristal-met\\\/#breadcrumb\"},\"inLanguage\":\"hr\",\"potentialAction\":[{\"@type\":\"ReadAction\",\"target\":[\"https:\\\/\\\/medicinasinc.com\\\/hr\\\/product\\\/kupiti-kristal-met\\\/\"]}]},{\"@type\":\"ImageObject\",\"inLanguage\":\"hr\",\"@id\":\"https:\\\/\\\/medicinasinc.com\\\/hr\\\/product\\\/kupiti-kristal-met\\\/#primaryimage\",\"url\":\"https:\\\/\\\/medicinasinc.com\\\/hr\\\/wp-content\\\/uploads\\\/sites\\\/3\\\/2022\\\/02\\\/Buy-Crystal-Meth-1.jpg\",\"contentUrl\":\"https:\\\/\\\/medicinasinc.com\\\/hr\\\/wp-content\\\/uploads\\\/sites\\\/3\\\/2022\\\/02\\\/Buy-Crystal-Meth-1.jpg\",\"width\":1024,\"height\":768},{\"@type\":\"BreadcrumbList\",\"@id\":\"https:\\\/\\\/medicinasinc.com\\\/hr\\\/product\\\/kupiti-kristal-met\\\/#breadcrumb\",\"itemListElement\":[{\"@type\":\"ListItem\",\"position\":1,\"name\":\"Du\u0107an\",\"item\":\"https:\\\/\\\/medicinasinc.com\\\/hr\\\/ducan\\\/\"},{\"@type\":\"ListItem\",\"position\":2,\"name\":\"Kupite Crystal Meth\"}]},{\"@type\":\"WebSite\",\"@id\":\"https:\\\/\\\/medicinasinc.com\\\/hr\\\/#website\",\"url\":\"https:\\\/\\\/medicinasinc.com\\\/hr\\\/\",\"name\":\"Medicinas Inc\",\"description\":\"Health Medical Clinic\",\"potentialAction\":[{\"@type\":\"SearchAction\",\"target\":{\"@type\":\"EntryPoint\",\"urlTemplate\":\"https:\\\/\\\/medicinasinc.com\\\/hr\\\/?s={search_term_string}\"},\"query-input\":{\"@type\":\"PropertyValueSpecification\",\"valueRequired\":true,\"valueName\":\"search_term_string\"}}],\"inLanguage\":\"hr\"}]}<\/script>\n<!-- \/ Yoast SEO plugin. -->","yoast_head_json":{"title":"Kupite Crystal Meth - Metamfetamin - Najbolji najbolji svjetski lijekovi","description":"Kupite kristalni metamfetamin za prodaju Velika Britanija, Europa Azija, Metamfetamin Online kupujte metamfetamin s nama mi vam mo\u017eemo isporu\u010diti bilo gdje u cijelom svijetu.","robots":{"index":"index","follow":"follow","max-snippet":"max-snippet:-1","max-image-preview":"max-image-preview:large","max-video-preview":"max-video-preview:-1"},"canonical":"https:\/\/medicinasinc.com\/hr\/product\/kupiti-kristal-met\/","og_locale":"hr_HR","og_type":"article","og_title":"Kupite Crystal Meth - Metamfetamin - Najbolji najbolji svjetski lijekovi","og_description":"Kupite kristalni metamfetamin za prodaju Velika Britanija, Europa Azija, Metamfetamin Online kupujte metamfetamin s nama mi vam mo\u017eemo isporu\u010diti bilo gdje u cijelom svijetu.","og_url":"https:\/\/medicinasinc.com\/hr\/product\/kupiti-kristal-met\/","og_site_name":"Medicinas Inc","article_modified_time":"2022-03-15T06:04:15+00:00","og_image":[{"width":1024,"height":768,"url":"https:\/\/medicinasinc.com\/hr\/wp-content\/uploads\/sites\/3\/2022\/02\/Buy-Crystal-Meth-1.jpg","type":"image\/jpeg"}],"twitter_card":"summary_large_image","twitter_misc":{"Procijenjeno vrijeme \u010ditanja":"4 minute"},"schema":{"@context":"https:\/\/schema.org","@graph":[{"@type":"WebPage","@id":"https:\/\/medicinasinc.com\/hr\/product\/kupiti-kristal-met\/","url":"https:\/\/medicinasinc.com\/hr\/product\/kupiti-kristal-met\/","name":"Kupite Crystal Meth - Metamfetamin - Najbolji najbolji svjetski lijekovi","isPartOf":{"@id":"https:\/\/medicinasinc.com\/hr\/#website"},"primaryImageOfPage":{"@id":"https:\/\/medicinasinc.com\/hr\/product\/kupiti-kristal-met\/#primaryimage"},"image":{"@id":"https:\/\/medicinasinc.com\/hr\/product\/kupiti-kristal-met\/#primaryimage"},"thumbnailUrl":"https:\/\/medicinasinc.com\/hr\/wp-content\/uploads\/sites\/3\/2022\/02\/Buy-Crystal-Meth-1.jpg","datePublished":"2022-02-20T16:34:51+00:00","dateModified":"2022-03-15T06:04:15+00:00","description":"Kupite kristalni metamfetamin za prodaju Velika Britanija, Europa Azija, Metamfetamin Online kupujte metamfetamin s nama mi vam mo\u017eemo isporu\u010diti bilo gdje u cijelom svijetu.","breadcrumb":{"@id":"https:\/\/medicinasinc.com\/hr\/product\/kupiti-kristal-met\/#breadcrumb"},"inLanguage":"hr","potentialAction":[{"@type":"ReadAction","target":["https:\/\/medicinasinc.com\/hr\/product\/kupiti-kristal-met\/"]}]},{"@type":"ImageObject","inLanguage":"hr","@id":"https:\/\/medicinasinc.com\/hr\/product\/kupiti-kristal-met\/#primaryimage","url":"https:\/\/medicinasinc.com\/hr\/wp-content\/uploads\/sites\/3\/2022\/02\/Buy-Crystal-Meth-1.jpg","contentUrl":"https:\/\/medicinasinc.com\/hr\/wp-content\/uploads\/sites\/3\/2022\/02\/Buy-Crystal-Meth-1.jpg","width":1024,"height":768},{"@type":"BreadcrumbList","@id":"https:\/\/medicinasinc.com\/hr\/product\/kupiti-kristal-met\/#breadcrumb","itemListElement":[{"@type":"ListItem","position":1,"name":"Du\u0107an","item":"https:\/\/medicinasinc.com\/hr\/ducan\/"},{"@type":"ListItem","position":2,"name":"Kupite Crystal Meth"}]},{"@type":"WebSite","@id":"https:\/\/medicinasinc.com\/hr\/#website","url":"https:\/\/medicinasinc.com\/hr\/","name":"Medicinas Inc","description":"Health Medical Clinic","potentialAction":[{"@type":"SearchAction","target":{"@type":"EntryPoint","urlTemplate":"https:\/\/medicinasinc.com\/hr\/?s={search_term_string}"},"query-input":{"@type":"PropertyValueSpecification","valueRequired":true,"valueName":"search_term_string"}}],"inLanguage":"hr"}]}},"_links":{"self":[{"href":"https:\/\/medicinasinc.com\/hr\/wp-json\/wp\/v2\/product\/4830","targetHints":{"allow":["GET"]}}],"collection":[{"href":"https:\/\/medicinasinc.com\/hr\/wp-json\/wp\/v2\/product"}],"about":[{"href":"https:\/\/medicinasinc.com\/hr\/wp-json\/wp\/v2\/types\/product"}],"replies":[{"embeddable":true,"href":"https:\/\/medicinasinc.com\/hr\/wp-json\/wp\/v2\/comments?post=4830"}],"wp:featuredmedia":[{"embeddable":true,"href":"https:\/\/medicinasinc.com\/hr\/wp-json\/wp\/v2\/media\/4844"}],"wp:attachment":[{"href":"https:\/\/medicinasinc.com\/hr\/wp-json\/wp\/v2\/media?parent=4830"}],"wp:term":[{"taxonomy":"product_brand","embeddable":true,"href":"https:\/\/medicinasinc.com\/hr\/wp-json\/wp\/v2\/product_brand?post=4830"},{"taxonomy":"product_cat","embeddable":true,"href":"https:\/\/medicinasinc.com\/hr\/wp-json\/wp\/v2\/product_cat?post=4830"},{"taxonomy":"product_tag","embeddable":true,"href":"https:\/\/medicinasinc.com\/hr\/wp-json\/wp\/v2\/product_tag?post=4830"}],"curies":[{"name":"wp","href":"https:\/\/api.w.org\/{rel}","templated":true}]}}