{"id":4829,"date":"2022-02-20T16:33:58","date_gmt":"2022-02-20T16:33:58","guid":{"rendered":"https:\/\/medicinasinc.com\/hr\/?post_type=product&#038;p=4829"},"modified":"2022-03-15T06:04:23","modified_gmt":"2022-03-15T06:04:23","slug":"kupi-tekucinu-lsd","status":"publish","type":"product","link":"https:\/\/medicinasinc.com\/hr\/product\/kupi-tekucinu-lsd\/","title":{"rendered":"Kupite teku\u0107i LSD"},"content":{"rendered":"<p>Kupite teku\u0107i LSD na sni\u017eenju putem interneta<\/p>\n<p>Kao i kod Green Cracka (i ne treba se brkati s LSD-om), Acid je soj nazvan po blago psihoaktivnoj tvari. Uzimaju\u0107i sve u obzir, Acid posjeduje snagu, kombiniraju\u0107i kontraintuitivne u\u010dinke s zbunjuju\u0107im mirisom. Acid je soj koji su razvili Paradise Seeds, uzgajiva\u010di Delahaze i Sensi Star. Potje\u010de iz nasljednih karakteristika najpopularnijeg soja New York Sour Diesel. Njegova privla\u010dnost donijela mu je tre\u0107e mjesto na \u0161panjolskom Copa THC Valencia 2016. za najbolji cvijet uzgojen u zatvorenom prostoru. Procijenjeno je da je sadr\u017eaj korozivnog THC-a izme\u0111u 16 i 23%.<\/p>\n<p>Korozivno zasljepljuje sa srednjim do ogromnim procijenjenim cvjetovima koji imaju zglobni oblik poput lopatice, nalik minijaturnim bo\u017ei\u0107nim drvcima, koji se ste\u017eu od \u0161iroke okrugle baze do \u0161iljasti vrh. Sa svojom kompaktnom, gustom strukturom, ovi pupoljci nepogre\u0161ivo dominiraju indikom. Listovi su slabo obrasli zeleni i iskrivljeni su valovitim tu\u010dkom zemljane boje. Kona\u010dno, svjetlucavi bijeli trihomi prekrivaju unutarnju i vanjsku povr\u0161inu kiselinskih cvjetova, daju\u0107i soju psihoaktivna svojstva i \u010dine\u0107i pupoljke izuzetno te\u0161kim za odvajanje bez pomo\u0107i procesora.<\/p>\n<p>Kada se pravilno razrijedi, Acid ima snagu. blago kiselkastog mirisa, koji je nadokna\u0111en o\u0161trim citrusnim okusom. Isto tako, tu su \u010dvrste, mo\u0161usne bazne note koje podsje\u0107aju na vla\u017enu zemlju i tamjan. U me\u0111uvremenu, odvajanjem ili granuliranjem ovih gustih nugova proizvodi se adstringentni ispu\u0161ni plin koji mati\u010dnom soju New York Sour Diesel daje o\u0161tar i dobro poznat okus. Kada se zapaljivi materijali zapale u liniji ili spoju, kiselina proizvodi glatki dim koji se lako proguta. Na izdisaju, ovaj gusti dim ostavlja okus limuna i dizela.<\/p>\n<p>Korozivno stanje po\u010dinje postupno i iskrivljuje percepciju pu\u0161a\u010da o njihovim vanjskim nadogradnjama. Odre\u0111eni zvukovi mogu se poja\u010dati, kao da su nastali unutar reverberacijske komore. Osim toga, razli\u010diti tonovi i jaka svjetla mogu dobiti novo zna\u010denje. Kada ovi opipljivi u\u010dinci postanu neodoljivi, po\u010dnu se o\u010ditovati \u017eivlja halucinogena \u010duda, sli\u010dna unutarnjim i vanjskim iskrivljenjima uvida i \u010dvrstom osje\u0107aju \u0161irenja vremena. Pu\u0161a\u010di mogu tijekom vremena osjetiti namjerno optere\u0107enje oko uto\u010di\u0161ta i limfnih organa, kao i blagi porast salivacije. Ti se drhtavi razvijaju u poplave opu\u0161tanja koje putuju niz kralje\u017enicu i izlaze kroz sredi\u0161nji \u017eiv\u010dani sustav i dodatke. Iako ovi u\u010dinci ubla\u017eavanja mo\u017eda ne\u0107e u potpunosti imobilizirati klijente, oni se mogu osje\u0107ati prisiljeni opustiti se u najbli\u017eim ugodnim \u010dimbenicima okoli\u0161a.<\/p>\n<p>Korozivno stanje tako\u0111er karakterizira cerebralni mentalitet u kojem se pu\u0161a\u010d mo\u017ee povezati s neobi\u010dnim mislima ili idejama. , smatraju\u0107i ih fascinantnijim nego \u0161to jesu u svakom slu\u010daju. Takvo otvoreno obrazlo\u017eenje mo\u017ee biti u\u010dinkovita metoda za otkrivanje novih rje\u0161enja za zbunjuju\u0107e probleme ili za upravljanje specifi\u010dnim radnim zadacima. S vremenom \u2013 ili kako se mjerenje pove\u0107ava \u2013 psiholo\u0161ki u\u010dinci kiseline postaju vi\u0161e \u010dudesni nego o\u010diti, \u010dine\u0107i svaku prethodnu u\u010dinkovitost ni\u0161tavnom. Zbog progresivnog gubitka energije, ovaj soj najbolje je u\u017eivati \u200b\u200bu kasnim ve\u010dernjim ili no\u0107nim satima.<\/p>\n<p>Teku\u0107i LSD 200ug\/kap, kiselina za prodaju online, LSD za prodaju online, kupite lsd online, LSD kiselina za prodaju online, lsd online trgovina, teku\u0107i lsd za prodaju, kiselina za prodaju online<\/p>\n","protected":false},"excerpt":{"rendered":"<p>Kupite LSD online teku\u0107i LSD, detalji Lisergid (LSD) je polusintetski halucinogen i jedna je od najja\u010dih poznatih droga. Rekreacijska upotreba .<\/p>\n<p>Kupite jeftin teku\u0107i LSD online. Pravi teku\u0107i LSD za prodaju online | Kupite teku\u0107i LSD online | Kupite teku\u0107i LSD za prodaju| Kupi jeftin teku\u0107i LSD | Gdje kupiti teku\u0107i LSD online<\/p>\n","protected":false},"featured_media":4842,"comment_status":"open","ping_status":"closed","template":"","meta":[],"product_brand":[],"product_cat":[703],"product_tag":[],"class_list":{"0":"post-4829","1":"product","2":"type-product","3":"status-publish","4":"has-post-thumbnail","6":"product_cat-kupiti-psihedelicne-droge","8":"first","9":"instock","10":"shipping-taxable","11":"purchasable","12":"product-type-variable","13":"has-default-attributes"},"yoast_head":"<!-- This site is optimized with the Yoast SEO plugin v27.3 - https:\/\/yoast.com\/product\/yoast-seo-wordpress\/ -->\n<title>Kupite teku\u0107i LSD - najbolji najbolji svjetski lijekovi<\/title>\n<meta name=\"description\" content=\"Kupite LSD online teku\u0107i LSD, detalji Lisergid (LSD) je polusintetski halucinogen i jedna je od najsna\u017enijih poznatih droga. Rekreacijska upotreba.\" \/>\n<meta name=\"robots\" content=\"index, follow, max-snippet:-1, max-image-preview:large, max-video-preview:-1\" \/>\n<link rel=\"canonical\" href=\"https:\/\/medicinasinc.com\/hr\/product\/kupi-tekucinu-lsd\/\" \/>\n<meta property=\"og:locale\" content=\"hr_HR\" \/>\n<meta property=\"og:type\" content=\"article\" \/>\n<meta property=\"og:title\" content=\"Kupite teku\u0107i LSD - najbolji najbolji svjetski lijekovi\" \/>\n<meta property=\"og:description\" content=\"Kupite LSD online teku\u0107i LSD, detalji Lisergid (LSD) je polusintetski halucinogen i jedna je od najsna\u017enijih poznatih droga. Rekreacijska upotreba.\" \/>\n<meta property=\"og:url\" content=\"https:\/\/medicinasinc.com\/hr\/product\/kupi-tekucinu-lsd\/\" \/>\n<meta property=\"og:site_name\" content=\"Medicinas Inc\" \/>\n<meta property=\"article:modified_time\" content=\"2022-03-15T06:04:23+00:00\" \/>\n<meta property=\"og:image\" content=\"https:\/\/medicinasinc.com\/hr\/wp-content\/uploads\/sites\/3\/2022\/02\/Buy-Liquid-LSD.jpg\" \/>\n\t<meta property=\"og:image:width\" content=\"512\" \/>\n\t<meta property=\"og:image:height\" content=\"512\" \/>\n\t<meta property=\"og:image:type\" content=\"image\/jpeg\" \/>\n<meta name=\"twitter:card\" content=\"summary_large_image\" \/>\n<meta name=\"twitter:label1\" content=\"Procijenjeno vrijeme \u010ditanja\" \/>\n\t<meta name=\"twitter:data1\" content=\"3 minute\" \/>\n<script type=\"application\/ld+json\" class=\"yoast-schema-graph\">{\"@context\":\"https:\\\/\\\/schema.org\",\"@graph\":[{\"@type\":\"WebPage\",\"@id\":\"https:\\\/\\\/medicinasinc.com\\\/hr\\\/product\\\/kupi-tekucinu-lsd\\\/\",\"url\":\"https:\\\/\\\/medicinasinc.com\\\/hr\\\/product\\\/kupi-tekucinu-lsd\\\/\",\"name\":\"Kupite teku\u0107i LSD - najbolji najbolji svjetski lijekovi\",\"isPartOf\":{\"@id\":\"https:\\\/\\\/medicinasinc.com\\\/hr\\\/#website\"},\"primaryImageOfPage\":{\"@id\":\"https:\\\/\\\/medicinasinc.com\\\/hr\\\/product\\\/kupi-tekucinu-lsd\\\/#primaryimage\"},\"image\":{\"@id\":\"https:\\\/\\\/medicinasinc.com\\\/hr\\\/product\\\/kupi-tekucinu-lsd\\\/#primaryimage\"},\"thumbnailUrl\":\"https:\\\/\\\/medicinasinc.com\\\/hr\\\/wp-content\\\/uploads\\\/sites\\\/3\\\/2022\\\/02\\\/Buy-Liquid-LSD.jpg\",\"datePublished\":\"2022-02-20T16:33:58+00:00\",\"dateModified\":\"2022-03-15T06:04:23+00:00\",\"description\":\"Kupite LSD online teku\u0107i LSD, detalji Lisergid (LSD) je polusintetski halucinogen i jedna je od najsna\u017enijih poznatih droga. Rekreacijska upotreba.\",\"breadcrumb\":{\"@id\":\"https:\\\/\\\/medicinasinc.com\\\/hr\\\/product\\\/kupi-tekucinu-lsd\\\/#breadcrumb\"},\"inLanguage\":\"hr\",\"potentialAction\":[{\"@type\":\"ReadAction\",\"target\":[\"https:\\\/\\\/medicinasinc.com\\\/hr\\\/product\\\/kupi-tekucinu-lsd\\\/\"]}]},{\"@type\":\"ImageObject\",\"inLanguage\":\"hr\",\"@id\":\"https:\\\/\\\/medicinasinc.com\\\/hr\\\/product\\\/kupi-tekucinu-lsd\\\/#primaryimage\",\"url\":\"https:\\\/\\\/medicinasinc.com\\\/hr\\\/wp-content\\\/uploads\\\/sites\\\/3\\\/2022\\\/02\\\/Buy-Liquid-LSD.jpg\",\"contentUrl\":\"https:\\\/\\\/medicinasinc.com\\\/hr\\\/wp-content\\\/uploads\\\/sites\\\/3\\\/2022\\\/02\\\/Buy-Liquid-LSD.jpg\",\"width\":512,\"height\":512},{\"@type\":\"BreadcrumbList\",\"@id\":\"https:\\\/\\\/medicinasinc.com\\\/hr\\\/product\\\/kupi-tekucinu-lsd\\\/#breadcrumb\",\"itemListElement\":[{\"@type\":\"ListItem\",\"position\":1,\"name\":\"Du\u0107an\",\"item\":\"https:\\\/\\\/medicinasinc.com\\\/hr\\\/ducan\\\/\"},{\"@type\":\"ListItem\",\"position\":2,\"name\":\"Kupite teku\u0107i LSD\"}]},{\"@type\":\"WebSite\",\"@id\":\"https:\\\/\\\/medicinasinc.com\\\/hr\\\/#website\",\"url\":\"https:\\\/\\\/medicinasinc.com\\\/hr\\\/\",\"name\":\"Medicinas Inc\",\"description\":\"Health Medical Clinic\",\"potentialAction\":[{\"@type\":\"SearchAction\",\"target\":{\"@type\":\"EntryPoint\",\"urlTemplate\":\"https:\\\/\\\/medicinasinc.com\\\/hr\\\/?s={search_term_string}\"},\"query-input\":{\"@type\":\"PropertyValueSpecification\",\"valueRequired\":true,\"valueName\":\"search_term_string\"}}],\"inLanguage\":\"hr\"}]}<\/script>\n<!-- \/ Yoast SEO plugin. -->","yoast_head_json":{"title":"Kupite teku\u0107i LSD - najbolji najbolji svjetski lijekovi","description":"Kupite LSD online teku\u0107i LSD, detalji Lisergid (LSD) je polusintetski halucinogen i jedna je od najsna\u017enijih poznatih droga. Rekreacijska upotreba.","robots":{"index":"index","follow":"follow","max-snippet":"max-snippet:-1","max-image-preview":"max-image-preview:large","max-video-preview":"max-video-preview:-1"},"canonical":"https:\/\/medicinasinc.com\/hr\/product\/kupi-tekucinu-lsd\/","og_locale":"hr_HR","og_type":"article","og_title":"Kupite teku\u0107i LSD - najbolji najbolji svjetski lijekovi","og_description":"Kupite LSD online teku\u0107i LSD, detalji Lisergid (LSD) je polusintetski halucinogen i jedna je od najsna\u017enijih poznatih droga. Rekreacijska upotreba.","og_url":"https:\/\/medicinasinc.com\/hr\/product\/kupi-tekucinu-lsd\/","og_site_name":"Medicinas Inc","article_modified_time":"2022-03-15T06:04:23+00:00","og_image":[{"width":512,"height":512,"url":"https:\/\/medicinasinc.com\/hr\/wp-content\/uploads\/sites\/3\/2022\/02\/Buy-Liquid-LSD.jpg","type":"image\/jpeg"}],"twitter_card":"summary_large_image","twitter_misc":{"Procijenjeno vrijeme \u010ditanja":"3 minute"},"schema":{"@context":"https:\/\/schema.org","@graph":[{"@type":"WebPage","@id":"https:\/\/medicinasinc.com\/hr\/product\/kupi-tekucinu-lsd\/","url":"https:\/\/medicinasinc.com\/hr\/product\/kupi-tekucinu-lsd\/","name":"Kupite teku\u0107i LSD - najbolji najbolji svjetski lijekovi","isPartOf":{"@id":"https:\/\/medicinasinc.com\/hr\/#website"},"primaryImageOfPage":{"@id":"https:\/\/medicinasinc.com\/hr\/product\/kupi-tekucinu-lsd\/#primaryimage"},"image":{"@id":"https:\/\/medicinasinc.com\/hr\/product\/kupi-tekucinu-lsd\/#primaryimage"},"thumbnailUrl":"https:\/\/medicinasinc.com\/hr\/wp-content\/uploads\/sites\/3\/2022\/02\/Buy-Liquid-LSD.jpg","datePublished":"2022-02-20T16:33:58+00:00","dateModified":"2022-03-15T06:04:23+00:00","description":"Kupite LSD online teku\u0107i LSD, detalji Lisergid (LSD) je polusintetski halucinogen i jedna je od najsna\u017enijih poznatih droga. Rekreacijska upotreba.","breadcrumb":{"@id":"https:\/\/medicinasinc.com\/hr\/product\/kupi-tekucinu-lsd\/#breadcrumb"},"inLanguage":"hr","potentialAction":[{"@type":"ReadAction","target":["https:\/\/medicinasinc.com\/hr\/product\/kupi-tekucinu-lsd\/"]}]},{"@type":"ImageObject","inLanguage":"hr","@id":"https:\/\/medicinasinc.com\/hr\/product\/kupi-tekucinu-lsd\/#primaryimage","url":"https:\/\/medicinasinc.com\/hr\/wp-content\/uploads\/sites\/3\/2022\/02\/Buy-Liquid-LSD.jpg","contentUrl":"https:\/\/medicinasinc.com\/hr\/wp-content\/uploads\/sites\/3\/2022\/02\/Buy-Liquid-LSD.jpg","width":512,"height":512},{"@type":"BreadcrumbList","@id":"https:\/\/medicinasinc.com\/hr\/product\/kupi-tekucinu-lsd\/#breadcrumb","itemListElement":[{"@type":"ListItem","position":1,"name":"Du\u0107an","item":"https:\/\/medicinasinc.com\/hr\/ducan\/"},{"@type":"ListItem","position":2,"name":"Kupite teku\u0107i LSD"}]},{"@type":"WebSite","@id":"https:\/\/medicinasinc.com\/hr\/#website","url":"https:\/\/medicinasinc.com\/hr\/","name":"Medicinas Inc","description":"Health Medical Clinic","potentialAction":[{"@type":"SearchAction","target":{"@type":"EntryPoint","urlTemplate":"https:\/\/medicinasinc.com\/hr\/?s={search_term_string}"},"query-input":{"@type":"PropertyValueSpecification","valueRequired":true,"valueName":"search_term_string"}}],"inLanguage":"hr"}]}},"_links":{"self":[{"href":"https:\/\/medicinasinc.com\/hr\/wp-json\/wp\/v2\/product\/4829","targetHints":{"allow":["GET"]}}],"collection":[{"href":"https:\/\/medicinasinc.com\/hr\/wp-json\/wp\/v2\/product"}],"about":[{"href":"https:\/\/medicinasinc.com\/hr\/wp-json\/wp\/v2\/types\/product"}],"replies":[{"embeddable":true,"href":"https:\/\/medicinasinc.com\/hr\/wp-json\/wp\/v2\/comments?post=4829"}],"wp:featuredmedia":[{"embeddable":true,"href":"https:\/\/medicinasinc.com\/hr\/wp-json\/wp\/v2\/media\/4842"}],"wp:attachment":[{"href":"https:\/\/medicinasinc.com\/hr\/wp-json\/wp\/v2\/media?parent=4829"}],"wp:term":[{"taxonomy":"product_brand","embeddable":true,"href":"https:\/\/medicinasinc.com\/hr\/wp-json\/wp\/v2\/product_brand?post=4829"},{"taxonomy":"product_cat","embeddable":true,"href":"https:\/\/medicinasinc.com\/hr\/wp-json\/wp\/v2\/product_cat?post=4829"},{"taxonomy":"product_tag","embeddable":true,"href":"https:\/\/medicinasinc.com\/hr\/wp-json\/wp\/v2\/product_tag?post=4829"}],"curies":[{"name":"wp","href":"https:\/\/api.w.org\/{rel}","templated":true}]}}