{"id":4810,"date":"2022-02-20T16:18:47","date_gmt":"2022-02-20T16:18:47","guid":{"rendered":"https:\/\/medicinasinc.com\/hr\/?post_type=product&#038;p=4810"},"modified":"2022-03-15T06:04:43","modified_gmt":"2022-03-15T06:04:43","slug":"kupiti-thca-kristale-gornju-policu","status":"publish","type":"product","link":"https:\/\/medicinasinc.com\/hr\/product\/kupiti-thca-kristale-gornju-policu\/","title":{"rendered":"Kupite THCA kristale &#8211; gornju policu"},"content":{"rendered":"<p>Crystalline THCA<\/p>\n<p>THCA Crystalline, alternativno nazvan &#8220;kristali&#8221;, &#8220;THC kristali&#8221; ili &#8220;dijamanti&#8221;, je koncentrat kanabisa u \u010dvrstom stanju. Ima izgled grubog \u0161e\u0107era, tipa koji se obi\u010dno koristi za ukra\u0161avanje \u0161e\u0107ernih kola\u010di\u0107a ili za svjetlucanje vrhova pe\u010denih vo\u0107nih pita. Crystalline se proizvodi za uklanjanje biljne tvari i terpena, koji su karakteristi\u010dne aromati\u010dne i okusne karakteristike sorte ili soja kanabisa.<\/p>\n<p>ZNA\u010cENJE THCA Crystalline<\/p>\n<p>Mo\u017eda ste \u010duli izraz &#8220;&#8221; THC kristali&#8221; ili &#8220;THC kristalni&#8221; koji se koriste za ozna\u010davanje kristalnog, ali THC, koji proizvodi opojno visok, nije kristalan; kemijski, THC nije u stanju formirati kristalnu strukturu. Drugim rije\u010dima, ono \u0161to se \u010desto naziva &#8220;THC kristalima&#8221; nije \u010disti THC, ve\u0107 oblik \u010distog THCA. U vrijeme konzumacije, THCA kristalizira u aktivni THC dekarboksilacijom. Crystalline se proizvodi s jednim kanabinoidom. THCA, CBDA i CBD jedini su kanabinoidi dostupni u kristalnom obliku. Svatko tko konzumira THCA, CBDA ili CBD ne\u0107e do\u017eivjeti opojno visok nivo, iako \u0107e se THCA pretvoriti u THC kada se zagrije, \u010dine\u0107i kristalni omamnim.<\/p>\n<p>KAKO STVORITI KRISTALINI\u010cNI THCA<\/p>\n<p>Kristalni THCA? \u010desto se pu\u0161i ili utapka s dab rig-om. Dab rig je aparat za pu\u0161enje, sli\u010dan malom vodenom bongu, koji isparava zagrijani kristal za inhalaciju u pojedina\u010dnim, izmjerenim dozama. Kristali se \u010desto konzumiraju oralno, bilo kao sastojak u jestivim namirnicama ili otopljeni u ulju kako bi se dobio proizvod sli\u010dan tinkturi. Kristali se \u010desto otapaju u biljnom ulju ili maslacu i koriste se kao sastojak doma\u0107ih jela. Biljna ulja i ulja kopre naj\u010de\u0161\u0107e su kori\u0161tena otapala za otapanje kristala za stvaranje proizvoda nalik tinkturi.<\/p>\n","protected":false},"excerpt":{"rendered":"<p>Kupite thca crystalline online u Europi, thca kristal na prodaju, kristalni dijamanti u Nizozemskoj, thc kristalni blizu mene, thc kristali za prodaju u Europi.<\/p>\n<ul>\n<li>Dostava diljem svijeta<\/li>\n<li><strong>A koncentrat koji se sastoji od 97-99% THC-a<\/strong><\/li>\n<li><strong>99% \u010distog THC-A<\/strong><\/li>\n<li><strong>Kontaktirajte nas <\/strong>\u00a0za ve\u0107e narud\u017ebe<\/li>\n<\/ul>\n","protected":false},"featured_media":4823,"comment_status":"open","ping_status":"closed","template":"","meta":[],"product_brand":[],"product_cat":[702],"product_tag":[],"class_list":{"0":"post-4810","1":"product","2":"type-product","3":"status-publish","4":"has-post-thumbnail","6":"product_cat-kupiti-kanabis-vosak","8":"first","9":"instock","10":"shipping-taxable","11":"purchasable","12":"product-type-variable","13":"has-default-attributes"},"yoast_head":"<!-- This site is optimized with the Yoast SEO plugin v27.3 - https:\/\/yoast.com\/product\/yoast-seo-wordpress\/ -->\n<title>Kupite THCA kristale - gornja polica - najbolji najbolji svjetski lijekovi<\/title>\n<meta name=\"description\" content=\"Kupite thca crystalline online Europa, thca kristal na prodaju, kristalni dijamanti NL, thc crystalline blizu mene, kupite thc kristale u Europi.\" \/>\n<meta name=\"robots\" content=\"index, follow, max-snippet:-1, max-image-preview:large, max-video-preview:-1\" \/>\n<link rel=\"canonical\" href=\"https:\/\/medicinasinc.com\/hr\/product\/kupiti-thca-kristale-gornju-policu\/\" \/>\n<meta property=\"og:locale\" content=\"hr_HR\" \/>\n<meta property=\"og:type\" content=\"article\" \/>\n<meta property=\"og:title\" content=\"Kupite THCA kristale - gornja polica - najbolji najbolji svjetski lijekovi\" \/>\n<meta property=\"og:description\" content=\"Kupite thca crystalline online Europa, thca kristal na prodaju, kristalni dijamanti NL, thc crystalline blizu mene, kupite thc kristale u Europi.\" \/>\n<meta property=\"og:url\" content=\"https:\/\/medicinasinc.com\/hr\/product\/kupiti-thca-kristale-gornju-policu\/\" \/>\n<meta property=\"og:site_name\" content=\"Medicinas Inc\" \/>\n<meta property=\"article:modified_time\" content=\"2022-03-15T06:04:43+00:00\" \/>\n<meta property=\"og:image\" content=\"https:\/\/medicinasinc.com\/hr\/wp-content\/uploads\/sites\/3\/2022\/02\/Buy-THCA-Crystals-Top-Shelf.jpg\" \/>\n\t<meta property=\"og:image:width\" content=\"600\" \/>\n\t<meta property=\"og:image:height\" content=\"600\" \/>\n\t<meta property=\"og:image:type\" content=\"image\/jpeg\" \/>\n<meta name=\"twitter:card\" content=\"summary_large_image\" \/>\n<meta name=\"twitter:label1\" content=\"Procijenjeno vrijeme \u010ditanja\" \/>\n\t<meta name=\"twitter:data1\" content=\"2 minute\" \/>\n<script type=\"application\/ld+json\" class=\"yoast-schema-graph\">{\"@context\":\"https:\\\/\\\/schema.org\",\"@graph\":[{\"@type\":\"WebPage\",\"@id\":\"https:\\\/\\\/medicinasinc.com\\\/hr\\\/product\\\/kupiti-thca-kristale-gornju-policu\\\/\",\"url\":\"https:\\\/\\\/medicinasinc.com\\\/hr\\\/product\\\/kupiti-thca-kristale-gornju-policu\\\/\",\"name\":\"Kupite THCA kristale - gornja polica - najbolji najbolji svjetski lijekovi\",\"isPartOf\":{\"@id\":\"https:\\\/\\\/medicinasinc.com\\\/hr\\\/#website\"},\"primaryImageOfPage\":{\"@id\":\"https:\\\/\\\/medicinasinc.com\\\/hr\\\/product\\\/kupiti-thca-kristale-gornju-policu\\\/#primaryimage\"},\"image\":{\"@id\":\"https:\\\/\\\/medicinasinc.com\\\/hr\\\/product\\\/kupiti-thca-kristale-gornju-policu\\\/#primaryimage\"},\"thumbnailUrl\":\"https:\\\/\\\/medicinasinc.com\\\/hr\\\/wp-content\\\/uploads\\\/sites\\\/3\\\/2022\\\/02\\\/Buy-THCA-Crystals-Top-Shelf.jpg\",\"datePublished\":\"2022-02-20T16:18:47+00:00\",\"dateModified\":\"2022-03-15T06:04:43+00:00\",\"description\":\"Kupite thca crystalline online Europa, thca kristal na prodaju, kristalni dijamanti NL, thc crystalline blizu mene, kupite thc kristale u Europi.\",\"breadcrumb\":{\"@id\":\"https:\\\/\\\/medicinasinc.com\\\/hr\\\/product\\\/kupiti-thca-kristale-gornju-policu\\\/#breadcrumb\"},\"inLanguage\":\"hr\",\"potentialAction\":[{\"@type\":\"ReadAction\",\"target\":[\"https:\\\/\\\/medicinasinc.com\\\/hr\\\/product\\\/kupiti-thca-kristale-gornju-policu\\\/\"]}]},{\"@type\":\"ImageObject\",\"inLanguage\":\"hr\",\"@id\":\"https:\\\/\\\/medicinasinc.com\\\/hr\\\/product\\\/kupiti-thca-kristale-gornju-policu\\\/#primaryimage\",\"url\":\"https:\\\/\\\/medicinasinc.com\\\/hr\\\/wp-content\\\/uploads\\\/sites\\\/3\\\/2022\\\/02\\\/Buy-THCA-Crystals-Top-Shelf.jpg\",\"contentUrl\":\"https:\\\/\\\/medicinasinc.com\\\/hr\\\/wp-content\\\/uploads\\\/sites\\\/3\\\/2022\\\/02\\\/Buy-THCA-Crystals-Top-Shelf.jpg\",\"width\":600,\"height\":600},{\"@type\":\"BreadcrumbList\",\"@id\":\"https:\\\/\\\/medicinasinc.com\\\/hr\\\/product\\\/kupiti-thca-kristale-gornju-policu\\\/#breadcrumb\",\"itemListElement\":[{\"@type\":\"ListItem\",\"position\":1,\"name\":\"Du\u0107an\",\"item\":\"https:\\\/\\\/medicinasinc.com\\\/hr\\\/ducan\\\/\"},{\"@type\":\"ListItem\",\"position\":2,\"name\":\"Kupite THCA kristale &#8211; gornju policu\"}]},{\"@type\":\"WebSite\",\"@id\":\"https:\\\/\\\/medicinasinc.com\\\/hr\\\/#website\",\"url\":\"https:\\\/\\\/medicinasinc.com\\\/hr\\\/\",\"name\":\"Medicinas Inc\",\"description\":\"Health Medical Clinic\",\"potentialAction\":[{\"@type\":\"SearchAction\",\"target\":{\"@type\":\"EntryPoint\",\"urlTemplate\":\"https:\\\/\\\/medicinasinc.com\\\/hr\\\/?s={search_term_string}\"},\"query-input\":{\"@type\":\"PropertyValueSpecification\",\"valueRequired\":true,\"valueName\":\"search_term_string\"}}],\"inLanguage\":\"hr\"}]}<\/script>\n<!-- \/ Yoast SEO plugin. -->","yoast_head_json":{"title":"Kupite THCA kristale - gornja polica - najbolji najbolji svjetski lijekovi","description":"Kupite thca crystalline online Europa, thca kristal na prodaju, kristalni dijamanti NL, thc crystalline blizu mene, kupite thc kristale u Europi.","robots":{"index":"index","follow":"follow","max-snippet":"max-snippet:-1","max-image-preview":"max-image-preview:large","max-video-preview":"max-video-preview:-1"},"canonical":"https:\/\/medicinasinc.com\/hr\/product\/kupiti-thca-kristale-gornju-policu\/","og_locale":"hr_HR","og_type":"article","og_title":"Kupite THCA kristale - gornja polica - najbolji najbolji svjetski lijekovi","og_description":"Kupite thca crystalline online Europa, thca kristal na prodaju, kristalni dijamanti NL, thc crystalline blizu mene, kupite thc kristale u Europi.","og_url":"https:\/\/medicinasinc.com\/hr\/product\/kupiti-thca-kristale-gornju-policu\/","og_site_name":"Medicinas Inc","article_modified_time":"2022-03-15T06:04:43+00:00","og_image":[{"width":600,"height":600,"url":"https:\/\/medicinasinc.com\/hr\/wp-content\/uploads\/sites\/3\/2022\/02\/Buy-THCA-Crystals-Top-Shelf.jpg","type":"image\/jpeg"}],"twitter_card":"summary_large_image","twitter_misc":{"Procijenjeno vrijeme \u010ditanja":"2 minute"},"schema":{"@context":"https:\/\/schema.org","@graph":[{"@type":"WebPage","@id":"https:\/\/medicinasinc.com\/hr\/product\/kupiti-thca-kristale-gornju-policu\/","url":"https:\/\/medicinasinc.com\/hr\/product\/kupiti-thca-kristale-gornju-policu\/","name":"Kupite THCA kristale - gornja polica - najbolji najbolji svjetski lijekovi","isPartOf":{"@id":"https:\/\/medicinasinc.com\/hr\/#website"},"primaryImageOfPage":{"@id":"https:\/\/medicinasinc.com\/hr\/product\/kupiti-thca-kristale-gornju-policu\/#primaryimage"},"image":{"@id":"https:\/\/medicinasinc.com\/hr\/product\/kupiti-thca-kristale-gornju-policu\/#primaryimage"},"thumbnailUrl":"https:\/\/medicinasinc.com\/hr\/wp-content\/uploads\/sites\/3\/2022\/02\/Buy-THCA-Crystals-Top-Shelf.jpg","datePublished":"2022-02-20T16:18:47+00:00","dateModified":"2022-03-15T06:04:43+00:00","description":"Kupite thca crystalline online Europa, thca kristal na prodaju, kristalni dijamanti NL, thc crystalline blizu mene, kupite thc kristale u Europi.","breadcrumb":{"@id":"https:\/\/medicinasinc.com\/hr\/product\/kupiti-thca-kristale-gornju-policu\/#breadcrumb"},"inLanguage":"hr","potentialAction":[{"@type":"ReadAction","target":["https:\/\/medicinasinc.com\/hr\/product\/kupiti-thca-kristale-gornju-policu\/"]}]},{"@type":"ImageObject","inLanguage":"hr","@id":"https:\/\/medicinasinc.com\/hr\/product\/kupiti-thca-kristale-gornju-policu\/#primaryimage","url":"https:\/\/medicinasinc.com\/hr\/wp-content\/uploads\/sites\/3\/2022\/02\/Buy-THCA-Crystals-Top-Shelf.jpg","contentUrl":"https:\/\/medicinasinc.com\/hr\/wp-content\/uploads\/sites\/3\/2022\/02\/Buy-THCA-Crystals-Top-Shelf.jpg","width":600,"height":600},{"@type":"BreadcrumbList","@id":"https:\/\/medicinasinc.com\/hr\/product\/kupiti-thca-kristale-gornju-policu\/#breadcrumb","itemListElement":[{"@type":"ListItem","position":1,"name":"Du\u0107an","item":"https:\/\/medicinasinc.com\/hr\/ducan\/"},{"@type":"ListItem","position":2,"name":"Kupite THCA kristale &#8211; gornju policu"}]},{"@type":"WebSite","@id":"https:\/\/medicinasinc.com\/hr\/#website","url":"https:\/\/medicinasinc.com\/hr\/","name":"Medicinas Inc","description":"Health Medical Clinic","potentialAction":[{"@type":"SearchAction","target":{"@type":"EntryPoint","urlTemplate":"https:\/\/medicinasinc.com\/hr\/?s={search_term_string}"},"query-input":{"@type":"PropertyValueSpecification","valueRequired":true,"valueName":"search_term_string"}}],"inLanguage":"hr"}]}},"_links":{"self":[{"href":"https:\/\/medicinasinc.com\/hr\/wp-json\/wp\/v2\/product\/4810","targetHints":{"allow":["GET"]}}],"collection":[{"href":"https:\/\/medicinasinc.com\/hr\/wp-json\/wp\/v2\/product"}],"about":[{"href":"https:\/\/medicinasinc.com\/hr\/wp-json\/wp\/v2\/types\/product"}],"replies":[{"embeddable":true,"href":"https:\/\/medicinasinc.com\/hr\/wp-json\/wp\/v2\/comments?post=4810"}],"wp:featuredmedia":[{"embeddable":true,"href":"https:\/\/medicinasinc.com\/hr\/wp-json\/wp\/v2\/media\/4823"}],"wp:attachment":[{"href":"https:\/\/medicinasinc.com\/hr\/wp-json\/wp\/v2\/media?parent=4810"}],"wp:term":[{"taxonomy":"product_brand","embeddable":true,"href":"https:\/\/medicinasinc.com\/hr\/wp-json\/wp\/v2\/product_brand?post=4810"},{"taxonomy":"product_cat","embeddable":true,"href":"https:\/\/medicinasinc.com\/hr\/wp-json\/wp\/v2\/product_cat?post=4810"},{"taxonomy":"product_tag","embeddable":true,"href":"https:\/\/medicinasinc.com\/hr\/wp-json\/wp\/v2\/product_tag?post=4810"}],"curies":[{"name":"wp","href":"https:\/\/api.w.org\/{rel}","templated":true}]}}