{"id":4808,"date":"2022-02-20T16:17:53","date_gmt":"2022-02-20T16:17:53","guid":{"rendered":"https:\/\/medicinasinc.com\/hr\/?post_type=product&#038;p=4808"},"modified":"2022-03-15T06:04:52","modified_gmt":"2022-03-15T06:04:52","slug":"buy-1p-lsd-100mcg-blotters","status":"publish","type":"product","link":"https:\/\/medicinasinc.com\/hr\/product\/buy-1p-lsd-100mcg-blotters\/","title":{"rendered":"Kupite 1P-LSD 100mcg upija\u010de"},"content":{"rendered":"<p>Kupite 1P-LSD 100 mcg upija\u010de s popustom online.<\/p>\n<p>L.S.D. je soj prete\u017eno Indica koji je dobio ime po izrazito halucinogenom lijeku zbog njegove izrazito halucinogene i mo\u017edane vrijednosti. Napetost po\u010dinje s energi\u010dnim osje\u0107ajem radosti koji ima potencijal da pomuti um i ostavi nekoliko klijenata potpuno zbunjenih i &#8220;intelektualno zaglavljenih&#8221;. Unato\u010d sna\u017enoj cerebralnoj stimulaciji, neki klijenti navode da se osje\u0107aju inovativnije ili dru\u0161tveniji nakon kori\u0161tenja LSD-a<\/p>\n<p>Kupite 1P-LSD 100mcg upijanje putem interneta po sni\u017eenoj cijeni.<\/p>\n<p>Ova razina mentalne stimulacije iznimno je neobi\u010dna. za Indiku. Kao \u0161to bi se moglo o\u010dekivati \u200b\u200bod tvari dobivene iz Indike, L.S.D. tako\u0111er ima tipi\u010dne u\u010dinke na tijelo koje proizlaze iz Indica. Klijenti \u010desto primje\u0107uju revolucionarni u\u010dinak desenzibilizacije tijela jedan do dva sata nakon uzimanja, kada je ve\u0107ina cerebralnog u\u010dinka nestala. Ne\u017eeljeni u\u010dinci mogu uklju\u010divati \u200b\u200bpamuk u ustima, suhe o\u010di, pospanost, glavobolje i blago nepovjerenje.<\/p>\n<p>Za ve\u0107inu se ovaj soj mo\u017ee koristiti u bilo koje doba dana za ubla\u017eavanje blage do jake trajne pulsiraju\u0107e boli. LSD se \u010desto propisuje kako bi pomogao u upravljanju pritiskom, nelagodom ili bijedom. Osim toga, pacijenti koriste soj za lije\u010denje nesanice, a neki ga koriste za borbu protiv glavobolje.<\/p>\n<p>L.S.D. je kri\u017eanac izme\u0111u Mazara i iznimno starog asortimana tvora, Skunk #1, kojeg je stvorila Barney&#8217;s Farm. Iako se ovaj soj ne preporu\u010duje novim proizvo\u0111a\u010dima, iznimno ga je lako uzgajati zbog otpornosti na brojne infekcije i mogu\u0107nosti uzgoja na otvorenom i u zatvorenom prostoru. S vremenom cvatnje izme\u0111u 65 i 78 dana, L.S.D. mo\u017ee proizvesti do 650 grama po \u010detvornom metru. Povremeno prelazi 60 centimetara duljine, soj obi\u010dno zavr\u0161ava u travnju na ju\u017enom ekvatoru i listopadu na sjevernom. Ovaj soj ima sadr\u017eaj THC-a do 24%.<\/p>\n","protected":false},"excerpt":{"rendered":"<p>Gdje mogu kupiti 1P-LSD blotere? Najbolje istra\u017eiva\u010dke kemikalije na tr\u017ei\u0161tu &#8211; Brza dostava! Kupite 1P-LSD Blottere putem Bitcoina, bankovnog prijenosa i drugih metoda.<\/p>\n","protected":false},"featured_media":4821,"comment_status":"open","ping_status":"closed","template":"","meta":[],"product_brand":[],"product_cat":[703],"product_tag":[],"class_list":{"0":"post-4808","1":"product","2":"type-product","3":"status-publish","4":"has-post-thumbnail","6":"product_cat-kupiti-psihedelicne-droge","8":"first","9":"instock","10":"shipping-taxable","11":"purchasable","12":"product-type-variable","13":"has-default-attributes"},"yoast_head":"<!-- This site is optimized with the Yoast SEO plugin v27.3 - https:\/\/yoast.com\/product\/yoast-seo-wordpress\/ -->\n<title>Kupite jeftine 1P-LSD upija\u010de od 100 mcg - najbolji globalni lijekovi<\/title>\n<meta name=\"description\" content=\"Naru\u010diti 1P-LSD blotere? Najbolje istra\u017eiva\u010dke kemikalije - brza dostava! Kupite 1P-LSD Blottere s Bitcoinom, bankovnim prijenosom i jo\u0161 mnogo toga.\" \/>\n<meta name=\"robots\" content=\"index, follow, max-snippet:-1, max-image-preview:large, max-video-preview:-1\" \/>\n<link rel=\"canonical\" href=\"https:\/\/medicinasinc.com\/hr\/product\/buy-1p-lsd-100mcg-blotters\/\" \/>\n<meta property=\"og:locale\" content=\"hr_HR\" \/>\n<meta property=\"og:type\" content=\"article\" \/>\n<meta property=\"og:title\" content=\"Kupite jeftine 1P-LSD upija\u010de od 100 mcg - najbolji globalni lijekovi\" \/>\n<meta property=\"og:description\" content=\"Naru\u010diti 1P-LSD blotere? Najbolje istra\u017eiva\u010dke kemikalije - brza dostava! Kupite 1P-LSD Blottere s Bitcoinom, bankovnim prijenosom i jo\u0161 mnogo toga.\" \/>\n<meta property=\"og:url\" content=\"https:\/\/medicinasinc.com\/hr\/product\/buy-1p-lsd-100mcg-blotters\/\" \/>\n<meta property=\"og:site_name\" content=\"Medicinas Inc\" \/>\n<meta property=\"article:modified_time\" content=\"2022-03-15T06:04:52+00:00\" \/>\n<meta property=\"og:image\" content=\"https:\/\/medicinasinc.com\/hr\/wp-content\/uploads\/sites\/3\/2022\/02\/Buy-1P-LSD-100mcg-Blotters-cheap-online.jpg\" \/>\n\t<meta property=\"og:image:width\" content=\"600\" \/>\n\t<meta property=\"og:image:height\" content=\"600\" \/>\n\t<meta property=\"og:image:type\" content=\"image\/jpeg\" \/>\n<meta name=\"twitter:card\" content=\"summary_large_image\" \/>\n<meta name=\"twitter:label1\" content=\"Procijenjeno vrijeme \u010ditanja\" \/>\n\t<meta name=\"twitter:data1\" content=\"2 minute\" \/>\n<script type=\"application\/ld+json\" class=\"yoast-schema-graph\">{\"@context\":\"https:\\\/\\\/schema.org\",\"@graph\":[{\"@type\":\"WebPage\",\"@id\":\"https:\\\/\\\/medicinasinc.com\\\/hr\\\/product\\\/buy-1p-lsd-100mcg-blotters\\\/\",\"url\":\"https:\\\/\\\/medicinasinc.com\\\/hr\\\/product\\\/buy-1p-lsd-100mcg-blotters\\\/\",\"name\":\"Kupite jeftine 1P-LSD upija\u010de od 100 mcg - najbolji globalni lijekovi\",\"isPartOf\":{\"@id\":\"https:\\\/\\\/medicinasinc.com\\\/hr\\\/#website\"},\"primaryImageOfPage\":{\"@id\":\"https:\\\/\\\/medicinasinc.com\\\/hr\\\/product\\\/buy-1p-lsd-100mcg-blotters\\\/#primaryimage\"},\"image\":{\"@id\":\"https:\\\/\\\/medicinasinc.com\\\/hr\\\/product\\\/buy-1p-lsd-100mcg-blotters\\\/#primaryimage\"},\"thumbnailUrl\":\"https:\\\/\\\/medicinasinc.com\\\/hr\\\/wp-content\\\/uploads\\\/sites\\\/3\\\/2022\\\/02\\\/Buy-1P-LSD-100mcg-Blotters-cheap-online.jpg\",\"datePublished\":\"2022-02-20T16:17:53+00:00\",\"dateModified\":\"2022-03-15T06:04:52+00:00\",\"description\":\"Naru\u010diti 1P-LSD blotere? Najbolje istra\u017eiva\u010dke kemikalije - brza dostava! Kupite 1P-LSD Blottere s Bitcoinom, bankovnim prijenosom i jo\u0161 mnogo toga.\",\"breadcrumb\":{\"@id\":\"https:\\\/\\\/medicinasinc.com\\\/hr\\\/product\\\/buy-1p-lsd-100mcg-blotters\\\/#breadcrumb\"},\"inLanguage\":\"hr\",\"potentialAction\":[{\"@type\":\"ReadAction\",\"target\":[\"https:\\\/\\\/medicinasinc.com\\\/hr\\\/product\\\/buy-1p-lsd-100mcg-blotters\\\/\"]}]},{\"@type\":\"ImageObject\",\"inLanguage\":\"hr\",\"@id\":\"https:\\\/\\\/medicinasinc.com\\\/hr\\\/product\\\/buy-1p-lsd-100mcg-blotters\\\/#primaryimage\",\"url\":\"https:\\\/\\\/medicinasinc.com\\\/hr\\\/wp-content\\\/uploads\\\/sites\\\/3\\\/2022\\\/02\\\/Buy-1P-LSD-100mcg-Blotters-cheap-online.jpg\",\"contentUrl\":\"https:\\\/\\\/medicinasinc.com\\\/hr\\\/wp-content\\\/uploads\\\/sites\\\/3\\\/2022\\\/02\\\/Buy-1P-LSD-100mcg-Blotters-cheap-online.jpg\",\"width\":600,\"height\":600},{\"@type\":\"BreadcrumbList\",\"@id\":\"https:\\\/\\\/medicinasinc.com\\\/hr\\\/product\\\/buy-1p-lsd-100mcg-blotters\\\/#breadcrumb\",\"itemListElement\":[{\"@type\":\"ListItem\",\"position\":1,\"name\":\"Du\u0107an\",\"item\":\"https:\\\/\\\/medicinasinc.com\\\/hr\\\/ducan\\\/\"},{\"@type\":\"ListItem\",\"position\":2,\"name\":\"Kupite 1P-LSD 100mcg upija\u010de\"}]},{\"@type\":\"WebSite\",\"@id\":\"https:\\\/\\\/medicinasinc.com\\\/hr\\\/#website\",\"url\":\"https:\\\/\\\/medicinasinc.com\\\/hr\\\/\",\"name\":\"Medicinas Inc\",\"description\":\"Health Medical Clinic\",\"potentialAction\":[{\"@type\":\"SearchAction\",\"target\":{\"@type\":\"EntryPoint\",\"urlTemplate\":\"https:\\\/\\\/medicinasinc.com\\\/hr\\\/?s={search_term_string}\"},\"query-input\":{\"@type\":\"PropertyValueSpecification\",\"valueRequired\":true,\"valueName\":\"search_term_string\"}}],\"inLanguage\":\"hr\"}]}<\/script>\n<!-- \/ Yoast SEO plugin. -->","yoast_head_json":{"title":"Kupite jeftine 1P-LSD upija\u010de od 100 mcg - najbolji globalni lijekovi","description":"Naru\u010diti 1P-LSD blotere? Najbolje istra\u017eiva\u010dke kemikalije - brza dostava! Kupite 1P-LSD Blottere s Bitcoinom, bankovnim prijenosom i jo\u0161 mnogo toga.","robots":{"index":"index","follow":"follow","max-snippet":"max-snippet:-1","max-image-preview":"max-image-preview:large","max-video-preview":"max-video-preview:-1"},"canonical":"https:\/\/medicinasinc.com\/hr\/product\/buy-1p-lsd-100mcg-blotters\/","og_locale":"hr_HR","og_type":"article","og_title":"Kupite jeftine 1P-LSD upija\u010de od 100 mcg - najbolji globalni lijekovi","og_description":"Naru\u010diti 1P-LSD blotere? Najbolje istra\u017eiva\u010dke kemikalije - brza dostava! Kupite 1P-LSD Blottere s Bitcoinom, bankovnim prijenosom i jo\u0161 mnogo toga.","og_url":"https:\/\/medicinasinc.com\/hr\/product\/buy-1p-lsd-100mcg-blotters\/","og_site_name":"Medicinas Inc","article_modified_time":"2022-03-15T06:04:52+00:00","og_image":[{"width":600,"height":600,"url":"https:\/\/medicinasinc.com\/hr\/wp-content\/uploads\/sites\/3\/2022\/02\/Buy-1P-LSD-100mcg-Blotters-cheap-online.jpg","type":"image\/jpeg"}],"twitter_card":"summary_large_image","twitter_misc":{"Procijenjeno vrijeme \u010ditanja":"2 minute"},"schema":{"@context":"https:\/\/schema.org","@graph":[{"@type":"WebPage","@id":"https:\/\/medicinasinc.com\/hr\/product\/buy-1p-lsd-100mcg-blotters\/","url":"https:\/\/medicinasinc.com\/hr\/product\/buy-1p-lsd-100mcg-blotters\/","name":"Kupite jeftine 1P-LSD upija\u010de od 100 mcg - najbolji globalni lijekovi","isPartOf":{"@id":"https:\/\/medicinasinc.com\/hr\/#website"},"primaryImageOfPage":{"@id":"https:\/\/medicinasinc.com\/hr\/product\/buy-1p-lsd-100mcg-blotters\/#primaryimage"},"image":{"@id":"https:\/\/medicinasinc.com\/hr\/product\/buy-1p-lsd-100mcg-blotters\/#primaryimage"},"thumbnailUrl":"https:\/\/medicinasinc.com\/hr\/wp-content\/uploads\/sites\/3\/2022\/02\/Buy-1P-LSD-100mcg-Blotters-cheap-online.jpg","datePublished":"2022-02-20T16:17:53+00:00","dateModified":"2022-03-15T06:04:52+00:00","description":"Naru\u010diti 1P-LSD blotere? Najbolje istra\u017eiva\u010dke kemikalije - brza dostava! Kupite 1P-LSD Blottere s Bitcoinom, bankovnim prijenosom i jo\u0161 mnogo toga.","breadcrumb":{"@id":"https:\/\/medicinasinc.com\/hr\/product\/buy-1p-lsd-100mcg-blotters\/#breadcrumb"},"inLanguage":"hr","potentialAction":[{"@type":"ReadAction","target":["https:\/\/medicinasinc.com\/hr\/product\/buy-1p-lsd-100mcg-blotters\/"]}]},{"@type":"ImageObject","inLanguage":"hr","@id":"https:\/\/medicinasinc.com\/hr\/product\/buy-1p-lsd-100mcg-blotters\/#primaryimage","url":"https:\/\/medicinasinc.com\/hr\/wp-content\/uploads\/sites\/3\/2022\/02\/Buy-1P-LSD-100mcg-Blotters-cheap-online.jpg","contentUrl":"https:\/\/medicinasinc.com\/hr\/wp-content\/uploads\/sites\/3\/2022\/02\/Buy-1P-LSD-100mcg-Blotters-cheap-online.jpg","width":600,"height":600},{"@type":"BreadcrumbList","@id":"https:\/\/medicinasinc.com\/hr\/product\/buy-1p-lsd-100mcg-blotters\/#breadcrumb","itemListElement":[{"@type":"ListItem","position":1,"name":"Du\u0107an","item":"https:\/\/medicinasinc.com\/hr\/ducan\/"},{"@type":"ListItem","position":2,"name":"Kupite 1P-LSD 100mcg upija\u010de"}]},{"@type":"WebSite","@id":"https:\/\/medicinasinc.com\/hr\/#website","url":"https:\/\/medicinasinc.com\/hr\/","name":"Medicinas Inc","description":"Health Medical Clinic","potentialAction":[{"@type":"SearchAction","target":{"@type":"EntryPoint","urlTemplate":"https:\/\/medicinasinc.com\/hr\/?s={search_term_string}"},"query-input":{"@type":"PropertyValueSpecification","valueRequired":true,"valueName":"search_term_string"}}],"inLanguage":"hr"}]}},"_links":{"self":[{"href":"https:\/\/medicinasinc.com\/hr\/wp-json\/wp\/v2\/product\/4808","targetHints":{"allow":["GET"]}}],"collection":[{"href":"https:\/\/medicinasinc.com\/hr\/wp-json\/wp\/v2\/product"}],"about":[{"href":"https:\/\/medicinasinc.com\/hr\/wp-json\/wp\/v2\/types\/product"}],"replies":[{"embeddable":true,"href":"https:\/\/medicinasinc.com\/hr\/wp-json\/wp\/v2\/comments?post=4808"}],"wp:featuredmedia":[{"embeddable":true,"href":"https:\/\/medicinasinc.com\/hr\/wp-json\/wp\/v2\/media\/4821"}],"wp:attachment":[{"href":"https:\/\/medicinasinc.com\/hr\/wp-json\/wp\/v2\/media?parent=4808"}],"wp:term":[{"taxonomy":"product_brand","embeddable":true,"href":"https:\/\/medicinasinc.com\/hr\/wp-json\/wp\/v2\/product_brand?post=4808"},{"taxonomy":"product_cat","embeddable":true,"href":"https:\/\/medicinasinc.com\/hr\/wp-json\/wp\/v2\/product_cat?post=4808"},{"taxonomy":"product_tag","embeddable":true,"href":"https:\/\/medicinasinc.com\/hr\/wp-json\/wp\/v2\/product_tag?post=4808"}],"curies":[{"name":"wp","href":"https:\/\/api.w.org\/{rel}","templated":true}]}}