{"id":4768,"date":"2022-02-20T15:46:58","date_gmt":"2022-02-20T15:46:58","guid":{"rendered":"https:\/\/medicinasinc.com\/hr\/?post_type=product&#038;p=4768"},"modified":"2022-03-15T06:05:33","modified_gmt":"2022-03-15T06:05:33","slug":"kupi-k2-tamjan-sprej","status":"publish","type":"product","link":"https:\/\/medicinasinc.com\/hr\/product\/kupi-k2-tamjan-sprej\/","title":{"rendered":"Kupite K2 sprej za tamjan"},"content":{"rendered":"<p>Online kupnja K2 spreja za tamjan<\/p>\n<p>Osim toga, prodajemo K2 papir.<\/p>\n<p>K2 sprej je dostupan za kupnju. Bez mirisa je i boje.<\/p>\n<p>25 ml je dovoljno za prskanje cijelog lista A4 papira.<\/p>\n<p>Okus i K2 su dva naj\u010de\u0161\u0107a naziva za sinteti\u010dku marihuanu. Izra\u0111ene su od osu\u0161enog biljnog materijala koji je pro\u017eet konstruiranim kanabinoidom. Dizajnirani kanabinoidi su sintetski spojevi koji djeluju na mo\u017edane kanabinoidne receptore na isti na\u010din na koji djeluje Delta9-tetrahidrokanabinol (THC). Pojedinci koji koriste Spice prijavljuju da su do\u017eivjeli sli\u010dne osje\u0107aje kao i oni povezani s marihuanom. Marihuana je biljka koja sadr\u017ei kanabinoide, koji su mje\u0161avine. Okus i K2 su dva pojma koja se odnose na zbirku recepata koji se nazivaju dizajnirani (proizvedeni) kanabinoidi. Izra\u0111ene su od osu\u0161enih biljnih materijala koji su poprskani sinteti\u010dkim kemikalijama koje mijenjaju um. Analiti\u010dari su u po\u010detku organizirali te proizvedene lijekove kako bi ih koristili u ispitivanju.<\/p>\n<p>Osim toga, K2 je dostupan u teku\u0107em obliku koji se razgra\u0111uje u e-cigaretama. Osim toga, pu\u0161i se u lulama, d\u017eointima ili pravi \u010daj. K2 se zatim posipa na biljke, papir i vlakna u teku\u0107em stanju. Iako u\u010dinci pu\u0161enja Spicea mogu nalikovati pu\u0161enju marihuane, primarni razlog za\u0161to ljudi pu\u0161e Spice je zato \u0161to je skroman, a s obzirom na to kako se zna da je&#8230; Obi\u010dno se ova tvar prodaje kao biljna tvar. Bez obzira na to \u0161to prodajemo izniman k2 okus, agregat na\u0161ih projektiranih mje\u0161avina pridr\u017eava se svih va\u017ee\u0107ih propisa. Kupite biljni tamjan online Zapalite svoja osjetila sna\u017enim K2 biljnim tamjanom! Dok drugi prodaju mrtve mje\u0161avine bez imitacije snage, kada kupite K2 od nas, na\u0161a kvaliteta govori sama za sebe! Prodajemo izniman biljni tamjan i jedinstveni smo me\u0111u trgovcima biljnim zingom. Dodatno nazvan K2, sinteti\u010dka marihuana i sinteti\u010dka korova u spreju za tamjan, k2 sprej za prodaju je umjetno sredstvo za smirenje ulice koje sadr\u017ei konstruirane tvari raspr\u0161ene na okuse. Na papiru teku\u0107ina k2. Na webu mo\u017eete kupiti K2 sprej i teku\u0107i tamjan. Kupite visokokvalitetni K2 zing papir i dostavite ga na va\u0161a vrata. Do\u0161li ste na pravo mjesto ako tra\u017eite najbolje K2 lokalne mirisne teku\u0107ine i E-teku\u0107ine na webu. Ve\u0107inu K2 teku\u0107ine prodajemo lokalno po najni\u017eim mogu\u0107im cijenama kako bismo zadovoljili zahtjeve svih klijenata u Sjedinjenim Ameri\u010dkim Dr\u017eavama i diljem svijeta. Jo\u0161 jedna zna\u010dajna aplikacija je stvaranje tu\u0161a K2 koji \u0107e se op\u0107enito primjenjivati \u200b\u200blokalno. To je apsolutno neophodno. Proizvedeni kanabinoidi, koji se obi\u010dno nazivaju &#8220;Okus&#8221; ili &#8220;K2&#8221;, postali su legalni u Sjedinjenim Dr\u017eavama po\u010detkom 2000-ih. Originalni K2 za\u010dinski papir. Prodajemo najbolji K2 mije\u0161ani papir dostupan online. Kupite ga odmah. \u0160to je stvorena marihuana (tako\u0111er poznata kao sintetski kanabinoidi, K2 ili za\u010din)? Imamo najbolji izbor lokalnih tamjana na webu.<\/p>\n","protected":false},"excerpt":{"rendered":"<div class=\"woocommerce-product-details__short-description\">\n<p>Kupite K2 sprej za tamjan, tamjan u spreju bez mirisa i boje. 25 ml je dovoljno za prskanje cijelog lista A4 papira. Osim toga, prodajemo K2 papir.<\/p>\n<p>k2 sprej za za\u010din diablo amazon, k2 sprej na veliko, najja\u010di k2 sprej za prodaju, legal high k2 sprej za prodaju, k2 sprej za prodaju online u Velikoj Britaniji, teku\u0107i tamjan u spreju, k2 papir sastojci, k2 listova za\u010dinskog papira<\/p>\n<\/p><\/div>\n","protected":false},"featured_media":4783,"comment_status":"open","ping_status":"closed","template":"","meta":[],"product_brand":[],"product_cat":[690],"product_tag":[695,694,697,696,698,699,700,701],"class_list":{"0":"post-4768","1":"product","2":"type-product","3":"status-publish","4":"has-post-thumbnail","6":"product_cat-kupite-k2-papir","7":"product_tag-k2-zainski-papir-listovi","8":"product_tag-k2-papir-sastojci","9":"product_tag-k2-sprej-za-prodaja-online-uk","10":"product_tag-k2-spice-spray-diablo-amazon","11":"product_tag-legal-high-spice-spray-for-sale","12":"product_tag-liquid-spray-incense","13":"product_tag-strongest-k2-spray-for-sale","14":"product_tag-veleprodaja-k2-sprej","16":"first","17":"instock","18":"shipping-taxable","19":"purchasable","20":"product-type-variable","21":"has-default-attributes"},"yoast_head":"<!-- This site is optimized with the Yoast SEO plugin v27.3 - https:\/\/yoast.com\/product\/yoast-seo-wordpress\/ -->\n<title>Kupite K2 sprej za tamjan online - najbolji najbolji svjetski lijekovi<\/title>\n<meta name=\"description\" content=\"Kupite K2 sprej za tamjan, K2 sprej bez mirisa i boje dostupan za prodaju. Za raspr\u0161ivanje cijelog lista A4 papira potrebno vam je 25 ml. Tako\u0111er imamo K2 papir na prodaju.\" \/>\n<meta name=\"robots\" content=\"index, follow, max-snippet:-1, max-image-preview:large, max-video-preview:-1\" \/>\n<link rel=\"canonical\" href=\"https:\/\/medicinasinc.com\/hr\/product\/kupi-k2-tamjan-sprej\/\" \/>\n<meta property=\"og:locale\" content=\"hr_HR\" \/>\n<meta property=\"og:type\" content=\"article\" \/>\n<meta property=\"og:title\" content=\"Kupite K2 sprej za tamjan online - najbolji najbolji svjetski lijekovi\" \/>\n<meta property=\"og:description\" content=\"Kupite K2 sprej za tamjan, K2 sprej bez mirisa i boje dostupan za prodaju. Za raspr\u0161ivanje cijelog lista A4 papira potrebno vam je 25 ml. Tako\u0111er imamo K2 papir na prodaju.\" \/>\n<meta property=\"og:url\" content=\"https:\/\/medicinasinc.com\/hr\/product\/kupi-k2-tamjan-sprej\/\" \/>\n<meta property=\"og:site_name\" content=\"Medicinas Inc\" \/>\n<meta property=\"article:modified_time\" content=\"2022-03-15T06:05:33+00:00\" \/>\n<meta property=\"og:image\" content=\"https:\/\/medicinasinc.com\/hr\/wp-content\/uploads\/sites\/3\/2022\/02\/Buy-K2-Incense-Spray.png\" \/>\n\t<meta property=\"og:image:width\" content=\"873\" \/>\n\t<meta property=\"og:image:height\" content=\"433\" \/>\n\t<meta property=\"og:image:type\" content=\"image\/png\" \/>\n<meta name=\"twitter:card\" content=\"summary_large_image\" \/>\n<meta name=\"twitter:label1\" content=\"Procijenjeno vrijeme \u010ditanja\" \/>\n\t<meta name=\"twitter:data1\" content=\"3 minute\" \/>\n<script type=\"application\/ld+json\" class=\"yoast-schema-graph\">{\"@context\":\"https:\\\/\\\/schema.org\",\"@graph\":[{\"@type\":\"WebPage\",\"@id\":\"https:\\\/\\\/medicinasinc.com\\\/hr\\\/product\\\/kupi-k2-tamjan-sprej\\\/\",\"url\":\"https:\\\/\\\/medicinasinc.com\\\/hr\\\/product\\\/kupi-k2-tamjan-sprej\\\/\",\"name\":\"Kupite K2 sprej za tamjan online - najbolji najbolji svjetski lijekovi\",\"isPartOf\":{\"@id\":\"https:\\\/\\\/medicinasinc.com\\\/hr\\\/#website\"},\"primaryImageOfPage\":{\"@id\":\"https:\\\/\\\/medicinasinc.com\\\/hr\\\/product\\\/kupi-k2-tamjan-sprej\\\/#primaryimage\"},\"image\":{\"@id\":\"https:\\\/\\\/medicinasinc.com\\\/hr\\\/product\\\/kupi-k2-tamjan-sprej\\\/#primaryimage\"},\"thumbnailUrl\":\"https:\\\/\\\/medicinasinc.com\\\/hr\\\/wp-content\\\/uploads\\\/sites\\\/3\\\/2022\\\/02\\\/Buy-K2-Incense-Spray.png\",\"datePublished\":\"2022-02-20T15:46:58+00:00\",\"dateModified\":\"2022-03-15T06:05:33+00:00\",\"description\":\"Kupite K2 sprej za tamjan, K2 sprej bez mirisa i boje dostupan za prodaju. Za raspr\u0161ivanje cijelog lista A4 papira potrebno vam je 25 ml. Tako\u0111er imamo K2 papir na prodaju.\",\"breadcrumb\":{\"@id\":\"https:\\\/\\\/medicinasinc.com\\\/hr\\\/product\\\/kupi-k2-tamjan-sprej\\\/#breadcrumb\"},\"inLanguage\":\"hr\",\"potentialAction\":[{\"@type\":\"ReadAction\",\"target\":[\"https:\\\/\\\/medicinasinc.com\\\/hr\\\/product\\\/kupi-k2-tamjan-sprej\\\/\"]}]},{\"@type\":\"ImageObject\",\"inLanguage\":\"hr\",\"@id\":\"https:\\\/\\\/medicinasinc.com\\\/hr\\\/product\\\/kupi-k2-tamjan-sprej\\\/#primaryimage\",\"url\":\"https:\\\/\\\/medicinasinc.com\\\/hr\\\/wp-content\\\/uploads\\\/sites\\\/3\\\/2022\\\/02\\\/Buy-K2-Incense-Spray.png\",\"contentUrl\":\"https:\\\/\\\/medicinasinc.com\\\/hr\\\/wp-content\\\/uploads\\\/sites\\\/3\\\/2022\\\/02\\\/Buy-K2-Incense-Spray.png\",\"width\":873,\"height\":433},{\"@type\":\"BreadcrumbList\",\"@id\":\"https:\\\/\\\/medicinasinc.com\\\/hr\\\/product\\\/kupi-k2-tamjan-sprej\\\/#breadcrumb\",\"itemListElement\":[{\"@type\":\"ListItem\",\"position\":1,\"name\":\"Du\u0107an\",\"item\":\"https:\\\/\\\/medicinasinc.com\\\/hr\\\/ducan\\\/\"},{\"@type\":\"ListItem\",\"position\":2,\"name\":\"Kupite K2 sprej za tamjan\"}]},{\"@type\":\"WebSite\",\"@id\":\"https:\\\/\\\/medicinasinc.com\\\/hr\\\/#website\",\"url\":\"https:\\\/\\\/medicinasinc.com\\\/hr\\\/\",\"name\":\"Medicinas Inc\",\"description\":\"Health Medical Clinic\",\"potentialAction\":[{\"@type\":\"SearchAction\",\"target\":{\"@type\":\"EntryPoint\",\"urlTemplate\":\"https:\\\/\\\/medicinasinc.com\\\/hr\\\/?s={search_term_string}\"},\"query-input\":{\"@type\":\"PropertyValueSpecification\",\"valueRequired\":true,\"valueName\":\"search_term_string\"}}],\"inLanguage\":\"hr\"}]}<\/script>\n<!-- \/ Yoast SEO plugin. -->","yoast_head_json":{"title":"Kupite K2 sprej za tamjan online - najbolji najbolji svjetski lijekovi","description":"Kupite K2 sprej za tamjan, K2 sprej bez mirisa i boje dostupan za prodaju. Za raspr\u0161ivanje cijelog lista A4 papira potrebno vam je 25 ml. Tako\u0111er imamo K2 papir na prodaju.","robots":{"index":"index","follow":"follow","max-snippet":"max-snippet:-1","max-image-preview":"max-image-preview:large","max-video-preview":"max-video-preview:-1"},"canonical":"https:\/\/medicinasinc.com\/hr\/product\/kupi-k2-tamjan-sprej\/","og_locale":"hr_HR","og_type":"article","og_title":"Kupite K2 sprej za tamjan online - najbolji najbolji svjetski lijekovi","og_description":"Kupite K2 sprej za tamjan, K2 sprej bez mirisa i boje dostupan za prodaju. Za raspr\u0161ivanje cijelog lista A4 papira potrebno vam je 25 ml. Tako\u0111er imamo K2 papir na prodaju.","og_url":"https:\/\/medicinasinc.com\/hr\/product\/kupi-k2-tamjan-sprej\/","og_site_name":"Medicinas Inc","article_modified_time":"2022-03-15T06:05:33+00:00","og_image":[{"width":873,"height":433,"url":"https:\/\/medicinasinc.com\/hr\/wp-content\/uploads\/sites\/3\/2022\/02\/Buy-K2-Incense-Spray.png","type":"image\/png"}],"twitter_card":"summary_large_image","twitter_misc":{"Procijenjeno vrijeme \u010ditanja":"3 minute"},"schema":{"@context":"https:\/\/schema.org","@graph":[{"@type":"WebPage","@id":"https:\/\/medicinasinc.com\/hr\/product\/kupi-k2-tamjan-sprej\/","url":"https:\/\/medicinasinc.com\/hr\/product\/kupi-k2-tamjan-sprej\/","name":"Kupite K2 sprej za tamjan online - najbolji najbolji svjetski lijekovi","isPartOf":{"@id":"https:\/\/medicinasinc.com\/hr\/#website"},"primaryImageOfPage":{"@id":"https:\/\/medicinasinc.com\/hr\/product\/kupi-k2-tamjan-sprej\/#primaryimage"},"image":{"@id":"https:\/\/medicinasinc.com\/hr\/product\/kupi-k2-tamjan-sprej\/#primaryimage"},"thumbnailUrl":"https:\/\/medicinasinc.com\/hr\/wp-content\/uploads\/sites\/3\/2022\/02\/Buy-K2-Incense-Spray.png","datePublished":"2022-02-20T15:46:58+00:00","dateModified":"2022-03-15T06:05:33+00:00","description":"Kupite K2 sprej za tamjan, K2 sprej bez mirisa i boje dostupan za prodaju. Za raspr\u0161ivanje cijelog lista A4 papira potrebno vam je 25 ml. Tako\u0111er imamo K2 papir na prodaju.","breadcrumb":{"@id":"https:\/\/medicinasinc.com\/hr\/product\/kupi-k2-tamjan-sprej\/#breadcrumb"},"inLanguage":"hr","potentialAction":[{"@type":"ReadAction","target":["https:\/\/medicinasinc.com\/hr\/product\/kupi-k2-tamjan-sprej\/"]}]},{"@type":"ImageObject","inLanguage":"hr","@id":"https:\/\/medicinasinc.com\/hr\/product\/kupi-k2-tamjan-sprej\/#primaryimage","url":"https:\/\/medicinasinc.com\/hr\/wp-content\/uploads\/sites\/3\/2022\/02\/Buy-K2-Incense-Spray.png","contentUrl":"https:\/\/medicinasinc.com\/hr\/wp-content\/uploads\/sites\/3\/2022\/02\/Buy-K2-Incense-Spray.png","width":873,"height":433},{"@type":"BreadcrumbList","@id":"https:\/\/medicinasinc.com\/hr\/product\/kupi-k2-tamjan-sprej\/#breadcrumb","itemListElement":[{"@type":"ListItem","position":1,"name":"Du\u0107an","item":"https:\/\/medicinasinc.com\/hr\/ducan\/"},{"@type":"ListItem","position":2,"name":"Kupite K2 sprej za tamjan"}]},{"@type":"WebSite","@id":"https:\/\/medicinasinc.com\/hr\/#website","url":"https:\/\/medicinasinc.com\/hr\/","name":"Medicinas Inc","description":"Health Medical Clinic","potentialAction":[{"@type":"SearchAction","target":{"@type":"EntryPoint","urlTemplate":"https:\/\/medicinasinc.com\/hr\/?s={search_term_string}"},"query-input":{"@type":"PropertyValueSpecification","valueRequired":true,"valueName":"search_term_string"}}],"inLanguage":"hr"}]}},"_links":{"self":[{"href":"https:\/\/medicinasinc.com\/hr\/wp-json\/wp\/v2\/product\/4768","targetHints":{"allow":["GET"]}}],"collection":[{"href":"https:\/\/medicinasinc.com\/hr\/wp-json\/wp\/v2\/product"}],"about":[{"href":"https:\/\/medicinasinc.com\/hr\/wp-json\/wp\/v2\/types\/product"}],"replies":[{"embeddable":true,"href":"https:\/\/medicinasinc.com\/hr\/wp-json\/wp\/v2\/comments?post=4768"}],"wp:featuredmedia":[{"embeddable":true,"href":"https:\/\/medicinasinc.com\/hr\/wp-json\/wp\/v2\/media\/4783"}],"wp:attachment":[{"href":"https:\/\/medicinasinc.com\/hr\/wp-json\/wp\/v2\/media?parent=4768"}],"wp:term":[{"taxonomy":"product_brand","embeddable":true,"href":"https:\/\/medicinasinc.com\/hr\/wp-json\/wp\/v2\/product_brand?post=4768"},{"taxonomy":"product_cat","embeddable":true,"href":"https:\/\/medicinasinc.com\/hr\/wp-json\/wp\/v2\/product_cat?post=4768"},{"taxonomy":"product_tag","embeddable":true,"href":"https:\/\/medicinasinc.com\/hr\/wp-json\/wp\/v2\/product_tag?post=4768"}],"curies":[{"name":"wp","href":"https:\/\/api.w.org\/{rel}","templated":true}]}}