{"id":4767,"date":"2022-02-20T15:46:01","date_gmt":"2022-02-20T15:46:01","guid":{"rendered":"https:\/\/medicinasinc.com\/hr\/?post_type=product&#038;p=4767"},"modified":"2022-03-15T06:05:44","modified_gmt":"2022-03-15T06:05:44","slug":"kupi-k2-papir","status":"publish","type":"product","link":"https:\/\/medicinasinc.com\/hr\/product\/kupi-k2-papir\/","title":{"rendered":"Kupite K2 papir"},"content":{"rendered":"<p>Dobavite jeftine K2 papirne listove izravno na va\u0161a vrata.<\/p>\n<p>Sinteti\u010dka marihuana brzo stje\u010de popularnost me\u0111u potro\u0161a\u010dima marihuane. K2 infused papir mje\u0161avina je usitnjenih biljnih materijala i sinteti\u010dkih kemikalija s psihodeli\u010dnim svojstvima. Prema istra\u017eivanju, kemikalije se ve\u017eu na iste receptore \u017eiv\u010danih stanica u mozgu kao i THC, izazivaju\u0107i osje\u0107aj blagostanja, opu\u0161tenosti, promijenjene percepcije i psihoze. Ako tra\u017eite renomiranu internetsku trgovinu za kupnju visokokvalitetnog proizvoda, ne tra\u017eite dalje od na\u0161e renomirane internetske trgovine. Kako bismo osigurali sigurnost na\u0161ih kupaca, zalihe nabavljamo od renomiranih proizvo\u0111a\u010da. Isprobajte nas; jam\u010dimo da ne\u0107ete biti razo\u010darani.<\/p>\n<p>Kanabinoidi su kemijski spojevi koji se prirodno nalaze u biljkama marihuane i slu\u017ee kao osnova za razne sintetske droge. Kemijski, K2 sinteti\u010dki papir za korov povezan je s aktivnim sastojkom marihuane. U\u010dinci su intenzivniji, a na kraju seanse \u010dovjek se mo\u017ee osje\u0107ati opu\u0161teno i povi\u0161eno. Kako sve vi\u0161e ljudi postaje svjesno pravih prednosti marihuane, ovaj se proizvod koristi kao sigurna alternativa za razne medicinske i rekreacijske svrhe. Me\u0111utim, trebate biti oprezni jer prekomjerna konzumacija mo\u017ee rezultirati \u0161tetnim nuspojavama kao \u0161to su anksioznost, halucinacije, hipertenzija, bol u prsima, ote\u017eano disanje, napadaji i povra\u0107anje. Odre\u0111eni K2 za\u010dinski proizvodi na tr\u017ei\u0161tu tako\u0111er mogu sadr\u017eavati otrovne sastojke. Kao rezultat toga, klju\u010dno je kupiti od renomiranog dobavlja\u010da.<\/p>\n<p>\u017delite li kupiti biljne proizvode najvi\u0161e kvalitete? Uz globalnu bazu kupaca, pru\u017eamo vam izvrsnu priliku za kupnju K2 papira putem interneta po konkurentnim cijenama. Uz najve\u0107i izbor, nudimo sigurne na\u010dine pla\u0107anja i diskretnu dostavu. Ne morate posje\u0107ivati \u200b\u200bobli\u017enje trgovine ili odmori\u0161ta. Cilj tvrtke je kontinuirano pobolj\u0161anje kvalitete proizvoda i usluge kupcima kako bi ostali ispred konkurencije. Na\u0161 prvi prioritet je va\u0161e zadovoljstvo, a imamo iskusan tim koji \u0107e se nositi sa svim pote\u0161ko\u0107ama. Ne ustru\u010davajte se kontaktirati nas ako imate bilo kakvih pitanja ili nedoumica.<\/p>\n","protected":false},"excerpt":{"rendered":"<div class=\"woocommerce-product-details__short-description\">\n<p>Svaki A4 list natopljen je\u00a0<em><strong>25 ml=0,845351 teku\u0107ine u oz<\/strong><\/em>\u00a0teku\u0107ine K2. <strong>Papir bez mirisa i boje<\/strong>\u00a0K2 na prodaju. <strong>Imamo i K2 sprej za prodaju<\/strong><\/p>\n<\/p><\/div>\n","protected":false},"featured_media":4781,"comment_status":"open","ping_status":"closed","template":"","meta":[],"product_brand":[],"product_cat":[690],"product_tag":[691,692,693],"class_list":{"0":"post-4767","1":"product","2":"type-product","3":"status-publish","4":"has-post-thumbnail","6":"product_cat-kupite-k2-papir","7":"product_tag-kupiti-k2-papir-online-uk","8":"product_tag-buy-k2-paper","9":"product_tag-buy-k2-paper-sheet","11":"first","12":"instock","13":"shipping-taxable","14":"purchasable","15":"product-type-variable","16":"has-default-attributes"},"yoast_head":"<!-- This site is optimized with the Yoast SEO plugin v27.3 - https:\/\/yoast.com\/product\/yoast-seo-wordpress\/ -->\n<title>Kupite K2 papir online - Best Best Global Meds<\/title>\n<meta name=\"description\" content=\"Kupite K2 papir online po povoljnim cijenama Svaki A4 list je pro\u017eet 25 ml=0,845351 teku\u0107ine u unci K2. Prodajem K2 papir bez mirisa i boje. U prodaji imamo i K2 sprej\" \/>\n<meta name=\"robots\" content=\"index, follow, max-snippet:-1, max-image-preview:large, max-video-preview:-1\" \/>\n<link rel=\"canonical\" href=\"https:\/\/medicinasinc.com\/hr\/product\/kupi-k2-papir\/\" \/>\n<meta property=\"og:locale\" content=\"hr_HR\" \/>\n<meta property=\"og:type\" content=\"article\" \/>\n<meta property=\"og:title\" content=\"Kupite K2 papir online - Best Best Global Meds\" \/>\n<meta property=\"og:description\" content=\"Kupite K2 papir online po povoljnim cijenama Svaki A4 list je pro\u017eet 25 ml=0,845351 teku\u0107ine u unci K2. Prodajem K2 papir bez mirisa i boje. U prodaji imamo i K2 sprej\" \/>\n<meta property=\"og:url\" content=\"https:\/\/medicinasinc.com\/hr\/product\/kupi-k2-papir\/\" \/>\n<meta property=\"og:site_name\" content=\"Medicinas Inc\" \/>\n<meta property=\"article:modified_time\" content=\"2022-03-15T06:05:44+00:00\" \/>\n<meta property=\"og:image\" content=\"https:\/\/medicinasinc.com\/hr\/wp-content\/uploads\/sites\/3\/2022\/02\/Buy-K2-paper-online.jpg\" \/>\n\t<meta property=\"og:image:width\" content=\"600\" \/>\n\t<meta property=\"og:image:height\" content=\"600\" \/>\n\t<meta property=\"og:image:type\" content=\"image\/jpeg\" \/>\n<meta name=\"twitter:card\" content=\"summary_large_image\" \/>\n<meta name=\"twitter:label1\" content=\"Procijenjeno vrijeme \u010ditanja\" \/>\n\t<meta name=\"twitter:data1\" content=\"2 minute\" \/>\n<script type=\"application\/ld+json\" class=\"yoast-schema-graph\">{\"@context\":\"https:\\\/\\\/schema.org\",\"@graph\":[{\"@type\":\"WebPage\",\"@id\":\"https:\\\/\\\/medicinasinc.com\\\/hr\\\/product\\\/kupi-k2-papir\\\/\",\"url\":\"https:\\\/\\\/medicinasinc.com\\\/hr\\\/product\\\/kupi-k2-papir\\\/\",\"name\":\"Kupite K2 papir online - Best Best Global Meds\",\"isPartOf\":{\"@id\":\"https:\\\/\\\/medicinasinc.com\\\/hr\\\/#website\"},\"primaryImageOfPage\":{\"@id\":\"https:\\\/\\\/medicinasinc.com\\\/hr\\\/product\\\/kupi-k2-papir\\\/#primaryimage\"},\"image\":{\"@id\":\"https:\\\/\\\/medicinasinc.com\\\/hr\\\/product\\\/kupi-k2-papir\\\/#primaryimage\"},\"thumbnailUrl\":\"https:\\\/\\\/medicinasinc.com\\\/hr\\\/wp-content\\\/uploads\\\/sites\\\/3\\\/2022\\\/02\\\/Buy-K2-paper-online.jpg\",\"datePublished\":\"2022-02-20T15:46:01+00:00\",\"dateModified\":\"2022-03-15T06:05:44+00:00\",\"description\":\"Kupite K2 papir online po povoljnim cijenama Svaki A4 list je pro\u017eet 25 ml=0,845351 teku\u0107ine u unci K2. Prodajem K2 papir bez mirisa i boje. U prodaji imamo i K2 sprej\",\"breadcrumb\":{\"@id\":\"https:\\\/\\\/medicinasinc.com\\\/hr\\\/product\\\/kupi-k2-papir\\\/#breadcrumb\"},\"inLanguage\":\"hr\",\"potentialAction\":[{\"@type\":\"ReadAction\",\"target\":[\"https:\\\/\\\/medicinasinc.com\\\/hr\\\/product\\\/kupi-k2-papir\\\/\"]}]},{\"@type\":\"ImageObject\",\"inLanguage\":\"hr\",\"@id\":\"https:\\\/\\\/medicinasinc.com\\\/hr\\\/product\\\/kupi-k2-papir\\\/#primaryimage\",\"url\":\"https:\\\/\\\/medicinasinc.com\\\/hr\\\/wp-content\\\/uploads\\\/sites\\\/3\\\/2022\\\/02\\\/Buy-K2-paper-online.jpg\",\"contentUrl\":\"https:\\\/\\\/medicinasinc.com\\\/hr\\\/wp-content\\\/uploads\\\/sites\\\/3\\\/2022\\\/02\\\/Buy-K2-paper-online.jpg\",\"width\":600,\"height\":600},{\"@type\":\"BreadcrumbList\",\"@id\":\"https:\\\/\\\/medicinasinc.com\\\/hr\\\/product\\\/kupi-k2-papir\\\/#breadcrumb\",\"itemListElement\":[{\"@type\":\"ListItem\",\"position\":1,\"name\":\"Du\u0107an\",\"item\":\"https:\\\/\\\/medicinasinc.com\\\/hr\\\/ducan\\\/\"},{\"@type\":\"ListItem\",\"position\":2,\"name\":\"Kupite K2 papir\"}]},{\"@type\":\"WebSite\",\"@id\":\"https:\\\/\\\/medicinasinc.com\\\/hr\\\/#website\",\"url\":\"https:\\\/\\\/medicinasinc.com\\\/hr\\\/\",\"name\":\"Medicinas Inc\",\"description\":\"Health Medical Clinic\",\"potentialAction\":[{\"@type\":\"SearchAction\",\"target\":{\"@type\":\"EntryPoint\",\"urlTemplate\":\"https:\\\/\\\/medicinasinc.com\\\/hr\\\/?s={search_term_string}\"},\"query-input\":{\"@type\":\"PropertyValueSpecification\",\"valueRequired\":true,\"valueName\":\"search_term_string\"}}],\"inLanguage\":\"hr\"}]}<\/script>\n<!-- \/ Yoast SEO plugin. -->","yoast_head_json":{"title":"Kupite K2 papir online - Best Best Global Meds","description":"Kupite K2 papir online po povoljnim cijenama Svaki A4 list je pro\u017eet 25 ml=0,845351 teku\u0107ine u unci K2. Prodajem K2 papir bez mirisa i boje. U prodaji imamo i K2 sprej","robots":{"index":"index","follow":"follow","max-snippet":"max-snippet:-1","max-image-preview":"max-image-preview:large","max-video-preview":"max-video-preview:-1"},"canonical":"https:\/\/medicinasinc.com\/hr\/product\/kupi-k2-papir\/","og_locale":"hr_HR","og_type":"article","og_title":"Kupite K2 papir online - Best Best Global Meds","og_description":"Kupite K2 papir online po povoljnim cijenama Svaki A4 list je pro\u017eet 25 ml=0,845351 teku\u0107ine u unci K2. Prodajem K2 papir bez mirisa i boje. U prodaji imamo i K2 sprej","og_url":"https:\/\/medicinasinc.com\/hr\/product\/kupi-k2-papir\/","og_site_name":"Medicinas Inc","article_modified_time":"2022-03-15T06:05:44+00:00","og_image":[{"width":600,"height":600,"url":"https:\/\/medicinasinc.com\/hr\/wp-content\/uploads\/sites\/3\/2022\/02\/Buy-K2-paper-online.jpg","type":"image\/jpeg"}],"twitter_card":"summary_large_image","twitter_misc":{"Procijenjeno vrijeme \u010ditanja":"2 minute"},"schema":{"@context":"https:\/\/schema.org","@graph":[{"@type":"WebPage","@id":"https:\/\/medicinasinc.com\/hr\/product\/kupi-k2-papir\/","url":"https:\/\/medicinasinc.com\/hr\/product\/kupi-k2-papir\/","name":"Kupite K2 papir online - Best Best Global Meds","isPartOf":{"@id":"https:\/\/medicinasinc.com\/hr\/#website"},"primaryImageOfPage":{"@id":"https:\/\/medicinasinc.com\/hr\/product\/kupi-k2-papir\/#primaryimage"},"image":{"@id":"https:\/\/medicinasinc.com\/hr\/product\/kupi-k2-papir\/#primaryimage"},"thumbnailUrl":"https:\/\/medicinasinc.com\/hr\/wp-content\/uploads\/sites\/3\/2022\/02\/Buy-K2-paper-online.jpg","datePublished":"2022-02-20T15:46:01+00:00","dateModified":"2022-03-15T06:05:44+00:00","description":"Kupite K2 papir online po povoljnim cijenama Svaki A4 list je pro\u017eet 25 ml=0,845351 teku\u0107ine u unci K2. Prodajem K2 papir bez mirisa i boje. U prodaji imamo i K2 sprej","breadcrumb":{"@id":"https:\/\/medicinasinc.com\/hr\/product\/kupi-k2-papir\/#breadcrumb"},"inLanguage":"hr","potentialAction":[{"@type":"ReadAction","target":["https:\/\/medicinasinc.com\/hr\/product\/kupi-k2-papir\/"]}]},{"@type":"ImageObject","inLanguage":"hr","@id":"https:\/\/medicinasinc.com\/hr\/product\/kupi-k2-papir\/#primaryimage","url":"https:\/\/medicinasinc.com\/hr\/wp-content\/uploads\/sites\/3\/2022\/02\/Buy-K2-paper-online.jpg","contentUrl":"https:\/\/medicinasinc.com\/hr\/wp-content\/uploads\/sites\/3\/2022\/02\/Buy-K2-paper-online.jpg","width":600,"height":600},{"@type":"BreadcrumbList","@id":"https:\/\/medicinasinc.com\/hr\/product\/kupi-k2-papir\/#breadcrumb","itemListElement":[{"@type":"ListItem","position":1,"name":"Du\u0107an","item":"https:\/\/medicinasinc.com\/hr\/ducan\/"},{"@type":"ListItem","position":2,"name":"Kupite K2 papir"}]},{"@type":"WebSite","@id":"https:\/\/medicinasinc.com\/hr\/#website","url":"https:\/\/medicinasinc.com\/hr\/","name":"Medicinas Inc","description":"Health Medical Clinic","potentialAction":[{"@type":"SearchAction","target":{"@type":"EntryPoint","urlTemplate":"https:\/\/medicinasinc.com\/hr\/?s={search_term_string}"},"query-input":{"@type":"PropertyValueSpecification","valueRequired":true,"valueName":"search_term_string"}}],"inLanguage":"hr"}]}},"_links":{"self":[{"href":"https:\/\/medicinasinc.com\/hr\/wp-json\/wp\/v2\/product\/4767","targetHints":{"allow":["GET"]}}],"collection":[{"href":"https:\/\/medicinasinc.com\/hr\/wp-json\/wp\/v2\/product"}],"about":[{"href":"https:\/\/medicinasinc.com\/hr\/wp-json\/wp\/v2\/types\/product"}],"replies":[{"embeddable":true,"href":"https:\/\/medicinasinc.com\/hr\/wp-json\/wp\/v2\/comments?post=4767"}],"wp:featuredmedia":[{"embeddable":true,"href":"https:\/\/medicinasinc.com\/hr\/wp-json\/wp\/v2\/media\/4781"}],"wp:attachment":[{"href":"https:\/\/medicinasinc.com\/hr\/wp-json\/wp\/v2\/media?parent=4767"}],"wp:term":[{"taxonomy":"product_brand","embeddable":true,"href":"https:\/\/medicinasinc.com\/hr\/wp-json\/wp\/v2\/product_brand?post=4767"},{"taxonomy":"product_cat","embeddable":true,"href":"https:\/\/medicinasinc.com\/hr\/wp-json\/wp\/v2\/product_cat?post=4767"},{"taxonomy":"product_tag","embeddable":true,"href":"https:\/\/medicinasinc.com\/hr\/wp-json\/wp\/v2\/product_tag?post=4767"}],"curies":[{"name":"wp","href":"https:\/\/api.w.org\/{rel}","templated":true}]}}