{"id":4761,"date":"2022-02-20T15:41:01","date_gmt":"2022-02-20T15:41:01","guid":{"rendered":"https:\/\/medicinasinc.com\/hr\/?post_type=product&#038;p=4761"},"modified":"2022-03-15T06:05:53","modified_gmt":"2022-03-15T06:05:53","slug":"kupiti-kiselo-dizel-cbd-konopljini-cvijet-online","status":"publish","type":"product","link":"https:\/\/medicinasinc.com\/hr\/product\/kupiti-kiselo-dizel-cbd-konopljini-cvijet-online\/","title":{"rendered":"Kupite Sour Diesel CBD cvijet konoplje online"},"content":{"rendered":"<div class=\"woocommerce-tabs wc-tabs-wrapper\">\n<div id=\"tab-description\" class=\"woocommerce-Tabs-panel woocommerce-Tabs-panel--description panel entry-content wc-tab\" role=\"tabpanel\" aria-labelledby=\"tab-title-description\">\n<p>Sour Diesel legendarna je sorta koja potje\u010de od dva klasika. Kombinira nadmo\u0107nu gor\u010dinu benzina s trncem kiselog citrusa koji \u0161mrcava usnama. Ova kultna biljka proizvela je mno\u0161tvo sojeva, zahvaljuju\u0107i svojoj superiornoj genetici i razli\u010ditim u\u010dincima, \u0161to je \u010dini omiljenom me\u0111u poljoprivrednicima koji \u017eele uzgajati sljede\u0107u veliku stvar industrije konoplje.<\/p>\n<p>Soj Sour Diesel brzo djeluje. i vrlo mo\u0107an, isporu\u010duju\u0107i efekte koji mogu preplaviti va\u0161 sustav s klju\u010dnim prednostima soja sativa. Odnosno, mogu\u0107nost budnosti koja sna\u017eno poga\u0111a, zaustavlja predstavu i di\u017ee tijelo koja mo\u017ee promicati energiju, produktivnost, motivaciju i kreativnost.<\/p>\n<p>&nbsp;<\/p>\n<p>Povijest povijesti Sour Diesel<\/p>\n<p>Sour Diesel se \u010desto smatra jednim od najva\u017enijih dostupnih sojeva konoplje. Svaki poznavatelj konoplje re\u0107i \u0107e vam da je kiseli dizel neophodan za svakoga tko tvrdi da cijeni blagodati ove biljke. Ve\u0107im dijelom, popularnost soja proizlazi iz reputacije njegovih roditelja \u2013 Chemdog 91 i Super Skunk. Ove legende o konoplji podigle su reputaciju soja Sour Diesel na nove visine, daju\u0107i mu neusporedivu genetiku koja je rezultirala time da je potomstvo soja postalo uspjeh konoplje kakav je danas.<\/p>\n<p>Chemdog 91 zagonetna je vrsta za koju se vjeruje da je zagonetna. debitirali su na tr\u017ei\u0161tu 1991. godine. Neidentificirana sorta ispu\u0161ta o\u0161tru aromu pro\u0161aranu o\u0161trim notama benzina. Ove karakteristike su istaknute u biljci Sour Diesel, s profilom okusa koji vrlo podsje\u0107a na soj Chemdog 91.<\/p>\n<p>S druge strane, Super Skunk je soj nazvan iz o\u010ditih razloga. Ultra-skunky kultivar proizvodi miris (ili miris, ovisno o va\u0161oj razini tolerancije) koji \u0107e izbaciti va\u0161a olfaktorna osjetila iz parka. Usprkos uvredljivoj aromi soja, on pru\u017ea zadivljuju\u0107e iznena\u0111uju\u0107u, nje\u017enu slatko\u0107u koja obla\u017ee jezik blago\u0161\u0107u poput meda.<\/p>\n<p>&nbsp;<\/p>\n<p>Estetika i aroma<\/p>\n<p>Va\u0161i po\u010detni dojmovi o soju Sour Diesel mogu biti neodoljivi. Naposljetku, to je samo mrvica zelene, s drugim zelenkastim nijansama koje se provla\u010de kroz unutra\u0161njost stvaraju\u0107i monokromatsku paletu travnatih nijansi. Plave dlake jagode zapli\u0107u li\u0161\u0107e s vanjske strane, stvaraju\u0107i mre\u017eu \u017eutih vitica koje su posute smrznutom prevlakom slatkih trihoma. Osim toga, o sorti se malo \u0161to drugo mo\u017ee primijetiti. Me\u0111utim, ono \u0161to mu nedostaje u boji, nadokna\u0111uje svojim mirisom.<\/p>\n<p>S obzirom da oba roditelja pokazuju izrazito o\u0161tre mirise, nije iznena\u0111uju\u0107e da Sour Diesel ima tako \u010dudnu aromu. Soj neobi\u010dnog mirisa napada va\u0161e olfaktorne receptore poput tvora teretnog vlaka. Uvredljivi i neodoljivi, neki korisnici tvrde da otkrivaju o\u0161tre note sira koje se mije\u0161aju s benzinom na vrhu skunky arome kako bi stvorili iskustvo konoplje za pam\u0107enje.<\/p>\n<p>&nbsp;<\/p>\n<p>Iskustva i posljedice<\/p>\n<p>Za po\u010detak, Sour Diesel nije \u0161ala kada je u pitanju okus. Dim soja sadr\u017ei iznimno sna\u017ean okus koji lako mo\u017ee nadvladati po\u010detnike i korisnike s niskom tolerancijom. Stoga, smatrajte ovo po\u0161tenim upozorenjem \u2013 Sour Diesel \u0107e vam sjebati govno, po\u010dev\u0161i od na\u010dina na koji ima okus. Pojednostavljeno re\u010deno, soj proizvodi okus koji je gotovo identi\u010dan njegovom mirisu. To jest, velika koli\u010dina tvora u kombinaciji s jakim ubodima benzina.<\/p>\n<p>Izme\u0111u neodoljivih plimnih valova o\u0161trog okusa, valovi kiselog citrusa razbijaju tvora. Nje\u017ene note dodaju dovoljno u\u017eitka iskustvu, pretvaraju\u0107i ga u istinski dinami\u010dan i zanimljiv susret okusa.<\/p>\n<p>Jo\u0161 jedan aspekt koji pridonosi privla\u010dnosti Sour Diesel-a je njegov trenutni u\u010dinak. U\u010dinci se pojavljuju u nekoliko minuta nakon udisaja, daju\u0107i visokolete\u0107e u\u010dinke sative koji stimuliraju osjetila i ponovno probudi svoju snagu. Na mnogo na\u010dina, mo\u017ee se re\u0107i da vam soj poma\u017ee prevladati svoje inhibicije, \u010dine\u0107i da se osje\u0107ate hrabrijim, odva\u017enijim i sigurnijim.<\/p>\n<p>Sposoban ubla\u017eiti fizi\u010dke i kognitivne tegobe, soj Sour Diesel daje va\u0161em sustavu puno energije. dodatnu energiju, daju\u0107i vam snagu i motivaciju da prebrodite dnevni rad i obaveze. Ipak, rije\u010d opreza \u2013 Sour Diesel nije za one slabog srca. Prije nego \u0161to uzmete ovaj \u010dudovi\u0161ni soj, provjerite imate li toleranciju na jake efekte sative i sna\u017ean okus.<\/p>\n<p>&nbsp;<\/p>\n<p>Plantacija i prerada<\/p>\n<p> Iako je soj Sour Diesel umjereno te\u017eak za uzgajiva\u010de po\u010detnike, njegova jedinstvena genetika \u010dini ga izvrsnim izborom za one koji tra\u017ee mo\u0107ne u\u010dinke uz minimalan napor. Sojevi s specijaliziranijim zahtjevima za uzgoj obi\u010dno su daleko prikladniji za ekstrakciju, daju\u0107i sna\u017enije koncentrate punog spektra za kvalitetnije proizvode od konoplje. Stoga, usprkos svojoj umjerenoj te\u017eini, Sour Diesel se isplati vrhunskom konopljom koja je idealna za razne procese nakon \u017eetve.<\/p>\n<p>Za otprilike 11 tjedana, dajte ili uzmite tjedan, Sour Diesel cvjeta. Umjereni prinos je ograni\u010den na 3 unce po stopi visine biljke. Najvi\u0161e, va\u0161a \u0107e biljka dose\u0107i visinu od preko 7 stopa, \u0161to \u0107e je \u010diniti ne\u0161to vi\u0161om od ve\u0107ine drugih sorti.<\/p>\n<p>Zbog prostora biljke, uzgoj na otvorenom mogao bi biti idealan, osobito ako ste rade s ograni\u010denim prostorom. Me\u0111utim, unutarnji uvjeti mogu biti povoljni za Sour Diesel sve dok je osigurana odgovaraju\u0107a toplina, svjetlost i niska vla\u017enost. Dodavanjem hranjivih tvari bogatih fosforom pred kraj razdoblja rasta biljke i prestankom zalijevanja otprilike tri dana prije berbe, trebali biste posti\u0107i razdra\u017eljiv, o\u0161tar miris i gust sloj trihoma za izvrsno putovanje.<\/p>\n<p>&nbsp;<\/p>\n<p>Za koga je dizajniran?<\/p>\n<p>Zbog intenzivnog okusa i monstruoznih u\u010dinaka kiselog dizela, ne\u0107e svi u\u017eivati \u200b\u200bu iskustvu koje pru\u017ea. Korisnici s niskom tolerancijom i po\u010detnici mogu biti odu\u0161evljeni ne samo nevjerojatnim okusom, ve\u0107 i neodoljivim u\u010dincima, koji kod nekih mogu izazvati tjeskobu i nervozu.<\/p>\n<p>Unato\u010d tome, Sour Diesel ostaje legendarna vrsta za veterane i puriste. koji cijene mo\u0107nu konoplju. Za one s vi\u0161e iskustva, \u0161umoviti osje\u0107aj nevi\u0111enog protoka energije koji struji kroz njihov sustav mo\u017ee pru\u017eiti snagu, motivaciju i na\u010din razmi\u0161ljanja koji su potrebni za dovr\u0161etak dnevnih obaveza \u2013 i vi\u0161e.<\/p>\n<\/p><\/div><\/div>\n<section class=\"related products\">\n<h2><\/h2>\n<\/section>\n<div class=\"product-next-previous\">\n<div class=\"product-prev\"><\/div><\/div>\n","protected":false},"excerpt":{"rendered":"<div class=\"woocommerce-product-details__short-description\">\n<p>Kupite Sour Diesel CBD cvijet za prodaju u Ujedinjenom Kraljevstvu, Europa je energiziraju\u0107a vrsta s dominantnom Sativom koja \u0107e vam pomo\u0107i da ostanete usredoto\u010deni, produktivni i uravnote\u017eeni tijekom cijelog dan.<\/p>\n<\/p><\/div>\n","protected":false},"featured_media":4775,"comment_status":"open","ping_status":"closed","template":"","meta":[],"product_brand":[],"product_cat":[689],"product_tag":[],"class_list":{"0":"post-4761","1":"product","2":"type-product","3":"status-publish","4":"has-post-thumbnail","6":"product_cat-kupi-cvijet-konoplje","8":"first","9":"instock","10":"shipping-taxable","11":"purchasable","12":"product-type-variable","13":"has-default-attributes"},"yoast_head":"<!-- This site is optimized with the Yoast SEO plugin v27.3 - https:\/\/yoast.com\/product\/yoast-seo-wordpress\/ -->\n<title>Kupite Sour Diesel CBD cvijet konoplje online - Najbolji najbolji svjetski lijekovi<\/title>\n<meta name=\"description\" content=\"Kupite Sour Diesel CBD cvijet UK, Europe energiziraju\u0107i je soj s dominantnom Sativom koji \u0107e vam pomo\u0107i da ostanete usredoto\u010deni, produktivni i uravnote\u017eeni tijekom dana.\" \/>\n<meta name=\"robots\" content=\"index, follow, max-snippet:-1, max-image-preview:large, max-video-preview:-1\" \/>\n<link rel=\"canonical\" href=\"https:\/\/medicinasinc.com\/hr\/product\/kupiti-kiselo-dizel-cbd-konopljini-cvijet-online\/\" \/>\n<meta property=\"og:locale\" content=\"hr_HR\" \/>\n<meta property=\"og:type\" content=\"article\" \/>\n<meta property=\"og:title\" content=\"Kupite Sour Diesel CBD cvijet konoplje online - Najbolji najbolji svjetski lijekovi\" \/>\n<meta property=\"og:description\" content=\"Kupite Sour Diesel CBD cvijet UK, Europe energiziraju\u0107i je soj s dominantnom Sativom koji \u0107e vam pomo\u0107i da ostanete usredoto\u010deni, produktivni i uravnote\u017eeni tijekom dana.\" \/>\n<meta property=\"og:url\" content=\"https:\/\/medicinasinc.com\/hr\/product\/kupiti-kiselo-dizel-cbd-konopljini-cvijet-online\/\" \/>\n<meta property=\"og:site_name\" content=\"Medicinas Inc\" \/>\n<meta property=\"article:modified_time\" content=\"2022-03-15T06:05:53+00:00\" \/>\n<meta property=\"og:image\" content=\"https:\/\/medicinasinc.com\/hr\/wp-content\/uploads\/sites\/3\/2022\/02\/Buy-Sour-Diesel-CBD-Hemp-Flower-Online.jpg\" \/>\n\t<meta property=\"og:image:width\" content=\"600\" \/>\n\t<meta property=\"og:image:height\" content=\"600\" \/>\n\t<meta property=\"og:image:type\" content=\"image\/jpeg\" \/>\n<meta name=\"twitter:card\" content=\"summary_large_image\" \/>\n<meta name=\"twitter:label1\" content=\"Procijenjeno vrijeme \u010ditanja\" \/>\n\t<meta name=\"twitter:data1\" content=\"5 minuta\" \/>\n<script type=\"application\/ld+json\" class=\"yoast-schema-graph\">{\"@context\":\"https:\\\/\\\/schema.org\",\"@graph\":[{\"@type\":\"WebPage\",\"@id\":\"https:\\\/\\\/medicinasinc.com\\\/hr\\\/product\\\/kupiti-kiselo-dizel-cbd-konopljini-cvijet-online\\\/\",\"url\":\"https:\\\/\\\/medicinasinc.com\\\/hr\\\/product\\\/kupiti-kiselo-dizel-cbd-konopljini-cvijet-online\\\/\",\"name\":\"Kupite Sour Diesel CBD cvijet konoplje online - Najbolji najbolji svjetski lijekovi\",\"isPartOf\":{\"@id\":\"https:\\\/\\\/medicinasinc.com\\\/hr\\\/#website\"},\"primaryImageOfPage\":{\"@id\":\"https:\\\/\\\/medicinasinc.com\\\/hr\\\/product\\\/kupiti-kiselo-dizel-cbd-konopljini-cvijet-online\\\/#primaryimage\"},\"image\":{\"@id\":\"https:\\\/\\\/medicinasinc.com\\\/hr\\\/product\\\/kupiti-kiselo-dizel-cbd-konopljini-cvijet-online\\\/#primaryimage\"},\"thumbnailUrl\":\"https:\\\/\\\/medicinasinc.com\\\/hr\\\/wp-content\\\/uploads\\\/sites\\\/3\\\/2022\\\/02\\\/Buy-Sour-Diesel-CBD-Hemp-Flower-Online.jpg\",\"datePublished\":\"2022-02-20T15:41:01+00:00\",\"dateModified\":\"2022-03-15T06:05:53+00:00\",\"description\":\"Kupite Sour Diesel CBD cvijet UK, Europe energiziraju\u0107i je soj s dominantnom Sativom koji \u0107e vam pomo\u0107i da ostanete usredoto\u010deni, produktivni i uravnote\u017eeni tijekom dana.\",\"breadcrumb\":{\"@id\":\"https:\\\/\\\/medicinasinc.com\\\/hr\\\/product\\\/kupiti-kiselo-dizel-cbd-konopljini-cvijet-online\\\/#breadcrumb\"},\"inLanguage\":\"hr\",\"potentialAction\":[{\"@type\":\"ReadAction\",\"target\":[\"https:\\\/\\\/medicinasinc.com\\\/hr\\\/product\\\/kupiti-kiselo-dizel-cbd-konopljini-cvijet-online\\\/\"]}]},{\"@type\":\"ImageObject\",\"inLanguage\":\"hr\",\"@id\":\"https:\\\/\\\/medicinasinc.com\\\/hr\\\/product\\\/kupiti-kiselo-dizel-cbd-konopljini-cvijet-online\\\/#primaryimage\",\"url\":\"https:\\\/\\\/medicinasinc.com\\\/hr\\\/wp-content\\\/uploads\\\/sites\\\/3\\\/2022\\\/02\\\/Buy-Sour-Diesel-CBD-Hemp-Flower-Online.jpg\",\"contentUrl\":\"https:\\\/\\\/medicinasinc.com\\\/hr\\\/wp-content\\\/uploads\\\/sites\\\/3\\\/2022\\\/02\\\/Buy-Sour-Diesel-CBD-Hemp-Flower-Online.jpg\",\"width\":600,\"height\":600},{\"@type\":\"BreadcrumbList\",\"@id\":\"https:\\\/\\\/medicinasinc.com\\\/hr\\\/product\\\/kupiti-kiselo-dizel-cbd-konopljini-cvijet-online\\\/#breadcrumb\",\"itemListElement\":[{\"@type\":\"ListItem\",\"position\":1,\"name\":\"Du\u0107an\",\"item\":\"https:\\\/\\\/medicinasinc.com\\\/hr\\\/ducan\\\/\"},{\"@type\":\"ListItem\",\"position\":2,\"name\":\"Kupite Sour Diesel CBD cvijet konoplje online\"}]},{\"@type\":\"WebSite\",\"@id\":\"https:\\\/\\\/medicinasinc.com\\\/hr\\\/#website\",\"url\":\"https:\\\/\\\/medicinasinc.com\\\/hr\\\/\",\"name\":\"Medicinas Inc\",\"description\":\"Health Medical Clinic\",\"potentialAction\":[{\"@type\":\"SearchAction\",\"target\":{\"@type\":\"EntryPoint\",\"urlTemplate\":\"https:\\\/\\\/medicinasinc.com\\\/hr\\\/?s={search_term_string}\"},\"query-input\":{\"@type\":\"PropertyValueSpecification\",\"valueRequired\":true,\"valueName\":\"search_term_string\"}}],\"inLanguage\":\"hr\"}]}<\/script>\n<!-- \/ Yoast SEO plugin. -->","yoast_head_json":{"title":"Kupite Sour Diesel CBD cvijet konoplje online - Najbolji najbolji svjetski lijekovi","description":"Kupite Sour Diesel CBD cvijet UK, Europe energiziraju\u0107i je soj s dominantnom Sativom koji \u0107e vam pomo\u0107i da ostanete usredoto\u010deni, produktivni i uravnote\u017eeni tijekom dana.","robots":{"index":"index","follow":"follow","max-snippet":"max-snippet:-1","max-image-preview":"max-image-preview:large","max-video-preview":"max-video-preview:-1"},"canonical":"https:\/\/medicinasinc.com\/hr\/product\/kupiti-kiselo-dizel-cbd-konopljini-cvijet-online\/","og_locale":"hr_HR","og_type":"article","og_title":"Kupite Sour Diesel CBD cvijet konoplje online - Najbolji najbolji svjetski lijekovi","og_description":"Kupite Sour Diesel CBD cvijet UK, Europe energiziraju\u0107i je soj s dominantnom Sativom koji \u0107e vam pomo\u0107i da ostanete usredoto\u010deni, produktivni i uravnote\u017eeni tijekom dana.","og_url":"https:\/\/medicinasinc.com\/hr\/product\/kupiti-kiselo-dizel-cbd-konopljini-cvijet-online\/","og_site_name":"Medicinas Inc","article_modified_time":"2022-03-15T06:05:53+00:00","og_image":[{"width":600,"height":600,"url":"https:\/\/medicinasinc.com\/hr\/wp-content\/uploads\/sites\/3\/2022\/02\/Buy-Sour-Diesel-CBD-Hemp-Flower-Online.jpg","type":"image\/jpeg"}],"twitter_card":"summary_large_image","twitter_misc":{"Procijenjeno vrijeme \u010ditanja":"5 minuta"},"schema":{"@context":"https:\/\/schema.org","@graph":[{"@type":"WebPage","@id":"https:\/\/medicinasinc.com\/hr\/product\/kupiti-kiselo-dizel-cbd-konopljini-cvijet-online\/","url":"https:\/\/medicinasinc.com\/hr\/product\/kupiti-kiselo-dizel-cbd-konopljini-cvijet-online\/","name":"Kupite Sour Diesel CBD cvijet konoplje online - Najbolji najbolji svjetski lijekovi","isPartOf":{"@id":"https:\/\/medicinasinc.com\/hr\/#website"},"primaryImageOfPage":{"@id":"https:\/\/medicinasinc.com\/hr\/product\/kupiti-kiselo-dizel-cbd-konopljini-cvijet-online\/#primaryimage"},"image":{"@id":"https:\/\/medicinasinc.com\/hr\/product\/kupiti-kiselo-dizel-cbd-konopljini-cvijet-online\/#primaryimage"},"thumbnailUrl":"https:\/\/medicinasinc.com\/hr\/wp-content\/uploads\/sites\/3\/2022\/02\/Buy-Sour-Diesel-CBD-Hemp-Flower-Online.jpg","datePublished":"2022-02-20T15:41:01+00:00","dateModified":"2022-03-15T06:05:53+00:00","description":"Kupite Sour Diesel CBD cvijet UK, Europe energiziraju\u0107i je soj s dominantnom Sativom koji \u0107e vam pomo\u0107i da ostanete usredoto\u010deni, produktivni i uravnote\u017eeni tijekom dana.","breadcrumb":{"@id":"https:\/\/medicinasinc.com\/hr\/product\/kupiti-kiselo-dizel-cbd-konopljini-cvijet-online\/#breadcrumb"},"inLanguage":"hr","potentialAction":[{"@type":"ReadAction","target":["https:\/\/medicinasinc.com\/hr\/product\/kupiti-kiselo-dizel-cbd-konopljini-cvijet-online\/"]}]},{"@type":"ImageObject","inLanguage":"hr","@id":"https:\/\/medicinasinc.com\/hr\/product\/kupiti-kiselo-dizel-cbd-konopljini-cvijet-online\/#primaryimage","url":"https:\/\/medicinasinc.com\/hr\/wp-content\/uploads\/sites\/3\/2022\/02\/Buy-Sour-Diesel-CBD-Hemp-Flower-Online.jpg","contentUrl":"https:\/\/medicinasinc.com\/hr\/wp-content\/uploads\/sites\/3\/2022\/02\/Buy-Sour-Diesel-CBD-Hemp-Flower-Online.jpg","width":600,"height":600},{"@type":"BreadcrumbList","@id":"https:\/\/medicinasinc.com\/hr\/product\/kupiti-kiselo-dizel-cbd-konopljini-cvijet-online\/#breadcrumb","itemListElement":[{"@type":"ListItem","position":1,"name":"Du\u0107an","item":"https:\/\/medicinasinc.com\/hr\/ducan\/"},{"@type":"ListItem","position":2,"name":"Kupite Sour Diesel CBD cvijet konoplje online"}]},{"@type":"WebSite","@id":"https:\/\/medicinasinc.com\/hr\/#website","url":"https:\/\/medicinasinc.com\/hr\/","name":"Medicinas Inc","description":"Health Medical Clinic","potentialAction":[{"@type":"SearchAction","target":{"@type":"EntryPoint","urlTemplate":"https:\/\/medicinasinc.com\/hr\/?s={search_term_string}"},"query-input":{"@type":"PropertyValueSpecification","valueRequired":true,"valueName":"search_term_string"}}],"inLanguage":"hr"}]}},"_links":{"self":[{"href":"https:\/\/medicinasinc.com\/hr\/wp-json\/wp\/v2\/product\/4761","targetHints":{"allow":["GET"]}}],"collection":[{"href":"https:\/\/medicinasinc.com\/hr\/wp-json\/wp\/v2\/product"}],"about":[{"href":"https:\/\/medicinasinc.com\/hr\/wp-json\/wp\/v2\/types\/product"}],"replies":[{"embeddable":true,"href":"https:\/\/medicinasinc.com\/hr\/wp-json\/wp\/v2\/comments?post=4761"}],"wp:featuredmedia":[{"embeddable":true,"href":"https:\/\/medicinasinc.com\/hr\/wp-json\/wp\/v2\/media\/4775"}],"wp:attachment":[{"href":"https:\/\/medicinasinc.com\/hr\/wp-json\/wp\/v2\/media?parent=4761"}],"wp:term":[{"taxonomy":"product_brand","embeddable":true,"href":"https:\/\/medicinasinc.com\/hr\/wp-json\/wp\/v2\/product_brand?post=4761"},{"taxonomy":"product_cat","embeddable":true,"href":"https:\/\/medicinasinc.com\/hr\/wp-json\/wp\/v2\/product_cat?post=4761"},{"taxonomy":"product_tag","embeddable":true,"href":"https:\/\/medicinasinc.com\/hr\/wp-json\/wp\/v2\/product_tag?post=4761"}],"curies":[{"name":"wp","href":"https:\/\/api.w.org\/{rel}","templated":true}]}}