{"id":4759,"date":"2022-02-20T15:39:59","date_gmt":"2022-02-20T15:39:59","guid":{"rendered":"https:\/\/medicinasinc.com\/hr\/?post_type=product&#038;p=4759"},"modified":"2022-03-15T06:06:02","modified_gmt":"2022-03-15T06:06:02","slug":"kupi-suzy-q-cbd-cvijet-konoplje","status":"publish","type":"product","link":"https:\/\/medicinasinc.com\/hr\/product\/kupi-suzy-q-cbd-cvijet-konoplje\/","title":{"rendered":"Kupite Suzy Q CBD cvijet konoplje"},"content":{"rendered":"<p>Suzy Q je srednje gust, maslinastozelen soj s tamnim dla\u010dicama boje jantara. Preporu\u010da se za ljubitelje kanabisa koji tra\u017ee bistrinu, podi\u017eu\u0107i u\u010dinak. Robusni okus ovog soja karakteriziraju drvene note i da\u0161ak za\u010dina. Suzy Q je dobro poznata po svojoj slatkoj, zemljanoj aromi i terpenskom profilu bora, za\u010dinskih terpena.<\/p>\n<p>Ravnomjerno uravnote\u017een hibrid sadr\u017ei 50% sative (stimulativniji soj) i 50% indica (opu\u0161taju\u0107i soj), \u0161to rezultira sinergijskim u\u010dinkom. Zbog relativno visokog sadr\u017eaja CBD-a, izvrstan je izbor za one koji tra\u017ee umiruju\u0107e iskustvo. Op\u0107enito se smatra jednim od najsmiruju\u0107ih sojeva dostupnih.<\/p>\n<p>Suzy Q sadr\u017ei visoku koncentraciju CBD-a i samo trag THC-a, znatno ispod zakonske granice za konoplju. Ovaj omjer ukazuje na to da biste trebali o\u010dekivati \u200b\u200bblago poticajno iskustvo.<\/p>\n<p>Osiguravanje kvalitete cvije\u0107a konoplje od farme do prodaje<\/p>\n<p>Cvjetovi konoplje Suzy Q uzgajaju se na slikovitoj farmi od 100 hektara u sjevernoj Kaliforniji. Idili\u010dna klima sjeverne Kalifornije stvara iluziju beskrajnog ljeta, a ti suhi, svijetli dani rezultiraju velikim usjevima rasko\u0161nog cvije\u0107a bez plijesni ili pepelnice.<\/p>\n<p>Na\u0161a farma je certificirana organska, \u0161to zna\u010di da nema kemikalija. koriste se gnojiva ili pesticidi. Jako se brinemo da osiguramo odgovaraju\u0107u permakulturu \u2014 uzgoj samoodr\u017eivog i samodostatnog poljoprivrednog ekosustava. Jedan od na\u010dina na koji to \u010dinimo je prihrana hrane koja tjera korijenje da radi ja\u010de kako bi promicalo zdravo okru\u017eenje tla pogodno za rast biljaka.<\/p>\n<p>Kada na\u0161e biljke konoplje dostignu svoj puni potencijal, objese se naopa\u010dke. osu\u0161iti, zatim osu\u0161iti i ru\u010dno obrezati. Kanabis je izuzetno nje\u017ena biljka. \u010cak i manje gre\u0161ke tijekom uzgoja ili berbe mogu brzo naru\u0161iti kvalitetu pupova. Zahtijevamo potpunu transparentnost i kontrolu kvalitete&#8230;a trebali biste i vi. Od cvjetova konoplje nije potrebno ni\u0161ta manje.<\/p>\n<p>Na\u0161 CBD cvijet konoplje pro\u0161ao je neovisno testiranje<\/p>\n<p>Svaki usjev testiran je na \u010disto\u0107u i potentnost u DEA registriranom, ISO 17025 akreditiranom, AHCA -akreditiran i CLIA-akreditiran neovisni laboratorij. Ispitivanje na cijelom panelu ispituje sljede\u0107e:<\/p>\n<p>CBD, THC i druge kanabinoide potentnosti.<br \/> Metali lurd (olovo, \u017eiva, arsen, kadmij).<br \/> Bakterije kao \u0161to su E. coli, kao i drugi patogeni<br \/> Zaga\u0111iva\u010di kao \u0161to su mikotoksini.<\/p>\n<p>Svaka narud\u017eba dolazi s potvrdom o analizi, koja osigurava da uvijek to\u010dno znate \u0161to dobivate kada kupite Cvijet polumjeseca .<\/p>\n","protected":false},"excerpt":{"rendered":"<p>Suzy Q CBD cvijet konoplje punog spektra cvijet konoplje &#8211; Kupite Suzy Q CBD cvijet konoplje punog spektra cvijeta konoplje. Suzy Q je soj s visokim udjelom CBD-a i niskim sadr\u017eajem THC-a s okusom borovine koji poma\u017ee u lije\u010denju simptoma, a pritom izaziva malo ili nimalo euforije.<\/p>\n<p>Suzy Q je soj s visokim udjelom CBD-a i niskim sadr\u017eajem THC-a i s malom koli\u010dinom THC-a. okus borovine koja poma\u017ee u lije\u010denju simptoma s malo ili bez psihoaktivnog u\u010dinka. Ovo je izvrstan soj za dodavanje CBD obitelji.<br \/> Cbd: 15% \u2013 17%<\/p>\n<p>0,2 posto thc<\/p>\n","protected":false},"featured_media":4773,"comment_status":"open","ping_status":"closed","template":"","meta":[],"product_brand":[],"product_cat":[689],"product_tag":[],"class_list":{"0":"post-4759","1":"product","2":"type-product","3":"status-publish","4":"has-post-thumbnail","6":"product_cat-kupi-cvijet-konoplje","8":"first","9":"instock","10":"shipping-taxable","11":"purchasable","12":"product-type-variable","13":"has-default-attributes"},"yoast_head":"<!-- This site is optimized with the Yoast SEO plugin v27.3 - https:\/\/yoast.com\/product\/yoast-seo-wordpress\/ -->\n<title>Kupite Suzy Q CBD cvijet konoplje - najbolji najbolji svjetski lijekovi<\/title>\n<meta name=\"description\" content=\"Kupite Suzy Q CBD cvijet konoplje punog spektra cvijeta konoplje. Suzy Q je soj s visokim udjelom CBD-a i niskim sadr\u017eajem THC-a s okusom borovine koja poma\u017ee u lije\u010denju simptoma s malo ili bez euforije.\" \/>\n<meta name=\"robots\" content=\"index, follow, max-snippet:-1, max-image-preview:large, max-video-preview:-1\" \/>\n<link rel=\"canonical\" href=\"https:\/\/medicinasinc.com\/hr\/product\/kupi-suzy-q-cbd-cvijet-konoplje\/\" \/>\n<meta property=\"og:locale\" content=\"hr_HR\" \/>\n<meta property=\"og:type\" content=\"article\" \/>\n<meta property=\"og:title\" content=\"Kupite Suzy Q CBD cvijet konoplje - najbolji najbolji svjetski lijekovi\" \/>\n<meta property=\"og:description\" content=\"Kupite Suzy Q CBD cvijet konoplje punog spektra cvijeta konoplje. Suzy Q je soj s visokim udjelom CBD-a i niskim sadr\u017eajem THC-a s okusom borovine koja poma\u017ee u lije\u010denju simptoma s malo ili bez euforije.\" \/>\n<meta property=\"og:url\" content=\"https:\/\/medicinasinc.com\/hr\/product\/kupi-suzy-q-cbd-cvijet-konoplje\/\" \/>\n<meta property=\"og:site_name\" content=\"Medicinas Inc\" \/>\n<meta property=\"article:modified_time\" content=\"2022-03-15T06:06:02+00:00\" \/>\n<meta property=\"og:image\" content=\"https:\/\/medicinasinc.com\/hr\/wp-content\/uploads\/sites\/3\/2022\/02\/Buy-Suzy-Q-CBD-Hemp-Flower-Online.jpg\" \/>\n\t<meta property=\"og:image:width\" content=\"600\" \/>\n\t<meta property=\"og:image:height\" content=\"600\" \/>\n\t<meta property=\"og:image:type\" content=\"image\/jpeg\" \/>\n<meta name=\"twitter:card\" content=\"summary_large_image\" \/>\n<meta name=\"twitter:label1\" content=\"Procijenjeno vrijeme \u010ditanja\" \/>\n\t<meta name=\"twitter:data1\" content=\"2 minute\" \/>\n<script type=\"application\/ld+json\" class=\"yoast-schema-graph\">{\"@context\":\"https:\\\/\\\/schema.org\",\"@graph\":[{\"@type\":\"WebPage\",\"@id\":\"https:\\\/\\\/medicinasinc.com\\\/hr\\\/product\\\/kupi-suzy-q-cbd-cvijet-konoplje\\\/\",\"url\":\"https:\\\/\\\/medicinasinc.com\\\/hr\\\/product\\\/kupi-suzy-q-cbd-cvijet-konoplje\\\/\",\"name\":\"Kupite Suzy Q CBD cvijet konoplje - najbolji najbolji svjetski lijekovi\",\"isPartOf\":{\"@id\":\"https:\\\/\\\/medicinasinc.com\\\/hr\\\/#website\"},\"primaryImageOfPage\":{\"@id\":\"https:\\\/\\\/medicinasinc.com\\\/hr\\\/product\\\/kupi-suzy-q-cbd-cvijet-konoplje\\\/#primaryimage\"},\"image\":{\"@id\":\"https:\\\/\\\/medicinasinc.com\\\/hr\\\/product\\\/kupi-suzy-q-cbd-cvijet-konoplje\\\/#primaryimage\"},\"thumbnailUrl\":\"https:\\\/\\\/medicinasinc.com\\\/hr\\\/wp-content\\\/uploads\\\/sites\\\/3\\\/2022\\\/02\\\/Buy-Suzy-Q-CBD-Hemp-Flower-Online.jpg\",\"datePublished\":\"2022-02-20T15:39:59+00:00\",\"dateModified\":\"2022-03-15T06:06:02+00:00\",\"description\":\"Kupite Suzy Q CBD cvijet konoplje punog spektra cvijeta konoplje. Suzy Q je soj s visokim udjelom CBD-a i niskim sadr\u017eajem THC-a s okusom borovine koja poma\u017ee u lije\u010denju simptoma s malo ili bez euforije.\",\"breadcrumb\":{\"@id\":\"https:\\\/\\\/medicinasinc.com\\\/hr\\\/product\\\/kupi-suzy-q-cbd-cvijet-konoplje\\\/#breadcrumb\"},\"inLanguage\":\"hr\",\"potentialAction\":[{\"@type\":\"ReadAction\",\"target\":[\"https:\\\/\\\/medicinasinc.com\\\/hr\\\/product\\\/kupi-suzy-q-cbd-cvijet-konoplje\\\/\"]}]},{\"@type\":\"ImageObject\",\"inLanguage\":\"hr\",\"@id\":\"https:\\\/\\\/medicinasinc.com\\\/hr\\\/product\\\/kupi-suzy-q-cbd-cvijet-konoplje\\\/#primaryimage\",\"url\":\"https:\\\/\\\/medicinasinc.com\\\/hr\\\/wp-content\\\/uploads\\\/sites\\\/3\\\/2022\\\/02\\\/Buy-Suzy-Q-CBD-Hemp-Flower-Online.jpg\",\"contentUrl\":\"https:\\\/\\\/medicinasinc.com\\\/hr\\\/wp-content\\\/uploads\\\/sites\\\/3\\\/2022\\\/02\\\/Buy-Suzy-Q-CBD-Hemp-Flower-Online.jpg\",\"width\":600,\"height\":600},{\"@type\":\"BreadcrumbList\",\"@id\":\"https:\\\/\\\/medicinasinc.com\\\/hr\\\/product\\\/kupi-suzy-q-cbd-cvijet-konoplje\\\/#breadcrumb\",\"itemListElement\":[{\"@type\":\"ListItem\",\"position\":1,\"name\":\"Du\u0107an\",\"item\":\"https:\\\/\\\/medicinasinc.com\\\/hr\\\/ducan\\\/\"},{\"@type\":\"ListItem\",\"position\":2,\"name\":\"Kupite Suzy Q CBD cvijet konoplje\"}]},{\"@type\":\"WebSite\",\"@id\":\"https:\\\/\\\/medicinasinc.com\\\/hr\\\/#website\",\"url\":\"https:\\\/\\\/medicinasinc.com\\\/hr\\\/\",\"name\":\"Medicinas Inc\",\"description\":\"Health Medical Clinic\",\"potentialAction\":[{\"@type\":\"SearchAction\",\"target\":{\"@type\":\"EntryPoint\",\"urlTemplate\":\"https:\\\/\\\/medicinasinc.com\\\/hr\\\/?s={search_term_string}\"},\"query-input\":{\"@type\":\"PropertyValueSpecification\",\"valueRequired\":true,\"valueName\":\"search_term_string\"}}],\"inLanguage\":\"hr\"}]}<\/script>\n<!-- \/ Yoast SEO plugin. -->","yoast_head_json":{"title":"Kupite Suzy Q CBD cvijet konoplje - najbolji najbolji svjetski lijekovi","description":"Kupite Suzy Q CBD cvijet konoplje punog spektra cvijeta konoplje. Suzy Q je soj s visokim udjelom CBD-a i niskim sadr\u017eajem THC-a s okusom borovine koja poma\u017ee u lije\u010denju simptoma s malo ili bez euforije.","robots":{"index":"index","follow":"follow","max-snippet":"max-snippet:-1","max-image-preview":"max-image-preview:large","max-video-preview":"max-video-preview:-1"},"canonical":"https:\/\/medicinasinc.com\/hr\/product\/kupi-suzy-q-cbd-cvijet-konoplje\/","og_locale":"hr_HR","og_type":"article","og_title":"Kupite Suzy Q CBD cvijet konoplje - najbolji najbolji svjetski lijekovi","og_description":"Kupite Suzy Q CBD cvijet konoplje punog spektra cvijeta konoplje. Suzy Q je soj s visokim udjelom CBD-a i niskim sadr\u017eajem THC-a s okusom borovine koja poma\u017ee u lije\u010denju simptoma s malo ili bez euforije.","og_url":"https:\/\/medicinasinc.com\/hr\/product\/kupi-suzy-q-cbd-cvijet-konoplje\/","og_site_name":"Medicinas Inc","article_modified_time":"2022-03-15T06:06:02+00:00","og_image":[{"width":600,"height":600,"url":"https:\/\/medicinasinc.com\/hr\/wp-content\/uploads\/sites\/3\/2022\/02\/Buy-Suzy-Q-CBD-Hemp-Flower-Online.jpg","type":"image\/jpeg"}],"twitter_card":"summary_large_image","twitter_misc":{"Procijenjeno vrijeme \u010ditanja":"2 minute"},"schema":{"@context":"https:\/\/schema.org","@graph":[{"@type":"WebPage","@id":"https:\/\/medicinasinc.com\/hr\/product\/kupi-suzy-q-cbd-cvijet-konoplje\/","url":"https:\/\/medicinasinc.com\/hr\/product\/kupi-suzy-q-cbd-cvijet-konoplje\/","name":"Kupite Suzy Q CBD cvijet konoplje - najbolji najbolji svjetski lijekovi","isPartOf":{"@id":"https:\/\/medicinasinc.com\/hr\/#website"},"primaryImageOfPage":{"@id":"https:\/\/medicinasinc.com\/hr\/product\/kupi-suzy-q-cbd-cvijet-konoplje\/#primaryimage"},"image":{"@id":"https:\/\/medicinasinc.com\/hr\/product\/kupi-suzy-q-cbd-cvijet-konoplje\/#primaryimage"},"thumbnailUrl":"https:\/\/medicinasinc.com\/hr\/wp-content\/uploads\/sites\/3\/2022\/02\/Buy-Suzy-Q-CBD-Hemp-Flower-Online.jpg","datePublished":"2022-02-20T15:39:59+00:00","dateModified":"2022-03-15T06:06:02+00:00","description":"Kupite Suzy Q CBD cvijet konoplje punog spektra cvijeta konoplje. Suzy Q je soj s visokim udjelom CBD-a i niskim sadr\u017eajem THC-a s okusom borovine koja poma\u017ee u lije\u010denju simptoma s malo ili bez euforije.","breadcrumb":{"@id":"https:\/\/medicinasinc.com\/hr\/product\/kupi-suzy-q-cbd-cvijet-konoplje\/#breadcrumb"},"inLanguage":"hr","potentialAction":[{"@type":"ReadAction","target":["https:\/\/medicinasinc.com\/hr\/product\/kupi-suzy-q-cbd-cvijet-konoplje\/"]}]},{"@type":"ImageObject","inLanguage":"hr","@id":"https:\/\/medicinasinc.com\/hr\/product\/kupi-suzy-q-cbd-cvijet-konoplje\/#primaryimage","url":"https:\/\/medicinasinc.com\/hr\/wp-content\/uploads\/sites\/3\/2022\/02\/Buy-Suzy-Q-CBD-Hemp-Flower-Online.jpg","contentUrl":"https:\/\/medicinasinc.com\/hr\/wp-content\/uploads\/sites\/3\/2022\/02\/Buy-Suzy-Q-CBD-Hemp-Flower-Online.jpg","width":600,"height":600},{"@type":"BreadcrumbList","@id":"https:\/\/medicinasinc.com\/hr\/product\/kupi-suzy-q-cbd-cvijet-konoplje\/#breadcrumb","itemListElement":[{"@type":"ListItem","position":1,"name":"Du\u0107an","item":"https:\/\/medicinasinc.com\/hr\/ducan\/"},{"@type":"ListItem","position":2,"name":"Kupite Suzy Q CBD cvijet konoplje"}]},{"@type":"WebSite","@id":"https:\/\/medicinasinc.com\/hr\/#website","url":"https:\/\/medicinasinc.com\/hr\/","name":"Medicinas Inc","description":"Health Medical Clinic","potentialAction":[{"@type":"SearchAction","target":{"@type":"EntryPoint","urlTemplate":"https:\/\/medicinasinc.com\/hr\/?s={search_term_string}"},"query-input":{"@type":"PropertyValueSpecification","valueRequired":true,"valueName":"search_term_string"}}],"inLanguage":"hr"}]}},"_links":{"self":[{"href":"https:\/\/medicinasinc.com\/hr\/wp-json\/wp\/v2\/product\/4759","targetHints":{"allow":["GET"]}}],"collection":[{"href":"https:\/\/medicinasinc.com\/hr\/wp-json\/wp\/v2\/product"}],"about":[{"href":"https:\/\/medicinasinc.com\/hr\/wp-json\/wp\/v2\/types\/product"}],"replies":[{"embeddable":true,"href":"https:\/\/medicinasinc.com\/hr\/wp-json\/wp\/v2\/comments?post=4759"}],"wp:featuredmedia":[{"embeddable":true,"href":"https:\/\/medicinasinc.com\/hr\/wp-json\/wp\/v2\/media\/4773"}],"wp:attachment":[{"href":"https:\/\/medicinasinc.com\/hr\/wp-json\/wp\/v2\/media?parent=4759"}],"wp:term":[{"taxonomy":"product_brand","embeddable":true,"href":"https:\/\/medicinasinc.com\/hr\/wp-json\/wp\/v2\/product_brand?post=4759"},{"taxonomy":"product_cat","embeddable":true,"href":"https:\/\/medicinasinc.com\/hr\/wp-json\/wp\/v2\/product_cat?post=4759"},{"taxonomy":"product_tag","embeddable":true,"href":"https:\/\/medicinasinc.com\/hr\/wp-json\/wp\/v2\/product_tag?post=4759"}],"curies":[{"name":"wp","href":"https:\/\/api.w.org\/{rel}","templated":true}]}}