{"id":4733,"date":"2022-02-20T15:18:37","date_gmt":"2022-02-20T15:18:37","guid":{"rendered":"https:\/\/medicinasinc.com\/hr\/?post_type=product&#038;p=4733"},"modified":"2022-03-15T06:06:38","modified_gmt":"2022-03-15T06:06:38","slug":"kupi-ruzicasti-kus-has","status":"publish","type":"product","link":"https:\/\/medicinasinc.com\/hr\/product\/kupi-ruzicasti-kus-has\/","title":{"rendered":"Kupite Pink Kush Hash"},"content":{"rendered":"<p>Online kupnja Pink Kush Hasha<\/p>\n<p>Prije nego \u0161to kupite legalni hash online, klju\u010dno je razumjeti \u0161to je to, u kakvom je odnosu s kanabisom i \u0161to ga razlikuje od ostalih proizvoda od korova. Ha\u0161, drugi izraz za &#8220;ha\u0161i\u0161&#8221;, je koncentrat kanabisa koji se prenosi preko smole biljke marihuane. To se posti\u017ee odvajanjem organa soka biljke kanabisa, koji se zajedni\u010dki nazivaju trihomi, od njezinih cvjetova. Poznato je da ovi trihomi sadr\u017ee najve\u0107e koncentracije kanabinoida i terpena, kemijskih spojeva odgovornih za Maryjaneina jedinstvena svojstva i karakteristike. Zbog visoke koncentracije kanabinoida i terpena u ha\u0161i\u0161u, posjeduje izniman kapacitet za stvaranje zapanjuju\u0107ih psihoaktivnih i medicinskih susreta za korisnike kanabisa. Hash ulje je visoko koncentrirani oblik kanabisa koji se mo\u017ee pu\u0161iti, ispariti, konzumirati ili nanositi na ko\u017eu. Povremeno se kori\u0161tenje ha\u0161i\u0161 ulja naziva &#8220;dohva\u0107anjem&#8221; ili &#8220;konzumacijom&#8221;. Hash ulje se dobiva iz biljaka kanabisa i sadr\u017ei THC (delta-9-tetrahidrokanabinol), isti revolucionarni spoj koji se nalazi u drugim Maryjane proizvodima.<\/p>\n<p>U svakom slu\u010daju, ha\u0161ino ulje je sna\u017enije, sadr\u017ei do 90% sadr\u017eaja. \u010disti THC. Naravno, u drugim dijelovima biljke kanabisa tipi\u010dna koncentracija THC-a je oko 12%. Pouzdano<\/p>\n<p>Ekstrakcija CO2 trenutno je naju\u010dinkovitija metoda ekstrakcije THC ulja. Osim toga, to je naj\u010de\u0161\u0107a i najsigurnija metoda za proizvodnju ulja od kanabisa, destilata i kamiona za \u017eive gume. Razlog za\u0161to je toliko rasprostranjen ovih dana je taj \u0161to ovo THC ulje ne sadr\u017ei dodatna otapala kao \u0161to su teku\u0107ina ili butan.<\/p>\n<p>Ve\u0107ina THC ulja sadr\u017ei vrstu smanjene spremnosti. To je potrebno kako bi se osiguralo da ulje zadr\u017ei idealnu konzistenciju za vaping. Naju\u010dinkovitija redukcijska sredstva su biljni glicerin i propilen glikol (VG i PG), koji se obi\u010dno nalaze u konvencionalnim e-teku\u0107inama. Neki sadr\u017ee razli\u010dita punila, kao \u0161to je PEG, a zna\u010dajno u novije vrijeme, TEC Temper, \u0161to je jo\u0161 jedno stanje koje proizlazi iz konvencionalnih terpena. Hash ulje je dostupno za kupnju.<\/p>\n","protected":false},"excerpt":{"rendered":"<p>Kupite Pink Kush Hash za prodaju u Velikoj Britaniji, Europi online. Pink Kush, jednako po\u017eeljan kao i njegov srodnik OG Kush, hibrid je dominantan indica sa sna\u017enim efektima usmjerenim na tijelo. Naru\u010dite online ODMAH!<\/p>\n<ul>\n<li>Dostava po cijelom svijetu<\/li>\n<li>Kontaktirajte nas za ve\u0107e narud\u017ebe<\/li>\n<\/ul>\n","protected":false},"featured_media":4745,"comment_status":"open","ping_status":"closed","template":"","meta":[],"product_brand":[],"product_cat":[610],"product_tag":[],"class_list":{"0":"post-4733","1":"product","2":"type-product","3":"status-publish","4":"has-post-thumbnail","6":"product_cat-kupi-hash-hashish","8":"first","9":"instock","10":"shipping-taxable","11":"purchasable","12":"product-type-variable","13":"has-default-attributes"},"yoast_head":"<!-- This site is optimized with the Yoast SEO plugin v27.3 - https:\/\/yoast.com\/product\/yoast-seo-wordpress\/ -->\n<title>Kupite Pink Kush Hash online - najbolji najbolji svjetski lijekovi<\/title>\n<meta name=\"description\" content=\"Kupite Pink Kush Hash za prodaju UK, Europa online. Pink Kush, jednako po\u017eeljan kao i njegov srodnik OG Kush, hibrid je dominantan indica sa sna\u017enim efektima usmjerenim na tijelo. Naru\u010dite online ODMAH!\" \/>\n<meta name=\"robots\" content=\"index, follow, max-snippet:-1, max-image-preview:large, max-video-preview:-1\" \/>\n<link rel=\"canonical\" href=\"https:\/\/medicinasinc.com\/hr\/product\/kupi-ruzicasti-kus-has\/\" \/>\n<meta property=\"og:locale\" content=\"hr_HR\" \/>\n<meta property=\"og:type\" content=\"article\" \/>\n<meta property=\"og:title\" content=\"Kupite Pink Kush Hash online - najbolji najbolji svjetski lijekovi\" \/>\n<meta property=\"og:description\" content=\"Kupite Pink Kush Hash za prodaju UK, Europa online. Pink Kush, jednako po\u017eeljan kao i njegov srodnik OG Kush, hibrid je dominantan indica sa sna\u017enim efektima usmjerenim na tijelo. Naru\u010dite online ODMAH!\" \/>\n<meta property=\"og:url\" content=\"https:\/\/medicinasinc.com\/hr\/product\/kupi-ruzicasti-kus-has\/\" \/>\n<meta property=\"og:site_name\" content=\"Medicinas Inc\" \/>\n<meta property=\"article:modified_time\" content=\"2022-03-15T06:06:38+00:00\" \/>\n<meta property=\"og:image\" content=\"https:\/\/medicinasinc.com\/hr\/wp-content\/uploads\/sites\/3\/2022\/02\/buy-pink-kush-hash.jpg\" \/>\n\t<meta property=\"og:image:width\" content=\"600\" \/>\n\t<meta property=\"og:image:height\" content=\"600\" \/>\n\t<meta property=\"og:image:type\" content=\"image\/jpeg\" \/>\n<meta name=\"twitter:card\" content=\"summary_large_image\" \/>\n<meta name=\"twitter:label1\" content=\"Procijenjeno vrijeme \u010ditanja\" \/>\n\t<meta name=\"twitter:data1\" content=\"2 minute\" \/>\n<script type=\"application\/ld+json\" class=\"yoast-schema-graph\">{\"@context\":\"https:\\\/\\\/schema.org\",\"@graph\":[{\"@type\":\"WebPage\",\"@id\":\"https:\\\/\\\/medicinasinc.com\\\/hr\\\/product\\\/kupi-ruzicasti-kus-has\\\/\",\"url\":\"https:\\\/\\\/medicinasinc.com\\\/hr\\\/product\\\/kupi-ruzicasti-kus-has\\\/\",\"name\":\"Kupite Pink Kush Hash online - najbolji najbolji svjetski lijekovi\",\"isPartOf\":{\"@id\":\"https:\\\/\\\/medicinasinc.com\\\/hr\\\/#website\"},\"primaryImageOfPage\":{\"@id\":\"https:\\\/\\\/medicinasinc.com\\\/hr\\\/product\\\/kupi-ruzicasti-kus-has\\\/#primaryimage\"},\"image\":{\"@id\":\"https:\\\/\\\/medicinasinc.com\\\/hr\\\/product\\\/kupi-ruzicasti-kus-has\\\/#primaryimage\"},\"thumbnailUrl\":\"https:\\\/\\\/medicinasinc.com\\\/hr\\\/wp-content\\\/uploads\\\/sites\\\/3\\\/2022\\\/02\\\/buy-pink-kush-hash.jpg\",\"datePublished\":\"2022-02-20T15:18:37+00:00\",\"dateModified\":\"2022-03-15T06:06:38+00:00\",\"description\":\"Kupite Pink Kush Hash za prodaju UK, Europa online. Pink Kush, jednako po\u017eeljan kao i njegov srodnik OG Kush, hibrid je dominantan indica sa sna\u017enim efektima usmjerenim na tijelo. Naru\u010dite online ODMAH!\",\"breadcrumb\":{\"@id\":\"https:\\\/\\\/medicinasinc.com\\\/hr\\\/product\\\/kupi-ruzicasti-kus-has\\\/#breadcrumb\"},\"inLanguage\":\"hr\",\"potentialAction\":[{\"@type\":\"ReadAction\",\"target\":[\"https:\\\/\\\/medicinasinc.com\\\/hr\\\/product\\\/kupi-ruzicasti-kus-has\\\/\"]}]},{\"@type\":\"ImageObject\",\"inLanguage\":\"hr\",\"@id\":\"https:\\\/\\\/medicinasinc.com\\\/hr\\\/product\\\/kupi-ruzicasti-kus-has\\\/#primaryimage\",\"url\":\"https:\\\/\\\/medicinasinc.com\\\/hr\\\/wp-content\\\/uploads\\\/sites\\\/3\\\/2022\\\/02\\\/buy-pink-kush-hash.jpg\",\"contentUrl\":\"https:\\\/\\\/medicinasinc.com\\\/hr\\\/wp-content\\\/uploads\\\/sites\\\/3\\\/2022\\\/02\\\/buy-pink-kush-hash.jpg\",\"width\":600,\"height\":600},{\"@type\":\"BreadcrumbList\",\"@id\":\"https:\\\/\\\/medicinasinc.com\\\/hr\\\/product\\\/kupi-ruzicasti-kus-has\\\/#breadcrumb\",\"itemListElement\":[{\"@type\":\"ListItem\",\"position\":1,\"name\":\"Du\u0107an\",\"item\":\"https:\\\/\\\/medicinasinc.com\\\/hr\\\/ducan\\\/\"},{\"@type\":\"ListItem\",\"position\":2,\"name\":\"Kupite Pink Kush Hash\"}]},{\"@type\":\"WebSite\",\"@id\":\"https:\\\/\\\/medicinasinc.com\\\/hr\\\/#website\",\"url\":\"https:\\\/\\\/medicinasinc.com\\\/hr\\\/\",\"name\":\"Medicinas Inc\",\"description\":\"Health Medical Clinic\",\"potentialAction\":[{\"@type\":\"SearchAction\",\"target\":{\"@type\":\"EntryPoint\",\"urlTemplate\":\"https:\\\/\\\/medicinasinc.com\\\/hr\\\/?s={search_term_string}\"},\"query-input\":{\"@type\":\"PropertyValueSpecification\",\"valueRequired\":true,\"valueName\":\"search_term_string\"}}],\"inLanguage\":\"hr\"}]}<\/script>\n<!-- \/ Yoast SEO plugin. -->","yoast_head_json":{"title":"Kupite Pink Kush Hash online - najbolji najbolji svjetski lijekovi","description":"Kupite Pink Kush Hash za prodaju UK, Europa online. Pink Kush, jednako po\u017eeljan kao i njegov srodnik OG Kush, hibrid je dominantan indica sa sna\u017enim efektima usmjerenim na tijelo. Naru\u010dite online ODMAH!","robots":{"index":"index","follow":"follow","max-snippet":"max-snippet:-1","max-image-preview":"max-image-preview:large","max-video-preview":"max-video-preview:-1"},"canonical":"https:\/\/medicinasinc.com\/hr\/product\/kupi-ruzicasti-kus-has\/","og_locale":"hr_HR","og_type":"article","og_title":"Kupite Pink Kush Hash online - najbolji najbolji svjetski lijekovi","og_description":"Kupite Pink Kush Hash za prodaju UK, Europa online. Pink Kush, jednako po\u017eeljan kao i njegov srodnik OG Kush, hibrid je dominantan indica sa sna\u017enim efektima usmjerenim na tijelo. Naru\u010dite online ODMAH!","og_url":"https:\/\/medicinasinc.com\/hr\/product\/kupi-ruzicasti-kus-has\/","og_site_name":"Medicinas Inc","article_modified_time":"2022-03-15T06:06:38+00:00","og_image":[{"width":600,"height":600,"url":"https:\/\/medicinasinc.com\/hr\/wp-content\/uploads\/sites\/3\/2022\/02\/buy-pink-kush-hash.jpg","type":"image\/jpeg"}],"twitter_card":"summary_large_image","twitter_misc":{"Procijenjeno vrijeme \u010ditanja":"2 minute"},"schema":{"@context":"https:\/\/schema.org","@graph":[{"@type":"WebPage","@id":"https:\/\/medicinasinc.com\/hr\/product\/kupi-ruzicasti-kus-has\/","url":"https:\/\/medicinasinc.com\/hr\/product\/kupi-ruzicasti-kus-has\/","name":"Kupite Pink Kush Hash online - najbolji najbolji svjetski lijekovi","isPartOf":{"@id":"https:\/\/medicinasinc.com\/hr\/#website"},"primaryImageOfPage":{"@id":"https:\/\/medicinasinc.com\/hr\/product\/kupi-ruzicasti-kus-has\/#primaryimage"},"image":{"@id":"https:\/\/medicinasinc.com\/hr\/product\/kupi-ruzicasti-kus-has\/#primaryimage"},"thumbnailUrl":"https:\/\/medicinasinc.com\/hr\/wp-content\/uploads\/sites\/3\/2022\/02\/buy-pink-kush-hash.jpg","datePublished":"2022-02-20T15:18:37+00:00","dateModified":"2022-03-15T06:06:38+00:00","description":"Kupite Pink Kush Hash za prodaju UK, Europa online. Pink Kush, jednako po\u017eeljan kao i njegov srodnik OG Kush, hibrid je dominantan indica sa sna\u017enim efektima usmjerenim na tijelo. Naru\u010dite online ODMAH!","breadcrumb":{"@id":"https:\/\/medicinasinc.com\/hr\/product\/kupi-ruzicasti-kus-has\/#breadcrumb"},"inLanguage":"hr","potentialAction":[{"@type":"ReadAction","target":["https:\/\/medicinasinc.com\/hr\/product\/kupi-ruzicasti-kus-has\/"]}]},{"@type":"ImageObject","inLanguage":"hr","@id":"https:\/\/medicinasinc.com\/hr\/product\/kupi-ruzicasti-kus-has\/#primaryimage","url":"https:\/\/medicinasinc.com\/hr\/wp-content\/uploads\/sites\/3\/2022\/02\/buy-pink-kush-hash.jpg","contentUrl":"https:\/\/medicinasinc.com\/hr\/wp-content\/uploads\/sites\/3\/2022\/02\/buy-pink-kush-hash.jpg","width":600,"height":600},{"@type":"BreadcrumbList","@id":"https:\/\/medicinasinc.com\/hr\/product\/kupi-ruzicasti-kus-has\/#breadcrumb","itemListElement":[{"@type":"ListItem","position":1,"name":"Du\u0107an","item":"https:\/\/medicinasinc.com\/hr\/ducan\/"},{"@type":"ListItem","position":2,"name":"Kupite Pink Kush Hash"}]},{"@type":"WebSite","@id":"https:\/\/medicinasinc.com\/hr\/#website","url":"https:\/\/medicinasinc.com\/hr\/","name":"Medicinas Inc","description":"Health Medical Clinic","potentialAction":[{"@type":"SearchAction","target":{"@type":"EntryPoint","urlTemplate":"https:\/\/medicinasinc.com\/hr\/?s={search_term_string}"},"query-input":{"@type":"PropertyValueSpecification","valueRequired":true,"valueName":"search_term_string"}}],"inLanguage":"hr"}]}},"_links":{"self":[{"href":"https:\/\/medicinasinc.com\/hr\/wp-json\/wp\/v2\/product\/4733","targetHints":{"allow":["GET"]}}],"collection":[{"href":"https:\/\/medicinasinc.com\/hr\/wp-json\/wp\/v2\/product"}],"about":[{"href":"https:\/\/medicinasinc.com\/hr\/wp-json\/wp\/v2\/types\/product"}],"replies":[{"embeddable":true,"href":"https:\/\/medicinasinc.com\/hr\/wp-json\/wp\/v2\/comments?post=4733"}],"wp:featuredmedia":[{"embeddable":true,"href":"https:\/\/medicinasinc.com\/hr\/wp-json\/wp\/v2\/media\/4745"}],"wp:attachment":[{"href":"https:\/\/medicinasinc.com\/hr\/wp-json\/wp\/v2\/media?parent=4733"}],"wp:term":[{"taxonomy":"product_brand","embeddable":true,"href":"https:\/\/medicinasinc.com\/hr\/wp-json\/wp\/v2\/product_brand?post=4733"},{"taxonomy":"product_cat","embeddable":true,"href":"https:\/\/medicinasinc.com\/hr\/wp-json\/wp\/v2\/product_cat?post=4733"},{"taxonomy":"product_tag","embeddable":true,"href":"https:\/\/medicinasinc.com\/hr\/wp-json\/wp\/v2\/product_tag?post=4733"}],"curies":[{"name":"wp","href":"https:\/\/api.w.org\/{rel}","templated":true}]}}