{"id":4717,"date":"2022-02-20T15:05:15","date_gmt":"2022-02-20T15:05:15","guid":{"rendered":"https:\/\/medicinasinc.com\/hr\/?post_type=product&#038;p=4717"},"modified":"2022-03-15T06:06:47","modified_gmt":"2022-03-15T06:06:47","slug":"kupiti-nepalski-stick-hash","status":"publish","type":"product","link":"https:\/\/medicinasinc.com\/hr\/product\/kupiti-nepalski-stick-hash\/","title":{"rendered":"Kupite nepalski \u0161tapi\u0107 Hash"},"content":{"rendered":"<p>Online kupnja nepalskog \u0161tapi\u0107a Hash<\/p>\n<p>Nepalski \u0161tapi\u0107 Hash priprema se na isti na\u010din kao i Temple Balls. Biljke kanabisa ih uzgajaju. Prvo se sakupljaju i beru pupoljci ili cvjetovi kanabisa. Protrljajte ove pupoljke izme\u0111u ruku kako biste izvukli smole ili trihome. Od dobivenih smola izra\u0111uju se Temple Balls. Kuglice sljepoo\u010dnice se zatim pritisnu na debelu, tvrdu policu ili plo\u010du.<\/p>\n<p>Nepalski \u0161tapi\u0107 crn je izvana, a sme\u0107kast iznutra. Sadr\u017ee gotovo 15-20% THC-a. Oni su visoko koncentrirani i za\u010dinjenog ili zasla\u0111enog okusa.<\/p>\n<p>U\u010dinci:<\/p>\n<p>U\u010dinci Stick Hasha obi\u010dno ovise o koncentraciji THC-a i smole. Oni imaju tendenciju podizanja va\u0161e tjelesne temperature i podizanja vas na opasno visoku razinu, \u010dak i u malim koli\u010dinama. Op\u0107enito je siguran za upotrebu i ima polu\u017eivot od 6-7 sati. Ovi Hash \u0161tapi\u0107i idealni su za one koji moraju ostati na visokom nivou dulje vrijeme.<\/p>\n<p>Kako koristiti:<\/p>\n<p>Nepalski Stick Hash je proizvod Nepala. Mogu se pu\u0161iti, uliti u lulu, ugraditi u jestive namirnice ili utapkati. Kada se Stick Hash koristi u jestivim namirnicama, potrebno je otprilike 1-2 sata da se aktivira i poka\u017ee efekte.<\/p>\n<p>Gdje mogu kupiti Nepalski Stick Hash na Internetu?<\/p>\n<p>Mo\u017eete kupiti. svje\u017ee pripremljeni Nepalski Stick Hash na na\u0161oj web stranici, nudimo vam visokokvalitetne i iznimno mo\u0107ne hash \u0161tapi\u0107e. Oni se proizvode na prirodan na\u010din u Nepalu. Mo\u017eete ih kupiti po razumnoj cijeni i brzo ih dobiti.<\/p>\n","protected":false},"excerpt":{"rendered":"<p>Buy Nepalese Stick Hash Online Nepalski se odnosi na bilo koju vrstu koja naivno raste u regiji Nepala. Naru\u010dite korov online, ove autohtone sorte.<\/p>\n","protected":false},"featured_media":4730,"comment_status":"open","ping_status":"closed","template":"","meta":[],"product_brand":[],"product_cat":[610],"product_tag":[],"class_list":{"0":"post-4717","1":"product","2":"type-product","3":"status-publish","4":"has-post-thumbnail","6":"product_cat-kupi-hash-hashish","8":"first","9":"instock","10":"shipping-taxable","11":"purchasable","12":"product-type-variable","13":"has-default-attributes"},"yoast_head":"<!-- This site is optimized with the Yoast SEO plugin v27.3 - https:\/\/yoast.com\/product\/yoast-seo-wordpress\/ -->\n<title>Kupite Nepalski Stick Hash - Najbolji najbolji svjetski lijekovi<\/title>\n<meta name=\"description\" content=\"Buy Nepalese Stick Hash Online Nepalski se odnosi na bilo koji soj koji naivno raste u regiji Nepala. Naru\u010dite korov online, ove autohtone sorte.\" \/>\n<meta name=\"robots\" content=\"index, follow, max-snippet:-1, max-image-preview:large, max-video-preview:-1\" \/>\n<link rel=\"canonical\" href=\"https:\/\/medicinasinc.com\/hr\/product\/kupiti-nepalski-stick-hash\/\" \/>\n<meta property=\"og:locale\" content=\"hr_HR\" \/>\n<meta property=\"og:type\" content=\"article\" \/>\n<meta property=\"og:title\" content=\"Kupite Nepalski Stick Hash - Najbolji najbolji svjetski lijekovi\" \/>\n<meta property=\"og:description\" content=\"Buy Nepalese Stick Hash Online Nepalski se odnosi na bilo koji soj koji naivno raste u regiji Nepala. Naru\u010dite korov online, ove autohtone sorte.\" \/>\n<meta property=\"og:url\" content=\"https:\/\/medicinasinc.com\/hr\/product\/kupiti-nepalski-stick-hash\/\" \/>\n<meta property=\"og:site_name\" content=\"Medicinas Inc\" \/>\n<meta property=\"article:modified_time\" content=\"2022-03-15T06:06:47+00:00\" \/>\n<meta property=\"og:image\" content=\"https:\/\/medicinasinc.com\/hr\/wp-content\/uploads\/sites\/3\/2022\/02\/Buy-Nepalese-Stick-Hash.jpg\" \/>\n\t<meta property=\"og:image:width\" content=\"600\" \/>\n\t<meta property=\"og:image:height\" content=\"600\" \/>\n\t<meta property=\"og:image:type\" content=\"image\/jpeg\" \/>\n<meta name=\"twitter:card\" content=\"summary_large_image\" \/>\n<meta name=\"twitter:label1\" content=\"Procijenjeno vrijeme \u010ditanja\" \/>\n\t<meta name=\"twitter:data1\" content=\"2 minute\" \/>\n<script type=\"application\/ld+json\" class=\"yoast-schema-graph\">{\"@context\":\"https:\\\/\\\/schema.org\",\"@graph\":[{\"@type\":\"WebPage\",\"@id\":\"https:\\\/\\\/medicinasinc.com\\\/hr\\\/product\\\/kupiti-nepalski-stick-hash\\\/\",\"url\":\"https:\\\/\\\/medicinasinc.com\\\/hr\\\/product\\\/kupiti-nepalski-stick-hash\\\/\",\"name\":\"Kupite Nepalski Stick Hash - Najbolji najbolji svjetski lijekovi\",\"isPartOf\":{\"@id\":\"https:\\\/\\\/medicinasinc.com\\\/hr\\\/#website\"},\"primaryImageOfPage\":{\"@id\":\"https:\\\/\\\/medicinasinc.com\\\/hr\\\/product\\\/kupiti-nepalski-stick-hash\\\/#primaryimage\"},\"image\":{\"@id\":\"https:\\\/\\\/medicinasinc.com\\\/hr\\\/product\\\/kupiti-nepalski-stick-hash\\\/#primaryimage\"},\"thumbnailUrl\":\"https:\\\/\\\/medicinasinc.com\\\/hr\\\/wp-content\\\/uploads\\\/sites\\\/3\\\/2022\\\/02\\\/Buy-Nepalese-Stick-Hash.jpg\",\"datePublished\":\"2022-02-20T15:05:15+00:00\",\"dateModified\":\"2022-03-15T06:06:47+00:00\",\"description\":\"Buy Nepalese Stick Hash Online Nepalski se odnosi na bilo koji soj koji naivno raste u regiji Nepala. Naru\u010dite korov online, ove autohtone sorte.\",\"breadcrumb\":{\"@id\":\"https:\\\/\\\/medicinasinc.com\\\/hr\\\/product\\\/kupiti-nepalski-stick-hash\\\/#breadcrumb\"},\"inLanguage\":\"hr\",\"potentialAction\":[{\"@type\":\"ReadAction\",\"target\":[\"https:\\\/\\\/medicinasinc.com\\\/hr\\\/product\\\/kupiti-nepalski-stick-hash\\\/\"]}]},{\"@type\":\"ImageObject\",\"inLanguage\":\"hr\",\"@id\":\"https:\\\/\\\/medicinasinc.com\\\/hr\\\/product\\\/kupiti-nepalski-stick-hash\\\/#primaryimage\",\"url\":\"https:\\\/\\\/medicinasinc.com\\\/hr\\\/wp-content\\\/uploads\\\/sites\\\/3\\\/2022\\\/02\\\/Buy-Nepalese-Stick-Hash.jpg\",\"contentUrl\":\"https:\\\/\\\/medicinasinc.com\\\/hr\\\/wp-content\\\/uploads\\\/sites\\\/3\\\/2022\\\/02\\\/Buy-Nepalese-Stick-Hash.jpg\",\"width\":600,\"height\":600},{\"@type\":\"BreadcrumbList\",\"@id\":\"https:\\\/\\\/medicinasinc.com\\\/hr\\\/product\\\/kupiti-nepalski-stick-hash\\\/#breadcrumb\",\"itemListElement\":[{\"@type\":\"ListItem\",\"position\":1,\"name\":\"Du\u0107an\",\"item\":\"https:\\\/\\\/medicinasinc.com\\\/hr\\\/ducan\\\/\"},{\"@type\":\"ListItem\",\"position\":2,\"name\":\"Kupite nepalski \u0161tapi\u0107 Hash\"}]},{\"@type\":\"WebSite\",\"@id\":\"https:\\\/\\\/medicinasinc.com\\\/hr\\\/#website\",\"url\":\"https:\\\/\\\/medicinasinc.com\\\/hr\\\/\",\"name\":\"Medicinas Inc\",\"description\":\"Health Medical Clinic\",\"potentialAction\":[{\"@type\":\"SearchAction\",\"target\":{\"@type\":\"EntryPoint\",\"urlTemplate\":\"https:\\\/\\\/medicinasinc.com\\\/hr\\\/?s={search_term_string}\"},\"query-input\":{\"@type\":\"PropertyValueSpecification\",\"valueRequired\":true,\"valueName\":\"search_term_string\"}}],\"inLanguage\":\"hr\"}]}<\/script>\n<!-- \/ Yoast SEO plugin. -->","yoast_head_json":{"title":"Kupite Nepalski Stick Hash - Najbolji najbolji svjetski lijekovi","description":"Buy Nepalese Stick Hash Online Nepalski se odnosi na bilo koji soj koji naivno raste u regiji Nepala. Naru\u010dite korov online, ove autohtone sorte.","robots":{"index":"index","follow":"follow","max-snippet":"max-snippet:-1","max-image-preview":"max-image-preview:large","max-video-preview":"max-video-preview:-1"},"canonical":"https:\/\/medicinasinc.com\/hr\/product\/kupiti-nepalski-stick-hash\/","og_locale":"hr_HR","og_type":"article","og_title":"Kupite Nepalski Stick Hash - Najbolji najbolji svjetski lijekovi","og_description":"Buy Nepalese Stick Hash Online Nepalski se odnosi na bilo koji soj koji naivno raste u regiji Nepala. Naru\u010dite korov online, ove autohtone sorte.","og_url":"https:\/\/medicinasinc.com\/hr\/product\/kupiti-nepalski-stick-hash\/","og_site_name":"Medicinas Inc","article_modified_time":"2022-03-15T06:06:47+00:00","og_image":[{"width":600,"height":600,"url":"https:\/\/medicinasinc.com\/hr\/wp-content\/uploads\/sites\/3\/2022\/02\/Buy-Nepalese-Stick-Hash.jpg","type":"image\/jpeg"}],"twitter_card":"summary_large_image","twitter_misc":{"Procijenjeno vrijeme \u010ditanja":"2 minute"},"schema":{"@context":"https:\/\/schema.org","@graph":[{"@type":"WebPage","@id":"https:\/\/medicinasinc.com\/hr\/product\/kupiti-nepalski-stick-hash\/","url":"https:\/\/medicinasinc.com\/hr\/product\/kupiti-nepalski-stick-hash\/","name":"Kupite Nepalski Stick Hash - Najbolji najbolji svjetski lijekovi","isPartOf":{"@id":"https:\/\/medicinasinc.com\/hr\/#website"},"primaryImageOfPage":{"@id":"https:\/\/medicinasinc.com\/hr\/product\/kupiti-nepalski-stick-hash\/#primaryimage"},"image":{"@id":"https:\/\/medicinasinc.com\/hr\/product\/kupiti-nepalski-stick-hash\/#primaryimage"},"thumbnailUrl":"https:\/\/medicinasinc.com\/hr\/wp-content\/uploads\/sites\/3\/2022\/02\/Buy-Nepalese-Stick-Hash.jpg","datePublished":"2022-02-20T15:05:15+00:00","dateModified":"2022-03-15T06:06:47+00:00","description":"Buy Nepalese Stick Hash Online Nepalski se odnosi na bilo koji soj koji naivno raste u regiji Nepala. Naru\u010dite korov online, ove autohtone sorte.","breadcrumb":{"@id":"https:\/\/medicinasinc.com\/hr\/product\/kupiti-nepalski-stick-hash\/#breadcrumb"},"inLanguage":"hr","potentialAction":[{"@type":"ReadAction","target":["https:\/\/medicinasinc.com\/hr\/product\/kupiti-nepalski-stick-hash\/"]}]},{"@type":"ImageObject","inLanguage":"hr","@id":"https:\/\/medicinasinc.com\/hr\/product\/kupiti-nepalski-stick-hash\/#primaryimage","url":"https:\/\/medicinasinc.com\/hr\/wp-content\/uploads\/sites\/3\/2022\/02\/Buy-Nepalese-Stick-Hash.jpg","contentUrl":"https:\/\/medicinasinc.com\/hr\/wp-content\/uploads\/sites\/3\/2022\/02\/Buy-Nepalese-Stick-Hash.jpg","width":600,"height":600},{"@type":"BreadcrumbList","@id":"https:\/\/medicinasinc.com\/hr\/product\/kupiti-nepalski-stick-hash\/#breadcrumb","itemListElement":[{"@type":"ListItem","position":1,"name":"Du\u0107an","item":"https:\/\/medicinasinc.com\/hr\/ducan\/"},{"@type":"ListItem","position":2,"name":"Kupite nepalski \u0161tapi\u0107 Hash"}]},{"@type":"WebSite","@id":"https:\/\/medicinasinc.com\/hr\/#website","url":"https:\/\/medicinasinc.com\/hr\/","name":"Medicinas Inc","description":"Health Medical Clinic","potentialAction":[{"@type":"SearchAction","target":{"@type":"EntryPoint","urlTemplate":"https:\/\/medicinasinc.com\/hr\/?s={search_term_string}"},"query-input":{"@type":"PropertyValueSpecification","valueRequired":true,"valueName":"search_term_string"}}],"inLanguage":"hr"}]}},"_links":{"self":[{"href":"https:\/\/medicinasinc.com\/hr\/wp-json\/wp\/v2\/product\/4717","targetHints":{"allow":["GET"]}}],"collection":[{"href":"https:\/\/medicinasinc.com\/hr\/wp-json\/wp\/v2\/product"}],"about":[{"href":"https:\/\/medicinasinc.com\/hr\/wp-json\/wp\/v2\/types\/product"}],"replies":[{"embeddable":true,"href":"https:\/\/medicinasinc.com\/hr\/wp-json\/wp\/v2\/comments?post=4717"}],"wp:featuredmedia":[{"embeddable":true,"href":"https:\/\/medicinasinc.com\/hr\/wp-json\/wp\/v2\/media\/4730"}],"wp:attachment":[{"href":"https:\/\/medicinasinc.com\/hr\/wp-json\/wp\/v2\/media?parent=4717"}],"wp:term":[{"taxonomy":"product_brand","embeddable":true,"href":"https:\/\/medicinasinc.com\/hr\/wp-json\/wp\/v2\/product_brand?post=4717"},{"taxonomy":"product_cat","embeddable":true,"href":"https:\/\/medicinasinc.com\/hr\/wp-json\/wp\/v2\/product_cat?post=4717"},{"taxonomy":"product_tag","embeddable":true,"href":"https:\/\/medicinasinc.com\/hr\/wp-json\/wp\/v2\/product_tag?post=4717"}],"curies":[{"name":"wp","href":"https:\/\/api.w.org\/{rel}","templated":true}]}}