{"id":4716,"date":"2022-02-20T15:05:01","date_gmt":"2022-02-20T15:05:01","guid":{"rendered":"https:\/\/medicinasinc.com\/hr\/?post_type=product&#038;p=4716"},"modified":"2022-03-15T06:07:00","modified_gmt":"2022-03-15T06:07:00","slug":"kupi-nederhas-hasis","status":"publish","type":"product","link":"https:\/\/medicinasinc.com\/hr\/product\/kupi-nederhas-hasis\/","title":{"rendered":"Kupite Nederhash Hashish"},"content":{"rendered":"<p>Online kupnja Nederhash Hashisha<\/p>\n<p>\u0160to je zapravo hash? Ha\u0161 se dobiva iz biljaka kanabisa koje se uzgajaju u Nizozemskoj. Biljke se obi\u010dno uzgajaju u zatvorenom prostoru, ali postoji i nekoliko vanjskih i staklenika. Generacija: Tehnike sastavljanja razlikuju se ovisno o proizvo\u0111a\u010du. Dok se ve\u0107ina Hasha isporu\u010duje putem probira, kao \u0161to je slu\u010daj u Maroku, mala koli\u010dina ru\u010dno o\u010di\u0161\u0107enog Hasha tako\u0111er se proizvodi pomo\u0107u afganistanske strategije (koja je o\u010dito znatno pobolj\u0161ana). U svakom slu\u010daju, u ha\u0161i\u0161u je promijenjena samo koli\u010dina korova u tragovima. Sjen\u010danje: Op\u0107enito vrlo zeleno, ali to varira ovisno o vrsti korova koji se koristi i proizvo\u0111a\u010du. Miris: Tipi\u010dno travnati ili mr\u0161avi, ali to ovisi o vrsti korova. Okus: identi\u010dan prethodno navedenom. Dosljednost: veliki dio nizozemskog ha\u0161i\u0161a nije precizno cije\u0111en (ovo je izrada), a nju\u0161ke se obi\u010dno odvajaju previ\u0161e u\u010dinkovito. U svakom slu\u010daju, konzistentnost se nedavno pobolj\u0161ala i \u010dini se da se brzo prilago\u0111avaju. O\u010dito, prethodno se ne odnosi na ru\u010dno o\u010di\u0161\u0107eni Hash, koji je iznimno delikatan, sli\u010dan afganistanskom. Hash se obi\u010dno sastoji od \u017eenskih glava koje su razbijene i stisnute pod ogromnim optere\u0107enjima kako bi se stvorila jaka nepravilnost koja se potpuno raspr\u0161i. Vrsta High varira ovisno o soju Weeda koji se koristi, ali najve\u0107im dijelom, high je vrlo dinami\u010dan i cerebralan. Intenzitet: Od sna\u017enog do sna\u017enog, ovaj materijal nadma\u0161uje bilo koju drugu vrstu Hash-a koji je dostupan prosje\u010dnom korisniku. \u010cak nadma\u0161uje ve\u0107inu Nepalaca i gotovo svakog dobronamjernog Afganistanca. (Sadr\u017ei do 59 posto THC-a) Dostupnost: Izuzetno rijetko izvan Nizozemske i susjednih zemalja. Ne bih zadr\u017eavao dah \u010dekaju\u0107i da se ovo pojavi na britanskom tr\u017ei\u0161tu. Op\u0107enito, kvaliteta varira, ali cijena je uvijek visoka. Ne postoji standardna klasifikacija za nizozemski Hash. Sensi-Hash je ime dano izvanrednom prahu, koji je u biti vrlo gusto upakiran THC dragulj.<\/p>\n<p>Kako nastaje Hash?<\/p>\n<p>Ve\u0107ina ha\u0161a se proizvodi trljanjem osu\u0161enih biljaka. protiv vrlo fine mre\u017ee. Nakon toga trihomi padaju kroz sito, odvajaju\u0107i ih od biljnog materijala. \u017dlijezde smole se zatim zagrijavaju i komprimiraju kako bi se formirala kohezivna masa ha\u0161i\u0161a.<\/p>\n<p>Ha\u0161i\u0161 protiv marihuane?<\/p>\n<p>Za po\u010detak, o\u010dita je veza izme\u0111u marihuane i ha\u0161i\u0161a da su oba izvedena. iz iste biljke kanabisa. Kao \u0161to vjerojatno ve\u0107 znate, lonac je cvjetni pupoljak \u017eenske biljke kanabisa. Hash korov se sastoji od istih pupoljaka kao i marihuana, ali se druga\u010dije obra\u0111uje. Dok je biljka kanabisa u punom cvatu, cvjetni pupoljci se beru, a poljoprivrednik \u0107e zatim nastaviti u jednom od dva smjera. U slu\u010daju ha\u0161i\u0161a, cvije\u0107e \u0107e se objesiti da se su\u0161i. Dobiveni proizvod je biljka koja nam je svima poznata nakon uklanjanja svake sjemenke, prolje\u0107a i vi\u0161ka lista. U potpunosti je na vama da li vi\u0161e volite marihuanu ili ha\u0161i\u0161, ali jedini na\u010din da dobijete pristup svim blagodatima kanabisa je putem osobnog obrazovanja. Provedite istra\u017eivanje prije pu\u0161enja i kao i uvijek, pretplatite se na na\u0161 newsletter za dodatne savjete i trikove!<\/p>\n<p>\u0160to je zapravo ha\u0161i\u0161?<\/p>\n<p>\u0160to je tvar za ha\u0161i\u0161? Ha\u0161i\u0161, koji se alternativno naziva &#8216;ha\u0161&#8217;, vrsta je pupoljaka marihuane nastalih komprimiranjem i obradom trihoma biljke kanabisa. Obi\u010dno se pu\u0161i u luli, bongu, ispariva\u010du ili d\u017eointu, ali se mo\u017ee konzumirati i oralno. Kako se proizvodi ha\u0161i\u0161? Online kupnja nederhash ha\u0161i\u0161a, ha\u0161i\u0161a se proizvodi odvajanjem ovih trihoma od pupova, listova i stabljika biljke te zagrijavanjem\/pre\u0161anjem kako bi se stvorila mo\u0107na tvar.<\/p>\n<p>Kako zarolati d\u017eoint s ha\u0161inom?<\/p>\n<p> p&gt; <\/p>\n<p>Kombinirajte ga s travom i duhanom u spliffu. Ako imate suhi blok, mo\u017eete ga jednostavno zdrobiti ili odlomiti male kamen\u010di\u0107e i ugraditi ga u svoj fug valjak. Kombinirajte ga s duhanom ili marihuanom. Druga metoda podrazumijeva intenzivniji high, koji \u0107ete vjerojatno tra\u017eiti ako ste u potrazi za avanturom. Najbolji na\u010din za umotavanje hash jointa je razbiti ha\u0161i\u0161 i kombinirati ga s korovom. Ovo je uistinu najbolji na\u010din za pu\u0161enje ha\u0161i\u0161a jer ga je lako podijeliti, a okus ha\u0161i\u0161a poja\u010dava doobie. Je li ha\u0161i\u0161 legalan u Sjedinjenim Dr\u017eavama? Iako je prodaja kanabisa zabranjena 1989. godine, zakoni se rijetko provode, a droga se otvoreno prodaje u mnogim dijelovima zemlje. Barbados, legalno za duhovnu upotrebu od strane registriranih vjerskih organizacija<\/p>\n<p>Kakvi su u\u010dinci ha\u0161i\u0161a?<\/p>\n<p>Kratkoro\u010dno, kori\u0161tenje ha\u0161i\u0161a mo\u017ee rezultirati pote\u0161ko\u0107ama s pam\u0107enjem i u\u010denjem; iskrivljena percepcija (prizori, zvukovi, vrijeme, dodir); pote\u0161ko\u0107e u razmi\u0161ljanju i rje\u0161avanju problema; gubitak koordinacije; i pove\u0107an broj otkucaja srca, anksioznost i napadi panike. Zbog visoke koncentracije THC-a u hashu i drugim koncentratima, u\u010dinci mogu biti intenzivniji.<\/p>\n<p>Mjehuri\u0107 ha\u0161i\u0161 je koncentrat kanabisa koji se sastoji od tisu\u0107a trihoma ili smolastih \u017elijezda koje su ekstrahirane iz mjehuri\u0107a. biljka pomo\u0107u ledene vode, mije\u0161anja i sita. Izraz &#8220;bubble hash&#8221; odnosi se na na\u010din na koji mjehuri kada je izlo\u017een plamenu. Osim toga, vre\u0107ice koje se koriste za izradu kod ku\u0107e nazivaju se &#8220;vre\u0107ice s mjehuri\u0107ima&#8221;.<\/p>\n<p>Hash Plant, klasik Sensi Seeds, ostaje kompaktan tijekom svog ultrakratkog razdoblja cvatnje. Ovaj 90% indijski proizvod rezultat je pomne genetske selekcije, koja je uklju\u010divala kri\u017eanje zagonetne biljke Hash iz Sjedinjenih Dr\u017eava sa Northern Lights.<\/p>\n","protected":false},"excerpt":{"rendered":"<p>Online kupnja Nederhash Hashisha,\u00a0 Kupite medicinsku marihuanu u Njema\u010dkoj Gdje mogu kupiti ilegalne droge online? Online ljekarne u mojoj blizini Prodaja lijekova na tamnoj mre\u017ei.<\/p>\n<p>&nbsp;<\/p>\n","protected":false},"featured_media":4728,"comment_status":"open","ping_status":"closed","template":"","meta":[],"product_brand":[],"product_cat":[610],"product_tag":[],"class_list":{"0":"post-4716","1":"product","2":"type-product","3":"status-publish","4":"has-post-thumbnail","6":"product_cat-kupi-hash-hashish","8":"first","9":"instock","10":"shipping-taxable","11":"purchasable","12":"product-type-variable","13":"has-default-attributes"},"yoast_head":"<!-- This site is optimized with the Yoast SEO plugin v27.3 - https:\/\/yoast.com\/product\/yoast-seo-wordpress\/ -->\n<title>Kupite Nederhash Hashish - Najbolji najbolji svjetski lijekovi<\/title>\n<meta name=\"description\" content=\"Kupite Nederhash Hashish Online Kupite medicinski korov u Njema\u010dkoj Gdje kupiti ilegalne droge online Lijekovi za prodaju online u blizini Lijekovi iz Dark web prodaje.\" \/>\n<meta name=\"robots\" content=\"index, follow, max-snippet:-1, max-image-preview:large, max-video-preview:-1\" \/>\n<link rel=\"canonical\" href=\"https:\/\/medicinasinc.com\/hr\/product\/kupi-nederhas-hasis\/\" \/>\n<meta property=\"og:locale\" content=\"hr_HR\" \/>\n<meta property=\"og:type\" content=\"article\" \/>\n<meta property=\"og:title\" content=\"Kupite Nederhash Hashish - Najbolji najbolji svjetski lijekovi\" \/>\n<meta property=\"og:description\" content=\"Kupite Nederhash Hashish Online Kupite medicinski korov u Njema\u010dkoj Gdje kupiti ilegalne droge online Lijekovi za prodaju online u blizini Lijekovi iz Dark web prodaje.\" \/>\n<meta property=\"og:url\" content=\"https:\/\/medicinasinc.com\/hr\/product\/kupi-nederhas-hasis\/\" \/>\n<meta property=\"og:site_name\" content=\"Medicinas Inc\" \/>\n<meta property=\"article:modified_time\" content=\"2022-03-15T06:07:00+00:00\" \/>\n<meta property=\"og:image\" content=\"https:\/\/medicinasinc.com\/hr\/wp-content\/uploads\/sites\/3\/2022\/02\/Buy-Nederhash-Hashish-Online.jpg\" \/>\n\t<meta property=\"og:image:width\" content=\"600\" \/>\n\t<meta property=\"og:image:height\" content=\"600\" \/>\n\t<meta property=\"og:image:type\" content=\"image\/jpeg\" \/>\n<meta name=\"twitter:card\" content=\"summary_large_image\" \/>\n<meta name=\"twitter:label1\" content=\"Procijenjeno vrijeme \u010ditanja\" \/>\n\t<meta name=\"twitter:data1\" content=\"4 minute\" \/>\n<script type=\"application\/ld+json\" class=\"yoast-schema-graph\">{\"@context\":\"https:\\\/\\\/schema.org\",\"@graph\":[{\"@type\":\"WebPage\",\"@id\":\"https:\\\/\\\/medicinasinc.com\\\/hr\\\/product\\\/kupi-nederhas-hasis\\\/\",\"url\":\"https:\\\/\\\/medicinasinc.com\\\/hr\\\/product\\\/kupi-nederhas-hasis\\\/\",\"name\":\"Kupite Nederhash Hashish - Najbolji najbolji svjetski lijekovi\",\"isPartOf\":{\"@id\":\"https:\\\/\\\/medicinasinc.com\\\/hr\\\/#website\"},\"primaryImageOfPage\":{\"@id\":\"https:\\\/\\\/medicinasinc.com\\\/hr\\\/product\\\/kupi-nederhas-hasis\\\/#primaryimage\"},\"image\":{\"@id\":\"https:\\\/\\\/medicinasinc.com\\\/hr\\\/product\\\/kupi-nederhas-hasis\\\/#primaryimage\"},\"thumbnailUrl\":\"https:\\\/\\\/medicinasinc.com\\\/hr\\\/wp-content\\\/uploads\\\/sites\\\/3\\\/2022\\\/02\\\/Buy-Nederhash-Hashish-Online.jpg\",\"datePublished\":\"2022-02-20T15:05:01+00:00\",\"dateModified\":\"2022-03-15T06:07:00+00:00\",\"description\":\"Kupite Nederhash Hashish Online Kupite medicinski korov u Njema\u010dkoj Gdje kupiti ilegalne droge online Lijekovi za prodaju online u blizini Lijekovi iz Dark web prodaje.\",\"breadcrumb\":{\"@id\":\"https:\\\/\\\/medicinasinc.com\\\/hr\\\/product\\\/kupi-nederhas-hasis\\\/#breadcrumb\"},\"inLanguage\":\"hr\",\"potentialAction\":[{\"@type\":\"ReadAction\",\"target\":[\"https:\\\/\\\/medicinasinc.com\\\/hr\\\/product\\\/kupi-nederhas-hasis\\\/\"]}]},{\"@type\":\"ImageObject\",\"inLanguage\":\"hr\",\"@id\":\"https:\\\/\\\/medicinasinc.com\\\/hr\\\/product\\\/kupi-nederhas-hasis\\\/#primaryimage\",\"url\":\"https:\\\/\\\/medicinasinc.com\\\/hr\\\/wp-content\\\/uploads\\\/sites\\\/3\\\/2022\\\/02\\\/Buy-Nederhash-Hashish-Online.jpg\",\"contentUrl\":\"https:\\\/\\\/medicinasinc.com\\\/hr\\\/wp-content\\\/uploads\\\/sites\\\/3\\\/2022\\\/02\\\/Buy-Nederhash-Hashish-Online.jpg\",\"width\":600,\"height\":600},{\"@type\":\"BreadcrumbList\",\"@id\":\"https:\\\/\\\/medicinasinc.com\\\/hr\\\/product\\\/kupi-nederhas-hasis\\\/#breadcrumb\",\"itemListElement\":[{\"@type\":\"ListItem\",\"position\":1,\"name\":\"Du\u0107an\",\"item\":\"https:\\\/\\\/medicinasinc.com\\\/hr\\\/ducan\\\/\"},{\"@type\":\"ListItem\",\"position\":2,\"name\":\"Kupite Nederhash Hashish\"}]},{\"@type\":\"WebSite\",\"@id\":\"https:\\\/\\\/medicinasinc.com\\\/hr\\\/#website\",\"url\":\"https:\\\/\\\/medicinasinc.com\\\/hr\\\/\",\"name\":\"Medicinas Inc\",\"description\":\"Health Medical Clinic\",\"potentialAction\":[{\"@type\":\"SearchAction\",\"target\":{\"@type\":\"EntryPoint\",\"urlTemplate\":\"https:\\\/\\\/medicinasinc.com\\\/hr\\\/?s={search_term_string}\"},\"query-input\":{\"@type\":\"PropertyValueSpecification\",\"valueRequired\":true,\"valueName\":\"search_term_string\"}}],\"inLanguage\":\"hr\"}]}<\/script>\n<!-- \/ Yoast SEO plugin. -->","yoast_head_json":{"title":"Kupite Nederhash Hashish - Najbolji najbolji svjetski lijekovi","description":"Kupite Nederhash Hashish Online Kupite medicinski korov u Njema\u010dkoj Gdje kupiti ilegalne droge online Lijekovi za prodaju online u blizini Lijekovi iz Dark web prodaje.","robots":{"index":"index","follow":"follow","max-snippet":"max-snippet:-1","max-image-preview":"max-image-preview:large","max-video-preview":"max-video-preview:-1"},"canonical":"https:\/\/medicinasinc.com\/hr\/product\/kupi-nederhas-hasis\/","og_locale":"hr_HR","og_type":"article","og_title":"Kupite Nederhash Hashish - Najbolji najbolji svjetski lijekovi","og_description":"Kupite Nederhash Hashish Online Kupite medicinski korov u Njema\u010dkoj Gdje kupiti ilegalne droge online Lijekovi za prodaju online u blizini Lijekovi iz Dark web prodaje.","og_url":"https:\/\/medicinasinc.com\/hr\/product\/kupi-nederhas-hasis\/","og_site_name":"Medicinas Inc","article_modified_time":"2022-03-15T06:07:00+00:00","og_image":[{"width":600,"height":600,"url":"https:\/\/medicinasinc.com\/hr\/wp-content\/uploads\/sites\/3\/2022\/02\/Buy-Nederhash-Hashish-Online.jpg","type":"image\/jpeg"}],"twitter_card":"summary_large_image","twitter_misc":{"Procijenjeno vrijeme \u010ditanja":"4 minute"},"schema":{"@context":"https:\/\/schema.org","@graph":[{"@type":"WebPage","@id":"https:\/\/medicinasinc.com\/hr\/product\/kupi-nederhas-hasis\/","url":"https:\/\/medicinasinc.com\/hr\/product\/kupi-nederhas-hasis\/","name":"Kupite Nederhash Hashish - Najbolji najbolji svjetski lijekovi","isPartOf":{"@id":"https:\/\/medicinasinc.com\/hr\/#website"},"primaryImageOfPage":{"@id":"https:\/\/medicinasinc.com\/hr\/product\/kupi-nederhas-hasis\/#primaryimage"},"image":{"@id":"https:\/\/medicinasinc.com\/hr\/product\/kupi-nederhas-hasis\/#primaryimage"},"thumbnailUrl":"https:\/\/medicinasinc.com\/hr\/wp-content\/uploads\/sites\/3\/2022\/02\/Buy-Nederhash-Hashish-Online.jpg","datePublished":"2022-02-20T15:05:01+00:00","dateModified":"2022-03-15T06:07:00+00:00","description":"Kupite Nederhash Hashish Online Kupite medicinski korov u Njema\u010dkoj Gdje kupiti ilegalne droge online Lijekovi za prodaju online u blizini Lijekovi iz Dark web prodaje.","breadcrumb":{"@id":"https:\/\/medicinasinc.com\/hr\/product\/kupi-nederhas-hasis\/#breadcrumb"},"inLanguage":"hr","potentialAction":[{"@type":"ReadAction","target":["https:\/\/medicinasinc.com\/hr\/product\/kupi-nederhas-hasis\/"]}]},{"@type":"ImageObject","inLanguage":"hr","@id":"https:\/\/medicinasinc.com\/hr\/product\/kupi-nederhas-hasis\/#primaryimage","url":"https:\/\/medicinasinc.com\/hr\/wp-content\/uploads\/sites\/3\/2022\/02\/Buy-Nederhash-Hashish-Online.jpg","contentUrl":"https:\/\/medicinasinc.com\/hr\/wp-content\/uploads\/sites\/3\/2022\/02\/Buy-Nederhash-Hashish-Online.jpg","width":600,"height":600},{"@type":"BreadcrumbList","@id":"https:\/\/medicinasinc.com\/hr\/product\/kupi-nederhas-hasis\/#breadcrumb","itemListElement":[{"@type":"ListItem","position":1,"name":"Du\u0107an","item":"https:\/\/medicinasinc.com\/hr\/ducan\/"},{"@type":"ListItem","position":2,"name":"Kupite Nederhash Hashish"}]},{"@type":"WebSite","@id":"https:\/\/medicinasinc.com\/hr\/#website","url":"https:\/\/medicinasinc.com\/hr\/","name":"Medicinas Inc","description":"Health Medical Clinic","potentialAction":[{"@type":"SearchAction","target":{"@type":"EntryPoint","urlTemplate":"https:\/\/medicinasinc.com\/hr\/?s={search_term_string}"},"query-input":{"@type":"PropertyValueSpecification","valueRequired":true,"valueName":"search_term_string"}}],"inLanguage":"hr"}]}},"_links":{"self":[{"href":"https:\/\/medicinasinc.com\/hr\/wp-json\/wp\/v2\/product\/4716","targetHints":{"allow":["GET"]}}],"collection":[{"href":"https:\/\/medicinasinc.com\/hr\/wp-json\/wp\/v2\/product"}],"about":[{"href":"https:\/\/medicinasinc.com\/hr\/wp-json\/wp\/v2\/types\/product"}],"replies":[{"embeddable":true,"href":"https:\/\/medicinasinc.com\/hr\/wp-json\/wp\/v2\/comments?post=4716"}],"wp:featuredmedia":[{"embeddable":true,"href":"https:\/\/medicinasinc.com\/hr\/wp-json\/wp\/v2\/media\/4728"}],"wp:attachment":[{"href":"https:\/\/medicinasinc.com\/hr\/wp-json\/wp\/v2\/media?parent=4716"}],"wp:term":[{"taxonomy":"product_brand","embeddable":true,"href":"https:\/\/medicinasinc.com\/hr\/wp-json\/wp\/v2\/product_brand?post=4716"},{"taxonomy":"product_cat","embeddable":true,"href":"https:\/\/medicinasinc.com\/hr\/wp-json\/wp\/v2\/product_cat?post=4716"},{"taxonomy":"product_tag","embeddable":true,"href":"https:\/\/medicinasinc.com\/hr\/wp-json\/wp\/v2\/product_tag?post=4716"}],"curies":[{"name":"wp","href":"https:\/\/api.w.org\/{rel}","templated":true}]}}