{"id":4701,"date":"2022-02-20T14:53:39","date_gmt":"2022-02-20T14:53:39","guid":{"rendered":"https:\/\/medicinasinc.com\/hr\/?post_type=product&#038;p=4701"},"modified":"2022-03-15T06:07:08","modified_gmt":"2022-03-15T06:07:08","slug":"kupiti-marokan-karamelo-has","status":"publish","type":"product","link":"https:\/\/medicinasinc.com\/hr\/product\/kupiti-marokan-karamelo-has\/","title":{"rendered":"Kupite marokanski karamel Hash"},"content":{"rendered":"<p>Kupite Caramello Hash iz Maroka<\/p>\n<p>Kupite Caramello Hash iz Maroka. Marokanski Caramello Hash je klon biljke ha\u0161i\u0161a. To je, op\u0107enito, legalno i ostat \u0107e legalno do kraja vremena. Ne sadr\u017ei THC, konstruirane kanabinoide i druge sinteti\u010dke kanabinoide istra\u017eiva\u010dke klase (kao \u0161to su JWH-018, JWH-073, JWH-250, AM-2209 i tako dalje.). Gotovo je sigurno najbolji dostupni legalni hash. Koristimo samo prirodne materijale bogate hranjivim tvarima. \u010cini se da ha\u0161i\u0161 izgleda kao ha\u0161i\u0161, osje\u0107a se kao ha\u0161i\u0161, miri\u0161e na konoplju i op\u0107enito ima izvrstan okus. Marokanski Caramello Hash ha\u0161i\u0161 tek je malo tamniji od ostalih na\u0161ih proizvoda. Ako ste znati\u017eeljni o na\u0161im proizvodima, preporu\u010dujemo da prvo kupite primjerni paket. Kupite legalne lijekove na mre\u017ei.<\/p>\n","protected":false},"excerpt":{"rendered":"<div class=\"woocommerce-product-details__short-description\">\n<p>Marokanski karamel Hash dostupan je za kupnju putem interneta i sadr\u017ei 5 g eteri\u010dnog ulja konoplje. Marokanski Caramello Hash je potpuno prirodan proizvod od kanabisa.<\/p>\n<p> PRIHVA\u0106AMO SAMO PLA\u0106ANJA PREKO WESTERN UNION-a, MONEY GRAM-a ILI BTC-a. Vrijeme isporuke je otprilike tri dana ili dvadeset i \u010detiri sata.<\/p>\n<\/p><\/div>\n","protected":false},"featured_media":4714,"comment_status":"open","ping_status":"closed","template":"","meta":[],"product_brand":[],"product_cat":[610],"product_tag":[],"class_list":{"0":"post-4701","1":"product","2":"type-product","3":"status-publish","4":"has-post-thumbnail","6":"product_cat-kupi-hash-hashish","8":"first","9":"instock","10":"shipping-taxable","11":"purchasable","12":"product-type-variable","13":"has-default-attributes"},"yoast_head":"<!-- This site is optimized with the Yoast SEO plugin v27.3 - https:\/\/yoast.com\/product\/yoast-seo-wordpress\/ -->\n<title>Kupite marokanski karamel Hash - najbolji najbolji svjetski lijekovi<\/title>\n<meta name=\"description\" content=\"Kupite marokanski Caramello Hash online, sadr\u017ei 5 g eteri\u010dnog ulja konoplje. Marokanski Caramello Hash je 100% prirodni ha\u0161 proizvod.\" \/>\n<meta name=\"robots\" content=\"index, follow, max-snippet:-1, max-image-preview:large, max-video-preview:-1\" \/>\n<link rel=\"canonical\" href=\"https:\/\/medicinasinc.com\/hr\/product\/kupiti-marokan-karamelo-has\/\" \/>\n<meta property=\"og:locale\" content=\"hr_HR\" \/>\n<meta property=\"og:type\" content=\"article\" \/>\n<meta property=\"og:title\" content=\"Kupite marokanski karamel Hash - najbolji najbolji svjetski lijekovi\" \/>\n<meta property=\"og:description\" content=\"Kupite marokanski Caramello Hash online, sadr\u017ei 5 g eteri\u010dnog ulja konoplje. Marokanski Caramello Hash je 100% prirodni ha\u0161 proizvod.\" \/>\n<meta property=\"og:url\" content=\"https:\/\/medicinasinc.com\/hr\/product\/kupiti-marokan-karamelo-has\/\" \/>\n<meta property=\"og:site_name\" content=\"Medicinas Inc\" \/>\n<meta property=\"article:modified_time\" content=\"2022-03-15T06:07:08+00:00\" \/>\n<meta property=\"og:image\" content=\"https:\/\/medicinasinc.com\/hr\/wp-content\/uploads\/sites\/3\/2022\/02\/Buy-Moroccan-Caramello-Hash.jpg\" \/>\n\t<meta property=\"og:image:width\" content=\"600\" \/>\n\t<meta property=\"og:image:height\" content=\"600\" \/>\n\t<meta property=\"og:image:type\" content=\"image\/jpeg\" \/>\n<meta name=\"twitter:card\" content=\"summary_large_image\" \/>\n<meta name=\"twitter:label1\" content=\"Procijenjeno vrijeme \u010ditanja\" \/>\n\t<meta name=\"twitter:data1\" content=\"1 minuta\" \/>\n<script type=\"application\/ld+json\" class=\"yoast-schema-graph\">{\"@context\":\"https:\\\/\\\/schema.org\",\"@graph\":[{\"@type\":\"WebPage\",\"@id\":\"https:\\\/\\\/medicinasinc.com\\\/hr\\\/product\\\/kupiti-marokan-karamelo-has\\\/\",\"url\":\"https:\\\/\\\/medicinasinc.com\\\/hr\\\/product\\\/kupiti-marokan-karamelo-has\\\/\",\"name\":\"Kupite marokanski karamel Hash - najbolji najbolji svjetski lijekovi\",\"isPartOf\":{\"@id\":\"https:\\\/\\\/medicinasinc.com\\\/hr\\\/#website\"},\"primaryImageOfPage\":{\"@id\":\"https:\\\/\\\/medicinasinc.com\\\/hr\\\/product\\\/kupiti-marokan-karamelo-has\\\/#primaryimage\"},\"image\":{\"@id\":\"https:\\\/\\\/medicinasinc.com\\\/hr\\\/product\\\/kupiti-marokan-karamelo-has\\\/#primaryimage\"},\"thumbnailUrl\":\"https:\\\/\\\/medicinasinc.com\\\/hr\\\/wp-content\\\/uploads\\\/sites\\\/3\\\/2022\\\/02\\\/Buy-Moroccan-Caramello-Hash.jpg\",\"datePublished\":\"2022-02-20T14:53:39+00:00\",\"dateModified\":\"2022-03-15T06:07:08+00:00\",\"description\":\"Kupite marokanski Caramello Hash online, sadr\u017ei 5 g eteri\u010dnog ulja konoplje. Marokanski Caramello Hash je 100% prirodni ha\u0161 proizvod.\",\"breadcrumb\":{\"@id\":\"https:\\\/\\\/medicinasinc.com\\\/hr\\\/product\\\/kupiti-marokan-karamelo-has\\\/#breadcrumb\"},\"inLanguage\":\"hr\",\"potentialAction\":[{\"@type\":\"ReadAction\",\"target\":[\"https:\\\/\\\/medicinasinc.com\\\/hr\\\/product\\\/kupiti-marokan-karamelo-has\\\/\"]}]},{\"@type\":\"ImageObject\",\"inLanguage\":\"hr\",\"@id\":\"https:\\\/\\\/medicinasinc.com\\\/hr\\\/product\\\/kupiti-marokan-karamelo-has\\\/#primaryimage\",\"url\":\"https:\\\/\\\/medicinasinc.com\\\/hr\\\/wp-content\\\/uploads\\\/sites\\\/3\\\/2022\\\/02\\\/Buy-Moroccan-Caramello-Hash.jpg\",\"contentUrl\":\"https:\\\/\\\/medicinasinc.com\\\/hr\\\/wp-content\\\/uploads\\\/sites\\\/3\\\/2022\\\/02\\\/Buy-Moroccan-Caramello-Hash.jpg\",\"width\":600,\"height\":600},{\"@type\":\"BreadcrumbList\",\"@id\":\"https:\\\/\\\/medicinasinc.com\\\/hr\\\/product\\\/kupiti-marokan-karamelo-has\\\/#breadcrumb\",\"itemListElement\":[{\"@type\":\"ListItem\",\"position\":1,\"name\":\"Du\u0107an\",\"item\":\"https:\\\/\\\/medicinasinc.com\\\/hr\\\/ducan\\\/\"},{\"@type\":\"ListItem\",\"position\":2,\"name\":\"Kupite marokanski karamel Hash\"}]},{\"@type\":\"WebSite\",\"@id\":\"https:\\\/\\\/medicinasinc.com\\\/hr\\\/#website\",\"url\":\"https:\\\/\\\/medicinasinc.com\\\/hr\\\/\",\"name\":\"Medicinas Inc\",\"description\":\"Health Medical Clinic\",\"potentialAction\":[{\"@type\":\"SearchAction\",\"target\":{\"@type\":\"EntryPoint\",\"urlTemplate\":\"https:\\\/\\\/medicinasinc.com\\\/hr\\\/?s={search_term_string}\"},\"query-input\":{\"@type\":\"PropertyValueSpecification\",\"valueRequired\":true,\"valueName\":\"search_term_string\"}}],\"inLanguage\":\"hr\"}]}<\/script>\n<!-- \/ Yoast SEO plugin. -->","yoast_head_json":{"title":"Kupite marokanski karamel Hash - najbolji najbolji svjetski lijekovi","description":"Kupite marokanski Caramello Hash online, sadr\u017ei 5 g eteri\u010dnog ulja konoplje. Marokanski Caramello Hash je 100% prirodni ha\u0161 proizvod.","robots":{"index":"index","follow":"follow","max-snippet":"max-snippet:-1","max-image-preview":"max-image-preview:large","max-video-preview":"max-video-preview:-1"},"canonical":"https:\/\/medicinasinc.com\/hr\/product\/kupiti-marokan-karamelo-has\/","og_locale":"hr_HR","og_type":"article","og_title":"Kupite marokanski karamel Hash - najbolji najbolji svjetski lijekovi","og_description":"Kupite marokanski Caramello Hash online, sadr\u017ei 5 g eteri\u010dnog ulja konoplje. Marokanski Caramello Hash je 100% prirodni ha\u0161 proizvod.","og_url":"https:\/\/medicinasinc.com\/hr\/product\/kupiti-marokan-karamelo-has\/","og_site_name":"Medicinas Inc","article_modified_time":"2022-03-15T06:07:08+00:00","og_image":[{"width":600,"height":600,"url":"https:\/\/medicinasinc.com\/hr\/wp-content\/uploads\/sites\/3\/2022\/02\/Buy-Moroccan-Caramello-Hash.jpg","type":"image\/jpeg"}],"twitter_card":"summary_large_image","twitter_misc":{"Procijenjeno vrijeme \u010ditanja":"1 minuta"},"schema":{"@context":"https:\/\/schema.org","@graph":[{"@type":"WebPage","@id":"https:\/\/medicinasinc.com\/hr\/product\/kupiti-marokan-karamelo-has\/","url":"https:\/\/medicinasinc.com\/hr\/product\/kupiti-marokan-karamelo-has\/","name":"Kupite marokanski karamel Hash - najbolji najbolji svjetski lijekovi","isPartOf":{"@id":"https:\/\/medicinasinc.com\/hr\/#website"},"primaryImageOfPage":{"@id":"https:\/\/medicinasinc.com\/hr\/product\/kupiti-marokan-karamelo-has\/#primaryimage"},"image":{"@id":"https:\/\/medicinasinc.com\/hr\/product\/kupiti-marokan-karamelo-has\/#primaryimage"},"thumbnailUrl":"https:\/\/medicinasinc.com\/hr\/wp-content\/uploads\/sites\/3\/2022\/02\/Buy-Moroccan-Caramello-Hash.jpg","datePublished":"2022-02-20T14:53:39+00:00","dateModified":"2022-03-15T06:07:08+00:00","description":"Kupite marokanski Caramello Hash online, sadr\u017ei 5 g eteri\u010dnog ulja konoplje. Marokanski Caramello Hash je 100% prirodni ha\u0161 proizvod.","breadcrumb":{"@id":"https:\/\/medicinasinc.com\/hr\/product\/kupiti-marokan-karamelo-has\/#breadcrumb"},"inLanguage":"hr","potentialAction":[{"@type":"ReadAction","target":["https:\/\/medicinasinc.com\/hr\/product\/kupiti-marokan-karamelo-has\/"]}]},{"@type":"ImageObject","inLanguage":"hr","@id":"https:\/\/medicinasinc.com\/hr\/product\/kupiti-marokan-karamelo-has\/#primaryimage","url":"https:\/\/medicinasinc.com\/hr\/wp-content\/uploads\/sites\/3\/2022\/02\/Buy-Moroccan-Caramello-Hash.jpg","contentUrl":"https:\/\/medicinasinc.com\/hr\/wp-content\/uploads\/sites\/3\/2022\/02\/Buy-Moroccan-Caramello-Hash.jpg","width":600,"height":600},{"@type":"BreadcrumbList","@id":"https:\/\/medicinasinc.com\/hr\/product\/kupiti-marokan-karamelo-has\/#breadcrumb","itemListElement":[{"@type":"ListItem","position":1,"name":"Du\u0107an","item":"https:\/\/medicinasinc.com\/hr\/ducan\/"},{"@type":"ListItem","position":2,"name":"Kupite marokanski karamel Hash"}]},{"@type":"WebSite","@id":"https:\/\/medicinasinc.com\/hr\/#website","url":"https:\/\/medicinasinc.com\/hr\/","name":"Medicinas Inc","description":"Health Medical Clinic","potentialAction":[{"@type":"SearchAction","target":{"@type":"EntryPoint","urlTemplate":"https:\/\/medicinasinc.com\/hr\/?s={search_term_string}"},"query-input":{"@type":"PropertyValueSpecification","valueRequired":true,"valueName":"search_term_string"}}],"inLanguage":"hr"}]}},"_links":{"self":[{"href":"https:\/\/medicinasinc.com\/hr\/wp-json\/wp\/v2\/product\/4701","targetHints":{"allow":["GET"]}}],"collection":[{"href":"https:\/\/medicinasinc.com\/hr\/wp-json\/wp\/v2\/product"}],"about":[{"href":"https:\/\/medicinasinc.com\/hr\/wp-json\/wp\/v2\/types\/product"}],"replies":[{"embeddable":true,"href":"https:\/\/medicinasinc.com\/hr\/wp-json\/wp\/v2\/comments?post=4701"}],"wp:featuredmedia":[{"embeddable":true,"href":"https:\/\/medicinasinc.com\/hr\/wp-json\/wp\/v2\/media\/4714"}],"wp:attachment":[{"href":"https:\/\/medicinasinc.com\/hr\/wp-json\/wp\/v2\/media?parent=4701"}],"wp:term":[{"taxonomy":"product_brand","embeddable":true,"href":"https:\/\/medicinasinc.com\/hr\/wp-json\/wp\/v2\/product_brand?post=4701"},{"taxonomy":"product_cat","embeddable":true,"href":"https:\/\/medicinasinc.com\/hr\/wp-json\/wp\/v2\/product_cat?post=4701"},{"taxonomy":"product_tag","embeddable":true,"href":"https:\/\/medicinasinc.com\/hr\/wp-json\/wp\/v2\/product_tag?post=4701"}],"curies":[{"name":"wp","href":"https:\/\/api.w.org\/{rel}","templated":true}]}}