{"id":4700,"date":"2022-02-20T14:53:18","date_gmt":"2022-02-20T14:53:18","guid":{"rendered":"https:\/\/medicinasinc.com\/hr\/?post_type=product&#038;p=4700"},"modified":"2022-03-15T06:07:17","modified_gmt":"2022-03-15T06:07:17","slug":"kupiti-marokan-primero-hash","status":"publish","type":"product","link":"https:\/\/medicinasinc.com\/hr\/product\/kupiti-marokan-primero-hash\/","title":{"rendered":"Kupite marokanski Primero Hash"},"content":{"rendered":"<p>Kupite marokanski Primo Hash<\/p>\n<p>Kupite marokanski Primo Hash. Marokanski Primero Hash je respektabilan klon ha\u0161a. To je, op\u0107enito, legalno i ostat \u0107e legalno do kraja vremena. Ne sadr\u017ei THC, sintetske kanabinoide i druge istra\u017eiva\u010dke sintetike (kao \u0161to su JWH-018, JWH-073, JWH-250, AM-2209 i tako dalje.). To je vjerojatno najbolji dostupni legalni klon ha\u0161i\u0161a. Koristimo samo prirodne materijale bogate hranjivim tvarima. \u010cini se da ha\u0161i\u0161 izgleda kao ha\u0161i\u0161, osje\u0107a se kao ha\u0161i\u0161, miri\u0161e na konoplju i ima stra\u0161an okus. Marokanski Primero ha\u0161i\u0161 tek je ne\u0161to tamniji od ostalih na\u0161ih proizvoda. Ako ste znati\u017eeljni o na\u0161im proizvodima, preporu\u010dujemo da prvo kupite primjerni paket. Kupite vi\u0161e na\u0161ih legalnih stavki za kloniranje hash-a da u\u0161tedite novac.<\/p>\n","protected":false},"excerpt":{"rendered":"<div class=\"woocommerce-product-details__short-description\">\n<p>kupite marokanski premijero hash online u bestglobalmed uz brzu isporuku diljem svijeta. Prodajem visokokvalitetni marokanski ha\u0161. kupujte sada.<\/p>\n<\/p><\/div>\n","protected":false},"featured_media":4712,"comment_status":"open","ping_status":"closed","template":"","meta":[],"product_brand":[],"product_cat":[610],"product_tag":[683,684,686,687,685,688],"class_list":{"0":"post-4700","1":"product","2":"type-product","3":"status-publish","4":"has-post-thumbnail","6":"product_cat-kupi-hash-hashish","7":"product_tag-buy-buy-bubble-hash-online","8":"product_tag-buy-cannabis-coconut-oil","9":"product_tag-buy-nepalese-temple-balls","10":"product_tag-halls-strawberry-cough-drops","11":"product_tag-kupi-marok-karamela-online","12":"product_tag-med-marokan-plavu-c5-a1a-ha-c5-a1","14":"first","15":"instock","16":"shipping-taxable","17":"purchasable","18":"product-type-variable","19":"has-default-attributes"},"yoast_head":"<!-- This site is optimized with the Yoast SEO plugin v27.3 - https:\/\/yoast.com\/product\/yoast-seo-wordpress\/ -->\n<title>Kupite marokanski Primero Hash - najbolji najbolji svjetski lijekovi<\/title>\n<meta name=\"description\" content=\"kupujte marokanski premiero hash online u bestglobalmed uz brzu isporuku diljem svijeta. Prodajem visokokvalitetni marokanski ha\u0161. Kupite sada.\" \/>\n<meta name=\"robots\" content=\"index, follow, max-snippet:-1, max-image-preview:large, max-video-preview:-1\" \/>\n<link rel=\"canonical\" href=\"https:\/\/medicinasinc.com\/hr\/product\/kupiti-marokan-primero-hash\/\" \/>\n<meta property=\"og:locale\" content=\"hr_HR\" \/>\n<meta property=\"og:type\" content=\"article\" \/>\n<meta property=\"og:title\" content=\"Kupite marokanski Primero Hash - najbolji najbolji svjetski lijekovi\" \/>\n<meta property=\"og:description\" content=\"kupujte marokanski premiero hash online u bestglobalmed uz brzu isporuku diljem svijeta. Prodajem visokokvalitetni marokanski ha\u0161. Kupite sada.\" \/>\n<meta property=\"og:url\" content=\"https:\/\/medicinasinc.com\/hr\/product\/kupiti-marokan-primero-hash\/\" \/>\n<meta property=\"og:site_name\" content=\"Medicinas Inc\" \/>\n<meta property=\"article:modified_time\" content=\"2022-03-15T06:07:17+00:00\" \/>\n<meta property=\"og:image\" content=\"https:\/\/medicinasinc.com\/hr\/wp-content\/uploads\/sites\/3\/2022\/02\/Buy-Moroccan-Primero-Hash.jpg\" \/>\n\t<meta property=\"og:image:width\" content=\"600\" \/>\n\t<meta property=\"og:image:height\" content=\"600\" \/>\n\t<meta property=\"og:image:type\" content=\"image\/jpeg\" \/>\n<meta name=\"twitter:card\" content=\"summary_large_image\" \/>\n<meta name=\"twitter:label1\" content=\"Procijenjeno vrijeme \u010ditanja\" \/>\n\t<meta name=\"twitter:data1\" content=\"1 minuta\" \/>\n<script type=\"application\/ld+json\" class=\"yoast-schema-graph\">{\"@context\":\"https:\\\/\\\/schema.org\",\"@graph\":[{\"@type\":\"WebPage\",\"@id\":\"https:\\\/\\\/medicinasinc.com\\\/hr\\\/product\\\/kupiti-marokan-primero-hash\\\/\",\"url\":\"https:\\\/\\\/medicinasinc.com\\\/hr\\\/product\\\/kupiti-marokan-primero-hash\\\/\",\"name\":\"Kupite marokanski Primero Hash - najbolji najbolji svjetski lijekovi\",\"isPartOf\":{\"@id\":\"https:\\\/\\\/medicinasinc.com\\\/hr\\\/#website\"},\"primaryImageOfPage\":{\"@id\":\"https:\\\/\\\/medicinasinc.com\\\/hr\\\/product\\\/kupiti-marokan-primero-hash\\\/#primaryimage\"},\"image\":{\"@id\":\"https:\\\/\\\/medicinasinc.com\\\/hr\\\/product\\\/kupiti-marokan-primero-hash\\\/#primaryimage\"},\"thumbnailUrl\":\"https:\\\/\\\/medicinasinc.com\\\/hr\\\/wp-content\\\/uploads\\\/sites\\\/3\\\/2022\\\/02\\\/Buy-Moroccan-Primero-Hash.jpg\",\"datePublished\":\"2022-02-20T14:53:18+00:00\",\"dateModified\":\"2022-03-15T06:07:17+00:00\",\"description\":\"kupujte marokanski premiero hash online u bestglobalmed uz brzu isporuku diljem svijeta. Prodajem visokokvalitetni marokanski ha\u0161. Kupite sada.\",\"breadcrumb\":{\"@id\":\"https:\\\/\\\/medicinasinc.com\\\/hr\\\/product\\\/kupiti-marokan-primero-hash\\\/#breadcrumb\"},\"inLanguage\":\"hr\",\"potentialAction\":[{\"@type\":\"ReadAction\",\"target\":[\"https:\\\/\\\/medicinasinc.com\\\/hr\\\/product\\\/kupiti-marokan-primero-hash\\\/\"]}]},{\"@type\":\"ImageObject\",\"inLanguage\":\"hr\",\"@id\":\"https:\\\/\\\/medicinasinc.com\\\/hr\\\/product\\\/kupiti-marokan-primero-hash\\\/#primaryimage\",\"url\":\"https:\\\/\\\/medicinasinc.com\\\/hr\\\/wp-content\\\/uploads\\\/sites\\\/3\\\/2022\\\/02\\\/Buy-Moroccan-Primero-Hash.jpg\",\"contentUrl\":\"https:\\\/\\\/medicinasinc.com\\\/hr\\\/wp-content\\\/uploads\\\/sites\\\/3\\\/2022\\\/02\\\/Buy-Moroccan-Primero-Hash.jpg\",\"width\":600,\"height\":600},{\"@type\":\"BreadcrumbList\",\"@id\":\"https:\\\/\\\/medicinasinc.com\\\/hr\\\/product\\\/kupiti-marokan-primero-hash\\\/#breadcrumb\",\"itemListElement\":[{\"@type\":\"ListItem\",\"position\":1,\"name\":\"Du\u0107an\",\"item\":\"https:\\\/\\\/medicinasinc.com\\\/hr\\\/ducan\\\/\"},{\"@type\":\"ListItem\",\"position\":2,\"name\":\"Kupite marokanski Primero Hash\"}]},{\"@type\":\"WebSite\",\"@id\":\"https:\\\/\\\/medicinasinc.com\\\/hr\\\/#website\",\"url\":\"https:\\\/\\\/medicinasinc.com\\\/hr\\\/\",\"name\":\"Medicinas Inc\",\"description\":\"Health Medical Clinic\",\"potentialAction\":[{\"@type\":\"SearchAction\",\"target\":{\"@type\":\"EntryPoint\",\"urlTemplate\":\"https:\\\/\\\/medicinasinc.com\\\/hr\\\/?s={search_term_string}\"},\"query-input\":{\"@type\":\"PropertyValueSpecification\",\"valueRequired\":true,\"valueName\":\"search_term_string\"}}],\"inLanguage\":\"hr\"}]}<\/script>\n<!-- \/ Yoast SEO plugin. -->","yoast_head_json":{"title":"Kupite marokanski Primero Hash - najbolji najbolji svjetski lijekovi","description":"kupujte marokanski premiero hash online u bestglobalmed uz brzu isporuku diljem svijeta. Prodajem visokokvalitetni marokanski ha\u0161. Kupite sada.","robots":{"index":"index","follow":"follow","max-snippet":"max-snippet:-1","max-image-preview":"max-image-preview:large","max-video-preview":"max-video-preview:-1"},"canonical":"https:\/\/medicinasinc.com\/hr\/product\/kupiti-marokan-primero-hash\/","og_locale":"hr_HR","og_type":"article","og_title":"Kupite marokanski Primero Hash - najbolji najbolji svjetski lijekovi","og_description":"kupujte marokanski premiero hash online u bestglobalmed uz brzu isporuku diljem svijeta. Prodajem visokokvalitetni marokanski ha\u0161. Kupite sada.","og_url":"https:\/\/medicinasinc.com\/hr\/product\/kupiti-marokan-primero-hash\/","og_site_name":"Medicinas Inc","article_modified_time":"2022-03-15T06:07:17+00:00","og_image":[{"width":600,"height":600,"url":"https:\/\/medicinasinc.com\/hr\/wp-content\/uploads\/sites\/3\/2022\/02\/Buy-Moroccan-Primero-Hash.jpg","type":"image\/jpeg"}],"twitter_card":"summary_large_image","twitter_misc":{"Procijenjeno vrijeme \u010ditanja":"1 minuta"},"schema":{"@context":"https:\/\/schema.org","@graph":[{"@type":"WebPage","@id":"https:\/\/medicinasinc.com\/hr\/product\/kupiti-marokan-primero-hash\/","url":"https:\/\/medicinasinc.com\/hr\/product\/kupiti-marokan-primero-hash\/","name":"Kupite marokanski Primero Hash - najbolji najbolji svjetski lijekovi","isPartOf":{"@id":"https:\/\/medicinasinc.com\/hr\/#website"},"primaryImageOfPage":{"@id":"https:\/\/medicinasinc.com\/hr\/product\/kupiti-marokan-primero-hash\/#primaryimage"},"image":{"@id":"https:\/\/medicinasinc.com\/hr\/product\/kupiti-marokan-primero-hash\/#primaryimage"},"thumbnailUrl":"https:\/\/medicinasinc.com\/hr\/wp-content\/uploads\/sites\/3\/2022\/02\/Buy-Moroccan-Primero-Hash.jpg","datePublished":"2022-02-20T14:53:18+00:00","dateModified":"2022-03-15T06:07:17+00:00","description":"kupujte marokanski premiero hash online u bestglobalmed uz brzu isporuku diljem svijeta. Prodajem visokokvalitetni marokanski ha\u0161. Kupite sada.","breadcrumb":{"@id":"https:\/\/medicinasinc.com\/hr\/product\/kupiti-marokan-primero-hash\/#breadcrumb"},"inLanguage":"hr","potentialAction":[{"@type":"ReadAction","target":["https:\/\/medicinasinc.com\/hr\/product\/kupiti-marokan-primero-hash\/"]}]},{"@type":"ImageObject","inLanguage":"hr","@id":"https:\/\/medicinasinc.com\/hr\/product\/kupiti-marokan-primero-hash\/#primaryimage","url":"https:\/\/medicinasinc.com\/hr\/wp-content\/uploads\/sites\/3\/2022\/02\/Buy-Moroccan-Primero-Hash.jpg","contentUrl":"https:\/\/medicinasinc.com\/hr\/wp-content\/uploads\/sites\/3\/2022\/02\/Buy-Moroccan-Primero-Hash.jpg","width":600,"height":600},{"@type":"BreadcrumbList","@id":"https:\/\/medicinasinc.com\/hr\/product\/kupiti-marokan-primero-hash\/#breadcrumb","itemListElement":[{"@type":"ListItem","position":1,"name":"Du\u0107an","item":"https:\/\/medicinasinc.com\/hr\/ducan\/"},{"@type":"ListItem","position":2,"name":"Kupite marokanski Primero Hash"}]},{"@type":"WebSite","@id":"https:\/\/medicinasinc.com\/hr\/#website","url":"https:\/\/medicinasinc.com\/hr\/","name":"Medicinas Inc","description":"Health Medical Clinic","potentialAction":[{"@type":"SearchAction","target":{"@type":"EntryPoint","urlTemplate":"https:\/\/medicinasinc.com\/hr\/?s={search_term_string}"},"query-input":{"@type":"PropertyValueSpecification","valueRequired":true,"valueName":"search_term_string"}}],"inLanguage":"hr"}]}},"_links":{"self":[{"href":"https:\/\/medicinasinc.com\/hr\/wp-json\/wp\/v2\/product\/4700","targetHints":{"allow":["GET"]}}],"collection":[{"href":"https:\/\/medicinasinc.com\/hr\/wp-json\/wp\/v2\/product"}],"about":[{"href":"https:\/\/medicinasinc.com\/hr\/wp-json\/wp\/v2\/types\/product"}],"replies":[{"embeddable":true,"href":"https:\/\/medicinasinc.com\/hr\/wp-json\/wp\/v2\/comments?post=4700"}],"wp:featuredmedia":[{"embeddable":true,"href":"https:\/\/medicinasinc.com\/hr\/wp-json\/wp\/v2\/media\/4712"}],"wp:attachment":[{"href":"https:\/\/medicinasinc.com\/hr\/wp-json\/wp\/v2\/media?parent=4700"}],"wp:term":[{"taxonomy":"product_brand","embeddable":true,"href":"https:\/\/medicinasinc.com\/hr\/wp-json\/wp\/v2\/product_brand?post=4700"},{"taxonomy":"product_cat","embeddable":true,"href":"https:\/\/medicinasinc.com\/hr\/wp-json\/wp\/v2\/product_cat?post=4700"},{"taxonomy":"product_tag","embeddable":true,"href":"https:\/\/medicinasinc.com\/hr\/wp-json\/wp\/v2\/product_tag?post=4700"}],"curies":[{"name":"wp","href":"https:\/\/api.w.org\/{rel}","templated":true}]}}