{"id":4684,"date":"2022-02-20T14:40:34","date_gmt":"2022-02-20T14:40:34","guid":{"rendered":"https:\/\/medicinasinc.com\/hr\/?post_type=product&#038;p=4684"},"modified":"2022-03-15T06:07:37","modified_gmt":"2022-03-15T06:07:37","slug":"kupiti-mercedez-libanon-hash","status":"publish","type":"product","link":"https:\/\/medicinasinc.com\/hr\/product\/kupiti-mercedez-libanon-hash\/","title":{"rendered":"Kupite Mercedez Libanon Hash"},"content":{"rendered":"<p>Ha\u0161 se koristi tisu\u0107ama godina, otkako su ljudi otkrili \u010dudan ljepljivi nusproizvod biljke kanabis. Hash je \u010desto oko 40% THC-a i mo\u017ee se dimiti ili koristiti u kuhanju\/jestivim namirnicama. Za neke entuzijaste kanabisa, bogat aromati\u010dni miris i okus ha\u0161i\u0161a \u010dine ga jedinstvenom poslasticom. Pogodan je za pohranu, transport i kori\u0161tenje. U 1980-ima, ha\u0161i\u0161 se izvozio iz nekoliko glavnih proizvodnih podru\u010dja (Nepal, Indija, Pakistan i Afganistan) s jedinstvenim pe\u010datom utisnutim na svakom bloku, a \u010desto je bio umotan u crvenu ili zlatnu ambala\u017eu prije izvoza.<\/p>\n","protected":false},"excerpt":{"rendered":"<p>Mercedes libanonski Hash za prodaju u Ujedinjenom Kraljevstvu i Europi je lagano aromati\u010dan, s notama za\u010dina i zemljanim profilom okusa. Ima vrlo savitljivu, mekanu konzistenciju.<\/p>\n<p>Crni Mercedes je ha\u0161i\u0161 srednjeg puta uvezen iz Libanona. Ima tamno sme\u0111u vanj\u0161tinu i svjetlije sme\u0111u unutra\u0161njost i blago aromati\u010dan profil okusa s notama za\u010dina i zemljanim profilom okusa. Ima meku, savitljivu konzistenciju koja ga \u010dini iznimno lakim za rad, jo\u0161 vi\u0161e kada se zagrije.<\/p>\n","protected":false},"featured_media":4696,"comment_status":"open","ping_status":"closed","template":"","meta":[],"product_brand":[],"product_cat":[610],"product_tag":[],"class_list":{"0":"post-4684","1":"product","2":"type-product","3":"status-publish","4":"has-post-thumbnail","6":"product_cat-kupi-hash-hashish","8":"first","9":"instock","10":"shipping-taxable","11":"purchasable","12":"product-type-variable","13":"has-default-attributes"},"yoast_head":"<!-- This site is optimized with the Yoast SEO plugin v27.3 - https:\/\/yoast.com\/product\/yoast-seo-wordpress\/ -->\n<title>Kupite Mercedez Libanon Hash - najbolji najbolji globalni lijekovi<\/title>\n<meta name=\"description\" content=\"Kupite Mercedes Libanese Hash UK, Europa je lagano aromati\u010dna, s notama za\u010dina i zemljanim profilom okusa. Ima prili\u010dno mekanu, savitljivu konzistenciju.\" \/>\n<meta name=\"robots\" content=\"index, follow, max-snippet:-1, max-image-preview:large, max-video-preview:-1\" \/>\n<link rel=\"canonical\" href=\"https:\/\/medicinasinc.com\/hr\/product\/kupiti-mercedez-libanon-hash\/\" \/>\n<meta property=\"og:locale\" content=\"hr_HR\" \/>\n<meta property=\"og:type\" content=\"article\" \/>\n<meta property=\"og:title\" content=\"Kupite Mercedez Libanon Hash - najbolji najbolji globalni lijekovi\" \/>\n<meta property=\"og:description\" content=\"Kupite Mercedes Libanese Hash UK, Europa je lagano aromati\u010dna, s notama za\u010dina i zemljanim profilom okusa. Ima prili\u010dno mekanu, savitljivu konzistenciju.\" \/>\n<meta property=\"og:url\" content=\"https:\/\/medicinasinc.com\/hr\/product\/kupiti-mercedez-libanon-hash\/\" \/>\n<meta property=\"og:site_name\" content=\"Medicinas Inc\" \/>\n<meta property=\"article:modified_time\" content=\"2022-03-15T06:07:37+00:00\" \/>\n<meta property=\"og:image\" content=\"https:\/\/medicinasinc.com\/hr\/wp-content\/uploads\/sites\/3\/2022\/02\/Buy-Mercedez-Lebanon-Hash.jpg\" \/>\n\t<meta property=\"og:image:width\" content=\"600\" \/>\n\t<meta property=\"og:image:height\" content=\"600\" \/>\n\t<meta property=\"og:image:type\" content=\"image\/jpeg\" \/>\n<meta name=\"twitter:card\" content=\"summary_large_image\" \/>\n<meta name=\"twitter:label1\" content=\"Procijenjeno vrijeme \u010ditanja\" \/>\n\t<meta name=\"twitter:data1\" content=\"1 minuta\" \/>\n<script type=\"application\/ld+json\" class=\"yoast-schema-graph\">{\"@context\":\"https:\\\/\\\/schema.org\",\"@graph\":[{\"@type\":\"WebPage\",\"@id\":\"https:\\\/\\\/medicinasinc.com\\\/hr\\\/product\\\/kupiti-mercedez-libanon-hash\\\/\",\"url\":\"https:\\\/\\\/medicinasinc.com\\\/hr\\\/product\\\/kupiti-mercedez-libanon-hash\\\/\",\"name\":\"Kupite Mercedez Libanon Hash - najbolji najbolji globalni lijekovi\",\"isPartOf\":{\"@id\":\"https:\\\/\\\/medicinasinc.com\\\/hr\\\/#website\"},\"primaryImageOfPage\":{\"@id\":\"https:\\\/\\\/medicinasinc.com\\\/hr\\\/product\\\/kupiti-mercedez-libanon-hash\\\/#primaryimage\"},\"image\":{\"@id\":\"https:\\\/\\\/medicinasinc.com\\\/hr\\\/product\\\/kupiti-mercedez-libanon-hash\\\/#primaryimage\"},\"thumbnailUrl\":\"https:\\\/\\\/medicinasinc.com\\\/hr\\\/wp-content\\\/uploads\\\/sites\\\/3\\\/2022\\\/02\\\/Buy-Mercedez-Lebanon-Hash.jpg\",\"datePublished\":\"2022-02-20T14:40:34+00:00\",\"dateModified\":\"2022-03-15T06:07:37+00:00\",\"description\":\"Kupite Mercedes Libanese Hash UK, Europa je lagano aromati\u010dna, s notama za\u010dina i zemljanim profilom okusa. Ima prili\u010dno mekanu, savitljivu konzistenciju.\",\"breadcrumb\":{\"@id\":\"https:\\\/\\\/medicinasinc.com\\\/hr\\\/product\\\/kupiti-mercedez-libanon-hash\\\/#breadcrumb\"},\"inLanguage\":\"hr\",\"potentialAction\":[{\"@type\":\"ReadAction\",\"target\":[\"https:\\\/\\\/medicinasinc.com\\\/hr\\\/product\\\/kupiti-mercedez-libanon-hash\\\/\"]}]},{\"@type\":\"ImageObject\",\"inLanguage\":\"hr\",\"@id\":\"https:\\\/\\\/medicinasinc.com\\\/hr\\\/product\\\/kupiti-mercedez-libanon-hash\\\/#primaryimage\",\"url\":\"https:\\\/\\\/medicinasinc.com\\\/hr\\\/wp-content\\\/uploads\\\/sites\\\/3\\\/2022\\\/02\\\/Buy-Mercedez-Lebanon-Hash.jpg\",\"contentUrl\":\"https:\\\/\\\/medicinasinc.com\\\/hr\\\/wp-content\\\/uploads\\\/sites\\\/3\\\/2022\\\/02\\\/Buy-Mercedez-Lebanon-Hash.jpg\",\"width\":600,\"height\":600},{\"@type\":\"BreadcrumbList\",\"@id\":\"https:\\\/\\\/medicinasinc.com\\\/hr\\\/product\\\/kupiti-mercedez-libanon-hash\\\/#breadcrumb\",\"itemListElement\":[{\"@type\":\"ListItem\",\"position\":1,\"name\":\"Du\u0107an\",\"item\":\"https:\\\/\\\/medicinasinc.com\\\/hr\\\/ducan\\\/\"},{\"@type\":\"ListItem\",\"position\":2,\"name\":\"Kupite Mercedez Libanon Hash\"}]},{\"@type\":\"WebSite\",\"@id\":\"https:\\\/\\\/medicinasinc.com\\\/hr\\\/#website\",\"url\":\"https:\\\/\\\/medicinasinc.com\\\/hr\\\/\",\"name\":\"Medicinas Inc\",\"description\":\"Health Medical Clinic\",\"potentialAction\":[{\"@type\":\"SearchAction\",\"target\":{\"@type\":\"EntryPoint\",\"urlTemplate\":\"https:\\\/\\\/medicinasinc.com\\\/hr\\\/?s={search_term_string}\"},\"query-input\":{\"@type\":\"PropertyValueSpecification\",\"valueRequired\":true,\"valueName\":\"search_term_string\"}}],\"inLanguage\":\"hr\"}]}<\/script>\n<!-- \/ Yoast SEO plugin. -->","yoast_head_json":{"title":"Kupite Mercedez Libanon Hash - najbolji najbolji globalni lijekovi","description":"Kupite Mercedes Libanese Hash UK, Europa je lagano aromati\u010dna, s notama za\u010dina i zemljanim profilom okusa. Ima prili\u010dno mekanu, savitljivu konzistenciju.","robots":{"index":"index","follow":"follow","max-snippet":"max-snippet:-1","max-image-preview":"max-image-preview:large","max-video-preview":"max-video-preview:-1"},"canonical":"https:\/\/medicinasinc.com\/hr\/product\/kupiti-mercedez-libanon-hash\/","og_locale":"hr_HR","og_type":"article","og_title":"Kupite Mercedez Libanon Hash - najbolji najbolji globalni lijekovi","og_description":"Kupite Mercedes Libanese Hash UK, Europa je lagano aromati\u010dna, s notama za\u010dina i zemljanim profilom okusa. Ima prili\u010dno mekanu, savitljivu konzistenciju.","og_url":"https:\/\/medicinasinc.com\/hr\/product\/kupiti-mercedez-libanon-hash\/","og_site_name":"Medicinas Inc","article_modified_time":"2022-03-15T06:07:37+00:00","og_image":[{"width":600,"height":600,"url":"https:\/\/medicinasinc.com\/hr\/wp-content\/uploads\/sites\/3\/2022\/02\/Buy-Mercedez-Lebanon-Hash.jpg","type":"image\/jpeg"}],"twitter_card":"summary_large_image","twitter_misc":{"Procijenjeno vrijeme \u010ditanja":"1 minuta"},"schema":{"@context":"https:\/\/schema.org","@graph":[{"@type":"WebPage","@id":"https:\/\/medicinasinc.com\/hr\/product\/kupiti-mercedez-libanon-hash\/","url":"https:\/\/medicinasinc.com\/hr\/product\/kupiti-mercedez-libanon-hash\/","name":"Kupite Mercedez Libanon Hash - najbolji najbolji globalni lijekovi","isPartOf":{"@id":"https:\/\/medicinasinc.com\/hr\/#website"},"primaryImageOfPage":{"@id":"https:\/\/medicinasinc.com\/hr\/product\/kupiti-mercedez-libanon-hash\/#primaryimage"},"image":{"@id":"https:\/\/medicinasinc.com\/hr\/product\/kupiti-mercedez-libanon-hash\/#primaryimage"},"thumbnailUrl":"https:\/\/medicinasinc.com\/hr\/wp-content\/uploads\/sites\/3\/2022\/02\/Buy-Mercedez-Lebanon-Hash.jpg","datePublished":"2022-02-20T14:40:34+00:00","dateModified":"2022-03-15T06:07:37+00:00","description":"Kupite Mercedes Libanese Hash UK, Europa je lagano aromati\u010dna, s notama za\u010dina i zemljanim profilom okusa. Ima prili\u010dno mekanu, savitljivu konzistenciju.","breadcrumb":{"@id":"https:\/\/medicinasinc.com\/hr\/product\/kupiti-mercedez-libanon-hash\/#breadcrumb"},"inLanguage":"hr","potentialAction":[{"@type":"ReadAction","target":["https:\/\/medicinasinc.com\/hr\/product\/kupiti-mercedez-libanon-hash\/"]}]},{"@type":"ImageObject","inLanguage":"hr","@id":"https:\/\/medicinasinc.com\/hr\/product\/kupiti-mercedez-libanon-hash\/#primaryimage","url":"https:\/\/medicinasinc.com\/hr\/wp-content\/uploads\/sites\/3\/2022\/02\/Buy-Mercedez-Lebanon-Hash.jpg","contentUrl":"https:\/\/medicinasinc.com\/hr\/wp-content\/uploads\/sites\/3\/2022\/02\/Buy-Mercedez-Lebanon-Hash.jpg","width":600,"height":600},{"@type":"BreadcrumbList","@id":"https:\/\/medicinasinc.com\/hr\/product\/kupiti-mercedez-libanon-hash\/#breadcrumb","itemListElement":[{"@type":"ListItem","position":1,"name":"Du\u0107an","item":"https:\/\/medicinasinc.com\/hr\/ducan\/"},{"@type":"ListItem","position":2,"name":"Kupite Mercedez Libanon Hash"}]},{"@type":"WebSite","@id":"https:\/\/medicinasinc.com\/hr\/#website","url":"https:\/\/medicinasinc.com\/hr\/","name":"Medicinas Inc","description":"Health Medical Clinic","potentialAction":[{"@type":"SearchAction","target":{"@type":"EntryPoint","urlTemplate":"https:\/\/medicinasinc.com\/hr\/?s={search_term_string}"},"query-input":{"@type":"PropertyValueSpecification","valueRequired":true,"valueName":"search_term_string"}}],"inLanguage":"hr"}]}},"_links":{"self":[{"href":"https:\/\/medicinasinc.com\/hr\/wp-json\/wp\/v2\/product\/4684","targetHints":{"allow":["GET"]}}],"collection":[{"href":"https:\/\/medicinasinc.com\/hr\/wp-json\/wp\/v2\/product"}],"about":[{"href":"https:\/\/medicinasinc.com\/hr\/wp-json\/wp\/v2\/types\/product"}],"replies":[{"embeddable":true,"href":"https:\/\/medicinasinc.com\/hr\/wp-json\/wp\/v2\/comments?post=4684"}],"wp:featuredmedia":[{"embeddable":true,"href":"https:\/\/medicinasinc.com\/hr\/wp-json\/wp\/v2\/media\/4696"}],"wp:attachment":[{"href":"https:\/\/medicinasinc.com\/hr\/wp-json\/wp\/v2\/media?parent=4684"}],"wp:term":[{"taxonomy":"product_brand","embeddable":true,"href":"https:\/\/medicinasinc.com\/hr\/wp-json\/wp\/v2\/product_brand?post=4684"},{"taxonomy":"product_cat","embeddable":true,"href":"https:\/\/medicinasinc.com\/hr\/wp-json\/wp\/v2\/product_cat?post=4684"},{"taxonomy":"product_tag","embeddable":true,"href":"https:\/\/medicinasinc.com\/hr\/wp-json\/wp\/v2\/product_tag?post=4684"}],"curies":[{"name":"wp","href":"https:\/\/api.w.org\/{rel}","templated":true}]}}