{"id":4667,"date":"2022-02-20T14:27:35","date_gmt":"2022-02-20T14:27:35","guid":{"rendered":"https:\/\/medicinasinc.com\/hr\/?post_type=product&#038;p=4667"},"modified":"2022-03-15T06:07:45","modified_gmt":"2022-03-15T06:07:45","slug":"buy-india-charas-black-hash","status":"publish","type":"product","link":"https:\/\/medicinasinc.com\/hr\/product\/buy-india-charas-black-hash\/","title":{"rendered":"Kupite India Charas Black Hash"},"content":{"rendered":"<p>Online kupnja Indije Charas Black Hash| Online kupnja India Charas Black Hash<\/p>\n<p>Online kupnja India Charas Black Hash-a. Jednostavan je za rad, ima o\u0161tru, za\u010dinjenu aromu i korisnicima pru\u017ea sna\u017ean zujanje po cijelom tijelu. Uzgaja se i proizvodi u dolini Parvati, koja je poznata po jedinstvenom soju Charasa pod nazivom Malana Cream, koji je cijenjen zbog visokog sadr\u017eaja THC-a. Izvrstan je suputnik tijekom dana za iskusne pu\u0161a\u010de koji se mogu nositi s jakom atmosferom. Izraz &#8220;Indian Charas Black Hash&#8221; odnosi se na ha\u0161i\u0161 koji je ru\u010dno izra\u0111en u Indiji, Pakistanu ili Nepalu. Izvana je ha\u0161i\u0161 tamno sme\u0111e boje. Kada se ha\u0161i\u0161 otvori, otkriva tamno zelenkasto\/sme\u0111u unutra\u0161njost. Izrazita aroma kre\u0107e se od ljute do izrazito ljute. Proizvodi iznimno kameni i fizi\u010dki visoki. India Charas Black Hash dostupan je za kupnju putem interneta.<\/p>\n<p>Prednosti<\/p>\n<p>Poma\u017ee u ubla\u017eavanju sljede\u0107eg:<\/p>\n<p>StresssDepressionsPainsHeadaches<br \/> Nesanica<br \/> Gdje kupiti u Indiji Online Charas Black Hash<\/p>\n<p>Na\u0161 cilj je zadovoljiti na\u0161e kupce i pru\u017eiti im najbolje mogu\u0107e iskustvo online kupnje. Osiguravamo da su svi na\u0161i proizvodi najvi\u0161e kvalitete kako bismo osigurali da na\u0161i klijenti dobiju samo najbolje. Nudimo autenti\u010dni India Charas Black Hash. Na\u0161e cijene su najni\u017ee dostupne online. Kupite kvalitetu i otkrijte o \u010demu svi govore. Naru\u010dite India Charas Black Hash online kod nas danas i budite sigurni u sigurnost i najbolje usluge dostave. Od kupnje India Charas Black Hash online dijeli vas samo nekoliko klikova.<\/p>\n","protected":false},"excerpt":{"rendered":"<p>Kupite India Charas Black Hash online. Jednostavan za rad, ima o\u0161tru, za\u010dinjenu aromu i pru\u017ea sna\u017ean ton tijela. Naru\u010dite crni ha\u0161i\u0161 ovdje.<\/p>\n<ul>\n<li>Dostava po cijelom svijetu<\/li>\n<li><strong>Ocjena: AAAAA<\/strong><\/li>\n<li>Kontaktirajte nas za ve\u0107e narud\u017ebe<\/li>\n<\/ul>\n","protected":false},"featured_media":4681,"comment_status":"open","ping_status":"closed","template":"","meta":[],"product_brand":[],"product_cat":[610],"product_tag":[],"class_list":{"0":"post-4667","1":"product","2":"type-product","3":"status-publish","4":"has-post-thumbnail","6":"product_cat-kupi-hash-hashish","8":"first","9":"instock","10":"shipping-taxable","11":"purchasable","12":"product-type-variable","13":"has-default-attributes"},"yoast_head":"<!-- This site is optimized with the Yoast SEO plugin v27.3 - https:\/\/yoast.com\/product\/yoast-seo-wordpress\/ -->\n<title>Kupite India Charas Black Hash - najbolji najbolji globalni lijekovi<\/title>\n<meta name=\"description\" content=\"Kupite India Charas Black Hash online. Jednostavan za rad, ima o\u0161tru, za\u010dinjenu aromu i pru\u017ea sna\u017eno zujanje tijela. Naru\u010dite crni ha\u0161i\u0161 ovdje.\" \/>\n<meta name=\"robots\" content=\"index, follow, max-snippet:-1, max-image-preview:large, max-video-preview:-1\" \/>\n<link rel=\"canonical\" href=\"https:\/\/medicinasinc.com\/hr\/product\/buy-india-charas-black-hash\/\" \/>\n<meta property=\"og:locale\" content=\"hr_HR\" \/>\n<meta property=\"og:type\" content=\"article\" \/>\n<meta property=\"og:title\" content=\"Kupite India Charas Black Hash - najbolji najbolji globalni lijekovi\" \/>\n<meta property=\"og:description\" content=\"Kupite India Charas Black Hash online. Jednostavan za rad, ima o\u0161tru, za\u010dinjenu aromu i pru\u017ea sna\u017eno zujanje tijela. Naru\u010dite crni ha\u0161i\u0161 ovdje.\" \/>\n<meta property=\"og:url\" content=\"https:\/\/medicinasinc.com\/hr\/product\/buy-india-charas-black-hash\/\" \/>\n<meta property=\"og:site_name\" content=\"Medicinas Inc\" \/>\n<meta property=\"article:modified_time\" content=\"2022-03-15T06:07:45+00:00\" \/>\n<meta property=\"og:image\" content=\"https:\/\/medicinasinc.com\/hr\/wp-content\/uploads\/sites\/3\/2022\/02\/Buy-India-Charas-Black-Hash.jpg\" \/>\n\t<meta property=\"og:image:width\" content=\"600\" \/>\n\t<meta property=\"og:image:height\" content=\"600\" \/>\n\t<meta property=\"og:image:type\" content=\"image\/jpeg\" \/>\n<meta name=\"twitter:card\" content=\"summary_large_image\" \/>\n<meta name=\"twitter:label1\" content=\"Procijenjeno vrijeme \u010ditanja\" \/>\n\t<meta name=\"twitter:data1\" content=\"2 minute\" \/>\n<script type=\"application\/ld+json\" class=\"yoast-schema-graph\">{\"@context\":\"https:\\\/\\\/schema.org\",\"@graph\":[{\"@type\":\"WebPage\",\"@id\":\"https:\\\/\\\/medicinasinc.com\\\/hr\\\/product\\\/buy-india-charas-black-hash\\\/\",\"url\":\"https:\\\/\\\/medicinasinc.com\\\/hr\\\/product\\\/buy-india-charas-black-hash\\\/\",\"name\":\"Kupite India Charas Black Hash - najbolji najbolji globalni lijekovi\",\"isPartOf\":{\"@id\":\"https:\\\/\\\/medicinasinc.com\\\/hr\\\/#website\"},\"primaryImageOfPage\":{\"@id\":\"https:\\\/\\\/medicinasinc.com\\\/hr\\\/product\\\/buy-india-charas-black-hash\\\/#primaryimage\"},\"image\":{\"@id\":\"https:\\\/\\\/medicinasinc.com\\\/hr\\\/product\\\/buy-india-charas-black-hash\\\/#primaryimage\"},\"thumbnailUrl\":\"https:\\\/\\\/medicinasinc.com\\\/hr\\\/wp-content\\\/uploads\\\/sites\\\/3\\\/2022\\\/02\\\/Buy-India-Charas-Black-Hash.jpg\",\"datePublished\":\"2022-02-20T14:27:35+00:00\",\"dateModified\":\"2022-03-15T06:07:45+00:00\",\"description\":\"Kupite India Charas Black Hash online. Jednostavan za rad, ima o\u0161tru, za\u010dinjenu aromu i pru\u017ea sna\u017eno zujanje tijela. Naru\u010dite crni ha\u0161i\u0161 ovdje.\",\"breadcrumb\":{\"@id\":\"https:\\\/\\\/medicinasinc.com\\\/hr\\\/product\\\/buy-india-charas-black-hash\\\/#breadcrumb\"},\"inLanguage\":\"hr\",\"potentialAction\":[{\"@type\":\"ReadAction\",\"target\":[\"https:\\\/\\\/medicinasinc.com\\\/hr\\\/product\\\/buy-india-charas-black-hash\\\/\"]}]},{\"@type\":\"ImageObject\",\"inLanguage\":\"hr\",\"@id\":\"https:\\\/\\\/medicinasinc.com\\\/hr\\\/product\\\/buy-india-charas-black-hash\\\/#primaryimage\",\"url\":\"https:\\\/\\\/medicinasinc.com\\\/hr\\\/wp-content\\\/uploads\\\/sites\\\/3\\\/2022\\\/02\\\/Buy-India-Charas-Black-Hash.jpg\",\"contentUrl\":\"https:\\\/\\\/medicinasinc.com\\\/hr\\\/wp-content\\\/uploads\\\/sites\\\/3\\\/2022\\\/02\\\/Buy-India-Charas-Black-Hash.jpg\",\"width\":600,\"height\":600},{\"@type\":\"BreadcrumbList\",\"@id\":\"https:\\\/\\\/medicinasinc.com\\\/hr\\\/product\\\/buy-india-charas-black-hash\\\/#breadcrumb\",\"itemListElement\":[{\"@type\":\"ListItem\",\"position\":1,\"name\":\"Du\u0107an\",\"item\":\"https:\\\/\\\/medicinasinc.com\\\/hr\\\/ducan\\\/\"},{\"@type\":\"ListItem\",\"position\":2,\"name\":\"Kupite India Charas Black Hash\"}]},{\"@type\":\"WebSite\",\"@id\":\"https:\\\/\\\/medicinasinc.com\\\/hr\\\/#website\",\"url\":\"https:\\\/\\\/medicinasinc.com\\\/hr\\\/\",\"name\":\"Medicinas Inc\",\"description\":\"Health Medical Clinic\",\"potentialAction\":[{\"@type\":\"SearchAction\",\"target\":{\"@type\":\"EntryPoint\",\"urlTemplate\":\"https:\\\/\\\/medicinasinc.com\\\/hr\\\/?s={search_term_string}\"},\"query-input\":{\"@type\":\"PropertyValueSpecification\",\"valueRequired\":true,\"valueName\":\"search_term_string\"}}],\"inLanguage\":\"hr\"}]}<\/script>\n<!-- \/ Yoast SEO plugin. -->","yoast_head_json":{"title":"Kupite India Charas Black Hash - najbolji najbolji globalni lijekovi","description":"Kupite India Charas Black Hash online. Jednostavan za rad, ima o\u0161tru, za\u010dinjenu aromu i pru\u017ea sna\u017eno zujanje tijela. Naru\u010dite crni ha\u0161i\u0161 ovdje.","robots":{"index":"index","follow":"follow","max-snippet":"max-snippet:-1","max-image-preview":"max-image-preview:large","max-video-preview":"max-video-preview:-1"},"canonical":"https:\/\/medicinasinc.com\/hr\/product\/buy-india-charas-black-hash\/","og_locale":"hr_HR","og_type":"article","og_title":"Kupite India Charas Black Hash - najbolji najbolji globalni lijekovi","og_description":"Kupite India Charas Black Hash online. Jednostavan za rad, ima o\u0161tru, za\u010dinjenu aromu i pru\u017ea sna\u017eno zujanje tijela. Naru\u010dite crni ha\u0161i\u0161 ovdje.","og_url":"https:\/\/medicinasinc.com\/hr\/product\/buy-india-charas-black-hash\/","og_site_name":"Medicinas Inc","article_modified_time":"2022-03-15T06:07:45+00:00","og_image":[{"width":600,"height":600,"url":"https:\/\/medicinasinc.com\/hr\/wp-content\/uploads\/sites\/3\/2022\/02\/Buy-India-Charas-Black-Hash.jpg","type":"image\/jpeg"}],"twitter_card":"summary_large_image","twitter_misc":{"Procijenjeno vrijeme \u010ditanja":"2 minute"},"schema":{"@context":"https:\/\/schema.org","@graph":[{"@type":"WebPage","@id":"https:\/\/medicinasinc.com\/hr\/product\/buy-india-charas-black-hash\/","url":"https:\/\/medicinasinc.com\/hr\/product\/buy-india-charas-black-hash\/","name":"Kupite India Charas Black Hash - najbolji najbolji globalni lijekovi","isPartOf":{"@id":"https:\/\/medicinasinc.com\/hr\/#website"},"primaryImageOfPage":{"@id":"https:\/\/medicinasinc.com\/hr\/product\/buy-india-charas-black-hash\/#primaryimage"},"image":{"@id":"https:\/\/medicinasinc.com\/hr\/product\/buy-india-charas-black-hash\/#primaryimage"},"thumbnailUrl":"https:\/\/medicinasinc.com\/hr\/wp-content\/uploads\/sites\/3\/2022\/02\/Buy-India-Charas-Black-Hash.jpg","datePublished":"2022-02-20T14:27:35+00:00","dateModified":"2022-03-15T06:07:45+00:00","description":"Kupite India Charas Black Hash online. Jednostavan za rad, ima o\u0161tru, za\u010dinjenu aromu i pru\u017ea sna\u017eno zujanje tijela. Naru\u010dite crni ha\u0161i\u0161 ovdje.","breadcrumb":{"@id":"https:\/\/medicinasinc.com\/hr\/product\/buy-india-charas-black-hash\/#breadcrumb"},"inLanguage":"hr","potentialAction":[{"@type":"ReadAction","target":["https:\/\/medicinasinc.com\/hr\/product\/buy-india-charas-black-hash\/"]}]},{"@type":"ImageObject","inLanguage":"hr","@id":"https:\/\/medicinasinc.com\/hr\/product\/buy-india-charas-black-hash\/#primaryimage","url":"https:\/\/medicinasinc.com\/hr\/wp-content\/uploads\/sites\/3\/2022\/02\/Buy-India-Charas-Black-Hash.jpg","contentUrl":"https:\/\/medicinasinc.com\/hr\/wp-content\/uploads\/sites\/3\/2022\/02\/Buy-India-Charas-Black-Hash.jpg","width":600,"height":600},{"@type":"BreadcrumbList","@id":"https:\/\/medicinasinc.com\/hr\/product\/buy-india-charas-black-hash\/#breadcrumb","itemListElement":[{"@type":"ListItem","position":1,"name":"Du\u0107an","item":"https:\/\/medicinasinc.com\/hr\/ducan\/"},{"@type":"ListItem","position":2,"name":"Kupite India Charas Black Hash"}]},{"@type":"WebSite","@id":"https:\/\/medicinasinc.com\/hr\/#website","url":"https:\/\/medicinasinc.com\/hr\/","name":"Medicinas Inc","description":"Health Medical Clinic","potentialAction":[{"@type":"SearchAction","target":{"@type":"EntryPoint","urlTemplate":"https:\/\/medicinasinc.com\/hr\/?s={search_term_string}"},"query-input":{"@type":"PropertyValueSpecification","valueRequired":true,"valueName":"search_term_string"}}],"inLanguage":"hr"}]}},"_links":{"self":[{"href":"https:\/\/medicinasinc.com\/hr\/wp-json\/wp\/v2\/product\/4667","targetHints":{"allow":["GET"]}}],"collection":[{"href":"https:\/\/medicinasinc.com\/hr\/wp-json\/wp\/v2\/product"}],"about":[{"href":"https:\/\/medicinasinc.com\/hr\/wp-json\/wp\/v2\/types\/product"}],"replies":[{"embeddable":true,"href":"https:\/\/medicinasinc.com\/hr\/wp-json\/wp\/v2\/comments?post=4667"}],"wp:featuredmedia":[{"embeddable":true,"href":"https:\/\/medicinasinc.com\/hr\/wp-json\/wp\/v2\/media\/4681"}],"wp:attachment":[{"href":"https:\/\/medicinasinc.com\/hr\/wp-json\/wp\/v2\/media?parent=4667"}],"wp:term":[{"taxonomy":"product_brand","embeddable":true,"href":"https:\/\/medicinasinc.com\/hr\/wp-json\/wp\/v2\/product_brand?post=4667"},{"taxonomy":"product_cat","embeddable":true,"href":"https:\/\/medicinasinc.com\/hr\/wp-json\/wp\/v2\/product_cat?post=4667"},{"taxonomy":"product_tag","embeddable":true,"href":"https:\/\/medicinasinc.com\/hr\/wp-json\/wp\/v2\/product_tag?post=4667"}],"curies":[{"name":"wp","href":"https:\/\/api.w.org\/{rel}","templated":true}]}}