{"id":4666,"date":"2022-02-20T14:26:53","date_gmt":"2022-02-20T14:26:53","guid":{"rendered":"https:\/\/medicinasinc.com\/hr\/?post_type=product&#038;p=4666"},"modified":"2022-03-15T06:07:53","modified_gmt":"2022-03-15T06:07:53","slug":"kupi-led-hes-stapici","status":"publish","type":"product","link":"https:\/\/medicinasinc.com\/hr\/product\/kupi-led-hes-stapici\/","title":{"rendered":"Kupite Ice Hash \u0161tapi\u0107e"},"content":{"rendered":"<p>Ice Hash brzo stje\u010de popularnost kao metoda za proizvodnju visokokvalitetnog hasha koja nije potrebna za odr\u017eavanje. Marihuana se pomije\u0161a s vodom i zatim filtrira kroz razne vrste tkanina. Smola koja nastaje je nevjerojatna. Hash \u0161tapi\u0107i napravljeni od leda. Postoje brojne metode za stvaranje Ice Hash-a. Mo\u017eete kupiti Ice-o-lators online za stvaranje Ice Hash-a. Kupite Hash \u0161tapi\u0107e napravljene od leda<\/p>\n<p>Kako se definira Ha\u0161i\u0161 (Ha\u0161)?<\/p>\n<p>&#8220;Ha\u0161i\u0161 je psihoaktivna tvar koja se dobiva iz smolastih \u017elijezda \u017eenske biljke kanabisa (tu\u010dka). [\u2026 ] Cilj je izolirati (i tako koncentrirati) smolu koja sadr\u017ei THC kako bi se proizveo ha\u0161i\u0161.&#8221; Hash \u0161tapi\u0107i napravljeni od leda<\/p>\n<p>Kupite ledene Hash \u0161tapi\u0107e | Kupite Ice Hash \u0161tapi\u0107e | Kupite Ice Hash \u0161tapi\u0107e<\/p>\n<p>Jednostavno re\u010deno, ha\u0161i\u0161 (koji \u0107emo sada nazivati \u200b\u200bha\u0161i\u0161) je izolirana smolasta \u017elijezda biljke kanabisa. Jo\u0161 jednostavnije, ha\u0161 je kada se dobra ljepljiva stvar iz va\u0161eg kanabisa izvu\u010de u potpunosti sama. Ha\u0161 je, na neki na\u010din, destilirana konoplja! Hash \u0161tapi\u0107i napravljeni od leda<\/p>\n<p>Pravljenje ha\u0161i\u0161a suhim ledom najjednostavniji je, najbr\u017ei i naju\u010dinkovitiji na\u010din va\u0111enja smole iz kanabisa. Ukratko, ovo je na\u0161e kolektivno mi\u0161ljenje. Dry Ice Hash je optimalna metoda proizvodnje hasha. Hash \u0161tapi\u0107i napravljeni od leda<\/p>\n<p>&nbsp;<\/p>\n<p>Po \u010demu je Dry Ice Hash jedinstven?<\/p>\n<p>Iako nisu svi hashevi identi\u010dni, mnogi su prili\u010dno sli\u010dni.<\/p>\n<p> &gt; <\/p>\n<p>Hash vode \u2013 alternativno se naziva ledeni hash, mjehuri\u0107 hash, gravitacijski (Gumby) hash i hash suhog leda \u2013 svi proizvode izolirane smolne \u017elijezde.<\/p>\n<p>Hash \u0161tapi\u0107i napravljeni od leda<\/p>\n<p>Iako mnoge metode proizvode isti ili sli\u010dan proizvod, kori\u0161tenje suhog leda ima niz prednosti u odnosu na druge metode prikupljanja smole:<\/p>\n<p>Prikladnije je od alternativnih metoda.<br \/> Mo\u017eete dovr\u0161ite hash suhog leda za oko 1\/25 vremena potrebnog za dovr\u0161etak gravitacijskog hasha! Iako je taj primjer ekstreman, pravljenje he\u0161a od suhog leda traje samo nekoliko minuta i znatno je br\u017ee od ostalih metoda. Hash \u0161tapi\u0107i napravljeni od leda<br \/> Smije\u0161no je jednostavan, a ta jednostavnost se pretvara u trenutno zadovoljstvo. Dobivate vrhunski hash za manje od 15 minuta protresanjem kante i vre\u0107ice.<br \/> Nema vlage!<br \/> To zna\u010di da je smola spremna odmah nakon \u0161to se otrese!<\/p>\n","protected":false},"excerpt":{"rendered":"<div class=\"woocommerce-product-details__short-description\">\n<p>Ice Hash \u0161tapi\u0107i, tako\u0111er poznati kao tajlandski \u0161tapi\u0107i, \u010dista su sativa landrasa koja potje\u010de iz Tajlanda i stigla je do Sjedinjenih Dr\u017eava 1970-ih.<\/p>\n<p>Ice Hash brzo stje\u010de popularnost kao metoda za proizvodnju visokokvalitetnog hasha koja nije potrebna za odr\u017eavanje. Marihuana se pomije\u0161a s vodom i zatim filtrira kroz razne vrste tkanina. Smola koja nastaje je nevjerojatna. Hash \u0161tapi\u0107i napravljeni od leda. Postoje brojne metode za stvaranje Ice Hash-a. Mo\u017eete kupiti Ice-o-lators online za stvaranje Ice Hash-a. Kupite Hash \u0161tapi\u0107e napravljene od leda<\/p>\n<\/p><\/div>\n","protected":false},"featured_media":4679,"comment_status":"open","ping_status":"closed","template":"","meta":[],"product_brand":[],"product_cat":[610],"product_tag":[],"class_list":{"0":"post-4666","1":"product","2":"type-product","3":"status-publish","4":"has-post-thumbnail","6":"product_cat-kupi-hash-hashish","8":"first","9":"instock","10":"shipping-taxable","11":"purchasable","12":"product-type-variable","13":"has-default-attributes"},"yoast_head":"<!-- This site is optimized with the Yoast SEO plugin v27.3 - https:\/\/yoast.com\/product\/yoast-seo-wordpress\/ -->\n<title>Kupite Ice Hash Sticks - Najbolji najbolji svjetski lijekovi<\/title>\n<meta name=\"description\" content=\"Kupite Ice Hash Sticks za prodaju Velika Britanija, Europa Online tako\u0111er poznata kao Thai Sticks je \u010dista sativa landrasa koja je zapo\u010dela u Tajlandu, a u SAD je stigla tek 70-ih godina.\" \/>\n<meta name=\"robots\" content=\"index, follow, max-snippet:-1, max-image-preview:large, max-video-preview:-1\" \/>\n<link rel=\"canonical\" href=\"https:\/\/medicinasinc.com\/hr\/product\/kupi-led-hes-stapici\/\" \/>\n<meta property=\"og:locale\" content=\"hr_HR\" \/>\n<meta property=\"og:type\" content=\"article\" \/>\n<meta property=\"og:title\" content=\"Kupite Ice Hash Sticks - Najbolji najbolji svjetski lijekovi\" \/>\n<meta property=\"og:description\" content=\"Kupite Ice Hash Sticks za prodaju Velika Britanija, Europa Online tako\u0111er poznata kao Thai Sticks je \u010dista sativa landrasa koja je zapo\u010dela u Tajlandu, a u SAD je stigla tek 70-ih godina.\" \/>\n<meta property=\"og:url\" content=\"https:\/\/medicinasinc.com\/hr\/product\/kupi-led-hes-stapici\/\" \/>\n<meta property=\"og:site_name\" content=\"Medicinas Inc\" \/>\n<meta property=\"article:modified_time\" content=\"2022-03-15T06:07:53+00:00\" \/>\n<meta property=\"og:image\" content=\"https:\/\/medicinasinc.com\/hr\/wp-content\/uploads\/sites\/3\/2022\/02\/Buy-Ice-Hash-Sticks.jpg\" \/>\n\t<meta property=\"og:image:width\" content=\"600\" \/>\n\t<meta property=\"og:image:height\" content=\"600\" \/>\n\t<meta property=\"og:image:type\" content=\"image\/jpeg\" \/>\n<meta name=\"twitter:card\" content=\"summary_large_image\" \/>\n<meta name=\"twitter:label1\" content=\"Procijenjeno vrijeme \u010ditanja\" \/>\n\t<meta name=\"twitter:data1\" content=\"2 minute\" \/>\n<script type=\"application\/ld+json\" class=\"yoast-schema-graph\">{\"@context\":\"https:\\\/\\\/schema.org\",\"@graph\":[{\"@type\":\"WebPage\",\"@id\":\"https:\\\/\\\/medicinasinc.com\\\/hr\\\/product\\\/kupi-led-hes-stapici\\\/\",\"url\":\"https:\\\/\\\/medicinasinc.com\\\/hr\\\/product\\\/kupi-led-hes-stapici\\\/\",\"name\":\"Kupite Ice Hash Sticks - Najbolji najbolji svjetski lijekovi\",\"isPartOf\":{\"@id\":\"https:\\\/\\\/medicinasinc.com\\\/hr\\\/#website\"},\"primaryImageOfPage\":{\"@id\":\"https:\\\/\\\/medicinasinc.com\\\/hr\\\/product\\\/kupi-led-hes-stapici\\\/#primaryimage\"},\"image\":{\"@id\":\"https:\\\/\\\/medicinasinc.com\\\/hr\\\/product\\\/kupi-led-hes-stapici\\\/#primaryimage\"},\"thumbnailUrl\":\"https:\\\/\\\/medicinasinc.com\\\/hr\\\/wp-content\\\/uploads\\\/sites\\\/3\\\/2022\\\/02\\\/Buy-Ice-Hash-Sticks.jpg\",\"datePublished\":\"2022-02-20T14:26:53+00:00\",\"dateModified\":\"2022-03-15T06:07:53+00:00\",\"description\":\"Kupite Ice Hash Sticks za prodaju Velika Britanija, Europa Online tako\u0111er poznata kao Thai Sticks je \u010dista sativa landrasa koja je zapo\u010dela u Tajlandu, a u SAD je stigla tek 70-ih godina.\",\"breadcrumb\":{\"@id\":\"https:\\\/\\\/medicinasinc.com\\\/hr\\\/product\\\/kupi-led-hes-stapici\\\/#breadcrumb\"},\"inLanguage\":\"hr\",\"potentialAction\":[{\"@type\":\"ReadAction\",\"target\":[\"https:\\\/\\\/medicinasinc.com\\\/hr\\\/product\\\/kupi-led-hes-stapici\\\/\"]}]},{\"@type\":\"ImageObject\",\"inLanguage\":\"hr\",\"@id\":\"https:\\\/\\\/medicinasinc.com\\\/hr\\\/product\\\/kupi-led-hes-stapici\\\/#primaryimage\",\"url\":\"https:\\\/\\\/medicinasinc.com\\\/hr\\\/wp-content\\\/uploads\\\/sites\\\/3\\\/2022\\\/02\\\/Buy-Ice-Hash-Sticks.jpg\",\"contentUrl\":\"https:\\\/\\\/medicinasinc.com\\\/hr\\\/wp-content\\\/uploads\\\/sites\\\/3\\\/2022\\\/02\\\/Buy-Ice-Hash-Sticks.jpg\",\"width\":600,\"height\":600},{\"@type\":\"BreadcrumbList\",\"@id\":\"https:\\\/\\\/medicinasinc.com\\\/hr\\\/product\\\/kupi-led-hes-stapici\\\/#breadcrumb\",\"itemListElement\":[{\"@type\":\"ListItem\",\"position\":1,\"name\":\"Du\u0107an\",\"item\":\"https:\\\/\\\/medicinasinc.com\\\/hr\\\/ducan\\\/\"},{\"@type\":\"ListItem\",\"position\":2,\"name\":\"Kupite Ice Hash \u0161tapi\u0107e\"}]},{\"@type\":\"WebSite\",\"@id\":\"https:\\\/\\\/medicinasinc.com\\\/hr\\\/#website\",\"url\":\"https:\\\/\\\/medicinasinc.com\\\/hr\\\/\",\"name\":\"Medicinas Inc\",\"description\":\"Health Medical Clinic\",\"potentialAction\":[{\"@type\":\"SearchAction\",\"target\":{\"@type\":\"EntryPoint\",\"urlTemplate\":\"https:\\\/\\\/medicinasinc.com\\\/hr\\\/?s={search_term_string}\"},\"query-input\":{\"@type\":\"PropertyValueSpecification\",\"valueRequired\":true,\"valueName\":\"search_term_string\"}}],\"inLanguage\":\"hr\"}]}<\/script>\n<!-- \/ Yoast SEO plugin. -->","yoast_head_json":{"title":"Kupite Ice Hash Sticks - Najbolji najbolji svjetski lijekovi","description":"Kupite Ice Hash Sticks za prodaju Velika Britanija, Europa Online tako\u0111er poznata kao Thai Sticks je \u010dista sativa landrasa koja je zapo\u010dela u Tajlandu, a u SAD je stigla tek 70-ih godina.","robots":{"index":"index","follow":"follow","max-snippet":"max-snippet:-1","max-image-preview":"max-image-preview:large","max-video-preview":"max-video-preview:-1"},"canonical":"https:\/\/medicinasinc.com\/hr\/product\/kupi-led-hes-stapici\/","og_locale":"hr_HR","og_type":"article","og_title":"Kupite Ice Hash Sticks - Najbolji najbolji svjetski lijekovi","og_description":"Kupite Ice Hash Sticks za prodaju Velika Britanija, Europa Online tako\u0111er poznata kao Thai Sticks je \u010dista sativa landrasa koja je zapo\u010dela u Tajlandu, a u SAD je stigla tek 70-ih godina.","og_url":"https:\/\/medicinasinc.com\/hr\/product\/kupi-led-hes-stapici\/","og_site_name":"Medicinas Inc","article_modified_time":"2022-03-15T06:07:53+00:00","og_image":[{"width":600,"height":600,"url":"https:\/\/medicinasinc.com\/hr\/wp-content\/uploads\/sites\/3\/2022\/02\/Buy-Ice-Hash-Sticks.jpg","type":"image\/jpeg"}],"twitter_card":"summary_large_image","twitter_misc":{"Procijenjeno vrijeme \u010ditanja":"2 minute"},"schema":{"@context":"https:\/\/schema.org","@graph":[{"@type":"WebPage","@id":"https:\/\/medicinasinc.com\/hr\/product\/kupi-led-hes-stapici\/","url":"https:\/\/medicinasinc.com\/hr\/product\/kupi-led-hes-stapici\/","name":"Kupite Ice Hash Sticks - Najbolji najbolji svjetski lijekovi","isPartOf":{"@id":"https:\/\/medicinasinc.com\/hr\/#website"},"primaryImageOfPage":{"@id":"https:\/\/medicinasinc.com\/hr\/product\/kupi-led-hes-stapici\/#primaryimage"},"image":{"@id":"https:\/\/medicinasinc.com\/hr\/product\/kupi-led-hes-stapici\/#primaryimage"},"thumbnailUrl":"https:\/\/medicinasinc.com\/hr\/wp-content\/uploads\/sites\/3\/2022\/02\/Buy-Ice-Hash-Sticks.jpg","datePublished":"2022-02-20T14:26:53+00:00","dateModified":"2022-03-15T06:07:53+00:00","description":"Kupite Ice Hash Sticks za prodaju Velika Britanija, Europa Online tako\u0111er poznata kao Thai Sticks je \u010dista sativa landrasa koja je zapo\u010dela u Tajlandu, a u SAD je stigla tek 70-ih godina.","breadcrumb":{"@id":"https:\/\/medicinasinc.com\/hr\/product\/kupi-led-hes-stapici\/#breadcrumb"},"inLanguage":"hr","potentialAction":[{"@type":"ReadAction","target":["https:\/\/medicinasinc.com\/hr\/product\/kupi-led-hes-stapici\/"]}]},{"@type":"ImageObject","inLanguage":"hr","@id":"https:\/\/medicinasinc.com\/hr\/product\/kupi-led-hes-stapici\/#primaryimage","url":"https:\/\/medicinasinc.com\/hr\/wp-content\/uploads\/sites\/3\/2022\/02\/Buy-Ice-Hash-Sticks.jpg","contentUrl":"https:\/\/medicinasinc.com\/hr\/wp-content\/uploads\/sites\/3\/2022\/02\/Buy-Ice-Hash-Sticks.jpg","width":600,"height":600},{"@type":"BreadcrumbList","@id":"https:\/\/medicinasinc.com\/hr\/product\/kupi-led-hes-stapici\/#breadcrumb","itemListElement":[{"@type":"ListItem","position":1,"name":"Du\u0107an","item":"https:\/\/medicinasinc.com\/hr\/ducan\/"},{"@type":"ListItem","position":2,"name":"Kupite Ice Hash \u0161tapi\u0107e"}]},{"@type":"WebSite","@id":"https:\/\/medicinasinc.com\/hr\/#website","url":"https:\/\/medicinasinc.com\/hr\/","name":"Medicinas Inc","description":"Health Medical Clinic","potentialAction":[{"@type":"SearchAction","target":{"@type":"EntryPoint","urlTemplate":"https:\/\/medicinasinc.com\/hr\/?s={search_term_string}"},"query-input":{"@type":"PropertyValueSpecification","valueRequired":true,"valueName":"search_term_string"}}],"inLanguage":"hr"}]}},"_links":{"self":[{"href":"https:\/\/medicinasinc.com\/hr\/wp-json\/wp\/v2\/product\/4666","targetHints":{"allow":["GET"]}}],"collection":[{"href":"https:\/\/medicinasinc.com\/hr\/wp-json\/wp\/v2\/product"}],"about":[{"href":"https:\/\/medicinasinc.com\/hr\/wp-json\/wp\/v2\/types\/product"}],"replies":[{"embeddable":true,"href":"https:\/\/medicinasinc.com\/hr\/wp-json\/wp\/v2\/comments?post=4666"}],"wp:featuredmedia":[{"embeddable":true,"href":"https:\/\/medicinasinc.com\/hr\/wp-json\/wp\/v2\/media\/4679"}],"wp:attachment":[{"href":"https:\/\/medicinasinc.com\/hr\/wp-json\/wp\/v2\/media?parent=4666"}],"wp:term":[{"taxonomy":"product_brand","embeddable":true,"href":"https:\/\/medicinasinc.com\/hr\/wp-json\/wp\/v2\/product_brand?post=4666"},{"taxonomy":"product_cat","embeddable":true,"href":"https:\/\/medicinasinc.com\/hr\/wp-json\/wp\/v2\/product_cat?post=4666"},{"taxonomy":"product_tag","embeddable":true,"href":"https:\/\/medicinasinc.com\/hr\/wp-json\/wp\/v2\/product_tag?post=4666"}],"curies":[{"name":"wp","href":"https:\/\/api.w.org\/{rel}","templated":true}]}}