{"id":4635,"date":"2022-02-20T14:04:42","date_gmt":"2022-02-20T14:04:42","guid":{"rendered":"https:\/\/medicinasinc.com\/hr\/?post_type=product&#038;p=4635"},"modified":"2022-03-15T06:08:21","modified_gmt":"2022-03-15T06:08:21","slug":"kupi-caras-has","status":"publish","type":"product","link":"https:\/\/medicinasinc.com\/hr\/product\/kupi-caras-has\/","title":{"rendered":"Kupite Charas Hash"},"content":{"rendered":"<p>Online kupnja Charas Hasha<\/p>\n<p>Online kupnja Charas Hasha. Nastao pomnim \u010di\u0161\u0107enjem \u017eenskih pupoljaka izme\u0111u prstiju. Pitch se isporu\u010duje u Hash-loptama i cijedi se u standardne komade prije otpreme. Crna izvana, tamno zelenkasto\/tamno obojena iznutra. Aroma: za\u010dinjena do izrazito o\u0161tra. Ima nepogre\u0161ivu aromu. Okus: Vrlo ljut, prili\u010dno o\u0161tar za grlo, ali daleko manje od afganistanskog. Konzistencija: Iznimno nje\u017ena, sli\u010dna Afghani po svojoj sposobnosti da se u\u010dinkovito masira. Povremeno vrlo fino, ali stalno gusto. Utjecaj: Iznimno kamenit i fizi\u010dki stimuliraju\u0107i visok. Cerebralni. Sna\u017ean do iznimno mo\u0107an. Charas, poput Nepala, \u010desto proizvodi izvrstan dim. (10-26% THC) Dostupnost: Izuzetno rijetko; iznimno male koli\u010dine povremeno postaju dostupne. Ve\u0107inu ove vrste ha\u0161i\u0161a u Indiju uvoze privatni putnici. Naravno, cijena je visoka u nepalskim uvjetima. Charas se obi\u010dno prodaje kao &#8216;prst&#8217;, \u0161to je hash u obliku hotdog-a.<\/p>\n","protected":false},"excerpt":{"rendered":"<div class=\"woocommerce-product-details__short-description\">\n<p>Kupite Charas Hash za prodaju u UK, Europi online jeftino s dostavom diljem svijeta. To je prepoznatljiv i robustan koncentrat koji je vrlo dobar za bol, tjeskobu i mu\u010dninu.<\/p>\n<\/p><\/div>\n","protected":false},"featured_media":4649,"comment_status":"open","ping_status":"closed","template":"","meta":[],"product_brand":[],"product_cat":[610],"product_tag":[],"class_list":{"0":"post-4635","1":"product","2":"type-product","3":"status-publish","4":"has-post-thumbnail","6":"product_cat-kupi-hash-hashish","8":"first","9":"instock","10":"shipping-taxable","11":"purchasable","12":"product-type-variable","13":"has-default-attributes"},"yoast_head":"<!-- This site is optimized with the Yoast SEO plugin v27.3 - https:\/\/yoast.com\/product\/yoast-seo-wordpress\/ -->\n<title>Kupite Charas Hash - najbolji najbolji globalni lijekovi<\/title>\n<meta name=\"description\" content=\"Kupite Charas Hash za prodaju UK, Europa Online jeftino s dostavom diljem svijeta. To je osebujan i robustan koncentrat koji je vrlo dobar za bol, tjeskobu i mu\u010dninu.\" \/>\n<meta name=\"robots\" content=\"index, follow, max-snippet:-1, max-image-preview:large, max-video-preview:-1\" \/>\n<link rel=\"canonical\" href=\"https:\/\/medicinasinc.com\/hr\/product\/kupi-caras-has\/\" \/>\n<meta property=\"og:locale\" content=\"hr_HR\" \/>\n<meta property=\"og:type\" content=\"article\" \/>\n<meta property=\"og:title\" content=\"Kupite Charas Hash - najbolji najbolji globalni lijekovi\" \/>\n<meta property=\"og:description\" content=\"Kupite Charas Hash za prodaju UK, Europa Online jeftino s dostavom diljem svijeta. To je osebujan i robustan koncentrat koji je vrlo dobar za bol, tjeskobu i mu\u010dninu.\" \/>\n<meta property=\"og:url\" content=\"https:\/\/medicinasinc.com\/hr\/product\/kupi-caras-has\/\" \/>\n<meta property=\"og:site_name\" content=\"Medicinas Inc\" \/>\n<meta property=\"article:modified_time\" content=\"2022-03-15T06:08:21+00:00\" \/>\n<meta property=\"og:image\" content=\"https:\/\/medicinasinc.com\/hr\/wp-content\/uploads\/sites\/3\/2022\/02\/Buy-Charas-Hash-Online.jpg\" \/>\n\t<meta property=\"og:image:width\" content=\"600\" \/>\n\t<meta property=\"og:image:height\" content=\"600\" \/>\n\t<meta property=\"og:image:type\" content=\"image\/jpeg\" \/>\n<meta name=\"twitter:card\" content=\"summary_large_image\" \/>\n<meta name=\"twitter:label1\" content=\"Procijenjeno vrijeme \u010ditanja\" \/>\n\t<meta name=\"twitter:data1\" content=\"1 minuta\" \/>\n<script type=\"application\/ld+json\" class=\"yoast-schema-graph\">{\"@context\":\"https:\\\/\\\/schema.org\",\"@graph\":[{\"@type\":\"WebPage\",\"@id\":\"https:\\\/\\\/medicinasinc.com\\\/hr\\\/product\\\/kupi-caras-has\\\/\",\"url\":\"https:\\\/\\\/medicinasinc.com\\\/hr\\\/product\\\/kupi-caras-has\\\/\",\"name\":\"Kupite Charas Hash - najbolji najbolji globalni lijekovi\",\"isPartOf\":{\"@id\":\"https:\\\/\\\/medicinasinc.com\\\/hr\\\/#website\"},\"primaryImageOfPage\":{\"@id\":\"https:\\\/\\\/medicinasinc.com\\\/hr\\\/product\\\/kupi-caras-has\\\/#primaryimage\"},\"image\":{\"@id\":\"https:\\\/\\\/medicinasinc.com\\\/hr\\\/product\\\/kupi-caras-has\\\/#primaryimage\"},\"thumbnailUrl\":\"https:\\\/\\\/medicinasinc.com\\\/hr\\\/wp-content\\\/uploads\\\/sites\\\/3\\\/2022\\\/02\\\/Buy-Charas-Hash-Online.jpg\",\"datePublished\":\"2022-02-20T14:04:42+00:00\",\"dateModified\":\"2022-03-15T06:08:21+00:00\",\"description\":\"Kupite Charas Hash za prodaju UK, Europa Online jeftino s dostavom diljem svijeta. To je osebujan i robustan koncentrat koji je vrlo dobar za bol, tjeskobu i mu\u010dninu.\",\"breadcrumb\":{\"@id\":\"https:\\\/\\\/medicinasinc.com\\\/hr\\\/product\\\/kupi-caras-has\\\/#breadcrumb\"},\"inLanguage\":\"hr\",\"potentialAction\":[{\"@type\":\"ReadAction\",\"target\":[\"https:\\\/\\\/medicinasinc.com\\\/hr\\\/product\\\/kupi-caras-has\\\/\"]}]},{\"@type\":\"ImageObject\",\"inLanguage\":\"hr\",\"@id\":\"https:\\\/\\\/medicinasinc.com\\\/hr\\\/product\\\/kupi-caras-has\\\/#primaryimage\",\"url\":\"https:\\\/\\\/medicinasinc.com\\\/hr\\\/wp-content\\\/uploads\\\/sites\\\/3\\\/2022\\\/02\\\/Buy-Charas-Hash-Online.jpg\",\"contentUrl\":\"https:\\\/\\\/medicinasinc.com\\\/hr\\\/wp-content\\\/uploads\\\/sites\\\/3\\\/2022\\\/02\\\/Buy-Charas-Hash-Online.jpg\",\"width\":600,\"height\":600},{\"@type\":\"BreadcrumbList\",\"@id\":\"https:\\\/\\\/medicinasinc.com\\\/hr\\\/product\\\/kupi-caras-has\\\/#breadcrumb\",\"itemListElement\":[{\"@type\":\"ListItem\",\"position\":1,\"name\":\"Du\u0107an\",\"item\":\"https:\\\/\\\/medicinasinc.com\\\/hr\\\/ducan\\\/\"},{\"@type\":\"ListItem\",\"position\":2,\"name\":\"Kupite Charas Hash\"}]},{\"@type\":\"WebSite\",\"@id\":\"https:\\\/\\\/medicinasinc.com\\\/hr\\\/#website\",\"url\":\"https:\\\/\\\/medicinasinc.com\\\/hr\\\/\",\"name\":\"Medicinas Inc\",\"description\":\"Health Medical Clinic\",\"potentialAction\":[{\"@type\":\"SearchAction\",\"target\":{\"@type\":\"EntryPoint\",\"urlTemplate\":\"https:\\\/\\\/medicinasinc.com\\\/hr\\\/?s={search_term_string}\"},\"query-input\":{\"@type\":\"PropertyValueSpecification\",\"valueRequired\":true,\"valueName\":\"search_term_string\"}}],\"inLanguage\":\"hr\"}]}<\/script>\n<!-- \/ Yoast SEO plugin. -->","yoast_head_json":{"title":"Kupite Charas Hash - najbolji najbolji globalni lijekovi","description":"Kupite Charas Hash za prodaju UK, Europa Online jeftino s dostavom diljem svijeta. To je osebujan i robustan koncentrat koji je vrlo dobar za bol, tjeskobu i mu\u010dninu.","robots":{"index":"index","follow":"follow","max-snippet":"max-snippet:-1","max-image-preview":"max-image-preview:large","max-video-preview":"max-video-preview:-1"},"canonical":"https:\/\/medicinasinc.com\/hr\/product\/kupi-caras-has\/","og_locale":"hr_HR","og_type":"article","og_title":"Kupite Charas Hash - najbolji najbolji globalni lijekovi","og_description":"Kupite Charas Hash za prodaju UK, Europa Online jeftino s dostavom diljem svijeta. To je osebujan i robustan koncentrat koji je vrlo dobar za bol, tjeskobu i mu\u010dninu.","og_url":"https:\/\/medicinasinc.com\/hr\/product\/kupi-caras-has\/","og_site_name":"Medicinas Inc","article_modified_time":"2022-03-15T06:08:21+00:00","og_image":[{"width":600,"height":600,"url":"https:\/\/medicinasinc.com\/hr\/wp-content\/uploads\/sites\/3\/2022\/02\/Buy-Charas-Hash-Online.jpg","type":"image\/jpeg"}],"twitter_card":"summary_large_image","twitter_misc":{"Procijenjeno vrijeme \u010ditanja":"1 minuta"},"schema":{"@context":"https:\/\/schema.org","@graph":[{"@type":"WebPage","@id":"https:\/\/medicinasinc.com\/hr\/product\/kupi-caras-has\/","url":"https:\/\/medicinasinc.com\/hr\/product\/kupi-caras-has\/","name":"Kupite Charas Hash - najbolji najbolji globalni lijekovi","isPartOf":{"@id":"https:\/\/medicinasinc.com\/hr\/#website"},"primaryImageOfPage":{"@id":"https:\/\/medicinasinc.com\/hr\/product\/kupi-caras-has\/#primaryimage"},"image":{"@id":"https:\/\/medicinasinc.com\/hr\/product\/kupi-caras-has\/#primaryimage"},"thumbnailUrl":"https:\/\/medicinasinc.com\/hr\/wp-content\/uploads\/sites\/3\/2022\/02\/Buy-Charas-Hash-Online.jpg","datePublished":"2022-02-20T14:04:42+00:00","dateModified":"2022-03-15T06:08:21+00:00","description":"Kupite Charas Hash za prodaju UK, Europa Online jeftino s dostavom diljem svijeta. To je osebujan i robustan koncentrat koji je vrlo dobar za bol, tjeskobu i mu\u010dninu.","breadcrumb":{"@id":"https:\/\/medicinasinc.com\/hr\/product\/kupi-caras-has\/#breadcrumb"},"inLanguage":"hr","potentialAction":[{"@type":"ReadAction","target":["https:\/\/medicinasinc.com\/hr\/product\/kupi-caras-has\/"]}]},{"@type":"ImageObject","inLanguage":"hr","@id":"https:\/\/medicinasinc.com\/hr\/product\/kupi-caras-has\/#primaryimage","url":"https:\/\/medicinasinc.com\/hr\/wp-content\/uploads\/sites\/3\/2022\/02\/Buy-Charas-Hash-Online.jpg","contentUrl":"https:\/\/medicinasinc.com\/hr\/wp-content\/uploads\/sites\/3\/2022\/02\/Buy-Charas-Hash-Online.jpg","width":600,"height":600},{"@type":"BreadcrumbList","@id":"https:\/\/medicinasinc.com\/hr\/product\/kupi-caras-has\/#breadcrumb","itemListElement":[{"@type":"ListItem","position":1,"name":"Du\u0107an","item":"https:\/\/medicinasinc.com\/hr\/ducan\/"},{"@type":"ListItem","position":2,"name":"Kupite Charas Hash"}]},{"@type":"WebSite","@id":"https:\/\/medicinasinc.com\/hr\/#website","url":"https:\/\/medicinasinc.com\/hr\/","name":"Medicinas Inc","description":"Health Medical Clinic","potentialAction":[{"@type":"SearchAction","target":{"@type":"EntryPoint","urlTemplate":"https:\/\/medicinasinc.com\/hr\/?s={search_term_string}"},"query-input":{"@type":"PropertyValueSpecification","valueRequired":true,"valueName":"search_term_string"}}],"inLanguage":"hr"}]}},"_links":{"self":[{"href":"https:\/\/medicinasinc.com\/hr\/wp-json\/wp\/v2\/product\/4635","targetHints":{"allow":["GET"]}}],"collection":[{"href":"https:\/\/medicinasinc.com\/hr\/wp-json\/wp\/v2\/product"}],"about":[{"href":"https:\/\/medicinasinc.com\/hr\/wp-json\/wp\/v2\/types\/product"}],"replies":[{"embeddable":true,"href":"https:\/\/medicinasinc.com\/hr\/wp-json\/wp\/v2\/comments?post=4635"}],"wp:featuredmedia":[{"embeddable":true,"href":"https:\/\/medicinasinc.com\/hr\/wp-json\/wp\/v2\/media\/4649"}],"wp:attachment":[{"href":"https:\/\/medicinasinc.com\/hr\/wp-json\/wp\/v2\/media?parent=4635"}],"wp:term":[{"taxonomy":"product_brand","embeddable":true,"href":"https:\/\/medicinasinc.com\/hr\/wp-json\/wp\/v2\/product_brand?post=4635"},{"taxonomy":"product_cat","embeddable":true,"href":"https:\/\/medicinasinc.com\/hr\/wp-json\/wp\/v2\/product_cat?post=4635"},{"taxonomy":"product_tag","embeddable":true,"href":"https:\/\/medicinasinc.com\/hr\/wp-json\/wp\/v2\/product_tag?post=4635"}],"curies":[{"name":"wp","href":"https:\/\/api.w.org\/{rel}","templated":true}]}}