{"id":4627,"date":"2022-02-20T13:57:00","date_gmt":"2022-02-20T13:57:00","guid":{"rendered":"https:\/\/medicinasinc.com\/hr\/?post_type=product&#038;p=4627"},"modified":"2022-03-15T06:08:38","modified_gmt":"2022-03-15T06:08:38","slug":"buy-bc-hash","status":"publish","type":"product","link":"https:\/\/medicinasinc.com\/hr\/product\/buy-bc-hash\/","title":{"rendered":"Kupite BC Hash"},"content":{"rendered":"<div class=\"woocommerce-tabs wc-tabs-wrapper\">\n<div id=\"tab-description\" class=\"woocommerce-Tabs-panel woocommerce-Tabs-panel--description panel entry-content wc-tab\" role=\"tabpanel\" aria-labelledby=\"tab-title-description\">\n<p>BC-Hash se mo\u017ee kupiti online.<\/p>\n<p>\u017delite li danas isprobati ne\u0161to novo? Na\u0161a je preporuka da provjerite ovaj visokokvalitetni hash koji je popularan i me\u0111u po\u010detnicima i me\u0111u iskusnim korisnicima marihuane. BC-Hash se mo\u017ee kupiti online.<\/p>\n<p>BC Hash ima izrazitu aromu i okus borovine.<\/p>\n<p>Iako mnogi ljudi o\u010dekuju jak miris, stvarnost je da je prili\u010dno blag, \u0161to \u010dini ovaj proizvod je i prili\u010dno prakti\u010dan. Najbolji dio je to \u0161to uzburkanost ne po\u010dinje odmah, tako da mo\u017eete uzeti svoje vrijeme i o\u010dekivati \u200b\u200bda \u0107e trajati dugo. Ovo je izvrsna opcija za one koji tra\u017ee dan opu\u0161tanja, kao i za one koji \u017eele borbu protiv tjeskobe. \u0160aljemo u Sjedinjene Ameri\u010dke Dr\u017eave, Ujedinjeno Kraljevstvo, Australiju, Kanadu i Europu, kao i u inozemstvo.<\/p>\n<\/p><\/div><\/div>\n","protected":false},"excerpt":{"rendered":"<p>Kupite BC Hash za prodaju u Ujedinjenom Kraljevstvu online u najboljoj globalnoj neredu. Naru\u010dite uljne proizvode od ha\u0161i\u0161a i BC hash. Kupite travu online ovdje i ostvarite brzu dostavu bilo gdje u Europi, Ujedinjenom Kraljevstvu.<\/p>\n<p>&nbsp;<\/p>\n<ul>\n<li>Dostava po cijelom svijetu<\/li>\n<li><strong>Ocjena: AAAA<\/strong><\/li>\n<li><strong>Kontaktirajte nas<\/strong>\u00a0za ve\u0107e narud\u017ebe<\/li>\n<\/ul>\n","protected":false},"featured_media":4639,"comment_status":"open","ping_status":"closed","template":"","meta":[],"product_brand":[],"product_cat":[610],"product_tag":[611,612,614,615,620,622,623,454,629,630,634,459,635,637,638,639,640,641,644,470,473,475,653,655,654,624,455,627,628,648,651,645,636,621,618,616,617,625,626,633,631,632,461,642,643,649,652,619,646,647,650,656,659,657,658,661,662,664,665,613,671,673,674,675,672,676,677,678,679,663,680,660,669,670,668,666,667,682,681],"class_list":{"0":"post-4627","1":"product","2":"type-product","3":"status-publish","4":"has-post-thumbnail","6":"product_cat-kupi-hash-hashish","7":"product_tag-420-narudba-marihuana-usa","8":"product_tag-420-mail-order-usa","9":"product_tag-best-online-dispensary","10":"product_tag-buy-cannabis-oil-online","11":"product_tag-kupnja-dabs-online-narudba-putem-pote","12":"product_tag-buy-hash-online-uk","13":"product_tag-buy-high-thc-cannabis-oil-online","14":"product_tag-buy-marijuana-edibles-online","15":"product_tag-buy-marijuana-online-ca","16":"product_tag-buy-marijuana-online-discreet-packaging","17":"product_tag-buy-marijuana-online-uk","18":"product_tag-buy-marijuana-online-usa","19":"product_tag-buy-marijuana-online-with-worldwide-shipping","20":"product_tag-buy-marijuana-shatterwax-online-with-worldwide-shipping","21":"product_tag-buy-marijuana-wax-online-australia","22":"product_tag-buy-marijuana-wax-online-uk","23":"product_tag-buy-moon-rocks-online","24":"product_tag-buy-pre-rolled-joints-online","25":"product_tag-buy-thc-wax-online","26":"product_tag-buy-weed-online","27":"product_tag-buy-weed-online-europe","28":"product_tag-buy-weed-online-uk","29":"product_tag-buying-weed-online-usa-reviews","30":"product_tag-jestivi-svijet-dostava","31":"product_tag-california-dispanzer-dostava-u-cijelom-svijetu","32":"product_tag-kupiti-kush-online","33":"product_tag-kupi-marihuanu-online","34":"product_tag-kupi-marihuanu-online-australija","35":"product_tag-kupi-marihuanu-online-brazil","36":"product_tag-kupiti-travu-online-australija","37":"product_tag-kupi-vosak-traka-online-s-dostavom-irom-svijeta","38":"product_tag-kupi-vosak-online-s-dostavom-irom-svijeta","39":"product_tag-kupiti-marihuanu-razbijati-vosak-online-s-dostavom-irom-svijeta","40":"product_tag-kupi-ha-ulje-online-australija","41":"product_tag-kupiti-jeftino-travu-online-usa","42":"product_tag-kupi-kanabis-online-kuvajt","43":"product_tag-kupi-kanabis-online-malezija","44":"product_tag-kupiti-kush-online-usa","45":"product_tag-kupiti-pravni-travu-online","46":"product_tag-kupi-marihuanu-online-srednji-istok","47":"product_tag-kupiti-marihuanu-online-latinsko-ameriki","48":"product_tag-kupi-marihuanu-online-malezija","49":"product_tag-kupiti-medicinsku-marihuanu-online","50":"product_tag-kupiti-razbiti-vosak-online","51":"product_tag-kupiti-thc-oil-online","52":"product_tag-kupiti-travu-online-usa","53":"product_tag-kupnja-marihuane-online-usa","54":"product_tag-kupiti-dabs-online","55":"product_tag-kupiti-korov-jestive-online","56":"product_tag-kupiti-travu-online-azija","57":"product_tag-kupi-travu-online-s-dostavom-irom-svijeta","58":"product_tag-legal-marijuana-for-sale-usa","59":"product_tag-legalna-online-dispanzera-dostava-u-cijelom-svijetu","60":"product_tag-legit-online-dispensary","61":"product_tag-legalna-online-dispanzera-dostava-usa","62":"product_tag-mail-order-marijuana-online-usa","63":"product_tag-mail-order-marijuana-online-with-worldwide-shipping","64":"product_tag-marihuana-na-prodaja-usa","65":"product_tag-marihuana-online-usa","66":"product_tag-najbolja-marihuana-online-trgovina-usa","67":"product_tag-narui-kush-online-usa","68":"product_tag-narui-marihuana-online-europa","69":"product_tag-narui-marihuana-online-francuska","70":"product_tag-naruiti-marihuanu-online-usa","71":"product_tag-narui-marihuanu-online","72":"product_tag-naruiti-marihuanu-online-dostava-irom-svijeta","73":"product_tag-naruiti-razbiti-online-usa","74":"product_tag-narui-trava-online","75":"product_tag-narui-trava-online-usa","76":"product_tag-mail-order-weed-online-wide-worldwide-shipping","77":"product_tag-naruivanje-trava-online-u-usa","78":"product_tag-narudba-putem-pote-marihuana-online","79":"product_tag-online-dispanzer-dostava-u-cijelom-svijetu","80":"product_tag-online-dispanzer-dostava-recenzije-u-cijelom-svijetu","81":"product_tag-online-dispanzer-dostava-usa","82":"product_tag-online-dispensary-shipping","83":"product_tag-online-dispensary-shipping-uk","84":"product_tag-u-svijetu-kannabis-online-shop","85":"product_tag-trava-za-prodaja-online-usa","87":"first","88":"instock","89":"shipping-taxable","90":"purchasable","91":"product-type-variable","92":"has-default-attributes"},"yoast_head":"<!-- This site is optimized with the Yoast SEO plugin v27.3 - https:\/\/yoast.com\/product\/yoast-seo-wordpress\/ -->\n<title>Kupite BC Hash online - najbolji najbolji globalni lijekovi<\/title>\n<meta name=\"description\" content=\"Kupite BC Hash za prodaju u UK Online u najboljoj globalnoj gu\u017evi. Naru\u010dite uljne proizvode od ha\u0161i\u0161a i BC hash. Kupite travu online ovdje i ostvarite brzu dostavu bilo gdje u Europi, UK.\" \/>\n<meta name=\"robots\" content=\"index, follow, max-snippet:-1, max-image-preview:large, max-video-preview:-1\" \/>\n<link rel=\"canonical\" href=\"https:\/\/medicinasinc.com\/hr\/product\/buy-bc-hash\/\" \/>\n<meta property=\"og:locale\" content=\"hr_HR\" \/>\n<meta property=\"og:type\" content=\"article\" \/>\n<meta property=\"og:title\" content=\"Kupite BC Hash online - najbolji najbolji globalni lijekovi\" \/>\n<meta property=\"og:description\" content=\"Kupite BC Hash za prodaju u UK Online u najboljoj globalnoj gu\u017evi. Naru\u010dite uljne proizvode od ha\u0161i\u0161a i BC hash. Kupite travu online ovdje i ostvarite brzu dostavu bilo gdje u Europi, UK.\" \/>\n<meta property=\"og:url\" content=\"https:\/\/medicinasinc.com\/hr\/product\/buy-bc-hash\/\" \/>\n<meta property=\"og:site_name\" content=\"Medicinas Inc\" \/>\n<meta property=\"article:modified_time\" content=\"2022-03-15T06:08:38+00:00\" \/>\n<meta property=\"og:image\" content=\"https:\/\/medicinasinc.com\/hr\/wp-content\/uploads\/sites\/3\/2022\/02\/Buy-BC-Hash.jpg\" \/>\n\t<meta property=\"og:image:width\" content=\"600\" \/>\n\t<meta property=\"og:image:height\" content=\"600\" \/>\n\t<meta property=\"og:image:type\" content=\"image\/jpeg\" \/>\n<meta name=\"twitter:card\" content=\"summary_large_image\" \/>\n<meta name=\"twitter:label1\" content=\"Procijenjeno vrijeme \u010ditanja\" \/>\n\t<meta name=\"twitter:data1\" content=\"1 minuta\" \/>\n<script type=\"application\/ld+json\" class=\"yoast-schema-graph\">{\"@context\":\"https:\\\/\\\/schema.org\",\"@graph\":[{\"@type\":\"WebPage\",\"@id\":\"https:\\\/\\\/medicinasinc.com\\\/hr\\\/product\\\/buy-bc-hash\\\/\",\"url\":\"https:\\\/\\\/medicinasinc.com\\\/hr\\\/product\\\/buy-bc-hash\\\/\",\"name\":\"Kupite BC Hash online - najbolji najbolji globalni lijekovi\",\"isPartOf\":{\"@id\":\"https:\\\/\\\/medicinasinc.com\\\/hr\\\/#website\"},\"primaryImageOfPage\":{\"@id\":\"https:\\\/\\\/medicinasinc.com\\\/hr\\\/product\\\/buy-bc-hash\\\/#primaryimage\"},\"image\":{\"@id\":\"https:\\\/\\\/medicinasinc.com\\\/hr\\\/product\\\/buy-bc-hash\\\/#primaryimage\"},\"thumbnailUrl\":\"https:\\\/\\\/medicinasinc.com\\\/hr\\\/wp-content\\\/uploads\\\/sites\\\/3\\\/2022\\\/02\\\/Buy-BC-Hash.jpg\",\"datePublished\":\"2022-02-20T13:57:00+00:00\",\"dateModified\":\"2022-03-15T06:08:38+00:00\",\"description\":\"Kupite BC Hash za prodaju u UK Online u najboljoj globalnoj gu\u017evi. Naru\u010dite uljne proizvode od ha\u0161i\u0161a i BC hash. Kupite travu online ovdje i ostvarite brzu dostavu bilo gdje u Europi, UK.\",\"breadcrumb\":{\"@id\":\"https:\\\/\\\/medicinasinc.com\\\/hr\\\/product\\\/buy-bc-hash\\\/#breadcrumb\"},\"inLanguage\":\"hr\",\"potentialAction\":[{\"@type\":\"ReadAction\",\"target\":[\"https:\\\/\\\/medicinasinc.com\\\/hr\\\/product\\\/buy-bc-hash\\\/\"]}]},{\"@type\":\"ImageObject\",\"inLanguage\":\"hr\",\"@id\":\"https:\\\/\\\/medicinasinc.com\\\/hr\\\/product\\\/buy-bc-hash\\\/#primaryimage\",\"url\":\"https:\\\/\\\/medicinasinc.com\\\/hr\\\/wp-content\\\/uploads\\\/sites\\\/3\\\/2022\\\/02\\\/Buy-BC-Hash.jpg\",\"contentUrl\":\"https:\\\/\\\/medicinasinc.com\\\/hr\\\/wp-content\\\/uploads\\\/sites\\\/3\\\/2022\\\/02\\\/Buy-BC-Hash.jpg\",\"width\":600,\"height\":600},{\"@type\":\"BreadcrumbList\",\"@id\":\"https:\\\/\\\/medicinasinc.com\\\/hr\\\/product\\\/buy-bc-hash\\\/#breadcrumb\",\"itemListElement\":[{\"@type\":\"ListItem\",\"position\":1,\"name\":\"Du\u0107an\",\"item\":\"https:\\\/\\\/medicinasinc.com\\\/hr\\\/ducan\\\/\"},{\"@type\":\"ListItem\",\"position\":2,\"name\":\"Kupite BC Hash\"}]},{\"@type\":\"WebSite\",\"@id\":\"https:\\\/\\\/medicinasinc.com\\\/hr\\\/#website\",\"url\":\"https:\\\/\\\/medicinasinc.com\\\/hr\\\/\",\"name\":\"Medicinas Inc\",\"description\":\"Health Medical Clinic\",\"potentialAction\":[{\"@type\":\"SearchAction\",\"target\":{\"@type\":\"EntryPoint\",\"urlTemplate\":\"https:\\\/\\\/medicinasinc.com\\\/hr\\\/?s={search_term_string}\"},\"query-input\":{\"@type\":\"PropertyValueSpecification\",\"valueRequired\":true,\"valueName\":\"search_term_string\"}}],\"inLanguage\":\"hr\"}]}<\/script>\n<!-- \/ Yoast SEO plugin. -->","yoast_head_json":{"title":"Kupite BC Hash online - najbolji najbolji globalni lijekovi","description":"Kupite BC Hash za prodaju u UK Online u najboljoj globalnoj gu\u017evi. Naru\u010dite uljne proizvode od ha\u0161i\u0161a i BC hash. Kupite travu online ovdje i ostvarite brzu dostavu bilo gdje u Europi, UK.","robots":{"index":"index","follow":"follow","max-snippet":"max-snippet:-1","max-image-preview":"max-image-preview:large","max-video-preview":"max-video-preview:-1"},"canonical":"https:\/\/medicinasinc.com\/hr\/product\/buy-bc-hash\/","og_locale":"hr_HR","og_type":"article","og_title":"Kupite BC Hash online - najbolji najbolji globalni lijekovi","og_description":"Kupite BC Hash za prodaju u UK Online u najboljoj globalnoj gu\u017evi. Naru\u010dite uljne proizvode od ha\u0161i\u0161a i BC hash. Kupite travu online ovdje i ostvarite brzu dostavu bilo gdje u Europi, UK.","og_url":"https:\/\/medicinasinc.com\/hr\/product\/buy-bc-hash\/","og_site_name":"Medicinas Inc","article_modified_time":"2022-03-15T06:08:38+00:00","og_image":[{"width":600,"height":600,"url":"https:\/\/medicinasinc.com\/hr\/wp-content\/uploads\/sites\/3\/2022\/02\/Buy-BC-Hash.jpg","type":"image\/jpeg"}],"twitter_card":"summary_large_image","twitter_misc":{"Procijenjeno vrijeme \u010ditanja":"1 minuta"},"schema":{"@context":"https:\/\/schema.org","@graph":[{"@type":"WebPage","@id":"https:\/\/medicinasinc.com\/hr\/product\/buy-bc-hash\/","url":"https:\/\/medicinasinc.com\/hr\/product\/buy-bc-hash\/","name":"Kupite BC Hash online - najbolji najbolji globalni lijekovi","isPartOf":{"@id":"https:\/\/medicinasinc.com\/hr\/#website"},"primaryImageOfPage":{"@id":"https:\/\/medicinasinc.com\/hr\/product\/buy-bc-hash\/#primaryimage"},"image":{"@id":"https:\/\/medicinasinc.com\/hr\/product\/buy-bc-hash\/#primaryimage"},"thumbnailUrl":"https:\/\/medicinasinc.com\/hr\/wp-content\/uploads\/sites\/3\/2022\/02\/Buy-BC-Hash.jpg","datePublished":"2022-02-20T13:57:00+00:00","dateModified":"2022-03-15T06:08:38+00:00","description":"Kupite BC Hash za prodaju u UK Online u najboljoj globalnoj gu\u017evi. Naru\u010dite uljne proizvode od ha\u0161i\u0161a i BC hash. Kupite travu online ovdje i ostvarite brzu dostavu bilo gdje u Europi, UK.","breadcrumb":{"@id":"https:\/\/medicinasinc.com\/hr\/product\/buy-bc-hash\/#breadcrumb"},"inLanguage":"hr","potentialAction":[{"@type":"ReadAction","target":["https:\/\/medicinasinc.com\/hr\/product\/buy-bc-hash\/"]}]},{"@type":"ImageObject","inLanguage":"hr","@id":"https:\/\/medicinasinc.com\/hr\/product\/buy-bc-hash\/#primaryimage","url":"https:\/\/medicinasinc.com\/hr\/wp-content\/uploads\/sites\/3\/2022\/02\/Buy-BC-Hash.jpg","contentUrl":"https:\/\/medicinasinc.com\/hr\/wp-content\/uploads\/sites\/3\/2022\/02\/Buy-BC-Hash.jpg","width":600,"height":600},{"@type":"BreadcrumbList","@id":"https:\/\/medicinasinc.com\/hr\/product\/buy-bc-hash\/#breadcrumb","itemListElement":[{"@type":"ListItem","position":1,"name":"Du\u0107an","item":"https:\/\/medicinasinc.com\/hr\/ducan\/"},{"@type":"ListItem","position":2,"name":"Kupite BC Hash"}]},{"@type":"WebSite","@id":"https:\/\/medicinasinc.com\/hr\/#website","url":"https:\/\/medicinasinc.com\/hr\/","name":"Medicinas Inc","description":"Health Medical Clinic","potentialAction":[{"@type":"SearchAction","target":{"@type":"EntryPoint","urlTemplate":"https:\/\/medicinasinc.com\/hr\/?s={search_term_string}"},"query-input":{"@type":"PropertyValueSpecification","valueRequired":true,"valueName":"search_term_string"}}],"inLanguage":"hr"}]}},"_links":{"self":[{"href":"https:\/\/medicinasinc.com\/hr\/wp-json\/wp\/v2\/product\/4627","targetHints":{"allow":["GET"]}}],"collection":[{"href":"https:\/\/medicinasinc.com\/hr\/wp-json\/wp\/v2\/product"}],"about":[{"href":"https:\/\/medicinasinc.com\/hr\/wp-json\/wp\/v2\/types\/product"}],"replies":[{"embeddable":true,"href":"https:\/\/medicinasinc.com\/hr\/wp-json\/wp\/v2\/comments?post=4627"}],"wp:featuredmedia":[{"embeddable":true,"href":"https:\/\/medicinasinc.com\/hr\/wp-json\/wp\/v2\/media\/4639"}],"wp:attachment":[{"href":"https:\/\/medicinasinc.com\/hr\/wp-json\/wp\/v2\/media?parent=4627"}],"wp:term":[{"taxonomy":"product_brand","embeddable":true,"href":"https:\/\/medicinasinc.com\/hr\/wp-json\/wp\/v2\/product_brand?post=4627"},{"taxonomy":"product_cat","embeddable":true,"href":"https:\/\/medicinasinc.com\/hr\/wp-json\/wp\/v2\/product_cat?post=4627"},{"taxonomy":"product_tag","embeddable":true,"href":"https:\/\/medicinasinc.com\/hr\/wp-json\/wp\/v2\/product_tag?post=4627"}],"curies":[{"name":"wp","href":"https:\/\/api.w.org\/{rel}","templated":true}]}}