{"id":4609,"date":"2022-02-20T13:44:35","date_gmt":"2022-02-20T13:44:35","guid":{"rendered":"https:\/\/medicinasinc.com\/hr\/?post_type=product&#038;p=4609"},"modified":"2022-03-15T06:09:00","modified_gmt":"2022-03-15T06:09:00","slug":"kupiti-pravu-zelenu-jabuku-ekstazi-pilule","status":"publish","type":"product","link":"https:\/\/medicinasinc.com\/hr\/product\/kupiti-pravu-zelenu-jabuku-ekstazi-pilule\/","title":{"rendered":"Kupite tablete ekstazija prave zelene jabuke"},"content":{"rendered":"<p>Kupite originalni ekstazi zelene jabuke online.<\/p>\n<p>Siguran sam da ste dobro poznati po ovom aksiomu. &#8220;Jabuka dnevno tjera stru\u010dnjaka&#8221;, ka\u017ee poslovica. S obzirom na brojne zdravstvene prednosti povezane s jedenjem jabuka, ova prehrambena poslovica mo\u017eda nije previ\u0161e daleko od cilja. Evo nekoliko zdravstvenih prednosti povezanih s jedenjem zelenih jabuka.<\/p>\n<p>Pokazalo se da konzumacija jabuka pobolj\u0161ava zdravlje srca i smanjuje rizik od razvoja kardiovaskularnih bolesti.<\/p>\n<p>Precizan mehanizam: koje jabuke pobolj\u0161avaju zdravlje srca je nejasno. Jedno od mogu\u0107ih obja\u0161njenja je da jabuke sadr\u017ee visoku koli\u010dinu dijetalnih vlakana, \u0161to je povezano sa sni\u017eavanjem LDL kolesterola.<\/p>\n<p>Smanjite rizik od razvoja dijabetesa tipa 2<\/p>\n<p>Konzumiranjem samo nekoliko puta. nekoliko zelenih jabuka tjedno mo\u017ee smanjiti rizik od razvoja dijabetesa tipa 2, prema jednoj studiji; me\u0111utim, potrebno je provesti dodatna istra\u017eivanja. Ostaje nepoznato poma\u017eu li spojevi koji se nalaze u zelenim jabukama pojedincima u upravljanju simptomima dijabetesa.<\/p>\n<p>Kako zelena jabuka ima mno\u0161tvo prednosti, pilule zelene jabuke tako\u0111er imaju mno\u0161tvo prednosti. Trebali bismo razgovarati o pilulama zelene jabuke.<br \/> Ako u\u017eivate u ispijanju svje\u017eeg soka od jabuke po vru\u0107em ljetnom danu, tablete zelene i jabuke pobolj\u0161at \u0107e va\u0161e iskustvo i zadovoljstvo za nekoliko stupnjeva. Proizvedene u Washingtonu s pilulama zelene jabuke, grupa je u ove pilule dodala najbolji kanabis u dr\u017eavi.<\/p>\n<p>THC mo\u017ee biti te\u0161ko izgorjeti iz perspektive doziranja, pogotovo ako nositelji nisu posebno dobro ozna\u010deni. Tablete zelene jabuke promijenile su sve to jer sada nude tri razli\u010dita soja njihove poznate mje\u0161avine od 12 oz u razli\u010ditim stupnjevima ja\u010dine. Zna\u010dajni napada\u010di \u0107e cijeniti njihovu najprizemniju mje\u0161avinu, koja sadr\u017ei 100 mg na 12 oz.<\/p>\n<p>Zbog \u010dinjenice da tablete zelene jabuke sadr\u017ee kanabis na novu metodu, klijenti ostaju bez vidljivog mirisa ili okusa korova, \u0161to ih \u010dini idealnim za pojedince koji se \u017eele napuhati, ali ne mogu i\u0107i dalje od vrste drugih tableta. Uz to, uzimanje kanabisa pridonosi unapre\u0111enju zdravijeg na\u010dina \u017eivota, jer dim iz cvjetova ili vape mo\u017ee postati \u0161tetan nakon nekog vremena. Pilula zelene jabuke korisna je godinu dana i sadr\u017ei malo kalorija, pa je jedina stvar o kojoj trebate brinuti je suzdr\u017eavanje od hrane nakon uzimanja lijeka.<\/p>\n<table style=\"height: 104px\" width=\"508\">\n<tbody>\n<tr>\n<th><span style=\"font-weight: 400\">Boja:<\/span><\/th>\n<td>Zelena<\/td>\n<\/tr>\n<tr>\n<th> <span style=\"font-weight: 400\">Veli\u010dina:<\/span><\/th>\n<td>279 mg<\/td>\n<\/tr>\n<\/tbody>\n<\/table>\n","protected":false},"excerpt":{"rendered":"<div class=\"woocommerce-product-details__short-description\">\n<p>Kupite prave tablete ekstazija od zelene jabuke za prodaju na mre\u017ei u Velikoj Britaniji, Europi po najboljim cijenama od najboljeg pouzdanog dobavlja\u010da MDMA, jam\u010dimo diskretnu i sigurnu dostavu diljem svijeta<\/p>\n<p><strong>Minimalna narud\u017eba<\/strong><strong> je 50 tableta.<\/strong><\/p>\n<\/p><\/div>\n","protected":false},"featured_media":4620,"comment_status":"open","ping_status":"closed","template":"","meta":[],"product_brand":[],"product_cat":[498],"product_tag":[593,597,598,596,601,602,607,608,594,600,609,595,599,606,604,603,605],"class_list":{"0":"post-4609","1":"product","2":"type-product","3":"status-publish","4":"has-post-thumbnail","6":"product_cat-kupi-ekstazi-pilule","7":"product_tag-jabuka-droga","8":"product_tag-zelena-jabuka-droga","9":"product_tag-zelena-jabuka-droge","10":"product_tag-e-pilula-ruiasta","11":"product_tag-green-apple-pills","12":"product_tag-green-ecstasy-pill","13":"product_tag-green-rolex-pill-report","14":"product_tag-green-tablet-pill","15":"product_tag-jabuka-ekstazi","16":"product_tag-zelena-jabuka-logo","17":"product_tag-male-zelene-pilule","18":"product_tag-pilule-od-jabuka","19":"product_tag-zelena-jabuka-ekstazi","20":"product_tag-zelena-rolex-pilula","21":"product_tag-zelene-tablete","22":"product_tag-zelena-extacy-pilula","23":"product_tag-zelene-pilule-droge","25":"first","26":"instock","27":"shipping-taxable","28":"purchasable","29":"product-type-variable","30":"has-default-attributes"},"yoast_head":"<!-- This site is optimized with the Yoast SEO plugin v27.3 - https:\/\/yoast.com\/product\/yoast-seo-wordpress\/ -->\n<title>Kupite tablete ekstazija prave zelene jabuke na mre\u017ei - najbolji najbolji svjetski lijekovi<\/title>\n<meta name=\"description\" content=\"Kupite tablete ekstazija prave zelene jabuke za prodaju online u Velikoj Britaniji, Europi po najboljim cijenama od najboljeg pouzdanog dobavlja\u010da MDMA, jam\u010dimo diskretnu i sigurnu dostavu diljem svijeta\" \/>\n<meta name=\"robots\" content=\"index, follow, max-snippet:-1, max-image-preview:large, max-video-preview:-1\" \/>\n<link rel=\"canonical\" href=\"https:\/\/medicinasinc.com\/hr\/product\/kupiti-pravu-zelenu-jabuku-ekstazi-pilule\/\" \/>\n<meta property=\"og:locale\" content=\"hr_HR\" \/>\n<meta property=\"og:type\" content=\"article\" \/>\n<meta property=\"og:title\" content=\"Kupite tablete ekstazija prave zelene jabuke na mre\u017ei - najbolji najbolji svjetski lijekovi\" \/>\n<meta property=\"og:description\" content=\"Kupite tablete ekstazija prave zelene jabuke za prodaju online u Velikoj Britaniji, Europi po najboljim cijenama od najboljeg pouzdanog dobavlja\u010da MDMA, jam\u010dimo diskretnu i sigurnu dostavu diljem svijeta\" \/>\n<meta property=\"og:url\" content=\"https:\/\/medicinasinc.com\/hr\/product\/kupiti-pravu-zelenu-jabuku-ekstazi-pilule\/\" \/>\n<meta property=\"og:site_name\" content=\"Medicinas Inc\" \/>\n<meta property=\"article:modified_time\" content=\"2022-03-15T06:09:00+00:00\" \/>\n<meta property=\"og:image\" content=\"https:\/\/medicinasinc.com\/hr\/wp-content\/uploads\/sites\/3\/2022\/02\/order-real-green-apple-ecstasy-pills-online.jpg\" \/>\n\t<meta property=\"og:image:width\" content=\"600\" \/>\n\t<meta property=\"og:image:height\" content=\"600\" \/>\n\t<meta property=\"og:image:type\" content=\"image\/jpeg\" \/>\n<meta name=\"twitter:card\" content=\"summary_large_image\" \/>\n<meta name=\"twitter:label1\" content=\"Procijenjeno vrijeme \u010ditanja\" \/>\n\t<meta name=\"twitter:data1\" content=\"2 minute\" \/>\n<script type=\"application\/ld+json\" class=\"yoast-schema-graph\">{\"@context\":\"https:\\\/\\\/schema.org\",\"@graph\":[{\"@type\":\"WebPage\",\"@id\":\"https:\\\/\\\/medicinasinc.com\\\/hr\\\/product\\\/kupiti-pravu-zelenu-jabuku-ekstazi-pilule\\\/\",\"url\":\"https:\\\/\\\/medicinasinc.com\\\/hr\\\/product\\\/kupiti-pravu-zelenu-jabuku-ekstazi-pilule\\\/\",\"name\":\"Kupite tablete ekstazija prave zelene jabuke na mre\u017ei - najbolji najbolji svjetski lijekovi\",\"isPartOf\":{\"@id\":\"https:\\\/\\\/medicinasinc.com\\\/hr\\\/#website\"},\"primaryImageOfPage\":{\"@id\":\"https:\\\/\\\/medicinasinc.com\\\/hr\\\/product\\\/kupiti-pravu-zelenu-jabuku-ekstazi-pilule\\\/#primaryimage\"},\"image\":{\"@id\":\"https:\\\/\\\/medicinasinc.com\\\/hr\\\/product\\\/kupiti-pravu-zelenu-jabuku-ekstazi-pilule\\\/#primaryimage\"},\"thumbnailUrl\":\"https:\\\/\\\/medicinasinc.com\\\/hr\\\/wp-content\\\/uploads\\\/sites\\\/3\\\/2022\\\/02\\\/order-real-green-apple-ecstasy-pills-online.jpg\",\"datePublished\":\"2022-02-20T13:44:35+00:00\",\"dateModified\":\"2022-03-15T06:09:00+00:00\",\"description\":\"Kupite tablete ekstazija prave zelene jabuke za prodaju online u Velikoj Britaniji, Europi po najboljim cijenama od najboljeg pouzdanog dobavlja\u010da MDMA, jam\u010dimo diskretnu i sigurnu dostavu diljem svijeta\",\"breadcrumb\":{\"@id\":\"https:\\\/\\\/medicinasinc.com\\\/hr\\\/product\\\/kupiti-pravu-zelenu-jabuku-ekstazi-pilule\\\/#breadcrumb\"},\"inLanguage\":\"hr\",\"potentialAction\":[{\"@type\":\"ReadAction\",\"target\":[\"https:\\\/\\\/medicinasinc.com\\\/hr\\\/product\\\/kupiti-pravu-zelenu-jabuku-ekstazi-pilule\\\/\"]}]},{\"@type\":\"ImageObject\",\"inLanguage\":\"hr\",\"@id\":\"https:\\\/\\\/medicinasinc.com\\\/hr\\\/product\\\/kupiti-pravu-zelenu-jabuku-ekstazi-pilule\\\/#primaryimage\",\"url\":\"https:\\\/\\\/medicinasinc.com\\\/hr\\\/wp-content\\\/uploads\\\/sites\\\/3\\\/2022\\\/02\\\/order-real-green-apple-ecstasy-pills-online.jpg\",\"contentUrl\":\"https:\\\/\\\/medicinasinc.com\\\/hr\\\/wp-content\\\/uploads\\\/sites\\\/3\\\/2022\\\/02\\\/order-real-green-apple-ecstasy-pills-online.jpg\",\"width\":600,\"height\":600},{\"@type\":\"BreadcrumbList\",\"@id\":\"https:\\\/\\\/medicinasinc.com\\\/hr\\\/product\\\/kupiti-pravu-zelenu-jabuku-ekstazi-pilule\\\/#breadcrumb\",\"itemListElement\":[{\"@type\":\"ListItem\",\"position\":1,\"name\":\"Du\u0107an\",\"item\":\"https:\\\/\\\/medicinasinc.com\\\/hr\\\/ducan\\\/\"},{\"@type\":\"ListItem\",\"position\":2,\"name\":\"Kupite tablete ekstazija prave zelene jabuke\"}]},{\"@type\":\"WebSite\",\"@id\":\"https:\\\/\\\/medicinasinc.com\\\/hr\\\/#website\",\"url\":\"https:\\\/\\\/medicinasinc.com\\\/hr\\\/\",\"name\":\"Medicinas Inc\",\"description\":\"Health Medical Clinic\",\"potentialAction\":[{\"@type\":\"SearchAction\",\"target\":{\"@type\":\"EntryPoint\",\"urlTemplate\":\"https:\\\/\\\/medicinasinc.com\\\/hr\\\/?s={search_term_string}\"},\"query-input\":{\"@type\":\"PropertyValueSpecification\",\"valueRequired\":true,\"valueName\":\"search_term_string\"}}],\"inLanguage\":\"hr\"}]}<\/script>\n<!-- \/ Yoast SEO plugin. -->","yoast_head_json":{"title":"Kupite tablete ekstazija prave zelene jabuke na mre\u017ei - najbolji najbolji svjetski lijekovi","description":"Kupite tablete ekstazija prave zelene jabuke za prodaju online u Velikoj Britaniji, Europi po najboljim cijenama od najboljeg pouzdanog dobavlja\u010da MDMA, jam\u010dimo diskretnu i sigurnu dostavu diljem svijeta","robots":{"index":"index","follow":"follow","max-snippet":"max-snippet:-1","max-image-preview":"max-image-preview:large","max-video-preview":"max-video-preview:-1"},"canonical":"https:\/\/medicinasinc.com\/hr\/product\/kupiti-pravu-zelenu-jabuku-ekstazi-pilule\/","og_locale":"hr_HR","og_type":"article","og_title":"Kupite tablete ekstazija prave zelene jabuke na mre\u017ei - najbolji najbolji svjetski lijekovi","og_description":"Kupite tablete ekstazija prave zelene jabuke za prodaju online u Velikoj Britaniji, Europi po najboljim cijenama od najboljeg pouzdanog dobavlja\u010da MDMA, jam\u010dimo diskretnu i sigurnu dostavu diljem svijeta","og_url":"https:\/\/medicinasinc.com\/hr\/product\/kupiti-pravu-zelenu-jabuku-ekstazi-pilule\/","og_site_name":"Medicinas Inc","article_modified_time":"2022-03-15T06:09:00+00:00","og_image":[{"width":600,"height":600,"url":"https:\/\/medicinasinc.com\/hr\/wp-content\/uploads\/sites\/3\/2022\/02\/order-real-green-apple-ecstasy-pills-online.jpg","type":"image\/jpeg"}],"twitter_card":"summary_large_image","twitter_misc":{"Procijenjeno vrijeme \u010ditanja":"2 minute"},"schema":{"@context":"https:\/\/schema.org","@graph":[{"@type":"WebPage","@id":"https:\/\/medicinasinc.com\/hr\/product\/kupiti-pravu-zelenu-jabuku-ekstazi-pilule\/","url":"https:\/\/medicinasinc.com\/hr\/product\/kupiti-pravu-zelenu-jabuku-ekstazi-pilule\/","name":"Kupite tablete ekstazija prave zelene jabuke na mre\u017ei - najbolji najbolji svjetski lijekovi","isPartOf":{"@id":"https:\/\/medicinasinc.com\/hr\/#website"},"primaryImageOfPage":{"@id":"https:\/\/medicinasinc.com\/hr\/product\/kupiti-pravu-zelenu-jabuku-ekstazi-pilule\/#primaryimage"},"image":{"@id":"https:\/\/medicinasinc.com\/hr\/product\/kupiti-pravu-zelenu-jabuku-ekstazi-pilule\/#primaryimage"},"thumbnailUrl":"https:\/\/medicinasinc.com\/hr\/wp-content\/uploads\/sites\/3\/2022\/02\/order-real-green-apple-ecstasy-pills-online.jpg","datePublished":"2022-02-20T13:44:35+00:00","dateModified":"2022-03-15T06:09:00+00:00","description":"Kupite tablete ekstazija prave zelene jabuke za prodaju online u Velikoj Britaniji, Europi po najboljim cijenama od najboljeg pouzdanog dobavlja\u010da MDMA, jam\u010dimo diskretnu i sigurnu dostavu diljem svijeta","breadcrumb":{"@id":"https:\/\/medicinasinc.com\/hr\/product\/kupiti-pravu-zelenu-jabuku-ekstazi-pilule\/#breadcrumb"},"inLanguage":"hr","potentialAction":[{"@type":"ReadAction","target":["https:\/\/medicinasinc.com\/hr\/product\/kupiti-pravu-zelenu-jabuku-ekstazi-pilule\/"]}]},{"@type":"ImageObject","inLanguage":"hr","@id":"https:\/\/medicinasinc.com\/hr\/product\/kupiti-pravu-zelenu-jabuku-ekstazi-pilule\/#primaryimage","url":"https:\/\/medicinasinc.com\/hr\/wp-content\/uploads\/sites\/3\/2022\/02\/order-real-green-apple-ecstasy-pills-online.jpg","contentUrl":"https:\/\/medicinasinc.com\/hr\/wp-content\/uploads\/sites\/3\/2022\/02\/order-real-green-apple-ecstasy-pills-online.jpg","width":600,"height":600},{"@type":"BreadcrumbList","@id":"https:\/\/medicinasinc.com\/hr\/product\/kupiti-pravu-zelenu-jabuku-ekstazi-pilule\/#breadcrumb","itemListElement":[{"@type":"ListItem","position":1,"name":"Du\u0107an","item":"https:\/\/medicinasinc.com\/hr\/ducan\/"},{"@type":"ListItem","position":2,"name":"Kupite tablete ekstazija prave zelene jabuke"}]},{"@type":"WebSite","@id":"https:\/\/medicinasinc.com\/hr\/#website","url":"https:\/\/medicinasinc.com\/hr\/","name":"Medicinas Inc","description":"Health Medical Clinic","potentialAction":[{"@type":"SearchAction","target":{"@type":"EntryPoint","urlTemplate":"https:\/\/medicinasinc.com\/hr\/?s={search_term_string}"},"query-input":{"@type":"PropertyValueSpecification","valueRequired":true,"valueName":"search_term_string"}}],"inLanguage":"hr"}]}},"_links":{"self":[{"href":"https:\/\/medicinasinc.com\/hr\/wp-json\/wp\/v2\/product\/4609","targetHints":{"allow":["GET"]}}],"collection":[{"href":"https:\/\/medicinasinc.com\/hr\/wp-json\/wp\/v2\/product"}],"about":[{"href":"https:\/\/medicinasinc.com\/hr\/wp-json\/wp\/v2\/types\/product"}],"replies":[{"embeddable":true,"href":"https:\/\/medicinasinc.com\/hr\/wp-json\/wp\/v2\/comments?post=4609"}],"wp:featuredmedia":[{"embeddable":true,"href":"https:\/\/medicinasinc.com\/hr\/wp-json\/wp\/v2\/media\/4620"}],"wp:attachment":[{"href":"https:\/\/medicinasinc.com\/hr\/wp-json\/wp\/v2\/media?parent=4609"}],"wp:term":[{"taxonomy":"product_brand","embeddable":true,"href":"https:\/\/medicinasinc.com\/hr\/wp-json\/wp\/v2\/product_brand?post=4609"},{"taxonomy":"product_cat","embeddable":true,"href":"https:\/\/medicinasinc.com\/hr\/wp-json\/wp\/v2\/product_cat?post=4609"},{"taxonomy":"product_tag","embeddable":true,"href":"https:\/\/medicinasinc.com\/hr\/wp-json\/wp\/v2\/product_tag?post=4609"}],"curies":[{"name":"wp","href":"https:\/\/api.w.org\/{rel}","templated":true}]}}