{"id":4592,"date":"2022-02-20T13:31:58","date_gmt":"2022-02-20T13:31:58","guid":{"rendered":"https:\/\/medicinasinc.com\/hr\/?post_type=product&#038;p=4592"},"modified":"2022-03-15T06:09:09","modified_gmt":"2022-03-15T06:09:09","slug":"buy-ecstasy-philipp-plein-blue-524-mg-mdma-pilule","status":"publish","type":"product","link":"https:\/\/medicinasinc.com\/hr\/product\/buy-ecstasy-philipp-plein-blue-524-mg-mdma-pilule\/","title":{"rendered":"Kupite Ecstasy- Philipp Plein Blue- 524mg MDMA tablete"},"content":{"rendered":"<div class=\"woocommerce-tabs wc-tabs-wrapper\">\n<div id=\"tab-description\" class=\"woocommerce-Tabs-panel woocommerce-Tabs-panel--description panel entry-content wc-tab\" role=\"tabpanel\" aria-labelledby=\"tab-title-description\">\n<p>Online kupnja XTC- Philipp Plein Blue-524 mg MDMA tableta.<\/p>\n<p>\u2013 Philipp Plein 524MG pru\u017ea iznimno iskustvo. To je potpuno siguran i higijenski proizvod. Izvrsna kvaliteta po pristupa\u010dnoj cijeni. \u2013 U\u010dinci po\u010dinju otprilike 30 minuta kasnije i traju otprilike 6 sati.<br \/> \u2013 Koristite polovicu ove pilule. Konzumirajte odgovaraju\u0107u koli\u010dinu vode dok uzimate lijek.<\/p>\n<h1><a style=\"font-size: 16px\" href=\"https:\/\/merrydrug.com\/\">.<\/a><\/h1>\n<\/p><\/div><\/div>\n<div class=\"related products\"><\/div>\n","protected":false},"excerpt":{"rendered":"<div class=\"woocommerce-product-details__short-description\">\n<p>Kupite Philipp Plein Blue-524 Mg MDMA u Ujedinjenom Kraljevstvu i Europi po najboljoj tr\u017ei\u0161noj cijeni. Svi na\u0161i proizvodi izra\u0111eni su od potpuno prirodnih sastojaka bez THC-a. Naru\u010dite odmah online!<\/p>\n<p>Philipp Blue-524 je tableta za ekstremne zabave i MDMA lijek koji se \u0161iroko koristi u Sjedinjenim Ameri\u010dkim Dr\u017eavama i Koreji. Njegova psihoaktivna svojstva otkrivena su sredinom 1750-ih. Ako netko \u017eeli do\u017eivjeti ekstremnu razinu, ne\u0107e napustiti ovaj proizvod nakon \u0161to ga isproba. Philipp Blue se tako\u0111er koristi u vjerskim obredima i godinama je ostao visokokvalitetan proizvod jer su ljudi svjesni njegovih prednosti i ne mogu \u017eivjeti bez njega.<\/p>\n<p>Pojedinci ga mijenjaju zbog njegovih mo\u0107nih u\u010dinaka i brzih rezultata. Zbog svoje u\u010dinkovitosti, nikada ne\u0107e ostati na zalihi dulje vrijeme.<\/p>\n<p>Kupnja tableta Philipp Plein Blue-524<\/p>\n<p>Minimalna koli\u010dina za narud\u017ebu je pedeset tableta.<\/p>\n<p> &gt; <\/p><\/div>\n","protected":false},"featured_media":4605,"comment_status":"open","ping_status":"closed","template":"","meta":[],"product_brand":[],"product_cat":[498],"product_tag":[583,501,585,586,587,589,584,512,591,588,590,592],"class_list":{"0":"post-4592","1":"product","2":"type-product","3":"status-publish","4":"has-post-thumbnail","6":"product_cat-kupi-ekstazi-pilule","7":"product_tag-buy-ecstasy-pills-online","8":"product_tag-buy-mdma-online","9":"product_tag-buy-xtc-philipp-plein-blue-524-mg-mdma-pills-online","10":"product_tag-droge","11":"product_tag-ekstaza","12":"product_tag-ghb","13":"product_tag-kupiti-ekstazi-pilule-online","14":"product_tag-mdma","15":"product_tag-mg-mdma","16":"product_tag-tablete-ekstazija","17":"product_tag-ljubavne-droge","18":"product_tag-xtc-pilule","20":"first","21":"instock","22":"shipping-taxable","23":"purchasable","24":"product-type-variable","25":"has-default-attributes"},"yoast_head":"<!-- This site is optimized with the Yoast SEO plugin v27.3 - https:\/\/yoast.com\/product\/yoast-seo-wordpress\/ -->\n<title>Kupite Ecstasy - Philipp Plein Blue - 524 mg MDMA tablete - Global Medicina<\/title>\n<meta name=\"description\" content=\"Kupite Philipp Plein Blue- 524 Mg MDMA UK, Europa po najboljoj tr\u017ei\u0161noj cijeni. Svi na\u0161i proizvodi izra\u0111eni su od \u010distih prirodnih sastojaka bez THC-a. Naru\u010dite online odmah!\" \/>\n<meta name=\"robots\" content=\"index, follow, max-snippet:-1, max-image-preview:large, max-video-preview:-1\" \/>\n<link rel=\"canonical\" href=\"https:\/\/medicinasinc.com\/hr\/product\/buy-ecstasy-philipp-plein-blue-524-mg-mdma-pilule\/\" \/>\n<meta property=\"og:locale\" content=\"hr_HR\" \/>\n<meta property=\"og:type\" content=\"article\" \/>\n<meta property=\"og:title\" content=\"Kupite Ecstasy - Philipp Plein Blue - 524 mg MDMA tablete - Global Medicina\" \/>\n<meta property=\"og:description\" content=\"Kupite Philipp Plein Blue- 524 Mg MDMA UK, Europa po najboljoj tr\u017ei\u0161noj cijeni. Svi na\u0161i proizvodi izra\u0111eni su od \u010distih prirodnih sastojaka bez THC-a. Naru\u010dite online odmah!\" \/>\n<meta property=\"og:url\" content=\"https:\/\/medicinasinc.com\/hr\/product\/buy-ecstasy-philipp-plein-blue-524-mg-mdma-pilule\/\" \/>\n<meta property=\"og:site_name\" content=\"Medicinas Inc\" \/>\n<meta property=\"article:modified_time\" content=\"2022-03-15T06:09:09+00:00\" \/>\n<meta property=\"og:image\" content=\"https:\/\/medicinasinc.com\/hr\/wp-content\/uploads\/sites\/3\/2022\/02\/buy-xtc-philipp-plein-blue-524-mg-mdma-pills-online.jpg\" \/>\n\t<meta property=\"og:image:width\" content=\"600\" \/>\n\t<meta property=\"og:image:height\" content=\"600\" \/>\n\t<meta property=\"og:image:type\" content=\"image\/jpeg\" \/>\n<meta name=\"twitter:card\" content=\"summary_large_image\" \/>\n<meta name=\"twitter:label1\" content=\"Procijenjeno vrijeme \u010ditanja\" \/>\n\t<meta name=\"twitter:data1\" content=\"1 minuta\" \/>\n<script type=\"application\/ld+json\" class=\"yoast-schema-graph\">{\"@context\":\"https:\\\/\\\/schema.org\",\"@graph\":[{\"@type\":\"WebPage\",\"@id\":\"https:\\\/\\\/medicinasinc.com\\\/hr\\\/product\\\/buy-ecstasy-philipp-plein-blue-524-mg-mdma-pilule\\\/\",\"url\":\"https:\\\/\\\/medicinasinc.com\\\/hr\\\/product\\\/buy-ecstasy-philipp-plein-blue-524-mg-mdma-pilule\\\/\",\"name\":\"Kupite Ecstasy - Philipp Plein Blue - 524 mg MDMA tablete - Global Medicina\",\"isPartOf\":{\"@id\":\"https:\\\/\\\/medicinasinc.com\\\/hr\\\/#website\"},\"primaryImageOfPage\":{\"@id\":\"https:\\\/\\\/medicinasinc.com\\\/hr\\\/product\\\/buy-ecstasy-philipp-plein-blue-524-mg-mdma-pilule\\\/#primaryimage\"},\"image\":{\"@id\":\"https:\\\/\\\/medicinasinc.com\\\/hr\\\/product\\\/buy-ecstasy-philipp-plein-blue-524-mg-mdma-pilule\\\/#primaryimage\"},\"thumbnailUrl\":\"https:\\\/\\\/medicinasinc.com\\\/hr\\\/wp-content\\\/uploads\\\/sites\\\/3\\\/2022\\\/02\\\/buy-xtc-philipp-plein-blue-524-mg-mdma-pills-online.jpg\",\"datePublished\":\"2022-02-20T13:31:58+00:00\",\"dateModified\":\"2022-03-15T06:09:09+00:00\",\"description\":\"Kupite Philipp Plein Blue- 524 Mg MDMA UK, Europa po najboljoj tr\u017ei\u0161noj cijeni. Svi na\u0161i proizvodi izra\u0111eni su od \u010distih prirodnih sastojaka bez THC-a. Naru\u010dite online odmah!\",\"breadcrumb\":{\"@id\":\"https:\\\/\\\/medicinasinc.com\\\/hr\\\/product\\\/buy-ecstasy-philipp-plein-blue-524-mg-mdma-pilule\\\/#breadcrumb\"},\"inLanguage\":\"hr\",\"potentialAction\":[{\"@type\":\"ReadAction\",\"target\":[\"https:\\\/\\\/medicinasinc.com\\\/hr\\\/product\\\/buy-ecstasy-philipp-plein-blue-524-mg-mdma-pilule\\\/\"]}]},{\"@type\":\"ImageObject\",\"inLanguage\":\"hr\",\"@id\":\"https:\\\/\\\/medicinasinc.com\\\/hr\\\/product\\\/buy-ecstasy-philipp-plein-blue-524-mg-mdma-pilule\\\/#primaryimage\",\"url\":\"https:\\\/\\\/medicinasinc.com\\\/hr\\\/wp-content\\\/uploads\\\/sites\\\/3\\\/2022\\\/02\\\/buy-xtc-philipp-plein-blue-524-mg-mdma-pills-online.jpg\",\"contentUrl\":\"https:\\\/\\\/medicinasinc.com\\\/hr\\\/wp-content\\\/uploads\\\/sites\\\/3\\\/2022\\\/02\\\/buy-xtc-philipp-plein-blue-524-mg-mdma-pills-online.jpg\",\"width\":600,\"height\":600},{\"@type\":\"BreadcrumbList\",\"@id\":\"https:\\\/\\\/medicinasinc.com\\\/hr\\\/product\\\/buy-ecstasy-philipp-plein-blue-524-mg-mdma-pilule\\\/#breadcrumb\",\"itemListElement\":[{\"@type\":\"ListItem\",\"position\":1,\"name\":\"Du\u0107an\",\"item\":\"https:\\\/\\\/medicinasinc.com\\\/hr\\\/ducan\\\/\"},{\"@type\":\"ListItem\",\"position\":2,\"name\":\"Kupite Ecstasy- Philipp Plein Blue- 524mg MDMA tablete\"}]},{\"@type\":\"WebSite\",\"@id\":\"https:\\\/\\\/medicinasinc.com\\\/hr\\\/#website\",\"url\":\"https:\\\/\\\/medicinasinc.com\\\/hr\\\/\",\"name\":\"Medicinas Inc\",\"description\":\"Health Medical Clinic\",\"potentialAction\":[{\"@type\":\"SearchAction\",\"target\":{\"@type\":\"EntryPoint\",\"urlTemplate\":\"https:\\\/\\\/medicinasinc.com\\\/hr\\\/?s={search_term_string}\"},\"query-input\":{\"@type\":\"PropertyValueSpecification\",\"valueRequired\":true,\"valueName\":\"search_term_string\"}}],\"inLanguage\":\"hr\"}]}<\/script>\n<!-- \/ Yoast SEO plugin. -->","yoast_head_json":{"title":"Kupite Ecstasy - Philipp Plein Blue - 524 mg MDMA tablete - Global Medicina","description":"Kupite Philipp Plein Blue- 524 Mg MDMA UK, Europa po najboljoj tr\u017ei\u0161noj cijeni. Svi na\u0161i proizvodi izra\u0111eni su od \u010distih prirodnih sastojaka bez THC-a. Naru\u010dite online odmah!","robots":{"index":"index","follow":"follow","max-snippet":"max-snippet:-1","max-image-preview":"max-image-preview:large","max-video-preview":"max-video-preview:-1"},"canonical":"https:\/\/medicinasinc.com\/hr\/product\/buy-ecstasy-philipp-plein-blue-524-mg-mdma-pilule\/","og_locale":"hr_HR","og_type":"article","og_title":"Kupite Ecstasy - Philipp Plein Blue - 524 mg MDMA tablete - Global Medicina","og_description":"Kupite Philipp Plein Blue- 524 Mg MDMA UK, Europa po najboljoj tr\u017ei\u0161noj cijeni. Svi na\u0161i proizvodi izra\u0111eni su od \u010distih prirodnih sastojaka bez THC-a. Naru\u010dite online odmah!","og_url":"https:\/\/medicinasinc.com\/hr\/product\/buy-ecstasy-philipp-plein-blue-524-mg-mdma-pilule\/","og_site_name":"Medicinas Inc","article_modified_time":"2022-03-15T06:09:09+00:00","og_image":[{"width":600,"height":600,"url":"https:\/\/medicinasinc.com\/hr\/wp-content\/uploads\/sites\/3\/2022\/02\/buy-xtc-philipp-plein-blue-524-mg-mdma-pills-online.jpg","type":"image\/jpeg"}],"twitter_card":"summary_large_image","twitter_misc":{"Procijenjeno vrijeme \u010ditanja":"1 minuta"},"schema":{"@context":"https:\/\/schema.org","@graph":[{"@type":"WebPage","@id":"https:\/\/medicinasinc.com\/hr\/product\/buy-ecstasy-philipp-plein-blue-524-mg-mdma-pilule\/","url":"https:\/\/medicinasinc.com\/hr\/product\/buy-ecstasy-philipp-plein-blue-524-mg-mdma-pilule\/","name":"Kupite Ecstasy - Philipp Plein Blue - 524 mg MDMA tablete - Global Medicina","isPartOf":{"@id":"https:\/\/medicinasinc.com\/hr\/#website"},"primaryImageOfPage":{"@id":"https:\/\/medicinasinc.com\/hr\/product\/buy-ecstasy-philipp-plein-blue-524-mg-mdma-pilule\/#primaryimage"},"image":{"@id":"https:\/\/medicinasinc.com\/hr\/product\/buy-ecstasy-philipp-plein-blue-524-mg-mdma-pilule\/#primaryimage"},"thumbnailUrl":"https:\/\/medicinasinc.com\/hr\/wp-content\/uploads\/sites\/3\/2022\/02\/buy-xtc-philipp-plein-blue-524-mg-mdma-pills-online.jpg","datePublished":"2022-02-20T13:31:58+00:00","dateModified":"2022-03-15T06:09:09+00:00","description":"Kupite Philipp Plein Blue- 524 Mg MDMA UK, Europa po najboljoj tr\u017ei\u0161noj cijeni. Svi na\u0161i proizvodi izra\u0111eni su od \u010distih prirodnih sastojaka bez THC-a. Naru\u010dite online odmah!","breadcrumb":{"@id":"https:\/\/medicinasinc.com\/hr\/product\/buy-ecstasy-philipp-plein-blue-524-mg-mdma-pilule\/#breadcrumb"},"inLanguage":"hr","potentialAction":[{"@type":"ReadAction","target":["https:\/\/medicinasinc.com\/hr\/product\/buy-ecstasy-philipp-plein-blue-524-mg-mdma-pilule\/"]}]},{"@type":"ImageObject","inLanguage":"hr","@id":"https:\/\/medicinasinc.com\/hr\/product\/buy-ecstasy-philipp-plein-blue-524-mg-mdma-pilule\/#primaryimage","url":"https:\/\/medicinasinc.com\/hr\/wp-content\/uploads\/sites\/3\/2022\/02\/buy-xtc-philipp-plein-blue-524-mg-mdma-pills-online.jpg","contentUrl":"https:\/\/medicinasinc.com\/hr\/wp-content\/uploads\/sites\/3\/2022\/02\/buy-xtc-philipp-plein-blue-524-mg-mdma-pills-online.jpg","width":600,"height":600},{"@type":"BreadcrumbList","@id":"https:\/\/medicinasinc.com\/hr\/product\/buy-ecstasy-philipp-plein-blue-524-mg-mdma-pilule\/#breadcrumb","itemListElement":[{"@type":"ListItem","position":1,"name":"Du\u0107an","item":"https:\/\/medicinasinc.com\/hr\/ducan\/"},{"@type":"ListItem","position":2,"name":"Kupite Ecstasy- Philipp Plein Blue- 524mg MDMA tablete"}]},{"@type":"WebSite","@id":"https:\/\/medicinasinc.com\/hr\/#website","url":"https:\/\/medicinasinc.com\/hr\/","name":"Medicinas Inc","description":"Health Medical Clinic","potentialAction":[{"@type":"SearchAction","target":{"@type":"EntryPoint","urlTemplate":"https:\/\/medicinasinc.com\/hr\/?s={search_term_string}"},"query-input":{"@type":"PropertyValueSpecification","valueRequired":true,"valueName":"search_term_string"}}],"inLanguage":"hr"}]}},"_links":{"self":[{"href":"https:\/\/medicinasinc.com\/hr\/wp-json\/wp\/v2\/product\/4592","targetHints":{"allow":["GET"]}}],"collection":[{"href":"https:\/\/medicinasinc.com\/hr\/wp-json\/wp\/v2\/product"}],"about":[{"href":"https:\/\/medicinasinc.com\/hr\/wp-json\/wp\/v2\/types\/product"}],"replies":[{"embeddable":true,"href":"https:\/\/medicinasinc.com\/hr\/wp-json\/wp\/v2\/comments?post=4592"}],"wp:featuredmedia":[{"embeddable":true,"href":"https:\/\/medicinasinc.com\/hr\/wp-json\/wp\/v2\/media\/4605"}],"wp:attachment":[{"href":"https:\/\/medicinasinc.com\/hr\/wp-json\/wp\/v2\/media?parent=4592"}],"wp:term":[{"taxonomy":"product_brand","embeddable":true,"href":"https:\/\/medicinasinc.com\/hr\/wp-json\/wp\/v2\/product_brand?post=4592"},{"taxonomy":"product_cat","embeddable":true,"href":"https:\/\/medicinasinc.com\/hr\/wp-json\/wp\/v2\/product_cat?post=4592"},{"taxonomy":"product_tag","embeddable":true,"href":"https:\/\/medicinasinc.com\/hr\/wp-json\/wp\/v2\/product_tag?post=4592"}],"curies":[{"name":"wp","href":"https:\/\/api.w.org\/{rel}","templated":true}]}}