{"id":4576,"date":"2022-02-20T13:20:42","date_gmt":"2022-02-20T13:20:42","guid":{"rendered":"https:\/\/medicinasinc.com\/hr\/?post_type=product&#038;p=4576"},"modified":"2022-03-15T06:09:31","modified_gmt":"2022-03-15T06:09:31","slug":"kupi-pilule-narance-teslu-ekstazija","status":"publish","type":"product","link":"https:\/\/medicinasinc.com\/hr\/product\/kupi-pilule-narance-teslu-ekstazija\/","title":{"rendered":"Kupite naran\u010daste Tesla tablete ekstazija"},"content":{"rendered":"<p>Orange Tesla Ecstasy tablete Kupi<\/p>\n<p>3,4 metilendioksi-metamfetamin je aktivni sastojak u Orange Tesla tabletama ekstazija (MDMA). Male naran\u010daste tablete imaju oblik \u0161tita i nose rije\u010d &#8220;Tesla&#8221; iznad Teslinog loga u obliku t-a.<\/p>\n<p>Svjetle u mraku, a neke su posute ljubi\u010dastim svjetlucavima.<\/p>\n<p> &gt; <\/p>\n<p>Popularni su jer su jaki, zabavnog dizajna i povezani su s dobro poznatom robnom markom s pozitivnom reputacijom. Ve\u0107ina ljudi vjerojatnije \u0107e kupiti tabletu ekstazija s prepoznatljivim logotipom nego obi\u010dnu bijelu pilulu koju je bilo tko izradio.<\/p>\n<p>Me\u0111utim, naran\u010daste Tesline pilule nemaju nikakve veze s Teslom Elona Muska, ameri\u010dkim proizvo\u0111a\u010dem automobila i automobilima. tvrtka za \u010distu energiju.<\/p>\n<p>Brendiranje ne zna\u010di da su visoke kvalitete ili \u010dak dosljedne kvalitete. Kori\u0161tenjem sli\u010dne pre\u0161e i boje, svatko mo\u017ee replicirati naran\u010dastu Teslinu tabletu ekstazija.<\/p>\n","protected":false},"excerpt":{"rendered":"<p>Kupite naran\u010daste Tesla Ecstasy tablete za prodaju Europa, UK. Kupite Ecstasy online, Prodava\u010d Ecstasyja, Naru\u010dite tablete ecstasyja online, mi imamo posla s naj\u010distijim i najboljim proizvodima.<\/p>\n<p>U Best global meds\u00a0mo\u017eete kupiti originalne Tesla Ecstasy pilule po pristupa\u010dnoj cijeni. Svi proizvodi su laboratorijski ispitani i najvi\u0161e kvalitete.<\/p>\n","protected":false},"featured_media":4589,"comment_status":"open","ping_status":"closed","template":"","meta":[],"product_brand":[],"product_cat":[498],"product_tag":[556,566,559,560,565,563,562,564,554,555,557,567,561,558,570,571,568,569,572,574,573,575],"class_list":{"0":"post-4576","1":"product","2":"type-product","3":"status-publish","4":"has-post-thumbnail","6":"product_cat-kupi-ekstazi-pilule","7":"product_tag-bluelight-orange-tesla-ecstasy-vs-molly","8":"product_tag-breskva-tvrda-tesla-ekstaza-sa-bodom-na-lea","9":"product_tag-ecstasy-press-pilule-tesla","10":"product_tag-ecstasy-tesla","11":"product_tag-naranasta-tesla-pilula-efekti","12":"product_tag-narana-tesla-ecstasy-mg","13":"product_tag-naranasta-tesla-2021","14":"product_tag-naranasta-tesla-ekstazi-pilule-los-angeles-2019","15":"product_tag-plava-tesla-ekstaza","16":"product_tag-plava-tesla-pilula-mg","17":"product_tag-razliite-extacy-pilule-popis","18":"product_tag-reddit-ecstasy-pill-rating-tesla-vs-punisher-vs","19":"product_tag-extacy-pilule-slike","20":"product_tag-ecstasy-pilule-tesla-marka-iz-nizozemske","21":"product_tag-tesla-ekstazi-recenzija","22":"product_tag-tesla-ecstasy-tampa","23":"product_tag-tesla-ekstaza","24":"product_tag-tesla-ekstazi-pilula","25":"product_tag-tesla-pilula-plavi-efekti","26":"product_tag-tesla-pilule-plave","27":"product_tag-tesla-pilula-upozorenje","28":"product_tag-c5-beuta-tesla-ecstasy-tampa","30":"first","31":"instock","32":"shipping-taxable","33":"purchasable","34":"product-type-variable","35":"has-default-attributes"},"yoast_head":"<!-- This site is optimized with the Yoast SEO plugin v27.3 - https:\/\/yoast.com\/product\/yoast-seo-wordpress\/ -->\n<title>Kupite naran\u010daste Tesla tablete ekstazija - najbolji najbolji svjetski lijekovi<\/title>\n<meta name=\"description\" content=\"Kupite Orange Tesla Ecstasy pilule za prodaju Europa, UK. Kupite Ecstasy Online, Prodava\u010d Ecstasyja, Naru\u010dite tablete ecstasyja online, mi se bavimo naj\u010di\u0161\u0107im i najboljim proizvodima.\" \/>\n<meta name=\"robots\" content=\"index, follow, max-snippet:-1, max-image-preview:large, max-video-preview:-1\" \/>\n<link rel=\"canonical\" href=\"https:\/\/medicinasinc.com\/hr\/product\/kupi-pilule-narance-teslu-ekstazija\/\" \/>\n<meta property=\"og:locale\" content=\"hr_HR\" \/>\n<meta property=\"og:type\" content=\"article\" \/>\n<meta property=\"og:title\" content=\"Kupite naran\u010daste Tesla tablete ekstazija - najbolji najbolji svjetski lijekovi\" \/>\n<meta property=\"og:description\" content=\"Kupite Orange Tesla Ecstasy pilule za prodaju Europa, UK. Kupite Ecstasy Online, Prodava\u010d Ecstasyja, Naru\u010dite tablete ecstasyja online, mi se bavimo naj\u010di\u0161\u0107im i najboljim proizvodima.\" \/>\n<meta property=\"og:url\" content=\"https:\/\/medicinasinc.com\/hr\/product\/kupi-pilule-narance-teslu-ekstazija\/\" \/>\n<meta property=\"og:site_name\" content=\"Medicinas Inc\" \/>\n<meta property=\"article:modified_time\" content=\"2022-03-15T06:09:31+00:00\" \/>\n<meta property=\"og:image\" content=\"https:\/\/medicinasinc.com\/hr\/wp-content\/uploads\/sites\/3\/2022\/02\/Buy-Orange-Tesla-Ecstasy-Pills.jpg\" \/>\n\t<meta property=\"og:image:width\" content=\"747\" \/>\n\t<meta property=\"og:image:height\" content=\"560\" \/>\n\t<meta property=\"og:image:type\" content=\"image\/jpeg\" \/>\n<meta name=\"twitter:card\" content=\"summary_large_image\" \/>\n<meta name=\"twitter:label1\" content=\"Procijenjeno vrijeme \u010ditanja\" \/>\n\t<meta name=\"twitter:data1\" content=\"1 minuta\" \/>\n<script type=\"application\/ld+json\" class=\"yoast-schema-graph\">{\"@context\":\"https:\\\/\\\/schema.org\",\"@graph\":[{\"@type\":\"WebPage\",\"@id\":\"https:\\\/\\\/medicinasinc.com\\\/hr\\\/product\\\/kupi-pilule-narance-teslu-ekstazija\\\/\",\"url\":\"https:\\\/\\\/medicinasinc.com\\\/hr\\\/product\\\/kupi-pilule-narance-teslu-ekstazija\\\/\",\"name\":\"Kupite naran\u010daste Tesla tablete ekstazija - najbolji najbolji svjetski lijekovi\",\"isPartOf\":{\"@id\":\"https:\\\/\\\/medicinasinc.com\\\/hr\\\/#website\"},\"primaryImageOfPage\":{\"@id\":\"https:\\\/\\\/medicinasinc.com\\\/hr\\\/product\\\/kupi-pilule-narance-teslu-ekstazija\\\/#primaryimage\"},\"image\":{\"@id\":\"https:\\\/\\\/medicinasinc.com\\\/hr\\\/product\\\/kupi-pilule-narance-teslu-ekstazija\\\/#primaryimage\"},\"thumbnailUrl\":\"https:\\\/\\\/medicinasinc.com\\\/hr\\\/wp-content\\\/uploads\\\/sites\\\/3\\\/2022\\\/02\\\/Buy-Orange-Tesla-Ecstasy-Pills.jpg\",\"datePublished\":\"2022-02-20T13:20:42+00:00\",\"dateModified\":\"2022-03-15T06:09:31+00:00\",\"description\":\"Kupite Orange Tesla Ecstasy pilule za prodaju Europa, UK. Kupite Ecstasy Online, Prodava\u010d Ecstasyja, Naru\u010dite tablete ecstasyja online, mi se bavimo naj\u010di\u0161\u0107im i najboljim proizvodima.\",\"breadcrumb\":{\"@id\":\"https:\\\/\\\/medicinasinc.com\\\/hr\\\/product\\\/kupi-pilule-narance-teslu-ekstazija\\\/#breadcrumb\"},\"inLanguage\":\"hr\",\"potentialAction\":[{\"@type\":\"ReadAction\",\"target\":[\"https:\\\/\\\/medicinasinc.com\\\/hr\\\/product\\\/kupi-pilule-narance-teslu-ekstazija\\\/\"]}]},{\"@type\":\"ImageObject\",\"inLanguage\":\"hr\",\"@id\":\"https:\\\/\\\/medicinasinc.com\\\/hr\\\/product\\\/kupi-pilule-narance-teslu-ekstazija\\\/#primaryimage\",\"url\":\"https:\\\/\\\/medicinasinc.com\\\/hr\\\/wp-content\\\/uploads\\\/sites\\\/3\\\/2022\\\/02\\\/Buy-Orange-Tesla-Ecstasy-Pills.jpg\",\"contentUrl\":\"https:\\\/\\\/medicinasinc.com\\\/hr\\\/wp-content\\\/uploads\\\/sites\\\/3\\\/2022\\\/02\\\/Buy-Orange-Tesla-Ecstasy-Pills.jpg\",\"width\":747,\"height\":560},{\"@type\":\"BreadcrumbList\",\"@id\":\"https:\\\/\\\/medicinasinc.com\\\/hr\\\/product\\\/kupi-pilule-narance-teslu-ekstazija\\\/#breadcrumb\",\"itemListElement\":[{\"@type\":\"ListItem\",\"position\":1,\"name\":\"Du\u0107an\",\"item\":\"https:\\\/\\\/medicinasinc.com\\\/hr\\\/ducan\\\/\"},{\"@type\":\"ListItem\",\"position\":2,\"name\":\"Kupite naran\u010daste Tesla tablete ekstazija\"}]},{\"@type\":\"WebSite\",\"@id\":\"https:\\\/\\\/medicinasinc.com\\\/hr\\\/#website\",\"url\":\"https:\\\/\\\/medicinasinc.com\\\/hr\\\/\",\"name\":\"Medicinas Inc\",\"description\":\"Health Medical Clinic\",\"potentialAction\":[{\"@type\":\"SearchAction\",\"target\":{\"@type\":\"EntryPoint\",\"urlTemplate\":\"https:\\\/\\\/medicinasinc.com\\\/hr\\\/?s={search_term_string}\"},\"query-input\":{\"@type\":\"PropertyValueSpecification\",\"valueRequired\":true,\"valueName\":\"search_term_string\"}}],\"inLanguage\":\"hr\"}]}<\/script>\n<!-- \/ Yoast SEO plugin. -->","yoast_head_json":{"title":"Kupite naran\u010daste Tesla tablete ekstazija - najbolji najbolji svjetski lijekovi","description":"Kupite Orange Tesla Ecstasy pilule za prodaju Europa, UK. Kupite Ecstasy Online, Prodava\u010d Ecstasyja, Naru\u010dite tablete ecstasyja online, mi se bavimo naj\u010di\u0161\u0107im i najboljim proizvodima.","robots":{"index":"index","follow":"follow","max-snippet":"max-snippet:-1","max-image-preview":"max-image-preview:large","max-video-preview":"max-video-preview:-1"},"canonical":"https:\/\/medicinasinc.com\/hr\/product\/kupi-pilule-narance-teslu-ekstazija\/","og_locale":"hr_HR","og_type":"article","og_title":"Kupite naran\u010daste Tesla tablete ekstazija - najbolji najbolji svjetski lijekovi","og_description":"Kupite Orange Tesla Ecstasy pilule za prodaju Europa, UK. Kupite Ecstasy Online, Prodava\u010d Ecstasyja, Naru\u010dite tablete ecstasyja online, mi se bavimo naj\u010di\u0161\u0107im i najboljim proizvodima.","og_url":"https:\/\/medicinasinc.com\/hr\/product\/kupi-pilule-narance-teslu-ekstazija\/","og_site_name":"Medicinas Inc","article_modified_time":"2022-03-15T06:09:31+00:00","og_image":[{"width":747,"height":560,"url":"https:\/\/medicinasinc.com\/hr\/wp-content\/uploads\/sites\/3\/2022\/02\/Buy-Orange-Tesla-Ecstasy-Pills.jpg","type":"image\/jpeg"}],"twitter_card":"summary_large_image","twitter_misc":{"Procijenjeno vrijeme \u010ditanja":"1 minuta"},"schema":{"@context":"https:\/\/schema.org","@graph":[{"@type":"WebPage","@id":"https:\/\/medicinasinc.com\/hr\/product\/kupi-pilule-narance-teslu-ekstazija\/","url":"https:\/\/medicinasinc.com\/hr\/product\/kupi-pilule-narance-teslu-ekstazija\/","name":"Kupite naran\u010daste Tesla tablete ekstazija - najbolji najbolji svjetski lijekovi","isPartOf":{"@id":"https:\/\/medicinasinc.com\/hr\/#website"},"primaryImageOfPage":{"@id":"https:\/\/medicinasinc.com\/hr\/product\/kupi-pilule-narance-teslu-ekstazija\/#primaryimage"},"image":{"@id":"https:\/\/medicinasinc.com\/hr\/product\/kupi-pilule-narance-teslu-ekstazija\/#primaryimage"},"thumbnailUrl":"https:\/\/medicinasinc.com\/hr\/wp-content\/uploads\/sites\/3\/2022\/02\/Buy-Orange-Tesla-Ecstasy-Pills.jpg","datePublished":"2022-02-20T13:20:42+00:00","dateModified":"2022-03-15T06:09:31+00:00","description":"Kupite Orange Tesla Ecstasy pilule za prodaju Europa, UK. Kupite Ecstasy Online, Prodava\u010d Ecstasyja, Naru\u010dite tablete ecstasyja online, mi se bavimo naj\u010di\u0161\u0107im i najboljim proizvodima.","breadcrumb":{"@id":"https:\/\/medicinasinc.com\/hr\/product\/kupi-pilule-narance-teslu-ekstazija\/#breadcrumb"},"inLanguage":"hr","potentialAction":[{"@type":"ReadAction","target":["https:\/\/medicinasinc.com\/hr\/product\/kupi-pilule-narance-teslu-ekstazija\/"]}]},{"@type":"ImageObject","inLanguage":"hr","@id":"https:\/\/medicinasinc.com\/hr\/product\/kupi-pilule-narance-teslu-ekstazija\/#primaryimage","url":"https:\/\/medicinasinc.com\/hr\/wp-content\/uploads\/sites\/3\/2022\/02\/Buy-Orange-Tesla-Ecstasy-Pills.jpg","contentUrl":"https:\/\/medicinasinc.com\/hr\/wp-content\/uploads\/sites\/3\/2022\/02\/Buy-Orange-Tesla-Ecstasy-Pills.jpg","width":747,"height":560},{"@type":"BreadcrumbList","@id":"https:\/\/medicinasinc.com\/hr\/product\/kupi-pilule-narance-teslu-ekstazija\/#breadcrumb","itemListElement":[{"@type":"ListItem","position":1,"name":"Du\u0107an","item":"https:\/\/medicinasinc.com\/hr\/ducan\/"},{"@type":"ListItem","position":2,"name":"Kupite naran\u010daste Tesla tablete ekstazija"}]},{"@type":"WebSite","@id":"https:\/\/medicinasinc.com\/hr\/#website","url":"https:\/\/medicinasinc.com\/hr\/","name":"Medicinas Inc","description":"Health Medical Clinic","potentialAction":[{"@type":"SearchAction","target":{"@type":"EntryPoint","urlTemplate":"https:\/\/medicinasinc.com\/hr\/?s={search_term_string}"},"query-input":{"@type":"PropertyValueSpecification","valueRequired":true,"valueName":"search_term_string"}}],"inLanguage":"hr"}]}},"_links":{"self":[{"href":"https:\/\/medicinasinc.com\/hr\/wp-json\/wp\/v2\/product\/4576","targetHints":{"allow":["GET"]}}],"collection":[{"href":"https:\/\/medicinasinc.com\/hr\/wp-json\/wp\/v2\/product"}],"about":[{"href":"https:\/\/medicinasinc.com\/hr\/wp-json\/wp\/v2\/types\/product"}],"replies":[{"embeddable":true,"href":"https:\/\/medicinasinc.com\/hr\/wp-json\/wp\/v2\/comments?post=4576"}],"wp:featuredmedia":[{"embeddable":true,"href":"https:\/\/medicinasinc.com\/hr\/wp-json\/wp\/v2\/media\/4589"}],"wp:attachment":[{"href":"https:\/\/medicinasinc.com\/hr\/wp-json\/wp\/v2\/media?parent=4576"}],"wp:term":[{"taxonomy":"product_brand","embeddable":true,"href":"https:\/\/medicinasinc.com\/hr\/wp-json\/wp\/v2\/product_brand?post=4576"},{"taxonomy":"product_cat","embeddable":true,"href":"https:\/\/medicinasinc.com\/hr\/wp-json\/wp\/v2\/product_cat?post=4576"},{"taxonomy":"product_tag","embeddable":true,"href":"https:\/\/medicinasinc.com\/hr\/wp-json\/wp\/v2\/product_tag?post=4576"}],"curies":[{"name":"wp","href":"https:\/\/api.w.org\/{rel}","templated":true}]}}