{"id":4575,"date":"2022-02-20T13:20:33","date_gmt":"2022-02-20T13:20:33","guid":{"rendered":"https:\/\/medicinasinc.com\/hr\/?post_type=product&#038;p=4575"},"modified":"2022-03-15T06:09:39","modified_gmt":"2022-03-15T06:09:39","slug":"kupi-plavi-rolex-ekstazi-pilule","status":"publish","type":"product","link":"https:\/\/medicinasinc.com\/hr\/product\/kupi-plavi-rolex-ekstazi-pilule\/","title":{"rendered":"Kupite Blue Rolex tablete ekstazija"},"content":{"rendered":"<p>Kupite Blue Rolex ecstasy pilule na veliko online.<\/p>\n<p>Kupite Blue Rolex ecstasy pilule na veliko online.<\/p>\n<p>Ecstasy je 1912. izumio Merck drogarski odnos. Nazvan je &#8220;MDMA&#8221; zbog svoje nove strukture. Oru\u017eane snage SAD-a su ga prvi put upotrijebile 1953. za testove mentalnog anga\u017emana, a nakratko se vratio 1960-ih kao psihoterapijsko rje\u0161enje za &#8220;ni\u017ee inhibicije&#8221;. 1 MDMA se nije koristio kao recept za prikupljanje sve do 1970-ih.<\/p>\n<p>Sredinom 1980-ih, MDMA je promoviran kao &#8220;najzapjenjenija stvar u tehnici s misijom ugoditi ljudima kroz znanost&#8221; i &#8220;u rje\u0161enju&#8221; za dugotrajne zabave. MDMA je jo\u0161 uvijek bio \u0161iroko dostupan 1984. pod robnom markom &#8220;Joy&#8221;, ali do 1985. lijek je bio ograni\u010den zbog sigurnosnih razloga.<br \/> Plava Rolex pilula mo\u017ee biti posebno korisna za pojedince koji imaju problema s komponentama nakon zapanjuju\u0107eg gnje\u010denja (PTSP). Brojni pacijenti ne mogu razgovarati o opasnim doga\u0111ajima koji su izazvali njihove probleme. Naga\u0111a se, da bi ispunjenje mogao pomo\u0107i pojedincima u pove\u0107anju ovih rana.<\/p>\n<p>Doblin, 50, autenti\u010dno nije pripremljeni sposoban ili monitor; me\u0111utim, on ima veliku odgovornost za droge, jer ih je konzumirao u brojnim prilikama. \u201cTo je napravilo zna\u010dajnu promjenu u mom \u017eivotu\u201d, objasnio je. Tijekom posljednjih nekoliko godina ulagao je u \u0161irenje poruke da Joy i drugi energiziraju\u0107i lijekovi imaju temeljni uspjeh u idealnim uvjetima.<br \/> Ako uistinu tra\u017eite vezu koja vam mo\u017ee pru\u017eiti najkvalitetnije artikle, imate do\u0107i na pravo mjesto. U na\u0161oj zakladi mo\u017eete odabrati najbolje artikle koji \u0107e vam pomo\u0107i da izgradite svoje povjerenje i uspostavite razuman odnos s nama zbog mogu\u0107nosti na\u0161ih artikala. Kupite sada i primite plave plave Rolex tablete na ku\u0107ni prag u roku od pet radnih dana.<\/p>\n","protected":false},"excerpt":{"rendered":"<div class=\"woocommerce-product-details__short-description\">\n<p>Kupite Blue Rolex tablete ecstasyja u Ujedinjenom Kraljevstvu, Europi online od provjerenog i pouzdanog dobavlja\u010da, posjetite na\u0161u trgovinu i nabavite pilule vrhunske kvalitete i istra\u017eiva\u010dke kemikalije po nenadma\u0161nim cijenama.<\/p>\n<\/p><\/div>\n","protected":false},"featured_media":4587,"comment_status":"open","ping_status":"closed","template":"","meta":[],"product_brand":[],"product_cat":[498],"product_tag":[],"class_list":{"0":"post-4575","1":"product","2":"type-product","3":"status-publish","4":"has-post-thumbnail","6":"product_cat-kupi-ekstazi-pilule","8":"first","9":"instock","10":"shipping-taxable","11":"purchasable","12":"product-type-variable","13":"has-default-attributes"},"yoast_head":"<!-- This site is optimized with the Yoast SEO plugin v27.3 - https:\/\/yoast.com\/product\/yoast-seo-wordpress\/ -->\n<title>Kupite Blue Rolex tablete ekstazija - Najbolji najbolji svjetski lijekovi<\/title>\n<meta name=\"description\" content=\"Kupite Blue Rolex ecstasy pilule UK, Europa online od provjerenog i pouzdanog dobavlja\u010da, posjetite na\u0161u trgovinu i nabavite pilule vrhunske kvalitete i istra\u017eiva\u010dku kemikaliju po nenadma\u0161nim cijenama.\" \/>\n<meta name=\"robots\" content=\"index, follow, max-snippet:-1, max-image-preview:large, max-video-preview:-1\" \/>\n<link rel=\"canonical\" href=\"https:\/\/medicinasinc.com\/hr\/product\/kupi-plavi-rolex-ekstazi-pilule\/\" \/>\n<meta property=\"og:locale\" content=\"hr_HR\" \/>\n<meta property=\"og:type\" content=\"article\" \/>\n<meta property=\"og:title\" content=\"Kupite Blue Rolex tablete ekstazija - Najbolji najbolji svjetski lijekovi\" \/>\n<meta property=\"og:description\" content=\"Kupite Blue Rolex ecstasy pilule UK, Europa online od provjerenog i pouzdanog dobavlja\u010da, posjetite na\u0161u trgovinu i nabavite pilule vrhunske kvalitete i istra\u017eiva\u010dku kemikaliju po nenadma\u0161nim cijenama.\" \/>\n<meta property=\"og:url\" content=\"https:\/\/medicinasinc.com\/hr\/product\/kupi-plavi-rolex-ekstazi-pilule\/\" \/>\n<meta property=\"og:site_name\" content=\"Medicinas Inc\" \/>\n<meta property=\"article:modified_time\" content=\"2022-03-15T06:09:39+00:00\" \/>\n<meta property=\"og:image\" content=\"https:\/\/medicinasinc.com\/hr\/wp-content\/uploads\/sites\/3\/2022\/02\/buy-quality-blue-rolex-ecstasy-pills-online.jpg\" \/>\n\t<meta property=\"og:image:width\" content=\"600\" \/>\n\t<meta property=\"og:image:height\" content=\"600\" \/>\n\t<meta property=\"og:image:type\" content=\"image\/jpeg\" \/>\n<meta name=\"twitter:card\" content=\"summary_large_image\" \/>\n<script type=\"application\/ld+json\" class=\"yoast-schema-graph\">{\"@context\":\"https:\\\/\\\/schema.org\",\"@graph\":[{\"@type\":\"WebPage\",\"@id\":\"https:\\\/\\\/medicinasinc.com\\\/hr\\\/product\\\/kupi-plavi-rolex-ekstazi-pilule\\\/\",\"url\":\"https:\\\/\\\/medicinasinc.com\\\/hr\\\/product\\\/kupi-plavi-rolex-ekstazi-pilule\\\/\",\"name\":\"Kupite Blue Rolex tablete ekstazija - Najbolji najbolji svjetski lijekovi\",\"isPartOf\":{\"@id\":\"https:\\\/\\\/medicinasinc.com\\\/hr\\\/#website\"},\"primaryImageOfPage\":{\"@id\":\"https:\\\/\\\/medicinasinc.com\\\/hr\\\/product\\\/kupi-plavi-rolex-ekstazi-pilule\\\/#primaryimage\"},\"image\":{\"@id\":\"https:\\\/\\\/medicinasinc.com\\\/hr\\\/product\\\/kupi-plavi-rolex-ekstazi-pilule\\\/#primaryimage\"},\"thumbnailUrl\":\"https:\\\/\\\/medicinasinc.com\\\/hr\\\/wp-content\\\/uploads\\\/sites\\\/3\\\/2022\\\/02\\\/buy-quality-blue-rolex-ecstasy-pills-online.jpg\",\"datePublished\":\"2022-02-20T13:20:33+00:00\",\"dateModified\":\"2022-03-15T06:09:39+00:00\",\"description\":\"Kupite Blue Rolex ecstasy pilule UK, Europa online od provjerenog i pouzdanog dobavlja\u010da, posjetite na\u0161u trgovinu i nabavite pilule vrhunske kvalitete i istra\u017eiva\u010dku kemikaliju po nenadma\u0161nim cijenama.\",\"breadcrumb\":{\"@id\":\"https:\\\/\\\/medicinasinc.com\\\/hr\\\/product\\\/kupi-plavi-rolex-ekstazi-pilule\\\/#breadcrumb\"},\"inLanguage\":\"hr\",\"potentialAction\":[{\"@type\":\"ReadAction\",\"target\":[\"https:\\\/\\\/medicinasinc.com\\\/hr\\\/product\\\/kupi-plavi-rolex-ekstazi-pilule\\\/\"]}]},{\"@type\":\"ImageObject\",\"inLanguage\":\"hr\",\"@id\":\"https:\\\/\\\/medicinasinc.com\\\/hr\\\/product\\\/kupi-plavi-rolex-ekstazi-pilule\\\/#primaryimage\",\"url\":\"https:\\\/\\\/medicinasinc.com\\\/hr\\\/wp-content\\\/uploads\\\/sites\\\/3\\\/2022\\\/02\\\/buy-quality-blue-rolex-ecstasy-pills-online.jpg\",\"contentUrl\":\"https:\\\/\\\/medicinasinc.com\\\/hr\\\/wp-content\\\/uploads\\\/sites\\\/3\\\/2022\\\/02\\\/buy-quality-blue-rolex-ecstasy-pills-online.jpg\",\"width\":600,\"height\":600},{\"@type\":\"BreadcrumbList\",\"@id\":\"https:\\\/\\\/medicinasinc.com\\\/hr\\\/product\\\/kupi-plavi-rolex-ekstazi-pilule\\\/#breadcrumb\",\"itemListElement\":[{\"@type\":\"ListItem\",\"position\":1,\"name\":\"Du\u0107an\",\"item\":\"https:\\\/\\\/medicinasinc.com\\\/hr\\\/ducan\\\/\"},{\"@type\":\"ListItem\",\"position\":2,\"name\":\"Kupite Blue Rolex tablete ekstazija\"}]},{\"@type\":\"WebSite\",\"@id\":\"https:\\\/\\\/medicinasinc.com\\\/hr\\\/#website\",\"url\":\"https:\\\/\\\/medicinasinc.com\\\/hr\\\/\",\"name\":\"Medicinas Inc\",\"description\":\"Health Medical Clinic\",\"potentialAction\":[{\"@type\":\"SearchAction\",\"target\":{\"@type\":\"EntryPoint\",\"urlTemplate\":\"https:\\\/\\\/medicinasinc.com\\\/hr\\\/?s={search_term_string}\"},\"query-input\":{\"@type\":\"PropertyValueSpecification\",\"valueRequired\":true,\"valueName\":\"search_term_string\"}}],\"inLanguage\":\"hr\"}]}<\/script>\n<!-- \/ Yoast SEO plugin. -->","yoast_head_json":{"title":"Kupite Blue Rolex tablete ekstazija - Najbolji najbolji svjetski lijekovi","description":"Kupite Blue Rolex ecstasy pilule UK, Europa online od provjerenog i pouzdanog dobavlja\u010da, posjetite na\u0161u trgovinu i nabavite pilule vrhunske kvalitete i istra\u017eiva\u010dku kemikaliju po nenadma\u0161nim cijenama.","robots":{"index":"index","follow":"follow","max-snippet":"max-snippet:-1","max-image-preview":"max-image-preview:large","max-video-preview":"max-video-preview:-1"},"canonical":"https:\/\/medicinasinc.com\/hr\/product\/kupi-plavi-rolex-ekstazi-pilule\/","og_locale":"hr_HR","og_type":"article","og_title":"Kupite Blue Rolex tablete ekstazija - Najbolji najbolji svjetski lijekovi","og_description":"Kupite Blue Rolex ecstasy pilule UK, Europa online od provjerenog i pouzdanog dobavlja\u010da, posjetite na\u0161u trgovinu i nabavite pilule vrhunske kvalitete i istra\u017eiva\u010dku kemikaliju po nenadma\u0161nim cijenama.","og_url":"https:\/\/medicinasinc.com\/hr\/product\/kupi-plavi-rolex-ekstazi-pilule\/","og_site_name":"Medicinas Inc","article_modified_time":"2022-03-15T06:09:39+00:00","og_image":[{"width":600,"height":600,"url":"https:\/\/medicinasinc.com\/hr\/wp-content\/uploads\/sites\/3\/2022\/02\/buy-quality-blue-rolex-ecstasy-pills-online.jpg","type":"image\/jpeg"}],"twitter_card":"summary_large_image","schema":{"@context":"https:\/\/schema.org","@graph":[{"@type":"WebPage","@id":"https:\/\/medicinasinc.com\/hr\/product\/kupi-plavi-rolex-ekstazi-pilule\/","url":"https:\/\/medicinasinc.com\/hr\/product\/kupi-plavi-rolex-ekstazi-pilule\/","name":"Kupite Blue Rolex tablete ekstazija - Najbolji najbolji svjetski lijekovi","isPartOf":{"@id":"https:\/\/medicinasinc.com\/hr\/#website"},"primaryImageOfPage":{"@id":"https:\/\/medicinasinc.com\/hr\/product\/kupi-plavi-rolex-ekstazi-pilule\/#primaryimage"},"image":{"@id":"https:\/\/medicinasinc.com\/hr\/product\/kupi-plavi-rolex-ekstazi-pilule\/#primaryimage"},"thumbnailUrl":"https:\/\/medicinasinc.com\/hr\/wp-content\/uploads\/sites\/3\/2022\/02\/buy-quality-blue-rolex-ecstasy-pills-online.jpg","datePublished":"2022-02-20T13:20:33+00:00","dateModified":"2022-03-15T06:09:39+00:00","description":"Kupite Blue Rolex ecstasy pilule UK, Europa online od provjerenog i pouzdanog dobavlja\u010da, posjetite na\u0161u trgovinu i nabavite pilule vrhunske kvalitete i istra\u017eiva\u010dku kemikaliju po nenadma\u0161nim cijenama.","breadcrumb":{"@id":"https:\/\/medicinasinc.com\/hr\/product\/kupi-plavi-rolex-ekstazi-pilule\/#breadcrumb"},"inLanguage":"hr","potentialAction":[{"@type":"ReadAction","target":["https:\/\/medicinasinc.com\/hr\/product\/kupi-plavi-rolex-ekstazi-pilule\/"]}]},{"@type":"ImageObject","inLanguage":"hr","@id":"https:\/\/medicinasinc.com\/hr\/product\/kupi-plavi-rolex-ekstazi-pilule\/#primaryimage","url":"https:\/\/medicinasinc.com\/hr\/wp-content\/uploads\/sites\/3\/2022\/02\/buy-quality-blue-rolex-ecstasy-pills-online.jpg","contentUrl":"https:\/\/medicinasinc.com\/hr\/wp-content\/uploads\/sites\/3\/2022\/02\/buy-quality-blue-rolex-ecstasy-pills-online.jpg","width":600,"height":600},{"@type":"BreadcrumbList","@id":"https:\/\/medicinasinc.com\/hr\/product\/kupi-plavi-rolex-ekstazi-pilule\/#breadcrumb","itemListElement":[{"@type":"ListItem","position":1,"name":"Du\u0107an","item":"https:\/\/medicinasinc.com\/hr\/ducan\/"},{"@type":"ListItem","position":2,"name":"Kupite Blue Rolex tablete ekstazija"}]},{"@type":"WebSite","@id":"https:\/\/medicinasinc.com\/hr\/#website","url":"https:\/\/medicinasinc.com\/hr\/","name":"Medicinas Inc","description":"Health Medical Clinic","potentialAction":[{"@type":"SearchAction","target":{"@type":"EntryPoint","urlTemplate":"https:\/\/medicinasinc.com\/hr\/?s={search_term_string}"},"query-input":{"@type":"PropertyValueSpecification","valueRequired":true,"valueName":"search_term_string"}}],"inLanguage":"hr"}]}},"_links":{"self":[{"href":"https:\/\/medicinasinc.com\/hr\/wp-json\/wp\/v2\/product\/4575","targetHints":{"allow":["GET"]}}],"collection":[{"href":"https:\/\/medicinasinc.com\/hr\/wp-json\/wp\/v2\/product"}],"about":[{"href":"https:\/\/medicinasinc.com\/hr\/wp-json\/wp\/v2\/types\/product"}],"replies":[{"embeddable":true,"href":"https:\/\/medicinasinc.com\/hr\/wp-json\/wp\/v2\/comments?post=4575"}],"wp:featuredmedia":[{"embeddable":true,"href":"https:\/\/medicinasinc.com\/hr\/wp-json\/wp\/v2\/media\/4587"}],"wp:attachment":[{"href":"https:\/\/medicinasinc.com\/hr\/wp-json\/wp\/v2\/media?parent=4575"}],"wp:term":[{"taxonomy":"product_brand","embeddable":true,"href":"https:\/\/medicinasinc.com\/hr\/wp-json\/wp\/v2\/product_brand?post=4575"},{"taxonomy":"product_cat","embeddable":true,"href":"https:\/\/medicinasinc.com\/hr\/wp-json\/wp\/v2\/product_cat?post=4575"},{"taxonomy":"product_tag","embeddable":true,"href":"https:\/\/medicinasinc.com\/hr\/wp-json\/wp\/v2\/product_tag?post=4575"}],"curies":[{"name":"wp","href":"https:\/\/api.w.org\/{rel}","templated":true}]}}