{"id":4553,"date":"2022-02-20T10:45:15","date_gmt":"2022-02-20T10:45:15","guid":{"rendered":"https:\/\/medicinasinc.com\/hr\/?post_type=product&#038;p=4553"},"modified":"2022-03-15T06:09:49","modified_gmt":"2022-03-15T06:09:49","slug":"kupi-pink-flugels-250mg-ecstasy-pilule","status":"publish","type":"product","link":"https:\/\/medicinasinc.com\/hr\/product\/kupi-pink-flugels-250mg-ecstasy-pilule\/","title":{"rendered":"Kupite pink flugels 250mg ecstasy pilule"},"content":{"rendered":"<p>Online kupnja pink flugels 250mg ecstasy tableta<\/p>\n<p>pink flugels, pink flugels pilula izvje\u0161\u0107e, \u0161to su pink flugels, pink flugels pilule, pink flugels ecstasy i koliko mdma ima u ru\u017ei\u010dastim flugels<\/p>\n<div class=\"product-next-previous\">\n<div class=\"product-prev\"><\/div><\/div>\n","protected":false},"excerpt":{"rendered":"<p>Kupite pink flugels 250mg ecstasy pilule online.<\/p>\n<p><em>Kupite Pink Flugels 250mg<\/em>\u00a0XTC\u00a0<em>pilule<\/em>\u00a0po najboljoj tr\u017ei\u0161noj cijeni. Svi na\u0161i proizvodi izra\u0111eni su od \u010distih prirodnih sastojaka bez THC-a. Naru\u010dite sada online!<\/p>\n","protected":false},"featured_media":4571,"comment_status":"open","ping_status":"closed","template":"","meta":[],"product_brand":[],"product_cat":[498],"product_tag":[548,549,551,552,550,553],"class_list":{"0":"post-4553","1":"product","2":"type-product","3":"status-publish","4":"has-post-thumbnail","6":"product_cat-kupi-ekstazi-pilule","7":"product_tag-how-much-mdma-are-in-pink-flugels","8":"product_tag-pill-report-pink-flugels","9":"product_tag-pink-flugels-ecstasy","10":"product_tag-pink-flugels-pills","11":"product_tag-ru-c5-bei-c4-8dasti-flugelovi","12":"product_tag-to-su-ruiasti-flugelovi","14":"first","15":"instock","16":"shipping-taxable","17":"purchasable","18":"product-type-variable","19":"has-default-attributes"},"yoast_head":"<!-- This site is optimized with the Yoast SEO plugin v27.3 - https:\/\/yoast.com\/product\/yoast-seo-wordpress\/ -->\n<title>Kupite pink flugels 250mg ecstasy pilule - Najbolji najbolji svjetski lijekovi<\/title>\n<meta name=\"description\" content=\"Kupite Pink Flugels 250mg XTC pilule UK, Europa po najboljoj tr\u017ei\u0161noj cijeni. Svi na\u0161i proizvodi izra\u0111eni su od \u010distih prirodnih sastojaka bez THC-a. Naru\u010dite online odmah!\" \/>\n<meta name=\"robots\" content=\"index, follow, max-snippet:-1, max-image-preview:large, max-video-preview:-1\" \/>\n<link rel=\"canonical\" href=\"https:\/\/medicinasinc.com\/hr\/product\/kupi-pink-flugels-250mg-ecstasy-pilule\/\" \/>\n<meta property=\"og:locale\" content=\"hr_HR\" \/>\n<meta property=\"og:type\" content=\"article\" \/>\n<meta property=\"og:title\" content=\"Kupite pink flugels 250mg ecstasy pilule - Najbolji najbolji svjetski lijekovi\" \/>\n<meta property=\"og:description\" content=\"Kupite Pink Flugels 250mg XTC pilule UK, Europa po najboljoj tr\u017ei\u0161noj cijeni. Svi na\u0161i proizvodi izra\u0111eni su od \u010distih prirodnih sastojaka bez THC-a. Naru\u010dite online odmah!\" \/>\n<meta property=\"og:url\" content=\"https:\/\/medicinasinc.com\/hr\/product\/kupi-pink-flugels-250mg-ecstasy-pilule\/\" \/>\n<meta property=\"og:site_name\" content=\"Medicinas Inc\" \/>\n<meta property=\"article:modified_time\" content=\"2022-03-15T06:09:49+00:00\" \/>\n<meta property=\"og:image\" content=\"https:\/\/medicinasinc.com\/hr\/wp-content\/uploads\/sites\/3\/2022\/02\/buy-pink-flugels-250mg-ecstasy-pills-online.jpg\" \/>\n\t<meta property=\"og:image:width\" content=\"600\" \/>\n\t<meta property=\"og:image:height\" content=\"600\" \/>\n\t<meta property=\"og:image:type\" content=\"image\/jpeg\" \/>\n<meta name=\"twitter:card\" content=\"summary_large_image\" \/>\n<meta name=\"twitter:label1\" content=\"Procijenjeno vrijeme \u010ditanja\" \/>\n\t<meta name=\"twitter:data1\" content=\"1 minuta\" \/>\n<script type=\"application\/ld+json\" class=\"yoast-schema-graph\">{\"@context\":\"https:\\\/\\\/schema.org\",\"@graph\":[{\"@type\":\"WebPage\",\"@id\":\"https:\\\/\\\/medicinasinc.com\\\/hr\\\/product\\\/kupi-pink-flugels-250mg-ecstasy-pilule\\\/\",\"url\":\"https:\\\/\\\/medicinasinc.com\\\/hr\\\/product\\\/kupi-pink-flugels-250mg-ecstasy-pilule\\\/\",\"name\":\"Kupite pink flugels 250mg ecstasy pilule - Najbolji najbolji svjetski lijekovi\",\"isPartOf\":{\"@id\":\"https:\\\/\\\/medicinasinc.com\\\/hr\\\/#website\"},\"primaryImageOfPage\":{\"@id\":\"https:\\\/\\\/medicinasinc.com\\\/hr\\\/product\\\/kupi-pink-flugels-250mg-ecstasy-pilule\\\/#primaryimage\"},\"image\":{\"@id\":\"https:\\\/\\\/medicinasinc.com\\\/hr\\\/product\\\/kupi-pink-flugels-250mg-ecstasy-pilule\\\/#primaryimage\"},\"thumbnailUrl\":\"https:\\\/\\\/medicinasinc.com\\\/hr\\\/wp-content\\\/uploads\\\/sites\\\/3\\\/2022\\\/02\\\/buy-pink-flugels-250mg-ecstasy-pills-online.jpg\",\"datePublished\":\"2022-02-20T10:45:15+00:00\",\"dateModified\":\"2022-03-15T06:09:49+00:00\",\"description\":\"Kupite Pink Flugels 250mg XTC pilule UK, Europa po najboljoj tr\u017ei\u0161noj cijeni. Svi na\u0161i proizvodi izra\u0111eni su od \u010distih prirodnih sastojaka bez THC-a. Naru\u010dite online odmah!\",\"breadcrumb\":{\"@id\":\"https:\\\/\\\/medicinasinc.com\\\/hr\\\/product\\\/kupi-pink-flugels-250mg-ecstasy-pilule\\\/#breadcrumb\"},\"inLanguage\":\"hr\",\"potentialAction\":[{\"@type\":\"ReadAction\",\"target\":[\"https:\\\/\\\/medicinasinc.com\\\/hr\\\/product\\\/kupi-pink-flugels-250mg-ecstasy-pilule\\\/\"]}]},{\"@type\":\"ImageObject\",\"inLanguage\":\"hr\",\"@id\":\"https:\\\/\\\/medicinasinc.com\\\/hr\\\/product\\\/kupi-pink-flugels-250mg-ecstasy-pilule\\\/#primaryimage\",\"url\":\"https:\\\/\\\/medicinasinc.com\\\/hr\\\/wp-content\\\/uploads\\\/sites\\\/3\\\/2022\\\/02\\\/buy-pink-flugels-250mg-ecstasy-pills-online.jpg\",\"contentUrl\":\"https:\\\/\\\/medicinasinc.com\\\/hr\\\/wp-content\\\/uploads\\\/sites\\\/3\\\/2022\\\/02\\\/buy-pink-flugels-250mg-ecstasy-pills-online.jpg\",\"width\":600,\"height\":600},{\"@type\":\"BreadcrumbList\",\"@id\":\"https:\\\/\\\/medicinasinc.com\\\/hr\\\/product\\\/kupi-pink-flugels-250mg-ecstasy-pilule\\\/#breadcrumb\",\"itemListElement\":[{\"@type\":\"ListItem\",\"position\":1,\"name\":\"Du\u0107an\",\"item\":\"https:\\\/\\\/medicinasinc.com\\\/hr\\\/ducan\\\/\"},{\"@type\":\"ListItem\",\"position\":2,\"name\":\"Kupite pink flugels 250mg ecstasy pilule\"}]},{\"@type\":\"WebSite\",\"@id\":\"https:\\\/\\\/medicinasinc.com\\\/hr\\\/#website\",\"url\":\"https:\\\/\\\/medicinasinc.com\\\/hr\\\/\",\"name\":\"Medicinas Inc\",\"description\":\"Health Medical Clinic\",\"potentialAction\":[{\"@type\":\"SearchAction\",\"target\":{\"@type\":\"EntryPoint\",\"urlTemplate\":\"https:\\\/\\\/medicinasinc.com\\\/hr\\\/?s={search_term_string}\"},\"query-input\":{\"@type\":\"PropertyValueSpecification\",\"valueRequired\":true,\"valueName\":\"search_term_string\"}}],\"inLanguage\":\"hr\"}]}<\/script>\n<!-- \/ Yoast SEO plugin. -->","yoast_head_json":{"title":"Kupite pink flugels 250mg ecstasy pilule - Najbolji najbolji svjetski lijekovi","description":"Kupite Pink Flugels 250mg XTC pilule UK, Europa po najboljoj tr\u017ei\u0161noj cijeni. Svi na\u0161i proizvodi izra\u0111eni su od \u010distih prirodnih sastojaka bez THC-a. Naru\u010dite online odmah!","robots":{"index":"index","follow":"follow","max-snippet":"max-snippet:-1","max-image-preview":"max-image-preview:large","max-video-preview":"max-video-preview:-1"},"canonical":"https:\/\/medicinasinc.com\/hr\/product\/kupi-pink-flugels-250mg-ecstasy-pilule\/","og_locale":"hr_HR","og_type":"article","og_title":"Kupite pink flugels 250mg ecstasy pilule - Najbolji najbolji svjetski lijekovi","og_description":"Kupite Pink Flugels 250mg XTC pilule UK, Europa po najboljoj tr\u017ei\u0161noj cijeni. Svi na\u0161i proizvodi izra\u0111eni su od \u010distih prirodnih sastojaka bez THC-a. Naru\u010dite online odmah!","og_url":"https:\/\/medicinasinc.com\/hr\/product\/kupi-pink-flugels-250mg-ecstasy-pilule\/","og_site_name":"Medicinas Inc","article_modified_time":"2022-03-15T06:09:49+00:00","og_image":[{"width":600,"height":600,"url":"https:\/\/medicinasinc.com\/hr\/wp-content\/uploads\/sites\/3\/2022\/02\/buy-pink-flugels-250mg-ecstasy-pills-online.jpg","type":"image\/jpeg"}],"twitter_card":"summary_large_image","twitter_misc":{"Procijenjeno vrijeme \u010ditanja":"1 minuta"},"schema":{"@context":"https:\/\/schema.org","@graph":[{"@type":"WebPage","@id":"https:\/\/medicinasinc.com\/hr\/product\/kupi-pink-flugels-250mg-ecstasy-pilule\/","url":"https:\/\/medicinasinc.com\/hr\/product\/kupi-pink-flugels-250mg-ecstasy-pilule\/","name":"Kupite pink flugels 250mg ecstasy pilule - Najbolji najbolji svjetski lijekovi","isPartOf":{"@id":"https:\/\/medicinasinc.com\/hr\/#website"},"primaryImageOfPage":{"@id":"https:\/\/medicinasinc.com\/hr\/product\/kupi-pink-flugels-250mg-ecstasy-pilule\/#primaryimage"},"image":{"@id":"https:\/\/medicinasinc.com\/hr\/product\/kupi-pink-flugels-250mg-ecstasy-pilule\/#primaryimage"},"thumbnailUrl":"https:\/\/medicinasinc.com\/hr\/wp-content\/uploads\/sites\/3\/2022\/02\/buy-pink-flugels-250mg-ecstasy-pills-online.jpg","datePublished":"2022-02-20T10:45:15+00:00","dateModified":"2022-03-15T06:09:49+00:00","description":"Kupite Pink Flugels 250mg XTC pilule UK, Europa po najboljoj tr\u017ei\u0161noj cijeni. Svi na\u0161i proizvodi izra\u0111eni su od \u010distih prirodnih sastojaka bez THC-a. Naru\u010dite online odmah!","breadcrumb":{"@id":"https:\/\/medicinasinc.com\/hr\/product\/kupi-pink-flugels-250mg-ecstasy-pilule\/#breadcrumb"},"inLanguage":"hr","potentialAction":[{"@type":"ReadAction","target":["https:\/\/medicinasinc.com\/hr\/product\/kupi-pink-flugels-250mg-ecstasy-pilule\/"]}]},{"@type":"ImageObject","inLanguage":"hr","@id":"https:\/\/medicinasinc.com\/hr\/product\/kupi-pink-flugels-250mg-ecstasy-pilule\/#primaryimage","url":"https:\/\/medicinasinc.com\/hr\/wp-content\/uploads\/sites\/3\/2022\/02\/buy-pink-flugels-250mg-ecstasy-pills-online.jpg","contentUrl":"https:\/\/medicinasinc.com\/hr\/wp-content\/uploads\/sites\/3\/2022\/02\/buy-pink-flugels-250mg-ecstasy-pills-online.jpg","width":600,"height":600},{"@type":"BreadcrumbList","@id":"https:\/\/medicinasinc.com\/hr\/product\/kupi-pink-flugels-250mg-ecstasy-pilule\/#breadcrumb","itemListElement":[{"@type":"ListItem","position":1,"name":"Du\u0107an","item":"https:\/\/medicinasinc.com\/hr\/ducan\/"},{"@type":"ListItem","position":2,"name":"Kupite pink flugels 250mg ecstasy pilule"}]},{"@type":"WebSite","@id":"https:\/\/medicinasinc.com\/hr\/#website","url":"https:\/\/medicinasinc.com\/hr\/","name":"Medicinas Inc","description":"Health Medical Clinic","potentialAction":[{"@type":"SearchAction","target":{"@type":"EntryPoint","urlTemplate":"https:\/\/medicinasinc.com\/hr\/?s={search_term_string}"},"query-input":{"@type":"PropertyValueSpecification","valueRequired":true,"valueName":"search_term_string"}}],"inLanguage":"hr"}]}},"_links":{"self":[{"href":"https:\/\/medicinasinc.com\/hr\/wp-json\/wp\/v2\/product\/4553","targetHints":{"allow":["GET"]}}],"collection":[{"href":"https:\/\/medicinasinc.com\/hr\/wp-json\/wp\/v2\/product"}],"about":[{"href":"https:\/\/medicinasinc.com\/hr\/wp-json\/wp\/v2\/types\/product"}],"replies":[{"embeddable":true,"href":"https:\/\/medicinasinc.com\/hr\/wp-json\/wp\/v2\/comments?post=4553"}],"wp:featuredmedia":[{"embeddable":true,"href":"https:\/\/medicinasinc.com\/hr\/wp-json\/wp\/v2\/media\/4571"}],"wp:attachment":[{"href":"https:\/\/medicinasinc.com\/hr\/wp-json\/wp\/v2\/media?parent=4553"}],"wp:term":[{"taxonomy":"product_brand","embeddable":true,"href":"https:\/\/medicinasinc.com\/hr\/wp-json\/wp\/v2\/product_brand?post=4553"},{"taxonomy":"product_cat","embeddable":true,"href":"https:\/\/medicinasinc.com\/hr\/wp-json\/wp\/v2\/product_cat?post=4553"},{"taxonomy":"product_tag","embeddable":true,"href":"https:\/\/medicinasinc.com\/hr\/wp-json\/wp\/v2\/product_tag?post=4553"}],"curies":[{"name":"wp","href":"https:\/\/api.w.org\/{rel}","templated":true}]}}