{"id":4535,"date":"2022-02-20T10:31:14","date_gmt":"2022-02-20T10:31:14","guid":{"rendered":"https:\/\/medicinasinc.com\/hr\/?post_type=product&#038;p=4535"},"modified":"2022-03-15T06:10:12","modified_gmt":"2022-03-15T06:10:12","slug":"kupiti-sive-bugatti-mdma-pilule","status":"publish","type":"product","link":"https:\/\/medicinasinc.com\/hr\/product\/kupiti-sive-bugatti-mdma-pilule\/","title":{"rendered":"Kupite Gray Bugatti MDMA tablete"},"content":{"rendered":"<p>ONLINE KUPITE SIVI BUGATTI MDMA TABLULE<\/p>\n<p>MDMA (metamfetamin-metilendioksimetamfetamin) je sintetski stimulans koji mijenja percepciju i raspolo\u017eenje (svijest o okolnim uvjetima i objektima). Kemijski je sli\u010dan halucinogenima i stimulansima, izazivaju\u0107i osje\u0107aj pove\u0107anog u\u017eitka, energije, emocionalne topline, percepcije vremena i iskrivljene osjetilne percepcije. Kupite \u010distu mdma online.<\/p>\n<p>MDMA je u po\u010detku bio popularan na cjelono\u0107nim plesnim zabavama iu no\u0107nim klubovima, ali droga sada utje\u010de na raznoliku skupinu ljudi koji je nazivaju Molly ili Ecstasy. Online kupnja Gray Bugatti MDMA pilula<\/p>\n<p>Ecstasy je stimulativna droga koja mo\u017ee izazvati halucinacije. Pojedinci se nazivaju dizajnerskom drogom jer uzrokuju da se osoba osje\u0107a opu\u0161teno, energizirano i visoko. Lijek je osobito popularan me\u0111u mladim odraslim osobama i tinejd\u017eerima koji posje\u0107uju koncerte, klubove i &#8220;rave&#8221; zabave. Kupite mdma online<\/p>\n<p>Ecstasy se \u010desto naziva &#8220;ljubavna pilula&#8221; jer pobolj\u0161ava percepciju zvuka i boja i navodno poja\u010dava osje\u0107aje kada netko miluje ili dodiruje drugoga, ponajvi\u0161e tijekom seksa. Tako\u0111er mo\u017eete kupiti Viagru za pobolj\u0161ani seksualni u\u010dinak.<\/p>\n<p>Korisnici vjeruju da \u0107e se zbog lijeka osje\u0107ati opu\u0161teno i dobro, te \u0107e ih odr\u017eati danima bez odmora. Pojedinci koji koriste Ecstasy nisu svjesni opasnosti povezanih s ovim lijekom. Gdje mogu kupiti \u010distu mdma online?<\/p>\n<p>Ecstasy je postao jedna od najrasprostranjenijih uli\u010dnih droga. Ecstasy je nekoliko nas poslao na hitnu pomo\u0107 u posljednjih nekoliko godina zbog svojih opasnih nuspojava. Naru\u010dite MDMA u Europskoj uniji, mogu li kupiti MDMA online, veleprodaja MDMA online, \u010disti MDMA za prodaju online, prava mdma za prodaju online u Sjedinjenim Ameri\u010dkim Dr\u017eavama<\/p>\n","protected":false},"excerpt":{"rendered":"<p>Kupite Gray Bugatti MDMA tablete za prodaju online po najboljoj cijeni. Jam\u010dimo sigurnu i sigurnu dostavu diljem svijeta. Naru\u010dite MDMA u EU, mogu li kupiti MDMA online, veleprodaja MDMA online<\/p>\n<p><em>Kupite Gray Bugatti MDMA tablete<\/em>\u00a0Online po najboljoj cijeni. Jam\u010dimo sigurnu i sigurnu dostavu diljem svijeta. WhatsApp nas sada<\/p>\n","protected":false},"featured_media":4558,"comment_status":"open","ping_status":"closed","template":"","meta":[],"product_brand":[],"product_cat":[498],"product_tag":[501,504,505,507,508,542,544,545,546,547,509,510,511,500,502,503,506,499,512,513,514,515,516,528,521,522,523,524,517,530,525,526,527,529,533,532,534,535,531,518,519,536,537,539,520,538,540,543,541],"class_list":{"0":"post-4535","1":"product","2":"type-product","3":"status-publish","4":"has-post-thumbnail","6":"product_cat-kupi-ekstazi-pilule","7":"product_tag-buy-mdma-online","8":"product_tag-buy-molly-online","9":"product_tag-buy-mollymdma-online","10":"product_tag-buy-research-chemicals-online","11":"product_tag-can-i-order-mdma-online","12":"product_tag-ista-mdma-za-prodaja-online","13":"product_tag-gdje-kupiti-mdma-pilule","14":"product_tag-gdje-kupiti-mdma-pilule-online","15":"product_tag-gdje-kupiti-pure-mdma-online","16":"product_tag-gdje-kupiti-pure-molly-online","17":"product_tag-get-mdma-online","18":"product_tag-how-to-order-mdma","19":"product_tag-ilegalne-droge-za-prodaju-online-mdma","20":"product_tag-kupiti-mdma","21":"product_tag-kupi-mdma-pilule","22":"product_tag-kupiti-mdma-pilule-online","23":"product_tag-kupiti-pure-mdma-online","24":"product_tag-kupiti-sive-bugatti-mdma-pilule-online","25":"product_tag-mdma","26":"product_tag-mdma-100mg","27":"product_tag-mdma-1g","28":"product_tag-mdma-3-4-metilendioksi-n-metilamfetamin","29":"product_tag-mdma-3g","30":"product_tag-mdma-online-prodaja-dobavljai","31":"product_tag-mdma-molly","32":"product_tag-mdma-molly-crystals","33":"product_tag-mdma-molly-na-prodaja","34":"product_tag-mdma-molly-prah","35":"product_tag-mdma-na-prodaja","36":"product_tag-mdma-naruite-online","37":"product_tag-mdma-online-red","38":"product_tag-mdma-online-prodaja","39":"product_tag-mdma-online-sales","40":"product_tag-mdma-online-trgovina","41":"product_tag-mdma-pills-for-sale-online","42":"product_tag-mdma-pilula","43":"product_tag-mdma-rasprodaja","44":"product_tag-mdma-prodaja","45":"product_tag-mdma-slike","46":"product_tag-mdma-za-prodaja-online","47":"product_tag-mdma-za-prodaja-online-usa","48":"product_tag-molly-mdma-prah","49":"product_tag-na-liniji","50":"product_tag-naruite-mdma-online","51":"product_tag-mdma-za-prodaja-narudba-online","52":"product_tag-online-mdma-prodaja","53":"product_tag-order-pure-mdma-online","54":"product_tag-real-mdma-za-prodaju-online","55":"product_tag-pure-mdma","57":"first","58":"instock","59":"shipping-taxable","60":"purchasable","61":"product-type-variable","62":"has-default-attributes"},"yoast_head":"<!-- This site is optimized with the Yoast SEO plugin v27.3 - https:\/\/yoast.com\/product\/yoast-seo-wordpress\/ -->\n<title>Kupite Gray Bugatti MDMA pilule - Najbolji najbolji svjetski lijekovi<\/title>\n<meta name=\"description\" content=\"Kupite sive Bugatti MDMA tablete za prodaju na mre\u017ei po najboljoj cijeni. Jam\u010dimo sigurnu i sigurnu dostavu diljem svijeta. Naru\u010dite MDMA u EU, mogu li kupiti MDMA online, veleprodaja MDMA online\" \/>\n<meta name=\"robots\" content=\"index, follow, max-snippet:-1, max-image-preview:large, max-video-preview:-1\" \/>\n<link rel=\"canonical\" href=\"https:\/\/medicinasinc.com\/hr\/product\/kupiti-sive-bugatti-mdma-pilule\/\" \/>\n<meta property=\"og:locale\" content=\"hr_HR\" \/>\n<meta property=\"og:type\" content=\"article\" \/>\n<meta property=\"og:title\" content=\"Kupite Gray Bugatti MDMA pilule - Najbolji najbolji svjetski lijekovi\" \/>\n<meta property=\"og:description\" content=\"Kupite sive Bugatti MDMA tablete za prodaju na mre\u017ei po najboljoj cijeni. Jam\u010dimo sigurnu i sigurnu dostavu diljem svijeta. Naru\u010dite MDMA u EU, mogu li kupiti MDMA online, veleprodaja MDMA online\" \/>\n<meta property=\"og:url\" content=\"https:\/\/medicinasinc.com\/hr\/product\/kupiti-sive-bugatti-mdma-pilule\/\" \/>\n<meta property=\"og:site_name\" content=\"Medicinas Inc\" \/>\n<meta property=\"article:modified_time\" content=\"2022-03-15T06:10:12+00:00\" \/>\n<meta property=\"og:image\" content=\"https:\/\/medicinasinc.com\/hr\/wp-content\/uploads\/sites\/3\/2022\/02\/buy-gray-bugatti-mdma-pills-online.jpg\" \/>\n\t<meta property=\"og:image:width\" content=\"600\" \/>\n\t<meta property=\"og:image:height\" content=\"600\" \/>\n\t<meta property=\"og:image:type\" content=\"image\/jpeg\" \/>\n<meta name=\"twitter:card\" content=\"summary_large_image\" \/>\n<meta name=\"twitter:label1\" content=\"Procijenjeno vrijeme \u010ditanja\" \/>\n\t<meta name=\"twitter:data1\" content=\"2 minute\" \/>\n<script type=\"application\/ld+json\" class=\"yoast-schema-graph\">{\"@context\":\"https:\\\/\\\/schema.org\",\"@graph\":[{\"@type\":\"WebPage\",\"@id\":\"https:\\\/\\\/medicinasinc.com\\\/hr\\\/product\\\/kupiti-sive-bugatti-mdma-pilule\\\/\",\"url\":\"https:\\\/\\\/medicinasinc.com\\\/hr\\\/product\\\/kupiti-sive-bugatti-mdma-pilule\\\/\",\"name\":\"Kupite Gray Bugatti MDMA pilule - Najbolji najbolji svjetski lijekovi\",\"isPartOf\":{\"@id\":\"https:\\\/\\\/medicinasinc.com\\\/hr\\\/#website\"},\"primaryImageOfPage\":{\"@id\":\"https:\\\/\\\/medicinasinc.com\\\/hr\\\/product\\\/kupiti-sive-bugatti-mdma-pilule\\\/#primaryimage\"},\"image\":{\"@id\":\"https:\\\/\\\/medicinasinc.com\\\/hr\\\/product\\\/kupiti-sive-bugatti-mdma-pilule\\\/#primaryimage\"},\"thumbnailUrl\":\"https:\\\/\\\/medicinasinc.com\\\/hr\\\/wp-content\\\/uploads\\\/sites\\\/3\\\/2022\\\/02\\\/buy-gray-bugatti-mdma-pills-online.jpg\",\"datePublished\":\"2022-02-20T10:31:14+00:00\",\"dateModified\":\"2022-03-15T06:10:12+00:00\",\"description\":\"Kupite sive Bugatti MDMA tablete za prodaju na mre\u017ei po najboljoj cijeni. Jam\u010dimo sigurnu i sigurnu dostavu diljem svijeta. Naru\u010dite MDMA u EU, mogu li kupiti MDMA online, veleprodaja MDMA online\",\"breadcrumb\":{\"@id\":\"https:\\\/\\\/medicinasinc.com\\\/hr\\\/product\\\/kupiti-sive-bugatti-mdma-pilule\\\/#breadcrumb\"},\"inLanguage\":\"hr\",\"potentialAction\":[{\"@type\":\"ReadAction\",\"target\":[\"https:\\\/\\\/medicinasinc.com\\\/hr\\\/product\\\/kupiti-sive-bugatti-mdma-pilule\\\/\"]}]},{\"@type\":\"ImageObject\",\"inLanguage\":\"hr\",\"@id\":\"https:\\\/\\\/medicinasinc.com\\\/hr\\\/product\\\/kupiti-sive-bugatti-mdma-pilule\\\/#primaryimage\",\"url\":\"https:\\\/\\\/medicinasinc.com\\\/hr\\\/wp-content\\\/uploads\\\/sites\\\/3\\\/2022\\\/02\\\/buy-gray-bugatti-mdma-pills-online.jpg\",\"contentUrl\":\"https:\\\/\\\/medicinasinc.com\\\/hr\\\/wp-content\\\/uploads\\\/sites\\\/3\\\/2022\\\/02\\\/buy-gray-bugatti-mdma-pills-online.jpg\",\"width\":600,\"height\":600},{\"@type\":\"BreadcrumbList\",\"@id\":\"https:\\\/\\\/medicinasinc.com\\\/hr\\\/product\\\/kupiti-sive-bugatti-mdma-pilule\\\/#breadcrumb\",\"itemListElement\":[{\"@type\":\"ListItem\",\"position\":1,\"name\":\"Du\u0107an\",\"item\":\"https:\\\/\\\/medicinasinc.com\\\/hr\\\/ducan\\\/\"},{\"@type\":\"ListItem\",\"position\":2,\"name\":\"Kupite Gray Bugatti MDMA tablete\"}]},{\"@type\":\"WebSite\",\"@id\":\"https:\\\/\\\/medicinasinc.com\\\/hr\\\/#website\",\"url\":\"https:\\\/\\\/medicinasinc.com\\\/hr\\\/\",\"name\":\"Medicinas Inc\",\"description\":\"Health Medical Clinic\",\"potentialAction\":[{\"@type\":\"SearchAction\",\"target\":{\"@type\":\"EntryPoint\",\"urlTemplate\":\"https:\\\/\\\/medicinasinc.com\\\/hr\\\/?s={search_term_string}\"},\"query-input\":{\"@type\":\"PropertyValueSpecification\",\"valueRequired\":true,\"valueName\":\"search_term_string\"}}],\"inLanguage\":\"hr\"}]}<\/script>\n<!-- \/ Yoast SEO plugin. -->","yoast_head_json":{"title":"Kupite Gray Bugatti MDMA pilule - Najbolji najbolji svjetski lijekovi","description":"Kupite sive Bugatti MDMA tablete za prodaju na mre\u017ei po najboljoj cijeni. Jam\u010dimo sigurnu i sigurnu dostavu diljem svijeta. Naru\u010dite MDMA u EU, mogu li kupiti MDMA online, veleprodaja MDMA online","robots":{"index":"index","follow":"follow","max-snippet":"max-snippet:-1","max-image-preview":"max-image-preview:large","max-video-preview":"max-video-preview:-1"},"canonical":"https:\/\/medicinasinc.com\/hr\/product\/kupiti-sive-bugatti-mdma-pilule\/","og_locale":"hr_HR","og_type":"article","og_title":"Kupite Gray Bugatti MDMA pilule - Najbolji najbolji svjetski lijekovi","og_description":"Kupite sive Bugatti MDMA tablete za prodaju na mre\u017ei po najboljoj cijeni. Jam\u010dimo sigurnu i sigurnu dostavu diljem svijeta. Naru\u010dite MDMA u EU, mogu li kupiti MDMA online, veleprodaja MDMA online","og_url":"https:\/\/medicinasinc.com\/hr\/product\/kupiti-sive-bugatti-mdma-pilule\/","og_site_name":"Medicinas Inc","article_modified_time":"2022-03-15T06:10:12+00:00","og_image":[{"width":600,"height":600,"url":"https:\/\/medicinasinc.com\/hr\/wp-content\/uploads\/sites\/3\/2022\/02\/buy-gray-bugatti-mdma-pills-online.jpg","type":"image\/jpeg"}],"twitter_card":"summary_large_image","twitter_misc":{"Procijenjeno vrijeme \u010ditanja":"2 minute"},"schema":{"@context":"https:\/\/schema.org","@graph":[{"@type":"WebPage","@id":"https:\/\/medicinasinc.com\/hr\/product\/kupiti-sive-bugatti-mdma-pilule\/","url":"https:\/\/medicinasinc.com\/hr\/product\/kupiti-sive-bugatti-mdma-pilule\/","name":"Kupite Gray Bugatti MDMA pilule - Najbolji najbolji svjetski lijekovi","isPartOf":{"@id":"https:\/\/medicinasinc.com\/hr\/#website"},"primaryImageOfPage":{"@id":"https:\/\/medicinasinc.com\/hr\/product\/kupiti-sive-bugatti-mdma-pilule\/#primaryimage"},"image":{"@id":"https:\/\/medicinasinc.com\/hr\/product\/kupiti-sive-bugatti-mdma-pilule\/#primaryimage"},"thumbnailUrl":"https:\/\/medicinasinc.com\/hr\/wp-content\/uploads\/sites\/3\/2022\/02\/buy-gray-bugatti-mdma-pills-online.jpg","datePublished":"2022-02-20T10:31:14+00:00","dateModified":"2022-03-15T06:10:12+00:00","description":"Kupite sive Bugatti MDMA tablete za prodaju na mre\u017ei po najboljoj cijeni. Jam\u010dimo sigurnu i sigurnu dostavu diljem svijeta. Naru\u010dite MDMA u EU, mogu li kupiti MDMA online, veleprodaja MDMA online","breadcrumb":{"@id":"https:\/\/medicinasinc.com\/hr\/product\/kupiti-sive-bugatti-mdma-pilule\/#breadcrumb"},"inLanguage":"hr","potentialAction":[{"@type":"ReadAction","target":["https:\/\/medicinasinc.com\/hr\/product\/kupiti-sive-bugatti-mdma-pilule\/"]}]},{"@type":"ImageObject","inLanguage":"hr","@id":"https:\/\/medicinasinc.com\/hr\/product\/kupiti-sive-bugatti-mdma-pilule\/#primaryimage","url":"https:\/\/medicinasinc.com\/hr\/wp-content\/uploads\/sites\/3\/2022\/02\/buy-gray-bugatti-mdma-pills-online.jpg","contentUrl":"https:\/\/medicinasinc.com\/hr\/wp-content\/uploads\/sites\/3\/2022\/02\/buy-gray-bugatti-mdma-pills-online.jpg","width":600,"height":600},{"@type":"BreadcrumbList","@id":"https:\/\/medicinasinc.com\/hr\/product\/kupiti-sive-bugatti-mdma-pilule\/#breadcrumb","itemListElement":[{"@type":"ListItem","position":1,"name":"Du\u0107an","item":"https:\/\/medicinasinc.com\/hr\/ducan\/"},{"@type":"ListItem","position":2,"name":"Kupite Gray Bugatti MDMA tablete"}]},{"@type":"WebSite","@id":"https:\/\/medicinasinc.com\/hr\/#website","url":"https:\/\/medicinasinc.com\/hr\/","name":"Medicinas Inc","description":"Health Medical Clinic","potentialAction":[{"@type":"SearchAction","target":{"@type":"EntryPoint","urlTemplate":"https:\/\/medicinasinc.com\/hr\/?s={search_term_string}"},"query-input":{"@type":"PropertyValueSpecification","valueRequired":true,"valueName":"search_term_string"}}],"inLanguage":"hr"}]}},"_links":{"self":[{"href":"https:\/\/medicinasinc.com\/hr\/wp-json\/wp\/v2\/product\/4535","targetHints":{"allow":["GET"]}}],"collection":[{"href":"https:\/\/medicinasinc.com\/hr\/wp-json\/wp\/v2\/product"}],"about":[{"href":"https:\/\/medicinasinc.com\/hr\/wp-json\/wp\/v2\/types\/product"}],"replies":[{"embeddable":true,"href":"https:\/\/medicinasinc.com\/hr\/wp-json\/wp\/v2\/comments?post=4535"}],"wp:featuredmedia":[{"embeddable":true,"href":"https:\/\/medicinasinc.com\/hr\/wp-json\/wp\/v2\/media\/4558"}],"wp:attachment":[{"href":"https:\/\/medicinasinc.com\/hr\/wp-json\/wp\/v2\/media?parent=4535"}],"wp:term":[{"taxonomy":"product_brand","embeddable":true,"href":"https:\/\/medicinasinc.com\/hr\/wp-json\/wp\/v2\/product_brand?post=4535"},{"taxonomy":"product_cat","embeddable":true,"href":"https:\/\/medicinasinc.com\/hr\/wp-json\/wp\/v2\/product_cat?post=4535"},{"taxonomy":"product_tag","embeddable":true,"href":"https:\/\/medicinasinc.com\/hr\/wp-json\/wp\/v2\/product_tag?post=4535"}],"curies":[{"name":"wp","href":"https:\/\/api.w.org\/{rel}","templated":true}]}}