{"id":4468,"date":"2022-02-20T09:37:05","date_gmt":"2022-02-20T09:37:05","guid":{"rendered":"https:\/\/medicinasinc.com\/hr\/?post_type=product&#038;p=4468"},"modified":"2022-03-15T06:13:47","modified_gmt":"2022-03-15T06:13:47","slug":"kupiti-rexcof-sirup-za-kasalj","status":"publish","type":"product","link":"https:\/\/medicinasinc.com\/hr\/product\/kupiti-rexcof-sirup-za-kasalj\/","title":{"rendered":"Kupite Rexcof sirup protiv ka\u0161lja"},"content":{"rendered":"<h1>Kupite Rexcof sirup protiv ka\u0161lja.<\/h1>\n<p>Kupite Rexcof sirup protiv ka\u0161lja. Tako\u0111er imamo Actavis na prodaju. Kupite kokain online.<\/p>\n","protected":false},"excerpt":{"rendered":"<p>Kupite rexcof sirup protiv ka\u0161lja. Kodein ili metilmorfin je opijat koji se koristi zbog svojih analgetskih, antitusivnih i antidijareji\u010dnih svojstava. Nudimo besplatnu dostavu za veleprodajne narud\u017ebe<\/p>\n","protected":false},"featured_media":4503,"comment_status":"open","ping_status":"closed","template":"","meta":[],"product_brand":[],"product_cat":[497],"product_tag":[],"class_list":{"0":"post-4468","1":"product","2":"type-product","3":"status-publish","4":"has-post-thumbnail","6":"product_cat-kupiti-kaslja-sirup","8":"first","9":"instock","10":"shipping-taxable","11":"purchasable","12":"product-type-variable"},"yoast_head":"<!-- This site is optimized with the Yoast SEO plugin v27.3 - https:\/\/yoast.com\/product\/yoast-seo-wordpress\/ -->\n<title>Kupite Rexcof sirup protiv ka\u0161lja - najbolji najbolji svjetski lijekovi<\/title>\n<meta name=\"description\" content=\"Kupite rexcof sirup protiv ka\u0161lja za prodaju Velika Britanija, Europa. Kodein ili metilmorfin je opijat koji se koristi zbog svojih analgetskih, antitusivnih i antidijareji\u010dnih svojstava. Nudimo besplatnu dostavu za veleprodajne narud\u017ebe\" \/>\n<meta name=\"robots\" content=\"index, follow, max-snippet:-1, max-image-preview:large, max-video-preview:-1\" \/>\n<link rel=\"canonical\" href=\"https:\/\/medicinasinc.com\/hr\/product\/kupiti-rexcof-sirup-za-kasalj\/\" \/>\n<meta property=\"og:locale\" content=\"hr_HR\" \/>\n<meta property=\"og:type\" content=\"article\" \/>\n<meta property=\"og:title\" content=\"Kupite Rexcof sirup protiv ka\u0161lja - najbolji najbolji svjetski lijekovi\" \/>\n<meta property=\"og:description\" content=\"Kupite rexcof sirup protiv ka\u0161lja za prodaju Velika Britanija, Europa. Kodein ili metilmorfin je opijat koji se koristi zbog svojih analgetskih, antitusivnih i antidijareji\u010dnih svojstava. Nudimo besplatnu dostavu za veleprodajne narud\u017ebe\" \/>\n<meta property=\"og:url\" content=\"https:\/\/medicinasinc.com\/hr\/product\/kupiti-rexcof-sirup-za-kasalj\/\" \/>\n<meta property=\"og:site_name\" content=\"Medicinas Inc\" \/>\n<meta property=\"article:modified_time\" content=\"2022-03-15T06:13:47+00:00\" \/>\n<meta property=\"og:image\" content=\"https:\/\/medicinasinc.com\/hr\/wp-content\/uploads\/sites\/3\/2022\/02\/buy-rexcof-cough-syrup.jpg\" \/>\n\t<meta property=\"og:image:width\" content=\"600\" \/>\n\t<meta property=\"og:image:height\" content=\"600\" \/>\n\t<meta property=\"og:image:type\" content=\"image\/jpeg\" \/>\n<meta name=\"twitter:card\" content=\"summary_large_image\" \/>\n<meta name=\"twitter:label1\" content=\"Procijenjeno vrijeme \u010ditanja\" \/>\n\t<meta name=\"twitter:data1\" content=\"1 minuta\" \/>\n<script type=\"application\/ld+json\" class=\"yoast-schema-graph\">{\"@context\":\"https:\\\/\\\/schema.org\",\"@graph\":[{\"@type\":\"WebPage\",\"@id\":\"https:\\\/\\\/medicinasinc.com\\\/hr\\\/product\\\/kupiti-rexcof-sirup-za-kasalj\\\/\",\"url\":\"https:\\\/\\\/medicinasinc.com\\\/hr\\\/product\\\/kupiti-rexcof-sirup-za-kasalj\\\/\",\"name\":\"Kupite Rexcof sirup protiv ka\u0161lja - najbolji najbolji svjetski lijekovi\",\"isPartOf\":{\"@id\":\"https:\\\/\\\/medicinasinc.com\\\/hr\\\/#website\"},\"primaryImageOfPage\":{\"@id\":\"https:\\\/\\\/medicinasinc.com\\\/hr\\\/product\\\/kupiti-rexcof-sirup-za-kasalj\\\/#primaryimage\"},\"image\":{\"@id\":\"https:\\\/\\\/medicinasinc.com\\\/hr\\\/product\\\/kupiti-rexcof-sirup-za-kasalj\\\/#primaryimage\"},\"thumbnailUrl\":\"https:\\\/\\\/medicinasinc.com\\\/hr\\\/wp-content\\\/uploads\\\/sites\\\/3\\\/2022\\\/02\\\/buy-rexcof-cough-syrup.jpg\",\"datePublished\":\"2022-02-20T09:37:05+00:00\",\"dateModified\":\"2022-03-15T06:13:47+00:00\",\"description\":\"Kupite rexcof sirup protiv ka\u0161lja za prodaju Velika Britanija, Europa. Kodein ili metilmorfin je opijat koji se koristi zbog svojih analgetskih, antitusivnih i antidijareji\u010dnih svojstava. Nudimo besplatnu dostavu za veleprodajne narud\u017ebe\",\"breadcrumb\":{\"@id\":\"https:\\\/\\\/medicinasinc.com\\\/hr\\\/product\\\/kupiti-rexcof-sirup-za-kasalj\\\/#breadcrumb\"},\"inLanguage\":\"hr\",\"potentialAction\":[{\"@type\":\"ReadAction\",\"target\":[\"https:\\\/\\\/medicinasinc.com\\\/hr\\\/product\\\/kupiti-rexcof-sirup-za-kasalj\\\/\"]}]},{\"@type\":\"ImageObject\",\"inLanguage\":\"hr\",\"@id\":\"https:\\\/\\\/medicinasinc.com\\\/hr\\\/product\\\/kupiti-rexcof-sirup-za-kasalj\\\/#primaryimage\",\"url\":\"https:\\\/\\\/medicinasinc.com\\\/hr\\\/wp-content\\\/uploads\\\/sites\\\/3\\\/2022\\\/02\\\/buy-rexcof-cough-syrup.jpg\",\"contentUrl\":\"https:\\\/\\\/medicinasinc.com\\\/hr\\\/wp-content\\\/uploads\\\/sites\\\/3\\\/2022\\\/02\\\/buy-rexcof-cough-syrup.jpg\",\"width\":600,\"height\":600},{\"@type\":\"BreadcrumbList\",\"@id\":\"https:\\\/\\\/medicinasinc.com\\\/hr\\\/product\\\/kupiti-rexcof-sirup-za-kasalj\\\/#breadcrumb\",\"itemListElement\":[{\"@type\":\"ListItem\",\"position\":1,\"name\":\"Du\u0107an\",\"item\":\"https:\\\/\\\/medicinasinc.com\\\/hr\\\/ducan\\\/\"},{\"@type\":\"ListItem\",\"position\":2,\"name\":\"Kupite Rexcof sirup protiv ka\u0161lja\"}]},{\"@type\":\"WebSite\",\"@id\":\"https:\\\/\\\/medicinasinc.com\\\/hr\\\/#website\",\"url\":\"https:\\\/\\\/medicinasinc.com\\\/hr\\\/\",\"name\":\"Medicinas Inc\",\"description\":\"Health Medical Clinic\",\"potentialAction\":[{\"@type\":\"SearchAction\",\"target\":{\"@type\":\"EntryPoint\",\"urlTemplate\":\"https:\\\/\\\/medicinasinc.com\\\/hr\\\/?s={search_term_string}\"},\"query-input\":{\"@type\":\"PropertyValueSpecification\",\"valueRequired\":true,\"valueName\":\"search_term_string\"}}],\"inLanguage\":\"hr\"}]}<\/script>\n<!-- \/ Yoast SEO plugin. -->","yoast_head_json":{"title":"Kupite Rexcof sirup protiv ka\u0161lja - najbolji najbolji svjetski lijekovi","description":"Kupite rexcof sirup protiv ka\u0161lja za prodaju Velika Britanija, Europa. Kodein ili metilmorfin je opijat koji se koristi zbog svojih analgetskih, antitusivnih i antidijareji\u010dnih svojstava. Nudimo besplatnu dostavu za veleprodajne narud\u017ebe","robots":{"index":"index","follow":"follow","max-snippet":"max-snippet:-1","max-image-preview":"max-image-preview:large","max-video-preview":"max-video-preview:-1"},"canonical":"https:\/\/medicinasinc.com\/hr\/product\/kupiti-rexcof-sirup-za-kasalj\/","og_locale":"hr_HR","og_type":"article","og_title":"Kupite Rexcof sirup protiv ka\u0161lja - najbolji najbolji svjetski lijekovi","og_description":"Kupite rexcof sirup protiv ka\u0161lja za prodaju Velika Britanija, Europa. Kodein ili metilmorfin je opijat koji se koristi zbog svojih analgetskih, antitusivnih i antidijareji\u010dnih svojstava. Nudimo besplatnu dostavu za veleprodajne narud\u017ebe","og_url":"https:\/\/medicinasinc.com\/hr\/product\/kupiti-rexcof-sirup-za-kasalj\/","og_site_name":"Medicinas Inc","article_modified_time":"2022-03-15T06:13:47+00:00","og_image":[{"width":600,"height":600,"url":"https:\/\/medicinasinc.com\/hr\/wp-content\/uploads\/sites\/3\/2022\/02\/buy-rexcof-cough-syrup.jpg","type":"image\/jpeg"}],"twitter_card":"summary_large_image","twitter_misc":{"Procijenjeno vrijeme \u010ditanja":"1 minuta"},"schema":{"@context":"https:\/\/schema.org","@graph":[{"@type":"WebPage","@id":"https:\/\/medicinasinc.com\/hr\/product\/kupiti-rexcof-sirup-za-kasalj\/","url":"https:\/\/medicinasinc.com\/hr\/product\/kupiti-rexcof-sirup-za-kasalj\/","name":"Kupite Rexcof sirup protiv ka\u0161lja - najbolji najbolji svjetski lijekovi","isPartOf":{"@id":"https:\/\/medicinasinc.com\/hr\/#website"},"primaryImageOfPage":{"@id":"https:\/\/medicinasinc.com\/hr\/product\/kupiti-rexcof-sirup-za-kasalj\/#primaryimage"},"image":{"@id":"https:\/\/medicinasinc.com\/hr\/product\/kupiti-rexcof-sirup-za-kasalj\/#primaryimage"},"thumbnailUrl":"https:\/\/medicinasinc.com\/hr\/wp-content\/uploads\/sites\/3\/2022\/02\/buy-rexcof-cough-syrup.jpg","datePublished":"2022-02-20T09:37:05+00:00","dateModified":"2022-03-15T06:13:47+00:00","description":"Kupite rexcof sirup protiv ka\u0161lja za prodaju Velika Britanija, Europa. Kodein ili metilmorfin je opijat koji se koristi zbog svojih analgetskih, antitusivnih i antidijareji\u010dnih svojstava. Nudimo besplatnu dostavu za veleprodajne narud\u017ebe","breadcrumb":{"@id":"https:\/\/medicinasinc.com\/hr\/product\/kupiti-rexcof-sirup-za-kasalj\/#breadcrumb"},"inLanguage":"hr","potentialAction":[{"@type":"ReadAction","target":["https:\/\/medicinasinc.com\/hr\/product\/kupiti-rexcof-sirup-za-kasalj\/"]}]},{"@type":"ImageObject","inLanguage":"hr","@id":"https:\/\/medicinasinc.com\/hr\/product\/kupiti-rexcof-sirup-za-kasalj\/#primaryimage","url":"https:\/\/medicinasinc.com\/hr\/wp-content\/uploads\/sites\/3\/2022\/02\/buy-rexcof-cough-syrup.jpg","contentUrl":"https:\/\/medicinasinc.com\/hr\/wp-content\/uploads\/sites\/3\/2022\/02\/buy-rexcof-cough-syrup.jpg","width":600,"height":600},{"@type":"BreadcrumbList","@id":"https:\/\/medicinasinc.com\/hr\/product\/kupiti-rexcof-sirup-za-kasalj\/#breadcrumb","itemListElement":[{"@type":"ListItem","position":1,"name":"Du\u0107an","item":"https:\/\/medicinasinc.com\/hr\/ducan\/"},{"@type":"ListItem","position":2,"name":"Kupite Rexcof sirup protiv ka\u0161lja"}]},{"@type":"WebSite","@id":"https:\/\/medicinasinc.com\/hr\/#website","url":"https:\/\/medicinasinc.com\/hr\/","name":"Medicinas Inc","description":"Health Medical Clinic","potentialAction":[{"@type":"SearchAction","target":{"@type":"EntryPoint","urlTemplate":"https:\/\/medicinasinc.com\/hr\/?s={search_term_string}"},"query-input":{"@type":"PropertyValueSpecification","valueRequired":true,"valueName":"search_term_string"}}],"inLanguage":"hr"}]}},"_links":{"self":[{"href":"https:\/\/medicinasinc.com\/hr\/wp-json\/wp\/v2\/product\/4468","targetHints":{"allow":["GET"]}}],"collection":[{"href":"https:\/\/medicinasinc.com\/hr\/wp-json\/wp\/v2\/product"}],"about":[{"href":"https:\/\/medicinasinc.com\/hr\/wp-json\/wp\/v2\/types\/product"}],"replies":[{"embeddable":true,"href":"https:\/\/medicinasinc.com\/hr\/wp-json\/wp\/v2\/comments?post=4468"}],"wp:featuredmedia":[{"embeddable":true,"href":"https:\/\/medicinasinc.com\/hr\/wp-json\/wp\/v2\/media\/4503"}],"wp:attachment":[{"href":"https:\/\/medicinasinc.com\/hr\/wp-json\/wp\/v2\/media?parent=4468"}],"wp:term":[{"taxonomy":"product_brand","embeddable":true,"href":"https:\/\/medicinasinc.com\/hr\/wp-json\/wp\/v2\/product_brand?post=4468"},{"taxonomy":"product_cat","embeddable":true,"href":"https:\/\/medicinasinc.com\/hr\/wp-json\/wp\/v2\/product_cat?post=4468"},{"taxonomy":"product_tag","embeddable":true,"href":"https:\/\/medicinasinc.com\/hr\/wp-json\/wp\/v2\/product_tag?post=4468"}],"curies":[{"name":"wp","href":"https:\/\/api.w.org\/{rel}","templated":true}]}}