{"id":4455,"date":"2022-02-20T09:28:05","date_gmt":"2022-02-20T09:28:05","guid":{"rendered":"https:\/\/medicinasinc.com\/hr\/?post_type=product&#038;p=4455"},"modified":"2022-03-15T06:14:14","modified_gmt":"2022-03-15T06:14:14","slug":"kupi-hi-tech-sirup-za-kasalj","status":"publish","type":"product","link":"https:\/\/medicinasinc.com\/hr\/product\/kupi-hi-tech-sirup-za-kasalj\/","title":{"rendered":"Kupite Hi-Tech sirup protiv ka\u0161lja"},"content":{"rendered":"<p>Online kupnja Hi-Tech sirupa za ka\u0161alj.<\/p>\n<p>Kupite Hi-Tech sirup za ka\u0161alj online po iznimno niskim cijenama. dodatno, kupiti kokain u svrhu preprodaje. Prodajemo razne stimulanse i narkotike, uklju\u010duju\u0107i GHB.<\/p>\n<p>Iako cijenim pristojan ukus, vjerujem da im treba predugo da se aktiviraju. Zbog svoje snage i okusa, THC sirup mo\u017ee postati va\u0161 novi idite na tvar za pomo\u0107.<\/p>\n<p>Sirup od kanabisa je fantasti\u010dan za restorativne i rekreativne klijente. Sna\u017ean je i u\u010dinkovit \u2013 \u010desto djeluje u roku od 20 do 30 minuta \u2013 i razborit za upotrebu. Jednostavno dodajte svoju porciju bilo kojoj hrani ili napitku i gotovi ste. Me\u0111utim, mo\u017eete popiti malu mjeru bez incidenata. To je sve!<\/p>\n<p>sirup protiv ka\u0161lja na prodaju, high-tech thc sirup, sirup za ka\u0161alj online, hi-tech lean cijena, hi-tech sirup za ka\u0161alj online, hi-tech online. Oni koji ne mogu podnijeti pomisao na pu\u0161enje trave (ili su mo\u017eda previ\u0161e nesposobni da to uzmu u obzir), ali i dalje \u017eele iskoristiti prednosti ove uistinu prekrasne biljke, poti\u010du se da razmotre THC sirup kao alternativnu metodu konzumacije. Strogo terapeutski klijenti bit \u0107e zadovoljni saznanjem da je dostupan i CBD sirup. To je, me\u0111utim, tema za drugi \u010dlanak!<\/p>\n<p>NAPRAVITE THC SIRUP: UPUTE KORAK PO KORAK<\/p>\n<p>Ako tra\u017eite jednostavan recept za THC sirup, ne tra\u017eite dalje. Nedvojbeno mo\u017eete napraviti sirup za te\u010denje THC kod ku\u0107e sa samo nekoliko sastojaka i minimalnim hardverom. Vjerojatno je to najjednostavniji predmet koji mo\u017eete napraviti sami, jer se ne o\u010dekuje da potencijalno opasna sintetika izvla\u010di THC iz biljnog materijala.<\/p>\n<p>Da biste stvorili vlastiti sirup s THC-om, trebat \u0107e vam&#8230;.<\/p>\n<p>Voda. Otprilike 200 ml \u0107e dati razumnu koli\u010dinu sirupa. Budu\u0107i da je formula tako jednostavna, kasnije op\u0107enito mo\u017eete napraviti koliko god \u017eelite.<\/p>\n<p>\u0160e\u0107er. Koli\u010dina \u0161e\u0107era koju koristite utjecat \u0107e na vrijeme koje se va\u0161 sirup od kanabisa mo\u017ee \u010duvati. Sirup napravljen od dva dijela \u0161e\u0107era i jednog dijela vode mo\u017ee se \u010duvati otprilike \u010detvrt godine). Tako\u0111er se mo\u017ee napraviti sirup 1:1, iako ne\u0107e trajati toliko dugo.<\/p>\n<p>Razli\u010diti oblici grubo dekarboksiliranog THC-a (cvjetanje, obrezivanje, protresanje, ha\u0161i\u0161, ulje, lomljenje, vosak, u pravom smislu sve se mo\u017ee iskoristiti).<\/p>\n<p>DOZIRANJE THC SIRUPA<\/p>\n<p>Koli\u010dina konzumiranog THC sirupa zna\u010dajno varira me\u0111u pojedincima. Va\u017eno je biti oprezan i odmjeriti svoj kapacitet u odnosu na snagu bilo kojeg artikla koji sadr\u017ei THC. sirup za ka\u0161alj online, high-tech thc sirup, hi-tech lean cijena, hi-tech sirup za ka\u0161alj online, hi-tech online, sirup protiv ka\u0161lja na prodaju<\/p>\n<p>Problem s doma\u0107im THC mije\u0161anim sirupima je u tome \u0161to snaga koncentrata je \u010desto nepoznata. Ako ste zabrinuti zbog ovoga ili se jednostavno ne \u017eelite nositi s (bezva\u017enom) mukom oko postavljanja vlastitog, u nastavku potra\u017eite na\u0161e najbolje izbore na tr\u017ei\u0161tu danas.<\/p>\n","protected":false},"excerpt":{"rendered":"<p>Kupite Hi-Tech sirup protiv ka\u0161lja za prodaju u UK, Europi online. Hi-Tech promethazin hidroklorid i kodein fosfatni sirup\u2026 svakih 5 mL sadr\u017ei: Prometazin hidroklorid 6,25 mg; kodein fosfat 10 mg. Alkohol 7% Indikacija: Sredstvo za suzbijanje ka\u0161lja<\/p>\n","protected":false},"featured_media":4489,"comment_status":"open","ping_status":"closed","template":"","meta":[],"product_brand":[],"product_cat":[497],"product_tag":[],"class_list":{"0":"post-4455","1":"product","2":"type-product","3":"status-publish","4":"has-post-thumbnail","6":"product_cat-kupiti-kaslja-sirup","8":"first","9":"instock","10":"shipping-taxable","11":"purchasable","12":"product-type-variable","13":"has-default-attributes"},"yoast_head":"<!-- This site is optimized with the Yoast SEO plugin v27.3 - https:\/\/yoast.com\/product\/yoast-seo-wordpress\/ -->\n<title>Kupite visokotehnolo\u0161ki sirup protiv ka\u0161lja - najbolji najbolji svjetski lijekovi<\/title>\n<meta name=\"description\" content=\"Kupite Hi-Tech sirup protiv ka\u0161lja za prodaju UK, Europa online. Hi-Tech promethazin hidroklorid i kodein fosfatni sirup\u2026 svakih 5 mL sadr\u017ei: Prometazin hidroklorid 6,25 mg; kodein fosfat 10 mg. Alkohol 7% Indikacija: Sredstvo ka\u0161lja\" \/>\n<meta name=\"robots\" content=\"index, follow, max-snippet:-1, max-image-preview:large, max-video-preview:-1\" \/>\n<link rel=\"canonical\" href=\"https:\/\/medicinasinc.com\/hr\/product\/kupi-hi-tech-sirup-za-kasalj\/\" \/>\n<meta property=\"og:locale\" content=\"hr_HR\" \/>\n<meta property=\"og:type\" content=\"article\" \/>\n<meta property=\"og:title\" content=\"Kupite visokotehnolo\u0161ki sirup protiv ka\u0161lja - najbolji najbolji svjetski lijekovi\" \/>\n<meta property=\"og:description\" content=\"Kupite Hi-Tech sirup protiv ka\u0161lja za prodaju UK, Europa online. Hi-Tech promethazin hidroklorid i kodein fosfatni sirup\u2026 svakih 5 mL sadr\u017ei: Prometazin hidroklorid 6,25 mg; kodein fosfat 10 mg. Alkohol 7% Indikacija: Sredstvo ka\u0161lja\" \/>\n<meta property=\"og:url\" content=\"https:\/\/medicinasinc.com\/hr\/product\/kupi-hi-tech-sirup-za-kasalj\/\" \/>\n<meta property=\"og:site_name\" content=\"Medicinas Inc\" \/>\n<meta property=\"article:modified_time\" content=\"2022-03-15T06:14:14+00:00\" \/>\n<meta property=\"og:image\" content=\"https:\/\/medicinasinc.com\/hr\/wp-content\/uploads\/sites\/3\/2022\/02\/buy-hi-tech-cough-syrup-online.jpg\" \/>\n\t<meta property=\"og:image:width\" content=\"600\" \/>\n\t<meta property=\"og:image:height\" content=\"600\" \/>\n\t<meta property=\"og:image:type\" content=\"image\/jpeg\" \/>\n<meta name=\"twitter:card\" content=\"summary_large_image\" \/>\n<meta name=\"twitter:label1\" content=\"Procijenjeno vrijeme \u010ditanja\" \/>\n\t<meta name=\"twitter:data1\" content=\"3 minute\" \/>\n<script type=\"application\/ld+json\" class=\"yoast-schema-graph\">{\"@context\":\"https:\\\/\\\/schema.org\",\"@graph\":[{\"@type\":\"WebPage\",\"@id\":\"https:\\\/\\\/medicinasinc.com\\\/hr\\\/product\\\/kupi-hi-tech-sirup-za-kasalj\\\/\",\"url\":\"https:\\\/\\\/medicinasinc.com\\\/hr\\\/product\\\/kupi-hi-tech-sirup-za-kasalj\\\/\",\"name\":\"Kupite visokotehnolo\u0161ki sirup protiv ka\u0161lja - najbolji najbolji svjetski lijekovi\",\"isPartOf\":{\"@id\":\"https:\\\/\\\/medicinasinc.com\\\/hr\\\/#website\"},\"primaryImageOfPage\":{\"@id\":\"https:\\\/\\\/medicinasinc.com\\\/hr\\\/product\\\/kupi-hi-tech-sirup-za-kasalj\\\/#primaryimage\"},\"image\":{\"@id\":\"https:\\\/\\\/medicinasinc.com\\\/hr\\\/product\\\/kupi-hi-tech-sirup-za-kasalj\\\/#primaryimage\"},\"thumbnailUrl\":\"https:\\\/\\\/medicinasinc.com\\\/hr\\\/wp-content\\\/uploads\\\/sites\\\/3\\\/2022\\\/02\\\/buy-hi-tech-cough-syrup-online.jpg\",\"datePublished\":\"2022-02-20T09:28:05+00:00\",\"dateModified\":\"2022-03-15T06:14:14+00:00\",\"description\":\"Kupite Hi-Tech sirup protiv ka\u0161lja za prodaju UK, Europa online. Hi-Tech promethazin hidroklorid i kodein fosfatni sirup\u2026 svakih 5 mL sadr\u017ei: Prometazin hidroklorid 6,25 mg; kodein fosfat 10 mg. Alkohol 7% Indikacija: Sredstvo ka\u0161lja\",\"breadcrumb\":{\"@id\":\"https:\\\/\\\/medicinasinc.com\\\/hr\\\/product\\\/kupi-hi-tech-sirup-za-kasalj\\\/#breadcrumb\"},\"inLanguage\":\"hr\",\"potentialAction\":[{\"@type\":\"ReadAction\",\"target\":[\"https:\\\/\\\/medicinasinc.com\\\/hr\\\/product\\\/kupi-hi-tech-sirup-za-kasalj\\\/\"]}]},{\"@type\":\"ImageObject\",\"inLanguage\":\"hr\",\"@id\":\"https:\\\/\\\/medicinasinc.com\\\/hr\\\/product\\\/kupi-hi-tech-sirup-za-kasalj\\\/#primaryimage\",\"url\":\"https:\\\/\\\/medicinasinc.com\\\/hr\\\/wp-content\\\/uploads\\\/sites\\\/3\\\/2022\\\/02\\\/buy-hi-tech-cough-syrup-online.jpg\",\"contentUrl\":\"https:\\\/\\\/medicinasinc.com\\\/hr\\\/wp-content\\\/uploads\\\/sites\\\/3\\\/2022\\\/02\\\/buy-hi-tech-cough-syrup-online.jpg\",\"width\":600,\"height\":600},{\"@type\":\"BreadcrumbList\",\"@id\":\"https:\\\/\\\/medicinasinc.com\\\/hr\\\/product\\\/kupi-hi-tech-sirup-za-kasalj\\\/#breadcrumb\",\"itemListElement\":[{\"@type\":\"ListItem\",\"position\":1,\"name\":\"Du\u0107an\",\"item\":\"https:\\\/\\\/medicinasinc.com\\\/hr\\\/ducan\\\/\"},{\"@type\":\"ListItem\",\"position\":2,\"name\":\"Kupite Hi-Tech sirup protiv ka\u0161lja\"}]},{\"@type\":\"WebSite\",\"@id\":\"https:\\\/\\\/medicinasinc.com\\\/hr\\\/#website\",\"url\":\"https:\\\/\\\/medicinasinc.com\\\/hr\\\/\",\"name\":\"Medicinas Inc\",\"description\":\"Health Medical Clinic\",\"potentialAction\":[{\"@type\":\"SearchAction\",\"target\":{\"@type\":\"EntryPoint\",\"urlTemplate\":\"https:\\\/\\\/medicinasinc.com\\\/hr\\\/?s={search_term_string}\"},\"query-input\":{\"@type\":\"PropertyValueSpecification\",\"valueRequired\":true,\"valueName\":\"search_term_string\"}}],\"inLanguage\":\"hr\"}]}<\/script>\n<!-- \/ Yoast SEO plugin. -->","yoast_head_json":{"title":"Kupite visokotehnolo\u0161ki sirup protiv ka\u0161lja - najbolji najbolji svjetski lijekovi","description":"Kupite Hi-Tech sirup protiv ka\u0161lja za prodaju UK, Europa online. Hi-Tech promethazin hidroklorid i kodein fosfatni sirup\u2026 svakih 5 mL sadr\u017ei: Prometazin hidroklorid 6,25 mg; kodein fosfat 10 mg. Alkohol 7% Indikacija: Sredstvo ka\u0161lja","robots":{"index":"index","follow":"follow","max-snippet":"max-snippet:-1","max-image-preview":"max-image-preview:large","max-video-preview":"max-video-preview:-1"},"canonical":"https:\/\/medicinasinc.com\/hr\/product\/kupi-hi-tech-sirup-za-kasalj\/","og_locale":"hr_HR","og_type":"article","og_title":"Kupite visokotehnolo\u0161ki sirup protiv ka\u0161lja - najbolji najbolji svjetski lijekovi","og_description":"Kupite Hi-Tech sirup protiv ka\u0161lja za prodaju UK, Europa online. Hi-Tech promethazin hidroklorid i kodein fosfatni sirup\u2026 svakih 5 mL sadr\u017ei: Prometazin hidroklorid 6,25 mg; kodein fosfat 10 mg. Alkohol 7% Indikacija: Sredstvo ka\u0161lja","og_url":"https:\/\/medicinasinc.com\/hr\/product\/kupi-hi-tech-sirup-za-kasalj\/","og_site_name":"Medicinas Inc","article_modified_time":"2022-03-15T06:14:14+00:00","og_image":[{"width":600,"height":600,"url":"https:\/\/medicinasinc.com\/hr\/wp-content\/uploads\/sites\/3\/2022\/02\/buy-hi-tech-cough-syrup-online.jpg","type":"image\/jpeg"}],"twitter_card":"summary_large_image","twitter_misc":{"Procijenjeno vrijeme \u010ditanja":"3 minute"},"schema":{"@context":"https:\/\/schema.org","@graph":[{"@type":"WebPage","@id":"https:\/\/medicinasinc.com\/hr\/product\/kupi-hi-tech-sirup-za-kasalj\/","url":"https:\/\/medicinasinc.com\/hr\/product\/kupi-hi-tech-sirup-za-kasalj\/","name":"Kupite visokotehnolo\u0161ki sirup protiv ka\u0161lja - najbolji najbolji svjetski lijekovi","isPartOf":{"@id":"https:\/\/medicinasinc.com\/hr\/#website"},"primaryImageOfPage":{"@id":"https:\/\/medicinasinc.com\/hr\/product\/kupi-hi-tech-sirup-za-kasalj\/#primaryimage"},"image":{"@id":"https:\/\/medicinasinc.com\/hr\/product\/kupi-hi-tech-sirup-za-kasalj\/#primaryimage"},"thumbnailUrl":"https:\/\/medicinasinc.com\/hr\/wp-content\/uploads\/sites\/3\/2022\/02\/buy-hi-tech-cough-syrup-online.jpg","datePublished":"2022-02-20T09:28:05+00:00","dateModified":"2022-03-15T06:14:14+00:00","description":"Kupite Hi-Tech sirup protiv ka\u0161lja za prodaju UK, Europa online. Hi-Tech promethazin hidroklorid i kodein fosfatni sirup\u2026 svakih 5 mL sadr\u017ei: Prometazin hidroklorid 6,25 mg; kodein fosfat 10 mg. Alkohol 7% Indikacija: Sredstvo ka\u0161lja","breadcrumb":{"@id":"https:\/\/medicinasinc.com\/hr\/product\/kupi-hi-tech-sirup-za-kasalj\/#breadcrumb"},"inLanguage":"hr","potentialAction":[{"@type":"ReadAction","target":["https:\/\/medicinasinc.com\/hr\/product\/kupi-hi-tech-sirup-za-kasalj\/"]}]},{"@type":"ImageObject","inLanguage":"hr","@id":"https:\/\/medicinasinc.com\/hr\/product\/kupi-hi-tech-sirup-za-kasalj\/#primaryimage","url":"https:\/\/medicinasinc.com\/hr\/wp-content\/uploads\/sites\/3\/2022\/02\/buy-hi-tech-cough-syrup-online.jpg","contentUrl":"https:\/\/medicinasinc.com\/hr\/wp-content\/uploads\/sites\/3\/2022\/02\/buy-hi-tech-cough-syrup-online.jpg","width":600,"height":600},{"@type":"BreadcrumbList","@id":"https:\/\/medicinasinc.com\/hr\/product\/kupi-hi-tech-sirup-za-kasalj\/#breadcrumb","itemListElement":[{"@type":"ListItem","position":1,"name":"Du\u0107an","item":"https:\/\/medicinasinc.com\/hr\/ducan\/"},{"@type":"ListItem","position":2,"name":"Kupite Hi-Tech sirup protiv ka\u0161lja"}]},{"@type":"WebSite","@id":"https:\/\/medicinasinc.com\/hr\/#website","url":"https:\/\/medicinasinc.com\/hr\/","name":"Medicinas Inc","description":"Health Medical Clinic","potentialAction":[{"@type":"SearchAction","target":{"@type":"EntryPoint","urlTemplate":"https:\/\/medicinasinc.com\/hr\/?s={search_term_string}"},"query-input":{"@type":"PropertyValueSpecification","valueRequired":true,"valueName":"search_term_string"}}],"inLanguage":"hr"}]}},"_links":{"self":[{"href":"https:\/\/medicinasinc.com\/hr\/wp-json\/wp\/v2\/product\/4455","targetHints":{"allow":["GET"]}}],"collection":[{"href":"https:\/\/medicinasinc.com\/hr\/wp-json\/wp\/v2\/product"}],"about":[{"href":"https:\/\/medicinasinc.com\/hr\/wp-json\/wp\/v2\/types\/product"}],"replies":[{"embeddable":true,"href":"https:\/\/medicinasinc.com\/hr\/wp-json\/wp\/v2\/comments?post=4455"}],"wp:featuredmedia":[{"embeddable":true,"href":"https:\/\/medicinasinc.com\/hr\/wp-json\/wp\/v2\/media\/4489"}],"wp:attachment":[{"href":"https:\/\/medicinasinc.com\/hr\/wp-json\/wp\/v2\/media?parent=4455"}],"wp:term":[{"taxonomy":"product_brand","embeddable":true,"href":"https:\/\/medicinasinc.com\/hr\/wp-json\/wp\/v2\/product_brand?post=4455"},{"taxonomy":"product_cat","embeddable":true,"href":"https:\/\/medicinasinc.com\/hr\/wp-json\/wp\/v2\/product_cat?post=4455"},{"taxonomy":"product_tag","embeddable":true,"href":"https:\/\/medicinasinc.com\/hr\/wp-json\/wp\/v2\/product_tag?post=4455"}],"curies":[{"name":"wp","href":"https:\/\/api.w.org\/{rel}","templated":true}]}}