{"id":4425,"date":"2022-02-20T09:10:27","date_gmt":"2022-02-20T09:10:27","guid":{"rendered":"https:\/\/medicinasinc.com\/hr\/?post_type=product&#038;p=4425"},"modified":"2022-03-15T06:14:54","modified_gmt":"2022-03-15T06:14:54","slug":"buy-skywalker-og-thc-destillate-kosher-extract","status":"publish","type":"product","link":"https:\/\/medicinasinc.com\/hr\/product\/buy-skywalker-og-thc-destillate-kosher-extract\/","title":{"rendered":"Kupite Skywalker OG THC destilat \u2013 ko\u0161er ekstrakt"},"content":{"rendered":"<p>Ko\u0161er ekstrakt THC destilata<\/p>\n<p>THC destilat jedan je od naj\u010di\u0161\u0107ih i najsna\u017enijih ekstrakata kanabisa na tr\u017ei\u0161tu, koji pru\u017ea \u0161iroku paletu ljekovitih prednosti i svojstava. Kanabis se razgra\u0111uje molekularnom destilacijom kratkog puta sve dok se gotovo svaka komponenta ne odvoji od THC-a (to uklju\u010duje: terpene, biljne lipide, pesticide i druge kontaminante). Ova metoda proizvodi iznimno \u010disti ekstrakt kanabisa bez upotrebe otapala za ekstrakciju THC-a. Uz ovu \u010disto\u0107u, destilacija proizvodi proizvod koji je znatno ja\u010di od suhe biljke ili drugih ekstrakata kanabisa. THC destilat mo\u017ee sadr\u017eavati izme\u0111u 85 i 99 posto THC-a!<\/p>\n","protected":false},"excerpt":{"rendered":"<p><em>Kupite Skywalker OG destilat<\/em>\u00a0\u0160prica je opu\u0161taju\u0107e Indica ulje koje smiruje um, opu\u0161ta tijelo i dovodi vas u stanje potpune euforije.<\/p>\n<p><em>Kupite. Skywalker OG THC destilat<\/em>\u00a0&#8211; ko\u0161er ekstrakt online u Kanadi iz najve\u0107e internetske ambulante, Buy My Weed Online.<\/p>\n<ul>\n<li><\/li>\n<li>Dostava po cijelom svijetu<\/li>\n<li>Minimalna koli\u010dina narud\u017ebe je 5<\/li>\n<li><strong>Kontaktirajte nas<\/strong>\u00a0za ve\u0107e narud\u017ebe<\/li>\n<\/ul>\n","protected":false},"featured_media":4459,"comment_status":"open","ping_status":"closed","template":"","meta":[],"product_brand":[],"product_cat":[440],"product_tag":[],"class_list":{"0":"post-4425","1":"product","2":"type-product","3":"status-publish","4":"has-post-thumbnail","6":"product_cat-kupi-kanabis-cbd-ulje","8":"first","9":"instock","10":"shipping-taxable","11":"purchasable","12":"product-type-variable","13":"has-default-attributes"},"yoast_head":"<!-- This site is optimized with the Yoast SEO plugin v27.3 - https:\/\/yoast.com\/product\/yoast-seo-wordpress\/ -->\n<title>Kupite Skywalker OG THC destilat \u2013 ko\u0161er ekstrakt \u2013 Best Global MedsMeta pregled opisa:<\/title>\n<meta name=\"description\" content=\"Kupite Skywalker OG THC destilat na rasprodaji - ko\u0161er ekstrakt online u Europi u najve\u0107em internetskom dispanzeru, Kupite My Weed Online.\" \/>\n<meta name=\"robots\" content=\"index, follow, max-snippet:-1, max-image-preview:large, max-video-preview:-1\" \/>\n<link rel=\"canonical\" href=\"https:\/\/medicinasinc.com\/hr\/product\/buy-skywalker-og-thc-destillate-kosher-extract\/\" \/>\n<meta property=\"og:locale\" content=\"hr_HR\" \/>\n<meta property=\"og:type\" content=\"article\" \/>\n<meta property=\"og:title\" content=\"Kupite Skywalker OG THC destilat \u2013 ko\u0161er ekstrakt \u2013 Best Global MedsMeta pregled opisa:\" \/>\n<meta property=\"og:description\" content=\"Kupite Skywalker OG THC destilat na rasprodaji - ko\u0161er ekstrakt online u Europi u najve\u0107em internetskom dispanzeru, Kupite My Weed Online.\" \/>\n<meta property=\"og:url\" content=\"https:\/\/medicinasinc.com\/hr\/product\/buy-skywalker-og-thc-destillate-kosher-extract\/\" \/>\n<meta property=\"og:site_name\" content=\"Medicinas Inc\" \/>\n<meta property=\"article:modified_time\" content=\"2022-03-15T06:14:54+00:00\" \/>\n<meta property=\"og:image\" content=\"https:\/\/medicinasinc.com\/hr\/wp-content\/uploads\/sites\/3\/2022\/02\/Buy-Skywalker-OG-THC-Distillate.jpg\" \/>\n\t<meta property=\"og:image:width\" content=\"980\" \/>\n\t<meta property=\"og:image:height\" content=\"980\" \/>\n\t<meta property=\"og:image:type\" content=\"image\/jpeg\" \/>\n<meta name=\"twitter:card\" content=\"summary_large_image\" \/>\n<meta name=\"twitter:label1\" content=\"Procijenjeno vrijeme \u010ditanja\" \/>\n\t<meta name=\"twitter:data1\" content=\"1 minuta\" \/>\n<script type=\"application\/ld+json\" class=\"yoast-schema-graph\">{\"@context\":\"https:\\\/\\\/schema.org\",\"@graph\":[{\"@type\":\"WebPage\",\"@id\":\"https:\\\/\\\/medicinasinc.com\\\/hr\\\/product\\\/buy-skywalker-og-thc-destillate-kosher-extract\\\/\",\"url\":\"https:\\\/\\\/medicinasinc.com\\\/hr\\\/product\\\/buy-skywalker-og-thc-destillate-kosher-extract\\\/\",\"name\":\"Kupite Skywalker OG THC destilat \u2013 ko\u0161er ekstrakt \u2013 Best Global MedsMeta pregled opisa:\",\"isPartOf\":{\"@id\":\"https:\\\/\\\/medicinasinc.com\\\/hr\\\/#website\"},\"primaryImageOfPage\":{\"@id\":\"https:\\\/\\\/medicinasinc.com\\\/hr\\\/product\\\/buy-skywalker-og-thc-destillate-kosher-extract\\\/#primaryimage\"},\"image\":{\"@id\":\"https:\\\/\\\/medicinasinc.com\\\/hr\\\/product\\\/buy-skywalker-og-thc-destillate-kosher-extract\\\/#primaryimage\"},\"thumbnailUrl\":\"https:\\\/\\\/medicinasinc.com\\\/hr\\\/wp-content\\\/uploads\\\/sites\\\/3\\\/2022\\\/02\\\/Buy-Skywalker-OG-THC-Distillate.jpg\",\"datePublished\":\"2022-02-20T09:10:27+00:00\",\"dateModified\":\"2022-03-15T06:14:54+00:00\",\"description\":\"Kupite Skywalker OG THC destilat na rasprodaji - ko\u0161er ekstrakt online u Europi u najve\u0107em internetskom dispanzeru, Kupite My Weed Online.\",\"breadcrumb\":{\"@id\":\"https:\\\/\\\/medicinasinc.com\\\/hr\\\/product\\\/buy-skywalker-og-thc-destillate-kosher-extract\\\/#breadcrumb\"},\"inLanguage\":\"hr\",\"potentialAction\":[{\"@type\":\"ReadAction\",\"target\":[\"https:\\\/\\\/medicinasinc.com\\\/hr\\\/product\\\/buy-skywalker-og-thc-destillate-kosher-extract\\\/\"]}]},{\"@type\":\"ImageObject\",\"inLanguage\":\"hr\",\"@id\":\"https:\\\/\\\/medicinasinc.com\\\/hr\\\/product\\\/buy-skywalker-og-thc-destillate-kosher-extract\\\/#primaryimage\",\"url\":\"https:\\\/\\\/medicinasinc.com\\\/hr\\\/wp-content\\\/uploads\\\/sites\\\/3\\\/2022\\\/02\\\/Buy-Skywalker-OG-THC-Distillate.jpg\",\"contentUrl\":\"https:\\\/\\\/medicinasinc.com\\\/hr\\\/wp-content\\\/uploads\\\/sites\\\/3\\\/2022\\\/02\\\/Buy-Skywalker-OG-THC-Distillate.jpg\",\"width\":980,\"height\":980},{\"@type\":\"BreadcrumbList\",\"@id\":\"https:\\\/\\\/medicinasinc.com\\\/hr\\\/product\\\/buy-skywalker-og-thc-destillate-kosher-extract\\\/#breadcrumb\",\"itemListElement\":[{\"@type\":\"ListItem\",\"position\":1,\"name\":\"Du\u0107an\",\"item\":\"https:\\\/\\\/medicinasinc.com\\\/hr\\\/ducan\\\/\"},{\"@type\":\"ListItem\",\"position\":2,\"name\":\"Kupite Skywalker OG THC destilat \u2013 ko\u0161er ekstrakt\"}]},{\"@type\":\"WebSite\",\"@id\":\"https:\\\/\\\/medicinasinc.com\\\/hr\\\/#website\",\"url\":\"https:\\\/\\\/medicinasinc.com\\\/hr\\\/\",\"name\":\"Medicinas Inc\",\"description\":\"Health Medical Clinic\",\"potentialAction\":[{\"@type\":\"SearchAction\",\"target\":{\"@type\":\"EntryPoint\",\"urlTemplate\":\"https:\\\/\\\/medicinasinc.com\\\/hr\\\/?s={search_term_string}\"},\"query-input\":{\"@type\":\"PropertyValueSpecification\",\"valueRequired\":true,\"valueName\":\"search_term_string\"}}],\"inLanguage\":\"hr\"}]}<\/script>\n<!-- \/ Yoast SEO plugin. -->","yoast_head_json":{"title":"Kupite Skywalker OG THC destilat \u2013 ko\u0161er ekstrakt \u2013 Best Global MedsMeta pregled opisa:","description":"Kupite Skywalker OG THC destilat na rasprodaji - ko\u0161er ekstrakt online u Europi u najve\u0107em internetskom dispanzeru, Kupite My Weed Online.","robots":{"index":"index","follow":"follow","max-snippet":"max-snippet:-1","max-image-preview":"max-image-preview:large","max-video-preview":"max-video-preview:-1"},"canonical":"https:\/\/medicinasinc.com\/hr\/product\/buy-skywalker-og-thc-destillate-kosher-extract\/","og_locale":"hr_HR","og_type":"article","og_title":"Kupite Skywalker OG THC destilat \u2013 ko\u0161er ekstrakt \u2013 Best Global MedsMeta pregled opisa:","og_description":"Kupite Skywalker OG THC destilat na rasprodaji - ko\u0161er ekstrakt online u Europi u najve\u0107em internetskom dispanzeru, Kupite My Weed Online.","og_url":"https:\/\/medicinasinc.com\/hr\/product\/buy-skywalker-og-thc-destillate-kosher-extract\/","og_site_name":"Medicinas Inc","article_modified_time":"2022-03-15T06:14:54+00:00","og_image":[{"width":980,"height":980,"url":"https:\/\/medicinasinc.com\/hr\/wp-content\/uploads\/sites\/3\/2022\/02\/Buy-Skywalker-OG-THC-Distillate.jpg","type":"image\/jpeg"}],"twitter_card":"summary_large_image","twitter_misc":{"Procijenjeno vrijeme \u010ditanja":"1 minuta"},"schema":{"@context":"https:\/\/schema.org","@graph":[{"@type":"WebPage","@id":"https:\/\/medicinasinc.com\/hr\/product\/buy-skywalker-og-thc-destillate-kosher-extract\/","url":"https:\/\/medicinasinc.com\/hr\/product\/buy-skywalker-og-thc-destillate-kosher-extract\/","name":"Kupite Skywalker OG THC destilat \u2013 ko\u0161er ekstrakt \u2013 Best Global MedsMeta pregled opisa:","isPartOf":{"@id":"https:\/\/medicinasinc.com\/hr\/#website"},"primaryImageOfPage":{"@id":"https:\/\/medicinasinc.com\/hr\/product\/buy-skywalker-og-thc-destillate-kosher-extract\/#primaryimage"},"image":{"@id":"https:\/\/medicinasinc.com\/hr\/product\/buy-skywalker-og-thc-destillate-kosher-extract\/#primaryimage"},"thumbnailUrl":"https:\/\/medicinasinc.com\/hr\/wp-content\/uploads\/sites\/3\/2022\/02\/Buy-Skywalker-OG-THC-Distillate.jpg","datePublished":"2022-02-20T09:10:27+00:00","dateModified":"2022-03-15T06:14:54+00:00","description":"Kupite Skywalker OG THC destilat na rasprodaji - ko\u0161er ekstrakt online u Europi u najve\u0107em internetskom dispanzeru, Kupite My Weed Online.","breadcrumb":{"@id":"https:\/\/medicinasinc.com\/hr\/product\/buy-skywalker-og-thc-destillate-kosher-extract\/#breadcrumb"},"inLanguage":"hr","potentialAction":[{"@type":"ReadAction","target":["https:\/\/medicinasinc.com\/hr\/product\/buy-skywalker-og-thc-destillate-kosher-extract\/"]}]},{"@type":"ImageObject","inLanguage":"hr","@id":"https:\/\/medicinasinc.com\/hr\/product\/buy-skywalker-og-thc-destillate-kosher-extract\/#primaryimage","url":"https:\/\/medicinasinc.com\/hr\/wp-content\/uploads\/sites\/3\/2022\/02\/Buy-Skywalker-OG-THC-Distillate.jpg","contentUrl":"https:\/\/medicinasinc.com\/hr\/wp-content\/uploads\/sites\/3\/2022\/02\/Buy-Skywalker-OG-THC-Distillate.jpg","width":980,"height":980},{"@type":"BreadcrumbList","@id":"https:\/\/medicinasinc.com\/hr\/product\/buy-skywalker-og-thc-destillate-kosher-extract\/#breadcrumb","itemListElement":[{"@type":"ListItem","position":1,"name":"Du\u0107an","item":"https:\/\/medicinasinc.com\/hr\/ducan\/"},{"@type":"ListItem","position":2,"name":"Kupite Skywalker OG THC destilat \u2013 ko\u0161er ekstrakt"}]},{"@type":"WebSite","@id":"https:\/\/medicinasinc.com\/hr\/#website","url":"https:\/\/medicinasinc.com\/hr\/","name":"Medicinas Inc","description":"Health Medical Clinic","potentialAction":[{"@type":"SearchAction","target":{"@type":"EntryPoint","urlTemplate":"https:\/\/medicinasinc.com\/hr\/?s={search_term_string}"},"query-input":{"@type":"PropertyValueSpecification","valueRequired":true,"valueName":"search_term_string"}}],"inLanguage":"hr"}]}},"_links":{"self":[{"href":"https:\/\/medicinasinc.com\/hr\/wp-json\/wp\/v2\/product\/4425","targetHints":{"allow":["GET"]}}],"collection":[{"href":"https:\/\/medicinasinc.com\/hr\/wp-json\/wp\/v2\/product"}],"about":[{"href":"https:\/\/medicinasinc.com\/hr\/wp-json\/wp\/v2\/types\/product"}],"replies":[{"embeddable":true,"href":"https:\/\/medicinasinc.com\/hr\/wp-json\/wp\/v2\/comments?post=4425"}],"wp:featuredmedia":[{"embeddable":true,"href":"https:\/\/medicinasinc.com\/hr\/wp-json\/wp\/v2\/media\/4459"}],"wp:attachment":[{"href":"https:\/\/medicinasinc.com\/hr\/wp-json\/wp\/v2\/media?parent=4425"}],"wp:term":[{"taxonomy":"product_brand","embeddable":true,"href":"https:\/\/medicinasinc.com\/hr\/wp-json\/wp\/v2\/product_brand?post=4425"},{"taxonomy":"product_cat","embeddable":true,"href":"https:\/\/medicinasinc.com\/hr\/wp-json\/wp\/v2\/product_cat?post=4425"},{"taxonomy":"product_tag","embeddable":true,"href":"https:\/\/medicinasinc.com\/hr\/wp-json\/wp\/v2\/product_tag?post=4425"}],"curies":[{"name":"wp","href":"https:\/\/api.w.org\/{rel}","templated":true}]}}