{"id":4413,"date":"2022-02-20T09:01:25","date_gmt":"2022-02-20T09:01:25","guid":{"rendered":"https:\/\/medicinasinc.com\/hr\/?post_type=product&#038;p=4413"},"modified":"2022-03-15T06:15:03","modified_gmt":"2022-03-15T06:15:03","slug":"rso-ruzicasto-kush-ulje-5ml","status":"publish","type":"product","link":"https:\/\/medicinasinc.com\/hr\/product\/rso-ruzicasto-kush-ulje-5ml\/","title":{"rendered":"RSO | Pink Kush ulje \u2013 5 ml"},"content":{"rendered":"<p>Kush Pink (ulje Ricka Simpsona)<\/p>\n<p>5 mL u &#8216;Eos&#8217; dozatoru od polipropilena sa zelenim koncem za precizno doziranje.<\/p>\n<p>Ovo ulje Ricka Simpsona dobiveno je od ru\u017ei\u010daste boje. Kush cvije\u0107e uzgojeno u bujnoj unutra\u0161njosti Britanske Kolumbije!<\/p>\n<p>Vjeruje se da je Pink Kush daleki ro\u0111ak legendarnog OG Kusha (jedan od najpopularnijih sojeva kanabisa u povijesti). Pink Kush nastavlja tradiciju pru\u017eaju\u0107i sna\u017eno tijelo, \u0161to ga \u010dini jednim od najljekovitijih dostupnih sojeva. U\u010dinci ovog soja su gotovo trenutni. Korisnik je preplavljen osje\u0107ajem zagrijavanja tijela koji je popra\u0107en intenzivno eufori\u010dnim mo\u017edanim zujanjem. Hibrid s dominantnom sativom koji daje intenzivan tjelesni u\u010dinak. Pink Kush je stoga u\u010dinkovit tretman za anksioznost, depresiju, upalu, kroni\u010dne bolove, glavobolje, nesanicu i gubitak apetita.<\/p>\n<p>Neovisno testiranje u MB laboratorijima pokazalo je da ovaj vrhunski RSO sadr\u017ei preko 73,27 posto kanabinoida, uklju\u010duju\u0107i 68,80 postotak THC-a!<\/p>\n<p>Utvrdili smo da ovaj proizvod sadr\u017ei 90% indica.<\/p>\n<p>1) Delta-9 THC = 68,80%<br \/> 2) CBG = 1,80%<br \/> 3) CBC = 0,96%<br \/> 4) CBN = 0,89%<br \/> 5) CBD = 0,44%<\/p>\n<div class=\"product-next-previous\">\n<div class=\"product-prev \"><\/div><\/div>\n","protected":false},"excerpt":{"rendered":"<p>Kupite RSO | Pink Kush ulje &#8211; 5ml za prodaju online SAD, Europa iz najve\u0107e internetske ambulante,Kupite My Weed Online za prodaju.<\/p>\n<p><em>Kupite<\/em>\u00a0Viridesco&#8217;s\u00a0<em>RSO Pink Kush 5ml<\/em>\u00a0danas iz udobnosti svog doma. <em>Kupite RSO<\/em>\u00a0sigurno i diskretno iz bilo koje provincije u Kanadi. Naru\u010dite online ve\u0107 danas!<\/p>\n<ul>\n<li><\/li>\n<li>Dostava po cijelom svijetu<\/li>\n<li>Minimalna koli\u010dina narud\u017ebe je 5<\/li>\n<li><strong>Kontaktirajte nas<\/li>\n<li>Minimalna koli\u010dina narud\u017ebe je 5<\/li>\n<li><strong>Kontaktirajte nas<\/li>\n<p> jak&gt;\u00a0za ve\u0107e narud\u017ebe<\/li>\n<\/ul>\n","protected":false},"featured_media":4447,"comment_status":"open","ping_status":"closed","template":"","meta":[],"product_brand":[],"product_cat":[440],"product_tag":[],"class_list":{"0":"post-4413","1":"product","2":"type-product","3":"status-publish","4":"has-post-thumbnail","6":"product_cat-kupi-kanabis-cbd-ulje","8":"first","9":"instock","10":"shipping-taxable","11":"purchasable","12":"product-type-variable","13":"has-default-attributes"},"yoast_head":"<!-- This site is optimized with the Yoast SEO plugin v27.3 - https:\/\/yoast.com\/product\/yoast-seo-wordpress\/ -->\n<title>RSO | Pink Kush ulje - 5 ml - Kupite My Weed online - Global Medicnas<\/title>\n<meta name=\"description\" content=\"Kupi RSO | Pink Kush Oil - 5ml za online prodaju SAD, Europa iz najve\u0107e online ambulante, Buy My Weed Online za prodaju.\" \/>\n<meta name=\"robots\" content=\"index, follow, max-snippet:-1, max-image-preview:large, max-video-preview:-1\" \/>\n<link rel=\"canonical\" href=\"https:\/\/medicinasinc.com\/hr\/product\/rso-ruzicasto-kush-ulje-5ml\/\" \/>\n<meta property=\"og:locale\" content=\"hr_HR\" \/>\n<meta property=\"og:type\" content=\"article\" \/>\n<meta property=\"og:title\" content=\"RSO | Pink Kush ulje - 5 ml - Kupite My Weed online - Global Medicnas\" \/>\n<meta property=\"og:description\" content=\"Kupi RSO | Pink Kush Oil - 5ml za online prodaju SAD, Europa iz najve\u0107e online ambulante, Buy My Weed Online za prodaju.\" \/>\n<meta property=\"og:url\" content=\"https:\/\/medicinasinc.com\/hr\/product\/rso-ruzicasto-kush-ulje-5ml\/\" \/>\n<meta property=\"og:site_name\" content=\"Medicinas Inc\" \/>\n<meta property=\"article:modified_time\" content=\"2022-03-15T06:15:03+00:00\" \/>\n<meta property=\"og:image\" content=\"https:\/\/medicinasinc.com\/hr\/wp-content\/uploads\/sites\/3\/2022\/02\/Buy-RSO-Pink-Kush-Oil-\u2013-5ml.jpg\" \/>\n\t<meta property=\"og:image:width\" content=\"800\" \/>\n\t<meta property=\"og:image:height\" content=\"800\" \/>\n\t<meta property=\"og:image:type\" content=\"image\/jpeg\" \/>\n<meta name=\"twitter:card\" content=\"summary_large_image\" \/>\n<meta name=\"twitter:label1\" content=\"Procijenjeno vrijeme \u010ditanja\" \/>\n\t<meta name=\"twitter:data1\" content=\"1 minuta\" \/>\n<script type=\"application\/ld+json\" class=\"yoast-schema-graph\">{\"@context\":\"https:\\\/\\\/schema.org\",\"@graph\":[{\"@type\":\"WebPage\",\"@id\":\"https:\\\/\\\/medicinasinc.com\\\/hr\\\/product\\\/rso-ruzicasto-kush-ulje-5ml\\\/\",\"url\":\"https:\\\/\\\/medicinasinc.com\\\/hr\\\/product\\\/rso-ruzicasto-kush-ulje-5ml\\\/\",\"name\":\"RSO | Pink Kush ulje - 5 ml - Kupite My Weed online - Global Medicnas\",\"isPartOf\":{\"@id\":\"https:\\\/\\\/medicinasinc.com\\\/hr\\\/#website\"},\"primaryImageOfPage\":{\"@id\":\"https:\\\/\\\/medicinasinc.com\\\/hr\\\/product\\\/rso-ruzicasto-kush-ulje-5ml\\\/#primaryimage\"},\"image\":{\"@id\":\"https:\\\/\\\/medicinasinc.com\\\/hr\\\/product\\\/rso-ruzicasto-kush-ulje-5ml\\\/#primaryimage\"},\"thumbnailUrl\":\"https:\\\/\\\/medicinasinc.com\\\/hr\\\/wp-content\\\/uploads\\\/sites\\\/3\\\/2022\\\/02\\\/Buy-RSO-Pink-Kush-Oil-\u2013-5ml.jpg\",\"datePublished\":\"2022-02-20T09:01:25+00:00\",\"dateModified\":\"2022-03-15T06:15:03+00:00\",\"description\":\"Kupi RSO | Pink Kush Oil - 5ml za online prodaju SAD, Europa iz najve\u0107e online ambulante, Buy My Weed Online za prodaju.\",\"breadcrumb\":{\"@id\":\"https:\\\/\\\/medicinasinc.com\\\/hr\\\/product\\\/rso-ruzicasto-kush-ulje-5ml\\\/#breadcrumb\"},\"inLanguage\":\"hr\",\"potentialAction\":[{\"@type\":\"ReadAction\",\"target\":[\"https:\\\/\\\/medicinasinc.com\\\/hr\\\/product\\\/rso-ruzicasto-kush-ulje-5ml\\\/\"]}]},{\"@type\":\"ImageObject\",\"inLanguage\":\"hr\",\"@id\":\"https:\\\/\\\/medicinasinc.com\\\/hr\\\/product\\\/rso-ruzicasto-kush-ulje-5ml\\\/#primaryimage\",\"url\":\"https:\\\/\\\/medicinasinc.com\\\/hr\\\/wp-content\\\/uploads\\\/sites\\\/3\\\/2022\\\/02\\\/Buy-RSO-Pink-Kush-Oil-\u2013-5ml.jpg\",\"contentUrl\":\"https:\\\/\\\/medicinasinc.com\\\/hr\\\/wp-content\\\/uploads\\\/sites\\\/3\\\/2022\\\/02\\\/Buy-RSO-Pink-Kush-Oil-\u2013-5ml.jpg\",\"width\":800,\"height\":800},{\"@type\":\"BreadcrumbList\",\"@id\":\"https:\\\/\\\/medicinasinc.com\\\/hr\\\/product\\\/rso-ruzicasto-kush-ulje-5ml\\\/#breadcrumb\",\"itemListElement\":[{\"@type\":\"ListItem\",\"position\":1,\"name\":\"Du\u0107an\",\"item\":\"https:\\\/\\\/medicinasinc.com\\\/hr\\\/ducan\\\/\"},{\"@type\":\"ListItem\",\"position\":2,\"name\":\"RSO | Pink Kush ulje \u2013 5 ml\"}]},{\"@type\":\"WebSite\",\"@id\":\"https:\\\/\\\/medicinasinc.com\\\/hr\\\/#website\",\"url\":\"https:\\\/\\\/medicinasinc.com\\\/hr\\\/\",\"name\":\"Medicinas Inc\",\"description\":\"Health Medical Clinic\",\"potentialAction\":[{\"@type\":\"SearchAction\",\"target\":{\"@type\":\"EntryPoint\",\"urlTemplate\":\"https:\\\/\\\/medicinasinc.com\\\/hr\\\/?s={search_term_string}\"},\"query-input\":{\"@type\":\"PropertyValueSpecification\",\"valueRequired\":true,\"valueName\":\"search_term_string\"}}],\"inLanguage\":\"hr\"}]}<\/script>\n<!-- \/ Yoast SEO plugin. -->","yoast_head_json":{"title":"RSO | Pink Kush ulje - 5 ml - Kupite My Weed online - Global Medicnas","description":"Kupi RSO | Pink Kush Oil - 5ml za online prodaju SAD, Europa iz najve\u0107e online ambulante, Buy My Weed Online za prodaju.","robots":{"index":"index","follow":"follow","max-snippet":"max-snippet:-1","max-image-preview":"max-image-preview:large","max-video-preview":"max-video-preview:-1"},"canonical":"https:\/\/medicinasinc.com\/hr\/product\/rso-ruzicasto-kush-ulje-5ml\/","og_locale":"hr_HR","og_type":"article","og_title":"RSO | Pink Kush ulje - 5 ml - Kupite My Weed online - Global Medicnas","og_description":"Kupi RSO | Pink Kush Oil - 5ml za online prodaju SAD, Europa iz najve\u0107e online ambulante, Buy My Weed Online za prodaju.","og_url":"https:\/\/medicinasinc.com\/hr\/product\/rso-ruzicasto-kush-ulje-5ml\/","og_site_name":"Medicinas Inc","article_modified_time":"2022-03-15T06:15:03+00:00","og_image":[{"width":800,"height":800,"url":"https:\/\/medicinasinc.com\/hr\/wp-content\/uploads\/sites\/3\/2022\/02\/Buy-RSO-Pink-Kush-Oil-\u2013-5ml.jpg","type":"image\/jpeg"}],"twitter_card":"summary_large_image","twitter_misc":{"Procijenjeno vrijeme \u010ditanja":"1 minuta"},"schema":{"@context":"https:\/\/schema.org","@graph":[{"@type":"WebPage","@id":"https:\/\/medicinasinc.com\/hr\/product\/rso-ruzicasto-kush-ulje-5ml\/","url":"https:\/\/medicinasinc.com\/hr\/product\/rso-ruzicasto-kush-ulje-5ml\/","name":"RSO | Pink Kush ulje - 5 ml - Kupite My Weed online - Global Medicnas","isPartOf":{"@id":"https:\/\/medicinasinc.com\/hr\/#website"},"primaryImageOfPage":{"@id":"https:\/\/medicinasinc.com\/hr\/product\/rso-ruzicasto-kush-ulje-5ml\/#primaryimage"},"image":{"@id":"https:\/\/medicinasinc.com\/hr\/product\/rso-ruzicasto-kush-ulje-5ml\/#primaryimage"},"thumbnailUrl":"https:\/\/medicinasinc.com\/hr\/wp-content\/uploads\/sites\/3\/2022\/02\/Buy-RSO-Pink-Kush-Oil-\u2013-5ml.jpg","datePublished":"2022-02-20T09:01:25+00:00","dateModified":"2022-03-15T06:15:03+00:00","description":"Kupi RSO | Pink Kush Oil - 5ml za online prodaju SAD, Europa iz najve\u0107e online ambulante, Buy My Weed Online za prodaju.","breadcrumb":{"@id":"https:\/\/medicinasinc.com\/hr\/product\/rso-ruzicasto-kush-ulje-5ml\/#breadcrumb"},"inLanguage":"hr","potentialAction":[{"@type":"ReadAction","target":["https:\/\/medicinasinc.com\/hr\/product\/rso-ruzicasto-kush-ulje-5ml\/"]}]},{"@type":"ImageObject","inLanguage":"hr","@id":"https:\/\/medicinasinc.com\/hr\/product\/rso-ruzicasto-kush-ulje-5ml\/#primaryimage","url":"https:\/\/medicinasinc.com\/hr\/wp-content\/uploads\/sites\/3\/2022\/02\/Buy-RSO-Pink-Kush-Oil-\u2013-5ml.jpg","contentUrl":"https:\/\/medicinasinc.com\/hr\/wp-content\/uploads\/sites\/3\/2022\/02\/Buy-RSO-Pink-Kush-Oil-\u2013-5ml.jpg","width":800,"height":800},{"@type":"BreadcrumbList","@id":"https:\/\/medicinasinc.com\/hr\/product\/rso-ruzicasto-kush-ulje-5ml\/#breadcrumb","itemListElement":[{"@type":"ListItem","position":1,"name":"Du\u0107an","item":"https:\/\/medicinasinc.com\/hr\/ducan\/"},{"@type":"ListItem","position":2,"name":"RSO | Pink Kush ulje \u2013 5 ml"}]},{"@type":"WebSite","@id":"https:\/\/medicinasinc.com\/hr\/#website","url":"https:\/\/medicinasinc.com\/hr\/","name":"Medicinas Inc","description":"Health Medical Clinic","potentialAction":[{"@type":"SearchAction","target":{"@type":"EntryPoint","urlTemplate":"https:\/\/medicinasinc.com\/hr\/?s={search_term_string}"},"query-input":{"@type":"PropertyValueSpecification","valueRequired":true,"valueName":"search_term_string"}}],"inLanguage":"hr"}]}},"_links":{"self":[{"href":"https:\/\/medicinasinc.com\/hr\/wp-json\/wp\/v2\/product\/4413","targetHints":{"allow":["GET"]}}],"collection":[{"href":"https:\/\/medicinasinc.com\/hr\/wp-json\/wp\/v2\/product"}],"about":[{"href":"https:\/\/medicinasinc.com\/hr\/wp-json\/wp\/v2\/types\/product"}],"replies":[{"embeddable":true,"href":"https:\/\/medicinasinc.com\/hr\/wp-json\/wp\/v2\/comments?post=4413"}],"wp:featuredmedia":[{"embeddable":true,"href":"https:\/\/medicinasinc.com\/hr\/wp-json\/wp\/v2\/media\/4447"}],"wp:attachment":[{"href":"https:\/\/medicinasinc.com\/hr\/wp-json\/wp\/v2\/media?parent=4413"}],"wp:term":[{"taxonomy":"product_brand","embeddable":true,"href":"https:\/\/medicinasinc.com\/hr\/wp-json\/wp\/v2\/product_brand?post=4413"},{"taxonomy":"product_cat","embeddable":true,"href":"https:\/\/medicinasinc.com\/hr\/wp-json\/wp\/v2\/product_cat?post=4413"},{"taxonomy":"product_tag","embeddable":true,"href":"https:\/\/medicinasinc.com\/hr\/wp-json\/wp\/v2\/product_tag?post=4413"}],"curies":[{"name":"wp","href":"https:\/\/api.w.org\/{rel}","templated":true}]}}