{"id":4412,"date":"2022-02-20T09:00:17","date_gmt":"2022-02-20T09:00:17","guid":{"rendered":"https:\/\/medicinasinc.com\/hr\/?post_type=product&#038;p=4412"},"modified":"2022-03-15T06:15:11","modified_gmt":"2022-03-15T06:15:11","slug":"kupi-rick-simpson-ulje","status":"publish","type":"product","link":"https:\/\/medicinasinc.com\/hr\/product\/kupi-rick-simpson-ulje\/","title":{"rendered":"Kupite ulje Ricka Simpsona"},"content":{"rendered":"<p><strong>Kupite ulje Ricka Simpsona<\/strong><\/p>\n<div class=\"woocommerce-tabs wc-tabs-wrapper\">\n<div id=\"tab-description\" class=\"woocommerce-Tabs-panel woocommerce-Tabs-panel--description panel entry-content wc-tab\" role=\"tabpanel\" aria-labelledby=\"tab-title-description\">\n<p><strong>RSO je ulje dobiveno otapalom dobiveno pranjem kanabisa pupoljci u otapalu kao \u0161to je \u010dista laka nafta, a zatim iskuhavanje otapala da se ekstrahira ulje.<\/strong><br \/> <strong>RSO je generi\u010dki proizvod. To zna\u010di da nema &#8220;Rick Simpson Oil&#8221; dostupnog za kupnju. Simpson na svojoj web stranici pokazuje kako napraviti svoje istoimeno ulje. Me\u0111utim, on ne profitira od ulja.<\/strong><\/p>\n<\/p><\/div><\/div>\n<div class=\"related products\">\n<div class=\"woocommerce-tabs wc-tabs-wrapper\">\n<div id=\"tab-description\" class=\"woocommerce-Tabs-panel woocommerce-Tabs-panel--description panel entry-content wc-tab\" role=\"tabpanel\" aria-labelledby=\"tab-title-description\">\n<p>&nbsp;<\/p>\n<\/p><\/div><\/div><\/div>\n<p>&nbsp;<\/p>\n","protected":false},"excerpt":{"rendered":"<p>Kupite Rick Simpson Oil (RSO) za prodaju UK, Europa Naru\u010dite online. Imamo najkvalitetnije ulje Rick Simpson za prodaju. Nudimo RSO originalnu formulu s visokim sadr\u017eajem THC-a.<\/p>\n<p><em>Kupite<\/em>\u00a0na\u0161e\u00a0<em>ulje Rick Simpson<\/em>\u00a0za prodaju i koristite ga ispravno. Klasi\u010dni\u00a0<em>RSO<\/em>\u00a0op\u0107enito se proizvodi od sojeva kojima dominira Indica jer sadr\u017ee vi\u0161e razine\u00a0<em>CBD<\/em>.<\/p>\n<ul>\n<li>Dostava diljem svijeta<\/li>\n<li>Minimalna koli\u010dina narud\u017ebe je 5<\/li>\n<li><strong>Kontaktirajte nas<\/strong>\u00a0za ve\u0107e narud\u017ebe<\/li>\n<\/ul>\n","protected":false},"featured_media":4445,"comment_status":"open","ping_status":"closed","template":"","meta":[],"product_brand":[],"product_cat":[440],"product_tag":[489,490,491,492,493,496,495,494],"class_list":{"0":"post-4412","1":"product","2":"type-product","3":"status-publish","4":"has-post-thumbnail","6":"product_cat-kupi-kanabis-cbd-ulje","7":"product_tag-bulk-cbd-rso","8":"product_tag-high-cbd-rso","9":"product_tag-rick-simpson-oil-california","10":"product_tag-rick-simpson-oil-wiki","11":"product_tag-rso-cbd-ulje-za-tjeskobu","12":"product_tag-rso-ulje-cijena-colorado","13":"product_tag-rso-ulje-za-prodaju-u-ohiju","14":"product_tag-rso-ulje-za-bol","16":"first","17":"instock","18":"shipping-taxable","19":"purchasable","20":"product-type-variable","21":"has-default-attributes"},"yoast_head":"<!-- This site is optimized with the Yoast SEO plugin v27.3 - https:\/\/yoast.com\/product\/yoast-seo-wordpress\/ -->\n<title>Kupite ulje Ricka Simpsona - SAD - Europa - Najbolji globalni lijekovi<\/title>\n<meta name=\"description\" content=\"Kupite Rick Simpson Oil (RSO) za prodaju UK, Europa Naru\u010dite online. Imamo najkvalitetnije ulje Rick Simpson za prodaju. Nudimo RSO originalnu formulu s visokim sadr\u017eajem THC-a.\" \/>\n<meta name=\"robots\" content=\"index, follow, max-snippet:-1, max-image-preview:large, max-video-preview:-1\" \/>\n<link rel=\"canonical\" href=\"https:\/\/medicinasinc.com\/hr\/product\/kupi-rick-simpson-ulje\/\" \/>\n<meta property=\"og:locale\" content=\"hr_HR\" \/>\n<meta property=\"og:type\" content=\"article\" \/>\n<meta property=\"og:title\" content=\"Kupite ulje Ricka Simpsona - SAD - Europa - Najbolji globalni lijekovi\" \/>\n<meta property=\"og:description\" content=\"Kupite Rick Simpson Oil (RSO) za prodaju UK, Europa Naru\u010dite online. Imamo najkvalitetnije ulje Rick Simpson za prodaju. Nudimo RSO originalnu formulu s visokim sadr\u017eajem THC-a.\" \/>\n<meta property=\"og:url\" content=\"https:\/\/medicinasinc.com\/hr\/product\/kupi-rick-simpson-ulje\/\" \/>\n<meta property=\"og:site_name\" content=\"Medicinas Inc\" \/>\n<meta property=\"article:modified_time\" content=\"2022-03-15T06:15:11+00:00\" \/>\n<meta property=\"og:image\" content=\"https:\/\/medicinasinc.com\/hr\/wp-content\/uploads\/sites\/3\/2022\/02\/Buy-Rick-Simpson-Oil.jpg\" \/>\n\t<meta property=\"og:image:width\" content=\"1170\" \/>\n\t<meta property=\"og:image:height\" content=\"658\" \/>\n\t<meta property=\"og:image:type\" content=\"image\/jpeg\" \/>\n<meta name=\"twitter:card\" content=\"summary_large_image\" \/>\n<meta name=\"twitter:label1\" content=\"Procijenjeno vrijeme \u010ditanja\" \/>\n\t<meta name=\"twitter:data1\" content=\"1 minuta\" \/>\n<script type=\"application\/ld+json\" class=\"yoast-schema-graph\">{\"@context\":\"https:\\\/\\\/schema.org\",\"@graph\":[{\"@type\":\"WebPage\",\"@id\":\"https:\\\/\\\/medicinasinc.com\\\/hr\\\/product\\\/kupi-rick-simpson-ulje\\\/\",\"url\":\"https:\\\/\\\/medicinasinc.com\\\/hr\\\/product\\\/kupi-rick-simpson-ulje\\\/\",\"name\":\"Kupite ulje Ricka Simpsona - SAD - Europa - Najbolji globalni lijekovi\",\"isPartOf\":{\"@id\":\"https:\\\/\\\/medicinasinc.com\\\/hr\\\/#website\"},\"primaryImageOfPage\":{\"@id\":\"https:\\\/\\\/medicinasinc.com\\\/hr\\\/product\\\/kupi-rick-simpson-ulje\\\/#primaryimage\"},\"image\":{\"@id\":\"https:\\\/\\\/medicinasinc.com\\\/hr\\\/product\\\/kupi-rick-simpson-ulje\\\/#primaryimage\"},\"thumbnailUrl\":\"https:\\\/\\\/medicinasinc.com\\\/hr\\\/wp-content\\\/uploads\\\/sites\\\/3\\\/2022\\\/02\\\/Buy-Rick-Simpson-Oil.jpg\",\"datePublished\":\"2022-02-20T09:00:17+00:00\",\"dateModified\":\"2022-03-15T06:15:11+00:00\",\"description\":\"Kupite Rick Simpson Oil (RSO) za prodaju UK, Europa Naru\u010dite online. Imamo najkvalitetnije ulje Rick Simpson za prodaju. Nudimo RSO originalnu formulu s visokim sadr\u017eajem THC-a.\",\"breadcrumb\":{\"@id\":\"https:\\\/\\\/medicinasinc.com\\\/hr\\\/product\\\/kupi-rick-simpson-ulje\\\/#breadcrumb\"},\"inLanguage\":\"hr\",\"potentialAction\":[{\"@type\":\"ReadAction\",\"target\":[\"https:\\\/\\\/medicinasinc.com\\\/hr\\\/product\\\/kupi-rick-simpson-ulje\\\/\"]}]},{\"@type\":\"ImageObject\",\"inLanguage\":\"hr\",\"@id\":\"https:\\\/\\\/medicinasinc.com\\\/hr\\\/product\\\/kupi-rick-simpson-ulje\\\/#primaryimage\",\"url\":\"https:\\\/\\\/medicinasinc.com\\\/hr\\\/wp-content\\\/uploads\\\/sites\\\/3\\\/2022\\\/02\\\/Buy-Rick-Simpson-Oil.jpg\",\"contentUrl\":\"https:\\\/\\\/medicinasinc.com\\\/hr\\\/wp-content\\\/uploads\\\/sites\\\/3\\\/2022\\\/02\\\/Buy-Rick-Simpson-Oil.jpg\",\"width\":1170,\"height\":658},{\"@type\":\"BreadcrumbList\",\"@id\":\"https:\\\/\\\/medicinasinc.com\\\/hr\\\/product\\\/kupi-rick-simpson-ulje\\\/#breadcrumb\",\"itemListElement\":[{\"@type\":\"ListItem\",\"position\":1,\"name\":\"Du\u0107an\",\"item\":\"https:\\\/\\\/medicinasinc.com\\\/hr\\\/ducan\\\/\"},{\"@type\":\"ListItem\",\"position\":2,\"name\":\"Kupite ulje Ricka Simpsona\"}]},{\"@type\":\"WebSite\",\"@id\":\"https:\\\/\\\/medicinasinc.com\\\/hr\\\/#website\",\"url\":\"https:\\\/\\\/medicinasinc.com\\\/hr\\\/\",\"name\":\"Medicinas Inc\",\"description\":\"Health Medical Clinic\",\"potentialAction\":[{\"@type\":\"SearchAction\",\"target\":{\"@type\":\"EntryPoint\",\"urlTemplate\":\"https:\\\/\\\/medicinasinc.com\\\/hr\\\/?s={search_term_string}\"},\"query-input\":{\"@type\":\"PropertyValueSpecification\",\"valueRequired\":true,\"valueName\":\"search_term_string\"}}],\"inLanguage\":\"hr\"}]}<\/script>\n<!-- \/ Yoast SEO plugin. -->","yoast_head_json":{"title":"Kupite ulje Ricka Simpsona - SAD - Europa - Najbolji globalni lijekovi","description":"Kupite Rick Simpson Oil (RSO) za prodaju UK, Europa Naru\u010dite online. Imamo najkvalitetnije ulje Rick Simpson za prodaju. Nudimo RSO originalnu formulu s visokim sadr\u017eajem THC-a.","robots":{"index":"index","follow":"follow","max-snippet":"max-snippet:-1","max-image-preview":"max-image-preview:large","max-video-preview":"max-video-preview:-1"},"canonical":"https:\/\/medicinasinc.com\/hr\/product\/kupi-rick-simpson-ulje\/","og_locale":"hr_HR","og_type":"article","og_title":"Kupite ulje Ricka Simpsona - SAD - Europa - Najbolji globalni lijekovi","og_description":"Kupite Rick Simpson Oil (RSO) za prodaju UK, Europa Naru\u010dite online. Imamo najkvalitetnije ulje Rick Simpson za prodaju. Nudimo RSO originalnu formulu s visokim sadr\u017eajem THC-a.","og_url":"https:\/\/medicinasinc.com\/hr\/product\/kupi-rick-simpson-ulje\/","og_site_name":"Medicinas Inc","article_modified_time":"2022-03-15T06:15:11+00:00","og_image":[{"width":1170,"height":658,"url":"https:\/\/medicinasinc.com\/hr\/wp-content\/uploads\/sites\/3\/2022\/02\/Buy-Rick-Simpson-Oil.jpg","type":"image\/jpeg"}],"twitter_card":"summary_large_image","twitter_misc":{"Procijenjeno vrijeme \u010ditanja":"1 minuta"},"schema":{"@context":"https:\/\/schema.org","@graph":[{"@type":"WebPage","@id":"https:\/\/medicinasinc.com\/hr\/product\/kupi-rick-simpson-ulje\/","url":"https:\/\/medicinasinc.com\/hr\/product\/kupi-rick-simpson-ulje\/","name":"Kupite ulje Ricka Simpsona - SAD - Europa - Najbolji globalni lijekovi","isPartOf":{"@id":"https:\/\/medicinasinc.com\/hr\/#website"},"primaryImageOfPage":{"@id":"https:\/\/medicinasinc.com\/hr\/product\/kupi-rick-simpson-ulje\/#primaryimage"},"image":{"@id":"https:\/\/medicinasinc.com\/hr\/product\/kupi-rick-simpson-ulje\/#primaryimage"},"thumbnailUrl":"https:\/\/medicinasinc.com\/hr\/wp-content\/uploads\/sites\/3\/2022\/02\/Buy-Rick-Simpson-Oil.jpg","datePublished":"2022-02-20T09:00:17+00:00","dateModified":"2022-03-15T06:15:11+00:00","description":"Kupite Rick Simpson Oil (RSO) za prodaju UK, Europa Naru\u010dite online. Imamo najkvalitetnije ulje Rick Simpson za prodaju. Nudimo RSO originalnu formulu s visokim sadr\u017eajem THC-a.","breadcrumb":{"@id":"https:\/\/medicinasinc.com\/hr\/product\/kupi-rick-simpson-ulje\/#breadcrumb"},"inLanguage":"hr","potentialAction":[{"@type":"ReadAction","target":["https:\/\/medicinasinc.com\/hr\/product\/kupi-rick-simpson-ulje\/"]}]},{"@type":"ImageObject","inLanguage":"hr","@id":"https:\/\/medicinasinc.com\/hr\/product\/kupi-rick-simpson-ulje\/#primaryimage","url":"https:\/\/medicinasinc.com\/hr\/wp-content\/uploads\/sites\/3\/2022\/02\/Buy-Rick-Simpson-Oil.jpg","contentUrl":"https:\/\/medicinasinc.com\/hr\/wp-content\/uploads\/sites\/3\/2022\/02\/Buy-Rick-Simpson-Oil.jpg","width":1170,"height":658},{"@type":"BreadcrumbList","@id":"https:\/\/medicinasinc.com\/hr\/product\/kupi-rick-simpson-ulje\/#breadcrumb","itemListElement":[{"@type":"ListItem","position":1,"name":"Du\u0107an","item":"https:\/\/medicinasinc.com\/hr\/ducan\/"},{"@type":"ListItem","position":2,"name":"Kupite ulje Ricka Simpsona"}]},{"@type":"WebSite","@id":"https:\/\/medicinasinc.com\/hr\/#website","url":"https:\/\/medicinasinc.com\/hr\/","name":"Medicinas Inc","description":"Health Medical Clinic","potentialAction":[{"@type":"SearchAction","target":{"@type":"EntryPoint","urlTemplate":"https:\/\/medicinasinc.com\/hr\/?s={search_term_string}"},"query-input":{"@type":"PropertyValueSpecification","valueRequired":true,"valueName":"search_term_string"}}],"inLanguage":"hr"}]}},"_links":{"self":[{"href":"https:\/\/medicinasinc.com\/hr\/wp-json\/wp\/v2\/product\/4412","targetHints":{"allow":["GET"]}}],"collection":[{"href":"https:\/\/medicinasinc.com\/hr\/wp-json\/wp\/v2\/product"}],"about":[{"href":"https:\/\/medicinasinc.com\/hr\/wp-json\/wp\/v2\/types\/product"}],"replies":[{"embeddable":true,"href":"https:\/\/medicinasinc.com\/hr\/wp-json\/wp\/v2\/comments?post=4412"}],"wp:featuredmedia":[{"embeddable":true,"href":"https:\/\/medicinasinc.com\/hr\/wp-json\/wp\/v2\/media\/4445"}],"wp:attachment":[{"href":"https:\/\/medicinasinc.com\/hr\/wp-json\/wp\/v2\/media?parent=4412"}],"wp:term":[{"taxonomy":"product_brand","embeddable":true,"href":"https:\/\/medicinasinc.com\/hr\/wp-json\/wp\/v2\/product_brand?post=4412"},{"taxonomy":"product_cat","embeddable":true,"href":"https:\/\/medicinasinc.com\/hr\/wp-json\/wp\/v2\/product_cat?post=4412"},{"taxonomy":"product_tag","embeddable":true,"href":"https:\/\/medicinasinc.com\/hr\/wp-json\/wp\/v2\/product_tag?post=4412"}],"curies":[{"name":"wp","href":"https:\/\/api.w.org\/{rel}","templated":true}]}}