{"id":4404,"date":"2022-02-20T08:55:28","date_gmt":"2022-02-20T08:55:28","guid":{"rendered":"https:\/\/medicinasinc.com\/hr\/?post_type=product&#038;p=4404"},"modified":"2022-03-15T06:15:20","modified_gmt":"2022-03-15T06:15:20","slug":"kupi-ruzicasti-kush-thc-destilat-dabeast","status":"publish","type":"product","link":"https:\/\/medicinasinc.com\/hr\/product\/kupi-ruzicasti-kush-thc-destilat-dabeast\/","title":{"rendered":"Kupite Pink Kush THC destilat \u2013 Dabeast"},"content":{"rendered":"<p>Pink Kush THC destilat na prodaju \u2013 Dabeast<\/p>\n<p>Sabre Vape olovka s Pink Kush THC destilatom \u2013 Dabeast<\/p>\n<p>1 x Sabre elektroni\u010dka cigareta<br \/> 1 x Pink Kush pre- punjena kapsula<br \/> 1 x Micro USB kabel I\/ILI 1 x Pink Kush napunjena kapsula<\/p>\n<p>Umetnite kapsulu u Saber Pen i odmah po\u010dnite s vapiranjem. Puni u\u010dinak mo\u017ee potrajati i do petnaest minuta da se osjeti. Dva do \u010detiri udisaja preporu\u010duju se pacijentima koji nisu konzumirali neko vrijeme, ali do deset udisaja bi bilo dovoljno za one koji jedu \u010de\u0161\u0107e.<\/p>\n<p>Kush Pink<br \/> Genetska loza Pink Kusha je nepoznata \u2013 ali se \u0161iroko vjeruje da je srodnik legendarnog OG Kusha. Ovaj hibrid s dominantnom indikom daje jaku fizi\u010dku snagu, \u0161to ga \u010dini jednim od najljekovitijih dostupnih sojeva. Pink Kush ima slatku aromu koja podsje\u0107a na vaniliju ili slatke bombone, s prizvukom svje\u017eeg bora. Pink Kush pru\u017ea dugotrajan, tijelo fokusiran high koji je popra\u0107en efektima euforije i o\u017eivljavanja. Kod visokih doza, neki korisnici mogu osjetiti jake \u017evakanje, \u0161to Pink Kush \u010dini izvrsnim sojem za poticanje gubitka apetita. Pink Kush je svestran lijek koji se mo\u017ee koristiti za lije\u010denje depresije, tjeskobe, upale, kroni\u010dne boli, migrene, glavobolje, nesanice i gubitka apetita.<\/p>\n","protected":false},"excerpt":{"rendered":"<p>Kupite Pink Kush THC Distillate Sabre Vape olovke za prodaju u Ujedinjenom Kraljevstvu, Europi i Sjedinjenim Ameri\u010dkim Dr\u017eavama u najve\u0107em internetskom salonu na svijetu, Buy My Weed online.<\/p>\n<p>Kupite putem interneta. Pink Kush THC Indica destilat \u0161price s najpouzdanijeg web-mjesta za narud\u017ebu marihuane broj 1 &#8211; Najbolji biljni lijekovi s besplatnom dostavom! Vi\u0161e od 150 USD.<\/p>\n<p>&nbsp;<\/p>\n<ul>\n<li>Dostava diljem svijeta<\/li>\n<li>Minimalna koli\u010dina narud\u017ebe je 5 ulo\u017eaka<\/li>\n<li><strong>Kontaktirajte nas <\/strong>\u00a0za ve\u0107e narud\u017ebe<\/li>\n<\/ul>\n","protected":false},"featured_media":4438,"comment_status":"open","ping_status":"closed","template":"","meta":[],"product_brand":[],"product_cat":[440],"product_tag":[],"class_list":{"0":"post-4404","1":"product","2":"type-product","3":"status-publish","4":"has-post-thumbnail","6":"product_cat-kupi-kanabis-cbd-ulje","8":"first","9":"instock","10":"shipping-taxable","11":"purchasable","12":"product-type-simple"},"yoast_head":"<!-- This site is optimized with the Yoast SEO plugin v27.3 - https:\/\/yoast.com\/product\/yoast-seo-wordpress\/ -->\n<title>Kupite Pink Kush THC destilat \u2013 Dabeast \u2013 najbolji svjetski lijekovi<\/title>\n<meta name=\"description\" content=\"Kupite Pink Kush THC Distillate Saber Vape olovku za prodaju UK, EuropE- Dabeast online SAD u najve\u0107em internetskom dispanzeru, Kupite My Weed Online.\" \/>\n<meta name=\"robots\" content=\"index, follow, max-snippet:-1, max-image-preview:large, max-video-preview:-1\" \/>\n<link rel=\"canonical\" href=\"https:\/\/medicinasinc.com\/hr\/product\/kupi-ruzicasti-kush-thc-destilat-dabeast\/\" \/>\n<meta property=\"og:locale\" content=\"hr_HR\" \/>\n<meta property=\"og:type\" content=\"article\" \/>\n<meta property=\"og:title\" content=\"Kupite Pink Kush THC destilat \u2013 Dabeast \u2013 najbolji svjetski lijekovi\" \/>\n<meta property=\"og:description\" content=\"Kupite Pink Kush THC Distillate Saber Vape olovku za prodaju UK, EuropE- Dabeast online SAD u najve\u0107em internetskom dispanzeru, Kupite My Weed Online.\" \/>\n<meta property=\"og:url\" content=\"https:\/\/medicinasinc.com\/hr\/product\/kupi-ruzicasti-kush-thc-destilat-dabeast\/\" \/>\n<meta property=\"og:site_name\" content=\"Medicinas Inc\" \/>\n<meta property=\"article:modified_time\" content=\"2022-03-15T06:15:20+00:00\" \/>\n<meta property=\"og:image\" content=\"https:\/\/medicinasinc.com\/hr\/wp-content\/uploads\/sites\/3\/2022\/02\/Buy-Pink-Kush-THC-Distillate-\u2013-Dabeast.jpg\" \/>\n\t<meta property=\"og:image:width\" content=\"600\" \/>\n\t<meta property=\"og:image:height\" content=\"600\" \/>\n\t<meta property=\"og:image:type\" content=\"image\/jpeg\" \/>\n<meta name=\"twitter:card\" content=\"summary_large_image\" \/>\n<meta name=\"twitter:label1\" content=\"Procijenjeno vrijeme \u010ditanja\" \/>\n\t<meta name=\"twitter:data1\" content=\"1 minuta\" \/>\n<script type=\"application\/ld+json\" class=\"yoast-schema-graph\">{\"@context\":\"https:\\\/\\\/schema.org\",\"@graph\":[{\"@type\":\"WebPage\",\"@id\":\"https:\\\/\\\/medicinasinc.com\\\/hr\\\/product\\\/kupi-ruzicasti-kush-thc-destilat-dabeast\\\/\",\"url\":\"https:\\\/\\\/medicinasinc.com\\\/hr\\\/product\\\/kupi-ruzicasti-kush-thc-destilat-dabeast\\\/\",\"name\":\"Kupite Pink Kush THC destilat \u2013 Dabeast \u2013 najbolji svjetski lijekovi\",\"isPartOf\":{\"@id\":\"https:\\\/\\\/medicinasinc.com\\\/hr\\\/#website\"},\"primaryImageOfPage\":{\"@id\":\"https:\\\/\\\/medicinasinc.com\\\/hr\\\/product\\\/kupi-ruzicasti-kush-thc-destilat-dabeast\\\/#primaryimage\"},\"image\":{\"@id\":\"https:\\\/\\\/medicinasinc.com\\\/hr\\\/product\\\/kupi-ruzicasti-kush-thc-destilat-dabeast\\\/#primaryimage\"},\"thumbnailUrl\":\"https:\\\/\\\/medicinasinc.com\\\/hr\\\/wp-content\\\/uploads\\\/sites\\\/3\\\/2022\\\/02\\\/Buy-Pink-Kush-THC-Distillate-\u2013-Dabeast.jpg\",\"datePublished\":\"2022-02-20T08:55:28+00:00\",\"dateModified\":\"2022-03-15T06:15:20+00:00\",\"description\":\"Kupite Pink Kush THC Distillate Saber Vape olovku za prodaju UK, EuropE- Dabeast online SAD u najve\u0107em internetskom dispanzeru, Kupite My Weed Online.\",\"breadcrumb\":{\"@id\":\"https:\\\/\\\/medicinasinc.com\\\/hr\\\/product\\\/kupi-ruzicasti-kush-thc-destilat-dabeast\\\/#breadcrumb\"},\"inLanguage\":\"hr\",\"potentialAction\":[{\"@type\":\"ReadAction\",\"target\":[\"https:\\\/\\\/medicinasinc.com\\\/hr\\\/product\\\/kupi-ruzicasti-kush-thc-destilat-dabeast\\\/\"]}]},{\"@type\":\"ImageObject\",\"inLanguage\":\"hr\",\"@id\":\"https:\\\/\\\/medicinasinc.com\\\/hr\\\/product\\\/kupi-ruzicasti-kush-thc-destilat-dabeast\\\/#primaryimage\",\"url\":\"https:\\\/\\\/medicinasinc.com\\\/hr\\\/wp-content\\\/uploads\\\/sites\\\/3\\\/2022\\\/02\\\/Buy-Pink-Kush-THC-Distillate-\u2013-Dabeast.jpg\",\"contentUrl\":\"https:\\\/\\\/medicinasinc.com\\\/hr\\\/wp-content\\\/uploads\\\/sites\\\/3\\\/2022\\\/02\\\/Buy-Pink-Kush-THC-Distillate-\u2013-Dabeast.jpg\",\"width\":600,\"height\":600},{\"@type\":\"BreadcrumbList\",\"@id\":\"https:\\\/\\\/medicinasinc.com\\\/hr\\\/product\\\/kupi-ruzicasti-kush-thc-destilat-dabeast\\\/#breadcrumb\",\"itemListElement\":[{\"@type\":\"ListItem\",\"position\":1,\"name\":\"Du\u0107an\",\"item\":\"https:\\\/\\\/medicinasinc.com\\\/hr\\\/ducan\\\/\"},{\"@type\":\"ListItem\",\"position\":2,\"name\":\"Kupite Pink Kush THC destilat \u2013 Dabeast\"}]},{\"@type\":\"WebSite\",\"@id\":\"https:\\\/\\\/medicinasinc.com\\\/hr\\\/#website\",\"url\":\"https:\\\/\\\/medicinasinc.com\\\/hr\\\/\",\"name\":\"Medicinas Inc\",\"description\":\"Health Medical Clinic\",\"potentialAction\":[{\"@type\":\"SearchAction\",\"target\":{\"@type\":\"EntryPoint\",\"urlTemplate\":\"https:\\\/\\\/medicinasinc.com\\\/hr\\\/?s={search_term_string}\"},\"query-input\":{\"@type\":\"PropertyValueSpecification\",\"valueRequired\":true,\"valueName\":\"search_term_string\"}}],\"inLanguage\":\"hr\"}]}<\/script>\n<!-- \/ Yoast SEO plugin. -->","yoast_head_json":{"title":"Kupite Pink Kush THC destilat \u2013 Dabeast \u2013 najbolji svjetski lijekovi","description":"Kupite Pink Kush THC Distillate Saber Vape olovku za prodaju UK, EuropE- Dabeast online SAD u najve\u0107em internetskom dispanzeru, Kupite My Weed Online.","robots":{"index":"index","follow":"follow","max-snippet":"max-snippet:-1","max-image-preview":"max-image-preview:large","max-video-preview":"max-video-preview:-1"},"canonical":"https:\/\/medicinasinc.com\/hr\/product\/kupi-ruzicasti-kush-thc-destilat-dabeast\/","og_locale":"hr_HR","og_type":"article","og_title":"Kupite Pink Kush THC destilat \u2013 Dabeast \u2013 najbolji svjetski lijekovi","og_description":"Kupite Pink Kush THC Distillate Saber Vape olovku za prodaju UK, EuropE- Dabeast online SAD u najve\u0107em internetskom dispanzeru, Kupite My Weed Online.","og_url":"https:\/\/medicinasinc.com\/hr\/product\/kupi-ruzicasti-kush-thc-destilat-dabeast\/","og_site_name":"Medicinas Inc","article_modified_time":"2022-03-15T06:15:20+00:00","og_image":[{"width":600,"height":600,"url":"https:\/\/medicinasinc.com\/hr\/wp-content\/uploads\/sites\/3\/2022\/02\/Buy-Pink-Kush-THC-Distillate-\u2013-Dabeast.jpg","type":"image\/jpeg"}],"twitter_card":"summary_large_image","twitter_misc":{"Procijenjeno vrijeme \u010ditanja":"1 minuta"},"schema":{"@context":"https:\/\/schema.org","@graph":[{"@type":"WebPage","@id":"https:\/\/medicinasinc.com\/hr\/product\/kupi-ruzicasti-kush-thc-destilat-dabeast\/","url":"https:\/\/medicinasinc.com\/hr\/product\/kupi-ruzicasti-kush-thc-destilat-dabeast\/","name":"Kupite Pink Kush THC destilat \u2013 Dabeast \u2013 najbolji svjetski lijekovi","isPartOf":{"@id":"https:\/\/medicinasinc.com\/hr\/#website"},"primaryImageOfPage":{"@id":"https:\/\/medicinasinc.com\/hr\/product\/kupi-ruzicasti-kush-thc-destilat-dabeast\/#primaryimage"},"image":{"@id":"https:\/\/medicinasinc.com\/hr\/product\/kupi-ruzicasti-kush-thc-destilat-dabeast\/#primaryimage"},"thumbnailUrl":"https:\/\/medicinasinc.com\/hr\/wp-content\/uploads\/sites\/3\/2022\/02\/Buy-Pink-Kush-THC-Distillate-\u2013-Dabeast.jpg","datePublished":"2022-02-20T08:55:28+00:00","dateModified":"2022-03-15T06:15:20+00:00","description":"Kupite Pink Kush THC Distillate Saber Vape olovku za prodaju UK, EuropE- Dabeast online SAD u najve\u0107em internetskom dispanzeru, Kupite My Weed Online.","breadcrumb":{"@id":"https:\/\/medicinasinc.com\/hr\/product\/kupi-ruzicasti-kush-thc-destilat-dabeast\/#breadcrumb"},"inLanguage":"hr","potentialAction":[{"@type":"ReadAction","target":["https:\/\/medicinasinc.com\/hr\/product\/kupi-ruzicasti-kush-thc-destilat-dabeast\/"]}]},{"@type":"ImageObject","inLanguage":"hr","@id":"https:\/\/medicinasinc.com\/hr\/product\/kupi-ruzicasti-kush-thc-destilat-dabeast\/#primaryimage","url":"https:\/\/medicinasinc.com\/hr\/wp-content\/uploads\/sites\/3\/2022\/02\/Buy-Pink-Kush-THC-Distillate-\u2013-Dabeast.jpg","contentUrl":"https:\/\/medicinasinc.com\/hr\/wp-content\/uploads\/sites\/3\/2022\/02\/Buy-Pink-Kush-THC-Distillate-\u2013-Dabeast.jpg","width":600,"height":600},{"@type":"BreadcrumbList","@id":"https:\/\/medicinasinc.com\/hr\/product\/kupi-ruzicasti-kush-thc-destilat-dabeast\/#breadcrumb","itemListElement":[{"@type":"ListItem","position":1,"name":"Du\u0107an","item":"https:\/\/medicinasinc.com\/hr\/ducan\/"},{"@type":"ListItem","position":2,"name":"Kupite Pink Kush THC destilat \u2013 Dabeast"}]},{"@type":"WebSite","@id":"https:\/\/medicinasinc.com\/hr\/#website","url":"https:\/\/medicinasinc.com\/hr\/","name":"Medicinas Inc","description":"Health Medical Clinic","potentialAction":[{"@type":"SearchAction","target":{"@type":"EntryPoint","urlTemplate":"https:\/\/medicinasinc.com\/hr\/?s={search_term_string}"},"query-input":{"@type":"PropertyValueSpecification","valueRequired":true,"valueName":"search_term_string"}}],"inLanguage":"hr"}]}},"_links":{"self":[{"href":"https:\/\/medicinasinc.com\/hr\/wp-json\/wp\/v2\/product\/4404","targetHints":{"allow":["GET"]}}],"collection":[{"href":"https:\/\/medicinasinc.com\/hr\/wp-json\/wp\/v2\/product"}],"about":[{"href":"https:\/\/medicinasinc.com\/hr\/wp-json\/wp\/v2\/types\/product"}],"replies":[{"embeddable":true,"href":"https:\/\/medicinasinc.com\/hr\/wp-json\/wp\/v2\/comments?post=4404"}],"wp:featuredmedia":[{"embeddable":true,"href":"https:\/\/medicinasinc.com\/hr\/wp-json\/wp\/v2\/media\/4438"}],"wp:attachment":[{"href":"https:\/\/medicinasinc.com\/hr\/wp-json\/wp\/v2\/media?parent=4404"}],"wp:term":[{"taxonomy":"product_brand","embeddable":true,"href":"https:\/\/medicinasinc.com\/hr\/wp-json\/wp\/v2\/product_brand?post=4404"},{"taxonomy":"product_cat","embeddable":true,"href":"https:\/\/medicinasinc.com\/hr\/wp-json\/wp\/v2\/product_cat?post=4404"},{"taxonomy":"product_tag","embeddable":true,"href":"https:\/\/medicinasinc.com\/hr\/wp-json\/wp\/v2\/product_tag?post=4404"}],"curies":[{"name":"wp","href":"https:\/\/api.w.org\/{rel}","templated":true}]}}