{"id":4403,"date":"2022-02-20T08:54:28","date_gmt":"2022-02-20T08:54:28","guid":{"rendered":"https:\/\/medicinasinc.com\/hr\/?post_type=product&#038;p=4403"},"modified":"2022-03-15T06:15:31","modified_gmt":"2022-03-15T06:15:31","slug":"kupiti-limun-limeta-thc-destilat-dabeast","status":"publish","type":"product","link":"https:\/\/medicinasinc.com\/hr\/product\/kupiti-limun-limeta-thc-destilat-dabeast\/","title":{"rendered":"Kupite THC destilat limuna i limete \u2013 Dabeast"},"content":{"rendered":"<p>Gdje kupiti THC destilat limuna i limete \u2013 Dabeast<\/p>\n<p>Na\u0161 aromatizirani THC destilat dostupan je u nizu razli\u010ditih okusa koji \u0107e zasigurno odu\u0161eviti va\u0161e nepce!<br \/> Na\u0161i THC destilati su pobolj\u0161ani organski i prirodni terpeni, stvaraju\u0107i ukusno iskustvo za razliku od bilo kojeg drugog.<\/p>\n<ul>\n<li>1 x Sabre Vape Pen<\/li>\n<li>1 x unaprijed napunjena\u00a0<strong>\u00a0<span class=\"hidden- xs\">Aroma limuna i limete<\/span>\u00a0THC destilat<\/strong>\u00a0pod<\/li>\n<li>1 x Micro USB kabel<\/li>\n<\/ul>\n<div class=\"product-next-previous\">\n<div class=\"product-prev\"><\/div><\/div>\n","protected":false},"excerpt":{"rendered":"<p>Kupite Lemon Lime THC destilat Saber Pen za prodaju &#8211; Top Shelf online Europe, UK iz najve\u0107e internetske ambulante,Kupite My Weed Online.<\/p>\n<p><em>THC destilat od limuna i limete<\/em> Saber Pen \u2013 gornja polica po pristupa\u010dnoj cijeni i najboljim svjetskim lijekovima! Svi proizvodi su laboratorijski kvalificirani i vrhunske kvalitete.<\/p>\n<ul>\n<li>Dostava diljem svijeta<\/li>\n<li>Minimalna koli\u010dina narud\u017ebe je 5<\/li>\n<li>Kontaktirajte nas za ve\u0107e narud\u017ebe<\/li>\n<\/ul>\n","protected":false},"featured_media":4436,"comment_status":"open","ping_status":"closed","template":"","meta":[],"product_brand":[],"product_cat":[440],"product_tag":[],"class_list":{"0":"post-4403","1":"product","2":"type-product","3":"status-publish","4":"has-post-thumbnail","6":"product_cat-kupi-kanabis-cbd-ulje","8":"first","9":"instock","10":"shipping-taxable","11":"purchasable","12":"product-type-variable","13":"has-default-attributes"},"yoast_head":"<!-- This site is optimized with the Yoast SEO plugin v27.3 - https:\/\/yoast.com\/product\/yoast-seo-wordpress\/ -->\n<title>Kupite THC destilat s limunom i limetom \u2013 Dabeast \u2013 najbolji svjetski lijekovi<\/title>\n<meta name=\"description\" content=\"Kupite Lemon Lime THC Distillate Saber Pen za prodaju - Top Shelf online Europa, UK u najve\u0107em internetskom dispanzeru, Kupite My Weed Online.\" \/>\n<meta name=\"robots\" content=\"index, follow, max-snippet:-1, max-image-preview:large, max-video-preview:-1\" \/>\n<link rel=\"canonical\" href=\"https:\/\/medicinasinc.com\/hr\/product\/kupiti-limun-limeta-thc-destilat-dabeast\/\" \/>\n<meta property=\"og:locale\" content=\"hr_HR\" \/>\n<meta property=\"og:type\" content=\"article\" \/>\n<meta property=\"og:title\" content=\"Kupite THC destilat s limunom i limetom \u2013 Dabeast \u2013 najbolji svjetski lijekovi\" \/>\n<meta property=\"og:description\" content=\"Kupite Lemon Lime THC Distillate Saber Pen za prodaju - Top Shelf online Europa, UK u najve\u0107em internetskom dispanzeru, Kupite My Weed Online.\" \/>\n<meta property=\"og:url\" content=\"https:\/\/medicinasinc.com\/hr\/product\/kupiti-limun-limeta-thc-destilat-dabeast\/\" \/>\n<meta property=\"og:site_name\" content=\"Medicinas Inc\" \/>\n<meta property=\"article:modified_time\" content=\"2022-03-15T06:15:31+00:00\" \/>\n<meta property=\"og:image\" content=\"https:\/\/medicinasinc.com\/hr\/wp-content\/uploads\/sites\/3\/2022\/02\/Buy-Lemon-Lime-THC-Distillate.jpg\" \/>\n\t<meta property=\"og:image:width\" content=\"800\" \/>\n\t<meta property=\"og:image:height\" content=\"800\" \/>\n\t<meta property=\"og:image:type\" content=\"image\/jpeg\" \/>\n<meta name=\"twitter:card\" content=\"summary_large_image\" \/>\n<meta name=\"twitter:label1\" content=\"Procijenjeno vrijeme \u010ditanja\" \/>\n\t<meta name=\"twitter:data1\" content=\"1 minuta\" \/>\n<script type=\"application\/ld+json\" class=\"yoast-schema-graph\">{\"@context\":\"https:\\\/\\\/schema.org\",\"@graph\":[{\"@type\":\"WebPage\",\"@id\":\"https:\\\/\\\/medicinasinc.com\\\/hr\\\/product\\\/kupiti-limun-limeta-thc-destilat-dabeast\\\/\",\"url\":\"https:\\\/\\\/medicinasinc.com\\\/hr\\\/product\\\/kupiti-limun-limeta-thc-destilat-dabeast\\\/\",\"name\":\"Kupite THC destilat s limunom i limetom \u2013 Dabeast \u2013 najbolji svjetski lijekovi\",\"isPartOf\":{\"@id\":\"https:\\\/\\\/medicinasinc.com\\\/hr\\\/#website\"},\"primaryImageOfPage\":{\"@id\":\"https:\\\/\\\/medicinasinc.com\\\/hr\\\/product\\\/kupiti-limun-limeta-thc-destilat-dabeast\\\/#primaryimage\"},\"image\":{\"@id\":\"https:\\\/\\\/medicinasinc.com\\\/hr\\\/product\\\/kupiti-limun-limeta-thc-destilat-dabeast\\\/#primaryimage\"},\"thumbnailUrl\":\"https:\\\/\\\/medicinasinc.com\\\/hr\\\/wp-content\\\/uploads\\\/sites\\\/3\\\/2022\\\/02\\\/Buy-Lemon-Lime-THC-Distillate.jpg\",\"datePublished\":\"2022-02-20T08:54:28+00:00\",\"dateModified\":\"2022-03-15T06:15:31+00:00\",\"description\":\"Kupite Lemon Lime THC Distillate Saber Pen za prodaju - Top Shelf online Europa, UK u najve\u0107em internetskom dispanzeru, Kupite My Weed Online.\",\"breadcrumb\":{\"@id\":\"https:\\\/\\\/medicinasinc.com\\\/hr\\\/product\\\/kupiti-limun-limeta-thc-destilat-dabeast\\\/#breadcrumb\"},\"inLanguage\":\"hr\",\"potentialAction\":[{\"@type\":\"ReadAction\",\"target\":[\"https:\\\/\\\/medicinasinc.com\\\/hr\\\/product\\\/kupiti-limun-limeta-thc-destilat-dabeast\\\/\"]}]},{\"@type\":\"ImageObject\",\"inLanguage\":\"hr\",\"@id\":\"https:\\\/\\\/medicinasinc.com\\\/hr\\\/product\\\/kupiti-limun-limeta-thc-destilat-dabeast\\\/#primaryimage\",\"url\":\"https:\\\/\\\/medicinasinc.com\\\/hr\\\/wp-content\\\/uploads\\\/sites\\\/3\\\/2022\\\/02\\\/Buy-Lemon-Lime-THC-Distillate.jpg\",\"contentUrl\":\"https:\\\/\\\/medicinasinc.com\\\/hr\\\/wp-content\\\/uploads\\\/sites\\\/3\\\/2022\\\/02\\\/Buy-Lemon-Lime-THC-Distillate.jpg\",\"width\":800,\"height\":800},{\"@type\":\"BreadcrumbList\",\"@id\":\"https:\\\/\\\/medicinasinc.com\\\/hr\\\/product\\\/kupiti-limun-limeta-thc-destilat-dabeast\\\/#breadcrumb\",\"itemListElement\":[{\"@type\":\"ListItem\",\"position\":1,\"name\":\"Du\u0107an\",\"item\":\"https:\\\/\\\/medicinasinc.com\\\/hr\\\/ducan\\\/\"},{\"@type\":\"ListItem\",\"position\":2,\"name\":\"Kupite THC destilat limuna i limete \u2013 Dabeast\"}]},{\"@type\":\"WebSite\",\"@id\":\"https:\\\/\\\/medicinasinc.com\\\/hr\\\/#website\",\"url\":\"https:\\\/\\\/medicinasinc.com\\\/hr\\\/\",\"name\":\"Medicinas Inc\",\"description\":\"Health Medical Clinic\",\"potentialAction\":[{\"@type\":\"SearchAction\",\"target\":{\"@type\":\"EntryPoint\",\"urlTemplate\":\"https:\\\/\\\/medicinasinc.com\\\/hr\\\/?s={search_term_string}\"},\"query-input\":{\"@type\":\"PropertyValueSpecification\",\"valueRequired\":true,\"valueName\":\"search_term_string\"}}],\"inLanguage\":\"hr\"}]}<\/script>\n<!-- \/ Yoast SEO plugin. -->","yoast_head_json":{"title":"Kupite THC destilat s limunom i limetom \u2013 Dabeast \u2013 najbolji svjetski lijekovi","description":"Kupite Lemon Lime THC Distillate Saber Pen za prodaju - Top Shelf online Europa, UK u najve\u0107em internetskom dispanzeru, Kupite My Weed Online.","robots":{"index":"index","follow":"follow","max-snippet":"max-snippet:-1","max-image-preview":"max-image-preview:large","max-video-preview":"max-video-preview:-1"},"canonical":"https:\/\/medicinasinc.com\/hr\/product\/kupiti-limun-limeta-thc-destilat-dabeast\/","og_locale":"hr_HR","og_type":"article","og_title":"Kupite THC destilat s limunom i limetom \u2013 Dabeast \u2013 najbolji svjetski lijekovi","og_description":"Kupite Lemon Lime THC Distillate Saber Pen za prodaju - Top Shelf online Europa, UK u najve\u0107em internetskom dispanzeru, Kupite My Weed Online.","og_url":"https:\/\/medicinasinc.com\/hr\/product\/kupiti-limun-limeta-thc-destilat-dabeast\/","og_site_name":"Medicinas Inc","article_modified_time":"2022-03-15T06:15:31+00:00","og_image":[{"width":800,"height":800,"url":"https:\/\/medicinasinc.com\/hr\/wp-content\/uploads\/sites\/3\/2022\/02\/Buy-Lemon-Lime-THC-Distillate.jpg","type":"image\/jpeg"}],"twitter_card":"summary_large_image","twitter_misc":{"Procijenjeno vrijeme \u010ditanja":"1 minuta"},"schema":{"@context":"https:\/\/schema.org","@graph":[{"@type":"WebPage","@id":"https:\/\/medicinasinc.com\/hr\/product\/kupiti-limun-limeta-thc-destilat-dabeast\/","url":"https:\/\/medicinasinc.com\/hr\/product\/kupiti-limun-limeta-thc-destilat-dabeast\/","name":"Kupite THC destilat s limunom i limetom \u2013 Dabeast \u2013 najbolji svjetski lijekovi","isPartOf":{"@id":"https:\/\/medicinasinc.com\/hr\/#website"},"primaryImageOfPage":{"@id":"https:\/\/medicinasinc.com\/hr\/product\/kupiti-limun-limeta-thc-destilat-dabeast\/#primaryimage"},"image":{"@id":"https:\/\/medicinasinc.com\/hr\/product\/kupiti-limun-limeta-thc-destilat-dabeast\/#primaryimage"},"thumbnailUrl":"https:\/\/medicinasinc.com\/hr\/wp-content\/uploads\/sites\/3\/2022\/02\/Buy-Lemon-Lime-THC-Distillate.jpg","datePublished":"2022-02-20T08:54:28+00:00","dateModified":"2022-03-15T06:15:31+00:00","description":"Kupite Lemon Lime THC Distillate Saber Pen za prodaju - Top Shelf online Europa, UK u najve\u0107em internetskom dispanzeru, Kupite My Weed Online.","breadcrumb":{"@id":"https:\/\/medicinasinc.com\/hr\/product\/kupiti-limun-limeta-thc-destilat-dabeast\/#breadcrumb"},"inLanguage":"hr","potentialAction":[{"@type":"ReadAction","target":["https:\/\/medicinasinc.com\/hr\/product\/kupiti-limun-limeta-thc-destilat-dabeast\/"]}]},{"@type":"ImageObject","inLanguage":"hr","@id":"https:\/\/medicinasinc.com\/hr\/product\/kupiti-limun-limeta-thc-destilat-dabeast\/#primaryimage","url":"https:\/\/medicinasinc.com\/hr\/wp-content\/uploads\/sites\/3\/2022\/02\/Buy-Lemon-Lime-THC-Distillate.jpg","contentUrl":"https:\/\/medicinasinc.com\/hr\/wp-content\/uploads\/sites\/3\/2022\/02\/Buy-Lemon-Lime-THC-Distillate.jpg","width":800,"height":800},{"@type":"BreadcrumbList","@id":"https:\/\/medicinasinc.com\/hr\/product\/kupiti-limun-limeta-thc-destilat-dabeast\/#breadcrumb","itemListElement":[{"@type":"ListItem","position":1,"name":"Du\u0107an","item":"https:\/\/medicinasinc.com\/hr\/ducan\/"},{"@type":"ListItem","position":2,"name":"Kupite THC destilat limuna i limete \u2013 Dabeast"}]},{"@type":"WebSite","@id":"https:\/\/medicinasinc.com\/hr\/#website","url":"https:\/\/medicinasinc.com\/hr\/","name":"Medicinas Inc","description":"Health Medical Clinic","potentialAction":[{"@type":"SearchAction","target":{"@type":"EntryPoint","urlTemplate":"https:\/\/medicinasinc.com\/hr\/?s={search_term_string}"},"query-input":{"@type":"PropertyValueSpecification","valueRequired":true,"valueName":"search_term_string"}}],"inLanguage":"hr"}]}},"_links":{"self":[{"href":"https:\/\/medicinasinc.com\/hr\/wp-json\/wp\/v2\/product\/4403","targetHints":{"allow":["GET"]}}],"collection":[{"href":"https:\/\/medicinasinc.com\/hr\/wp-json\/wp\/v2\/product"}],"about":[{"href":"https:\/\/medicinasinc.com\/hr\/wp-json\/wp\/v2\/types\/product"}],"replies":[{"embeddable":true,"href":"https:\/\/medicinasinc.com\/hr\/wp-json\/wp\/v2\/comments?post=4403"}],"wp:featuredmedia":[{"embeddable":true,"href":"https:\/\/medicinasinc.com\/hr\/wp-json\/wp\/v2\/media\/4436"}],"wp:attachment":[{"href":"https:\/\/medicinasinc.com\/hr\/wp-json\/wp\/v2\/media?parent=4403"}],"wp:term":[{"taxonomy":"product_brand","embeddable":true,"href":"https:\/\/medicinasinc.com\/hr\/wp-json\/wp\/v2\/product_brand?post=4403"},{"taxonomy":"product_cat","embeddable":true,"href":"https:\/\/medicinasinc.com\/hr\/wp-json\/wp\/v2\/product_cat?post=4403"},{"taxonomy":"product_tag","embeddable":true,"href":"https:\/\/medicinasinc.com\/hr\/wp-json\/wp\/v2\/product_tag?post=4403"}],"curies":[{"name":"wp","href":"https:\/\/api.w.org\/{rel}","templated":true}]}}