{"id":4390,"date":"2022-02-20T08:47:42","date_gmt":"2022-02-20T08:47:42","guid":{"rendered":"https:\/\/medicinasinc.com\/hr\/?post_type=product&#038;p=4390"},"modified":"2022-03-15T06:15:39","modified_gmt":"2022-03-15T06:15:39","slug":"buy-lemon-haze-co2-1g-vape-cartridge","status":"publish","type":"product","link":"https:\/\/medicinasinc.com\/hr\/product\/buy-lemon-haze-co2-1g-vape-cartridge\/","title":{"rendered":"Kupite Lemon Haze CO2 1g ulo\u017eak za vape"},"content":{"rendered":"<p>Lemon Haze CO2 1g vape ulo\u017eak na prodaju.<\/p>\n<p>Lemon Haze CO2 1g vape ulo\u017eak na prodaju.<\/p>\n<p>Lemon Haze CO2 vape ulo\u017eak na prodaju. By Pure, nastojimo pru\u017eiti naj\u010di\u0161\u0107e, najsigurnije i najdosljednije ulje dostupno. Na\u0161i su okusi u potpunosti izra\u0111eni od prirodnih vo\u0107nih terpena. 1 gram nepatvorenog ulja kanabisa<br \/> Lemon Skunk Super Silver Haze Green House Seeds hibrid je Lemon Skunk i Super Silver Haze s dominantnom Sativom koji je osvojio dva Cannabis Cupa. Super Lemon Haze je raznobojno kif-caked \u010dudo. Kao \u0161to naziv implicira, ovaj soj pokazuje razli\u010dite karakteristike limuna. Miris je citrusan, pikantan i blago slatkast. Okus je upravo onakav kakav bi se o\u010dekivalo od imenjaka; kiselkasto i slatko, sli\u010dno bombonima Lemonheads \u2013 iako ne ba\u0161 tako o\u0161tro kao \u0161to bi se moglo o\u010dekivati.<\/p>\n<p>Sadr\u017eaj THC-a: 65,22 posto CBD-a: 2,86 posto<\/p>\n","protected":false},"excerpt":{"rendered":"<p>Co2 Vape Cartridge Super Lemon Haze<\/p>\n<p>Kupite Super Lemon Haze Cannabis Oil Vape Cartridge Strain u Ujedinjenom Kraljevstvu i Europi. Metoda ekstrakcije SativaOil: podkriti\u010dni CO2. Vape ulo\u017eak za Super Lemon Haze ulje kanabisa.<\/p>\n<p>Jedan od najboljih Co2 Vape ulo\u017eaka na tr\u017ei\u0161tu je Super Lemon Haze. To\u010dnije, aroma je o\u0161tra, citrusna i blago slatkasta. Okus je kiselkast i sladak, podsje\u0107a na bombone s glavama limuna. X-trates CO2 vape patrone sadr\u017ee samo \u010disto ulje kanabisa koje sadr\u017ei \u0161irok spektar organskih kanabinoida i terpena. Dodatno, dostupni su ulo\u0161ci od 1g i 0,5ml.<\/p>\n<p>Cijena proizvoda je sljede\u0107a: po ulo\u0161ku od 1g<br \/> Potrebna je minimalna koli\u010dina za narud\u017ebu od 5 ulo\u017eaka.<\/p>\n","protected":false},"featured_media":4423,"comment_status":"open","ping_status":"closed","template":"","meta":[],"product_brand":[],"product_cat":[440],"product_tag":[481,486,483,484,488,487,482,485],"class_list":{"0":"post-4390","1":"product","2":"type-product","3":"status-publish","4":"has-post-thumbnail","6":"product_cat-kupi-kanabis-cbd-ulje","7":"product_tag-unaprijed-napunjene-vape-patrone-europe-tags-super-lemon-maglica-allbud","8":"product_tag-super-limun-maglica-cijena","9":"product_tag-super-lemon-haze-co2-vape-cartridge","10":"product_tag-super-lemon-haze-kingpen","11":"product_tag-super-lemon-haze-yield-description-reviews-0","12":"product_tag-super-limun-maglica-sjemenke","13":"product_tag-super-limun-maglica-patrona","14":"product_tag-super-limun-maglica-ulje-patrona","16":"first","17":"instock","18":"shipping-taxable","19":"purchasable","20":"product-type-variable","21":"has-default-attributes"},"yoast_head":"<!-- This site is optimized with the Yoast SEO plugin v27.3 - https:\/\/yoast.com\/product\/yoast-seo-wordpress\/ -->\n<title>Kupite Lemon Haze CO2 ulo\u017eak za vape - Best Global Meds<\/title>\n<meta name=\"description\" content=\"Kupite Super Lemon Haze Cannabis Oil Vape Cartridge Strain za prodaju u Velikoj Britaniji, Europi. Metoda ekstrakcije SativaOil: podkriti\u010dni CO2. Super Lemon Haze Cannabis Oil Vape Cartridge.\" \/>\n<meta name=\"robots\" content=\"index, follow, max-snippet:-1, max-image-preview:large, max-video-preview:-1\" \/>\n<link rel=\"canonical\" href=\"https:\/\/medicinasinc.com\/hr\/product\/buy-lemon-haze-co2-1g-vape-cartridge\/\" \/>\n<meta property=\"og:locale\" content=\"hr_HR\" \/>\n<meta property=\"og:type\" content=\"article\" \/>\n<meta property=\"og:title\" content=\"Kupite Lemon Haze CO2 ulo\u017eak za vape - Best Global Meds\" \/>\n<meta property=\"og:description\" content=\"Kupite Super Lemon Haze Cannabis Oil Vape Cartridge Strain za prodaju u Velikoj Britaniji, Europi. Metoda ekstrakcije SativaOil: podkriti\u010dni CO2. Super Lemon Haze Cannabis Oil Vape Cartridge.\" \/>\n<meta property=\"og:url\" content=\"https:\/\/medicinasinc.com\/hr\/product\/buy-lemon-haze-co2-1g-vape-cartridge\/\" \/>\n<meta property=\"og:site_name\" content=\"Medicinas Inc\" \/>\n<meta property=\"article:modified_time\" content=\"2022-03-15T06:15:39+00:00\" \/>\n<meta property=\"og:image\" content=\"https:\/\/medicinasinc.com\/hr\/wp-content\/uploads\/sites\/3\/2022\/02\/Buy-High-THC-Cannabis-Oil-1g-cartridge-online.jpg\" \/>\n\t<meta property=\"og:image:width\" content=\"600\" \/>\n\t<meta property=\"og:image:height\" content=\"600\" \/>\n\t<meta property=\"og:image:type\" content=\"image\/jpeg\" \/>\n<meta name=\"twitter:card\" content=\"summary_large_image\" \/>\n<meta name=\"twitter:label1\" content=\"Procijenjeno vrijeme \u010ditanja\" \/>\n\t<meta name=\"twitter:data1\" content=\"1 minuta\" \/>\n<script type=\"application\/ld+json\" class=\"yoast-schema-graph\">{\"@context\":\"https:\\\/\\\/schema.org\",\"@graph\":[{\"@type\":\"WebPage\",\"@id\":\"https:\\\/\\\/medicinasinc.com\\\/hr\\\/product\\\/buy-lemon-haze-co2-1g-vape-cartridge\\\/\",\"url\":\"https:\\\/\\\/medicinasinc.com\\\/hr\\\/product\\\/buy-lemon-haze-co2-1g-vape-cartridge\\\/\",\"name\":\"Kupite Lemon Haze CO2 ulo\u017eak za vape - Best Global Meds\",\"isPartOf\":{\"@id\":\"https:\\\/\\\/medicinasinc.com\\\/hr\\\/#website\"},\"primaryImageOfPage\":{\"@id\":\"https:\\\/\\\/medicinasinc.com\\\/hr\\\/product\\\/buy-lemon-haze-co2-1g-vape-cartridge\\\/#primaryimage\"},\"image\":{\"@id\":\"https:\\\/\\\/medicinasinc.com\\\/hr\\\/product\\\/buy-lemon-haze-co2-1g-vape-cartridge\\\/#primaryimage\"},\"thumbnailUrl\":\"https:\\\/\\\/medicinasinc.com\\\/hr\\\/wp-content\\\/uploads\\\/sites\\\/3\\\/2022\\\/02\\\/Buy-High-THC-Cannabis-Oil-1g-cartridge-online.jpg\",\"datePublished\":\"2022-02-20T08:47:42+00:00\",\"dateModified\":\"2022-03-15T06:15:39+00:00\",\"description\":\"Kupite Super Lemon Haze Cannabis Oil Vape Cartridge Strain za prodaju u Velikoj Britaniji, Europi. Metoda ekstrakcije SativaOil: podkriti\u010dni CO2. Super Lemon Haze Cannabis Oil Vape Cartridge.\",\"breadcrumb\":{\"@id\":\"https:\\\/\\\/medicinasinc.com\\\/hr\\\/product\\\/buy-lemon-haze-co2-1g-vape-cartridge\\\/#breadcrumb\"},\"inLanguage\":\"hr\",\"potentialAction\":[{\"@type\":\"ReadAction\",\"target\":[\"https:\\\/\\\/medicinasinc.com\\\/hr\\\/product\\\/buy-lemon-haze-co2-1g-vape-cartridge\\\/\"]}]},{\"@type\":\"ImageObject\",\"inLanguage\":\"hr\",\"@id\":\"https:\\\/\\\/medicinasinc.com\\\/hr\\\/product\\\/buy-lemon-haze-co2-1g-vape-cartridge\\\/#primaryimage\",\"url\":\"https:\\\/\\\/medicinasinc.com\\\/hr\\\/wp-content\\\/uploads\\\/sites\\\/3\\\/2022\\\/02\\\/Buy-High-THC-Cannabis-Oil-1g-cartridge-online.jpg\",\"contentUrl\":\"https:\\\/\\\/medicinasinc.com\\\/hr\\\/wp-content\\\/uploads\\\/sites\\\/3\\\/2022\\\/02\\\/Buy-High-THC-Cannabis-Oil-1g-cartridge-online.jpg\",\"width\":600,\"height\":600},{\"@type\":\"BreadcrumbList\",\"@id\":\"https:\\\/\\\/medicinasinc.com\\\/hr\\\/product\\\/buy-lemon-haze-co2-1g-vape-cartridge\\\/#breadcrumb\",\"itemListElement\":[{\"@type\":\"ListItem\",\"position\":1,\"name\":\"Du\u0107an\",\"item\":\"https:\\\/\\\/medicinasinc.com\\\/hr\\\/ducan\\\/\"},{\"@type\":\"ListItem\",\"position\":2,\"name\":\"Kupite Lemon Haze CO2 1g ulo\u017eak za vape\"}]},{\"@type\":\"WebSite\",\"@id\":\"https:\\\/\\\/medicinasinc.com\\\/hr\\\/#website\",\"url\":\"https:\\\/\\\/medicinasinc.com\\\/hr\\\/\",\"name\":\"Medicinas Inc\",\"description\":\"Health Medical Clinic\",\"potentialAction\":[{\"@type\":\"SearchAction\",\"target\":{\"@type\":\"EntryPoint\",\"urlTemplate\":\"https:\\\/\\\/medicinasinc.com\\\/hr\\\/?s={search_term_string}\"},\"query-input\":{\"@type\":\"PropertyValueSpecification\",\"valueRequired\":true,\"valueName\":\"search_term_string\"}}],\"inLanguage\":\"hr\"}]}<\/script>\n<!-- \/ Yoast SEO plugin. -->","yoast_head_json":{"title":"Kupite Lemon Haze CO2 ulo\u017eak za vape - Best Global Meds","description":"Kupite Super Lemon Haze Cannabis Oil Vape Cartridge Strain za prodaju u Velikoj Britaniji, Europi. Metoda ekstrakcije SativaOil: podkriti\u010dni CO2. Super Lemon Haze Cannabis Oil Vape Cartridge.","robots":{"index":"index","follow":"follow","max-snippet":"max-snippet:-1","max-image-preview":"max-image-preview:large","max-video-preview":"max-video-preview:-1"},"canonical":"https:\/\/medicinasinc.com\/hr\/product\/buy-lemon-haze-co2-1g-vape-cartridge\/","og_locale":"hr_HR","og_type":"article","og_title":"Kupite Lemon Haze CO2 ulo\u017eak za vape - Best Global Meds","og_description":"Kupite Super Lemon Haze Cannabis Oil Vape Cartridge Strain za prodaju u Velikoj Britaniji, Europi. Metoda ekstrakcije SativaOil: podkriti\u010dni CO2. Super Lemon Haze Cannabis Oil Vape Cartridge.","og_url":"https:\/\/medicinasinc.com\/hr\/product\/buy-lemon-haze-co2-1g-vape-cartridge\/","og_site_name":"Medicinas Inc","article_modified_time":"2022-03-15T06:15:39+00:00","og_image":[{"width":600,"height":600,"url":"https:\/\/medicinasinc.com\/hr\/wp-content\/uploads\/sites\/3\/2022\/02\/Buy-High-THC-Cannabis-Oil-1g-cartridge-online.jpg","type":"image\/jpeg"}],"twitter_card":"summary_large_image","twitter_misc":{"Procijenjeno vrijeme \u010ditanja":"1 minuta"},"schema":{"@context":"https:\/\/schema.org","@graph":[{"@type":"WebPage","@id":"https:\/\/medicinasinc.com\/hr\/product\/buy-lemon-haze-co2-1g-vape-cartridge\/","url":"https:\/\/medicinasinc.com\/hr\/product\/buy-lemon-haze-co2-1g-vape-cartridge\/","name":"Kupite Lemon Haze CO2 ulo\u017eak za vape - Best Global Meds","isPartOf":{"@id":"https:\/\/medicinasinc.com\/hr\/#website"},"primaryImageOfPage":{"@id":"https:\/\/medicinasinc.com\/hr\/product\/buy-lemon-haze-co2-1g-vape-cartridge\/#primaryimage"},"image":{"@id":"https:\/\/medicinasinc.com\/hr\/product\/buy-lemon-haze-co2-1g-vape-cartridge\/#primaryimage"},"thumbnailUrl":"https:\/\/medicinasinc.com\/hr\/wp-content\/uploads\/sites\/3\/2022\/02\/Buy-High-THC-Cannabis-Oil-1g-cartridge-online.jpg","datePublished":"2022-02-20T08:47:42+00:00","dateModified":"2022-03-15T06:15:39+00:00","description":"Kupite Super Lemon Haze Cannabis Oil Vape Cartridge Strain za prodaju u Velikoj Britaniji, Europi. Metoda ekstrakcije SativaOil: podkriti\u010dni CO2. Super Lemon Haze Cannabis Oil Vape Cartridge.","breadcrumb":{"@id":"https:\/\/medicinasinc.com\/hr\/product\/buy-lemon-haze-co2-1g-vape-cartridge\/#breadcrumb"},"inLanguage":"hr","potentialAction":[{"@type":"ReadAction","target":["https:\/\/medicinasinc.com\/hr\/product\/buy-lemon-haze-co2-1g-vape-cartridge\/"]}]},{"@type":"ImageObject","inLanguage":"hr","@id":"https:\/\/medicinasinc.com\/hr\/product\/buy-lemon-haze-co2-1g-vape-cartridge\/#primaryimage","url":"https:\/\/medicinasinc.com\/hr\/wp-content\/uploads\/sites\/3\/2022\/02\/Buy-High-THC-Cannabis-Oil-1g-cartridge-online.jpg","contentUrl":"https:\/\/medicinasinc.com\/hr\/wp-content\/uploads\/sites\/3\/2022\/02\/Buy-High-THC-Cannabis-Oil-1g-cartridge-online.jpg","width":600,"height":600},{"@type":"BreadcrumbList","@id":"https:\/\/medicinasinc.com\/hr\/product\/buy-lemon-haze-co2-1g-vape-cartridge\/#breadcrumb","itemListElement":[{"@type":"ListItem","position":1,"name":"Du\u0107an","item":"https:\/\/medicinasinc.com\/hr\/ducan\/"},{"@type":"ListItem","position":2,"name":"Kupite Lemon Haze CO2 1g ulo\u017eak za vape"}]},{"@type":"WebSite","@id":"https:\/\/medicinasinc.com\/hr\/#website","url":"https:\/\/medicinasinc.com\/hr\/","name":"Medicinas Inc","description":"Health Medical Clinic","potentialAction":[{"@type":"SearchAction","target":{"@type":"EntryPoint","urlTemplate":"https:\/\/medicinasinc.com\/hr\/?s={search_term_string}"},"query-input":{"@type":"PropertyValueSpecification","valueRequired":true,"valueName":"search_term_string"}}],"inLanguage":"hr"}]}},"_links":{"self":[{"href":"https:\/\/medicinasinc.com\/hr\/wp-json\/wp\/v2\/product\/4390","targetHints":{"allow":["GET"]}}],"collection":[{"href":"https:\/\/medicinasinc.com\/hr\/wp-json\/wp\/v2\/product"}],"about":[{"href":"https:\/\/medicinasinc.com\/hr\/wp-json\/wp\/v2\/types\/product"}],"replies":[{"embeddable":true,"href":"https:\/\/medicinasinc.com\/hr\/wp-json\/wp\/v2\/comments?post=4390"}],"wp:featuredmedia":[{"embeddable":true,"href":"https:\/\/medicinasinc.com\/hr\/wp-json\/wp\/v2\/media\/4423"}],"wp:attachment":[{"href":"https:\/\/medicinasinc.com\/hr\/wp-json\/wp\/v2\/media?parent=4390"}],"wp:term":[{"taxonomy":"product_brand","embeddable":true,"href":"https:\/\/medicinasinc.com\/hr\/wp-json\/wp\/v2\/product_brand?post=4390"},{"taxonomy":"product_cat","embeddable":true,"href":"https:\/\/medicinasinc.com\/hr\/wp-json\/wp\/v2\/product_cat?post=4390"},{"taxonomy":"product_tag","embeddable":true,"href":"https:\/\/medicinasinc.com\/hr\/wp-json\/wp\/v2\/product_tag?post=4390"}],"curies":[{"name":"wp","href":"https:\/\/api.w.org\/{rel}","templated":true}]}}