{"id":4388,"date":"2022-02-20T08:46:53","date_gmt":"2022-02-20T08:46:53","guid":{"rendered":"https:\/\/medicinasinc.com\/hr\/?post_type=product&#038;p=4388"},"modified":"2022-03-15T06:15:49","modified_gmt":"2022-03-15T06:15:49","slug":"kupiti-visoko-thc-kanabis-ulje-1g-patrona-online","status":"publish","type":"product","link":"https:\/\/medicinasinc.com\/hr\/product\/kupiti-visoko-thc-kanabis-ulje-1g-patrona-online\/","title":{"rendered":"Kupite visoko THC ulje kanabisa 1g Cartridge online"},"content":{"rendered":"<p>Kupite ulo\u017eak od 1 g ulja kanabisa s visokim sadr\u017eajem THC-a na mre\u017ei.<\/p>\n<p>Umjesto da mije\u0161amo na\u0161 kanabis, nudimo patrone u 18 razli\u010ditih sojeva. Ne koristimo nikakve aditive. Na\u0161 kanabis se prirodno uzgaja u premium regiji kanabisa u Sjevernoj Kaliforniji, a zatim se \u010disto ekstrahira pomo\u0107u patentirane metode superkriti\u010dnog CO2.<\/p>\n<p>Ulje kanabisa za medicinsku upotrebu. Hibrid, Sativa i Indica<\/p>\n<p>Medicinske prednosti ulja kanabisa<br \/> Za\u0161tita imunolo\u0161kog sustava Zna\u010dajno pove\u0107ava va\u0161e \u0161anse za remisiju<br \/> Poma\u017ee u stabilizaciji i iskorjenjivanju akutne ili kroni\u010dne boli<br \/> Uklanja potencijalno \u0161tetni farmaceutski protokoli<br \/> Smanjuje ili eliminira rast malignih stanica. Smanjuje ili uklanja mu\u010dninu.<\/p>\n<p>Kanabis je povijesno sadr\u017eavao koncentracije THC-a izme\u0111u 12 i 21%.<\/p>\n<p>Koncentracije CBD-a u ve\u0107ini biljaka kanabisa kre\u0107u se izme\u0111u 0,1 i 0,3 posto. Me\u0111utim, sada su dostupni sojevi kanabisa s vi\u0161im sadr\u017eajem CBD-a, \u0161to Ulje kanabisa bogato CBD-om \u010dini dostupnijim. Ova ulja kanabisa dostupna su za kupnju i mogu se sigurno naru\u010diti online od nas. hash ulje za prodaju online, kako kupiti hash ulje online, high thc ulje za prodaju, naru\u010diti hash ulje online, kupiti hash ulje online, ulo\u017eak hash ulje na prodaju, gdje mogu kupiti thc ulje online, thc hash ulje za prodaju, hash patrone s uljem za prodaju online, gdje kupiti thc ulje online, kupiti patrone s uljem ha\u0161i\u0161a online<\/p>\n<p>Osim toga, ulja bogata CBD-om preferiraju se za stanja kao \u0161to su epilepsija, anksioznost, stres i mu\u010dnina. CBD ulja tako\u0111er \u0107e vam pomo\u0107i da se opustite i pomo\u0107i \u0107e u lije\u010denju nesanice, tenzijske glavobolje, poreme\u0107aja raspolo\u017eenja i poreme\u0107aja pa\u017enje.<\/p>\n<p>Prije nego \u0161to kupite hash online, klju\u010dno je razumjeti u\u010dinak i kako je povezan s njim. kanabisu, i \u0161to ga izdvaja od ostalih proizvoda od korova. Ha\u0161, drugi naziv za &#8220;ha\u0161i\u0161&#8221; u dr\u017eavi, je koncentrat kanabisa koji se prenosi preko smole biljke marihuane. To se posti\u017ee odvajanjem organa soka biljke kanabisa, koji se zajedni\u010dki nazivaju trihomi, od njezinih cvjetova. Poznato je da ovi trihomi sadr\u017ee najve\u0107e koncentracije kanabinoida i terpena, kemijskih spojeva odgovornih za Maryjaneina jedinstvena svojstva i karakteristike. Zbog visoke koncentracije kanabinoida i terpena u ha\u0161i\u0161u, posjeduje izniman kapacitet za stvaranje zapanjuju\u0107ih psihoaktivnih i medicinskih susreta za korisnike kanabisa. Hash ulje je visoko koncentrirani oblik kanabisa koji se mo\u017ee pu\u0161iti, ispariti, konzumirati ili nanositi na ko\u017eu. Povremeno se kori\u0161tenje ha\u0161i\u0161 ulja naziva &#8220;dohva\u0107anjem&#8221; ili &#8220;konzumacijom&#8221;. Hash ulje se dobiva iz biljaka kanabisa i sadr\u017ei THC (delta-9-tetrahidrokanabinol), isti revolucionarni spoj koji se nalazi u drugim Maryjane proizvodima. Ipak, ha\u0161ino ulje je sna\u017enije, sadr\u017ei do 90% \u010distog THC-a. Naravno, u drugim dijelovima biljke kanabis sadr\u017eaj THC-a je obi\u010dno oko 12%. Pouzdana ekstrakcija CO2 trenutno je naju\u010dinkovitija metoda ekstrakcije THC ulja. Osim toga, to je naj\u010de\u0161\u0107a i najsigurnija metoda za proizvodnju ulja od kanabisa, destilata i kamiona za \u017eive gume. Razlog za\u0161to je toliko rasprostranjen ovih dana je taj \u0161to ovo THC ulje ne sadr\u017ei dodatna otapala kao \u0161to su liker ili butan. Ve\u0107ina THC ulja sadr\u017ei vrstu smanjene spremnosti. To je potrebno kako bi se osiguralo da ulje zadr\u017ei idealnu konzistenciju za vaping. Najzna\u010dajniji stru\u010dnjaci za smanjenje su biljni glicerin i propilen glikol (VG i PG), koji se obi\u010dno nalaze u standardnoj e-teku\u0107ini. Neki sadr\u017ee razna punila kao \u0161to su PEG i, u novije vrijeme, TEC Temper, \u0161to je jo\u0161 jedno stanje koje potje\u010de od prirodnih terpena. Hash ulje je dostupno za kupnju.<\/p>\n","protected":false},"excerpt":{"rendered":"<p>Kupite visoko THC ulje marihuane za prodaju UK, Europa online. Kupite 100% \u010disto thc ulje kanabisa za prodaju SAD. Ulje konoplje punog spektra. THC uljani rak na prodaju.Potencija: 85% THC &amp; 15% CBD<\/p>\n<p>cijena proizvoda je kao: po 5 ulo\u017eaka<\/p>\n<p>Minimalna koli\u010dina za narud\u017ebu je: 5 ulo\u017eaka<\/p>\n","protected":false},"featured_media":4423,"comment_status":"open","ping_status":"closed","template":"","meta":[],"product_brand":[],"product_cat":[440],"product_tag":[],"class_list":{"0":"post-4388","1":"product","2":"type-product","3":"status-publish","4":"has-post-thumbnail","6":"product_cat-kupi-kanabis-cbd-ulje","8":"first","9":"instock","10":"shipping-taxable","11":"purchasable","12":"product-type-variable","13":"has-default-attributes"},"yoast_head":"<!-- This site is optimized with the Yoast SEO plugin v27.3 - https:\/\/yoast.com\/product\/yoast-seo-wordpress\/ -->\n<title>Kupite visoko THC ulje kanabisa 1g ulo\u017eak na mre\u017ei - najbolji svjetski lijekovi<\/title>\n<meta name=\"description\" content=\"Kupite visoko THC ulje marihuane za prodaju UK, Europa online. Kupite 100% \u010disto thc ulje kanabisa za prodaju SAD. Ulje konoplje punog spektra. THC uljani rak na prodaju.Potencija: 85% THC &amp; 15% CBD-a\" \/>\n<meta name=\"robots\" content=\"index, follow, max-snippet:-1, max-image-preview:large, max-video-preview:-1\" \/>\n<link rel=\"canonical\" href=\"https:\/\/medicinasinc.com\/hr\/product\/kupiti-visoko-thc-kanabis-ulje-1g-patrona-online\/\" \/>\n<meta property=\"og:locale\" content=\"hr_HR\" \/>\n<meta property=\"og:type\" content=\"article\" \/>\n<meta property=\"og:title\" content=\"Kupite visoko THC ulje kanabisa 1g ulo\u017eak na mre\u017ei - najbolji svjetski lijekovi\" \/>\n<meta property=\"og:description\" content=\"Kupite visoko THC ulje marihuane za prodaju UK, Europa online. Kupite 100% \u010disto thc ulje kanabisa za prodaju SAD. Ulje konoplje punog spektra. THC uljani rak na prodaju.Potencija: 85% THC &amp; 15% CBD-a\" \/>\n<meta property=\"og:url\" content=\"https:\/\/medicinasinc.com\/hr\/product\/kupiti-visoko-thc-kanabis-ulje-1g-patrona-online\/\" \/>\n<meta property=\"og:site_name\" content=\"Medicinas Inc\" \/>\n<meta property=\"article:modified_time\" content=\"2022-03-15T06:15:49+00:00\" \/>\n<meta property=\"og:image\" content=\"https:\/\/medicinasinc.com\/hr\/wp-content\/uploads\/sites\/3\/2022\/02\/Buy-High-THC-Cannabis-Oil-1g-cartridge-online.jpg\" \/>\n\t<meta property=\"og:image:width\" content=\"600\" \/>\n\t<meta property=\"og:image:height\" content=\"600\" \/>\n\t<meta property=\"og:image:type\" content=\"image\/jpeg\" \/>\n<meta name=\"twitter:card\" content=\"summary_large_image\" \/>\n<meta name=\"twitter:label1\" content=\"Procijenjeno vrijeme \u010ditanja\" \/>\n\t<meta name=\"twitter:data1\" content=\"3 minute\" \/>\n<script type=\"application\/ld+json\" class=\"yoast-schema-graph\">{\"@context\":\"https:\\\/\\\/schema.org\",\"@graph\":[{\"@type\":\"WebPage\",\"@id\":\"https:\\\/\\\/medicinasinc.com\\\/hr\\\/product\\\/kupiti-visoko-thc-kanabis-ulje-1g-patrona-online\\\/\",\"url\":\"https:\\\/\\\/medicinasinc.com\\\/hr\\\/product\\\/kupiti-visoko-thc-kanabis-ulje-1g-patrona-online\\\/\",\"name\":\"Kupite visoko THC ulje kanabisa 1g ulo\u017eak na mre\u017ei - najbolji svjetski lijekovi\",\"isPartOf\":{\"@id\":\"https:\\\/\\\/medicinasinc.com\\\/hr\\\/#website\"},\"primaryImageOfPage\":{\"@id\":\"https:\\\/\\\/medicinasinc.com\\\/hr\\\/product\\\/kupiti-visoko-thc-kanabis-ulje-1g-patrona-online\\\/#primaryimage\"},\"image\":{\"@id\":\"https:\\\/\\\/medicinasinc.com\\\/hr\\\/product\\\/kupiti-visoko-thc-kanabis-ulje-1g-patrona-online\\\/#primaryimage\"},\"thumbnailUrl\":\"https:\\\/\\\/medicinasinc.com\\\/hr\\\/wp-content\\\/uploads\\\/sites\\\/3\\\/2022\\\/02\\\/Buy-High-THC-Cannabis-Oil-1g-cartridge-online.jpg\",\"datePublished\":\"2022-02-20T08:46:53+00:00\",\"dateModified\":\"2022-03-15T06:15:49+00:00\",\"description\":\"Kupite visoko THC ulje marihuane za prodaju UK, Europa online. Kupite 100% \u010disto thc ulje kanabisa za prodaju SAD. Ulje konoplje punog spektra. THC uljani rak na prodaju.Potencija: 85% THC &amp; 15% CBD-a\",\"breadcrumb\":{\"@id\":\"https:\\\/\\\/medicinasinc.com\\\/hr\\\/product\\\/kupiti-visoko-thc-kanabis-ulje-1g-patrona-online\\\/#breadcrumb\"},\"inLanguage\":\"hr\",\"potentialAction\":[{\"@type\":\"ReadAction\",\"target\":[\"https:\\\/\\\/medicinasinc.com\\\/hr\\\/product\\\/kupiti-visoko-thc-kanabis-ulje-1g-patrona-online\\\/\"]}]},{\"@type\":\"ImageObject\",\"inLanguage\":\"hr\",\"@id\":\"https:\\\/\\\/medicinasinc.com\\\/hr\\\/product\\\/kupiti-visoko-thc-kanabis-ulje-1g-patrona-online\\\/#primaryimage\",\"url\":\"https:\\\/\\\/medicinasinc.com\\\/hr\\\/wp-content\\\/uploads\\\/sites\\\/3\\\/2022\\\/02\\\/Buy-High-THC-Cannabis-Oil-1g-cartridge-online.jpg\",\"contentUrl\":\"https:\\\/\\\/medicinasinc.com\\\/hr\\\/wp-content\\\/uploads\\\/sites\\\/3\\\/2022\\\/02\\\/Buy-High-THC-Cannabis-Oil-1g-cartridge-online.jpg\",\"width\":600,\"height\":600},{\"@type\":\"BreadcrumbList\",\"@id\":\"https:\\\/\\\/medicinasinc.com\\\/hr\\\/product\\\/kupiti-visoko-thc-kanabis-ulje-1g-patrona-online\\\/#breadcrumb\",\"itemListElement\":[{\"@type\":\"ListItem\",\"position\":1,\"name\":\"Du\u0107an\",\"item\":\"https:\\\/\\\/medicinasinc.com\\\/hr\\\/ducan\\\/\"},{\"@type\":\"ListItem\",\"position\":2,\"name\":\"Kupite visoko THC ulje kanabisa 1g Cartridge online\"}]},{\"@type\":\"WebSite\",\"@id\":\"https:\\\/\\\/medicinasinc.com\\\/hr\\\/#website\",\"url\":\"https:\\\/\\\/medicinasinc.com\\\/hr\\\/\",\"name\":\"Medicinas Inc\",\"description\":\"Health Medical Clinic\",\"potentialAction\":[{\"@type\":\"SearchAction\",\"target\":{\"@type\":\"EntryPoint\",\"urlTemplate\":\"https:\\\/\\\/medicinasinc.com\\\/hr\\\/?s={search_term_string}\"},\"query-input\":{\"@type\":\"PropertyValueSpecification\",\"valueRequired\":true,\"valueName\":\"search_term_string\"}}],\"inLanguage\":\"hr\"}]}<\/script>\n<!-- \/ Yoast SEO plugin. -->","yoast_head_json":{"title":"Kupite visoko THC ulje kanabisa 1g ulo\u017eak na mre\u017ei - najbolji svjetski lijekovi","description":"Kupite visoko THC ulje marihuane za prodaju UK, Europa online. Kupite 100% \u010disto thc ulje kanabisa za prodaju SAD. Ulje konoplje punog spektra. THC uljani rak na prodaju.Potencija: 85% THC &amp; 15% CBD-a","robots":{"index":"index","follow":"follow","max-snippet":"max-snippet:-1","max-image-preview":"max-image-preview:large","max-video-preview":"max-video-preview:-1"},"canonical":"https:\/\/medicinasinc.com\/hr\/product\/kupiti-visoko-thc-kanabis-ulje-1g-patrona-online\/","og_locale":"hr_HR","og_type":"article","og_title":"Kupite visoko THC ulje kanabisa 1g ulo\u017eak na mre\u017ei - najbolji svjetski lijekovi","og_description":"Kupite visoko THC ulje marihuane za prodaju UK, Europa online. Kupite 100% \u010disto thc ulje kanabisa za prodaju SAD. Ulje konoplje punog spektra. THC uljani rak na prodaju.Potencija: 85% THC &amp; 15% CBD-a","og_url":"https:\/\/medicinasinc.com\/hr\/product\/kupiti-visoko-thc-kanabis-ulje-1g-patrona-online\/","og_site_name":"Medicinas Inc","article_modified_time":"2022-03-15T06:15:49+00:00","og_image":[{"width":600,"height":600,"url":"https:\/\/medicinasinc.com\/hr\/wp-content\/uploads\/sites\/3\/2022\/02\/Buy-High-THC-Cannabis-Oil-1g-cartridge-online.jpg","type":"image\/jpeg"}],"twitter_card":"summary_large_image","twitter_misc":{"Procijenjeno vrijeme \u010ditanja":"3 minute"},"schema":{"@context":"https:\/\/schema.org","@graph":[{"@type":"WebPage","@id":"https:\/\/medicinasinc.com\/hr\/product\/kupiti-visoko-thc-kanabis-ulje-1g-patrona-online\/","url":"https:\/\/medicinasinc.com\/hr\/product\/kupiti-visoko-thc-kanabis-ulje-1g-patrona-online\/","name":"Kupite visoko THC ulje kanabisa 1g ulo\u017eak na mre\u017ei - najbolji svjetski lijekovi","isPartOf":{"@id":"https:\/\/medicinasinc.com\/hr\/#website"},"primaryImageOfPage":{"@id":"https:\/\/medicinasinc.com\/hr\/product\/kupiti-visoko-thc-kanabis-ulje-1g-patrona-online\/#primaryimage"},"image":{"@id":"https:\/\/medicinasinc.com\/hr\/product\/kupiti-visoko-thc-kanabis-ulje-1g-patrona-online\/#primaryimage"},"thumbnailUrl":"https:\/\/medicinasinc.com\/hr\/wp-content\/uploads\/sites\/3\/2022\/02\/Buy-High-THC-Cannabis-Oil-1g-cartridge-online.jpg","datePublished":"2022-02-20T08:46:53+00:00","dateModified":"2022-03-15T06:15:49+00:00","description":"Kupite visoko THC ulje marihuane za prodaju UK, Europa online. Kupite 100% \u010disto thc ulje kanabisa za prodaju SAD. Ulje konoplje punog spektra. THC uljani rak na prodaju.Potencija: 85% THC &amp; 15% CBD-a","breadcrumb":{"@id":"https:\/\/medicinasinc.com\/hr\/product\/kupiti-visoko-thc-kanabis-ulje-1g-patrona-online\/#breadcrumb"},"inLanguage":"hr","potentialAction":[{"@type":"ReadAction","target":["https:\/\/medicinasinc.com\/hr\/product\/kupiti-visoko-thc-kanabis-ulje-1g-patrona-online\/"]}]},{"@type":"ImageObject","inLanguage":"hr","@id":"https:\/\/medicinasinc.com\/hr\/product\/kupiti-visoko-thc-kanabis-ulje-1g-patrona-online\/#primaryimage","url":"https:\/\/medicinasinc.com\/hr\/wp-content\/uploads\/sites\/3\/2022\/02\/Buy-High-THC-Cannabis-Oil-1g-cartridge-online.jpg","contentUrl":"https:\/\/medicinasinc.com\/hr\/wp-content\/uploads\/sites\/3\/2022\/02\/Buy-High-THC-Cannabis-Oil-1g-cartridge-online.jpg","width":600,"height":600},{"@type":"BreadcrumbList","@id":"https:\/\/medicinasinc.com\/hr\/product\/kupiti-visoko-thc-kanabis-ulje-1g-patrona-online\/#breadcrumb","itemListElement":[{"@type":"ListItem","position":1,"name":"Du\u0107an","item":"https:\/\/medicinasinc.com\/hr\/ducan\/"},{"@type":"ListItem","position":2,"name":"Kupite visoko THC ulje kanabisa 1g Cartridge online"}]},{"@type":"WebSite","@id":"https:\/\/medicinasinc.com\/hr\/#website","url":"https:\/\/medicinasinc.com\/hr\/","name":"Medicinas Inc","description":"Health Medical Clinic","potentialAction":[{"@type":"SearchAction","target":{"@type":"EntryPoint","urlTemplate":"https:\/\/medicinasinc.com\/hr\/?s={search_term_string}"},"query-input":{"@type":"PropertyValueSpecification","valueRequired":true,"valueName":"search_term_string"}}],"inLanguage":"hr"}]}},"_links":{"self":[{"href":"https:\/\/medicinasinc.com\/hr\/wp-json\/wp\/v2\/product\/4388","targetHints":{"allow":["GET"]}}],"collection":[{"href":"https:\/\/medicinasinc.com\/hr\/wp-json\/wp\/v2\/product"}],"about":[{"href":"https:\/\/medicinasinc.com\/hr\/wp-json\/wp\/v2\/types\/product"}],"replies":[{"embeddable":true,"href":"https:\/\/medicinasinc.com\/hr\/wp-json\/wp\/v2\/comments?post=4388"}],"wp:featuredmedia":[{"embeddable":true,"href":"https:\/\/medicinasinc.com\/hr\/wp-json\/wp\/v2\/media\/4423"}],"wp:attachment":[{"href":"https:\/\/medicinasinc.com\/hr\/wp-json\/wp\/v2\/media?parent=4388"}],"wp:term":[{"taxonomy":"product_brand","embeddable":true,"href":"https:\/\/medicinasinc.com\/hr\/wp-json\/wp\/v2\/product_brand?post=4388"},{"taxonomy":"product_cat","embeddable":true,"href":"https:\/\/medicinasinc.com\/hr\/wp-json\/wp\/v2\/product_cat?post=4388"},{"taxonomy":"product_tag","embeddable":true,"href":"https:\/\/medicinasinc.com\/hr\/wp-json\/wp\/v2\/product_tag?post=4388"}],"curies":[{"name":"wp","href":"https:\/\/api.w.org\/{rel}","templated":true}]}}