{"id":4375,"date":"2022-02-20T08:40:25","date_gmt":"2022-02-20T08:40:25","guid":{"rendered":"https:\/\/medicinasinc.com\/hr\/?post_type=product&#038;p=4375"},"modified":"2022-03-15T06:15:57","modified_gmt":"2022-03-15T06:15:57","slug":"kupiti-visoko-cbd-premium-co2-ekstrahirano-ulje","status":"publish","type":"product","link":"https:\/\/medicinasinc.com\/hr\/product\/kupiti-visoko-cbd-premium-co2-ekstrahirano-ulje\/","title":{"rendered":"Kupite visoko CBD Premium CO2 ekstrahirano ulje"},"content":{"rendered":"<p>Kupite visoko CBD Premium CO2 ekstrahirano ulje online u Sjedinjenim Ameri\u010dkim Dr\u017eavama.<\/p>\n<p>Kupite visoko CBD Premium CO2 ekstrahirano ulje online u Sjedinjenim Ameri\u010dkim Dr\u017eavama.<\/p>\n<p>Kanabinoidi su kanabinoidi. ekstrahirano pomo\u0107u CO2. \u010cini se da rezultira uljem koje je mnogo ugodnije za udisanje i bez grubosti.<br \/>Ova serija lijeka potje\u010de od ACDC-a, soja kanabisa poznatog po visokom sadr\u017eaju CBD-a.<\/p>\n","protected":false},"excerpt":{"rendered":"<p>Kupite visoko CBD Premium CO2 ekstrahirano ulje za prodaju UK, Europa online. Ukupni aktivni kanabinoidi 80% THC:24% CBD:56% CO2 ulo\u017eak za ekstrakciju marihuane.<\/p>\n<h3>Kupite THC patrone s kanabisovim uljem<\/h3>\n<p>cijena proizvoda je kao: za 5 ulo\u017eaka<br \/> <strong>Minimalna koli\u010dina za narud\u017ebu je: 5 ulo\u017eaka<\/strong><\/p>\n","protected":false},"featured_media":4411,"comment_status":"open","ping_status":"closed","template":"","meta":[],"product_brand":[],"product_cat":[440],"product_tag":[],"class_list":{"0":"post-4375","1":"product","2":"type-product","3":"status-publish","4":"has-post-thumbnail","6":"product_cat-kupi-kanabis-cbd-ulje","8":"first","9":"instock","10":"shipping-taxable","11":"purchasable","12":"product-type-variable","13":"has-default-attributes"},"yoast_head":"<!-- This site is optimized with the Yoast SEO plugin v27.3 - https:\/\/yoast.com\/product\/yoast-seo-wordpress\/ -->\n<title>Kupite visoko CBD Premium CO2 ekstrahirano ulje - najbolji svjetski lijekovi<\/title>\n<meta name=\"description\" content=\"Kupite visoko CBD Premium CO2 ekstrahirano ulje za prodaju UK, Europa online. Ukupni aktivni kanabinoidi 80% THC:24% CBD:56% CO2 ulo\u017eak za ekstrakciju marihuane.\" \/>\n<meta name=\"robots\" content=\"index, follow, max-snippet:-1, max-image-preview:large, max-video-preview:-1\" \/>\n<link rel=\"canonical\" href=\"https:\/\/medicinasinc.com\/hr\/product\/kupiti-visoko-cbd-premium-co2-ekstrahirano-ulje\/\" \/>\n<meta property=\"og:locale\" content=\"hr_HR\" \/>\n<meta property=\"og:type\" content=\"article\" \/>\n<meta property=\"og:title\" content=\"Kupite visoko CBD Premium CO2 ekstrahirano ulje - najbolji svjetski lijekovi\" \/>\n<meta property=\"og:description\" content=\"Kupite visoko CBD Premium CO2 ekstrahirano ulje za prodaju UK, Europa online. Ukupni aktivni kanabinoidi 80% THC:24% CBD:56% CO2 ulo\u017eak za ekstrakciju marihuane.\" \/>\n<meta property=\"og:url\" content=\"https:\/\/medicinasinc.com\/hr\/product\/kupiti-visoko-cbd-premium-co2-ekstrahirano-ulje\/\" \/>\n<meta property=\"og:site_name\" content=\"Medicinas Inc\" \/>\n<meta property=\"article:modified_time\" content=\"2022-03-15T06:15:57+00:00\" \/>\n<meta property=\"og:image\" content=\"https:\/\/medicinasinc.com\/hr\/wp-content\/uploads\/sites\/3\/2022\/02\/Buy-High-CBD-Premium-CO2-Extracted-Oil.jpg\" \/>\n\t<meta property=\"og:image:width\" content=\"770\" \/>\n\t<meta property=\"og:image:height\" content=\"686\" \/>\n\t<meta property=\"og:image:type\" content=\"image\/jpeg\" \/>\n<meta name=\"twitter:card\" content=\"summary_large_image\" \/>\n<meta name=\"twitter:label1\" content=\"Procijenjeno vrijeme \u010ditanja\" \/>\n\t<meta name=\"twitter:data1\" content=\"1 minuta\" \/>\n<script type=\"application\/ld+json\" class=\"yoast-schema-graph\">{\"@context\":\"https:\\\/\\\/schema.org\",\"@graph\":[{\"@type\":\"WebPage\",\"@id\":\"https:\\\/\\\/medicinasinc.com\\\/hr\\\/product\\\/kupiti-visoko-cbd-premium-co2-ekstrahirano-ulje\\\/\",\"url\":\"https:\\\/\\\/medicinasinc.com\\\/hr\\\/product\\\/kupiti-visoko-cbd-premium-co2-ekstrahirano-ulje\\\/\",\"name\":\"Kupite visoko CBD Premium CO2 ekstrahirano ulje - najbolji svjetski lijekovi\",\"isPartOf\":{\"@id\":\"https:\\\/\\\/medicinasinc.com\\\/hr\\\/#website\"},\"primaryImageOfPage\":{\"@id\":\"https:\\\/\\\/medicinasinc.com\\\/hr\\\/product\\\/kupiti-visoko-cbd-premium-co2-ekstrahirano-ulje\\\/#primaryimage\"},\"image\":{\"@id\":\"https:\\\/\\\/medicinasinc.com\\\/hr\\\/product\\\/kupiti-visoko-cbd-premium-co2-ekstrahirano-ulje\\\/#primaryimage\"},\"thumbnailUrl\":\"https:\\\/\\\/medicinasinc.com\\\/hr\\\/wp-content\\\/uploads\\\/sites\\\/3\\\/2022\\\/02\\\/Buy-High-CBD-Premium-CO2-Extracted-Oil.jpg\",\"datePublished\":\"2022-02-20T08:40:25+00:00\",\"dateModified\":\"2022-03-15T06:15:57+00:00\",\"description\":\"Kupite visoko CBD Premium CO2 ekstrahirano ulje za prodaju UK, Europa online. Ukupni aktivni kanabinoidi 80% THC:24% CBD:56% CO2 ulo\u017eak za ekstrakciju marihuane.\",\"breadcrumb\":{\"@id\":\"https:\\\/\\\/medicinasinc.com\\\/hr\\\/product\\\/kupiti-visoko-cbd-premium-co2-ekstrahirano-ulje\\\/#breadcrumb\"},\"inLanguage\":\"hr\",\"potentialAction\":[{\"@type\":\"ReadAction\",\"target\":[\"https:\\\/\\\/medicinasinc.com\\\/hr\\\/product\\\/kupiti-visoko-cbd-premium-co2-ekstrahirano-ulje\\\/\"]}]},{\"@type\":\"ImageObject\",\"inLanguage\":\"hr\",\"@id\":\"https:\\\/\\\/medicinasinc.com\\\/hr\\\/product\\\/kupiti-visoko-cbd-premium-co2-ekstrahirano-ulje\\\/#primaryimage\",\"url\":\"https:\\\/\\\/medicinasinc.com\\\/hr\\\/wp-content\\\/uploads\\\/sites\\\/3\\\/2022\\\/02\\\/Buy-High-CBD-Premium-CO2-Extracted-Oil.jpg\",\"contentUrl\":\"https:\\\/\\\/medicinasinc.com\\\/hr\\\/wp-content\\\/uploads\\\/sites\\\/3\\\/2022\\\/02\\\/Buy-High-CBD-Premium-CO2-Extracted-Oil.jpg\",\"width\":770,\"height\":686},{\"@type\":\"BreadcrumbList\",\"@id\":\"https:\\\/\\\/medicinasinc.com\\\/hr\\\/product\\\/kupiti-visoko-cbd-premium-co2-ekstrahirano-ulje\\\/#breadcrumb\",\"itemListElement\":[{\"@type\":\"ListItem\",\"position\":1,\"name\":\"Du\u0107an\",\"item\":\"https:\\\/\\\/medicinasinc.com\\\/hr\\\/ducan\\\/\"},{\"@type\":\"ListItem\",\"position\":2,\"name\":\"Kupite visoko CBD Premium CO2 ekstrahirano ulje\"}]},{\"@type\":\"WebSite\",\"@id\":\"https:\\\/\\\/medicinasinc.com\\\/hr\\\/#website\",\"url\":\"https:\\\/\\\/medicinasinc.com\\\/hr\\\/\",\"name\":\"Medicinas Inc\",\"description\":\"Health Medical Clinic\",\"potentialAction\":[{\"@type\":\"SearchAction\",\"target\":{\"@type\":\"EntryPoint\",\"urlTemplate\":\"https:\\\/\\\/medicinasinc.com\\\/hr\\\/?s={search_term_string}\"},\"query-input\":{\"@type\":\"PropertyValueSpecification\",\"valueRequired\":true,\"valueName\":\"search_term_string\"}}],\"inLanguage\":\"hr\"}]}<\/script>\n<!-- \/ Yoast SEO plugin. -->","yoast_head_json":{"title":"Kupite visoko CBD Premium CO2 ekstrahirano ulje - najbolji svjetski lijekovi","description":"Kupite visoko CBD Premium CO2 ekstrahirano ulje za prodaju UK, Europa online. Ukupni aktivni kanabinoidi 80% THC:24% CBD:56% CO2 ulo\u017eak za ekstrakciju marihuane.","robots":{"index":"index","follow":"follow","max-snippet":"max-snippet:-1","max-image-preview":"max-image-preview:large","max-video-preview":"max-video-preview:-1"},"canonical":"https:\/\/medicinasinc.com\/hr\/product\/kupiti-visoko-cbd-premium-co2-ekstrahirano-ulje\/","og_locale":"hr_HR","og_type":"article","og_title":"Kupite visoko CBD Premium CO2 ekstrahirano ulje - najbolji svjetski lijekovi","og_description":"Kupite visoko CBD Premium CO2 ekstrahirano ulje za prodaju UK, Europa online. Ukupni aktivni kanabinoidi 80% THC:24% CBD:56% CO2 ulo\u017eak za ekstrakciju marihuane.","og_url":"https:\/\/medicinasinc.com\/hr\/product\/kupiti-visoko-cbd-premium-co2-ekstrahirano-ulje\/","og_site_name":"Medicinas Inc","article_modified_time":"2022-03-15T06:15:57+00:00","og_image":[{"width":770,"height":686,"url":"https:\/\/medicinasinc.com\/hr\/wp-content\/uploads\/sites\/3\/2022\/02\/Buy-High-CBD-Premium-CO2-Extracted-Oil.jpg","type":"image\/jpeg"}],"twitter_card":"summary_large_image","twitter_misc":{"Procijenjeno vrijeme \u010ditanja":"1 minuta"},"schema":{"@context":"https:\/\/schema.org","@graph":[{"@type":"WebPage","@id":"https:\/\/medicinasinc.com\/hr\/product\/kupiti-visoko-cbd-premium-co2-ekstrahirano-ulje\/","url":"https:\/\/medicinasinc.com\/hr\/product\/kupiti-visoko-cbd-premium-co2-ekstrahirano-ulje\/","name":"Kupite visoko CBD Premium CO2 ekstrahirano ulje - najbolji svjetski lijekovi","isPartOf":{"@id":"https:\/\/medicinasinc.com\/hr\/#website"},"primaryImageOfPage":{"@id":"https:\/\/medicinasinc.com\/hr\/product\/kupiti-visoko-cbd-premium-co2-ekstrahirano-ulje\/#primaryimage"},"image":{"@id":"https:\/\/medicinasinc.com\/hr\/product\/kupiti-visoko-cbd-premium-co2-ekstrahirano-ulje\/#primaryimage"},"thumbnailUrl":"https:\/\/medicinasinc.com\/hr\/wp-content\/uploads\/sites\/3\/2022\/02\/Buy-High-CBD-Premium-CO2-Extracted-Oil.jpg","datePublished":"2022-02-20T08:40:25+00:00","dateModified":"2022-03-15T06:15:57+00:00","description":"Kupite visoko CBD Premium CO2 ekstrahirano ulje za prodaju UK, Europa online. Ukupni aktivni kanabinoidi 80% THC:24% CBD:56% CO2 ulo\u017eak za ekstrakciju marihuane.","breadcrumb":{"@id":"https:\/\/medicinasinc.com\/hr\/product\/kupiti-visoko-cbd-premium-co2-ekstrahirano-ulje\/#breadcrumb"},"inLanguage":"hr","potentialAction":[{"@type":"ReadAction","target":["https:\/\/medicinasinc.com\/hr\/product\/kupiti-visoko-cbd-premium-co2-ekstrahirano-ulje\/"]}]},{"@type":"ImageObject","inLanguage":"hr","@id":"https:\/\/medicinasinc.com\/hr\/product\/kupiti-visoko-cbd-premium-co2-ekstrahirano-ulje\/#primaryimage","url":"https:\/\/medicinasinc.com\/hr\/wp-content\/uploads\/sites\/3\/2022\/02\/Buy-High-CBD-Premium-CO2-Extracted-Oil.jpg","contentUrl":"https:\/\/medicinasinc.com\/hr\/wp-content\/uploads\/sites\/3\/2022\/02\/Buy-High-CBD-Premium-CO2-Extracted-Oil.jpg","width":770,"height":686},{"@type":"BreadcrumbList","@id":"https:\/\/medicinasinc.com\/hr\/product\/kupiti-visoko-cbd-premium-co2-ekstrahirano-ulje\/#breadcrumb","itemListElement":[{"@type":"ListItem","position":1,"name":"Du\u0107an","item":"https:\/\/medicinasinc.com\/hr\/ducan\/"},{"@type":"ListItem","position":2,"name":"Kupite visoko CBD Premium CO2 ekstrahirano ulje"}]},{"@type":"WebSite","@id":"https:\/\/medicinasinc.com\/hr\/#website","url":"https:\/\/medicinasinc.com\/hr\/","name":"Medicinas Inc","description":"Health Medical Clinic","potentialAction":[{"@type":"SearchAction","target":{"@type":"EntryPoint","urlTemplate":"https:\/\/medicinasinc.com\/hr\/?s={search_term_string}"},"query-input":{"@type":"PropertyValueSpecification","valueRequired":true,"valueName":"search_term_string"}}],"inLanguage":"hr"}]}},"_links":{"self":[{"href":"https:\/\/medicinasinc.com\/hr\/wp-json\/wp\/v2\/product\/4375","targetHints":{"allow":["GET"]}}],"collection":[{"href":"https:\/\/medicinasinc.com\/hr\/wp-json\/wp\/v2\/product"}],"about":[{"href":"https:\/\/medicinasinc.com\/hr\/wp-json\/wp\/v2\/types\/product"}],"replies":[{"embeddable":true,"href":"https:\/\/medicinasinc.com\/hr\/wp-json\/wp\/v2\/comments?post=4375"}],"wp:featuredmedia":[{"embeddable":true,"href":"https:\/\/medicinasinc.com\/hr\/wp-json\/wp\/v2\/media\/4411"}],"wp:attachment":[{"href":"https:\/\/medicinasinc.com\/hr\/wp-json\/wp\/v2\/media?parent=4375"}],"wp:term":[{"taxonomy":"product_brand","embeddable":true,"href":"https:\/\/medicinasinc.com\/hr\/wp-json\/wp\/v2\/product_brand?post=4375"},{"taxonomy":"product_cat","embeddable":true,"href":"https:\/\/medicinasinc.com\/hr\/wp-json\/wp\/v2\/product_cat?post=4375"},{"taxonomy":"product_tag","embeddable":true,"href":"https:\/\/medicinasinc.com\/hr\/wp-json\/wp\/v2\/product_tag?post=4375"}],"curies":[{"name":"wp","href":"https:\/\/api.w.org\/{rel}","templated":true}]}}