{"id":4374,"date":"2022-02-20T08:40:15","date_gmt":"2022-02-20T08:40:15","guid":{"rendered":"https:\/\/medicinasinc.com\/hr\/?post_type=product&#038;p=4374"},"modified":"2022-03-15T06:16:08","modified_gmt":"2022-03-15T06:16:08","slug":"kupi-harlekin-co2-ulje-1g-patronu","status":"publish","type":"product","link":"https:\/\/medicinasinc.com\/hr\/product\/kupi-harlekin-co2-ulje-1g-patronu\/","title":{"rendered":"Kupite ulo\u017eak Harlequin CO2 Oil 1g"},"content":{"rendered":"<p>Online kupnja Harlequin CO2 Oil Cartridge 1g.<\/p>\n<p>Online kupnja Harlequin CO2 Oil Cartridge 1g Cartridge.<\/p>\n<p>Online kupnja ulo\u017eaka Harlequin CO2 ulja. 13,02 posto THCA | 6,54 posto THC-a | 49,10 posto CBDA | 5,35 posto CBD-a<\/p>\n<p>Harlequin je blago psihoaktivna vrsta s dominantnom Sativom s pr\u017eenim ora\u0161astim plodovima, \u010dokoladom i, \u0161to je najva\u017enije, cvjetovima s mirisom tre\u0161nje. Harlequin je soj s visokim sadr\u017eajem CBD-a sa zanemarivim psihoaktivnim i analgetskim svojstvima. Harlekin se \u010desto koristi za lije\u010denje boli i prikladan je za dnevnu upotrebu zbog visokog sadr\u017eaja CBD-a i bistrih u\u010dinaka.<\/p>\n<p>KOLUMBJSKO ZLATO + NEPALSKI + TAJANSKI + \u0160VICACARSKI LANDRACE LOZA<\/p>\n<p>ZEMLJA \u2013 LIKON \u2013 DRVENI \u2013 OKUSI MANGA<\/p>\n<p>BOL \u2013 STRES \u2013 UPALA \u2013 DEPRESIJA \u2013 MU\u010cNINA \u2013 MEDICINSKI<\/p>\n<p>PODI\u017dAN \u2013 OPU\u0160TEN \u2013 BLEK \u2013 Usredoto\u010den \u2013 OP\u0106ENITO SRETAN\/p<\/p>\n","protected":false},"excerpt":{"rendered":"<p>Kupite Harlequin Co2 patrone za prodaju, harlequin vape ulo\u017eak, harlequin cbd vape ulo\u017eak, &#8230; Kupite THC ulo\u0161ke za Vape Pen, THC ulo\u0161ke za prodaju na mre\u017ei. Kupite ulo\u017eak Harlequin CO2 Oil 1g online. UK THC patrone za prodaju. Kupite patrone za co2 Vape ulje.<\/p>\n<h2>Kupite THC patrone s uljem kanabisa<\/h2>\n<p>cijena proizvoda je kao: po ulo\u0161ku od 1 g<br \/> <strong>Minimalna koli\u010dina narud\u017ebe je: 5 ulo\u017eaka<\/p>\n","protected":false},"featured_media":4409,"comment_status":"open","ping_status":"closed","template":"","meta":[],"product_brand":[],"product_cat":[440],"product_tag":[],"class_list":{"0":"post-4374","1":"product","2":"type-product","3":"status-publish","4":"has-post-thumbnail","6":"product_cat-kupi-kanabis-cbd-ulje","8":"first","9":"instock","10":"shipping-taxable","11":"purchasable","12":"product-type-variable","13":"has-default-attributes"},"yoast_head":"<!-- This site is optimized with the Yoast SEO plugin v27.3 - https:\/\/yoast.com\/product\/yoast-seo-wordpress\/ -->\n<title>Kupite ulo\u017eak Harlequin CO2 Oil 1g online - najbolji svjetski lijekovi<\/title>\n<meta name=\"description\" content=\"Kupite Harlequin Co2 patrone za prodaju, harlequin vape patrone, harlequin cbd vape ulo\u0161ke, ... Kupujte THC Vape Pen ulo\u0161ke ulo\u0161ke, THC patrone za prodaju online. Kupite ulo\u017eak Harlequin CO2 Oil 1g online. UK THC patrone za prodaju. Kupite CO2 Vape ulo\u0161ke za ulje.\" \/>\n<meta name=\"robots\" content=\"index, follow, max-snippet:-1, max-image-preview:large, max-video-preview:-1\" \/>\n<link rel=\"canonical\" href=\"https:\/\/medicinasinc.com\/hr\/product\/kupi-harlekin-co2-ulje-1g-patronu\/\" \/>\n<meta property=\"og:locale\" content=\"hr_HR\" \/>\n<meta property=\"og:type\" content=\"article\" \/>\n<meta property=\"og:title\" content=\"Kupite ulo\u017eak Harlequin CO2 Oil 1g online - najbolji svjetski lijekovi\" \/>\n<meta property=\"og:description\" content=\"Kupite Harlequin Co2 patrone za prodaju, harlequin vape patrone, harlequin cbd vape ulo\u0161ke, ... Kupujte THC Vape Pen ulo\u0161ke ulo\u0161ke, THC patrone za prodaju online. Kupite ulo\u017eak Harlequin CO2 Oil 1g online. UK THC patrone za prodaju. Kupite CO2 Vape ulo\u0161ke za ulje.\" \/>\n<meta property=\"og:url\" content=\"https:\/\/medicinasinc.com\/hr\/product\/kupi-harlekin-co2-ulje-1g-patronu\/\" \/>\n<meta property=\"og:site_name\" content=\"Medicinas Inc\" \/>\n<meta property=\"article:modified_time\" content=\"2022-03-15T06:16:08+00:00\" \/>\n<meta property=\"og:image\" content=\"https:\/\/medicinasinc.com\/hr\/wp-content\/uploads\/sites\/3\/2022\/02\/Buy-Harlequin-CO2-Oil-1g-Cartridge-Online.jpg\" \/>\n\t<meta property=\"og:image:width\" content=\"600\" \/>\n\t<meta property=\"og:image:height\" content=\"600\" \/>\n\t<meta property=\"og:image:type\" content=\"image\/jpeg\" \/>\n<meta name=\"twitter:card\" content=\"summary_large_image\" \/>\n<meta name=\"twitter:label1\" content=\"Procijenjeno vrijeme \u010ditanja\" \/>\n\t<meta name=\"twitter:data1\" content=\"1 minuta\" \/>\n<script type=\"application\/ld+json\" class=\"yoast-schema-graph\">{\"@context\":\"https:\\\/\\\/schema.org\",\"@graph\":[{\"@type\":\"WebPage\",\"@id\":\"https:\\\/\\\/medicinasinc.com\\\/hr\\\/product\\\/kupi-harlekin-co2-ulje-1g-patronu\\\/\",\"url\":\"https:\\\/\\\/medicinasinc.com\\\/hr\\\/product\\\/kupi-harlekin-co2-ulje-1g-patronu\\\/\",\"name\":\"Kupite ulo\u017eak Harlequin CO2 Oil 1g online - najbolji svjetski lijekovi\",\"isPartOf\":{\"@id\":\"https:\\\/\\\/medicinasinc.com\\\/hr\\\/#website\"},\"primaryImageOfPage\":{\"@id\":\"https:\\\/\\\/medicinasinc.com\\\/hr\\\/product\\\/kupi-harlekin-co2-ulje-1g-patronu\\\/#primaryimage\"},\"image\":{\"@id\":\"https:\\\/\\\/medicinasinc.com\\\/hr\\\/product\\\/kupi-harlekin-co2-ulje-1g-patronu\\\/#primaryimage\"},\"thumbnailUrl\":\"https:\\\/\\\/medicinasinc.com\\\/hr\\\/wp-content\\\/uploads\\\/sites\\\/3\\\/2022\\\/02\\\/Buy-Harlequin-CO2-Oil-1g-Cartridge-Online.jpg\",\"datePublished\":\"2022-02-20T08:40:15+00:00\",\"dateModified\":\"2022-03-15T06:16:08+00:00\",\"description\":\"Kupite Harlequin Co2 patrone za prodaju, harlequin vape patrone, harlequin cbd vape ulo\u0161ke, ... Kupujte THC Vape Pen ulo\u0161ke ulo\u0161ke, THC patrone za prodaju online. Kupite ulo\u017eak Harlequin CO2 Oil 1g online. UK THC patrone za prodaju. Kupite CO2 Vape ulo\u0161ke za ulje.\",\"breadcrumb\":{\"@id\":\"https:\\\/\\\/medicinasinc.com\\\/hr\\\/product\\\/kupi-harlekin-co2-ulje-1g-patronu\\\/#breadcrumb\"},\"inLanguage\":\"hr\",\"potentialAction\":[{\"@type\":\"ReadAction\",\"target\":[\"https:\\\/\\\/medicinasinc.com\\\/hr\\\/product\\\/kupi-harlekin-co2-ulje-1g-patronu\\\/\"]}]},{\"@type\":\"ImageObject\",\"inLanguage\":\"hr\",\"@id\":\"https:\\\/\\\/medicinasinc.com\\\/hr\\\/product\\\/kupi-harlekin-co2-ulje-1g-patronu\\\/#primaryimage\",\"url\":\"https:\\\/\\\/medicinasinc.com\\\/hr\\\/wp-content\\\/uploads\\\/sites\\\/3\\\/2022\\\/02\\\/Buy-Harlequin-CO2-Oil-1g-Cartridge-Online.jpg\",\"contentUrl\":\"https:\\\/\\\/medicinasinc.com\\\/hr\\\/wp-content\\\/uploads\\\/sites\\\/3\\\/2022\\\/02\\\/Buy-Harlequin-CO2-Oil-1g-Cartridge-Online.jpg\",\"width\":600,\"height\":600},{\"@type\":\"BreadcrumbList\",\"@id\":\"https:\\\/\\\/medicinasinc.com\\\/hr\\\/product\\\/kupi-harlekin-co2-ulje-1g-patronu\\\/#breadcrumb\",\"itemListElement\":[{\"@type\":\"ListItem\",\"position\":1,\"name\":\"Du\u0107an\",\"item\":\"https:\\\/\\\/medicinasinc.com\\\/hr\\\/ducan\\\/\"},{\"@type\":\"ListItem\",\"position\":2,\"name\":\"Kupite ulo\u017eak Harlequin CO2 Oil 1g\"}]},{\"@type\":\"WebSite\",\"@id\":\"https:\\\/\\\/medicinasinc.com\\\/hr\\\/#website\",\"url\":\"https:\\\/\\\/medicinasinc.com\\\/hr\\\/\",\"name\":\"Medicinas Inc\",\"description\":\"Health Medical Clinic\",\"potentialAction\":[{\"@type\":\"SearchAction\",\"target\":{\"@type\":\"EntryPoint\",\"urlTemplate\":\"https:\\\/\\\/medicinasinc.com\\\/hr\\\/?s={search_term_string}\"},\"query-input\":{\"@type\":\"PropertyValueSpecification\",\"valueRequired\":true,\"valueName\":\"search_term_string\"}}],\"inLanguage\":\"hr\"}]}<\/script>\n<!-- \/ Yoast SEO plugin. -->","yoast_head_json":{"title":"Kupite ulo\u017eak Harlequin CO2 Oil 1g online - najbolji svjetski lijekovi","description":"Kupite Harlequin Co2 patrone za prodaju, harlequin vape patrone, harlequin cbd vape ulo\u0161ke, ... Kupujte THC Vape Pen ulo\u0161ke ulo\u0161ke, THC patrone za prodaju online. Kupite ulo\u017eak Harlequin CO2 Oil 1g online. UK THC patrone za prodaju. Kupite CO2 Vape ulo\u0161ke za ulje.","robots":{"index":"index","follow":"follow","max-snippet":"max-snippet:-1","max-image-preview":"max-image-preview:large","max-video-preview":"max-video-preview:-1"},"canonical":"https:\/\/medicinasinc.com\/hr\/product\/kupi-harlekin-co2-ulje-1g-patronu\/","og_locale":"hr_HR","og_type":"article","og_title":"Kupite ulo\u017eak Harlequin CO2 Oil 1g online - najbolji svjetski lijekovi","og_description":"Kupite Harlequin Co2 patrone za prodaju, harlequin vape patrone, harlequin cbd vape ulo\u0161ke, ... Kupujte THC Vape Pen ulo\u0161ke ulo\u0161ke, THC patrone za prodaju online. Kupite ulo\u017eak Harlequin CO2 Oil 1g online. UK THC patrone za prodaju. Kupite CO2 Vape ulo\u0161ke za ulje.","og_url":"https:\/\/medicinasinc.com\/hr\/product\/kupi-harlekin-co2-ulje-1g-patronu\/","og_site_name":"Medicinas Inc","article_modified_time":"2022-03-15T06:16:08+00:00","og_image":[{"width":600,"height":600,"url":"https:\/\/medicinasinc.com\/hr\/wp-content\/uploads\/sites\/3\/2022\/02\/Buy-Harlequin-CO2-Oil-1g-Cartridge-Online.jpg","type":"image\/jpeg"}],"twitter_card":"summary_large_image","twitter_misc":{"Procijenjeno vrijeme \u010ditanja":"1 minuta"},"schema":{"@context":"https:\/\/schema.org","@graph":[{"@type":"WebPage","@id":"https:\/\/medicinasinc.com\/hr\/product\/kupi-harlekin-co2-ulje-1g-patronu\/","url":"https:\/\/medicinasinc.com\/hr\/product\/kupi-harlekin-co2-ulje-1g-patronu\/","name":"Kupite ulo\u017eak Harlequin CO2 Oil 1g online - najbolji svjetski lijekovi","isPartOf":{"@id":"https:\/\/medicinasinc.com\/hr\/#website"},"primaryImageOfPage":{"@id":"https:\/\/medicinasinc.com\/hr\/product\/kupi-harlekin-co2-ulje-1g-patronu\/#primaryimage"},"image":{"@id":"https:\/\/medicinasinc.com\/hr\/product\/kupi-harlekin-co2-ulje-1g-patronu\/#primaryimage"},"thumbnailUrl":"https:\/\/medicinasinc.com\/hr\/wp-content\/uploads\/sites\/3\/2022\/02\/Buy-Harlequin-CO2-Oil-1g-Cartridge-Online.jpg","datePublished":"2022-02-20T08:40:15+00:00","dateModified":"2022-03-15T06:16:08+00:00","description":"Kupite Harlequin Co2 patrone za prodaju, harlequin vape patrone, harlequin cbd vape ulo\u0161ke, ... Kupujte THC Vape Pen ulo\u0161ke ulo\u0161ke, THC patrone za prodaju online. Kupite ulo\u017eak Harlequin CO2 Oil 1g online. UK THC patrone za prodaju. Kupite CO2 Vape ulo\u0161ke za ulje.","breadcrumb":{"@id":"https:\/\/medicinasinc.com\/hr\/product\/kupi-harlekin-co2-ulje-1g-patronu\/#breadcrumb"},"inLanguage":"hr","potentialAction":[{"@type":"ReadAction","target":["https:\/\/medicinasinc.com\/hr\/product\/kupi-harlekin-co2-ulje-1g-patronu\/"]}]},{"@type":"ImageObject","inLanguage":"hr","@id":"https:\/\/medicinasinc.com\/hr\/product\/kupi-harlekin-co2-ulje-1g-patronu\/#primaryimage","url":"https:\/\/medicinasinc.com\/hr\/wp-content\/uploads\/sites\/3\/2022\/02\/Buy-Harlequin-CO2-Oil-1g-Cartridge-Online.jpg","contentUrl":"https:\/\/medicinasinc.com\/hr\/wp-content\/uploads\/sites\/3\/2022\/02\/Buy-Harlequin-CO2-Oil-1g-Cartridge-Online.jpg","width":600,"height":600},{"@type":"BreadcrumbList","@id":"https:\/\/medicinasinc.com\/hr\/product\/kupi-harlekin-co2-ulje-1g-patronu\/#breadcrumb","itemListElement":[{"@type":"ListItem","position":1,"name":"Du\u0107an","item":"https:\/\/medicinasinc.com\/hr\/ducan\/"},{"@type":"ListItem","position":2,"name":"Kupite ulo\u017eak Harlequin CO2 Oil 1g"}]},{"@type":"WebSite","@id":"https:\/\/medicinasinc.com\/hr\/#website","url":"https:\/\/medicinasinc.com\/hr\/","name":"Medicinas Inc","description":"Health Medical Clinic","potentialAction":[{"@type":"SearchAction","target":{"@type":"EntryPoint","urlTemplate":"https:\/\/medicinasinc.com\/hr\/?s={search_term_string}"},"query-input":{"@type":"PropertyValueSpecification","valueRequired":true,"valueName":"search_term_string"}}],"inLanguage":"hr"}]}},"_links":{"self":[{"href":"https:\/\/medicinasinc.com\/hr\/wp-json\/wp\/v2\/product\/4374","targetHints":{"allow":["GET"]}}],"collection":[{"href":"https:\/\/medicinasinc.com\/hr\/wp-json\/wp\/v2\/product"}],"about":[{"href":"https:\/\/medicinasinc.com\/hr\/wp-json\/wp\/v2\/types\/product"}],"replies":[{"embeddable":true,"href":"https:\/\/medicinasinc.com\/hr\/wp-json\/wp\/v2\/comments?post=4374"}],"wp:featuredmedia":[{"embeddable":true,"href":"https:\/\/medicinasinc.com\/hr\/wp-json\/wp\/v2\/media\/4409"}],"wp:attachment":[{"href":"https:\/\/medicinasinc.com\/hr\/wp-json\/wp\/v2\/media?parent=4374"}],"wp:term":[{"taxonomy":"product_brand","embeddable":true,"href":"https:\/\/medicinasinc.com\/hr\/wp-json\/wp\/v2\/product_brand?post=4374"},{"taxonomy":"product_cat","embeddable":true,"href":"https:\/\/medicinasinc.com\/hr\/wp-json\/wp\/v2\/product_cat?post=4374"},{"taxonomy":"product_tag","embeddable":true,"href":"https:\/\/medicinasinc.com\/hr\/wp-json\/wp\/v2\/product_tag?post=4374"}],"curies":[{"name":"wp","href":"https:\/\/api.w.org\/{rel}","templated":true}]}}